{"id":20248,"date":"2019-12-06T14:24:38","date_gmt":"2019-12-06T13:24:38","guid":{"rendered":"https:\/\/premiumline-cabling.com\/product\/chat-6-u-utp-plat\/"},"modified":"2026-01-15T16:19:41","modified_gmt":"2026-01-15T15:19:41","slug":"chat-6-u-utp-plat","status":"publish","type":"product","link":"https:\/\/premiumline-cabling.com\/fr\/product\/chat-6-u-utp-plat\/","title":{"rendered":"Cat. 6 U\/UTP plat"},"content":{"rendered":"<p><noscript><img decoding=\"async\" class=\"size-full wp-image-795 alignright\" src=\"https:\/\/premiumline-cabling.com\/wp-content\/uploads\/2019\/02\/img_PL_patch-cord-6-186510055.jpg\" alt width=\"300\" height=\"229\"><\/noscript><img decoding=\"async\" class=\"size-full wp-image-795 alignright lazyload\" src=\"data:image\/svg+xml,%3Csvg%20xmlns%3D%22http%3A%2F%2Fwww.w3.org%2F2000%2Fsvg%22%20viewBox%3D%220%200%20300%20229%22%3E%3C%2Fsvg%3E\" alt width=\"300\" height=\"229\" data-src=\"https:\/\/premiumline-cabling.com\/wp-content\/uploads\/2019\/02\/img_PL_patch-cord-6-186510055.jpg\">Le cordon de brassage plat U\/UTP de cat\u00e9gorie 6 Premium-Line est id\u00e9al pour les installations r\u00e9seau sp\u00e9ciales o\u00f9 l\u2019espace est restreint. Il prend en charge l\u2019ensemble de la transmission de canal de cat\u00e9gorie 6 conform\u00e9ment aux sp\u00e9cifications de classe E ANSI\/TIA-568-C.2, ISO\/IEC 11801 et EN 50173-1. Le conducteur toronn\u00e9 de 32 AWG et la construction plate sont faciles \u00e0 plier ou \u00e0 changer. Normalement, le cordon de brassage sera dans le c\u00e2blage TIA 568B, TIA 568A ou une autre m\u00e9thode de c\u00e2blage sur demande.<\/p>\n<h4><strong>La construction<\/strong><\/h4>\n<table width=\"660\">\n<tbody>\n<tr>\n<td width=\"197\">Chef d&#8217;orchestre<\/td>\n<td width=\"182\">Mat\u00e9riau \/ taille<\/td>\n<td width=\"281\">Cuivre nu \/ 30 AWG<\/td>\n<\/tr>\n<tr>\n<td width=\"197\">Isolation<\/td>\n<td>Mat\u00e9riau<\/td>\n<td>PEHD<\/td>\n<\/tr>\n<tr>\n<td rowspan=\"2\" width=\"197\">Fourreau<\/td>\n<td width=\"182\">Mat\u00e9riau<\/td>\n<td>PVC\/LSOH<\/td>\n<\/tr>\n<tr>\n<td width=\"182\">Diam\u00e8tre<\/td>\n<td>2,0 \u00b1 0,2 mm \u00d7 6,2 \u00b1 0,3 mm<\/td>\n<\/tr>\n<\/tbody>\n<\/table>\n<h4><strong>Cordon de brassage plat U\/UTP de cat\u00e9gorie 6<\/strong><\/h4>\n<table width=\"100%\">\n<thead>\n<tr>\n<td><strong>LONGUEUR<\/strong><\/td>\n<td><strong>GRIS<\/strong><\/td>\n<td><strong>NOIR<\/strong><\/td>\n<td><strong>BLEU<\/strong><\/td>\n<td><strong>ROUGE<\/strong><\/td>\n<td><strong>JAUNE<\/strong><\/td>\n<\/tr>\n<\/thead>\n<tbody>\n<tr>\n<td>0,5m<\/td>\n<td>186510055<\/td>\n<td>186510052<\/td>\n<td>186510054<\/td>\n<td>186510053<\/td>\n<td>186510058<\/td>\n<\/tr>\n<tr>\n<td>1m<\/td>\n<td>186510105<\/td>\n<td>186510102<\/td>\n<td>186510104<\/td>\n<td>186510103<\/td>\n<td>186510108<\/td>\n<\/tr>\n<tr>\n<td>2m<\/td>\n<td>186510205<\/td>\n<td>186510202<\/td>\n<td>186510204<\/td>\n<td>186510203<\/td>\n<td>186510208<\/td>\n<\/tr>\n<tr>\n<td>3m<\/td>\n<td>186510305<\/td>\n<td>186510302<\/td>\n<td>186510304<\/td>\n<td>186510303<\/td>\n<td>186510308<\/td>\n<\/tr>\n<tr>\n<td>5m<\/td>\n<td>186510505<\/td>\n<td>186510502<\/td>\n<td>186510504<\/td>\n<td>186510503<\/td>\n<td>186510508<\/td>\n<\/tr>\n<tr>\n<td>7m<\/td>\n<td>186510705<\/td>\n<td>186510702<\/td>\n<td>186510704<\/td>\n<td>186510703<\/td>\n<td>186510708<\/td>\n<\/tr>\n<tr>\n<td>10m<\/td>\n<td>186511005<\/td>\n<td>186511002<\/td>\n<td>186511004<\/td>\n<td>186511003<\/td>\n<td>186511008<\/td>\n<\/tr>\n<\/tbody>\n<\/table>\n<p>Autres longueurs, couleurs ou c\u00e2bles sans halog\u00e8ne sur demande.<\/p>\n","protected":false},"featured_media":20258,"template":"","product_category":[418],"class_list":["post-20248","product","type-product","status-publish","has-post-thumbnail","hentry","product_category-cordon-de-brassage-cat-6-fr"],"yoast_head":"<!-- This site is optimized with the Yoast SEO plugin v27.2 - https:\/\/yoast.com\/product\/yoast-seo-wordpress\/ -->\n<title>Cordon de brassage Premium-Line Cat\u00e9gorie 6 U\/UTP Plat<\/title>\n<meta name=\"description\" content=\"Le cordon de brassage plat U\/UTP de cat\u00e9gorie 6 Premium-Line est la conception id\u00e9ale pour les installations r\u00e9seau sp\u00e9ciales o\u00f9 l\u2019espace est restreint.\" \/>\n<meta name=\"robots\" content=\"index, follow, max-snippet:-1, max-image-preview:large, max-video-preview:-1\" \/>\n<link rel=\"canonical\" href=\"https:\/\/premiumline-cabling.com\/fr\/product\/chat-6-u-utp-plat\/\" \/>\n<meta property=\"og:locale\" content=\"fr_FR\" \/>\n<meta property=\"og:type\" content=\"article\" \/>\n<meta property=\"og:title\" content=\"Cordon de brassage Premium-Line Cat\u00e9gorie 6 U\/UTP Plat\" \/>\n<meta property=\"og:description\" content=\"Le cordon de brassage plat U\/UTP de cat\u00e9gorie 6 Premium-Line est la conception id\u00e9ale pour les installations r\u00e9seau sp\u00e9ciales o\u00f9 l\u2019espace est restreint.\" \/>\n<meta property=\"og:url\" content=\"https:\/\/premiumline-cabling.com\/fr\/product\/chat-6-u-utp-plat\/\" \/>\n<meta property=\"og:site_name\" content=\"Premium-Line\" \/>\n<meta property=\"article:modified_time\" content=\"2026-01-15T15:19:41+00:00\" \/>\n<meta property=\"og:image\" content=\"https:\/\/premiumline-cabling.com\/wp-content\/uploads\/2019\/02\/img_PL_patch-cord-6-186510055.jpg\" \/>\n\t<meta property=\"og:image:width\" content=\"300\" \/>\n\t<meta property=\"og:image:height\" content=\"229\" \/>\n\t<meta property=\"og:image:type\" content=\"image\/jpeg\" \/>\n<meta name=\"twitter:card\" content=\"summary_large_image\" \/>\n<meta name=\"twitter:label1\" content=\"Dur\u00e9e de lecture estim\u00e9e\" \/>\n\t<meta name=\"twitter:data1\" content=\"2 minutes\" \/>\n<script type=\"application\/ld+json\" class=\"yoast-schema-graph\">{\"@context\":\"https:\/\/schema.org\",\"@graph\":[{\"@type\":\"WebPage\",\"@id\":\"https:\/\/premiumline-cabling.com\/fr\/product\/chat-6-u-utp-plat\/\",\"url\":\"https:\/\/premiumline-cabling.com\/fr\/product\/chat-6-u-utp-plat\/\",\"name\":\"Cordon de brassage Premium-Line Cat\u00e9gorie 6 U\/UTP Plat\",\"isPartOf\":{\"@id\":\"https:\/\/premiumline-cabling.com\/#website\"},\"primaryImageOfPage\":{\"@id\":\"https:\/\/premiumline-cabling.com\/fr\/product\/chat-6-u-utp-plat\/#primaryimage\"},\"image\":{\"@id\":\"https:\/\/premiumline-cabling.com\/fr\/product\/chat-6-u-utp-plat\/#primaryimage\"},\"thumbnailUrl\":\"https:\/\/premiumline-cabling.com\/wp-content\/uploads\/2019\/02\/img_PL_patch-cord-6-186510055.jpg\",\"datePublished\":\"2019-12-06T13:24:38+00:00\",\"dateModified\":\"2026-01-15T15:19:41+00:00\",\"description\":\"Le cordon de brassage plat U\/UTP de cat\u00e9gorie 6 Premium-Line est la conception id\u00e9ale pour les installations r\u00e9seau sp\u00e9ciales o\u00f9 l\u2019espace est restreint.\",\"breadcrumb\":{\"@id\":\"https:\/\/premiumline-cabling.com\/fr\/product\/chat-6-u-utp-plat\/#breadcrumb\"},\"inLanguage\":\"fr-FR\",\"potentialAction\":[{\"@type\":\"ReadAction\",\"target\":[\"https:\/\/premiumline-cabling.com\/fr\/product\/chat-6-u-utp-plat\/\"]}]},{\"@type\":\"ImageObject\",\"inLanguage\":\"fr-FR\",\"@id\":\"https:\/\/premiumline-cabling.com\/fr\/product\/chat-6-u-utp-plat\/#primaryimage\",\"url\":\"https:\/\/premiumline-cabling.com\/wp-content\/uploads\/2019\/02\/img_PL_patch-cord-6-186510055.jpg\",\"contentUrl\":\"https:\/\/premiumline-cabling.com\/wp-content\/uploads\/2019\/02\/img_PL_patch-cord-6-186510055.jpg\",\"width\":300,\"height\":229},{\"@type\":\"BreadcrumbList\",\"@id\":\"https:\/\/premiumline-cabling.com\/fr\/product\/chat-6-u-utp-plat\/#breadcrumb\",\"itemListElement\":[{\"@type\":\"ListItem\",\"position\":1,\"name\":\"\u0413\u043b\u0430\u0432\u043d\u0430\u044f \u0441\u0442\u0440\u0430\u043d\u0438\u0446\u0430\",\"item\":\"https:\/\/premiumline-cabling.com\/fr\/\"},{\"@type\":\"ListItem\",\"position\":2,\"name\":\"Cat. 6 U\/UTP plat\"}]},{\"@type\":\"WebSite\",\"@id\":\"https:\/\/premiumline-cabling.com\/#website\",\"url\":\"https:\/\/premiumline-cabling.com\/\",\"name\":\"Premium-Line\",\"description\":\"Structured Cabling System\",\"publisher\":{\"@id\":\"https:\/\/premiumline-cabling.com\/#organization\"},\"potentialAction\":[{\"@type\":\"SearchAction\",\"target\":{\"@type\":\"EntryPoint\",\"urlTemplate\":\"https:\/\/premiumline-cabling.com\/?s={search_term_string}\"},\"query-input\":{\"@type\":\"PropertyValueSpecification\",\"valueRequired\":true,\"valueName\":\"search_term_string\"}}],\"inLanguage\":\"fr-FR\"},{\"@type\":\"Organization\",\"@id\":\"https:\/\/premiumline-cabling.com\/#organization\",\"name\":\"Premium-Line\",\"url\":\"https:\/\/premiumline-cabling.com\/\",\"logo\":{\"@type\":\"ImageObject\",\"inLanguage\":\"fr-FR\",\"@id\":\"https:\/\/premiumline-cabling.com\/#\/schema\/logo\/image\/\",\"url\":\"https:\/\/premiumline-cabling.com\/wp-content\/uploads\/2019\/04\/cropped-img_logo_site_Premium-Line.png\",\"contentUrl\":\"https:\/\/premiumline-cabling.com\/wp-content\/uploads\/2019\/04\/cropped-img_logo_site_Premium-Line.png\",\"width\":190,\"height\":62,\"caption\":\"Premium-Line\"},\"image\":{\"@id\":\"https:\/\/premiumline-cabling.com\/#\/schema\/logo\/image\/\"}}]}<\/script>\n<!-- \/ Yoast SEO plugin. -->","yoast_head_json":{"title":"Cordon de brassage Premium-Line Cat\u00e9gorie 6 U\/UTP Plat","description":"Le cordon de brassage plat U\/UTP de cat\u00e9gorie 6 Premium-Line est la conception id\u00e9ale pour les installations r\u00e9seau sp\u00e9ciales o\u00f9 l\u2019espace est restreint.","robots":{"index":"index","follow":"follow","max-snippet":"max-snippet:-1","max-image-preview":"max-image-preview:large","max-video-preview":"max-video-preview:-1"},"canonical":"https:\/\/premiumline-cabling.com\/fr\/product\/chat-6-u-utp-plat\/","og_locale":"fr_FR","og_type":"article","og_title":"Cordon de brassage Premium-Line Cat\u00e9gorie 6 U\/UTP Plat","og_description":"Le cordon de brassage plat U\/UTP de cat\u00e9gorie 6 Premium-Line est la conception id\u00e9ale pour les installations r\u00e9seau sp\u00e9ciales o\u00f9 l\u2019espace est restreint.","og_url":"https:\/\/premiumline-cabling.com\/fr\/product\/chat-6-u-utp-plat\/","og_site_name":"Premium-Line","article_modified_time":"2026-01-15T15:19:41+00:00","og_image":[{"width":300,"height":229,"url":"https:\/\/premiumline-cabling.com\/wp-content\/uploads\/2019\/02\/img_PL_patch-cord-6-186510055.jpg","type":"image\/jpeg"}],"twitter_card":"summary_large_image","twitter_misc":{"Dur\u00e9e de lecture estim\u00e9e":"2 minutes"},"schema":{"@context":"https:\/\/schema.org","@graph":[{"@type":"WebPage","@id":"https:\/\/premiumline-cabling.com\/fr\/product\/chat-6-u-utp-plat\/","url":"https:\/\/premiumline-cabling.com\/fr\/product\/chat-6-u-utp-plat\/","name":"Cordon de brassage Premium-Line Cat\u00e9gorie 6 U\/UTP Plat","isPartOf":{"@id":"https:\/\/premiumline-cabling.com\/#website"},"primaryImageOfPage":{"@id":"https:\/\/premiumline-cabling.com\/fr\/product\/chat-6-u-utp-plat\/#primaryimage"},"image":{"@id":"https:\/\/premiumline-cabling.com\/fr\/product\/chat-6-u-utp-plat\/#primaryimage"},"thumbnailUrl":"https:\/\/premiumline-cabling.com\/wp-content\/uploads\/2019\/02\/img_PL_patch-cord-6-186510055.jpg","datePublished":"2019-12-06T13:24:38+00:00","dateModified":"2026-01-15T15:19:41+00:00","description":"Le cordon de brassage plat U\/UTP de cat\u00e9gorie 6 Premium-Line est la conception id\u00e9ale pour les installations r\u00e9seau sp\u00e9ciales o\u00f9 l\u2019espace est restreint.","breadcrumb":{"@id":"https:\/\/premiumline-cabling.com\/fr\/product\/chat-6-u-utp-plat\/#breadcrumb"},"inLanguage":"fr-FR","potentialAction":[{"@type":"ReadAction","target":["https:\/\/premiumline-cabling.com\/fr\/product\/chat-6-u-utp-plat\/"]}]},{"@type":"ImageObject","inLanguage":"fr-FR","@id":"https:\/\/premiumline-cabling.com\/fr\/product\/chat-6-u-utp-plat\/#primaryimage","url":"https:\/\/premiumline-cabling.com\/wp-content\/uploads\/2019\/02\/img_PL_patch-cord-6-186510055.jpg","contentUrl":"https:\/\/premiumline-cabling.com\/wp-content\/uploads\/2019\/02\/img_PL_patch-cord-6-186510055.jpg","width":300,"height":229},{"@type":"BreadcrumbList","@id":"https:\/\/premiumline-cabling.com\/fr\/product\/chat-6-u-utp-plat\/#breadcrumb","itemListElement":[{"@type":"ListItem","position":1,"name":"\u0413\u043b\u0430\u0432\u043d\u0430\u044f \u0441\u0442\u0440\u0430\u043d\u0438\u0446\u0430","item":"https:\/\/premiumline-cabling.com\/fr\/"},{"@type":"ListItem","position":2,"name":"Cat. 6 U\/UTP plat"}]},{"@type":"WebSite","@id":"https:\/\/premiumline-cabling.com\/#website","url":"https:\/\/premiumline-cabling.com\/","name":"Premium-Line","description":"Structured Cabling System","publisher":{"@id":"https:\/\/premiumline-cabling.com\/#organization"},"potentialAction":[{"@type":"SearchAction","target":{"@type":"EntryPoint","urlTemplate":"https:\/\/premiumline-cabling.com\/?s={search_term_string}"},"query-input":{"@type":"PropertyValueSpecification","valueRequired":true,"valueName":"search_term_string"}}],"inLanguage":"fr-FR"},{"@type":"Organization","@id":"https:\/\/premiumline-cabling.com\/#organization","name":"Premium-Line","url":"https:\/\/premiumline-cabling.com\/","logo":{"@type":"ImageObject","inLanguage":"fr-FR","@id":"https:\/\/premiumline-cabling.com\/#\/schema\/logo\/image\/","url":"https:\/\/premiumline-cabling.com\/wp-content\/uploads\/2019\/04\/cropped-img_logo_site_Premium-Line.png","contentUrl":"https:\/\/premiumline-cabling.com\/wp-content\/uploads\/2019\/04\/cropped-img_logo_site_Premium-Line.png","width":190,"height":62,"caption":"Premium-Line"},"image":{"@id":"https:\/\/premiumline-cabling.com\/#\/schema\/logo\/image\/"}}]}},"_links":{"self":[{"href":"https:\/\/premiumline-cabling.com\/fr\/wp-json\/wp\/v2\/product\/20248","targetHints":{"allow":["GET"]}}],"collection":[{"href":"https:\/\/premiumline-cabling.com\/fr\/wp-json\/wp\/v2\/product"}],"about":[{"href":"https:\/\/premiumline-cabling.com\/fr\/wp-json\/wp\/v2\/types\/product"}],"wp:featuredmedia":[{"embeddable":true,"href":"https:\/\/premiumline-cabling.com\/fr\/wp-json\/wp\/v2\/media\/20258"}],"wp:attachment":[{"href":"https:\/\/premiumline-cabling.com\/fr\/wp-json\/wp\/v2\/media?parent=20248"}],"wp:term":[{"taxonomy":"product_category","embeddable":true,"href":"https:\/\/premiumline-cabling.com\/fr\/wp-json\/wp\/v2\/product_category?post=20248"}],"curies":[{"name":"wp","href":"https:\/\/api.w.org\/{rel}","templated":true}]}}