{"id":20246,"date":"2019-12-06T18:00:28","date_gmt":"2019-12-06T17:00:28","guid":{"rendered":"https:\/\/premiumline-cabling.com\/product\/chat-6-cable-cp-s-ftp\/"},"modified":"2026-01-15T16:19:58","modified_gmt":"2026-01-15T15:19:58","slug":"chat-6-cable-cp-s-ftp","status":"publish","type":"product","link":"https:\/\/premiumline-cabling.com\/fr\/product\/chat-6-cable-cp-s-ftp\/","title":{"rendered":"Cat. 6 C\u00e2ble CP S\/FTP"},"content":{"rendered":"<h2>Cat.6 C\u00e2ble de point de consolidation S\/FTP<\/h2>\n<h3><noscript><img decoding=\"async\" class=\"alignright wp-image-3931 size-medium\" src=\"https:\/\/premiumline-cabling.com\/wp-content\/uploads\/2019\/12\/CP-cable_Cat6_sftp_f-300x139.jpg\" alt width=\"300\" height=\"139\" srcset=\"https:\/\/premiumline-cabling.com\/wp-content\/uploads\/2019\/12\/CP-cable_Cat6_sftp_f-300x139.jpg 300w, https:\/\/premiumline-cabling.com\/wp-content\/uploads\/2019\/12\/CP-cable_Cat6_sftp_f.jpg 606w\" sizes=\"(max-width: 300px) 100vw, 300px\"><\/noscript><img decoding=\"async\" class=\"alignright wp-image-3931 size-medium lazyload\" src=\"data:image\/svg+xml,%3Csvg%20xmlns%3D%22http%3A%2F%2Fwww.w3.org%2F2000%2Fsvg%22%20viewBox%3D%220%200%20300%20139%22%3E%3C%2Fsvg%3E\" alt width=\"300\" height=\"139\" srcset=\"data:image\/svg+xml,%3Csvg%20xmlns%3D%22http%3A%2F%2Fwww.w3.org%2F2000%2Fsvg%22%20viewBox%3D%220%200%20300%20139%22%3E%3C%2Fsvg%3E 300w\" sizes=\"(max-width: 300px) 100vw, 300px\" data-srcset=\"https:\/\/premiumline-cabling.com\/wp-content\/uploads\/2019\/12\/CP-cable_Cat6_sftp_f-300x139.jpg 300w, https:\/\/premiumline-cabling.com\/wp-content\/uploads\/2019\/12\/CP-cable_Cat6_sftp_f.jpg 606w\" data-src=\"https:\/\/premiumline-cabling.com\/wp-content\/uploads\/2019\/12\/CP-cable_Cat6_sftp_f-300x139.jpg\">CARACT\u00c9RISTIQUES:<\/h3>\n<p>Cat.6 Le c\u00e2ble du point de consolidation S\/FTP utilise<\/p>\n<ul>\n<li>C\u00e2ble de raccordement S\/FTP flexible 250 MHz<\/li>\n<li>Fiche blind\u00e9e RJ45 vers prise trap\u00e9zo\u00efdale blind\u00e9e<\/li>\n<li>Prise trap\u00e9zo\u00efdale blind\u00e9e sans effet 180D (106524010)<\/li>\n<li>Termin\u00e9 en usine et test\u00e9<\/li>\n<li>Longueur personnalis\u00e9e (\u22675m)<\/li>\n<li>Service d\u2019essai et r\u00e9sultats joints sur demande<\/li>\n<\/ul>\n<p>Conforme \u00e0 la norme<\/p>\n<ul>\n<li>ISO\/IEC 11801-1 Classe E:2017<\/li>\n<li>EN 50173-:2018<\/li>\n<li>ANSI\/TIA 568.2-D:2018<\/li>\n<\/ul>\n<p>Conforme \u00e0 la norme de s\u00e9curit\u00e9 incendie<\/p>\n<ul>\n<li>IEC 60332-1-2:2004<\/li>\n<li>IEC 60754-2:2011 (\u00c9dition 2.0)<\/li>\n<\/ul>\n<p>Conforme \u00e0 la directive RoHS (directive europ\u00e9enne 2011\/65\/CE)<\/p>\n<h3>CONFIGURATION:<\/h3>\n<h4>C\u00e2ble de raccordement:<\/h4>\n<table width=\"607\">\n<tbody>\n<tr>\n<td width=\"94\"><strong>Chef d&#8217;orchestre<\/strong><\/td>\n<td width=\"123\"><strong>Mat\u00e9riau \/ taille<\/strong><\/td>\n<td width=\"391\"><strong>Cuivre nu \/ 26 AWG<\/strong><\/td>\n<\/tr>\n<tr>\n<td rowspan=\"3\" width=\"94\">Isolation<\/td>\n<td width=\"123\">Mat\u00e9riau<\/td>\n<td width=\"391\">Peau de mousse PE<\/td>\n<\/tr>\n<tr>\n<td width=\"123\">\u00c9paisseur<\/td>\n<td width=\"391\">Moyenne: 0,3 mm Min. en tout point: 0,27 mm<\/td>\n<\/tr>\n<tr>\n<td width=\"123\">Diam\u00e8tre<\/td>\n<td width=\"391\">1,07 \u00b1 0,03 millim\u00e8tre<\/td>\n<\/tr>\n<tr>\n<td width=\"94\">Bouclier int\u00e9rieur<\/td>\n<td width=\"123\">Aluminium-Mylar<\/td>\n<td width=\"391\">une feuille d&#8217;aluminium autour de chaque paire<\/td>\n<\/tr>\n<tr>\n<td width=\"94\">Tresse<\/td>\n<td width=\"123\">Mat\u00e9riau<\/td>\n<td width=\"391\">Cuivre \u00e9tam\u00e9<\/td>\n<\/tr>\n<tr>\n<td rowspan=\"3\" width=\"94\">Fourreau<\/td>\n<td width=\"123\">Mat\u00e9riau<\/td>\n<td width=\"391\">PVC \/ LSOH<\/td>\n<\/tr>\n<tr>\n<td width=\"123\">\u00c9paisseur<\/td>\n<td width=\"391\">Moyenne: 0,50 mm\n<p>Min. en tout point: 0,40 mm<\/p><\/td>\n<\/tr>\n<tr>\n<td width=\"123\">Diam\u00e8tre<\/td>\n<td width=\"391\">5,7 \u00b1 0,3 mm<\/td>\n<\/tr>\n<tr>\n<td colspan=\"2\" width=\"216\">Temp\u00e9rature de fonctionnement<\/td>\n<td width=\"391\">-20\u00b0C~+60\u00b0C<\/td>\n<\/tr>\n<tr>\n<td colspan=\"2\" width=\"216\">Temp\u00e9rature d&#8217;installation<\/td>\n<td width=\"391\">0\u00b0C~+50\u00b0C<\/td>\n<\/tr>\n<tr>\n<td colspan=\"2\" width=\"216\">Temp\u00e9rature de stockage<\/td>\n<td width=\"391\">-30\u00b0C~+60\u00b0C<\/td>\n<\/tr>\n<\/tbody>\n<\/table>\n<h4>Prise trap\u00e9zo\u00efdale:<\/h4>\n<p><a href=\"https:\/\/premiumline-cabling.com\/fr\/product\/chat-6-180-blinde-kj\/\">Cat\u00e9gorie 6 180\u00b0 blind\u00e9 moul\u00e9 sous pression Keystone Jack<\/a><\/p>\n<h3>DEMANDE D&#8217;EMPLOI:<\/h3>\n<ul>\n<li>Ethernet Gigabit 1000 BASE-TX<\/li>\n<li>Applications Gigabit Ethernet 1000 BASE-T et inf\u00e9rieures<\/li>\n<\/ul>\n<h3>LES INFORMATIONS RELATIVES \u00c0 LA COMMANDE:<\/h3>\n<p>Num\u00e9ro d \u0301article 7164xyyy520<br>\nDescriptif Cat.6 C\u00e2ble de point de consolidation S\/FTP, gris<br>\nx, gaine 1: PVC 2: LSOH<br>\nyyy, longueur 050: 5 m 075: 7,5 m 100: 10 m 150: 15 m<\/p>\n","protected":false},"featured_media":20257,"template":"","product_category":[418],"class_list":["post-20246","product","type-product","status-publish","has-post-thumbnail","hentry","product_category-cordon-de-brassage-cat-6-fr"],"yoast_head":"<!-- This site is optimized with the Yoast SEO plugin v27.2 - https:\/\/yoast.com\/product\/yoast-seo-wordpress\/ -->\n<title>C\u00e2ble de raccordement Premium-Line C\u00e2ble point de consolidation S\/FTP de cat\u00e9gorie 6<\/title>\n<meta name=\"description\" content=\"Le c\u00e2ble de point de consolidation S\/FTP de cat\u00e9gorie 6 Premium-Line est un produit v\u00e9rifi\u00e9 en usine, d\u00e9di\u00e9 \u00e0 une utilisation dans les centres de donn\u00e9es et les projets haut de gamme. En savoir plus !\" \/>\n<meta name=\"robots\" content=\"index, follow, max-snippet:-1, max-image-preview:large, max-video-preview:-1\" \/>\n<link rel=\"canonical\" href=\"https:\/\/premiumline-cabling.com\/fr\/product\/chat-6-cable-cp-s-ftp\/\" \/>\n<meta property=\"og:locale\" content=\"fr_FR\" \/>\n<meta property=\"og:type\" content=\"article\" \/>\n<meta property=\"og:title\" content=\"C\u00e2ble de raccordement Premium-Line C\u00e2ble point de consolidation S\/FTP de cat\u00e9gorie 6\" \/>\n<meta property=\"og:description\" content=\"Le c\u00e2ble de point de consolidation S\/FTP de cat\u00e9gorie 6 Premium-Line est un produit v\u00e9rifi\u00e9 en usine, d\u00e9di\u00e9 \u00e0 une utilisation dans les centres de donn\u00e9es et les projets haut de gamme. En savoir plus !\" \/>\n<meta property=\"og:url\" content=\"https:\/\/premiumline-cabling.com\/fr\/product\/chat-6-cable-cp-s-ftp\/\" \/>\n<meta property=\"og:site_name\" content=\"Premium-Line\" \/>\n<meta property=\"article:modified_time\" content=\"2026-01-15T15:19:58+00:00\" \/>\n<meta property=\"og:image\" content=\"https:\/\/premiumline-cabling.com\/wp-content\/uploads\/2019\/12\/CP-cable_Cat6_sftp.jpg\" \/>\n\t<meta property=\"og:image:width\" content=\"606\" \/>\n\t<meta property=\"og:image:height\" content=\"596\" \/>\n\t<meta property=\"og:image:type\" content=\"image\/jpeg\" \/>\n<meta name=\"twitter:card\" content=\"summary_large_image\" \/>\n<meta name=\"twitter:label1\" content=\"Dur\u00e9e de lecture estim\u00e9e\" \/>\n\t<meta name=\"twitter:data1\" content=\"2 minutes\" \/>\n<script type=\"application\/ld+json\" class=\"yoast-schema-graph\">{\"@context\":\"https:\/\/schema.org\",\"@graph\":[{\"@type\":\"WebPage\",\"@id\":\"https:\/\/premiumline-cabling.com\/fr\/product\/chat-6-cable-cp-s-ftp\/\",\"url\":\"https:\/\/premiumline-cabling.com\/fr\/product\/chat-6-cable-cp-s-ftp\/\",\"name\":\"C\u00e2ble de raccordement Premium-Line C\u00e2ble point de consolidation S\/FTP de cat\u00e9gorie 6\",\"isPartOf\":{\"@id\":\"https:\/\/premiumline-cabling.com\/#website\"},\"primaryImageOfPage\":{\"@id\":\"https:\/\/premiumline-cabling.com\/fr\/product\/chat-6-cable-cp-s-ftp\/#primaryimage\"},\"image\":{\"@id\":\"https:\/\/premiumline-cabling.com\/fr\/product\/chat-6-cable-cp-s-ftp\/#primaryimage\"},\"thumbnailUrl\":\"https:\/\/premiumline-cabling.com\/wp-content\/uploads\/2019\/12\/CP-cable_Cat6_sftp.jpg\",\"datePublished\":\"2019-12-06T17:00:28+00:00\",\"dateModified\":\"2026-01-15T15:19:58+00:00\",\"description\":\"Le c\u00e2ble de point de consolidation S\/FTP de cat\u00e9gorie 6 Premium-Line est un produit v\u00e9rifi\u00e9 en usine, d\u00e9di\u00e9 \u00e0 une utilisation dans les centres de donn\u00e9es et les projets haut de gamme. En savoir plus !\",\"breadcrumb\":{\"@id\":\"https:\/\/premiumline-cabling.com\/fr\/product\/chat-6-cable-cp-s-ftp\/#breadcrumb\"},\"inLanguage\":\"fr-FR\",\"potentialAction\":[{\"@type\":\"ReadAction\",\"target\":[\"https:\/\/premiumline-cabling.com\/fr\/product\/chat-6-cable-cp-s-ftp\/\"]}]},{\"@type\":\"ImageObject\",\"inLanguage\":\"fr-FR\",\"@id\":\"https:\/\/premiumline-cabling.com\/fr\/product\/chat-6-cable-cp-s-ftp\/#primaryimage\",\"url\":\"https:\/\/premiumline-cabling.com\/wp-content\/uploads\/2019\/12\/CP-cable_Cat6_sftp.jpg\",\"contentUrl\":\"https:\/\/premiumline-cabling.com\/wp-content\/uploads\/2019\/12\/CP-cable_Cat6_sftp.jpg\",\"width\":606,\"height\":596},{\"@type\":\"BreadcrumbList\",\"@id\":\"https:\/\/premiumline-cabling.com\/fr\/product\/chat-6-cable-cp-s-ftp\/#breadcrumb\",\"itemListElement\":[{\"@type\":\"ListItem\",\"position\":1,\"name\":\"\u0413\u043b\u0430\u0432\u043d\u0430\u044f \u0441\u0442\u0440\u0430\u043d\u0438\u0446\u0430\",\"item\":\"https:\/\/premiumline-cabling.com\/fr\/\"},{\"@type\":\"ListItem\",\"position\":2,\"name\":\"Cat. 6 C\u00e2ble CP S\/FTP\"}]},{\"@type\":\"WebSite\",\"@id\":\"https:\/\/premiumline-cabling.com\/#website\",\"url\":\"https:\/\/premiumline-cabling.com\/\",\"name\":\"Premium-Line\",\"description\":\"Structured Cabling System\",\"publisher\":{\"@id\":\"https:\/\/premiumline-cabling.com\/#organization\"},\"potentialAction\":[{\"@type\":\"SearchAction\",\"target\":{\"@type\":\"EntryPoint\",\"urlTemplate\":\"https:\/\/premiumline-cabling.com\/?s={search_term_string}\"},\"query-input\":{\"@type\":\"PropertyValueSpecification\",\"valueRequired\":true,\"valueName\":\"search_term_string\"}}],\"inLanguage\":\"fr-FR\"},{\"@type\":\"Organization\",\"@id\":\"https:\/\/premiumline-cabling.com\/#organization\",\"name\":\"Premium-Line\",\"url\":\"https:\/\/premiumline-cabling.com\/\",\"logo\":{\"@type\":\"ImageObject\",\"inLanguage\":\"fr-FR\",\"@id\":\"https:\/\/premiumline-cabling.com\/#\/schema\/logo\/image\/\",\"url\":\"https:\/\/premiumline-cabling.com\/wp-content\/uploads\/2019\/04\/cropped-img_logo_site_Premium-Line.png\",\"contentUrl\":\"https:\/\/premiumline-cabling.com\/wp-content\/uploads\/2019\/04\/cropped-img_logo_site_Premium-Line.png\",\"width\":190,\"height\":62,\"caption\":\"Premium-Line\"},\"image\":{\"@id\":\"https:\/\/premiumline-cabling.com\/#\/schema\/logo\/image\/\"}}]}<\/script>\n<!-- \/ Yoast SEO plugin. -->","yoast_head_json":{"title":"C\u00e2ble de raccordement Premium-Line C\u00e2ble point de consolidation S\/FTP de cat\u00e9gorie 6","description":"Le c\u00e2ble de point de consolidation S\/FTP de cat\u00e9gorie 6 Premium-Line est un produit v\u00e9rifi\u00e9 en usine, d\u00e9di\u00e9 \u00e0 une utilisation dans les centres de donn\u00e9es et les projets haut de gamme. En savoir plus !","robots":{"index":"index","follow":"follow","max-snippet":"max-snippet:-1","max-image-preview":"max-image-preview:large","max-video-preview":"max-video-preview:-1"},"canonical":"https:\/\/premiumline-cabling.com\/fr\/product\/chat-6-cable-cp-s-ftp\/","og_locale":"fr_FR","og_type":"article","og_title":"C\u00e2ble de raccordement Premium-Line C\u00e2ble point de consolidation S\/FTP de cat\u00e9gorie 6","og_description":"Le c\u00e2ble de point de consolidation S\/FTP de cat\u00e9gorie 6 Premium-Line est un produit v\u00e9rifi\u00e9 en usine, d\u00e9di\u00e9 \u00e0 une utilisation dans les centres de donn\u00e9es et les projets haut de gamme. En savoir plus !","og_url":"https:\/\/premiumline-cabling.com\/fr\/product\/chat-6-cable-cp-s-ftp\/","og_site_name":"Premium-Line","article_modified_time":"2026-01-15T15:19:58+00:00","og_image":[{"width":606,"height":596,"url":"https:\/\/premiumline-cabling.com\/wp-content\/uploads\/2019\/12\/CP-cable_Cat6_sftp.jpg","type":"image\/jpeg"}],"twitter_card":"summary_large_image","twitter_misc":{"Dur\u00e9e de lecture estim\u00e9e":"2 minutes"},"schema":{"@context":"https:\/\/schema.org","@graph":[{"@type":"WebPage","@id":"https:\/\/premiumline-cabling.com\/fr\/product\/chat-6-cable-cp-s-ftp\/","url":"https:\/\/premiumline-cabling.com\/fr\/product\/chat-6-cable-cp-s-ftp\/","name":"C\u00e2ble de raccordement Premium-Line C\u00e2ble point de consolidation S\/FTP de cat\u00e9gorie 6","isPartOf":{"@id":"https:\/\/premiumline-cabling.com\/#website"},"primaryImageOfPage":{"@id":"https:\/\/premiumline-cabling.com\/fr\/product\/chat-6-cable-cp-s-ftp\/#primaryimage"},"image":{"@id":"https:\/\/premiumline-cabling.com\/fr\/product\/chat-6-cable-cp-s-ftp\/#primaryimage"},"thumbnailUrl":"https:\/\/premiumline-cabling.com\/wp-content\/uploads\/2019\/12\/CP-cable_Cat6_sftp.jpg","datePublished":"2019-12-06T17:00:28+00:00","dateModified":"2026-01-15T15:19:58+00:00","description":"Le c\u00e2ble de point de consolidation S\/FTP de cat\u00e9gorie 6 Premium-Line est un produit v\u00e9rifi\u00e9 en usine, d\u00e9di\u00e9 \u00e0 une utilisation dans les centres de donn\u00e9es et les projets haut de gamme. En savoir plus !","breadcrumb":{"@id":"https:\/\/premiumline-cabling.com\/fr\/product\/chat-6-cable-cp-s-ftp\/#breadcrumb"},"inLanguage":"fr-FR","potentialAction":[{"@type":"ReadAction","target":["https:\/\/premiumline-cabling.com\/fr\/product\/chat-6-cable-cp-s-ftp\/"]}]},{"@type":"ImageObject","inLanguage":"fr-FR","@id":"https:\/\/premiumline-cabling.com\/fr\/product\/chat-6-cable-cp-s-ftp\/#primaryimage","url":"https:\/\/premiumline-cabling.com\/wp-content\/uploads\/2019\/12\/CP-cable_Cat6_sftp.jpg","contentUrl":"https:\/\/premiumline-cabling.com\/wp-content\/uploads\/2019\/12\/CP-cable_Cat6_sftp.jpg","width":606,"height":596},{"@type":"BreadcrumbList","@id":"https:\/\/premiumline-cabling.com\/fr\/product\/chat-6-cable-cp-s-ftp\/#breadcrumb","itemListElement":[{"@type":"ListItem","position":1,"name":"\u0413\u043b\u0430\u0432\u043d\u0430\u044f \u0441\u0442\u0440\u0430\u043d\u0438\u0446\u0430","item":"https:\/\/premiumline-cabling.com\/fr\/"},{"@type":"ListItem","position":2,"name":"Cat. 6 C\u00e2ble CP S\/FTP"}]},{"@type":"WebSite","@id":"https:\/\/premiumline-cabling.com\/#website","url":"https:\/\/premiumline-cabling.com\/","name":"Premium-Line","description":"Structured Cabling System","publisher":{"@id":"https:\/\/premiumline-cabling.com\/#organization"},"potentialAction":[{"@type":"SearchAction","target":{"@type":"EntryPoint","urlTemplate":"https:\/\/premiumline-cabling.com\/?s={search_term_string}"},"query-input":{"@type":"PropertyValueSpecification","valueRequired":true,"valueName":"search_term_string"}}],"inLanguage":"fr-FR"},{"@type":"Organization","@id":"https:\/\/premiumline-cabling.com\/#organization","name":"Premium-Line","url":"https:\/\/premiumline-cabling.com\/","logo":{"@type":"ImageObject","inLanguage":"fr-FR","@id":"https:\/\/premiumline-cabling.com\/#\/schema\/logo\/image\/","url":"https:\/\/premiumline-cabling.com\/wp-content\/uploads\/2019\/04\/cropped-img_logo_site_Premium-Line.png","contentUrl":"https:\/\/premiumline-cabling.com\/wp-content\/uploads\/2019\/04\/cropped-img_logo_site_Premium-Line.png","width":190,"height":62,"caption":"Premium-Line"},"image":{"@id":"https:\/\/premiumline-cabling.com\/#\/schema\/logo\/image\/"}}]}},"_links":{"self":[{"href":"https:\/\/premiumline-cabling.com\/fr\/wp-json\/wp\/v2\/product\/20246","targetHints":{"allow":["GET"]}}],"collection":[{"href":"https:\/\/premiumline-cabling.com\/fr\/wp-json\/wp\/v2\/product"}],"about":[{"href":"https:\/\/premiumline-cabling.com\/fr\/wp-json\/wp\/v2\/types\/product"}],"wp:featuredmedia":[{"embeddable":true,"href":"https:\/\/premiumline-cabling.com\/fr\/wp-json\/wp\/v2\/media\/20257"}],"wp:attachment":[{"href":"https:\/\/premiumline-cabling.com\/fr\/wp-json\/wp\/v2\/media?parent=20246"}],"wp:term":[{"taxonomy":"product_category","embeddable":true,"href":"https:\/\/premiumline-cabling.com\/fr\/wp-json\/wp\/v2\/product_category?post=20246"}],"curies":[{"name":"wp","href":"https:\/\/api.w.org\/{rel}","templated":true}]}}