{"id":20245,"date":"2019-02-10T11:48:43","date_gmt":"2019-02-10T10:48:43","guid":{"rendered":"https:\/\/premiumline-cabling.com\/product\/chat-6-s-ftp\/"},"modified":"2026-01-15T16:18:55","modified_gmt":"2026-01-15T15:18:55","slug":"chat-6-s-ftp","status":"publish","type":"product","link":"https:\/\/premiumline-cabling.com\/fr\/product\/chat-6-s-ftp\/","title":{"rendered":"Cat. 6 S\/FTP"},"content":{"rendered":"<p><strong><em><noscript><img decoding=\"async\" class=\"size-full wp-image-791 alignright\" src=\"https:\/\/premiumline-cabling.com\/wp-content\/uploads\/2019\/02\/img_PL_patch-cord-6-186410055_8e173467c9.jpg\" alt width=\"260\" height=\"156\"><\/noscript><img decoding=\"async\" class=\"size-full wp-image-791 alignright lazyload\" src=\"data:image\/svg+xml,%3Csvg%20xmlns%3D%22http%3A%2F%2Fwww.w3.org%2F2000%2Fsvg%22%20viewBox%3D%220%200%20260%20156%22%3E%3C%2Fsvg%3E\" alt width=\"260\" height=\"156\" data-src=\"https:\/\/premiumline-cabling.com\/wp-content\/uploads\/2019\/02\/img_PL_patch-cord-6-186410055_8e173467c9.jpg\"><\/em><\/strong><\/p>\n<h3 id=\"ui-id-1\" class=\"t3ddy-accordion-header ui-accordion-header ui-state-default ui-accordion-icons ui-state-hover ui-state-focus ui-corner-all\" tabindex=\"0\" role=\"tab\" aria-controls=\"c1376\" aria-selected=\"false\" aria-expanded=\"false\">Cordon de brassage S\/FTP<\/h3>\n<p>Le cordon de brassage syst\u00e8me S\/FTP de cat\u00e9gorie 6 Premium-Line est un produit v\u00e9rifi\u00e9 en usine, d\u00e9di\u00e9 \u00e0 une utilisation en centre de donn\u00e9es et en projet haut de gamme. Pour r\u00e9aliser la haute performance, le c\u00e2ble est livr\u00e9 avec deux couches de blindage. Chaque paire est envelopp\u00e9e d\u2019un film individuel en aluminium-Mylar, afin d\u2019\u00e9liminer les interf\u00e9rences entre la paire et la paire d\u2019extr\u00e9mit\u00e9s proches. Encore une fois, une tresse recouverte d\u2019aluminium pos\u00e9e sur la structure interne offre une protection contre les interf\u00e9rences EMI ext\u00e9rieures.<\/p>\n<p><strong><em> <noscript><img decoding=\"async\" class=\"alignnone size-full wp-image-790\" src=\"https:\/\/premiumline-cabling.com\/wp-content\/uploads\/2019\/02\/img_PL_patch-cord-6.jpg\" alt width=\"317\" height=\"205\" srcset=\"https:\/\/premiumline-cabling.com\/wp-content\/uploads\/2019\/02\/img_PL_patch-cord-6.jpg 317w, https:\/\/premiumline-cabling.com\/wp-content\/uploads\/2019\/02\/img_PL_patch-cord-6-300x194.jpg 300w\" sizes=\"(max-width: 317px) 100vw, 317px\"><\/noscript><img decoding=\"async\" class=\"alignnone size-full wp-image-790 lazyload\" src=\"data:image\/svg+xml,%3Csvg%20xmlns%3D%22http%3A%2F%2Fwww.w3.org%2F2000%2Fsvg%22%20viewBox%3D%220%200%20317%20205%22%3E%3C%2Fsvg%3E\" alt width=\"317\" height=\"205\" srcset=\"data:image\/svg+xml,%3Csvg%20xmlns%3D%22http%3A%2F%2Fwww.w3.org%2F2000%2Fsvg%22%20viewBox%3D%220%200%20317%20205%22%3E%3C%2Fsvg%3E 317w\" sizes=\"(max-width: 317px) 100vw, 317px\" data-srcset=\"https:\/\/premiumline-cabling.com\/wp-content\/uploads\/2019\/02\/img_PL_patch-cord-6.jpg 317w, https:\/\/premiumline-cabling.com\/wp-content\/uploads\/2019\/02\/img_PL_patch-cord-6-300x194.jpg 300w\" data-src=\"https:\/\/premiumline-cabling.com\/wp-content\/uploads\/2019\/02\/img_PL_patch-cord-6.jpg\"> <\/em><\/strong><\/p>\n<table style=\"height: 168px;\" width=\"661\">\n<tbody>\n<tr style=\"height: 24px;\">\n<td style=\"height: 24px;\" width=\"197\"><strong>Chef d&#8217;orchestre<\/strong><\/td>\n<td style=\"height: 24px;\" width=\"183\"><strong>Mat\u00e9riau \/ taille<\/strong><\/td>\n<td style=\"height: 24px;\" colspan=\"2\" width=\"281\"><strong>Cuivre nu \/ 26AWG<\/strong><\/td>\n<\/tr>\n<tr style=\"height: 24px;\">\n<td style=\"height: 24px;\" width=\"197\">Isolation<\/td>\n<td style=\"height: 24px;\" width=\"183\">Mat\u00e9riau<\/td>\n<td style=\"height: 24px;\" colspan=\"2\" width=\"281\">Peau de mousse PE<\/td>\n<\/tr>\n<tr style=\"height: 48px;\">\n<td style=\"height: 48px;\" width=\"197\">Bouclier int\u00e9rieur<\/td>\n<td style=\"height: 48px;\" width=\"183\">Aluminium-Mylar<\/td>\n<td style=\"height: 48px;\" colspan=\"2\" width=\"281\">une feuille d&#8217;aluminium autour de chaque paire<\/td>\n<\/tr>\n<tr style=\"height: 24px;\">\n<td style=\"height: 24px;\" width=\"197\">Tresse<\/td>\n<td style=\"height: 24px;\" width=\"183\">Mat\u00e9riau<\/td>\n<td style=\"height: 24px;\" colspan=\"2\" width=\"281\">Cuivre \u00e9tam\u00e9<\/td>\n<\/tr>\n<tr style=\"height: 24px;\">\n<td style=\"height: 48px;\" rowspan=\"2\" width=\"197\">Diam\u00e8tre<\/td>\n<td style=\"height: 48px;\" rowspan=\"2\" width=\"183\">Fourreau<\/td>\n<td style=\"height: 24px;\" width=\"141\">Mat\u00e9riau<\/td>\n<td style=\"height: 24px;\" width=\"141\">PVC\/LSOH<\/td>\n<\/tr>\n<tr style=\"height: 24px;\">\n<td style=\"height: 24px;\" colspan=\"2\" width=\"281\">5,7\u00b1 0,3 millim\u00e8tre<\/td>\n<\/tr>\n<\/tbody>\n<\/table>\n<h4><strong>Cordon de brassage S\/FTP de cat\u00e9gorie 6<\/strong><\/h4>\n<table width=\"100%\">\n<thead>\n<tr>\n<td><strong>LONGUEUR <\/strong><\/td>\n<td><strong>GRIS <\/strong><\/td>\n<td><strong>VERT <\/strong><\/td>\n<td><strong>BLEU <\/strong><\/td>\n<td><strong>ROUGE <\/strong><\/td>\n<td><strong>Jaune <\/strong><\/td>\n<\/tr>\n<\/thead>\n<tbody>\n<tr>\n<td>0,5m<\/td>\n<td>186410055<\/td>\n<td>186410056<\/td>\n<td>186410054<\/td>\n<td>186410053<\/td>\n<td>186410058<\/td>\n<\/tr>\n<tr>\n<td>1m<\/td>\n<td>186410105<\/td>\n<td>186410106<\/td>\n<td>186410104<\/td>\n<td>186410103<\/td>\n<td>186410108<\/td>\n<\/tr>\n<tr>\n<td>2m<\/td>\n<td>186410205<\/td>\n<td>186410206<\/td>\n<td>186410204<\/td>\n<td>186410203<\/td>\n<td>186410208<\/td>\n<\/tr>\n<tr>\n<td>3m<\/td>\n<td>186410305<\/td>\n<td>186410306<\/td>\n<td>186410304<\/td>\n<td>186410303<\/td>\n<td>186410308<\/td>\n<\/tr>\n<tr>\n<td>5m<\/td>\n<td>186410505<\/td>\n<td>186410506<\/td>\n<td>186410504<\/td>\n<td>186410503<\/td>\n<td>186410508<\/td>\n<\/tr>\n<tr>\n<td>7m<\/td>\n<td>186410705<\/td>\n<td>186410706<\/td>\n<td>186410704<\/td>\n<td>186410703<\/td>\n<td>186410708<\/td>\n<\/tr>\n<tr>\n<td>10m<\/td>\n<td>186411005<\/td>\n<td>186411006<\/td>\n<td>186411004<\/td>\n<td>186411003<\/td>\n<td>186411008<\/td>\n<\/tr>\n<\/tbody>\n<\/table>\n<p>Autres longueurs, couleurs ou c\u00e2bles sans halog\u00e8ne sur demande.<\/p>\n","protected":false},"featured_media":20251,"template":"","product_category":[418],"class_list":["post-20245","product","type-product","status-publish","has-post-thumbnail","hentry","product_category-cordon-de-brassage-cat-6-fr"],"yoast_head":"<!-- This site is optimized with the Yoast SEO plugin v27.4 - https:\/\/yoast.com\/product\/yoast-seo-wordpress\/ -->\n<title>Cordon de brassage Premium-Line Cat\u00e9gorie 6 S\/FTP<\/title>\n<meta name=\"description\" content=\"Le cordon de brassage S\/FTP de cat\u00e9gorie 6 Premium-Line est un produit v\u00e9rifi\u00e9 en usine, d\u00e9di\u00e9 \u00e0 une utilisation dans les centres de donn\u00e9es et les projets haut de gamme. En savoir plus !\" \/>\n<meta name=\"robots\" content=\"index, follow, max-snippet:-1, max-image-preview:large, max-video-preview:-1\" \/>\n<link rel=\"canonical\" href=\"https:\/\/premiumline-cabling.com\/fr\/product\/chat-6-s-ftp\/\" \/>\n<meta property=\"og:locale\" content=\"fr_FR\" \/>\n<meta property=\"og:type\" content=\"article\" \/>\n<meta property=\"og:title\" content=\"Cordon de brassage Premium-Line Cat\u00e9gorie 6 S\/FTP\" \/>\n<meta property=\"og:description\" content=\"Le cordon de brassage S\/FTP de cat\u00e9gorie 6 Premium-Line est un produit v\u00e9rifi\u00e9 en usine, d\u00e9di\u00e9 \u00e0 une utilisation dans les centres de donn\u00e9es et les projets haut de gamme. En savoir plus !\" \/>\n<meta property=\"og:url\" content=\"https:\/\/premiumline-cabling.com\/fr\/product\/chat-6-s-ftp\/\" \/>\n<meta property=\"og:site_name\" content=\"Premium-Line\" \/>\n<meta property=\"article:modified_time\" content=\"2026-01-15T15:18:55+00:00\" \/>\n<meta property=\"og:image\" content=\"https:\/\/premiumline-cabling.com\/wp-content\/uploads\/2019\/02\/PL_img_patch-cord-category-6_1.jpg\" \/>\n\t<meta property=\"og:image:width\" content=\"283\" \/>\n\t<meta property=\"og:image:height\" content=\"220\" \/>\n\t<meta property=\"og:image:type\" content=\"image\/jpeg\" \/>\n<meta name=\"twitter:card\" content=\"summary_large_image\" \/>\n<meta name=\"twitter:label1\" content=\"Dur\u00e9e de lecture estim\u00e9e\" \/>\n\t<meta name=\"twitter:data1\" content=\"2 minutes\" \/>\n<script type=\"application\/ld+json\" class=\"yoast-schema-graph\">{\"@context\":\"https:\\\/\\\/schema.org\",\"@graph\":[{\"@type\":\"WebPage\",\"@id\":\"https:\\\/\\\/premiumline-cabling.com\\\/fr\\\/product\\\/chat-6-s-ftp\\\/\",\"url\":\"https:\\\/\\\/premiumline-cabling.com\\\/fr\\\/product\\\/chat-6-s-ftp\\\/\",\"name\":\"Cordon de brassage Premium-Line Cat\u00e9gorie 6 S\\\/FTP\",\"isPartOf\":{\"@id\":\"https:\\\/\\\/premiumline-cabling.com\\\/#website\"},\"primaryImageOfPage\":{\"@id\":\"https:\\\/\\\/premiumline-cabling.com\\\/fr\\\/product\\\/chat-6-s-ftp\\\/#primaryimage\"},\"image\":{\"@id\":\"https:\\\/\\\/premiumline-cabling.com\\\/fr\\\/product\\\/chat-6-s-ftp\\\/#primaryimage\"},\"thumbnailUrl\":\"https:\\\/\\\/premiumline-cabling.com\\\/wp-content\\\/uploads\\\/2019\\\/02\\\/PL_img_patch-cord-category-6_1.jpg\",\"datePublished\":\"2019-02-10T10:48:43+00:00\",\"dateModified\":\"2026-01-15T15:18:55+00:00\",\"description\":\"Le cordon de brassage S\\\/FTP de cat\u00e9gorie 6 Premium-Line est un produit v\u00e9rifi\u00e9 en usine, d\u00e9di\u00e9 \u00e0 une utilisation dans les centres de donn\u00e9es et les projets haut de gamme. En savoir plus !\",\"breadcrumb\":{\"@id\":\"https:\\\/\\\/premiumline-cabling.com\\\/fr\\\/product\\\/chat-6-s-ftp\\\/#breadcrumb\"},\"inLanguage\":\"fr-FR\",\"potentialAction\":[{\"@type\":\"ReadAction\",\"target\":[\"https:\\\/\\\/premiumline-cabling.com\\\/fr\\\/product\\\/chat-6-s-ftp\\\/\"]}]},{\"@type\":\"ImageObject\",\"inLanguage\":\"fr-FR\",\"@id\":\"https:\\\/\\\/premiumline-cabling.com\\\/fr\\\/product\\\/chat-6-s-ftp\\\/#primaryimage\",\"url\":\"https:\\\/\\\/premiumline-cabling.com\\\/wp-content\\\/uploads\\\/2019\\\/02\\\/PL_img_patch-cord-category-6_1.jpg\",\"contentUrl\":\"https:\\\/\\\/premiumline-cabling.com\\\/wp-content\\\/uploads\\\/2019\\\/02\\\/PL_img_patch-cord-category-6_1.jpg\",\"width\":283,\"height\":220},{\"@type\":\"BreadcrumbList\",\"@id\":\"https:\\\/\\\/premiumline-cabling.com\\\/fr\\\/product\\\/chat-6-s-ftp\\\/#breadcrumb\",\"itemListElement\":[{\"@type\":\"ListItem\",\"position\":1,\"name\":\"\u0413\u043b\u0430\u0432\u043d\u0430\u044f \u0441\u0442\u0440\u0430\u043d\u0438\u0446\u0430\",\"item\":\"https:\\\/\\\/premiumline-cabling.com\\\/fr\\\/\"},{\"@type\":\"ListItem\",\"position\":2,\"name\":\"Cat. 6 S\\\/FTP\"}]},{\"@type\":\"WebSite\",\"@id\":\"https:\\\/\\\/premiumline-cabling.com\\\/#website\",\"url\":\"https:\\\/\\\/premiumline-cabling.com\\\/\",\"name\":\"Premium-Line\",\"description\":\"Structured Cabling System\",\"publisher\":{\"@id\":\"https:\\\/\\\/premiumline-cabling.com\\\/#organization\"},\"potentialAction\":[{\"@type\":\"SearchAction\",\"target\":{\"@type\":\"EntryPoint\",\"urlTemplate\":\"https:\\\/\\\/premiumline-cabling.com\\\/?s={search_term_string}\"},\"query-input\":{\"@type\":\"PropertyValueSpecification\",\"valueRequired\":true,\"valueName\":\"search_term_string\"}}],\"inLanguage\":\"fr-FR\"},{\"@type\":\"Organization\",\"@id\":\"https:\\\/\\\/premiumline-cabling.com\\\/#organization\",\"name\":\"Premium-Line\",\"url\":\"https:\\\/\\\/premiumline-cabling.com\\\/\",\"logo\":{\"@type\":\"ImageObject\",\"inLanguage\":\"fr-FR\",\"@id\":\"https:\\\/\\\/premiumline-cabling.com\\\/#\\\/schema\\\/logo\\\/image\\\/\",\"url\":\"https:\\\/\\\/premiumline-cabling.com\\\/wp-content\\\/uploads\\\/2019\\\/04\\\/cropped-img_logo_site_Premium-Line.png\",\"contentUrl\":\"https:\\\/\\\/premiumline-cabling.com\\\/wp-content\\\/uploads\\\/2019\\\/04\\\/cropped-img_logo_site_Premium-Line.png\",\"width\":190,\"height\":62,\"caption\":\"Premium-Line\"},\"image\":{\"@id\":\"https:\\\/\\\/premiumline-cabling.com\\\/#\\\/schema\\\/logo\\\/image\\\/\"}}]}<\/script>\n<!-- \/ Yoast SEO plugin. -->","yoast_head_json":{"title":"Cordon de brassage Premium-Line Cat\u00e9gorie 6 S\/FTP","description":"Le cordon de brassage S\/FTP de cat\u00e9gorie 6 Premium-Line est un produit v\u00e9rifi\u00e9 en usine, d\u00e9di\u00e9 \u00e0 une utilisation dans les centres de donn\u00e9es et les projets haut de gamme. En savoir plus !","robots":{"index":"index","follow":"follow","max-snippet":"max-snippet:-1","max-image-preview":"max-image-preview:large","max-video-preview":"max-video-preview:-1"},"canonical":"https:\/\/premiumline-cabling.com\/fr\/product\/chat-6-s-ftp\/","og_locale":"fr_FR","og_type":"article","og_title":"Cordon de brassage Premium-Line Cat\u00e9gorie 6 S\/FTP","og_description":"Le cordon de brassage S\/FTP de cat\u00e9gorie 6 Premium-Line est un produit v\u00e9rifi\u00e9 en usine, d\u00e9di\u00e9 \u00e0 une utilisation dans les centres de donn\u00e9es et les projets haut de gamme. En savoir plus !","og_url":"https:\/\/premiumline-cabling.com\/fr\/product\/chat-6-s-ftp\/","og_site_name":"Premium-Line","article_modified_time":"2026-01-15T15:18:55+00:00","og_image":[{"width":283,"height":220,"url":"https:\/\/premiumline-cabling.com\/wp-content\/uploads\/2019\/02\/PL_img_patch-cord-category-6_1.jpg","type":"image\/jpeg"}],"twitter_card":"summary_large_image","twitter_misc":{"Dur\u00e9e de lecture estim\u00e9e":"2 minutes"},"schema":{"@context":"https:\/\/schema.org","@graph":[{"@type":"WebPage","@id":"https:\/\/premiumline-cabling.com\/fr\/product\/chat-6-s-ftp\/","url":"https:\/\/premiumline-cabling.com\/fr\/product\/chat-6-s-ftp\/","name":"Cordon de brassage Premium-Line Cat\u00e9gorie 6 S\/FTP","isPartOf":{"@id":"https:\/\/premiumline-cabling.com\/#website"},"primaryImageOfPage":{"@id":"https:\/\/premiumline-cabling.com\/fr\/product\/chat-6-s-ftp\/#primaryimage"},"image":{"@id":"https:\/\/premiumline-cabling.com\/fr\/product\/chat-6-s-ftp\/#primaryimage"},"thumbnailUrl":"https:\/\/premiumline-cabling.com\/wp-content\/uploads\/2019\/02\/PL_img_patch-cord-category-6_1.jpg","datePublished":"2019-02-10T10:48:43+00:00","dateModified":"2026-01-15T15:18:55+00:00","description":"Le cordon de brassage S\/FTP de cat\u00e9gorie 6 Premium-Line est un produit v\u00e9rifi\u00e9 en usine, d\u00e9di\u00e9 \u00e0 une utilisation dans les centres de donn\u00e9es et les projets haut de gamme. En savoir plus !","breadcrumb":{"@id":"https:\/\/premiumline-cabling.com\/fr\/product\/chat-6-s-ftp\/#breadcrumb"},"inLanguage":"fr-FR","potentialAction":[{"@type":"ReadAction","target":["https:\/\/premiumline-cabling.com\/fr\/product\/chat-6-s-ftp\/"]}]},{"@type":"ImageObject","inLanguage":"fr-FR","@id":"https:\/\/premiumline-cabling.com\/fr\/product\/chat-6-s-ftp\/#primaryimage","url":"https:\/\/premiumline-cabling.com\/wp-content\/uploads\/2019\/02\/PL_img_patch-cord-category-6_1.jpg","contentUrl":"https:\/\/premiumline-cabling.com\/wp-content\/uploads\/2019\/02\/PL_img_patch-cord-category-6_1.jpg","width":283,"height":220},{"@type":"BreadcrumbList","@id":"https:\/\/premiumline-cabling.com\/fr\/product\/chat-6-s-ftp\/#breadcrumb","itemListElement":[{"@type":"ListItem","position":1,"name":"\u0413\u043b\u0430\u0432\u043d\u0430\u044f \u0441\u0442\u0440\u0430\u043d\u0438\u0446\u0430","item":"https:\/\/premiumline-cabling.com\/fr\/"},{"@type":"ListItem","position":2,"name":"Cat. 6 S\/FTP"}]},{"@type":"WebSite","@id":"https:\/\/premiumline-cabling.com\/#website","url":"https:\/\/premiumline-cabling.com\/","name":"Premium-Line","description":"Structured Cabling System","publisher":{"@id":"https:\/\/premiumline-cabling.com\/#organization"},"potentialAction":[{"@type":"SearchAction","target":{"@type":"EntryPoint","urlTemplate":"https:\/\/premiumline-cabling.com\/?s={search_term_string}"},"query-input":{"@type":"PropertyValueSpecification","valueRequired":true,"valueName":"search_term_string"}}],"inLanguage":"fr-FR"},{"@type":"Organization","@id":"https:\/\/premiumline-cabling.com\/#organization","name":"Premium-Line","url":"https:\/\/premiumline-cabling.com\/","logo":{"@type":"ImageObject","inLanguage":"fr-FR","@id":"https:\/\/premiumline-cabling.com\/#\/schema\/logo\/image\/","url":"https:\/\/premiumline-cabling.com\/wp-content\/uploads\/2019\/04\/cropped-img_logo_site_Premium-Line.png","contentUrl":"https:\/\/premiumline-cabling.com\/wp-content\/uploads\/2019\/04\/cropped-img_logo_site_Premium-Line.png","width":190,"height":62,"caption":"Premium-Line"},"image":{"@id":"https:\/\/premiumline-cabling.com\/#\/schema\/logo\/image\/"}}]}},"_links":{"self":[{"href":"https:\/\/premiumline-cabling.com\/fr\/wp-json\/wp\/v2\/product\/20245","targetHints":{"allow":["GET"]}}],"collection":[{"href":"https:\/\/premiumline-cabling.com\/fr\/wp-json\/wp\/v2\/product"}],"about":[{"href":"https:\/\/premiumline-cabling.com\/fr\/wp-json\/wp\/v2\/types\/product"}],"wp:featuredmedia":[{"embeddable":true,"href":"https:\/\/premiumline-cabling.com\/fr\/wp-json\/wp\/v2\/media\/20251"}],"wp:attachment":[{"href":"https:\/\/premiumline-cabling.com\/fr\/wp-json\/wp\/v2\/media?parent=20245"}],"wp:term":[{"taxonomy":"product_category","embeddable":true,"href":"https:\/\/premiumline-cabling.com\/fr\/wp-json\/wp\/v2\/product_category?post=20245"}],"curies":[{"name":"wp","href":"https:\/\/api.w.org\/{rel}","templated":true}]}}