{"id":20240,"date":"2019-12-06T18:54:03","date_gmt":"2019-12-06T17:54:03","guid":{"rendered":"https:\/\/premiumline-cabling.com\/product\/chat-5e-u-utp\/"},"modified":"2026-01-15T16:22:21","modified_gmt":"2026-01-15T15:22:21","slug":"chat-5e-u-utp","status":"publish","type":"product","link":"https:\/\/premiumline-cabling.com\/fr\/product\/chat-5e-u-utp\/","title":{"rendered":"Cat. 5e U\/UTP"},"content":{"rendered":"<p><noscript><img decoding=\"async\" class=\"size-full wp-image-802 alignright\" src=\"https:\/\/premiumline-cabling.com\/wp-content\/uploads\/2019\/02\/PL_img_patch-cord-185110055-1.jpg\" alt width=\"230\" height=\"166\"><\/noscript><img decoding=\"async\" class=\"size-full wp-image-802 alignright lazyload\" src=\"data:image\/svg+xml,%3Csvg%20xmlns%3D%22http%3A%2F%2Fwww.w3.org%2F2000%2Fsvg%22%20viewBox%3D%220%200%20230%20166%22%3E%3C%2Fsvg%3E\" alt width=\"230\" height=\"166\" data-src=\"https:\/\/premiumline-cabling.com\/wp-content\/uploads\/2019\/02\/PL_img_patch-cord-185110055-1.jpg\">Le cordon de brassage syst\u00e8me Premium-Line Category 5e U\/UTP est con\u00e7u pour une utilisation de haut niveau dans le cadre d\u2019un projet. Compatible avec le panneau de brassage, la prise trap\u00e9zo\u00efdale et le c\u00e2ble d\u2019installation, pour constituer d\u2019excellentes performances de canal.<br>\nLe cordon de brassage syst\u00e8me U\/UTP de cat\u00e9gorie 5e Premium Line est conforme aux normes ANSI\/TIA-568-C.2, ISO\/IEC 11801 et EN 50173-1 Classe D.<\/p>\n<p><noscript><img decoding=\"async\" class=\"alignnone size-full wp-image-803\" src=\"https:\/\/premiumline-cabling.com\/wp-content\/uploads\/2019\/02\/img_PL_patch-cord-185110055-3_8bfb937211.jpg\" alt width=\"230\" height=\"51\"><\/noscript><img decoding=\"async\" class=\"alignnone size-full wp-image-803 lazyload\" src=\"data:image\/svg+xml,%3Csvg%20xmlns%3D%22http%3A%2F%2Fwww.w3.org%2F2000%2Fsvg%22%20viewBox%3D%220%200%20230%2051%22%3E%3C%2Fsvg%3E\" alt width=\"230\" height=\"51\" data-src=\"https:\/\/premiumline-cabling.com\/wp-content\/uploads\/2019\/02\/img_PL_patch-cord-185110055-3_8bfb937211.jpg\"> <noscript><img decoding=\"async\" class=\"alignnone size-full wp-image-804\" src=\"https:\/\/premiumline-cabling.com\/wp-content\/uploads\/2019\/02\/PL_img_patch-cord-185110055-2_e0650d976f.jpg\" alt width=\"230\" height=\"149\"><\/noscript><img decoding=\"async\" class=\"alignnone size-full wp-image-804 lazyload\" src=\"data:image\/svg+xml,%3Csvg%20xmlns%3D%22http%3A%2F%2Fwww.w3.org%2F2000%2Fsvg%22%20viewBox%3D%220%200%20230%20149%22%3E%3C%2Fsvg%3E\" alt width=\"230\" height=\"149\" data-src=\"https:\/\/premiumline-cabling.com\/wp-content\/uploads\/2019\/02\/PL_img_patch-cord-185110055-2_e0650d976f.jpg\"><\/p>\n<h4>APPLICATION<\/h4>\n<ul>\n<li>1000BASE-T Gigabit Ethernet<\/li>\n<li>100BASE-TX Fast Ethernet.<\/li>\n<li>10BASE-T Ethernet.<\/li>\n<li>Applications vocales, vid\u00e9o et autres.<\/li>\n<\/ul>\n<h4>CARACT\u00c9RISTIQUES<\/h4>\n<table width=\"576\">\n<tbody>\n<tr>\n<td width=\"88\">Chef d&#8217;orchestre<\/td>\n<td width=\"140\">Mat\u00e9riau \/ Taille<\/td>\n<td colspan=\"2\" width=\"348\">Cuivre nu \/ 26 AWG<\/td>\n<\/tr>\n<tr>\n<td rowspan=\"2\" width=\"88\">Isolation<\/td>\n<td width=\"140\">Mat\u00e9riau<\/td>\n<td colspan=\"2\" width=\"348\">PEHD<\/td>\n<\/tr>\n<tr>\n<td width=\"140\">Diam\u00e8tre<\/td>\n<td colspan=\"2\" width=\"348\">0,8 \u00b1 0,05 mm<\/td>\n<\/tr>\n<tr>\n<td rowspan=\"2\" width=\"88\">Fourreau<\/td>\n<td width=\"140\">Mat\u00e9riau<\/td>\n<td width=\"180\">PVC<\/td>\n<td width=\"168\">LSOH<\/td>\n<\/tr>\n<tr>\n<td width=\"140\">Diam\u00e8tre<\/td>\n<td width=\"180\">5,1 \u00b1 0,2 mm<\/td>\n<td width=\"168\">5,1 \u00b1 0,2 mm<\/td>\n<\/tr>\n<tr>\n<td colspan=\"2\" width=\"228\">Temp\u00e9rature de fonctionnement<\/td>\n<td colspan=\"2\" width=\"348\">-20\u00b0C~+60\u00b0C<\/td>\n<\/tr>\n<tr>\n<td colspan=\"2\" width=\"228\">Temp\u00e9rature d&#8217;installation<\/td>\n<td colspan=\"2\" width=\"348\">0\u00b0C~+50\u00b0C<\/td>\n<\/tr>\n<tr>\n<td colspan=\"2\" width=\"228\">Temp\u00e9rature de stockage<\/td>\n<td colspan=\"2\" width=\"348\">-30\u00b0C~+60\u00b0C<\/td>\n<\/tr>\n<\/tbody>\n<\/table>\n<h4><strong>Cordon de brassage syst\u00e8me U\/UTP de cat\u00e9gorie 5e<\/strong><\/h4>\n<table width=\"100%\">\n<thead>\n<tr>\n<td><strong>LONGUEUR<\/strong><\/td>\n<td><strong>GRIS<\/strong><\/td>\n<td><strong>VERT<\/strong><\/td>\n<td><strong>BLEU<\/strong><\/td>\n<td><strong>ROUGE<\/strong><\/td>\n<td><strong>JAUNE<\/strong><\/td>\n<\/tr>\n<\/thead>\n<tbody>\n<tr>\n<td>0,5m<\/td>\n<td>185110055<\/td>\n<td>185110056<\/td>\n<td>185110054<\/td>\n<td>185110053<\/td>\n<td>185110058<\/td>\n<\/tr>\n<tr>\n<td>1m<\/td>\n<td>185110105<\/td>\n<td>185110106<\/td>\n<td>185110104<\/td>\n<td>185110103<\/td>\n<td>185110108<\/td>\n<\/tr>\n<tr>\n<td>2m<\/td>\n<td>185110205<\/td>\n<td>185110206<\/td>\n<td>185110204<\/td>\n<td>185110203<\/td>\n<td>185110208<\/td>\n<\/tr>\n<tr>\n<td>3m<\/td>\n<td>185110305<\/td>\n<td>185110306<\/td>\n<td>185110304<\/td>\n<td>185110303<\/td>\n<td>185110308<\/td>\n<\/tr>\n<tr>\n<td>5m<\/td>\n<td>185110505<\/td>\n<td>185110506<\/td>\n<td>185110504<\/td>\n<td>185110503<\/td>\n<td>185110508<\/td>\n<\/tr>\n<tr>\n<td>7m<\/td>\n<td>185110705<\/td>\n<td>185110706<\/td>\n<td>185110704<\/td>\n<td>185110703<\/td>\n<td>185110708<\/td>\n<\/tr>\n<tr>\n<td>10m<\/td>\n<td>185111005<\/td>\n<td>185111006<\/td>\n<td>185111004<\/td>\n<td>185111003<\/td>\n<td>185111008<\/td>\n<\/tr>\n<tr>\n<td>15m<\/td>\n<td>185111505<\/td>\n<td>185111506<\/td>\n<td>185111504<\/td>\n<td>185111503<\/td>\n<td>185111508<\/td>\n<\/tr>\n<tr>\n<td>20m<\/td>\n<td>185112005<\/td>\n<td>185112006<\/td>\n<td>185112004<\/td>\n<td>185112003<\/td>\n<td>185112008<\/td>\n<\/tr>\n<\/tbody>\n<\/table>\n<p>Autres longueurs, couleurs ou halog\u00e8ne sur demande.<\/p>\n","protected":false},"featured_media":20241,"template":"","product_category":[414],"class_list":["post-20240","product","type-product","status-publish","has-post-thumbnail","hentry","product_category-cordon-de-brassage-cat-5e"],"yoast_head":"<!-- This site is optimized with the Yoast SEO plugin v27.2 - https:\/\/yoast.com\/product\/yoast-seo-wordpress\/ -->\n<title>Cordon de brassage Premium-Line Cat\u00e9gorie 5e U\/UTP<\/title>\n<meta name=\"description\" content=\"Le cordon de brassage Premium-Line de cat\u00e9gorie 5e prend en charge la transmission de l\u2019ensemble du canal conform\u00e9ment aux normes ANSI\/TIA-568-C.2, ISO\/IEC 11801 et EN 50173-1 Classe D.\" \/>\n<meta name=\"robots\" content=\"index, follow, max-snippet:-1, max-image-preview:large, max-video-preview:-1\" \/>\n<link rel=\"canonical\" href=\"https:\/\/premiumline-cabling.com\/fr\/product\/chat-5e-u-utp\/\" \/>\n<meta property=\"og:locale\" content=\"fr_FR\" \/>\n<meta property=\"og:type\" content=\"article\" \/>\n<meta property=\"og:title\" content=\"Cordon de brassage Premium-Line Cat\u00e9gorie 5e U\/UTP\" \/>\n<meta property=\"og:description\" content=\"Le cordon de brassage Premium-Line de cat\u00e9gorie 5e prend en charge la transmission de l\u2019ensemble du canal conform\u00e9ment aux normes ANSI\/TIA-568-C.2, ISO\/IEC 11801 et EN 50173-1 Classe D.\" \/>\n<meta property=\"og:url\" content=\"https:\/\/premiumline-cabling.com\/fr\/product\/chat-5e-u-utp\/\" \/>\n<meta property=\"og:site_name\" content=\"Premium-Line\" \/>\n<meta property=\"article:modified_time\" content=\"2026-01-15T15:22:21+00:00\" \/>\n<meta property=\"og:image\" content=\"https:\/\/premiumline-cabling.com\/wp-content\/uploads\/2019\/12\/patch_cord_Cat6a_uutp.jpg\" \/>\n\t<meta property=\"og:image:width\" content=\"378\" \/>\n\t<meta property=\"og:image:height\" content=\"381\" \/>\n\t<meta property=\"og:image:type\" content=\"image\/jpeg\" \/>\n<meta name=\"twitter:card\" content=\"summary_large_image\" \/>\n<meta name=\"twitter:label1\" content=\"Dur\u00e9e de lecture estim\u00e9e\" \/>\n\t<meta name=\"twitter:data1\" content=\"2 minutes\" \/>\n<script type=\"application\/ld+json\" class=\"yoast-schema-graph\">{\"@context\":\"https:\/\/schema.org\",\"@graph\":[{\"@type\":\"WebPage\",\"@id\":\"https:\/\/premiumline-cabling.com\/fr\/product\/chat-5e-u-utp\/\",\"url\":\"https:\/\/premiumline-cabling.com\/fr\/product\/chat-5e-u-utp\/\",\"name\":\"Cordon de brassage Premium-Line Cat\u00e9gorie 5e U\/UTP\",\"isPartOf\":{\"@id\":\"https:\/\/premiumline-cabling.com\/#website\"},\"primaryImageOfPage\":{\"@id\":\"https:\/\/premiumline-cabling.com\/fr\/product\/chat-5e-u-utp\/#primaryimage\"},\"image\":{\"@id\":\"https:\/\/premiumline-cabling.com\/fr\/product\/chat-5e-u-utp\/#primaryimage\"},\"thumbnailUrl\":\"https:\/\/premiumline-cabling.com\/wp-content\/uploads\/2019\/12\/patch_cord_Cat6a_uutp.jpg\",\"datePublished\":\"2019-12-06T17:54:03+00:00\",\"dateModified\":\"2026-01-15T15:22:21+00:00\",\"description\":\"Le cordon de brassage Premium-Line de cat\u00e9gorie 5e prend en charge la transmission de l\u2019ensemble du canal conform\u00e9ment aux normes ANSI\/TIA-568-C.2, ISO\/IEC 11801 et EN 50173-1 Classe D.\",\"breadcrumb\":{\"@id\":\"https:\/\/premiumline-cabling.com\/fr\/product\/chat-5e-u-utp\/#breadcrumb\"},\"inLanguage\":\"fr-FR\",\"potentialAction\":[{\"@type\":\"ReadAction\",\"target\":[\"https:\/\/premiumline-cabling.com\/fr\/product\/chat-5e-u-utp\/\"]}]},{\"@type\":\"ImageObject\",\"inLanguage\":\"fr-FR\",\"@id\":\"https:\/\/premiumline-cabling.com\/fr\/product\/chat-5e-u-utp\/#primaryimage\",\"url\":\"https:\/\/premiumline-cabling.com\/wp-content\/uploads\/2019\/12\/patch_cord_Cat6a_uutp.jpg\",\"contentUrl\":\"https:\/\/premiumline-cabling.com\/wp-content\/uploads\/2019\/12\/patch_cord_Cat6a_uutp.jpg\",\"width\":378,\"height\":381},{\"@type\":\"BreadcrumbList\",\"@id\":\"https:\/\/premiumline-cabling.com\/fr\/product\/chat-5e-u-utp\/#breadcrumb\",\"itemListElement\":[{\"@type\":\"ListItem\",\"position\":1,\"name\":\"\u0413\u043b\u0430\u0432\u043d\u0430\u044f \u0441\u0442\u0440\u0430\u043d\u0438\u0446\u0430\",\"item\":\"https:\/\/premiumline-cabling.com\/fr\/\"},{\"@type\":\"ListItem\",\"position\":2,\"name\":\"Cat. 5e U\/UTP\"}]},{\"@type\":\"WebSite\",\"@id\":\"https:\/\/premiumline-cabling.com\/#website\",\"url\":\"https:\/\/premiumline-cabling.com\/\",\"name\":\"Premium-Line\",\"description\":\"Structured Cabling System\",\"publisher\":{\"@id\":\"https:\/\/premiumline-cabling.com\/#organization\"},\"potentialAction\":[{\"@type\":\"SearchAction\",\"target\":{\"@type\":\"EntryPoint\",\"urlTemplate\":\"https:\/\/premiumline-cabling.com\/?s={search_term_string}\"},\"query-input\":{\"@type\":\"PropertyValueSpecification\",\"valueRequired\":true,\"valueName\":\"search_term_string\"}}],\"inLanguage\":\"fr-FR\"},{\"@type\":\"Organization\",\"@id\":\"https:\/\/premiumline-cabling.com\/#organization\",\"name\":\"Premium-Line\",\"url\":\"https:\/\/premiumline-cabling.com\/\",\"logo\":{\"@type\":\"ImageObject\",\"inLanguage\":\"fr-FR\",\"@id\":\"https:\/\/premiumline-cabling.com\/#\/schema\/logo\/image\/\",\"url\":\"https:\/\/premiumline-cabling.com\/wp-content\/uploads\/2019\/04\/cropped-img_logo_site_Premium-Line.png\",\"contentUrl\":\"https:\/\/premiumline-cabling.com\/wp-content\/uploads\/2019\/04\/cropped-img_logo_site_Premium-Line.png\",\"width\":190,\"height\":62,\"caption\":\"Premium-Line\"},\"image\":{\"@id\":\"https:\/\/premiumline-cabling.com\/#\/schema\/logo\/image\/\"}}]}<\/script>\n<!-- \/ Yoast SEO plugin. -->","yoast_head_json":{"title":"Cordon de brassage Premium-Line Cat\u00e9gorie 5e U\/UTP","description":"Le cordon de brassage Premium-Line de cat\u00e9gorie 5e prend en charge la transmission de l\u2019ensemble du canal conform\u00e9ment aux normes ANSI\/TIA-568-C.2, ISO\/IEC 11801 et EN 50173-1 Classe D.","robots":{"index":"index","follow":"follow","max-snippet":"max-snippet:-1","max-image-preview":"max-image-preview:large","max-video-preview":"max-video-preview:-1"},"canonical":"https:\/\/premiumline-cabling.com\/fr\/product\/chat-5e-u-utp\/","og_locale":"fr_FR","og_type":"article","og_title":"Cordon de brassage Premium-Line Cat\u00e9gorie 5e U\/UTP","og_description":"Le cordon de brassage Premium-Line de cat\u00e9gorie 5e prend en charge la transmission de l\u2019ensemble du canal conform\u00e9ment aux normes ANSI\/TIA-568-C.2, ISO\/IEC 11801 et EN 50173-1 Classe D.","og_url":"https:\/\/premiumline-cabling.com\/fr\/product\/chat-5e-u-utp\/","og_site_name":"Premium-Line","article_modified_time":"2026-01-15T15:22:21+00:00","og_image":[{"width":378,"height":381,"url":"https:\/\/premiumline-cabling.com\/wp-content\/uploads\/2019\/12\/patch_cord_Cat6a_uutp.jpg","type":"image\/jpeg"}],"twitter_card":"summary_large_image","twitter_misc":{"Dur\u00e9e de lecture estim\u00e9e":"2 minutes"},"schema":{"@context":"https:\/\/schema.org","@graph":[{"@type":"WebPage","@id":"https:\/\/premiumline-cabling.com\/fr\/product\/chat-5e-u-utp\/","url":"https:\/\/premiumline-cabling.com\/fr\/product\/chat-5e-u-utp\/","name":"Cordon de brassage Premium-Line Cat\u00e9gorie 5e U\/UTP","isPartOf":{"@id":"https:\/\/premiumline-cabling.com\/#website"},"primaryImageOfPage":{"@id":"https:\/\/premiumline-cabling.com\/fr\/product\/chat-5e-u-utp\/#primaryimage"},"image":{"@id":"https:\/\/premiumline-cabling.com\/fr\/product\/chat-5e-u-utp\/#primaryimage"},"thumbnailUrl":"https:\/\/premiumline-cabling.com\/wp-content\/uploads\/2019\/12\/patch_cord_Cat6a_uutp.jpg","datePublished":"2019-12-06T17:54:03+00:00","dateModified":"2026-01-15T15:22:21+00:00","description":"Le cordon de brassage Premium-Line de cat\u00e9gorie 5e prend en charge la transmission de l\u2019ensemble du canal conform\u00e9ment aux normes ANSI\/TIA-568-C.2, ISO\/IEC 11801 et EN 50173-1 Classe D.","breadcrumb":{"@id":"https:\/\/premiumline-cabling.com\/fr\/product\/chat-5e-u-utp\/#breadcrumb"},"inLanguage":"fr-FR","potentialAction":[{"@type":"ReadAction","target":["https:\/\/premiumline-cabling.com\/fr\/product\/chat-5e-u-utp\/"]}]},{"@type":"ImageObject","inLanguage":"fr-FR","@id":"https:\/\/premiumline-cabling.com\/fr\/product\/chat-5e-u-utp\/#primaryimage","url":"https:\/\/premiumline-cabling.com\/wp-content\/uploads\/2019\/12\/patch_cord_Cat6a_uutp.jpg","contentUrl":"https:\/\/premiumline-cabling.com\/wp-content\/uploads\/2019\/12\/patch_cord_Cat6a_uutp.jpg","width":378,"height":381},{"@type":"BreadcrumbList","@id":"https:\/\/premiumline-cabling.com\/fr\/product\/chat-5e-u-utp\/#breadcrumb","itemListElement":[{"@type":"ListItem","position":1,"name":"\u0413\u043b\u0430\u0432\u043d\u0430\u044f \u0441\u0442\u0440\u0430\u043d\u0438\u0446\u0430","item":"https:\/\/premiumline-cabling.com\/fr\/"},{"@type":"ListItem","position":2,"name":"Cat. 5e U\/UTP"}]},{"@type":"WebSite","@id":"https:\/\/premiumline-cabling.com\/#website","url":"https:\/\/premiumline-cabling.com\/","name":"Premium-Line","description":"Structured Cabling System","publisher":{"@id":"https:\/\/premiumline-cabling.com\/#organization"},"potentialAction":[{"@type":"SearchAction","target":{"@type":"EntryPoint","urlTemplate":"https:\/\/premiumline-cabling.com\/?s={search_term_string}"},"query-input":{"@type":"PropertyValueSpecification","valueRequired":true,"valueName":"search_term_string"}}],"inLanguage":"fr-FR"},{"@type":"Organization","@id":"https:\/\/premiumline-cabling.com\/#organization","name":"Premium-Line","url":"https:\/\/premiumline-cabling.com\/","logo":{"@type":"ImageObject","inLanguage":"fr-FR","@id":"https:\/\/premiumline-cabling.com\/#\/schema\/logo\/image\/","url":"https:\/\/premiumline-cabling.com\/wp-content\/uploads\/2019\/04\/cropped-img_logo_site_Premium-Line.png","contentUrl":"https:\/\/premiumline-cabling.com\/wp-content\/uploads\/2019\/04\/cropped-img_logo_site_Premium-Line.png","width":190,"height":62,"caption":"Premium-Line"},"image":{"@id":"https:\/\/premiumline-cabling.com\/#\/schema\/logo\/image\/"}}]}},"_links":{"self":[{"href":"https:\/\/premiumline-cabling.com\/fr\/wp-json\/wp\/v2\/product\/20240","targetHints":{"allow":["GET"]}}],"collection":[{"href":"https:\/\/premiumline-cabling.com\/fr\/wp-json\/wp\/v2\/product"}],"about":[{"href":"https:\/\/premiumline-cabling.com\/fr\/wp-json\/wp\/v2\/types\/product"}],"wp:featuredmedia":[{"embeddable":true,"href":"https:\/\/premiumline-cabling.com\/fr\/wp-json\/wp\/v2\/media\/20241"}],"wp:attachment":[{"href":"https:\/\/premiumline-cabling.com\/fr\/wp-json\/wp\/v2\/media?parent=20240"}],"wp:term":[{"taxonomy":"product_category","embeddable":true,"href":"https:\/\/premiumline-cabling.com\/fr\/wp-json\/wp\/v2\/product_category?post=20240"}],"curies":[{"name":"wp","href":"https:\/\/api.w.org\/{rel}","templated":true}]}}