{"id":20238,"date":"2019-12-06T18:56:31","date_gmt":"2019-12-06T17:56:31","guid":{"rendered":"https:\/\/premiumline-cabling.com\/product\/chat-5e-u-utp-plat\/"},"modified":"2026-01-15T16:22:54","modified_gmt":"2026-01-15T15:22:54","slug":"chat-5e-u-utp-plat","status":"publish","type":"product","link":"https:\/\/premiumline-cabling.com\/fr\/product\/chat-5e-u-utp-plat\/","title":{"rendered":"Cat. 5e U\/UTP Plat"},"content":{"rendered":"<h2>Cordon de brassage Cat\u00e9gorie 5e U\/UTP Plat<\/h2>\n<h2><noscript><img decoding=\"async\" class=\"size-full wp-image-807 alignright\" src=\"https:\/\/premiumline-cabling.com\/wp-content\/uploads\/2019\/02\/img_patch-cord-UUTP-Flat-Patch-Cord.jpg\" alt width=\"260\" height=\"195\"><\/noscript><img decoding=\"async\" class=\"size-full wp-image-807 alignright lazyload\" src=\"data:image\/svg+xml,%3Csvg%20xmlns%3D%22http%3A%2F%2Fwww.w3.org%2F2000%2Fsvg%22%20viewBox%3D%220%200%20260%20195%22%3E%3C%2Fsvg%3E\" alt width=\"260\" height=\"195\" data-src=\"https:\/\/premiumline-cabling.com\/wp-content\/uploads\/2019\/02\/img_patch-cord-UUTP-Flat-Patch-Cord.jpg\"><\/h2>\n<p>Le cordon de brassage plat U\/UTP de cat\u00e9gorie 5e Premium-Line est id\u00e9al pour les installations r\u00e9seau sp\u00e9ciales o\u00f9 l\u2019espace est restreint. Il prend en charge l\u2019ensemble de la transmission du canal Cat.5e conform\u00e9ment aux sp\u00e9cifications de classe D ANSI\/TIA-568-C.2, ISO\/IEC 11801 et EN 50173-1. Le conducteur toronn\u00e9 de 30 AWG et la construction plate sont faciles \u00e0 plier ou \u00e0 changer. Normalement, le cordon de brassage sera dans le c\u00e2blage TIA 568B, TIA 568A ou une autre m\u00e9thode de c\u00e2blage sur demande.<\/p>\n<h4>Applications<\/h4>\n<ul>\n<li>1000BASE-T Gigabit Ethernet<\/li>\n<li>100BASE-TX Fast Ethernet.<\/li>\n<li>10BASE-T Ethernet.<\/li>\n<li>Applications vocales, vid\u00e9o et autres.<\/li>\n<\/ul>\n<h4>La construction<\/h4>\n<table>\n<thead>\n<tr>\n<td><strong>Chef d&#8217;orchestre<\/strong><\/td>\n<td><strong>Mat\u00e9riau \/ taille<\/strong><\/td>\n<td colspan=\"2\"><strong>Cuivre nu \/ 30 AWG<\/strong><\/td>\n<\/tr>\n<\/thead>\n<tbody>\n<tr>\n<td>Isolation<\/td>\n<td>Mat\u00e9riau<\/td>\n<td colspan=\"2\">PEHD<\/td>\n<\/tr>\n<tr>\n<td rowspan=\"2\">Fourreau<\/td>\n<td>Mat\u00e9riau<\/td>\n<td>PVC<\/td>\n<td>LSOH<\/td>\n<\/tr>\n<tr>\n<td>Diam\u00e8tre<\/td>\n<td>1,6 mm x 6,8 mm<\/td>\n<td>1,6 x 6,8 millim\u00e8tre<\/td>\n<\/tr>\n<\/tbody>\n<\/table>\n<h4><em>Cordon de brassage plat U\/UTP de cat\u00e9gorie 5e<\/em><\/h4>\n<table width=\"100%\">\n<thead>\n<tr>\n<td><strong>LONGUEUR<\/strong><\/td>\n<td><strong>GRIS<\/strong><\/td>\n<td><strong>NOIR<\/strong><\/td>\n<td><strong>BLEU<\/strong><\/td>\n<td><strong>ROUGE<\/strong><\/td>\n<td><strong>JAUNE<\/strong><\/td>\n<\/tr>\n<\/thead>\n<tbody>\n<tr>\n<td>0,5m<\/td>\n<td>185510055<\/td>\n<td>185510052<\/td>\n<td>185510054<\/td>\n<td>185510053<\/td>\n<td>185510058<\/td>\n<\/tr>\n<tr>\n<td>1m<\/td>\n<td>185510105<\/td>\n<td>185510102<\/td>\n<td>185510104<\/td>\n<td>185510103<\/td>\n<td>185510108<\/td>\n<\/tr>\n<tr>\n<td>2m<\/td>\n<td>185510205<\/td>\n<td>185510202<\/td>\n<td>185510204<\/td>\n<td>185510203<\/td>\n<td>185510208<\/td>\n<\/tr>\n<tr>\n<td>3m<\/td>\n<td>185510305<\/td>\n<td>185510302<\/td>\n<td>185510304<\/td>\n<td>185510303<\/td>\n<td>185510308<\/td>\n<\/tr>\n<tr>\n<td>5m<\/td>\n<td>185510505<\/td>\n<td>185510502<\/td>\n<td>185510504<\/td>\n<td>185510503<\/td>\n<td>185510508<\/td>\n<\/tr>\n<tr>\n<td>7m<\/td>\n<td>185510705<\/td>\n<td>185510702<\/td>\n<td>185510704<\/td>\n<td>185510703<\/td>\n<td>185510708<\/td>\n<\/tr>\n<tr>\n<td>10m<\/td>\n<td>185511005<\/td>\n<td>185511002<\/td>\n<td>185511004<\/td>\n<td>185511003<\/td>\n<td>185511008<\/td>\n<\/tr>\n<\/tbody>\n<\/table>\n<p>Autres longueurs, couleurs ou halog\u00e8ne sur demande.<\/p>\n","protected":false},"featured_media":20239,"template":"","product_category":[414],"class_list":["post-20238","product","type-product","status-publish","has-post-thumbnail","hentry","product_category-cordon-de-brassage-cat-5e"],"yoast_head":"<!-- This site is optimized with the Yoast SEO plugin v27.2 - https:\/\/yoast.com\/product\/yoast-seo-wordpress\/ -->\n<title>Cordon de brassage Premium-Line Cat\u00e9gorie 5e U\/UTP Plat<\/title>\n<meta name=\"description\" content=\"Le cordon de brassage Premium-Line de cat\u00e9gorie 5e prend en charge la transmission de l\u2019ensemble du canal conform\u00e9ment aux normes ANSI\/TIA-568-C.2, ISO\/IEC 11801 et EN 50173-1 Classe D.\" \/>\n<meta name=\"robots\" content=\"index, follow, max-snippet:-1, max-image-preview:large, max-video-preview:-1\" \/>\n<link rel=\"canonical\" href=\"https:\/\/premiumline-cabling.com\/fr\/product\/chat-5e-u-utp-plat\/\" \/>\n<meta property=\"og:locale\" content=\"fr_FR\" \/>\n<meta property=\"og:type\" content=\"article\" \/>\n<meta property=\"og:title\" content=\"Cordon de brassage Premium-Line Cat\u00e9gorie 5e U\/UTP Plat\" \/>\n<meta property=\"og:description\" content=\"Le cordon de brassage Premium-Line de cat\u00e9gorie 5e prend en charge la transmission de l\u2019ensemble du canal conform\u00e9ment aux normes ANSI\/TIA-568-C.2, ISO\/IEC 11801 et EN 50173-1 Classe D.\" \/>\n<meta property=\"og:url\" content=\"https:\/\/premiumline-cabling.com\/fr\/product\/chat-5e-u-utp-plat\/\" \/>\n<meta property=\"og:site_name\" content=\"Premium-Line\" \/>\n<meta property=\"article:modified_time\" content=\"2026-01-15T15:22:54+00:00\" \/>\n<meta property=\"og:image\" content=\"https:\/\/premiumline-cabling.com\/wp-content\/uploads\/2019\/12\/patch_cord_Cat6_uutp_flat.jpg\" \/>\n\t<meta property=\"og:image:width\" content=\"315\" \/>\n\t<meta property=\"og:image:height\" content=\"314\" \/>\n\t<meta property=\"og:image:type\" content=\"image\/jpeg\" \/>\n<meta name=\"twitter:card\" content=\"summary_large_image\" \/>\n<meta name=\"twitter:label1\" content=\"Dur\u00e9e de lecture estim\u00e9e\" \/>\n\t<meta name=\"twitter:data1\" content=\"2 minutes\" \/>\n<script type=\"application\/ld+json\" class=\"yoast-schema-graph\">{\"@context\":\"https:\/\/schema.org\",\"@graph\":[{\"@type\":\"WebPage\",\"@id\":\"https:\/\/premiumline-cabling.com\/fr\/product\/chat-5e-u-utp-plat\/\",\"url\":\"https:\/\/premiumline-cabling.com\/fr\/product\/chat-5e-u-utp-plat\/\",\"name\":\"Cordon de brassage Premium-Line Cat\u00e9gorie 5e U\/UTP Plat\",\"isPartOf\":{\"@id\":\"https:\/\/premiumline-cabling.com\/#website\"},\"primaryImageOfPage\":{\"@id\":\"https:\/\/premiumline-cabling.com\/fr\/product\/chat-5e-u-utp-plat\/#primaryimage\"},\"image\":{\"@id\":\"https:\/\/premiumline-cabling.com\/fr\/product\/chat-5e-u-utp-plat\/#primaryimage\"},\"thumbnailUrl\":\"https:\/\/premiumline-cabling.com\/wp-content\/uploads\/2019\/12\/patch_cord_Cat6_uutp_flat.jpg\",\"datePublished\":\"2019-12-06T17:56:31+00:00\",\"dateModified\":\"2026-01-15T15:22:54+00:00\",\"description\":\"Le cordon de brassage Premium-Line de cat\u00e9gorie 5e prend en charge la transmission de l\u2019ensemble du canal conform\u00e9ment aux normes ANSI\/TIA-568-C.2, ISO\/IEC 11801 et EN 50173-1 Classe D.\",\"breadcrumb\":{\"@id\":\"https:\/\/premiumline-cabling.com\/fr\/product\/chat-5e-u-utp-plat\/#breadcrumb\"},\"inLanguage\":\"fr-FR\",\"potentialAction\":[{\"@type\":\"ReadAction\",\"target\":[\"https:\/\/premiumline-cabling.com\/fr\/product\/chat-5e-u-utp-plat\/\"]}]},{\"@type\":\"ImageObject\",\"inLanguage\":\"fr-FR\",\"@id\":\"https:\/\/premiumline-cabling.com\/fr\/product\/chat-5e-u-utp-plat\/#primaryimage\",\"url\":\"https:\/\/premiumline-cabling.com\/wp-content\/uploads\/2019\/12\/patch_cord_Cat6_uutp_flat.jpg\",\"contentUrl\":\"https:\/\/premiumline-cabling.com\/wp-content\/uploads\/2019\/12\/patch_cord_Cat6_uutp_flat.jpg\",\"width\":315,\"height\":314},{\"@type\":\"BreadcrumbList\",\"@id\":\"https:\/\/premiumline-cabling.com\/fr\/product\/chat-5e-u-utp-plat\/#breadcrumb\",\"itemListElement\":[{\"@type\":\"ListItem\",\"position\":1,\"name\":\"\u0413\u043b\u0430\u0432\u043d\u0430\u044f \u0441\u0442\u0440\u0430\u043d\u0438\u0446\u0430\",\"item\":\"https:\/\/premiumline-cabling.com\/fr\/\"},{\"@type\":\"ListItem\",\"position\":2,\"name\":\"Cat. 5e U\/UTP Plat\"}]},{\"@type\":\"WebSite\",\"@id\":\"https:\/\/premiumline-cabling.com\/#website\",\"url\":\"https:\/\/premiumline-cabling.com\/\",\"name\":\"Premium-Line\",\"description\":\"Structured Cabling System\",\"publisher\":{\"@id\":\"https:\/\/premiumline-cabling.com\/#organization\"},\"potentialAction\":[{\"@type\":\"SearchAction\",\"target\":{\"@type\":\"EntryPoint\",\"urlTemplate\":\"https:\/\/premiumline-cabling.com\/?s={search_term_string}\"},\"query-input\":{\"@type\":\"PropertyValueSpecification\",\"valueRequired\":true,\"valueName\":\"search_term_string\"}}],\"inLanguage\":\"fr-FR\"},{\"@type\":\"Organization\",\"@id\":\"https:\/\/premiumline-cabling.com\/#organization\",\"name\":\"Premium-Line\",\"url\":\"https:\/\/premiumline-cabling.com\/\",\"logo\":{\"@type\":\"ImageObject\",\"inLanguage\":\"fr-FR\",\"@id\":\"https:\/\/premiumline-cabling.com\/#\/schema\/logo\/image\/\",\"url\":\"https:\/\/premiumline-cabling.com\/wp-content\/uploads\/2019\/04\/cropped-img_logo_site_Premium-Line.png\",\"contentUrl\":\"https:\/\/premiumline-cabling.com\/wp-content\/uploads\/2019\/04\/cropped-img_logo_site_Premium-Line.png\",\"width\":190,\"height\":62,\"caption\":\"Premium-Line\"},\"image\":{\"@id\":\"https:\/\/premiumline-cabling.com\/#\/schema\/logo\/image\/\"}}]}<\/script>\n<!-- \/ Yoast SEO plugin. -->","yoast_head_json":{"title":"Cordon de brassage Premium-Line Cat\u00e9gorie 5e U\/UTP Plat","description":"Le cordon de brassage Premium-Line de cat\u00e9gorie 5e prend en charge la transmission de l\u2019ensemble du canal conform\u00e9ment aux normes ANSI\/TIA-568-C.2, ISO\/IEC 11801 et EN 50173-1 Classe D.","robots":{"index":"index","follow":"follow","max-snippet":"max-snippet:-1","max-image-preview":"max-image-preview:large","max-video-preview":"max-video-preview:-1"},"canonical":"https:\/\/premiumline-cabling.com\/fr\/product\/chat-5e-u-utp-plat\/","og_locale":"fr_FR","og_type":"article","og_title":"Cordon de brassage Premium-Line Cat\u00e9gorie 5e U\/UTP Plat","og_description":"Le cordon de brassage Premium-Line de cat\u00e9gorie 5e prend en charge la transmission de l\u2019ensemble du canal conform\u00e9ment aux normes ANSI\/TIA-568-C.2, ISO\/IEC 11801 et EN 50173-1 Classe D.","og_url":"https:\/\/premiumline-cabling.com\/fr\/product\/chat-5e-u-utp-plat\/","og_site_name":"Premium-Line","article_modified_time":"2026-01-15T15:22:54+00:00","og_image":[{"width":315,"height":314,"url":"https:\/\/premiumline-cabling.com\/wp-content\/uploads\/2019\/12\/patch_cord_Cat6_uutp_flat.jpg","type":"image\/jpeg"}],"twitter_card":"summary_large_image","twitter_misc":{"Dur\u00e9e de lecture estim\u00e9e":"2 minutes"},"schema":{"@context":"https:\/\/schema.org","@graph":[{"@type":"WebPage","@id":"https:\/\/premiumline-cabling.com\/fr\/product\/chat-5e-u-utp-plat\/","url":"https:\/\/premiumline-cabling.com\/fr\/product\/chat-5e-u-utp-plat\/","name":"Cordon de brassage Premium-Line Cat\u00e9gorie 5e U\/UTP Plat","isPartOf":{"@id":"https:\/\/premiumline-cabling.com\/#website"},"primaryImageOfPage":{"@id":"https:\/\/premiumline-cabling.com\/fr\/product\/chat-5e-u-utp-plat\/#primaryimage"},"image":{"@id":"https:\/\/premiumline-cabling.com\/fr\/product\/chat-5e-u-utp-plat\/#primaryimage"},"thumbnailUrl":"https:\/\/premiumline-cabling.com\/wp-content\/uploads\/2019\/12\/patch_cord_Cat6_uutp_flat.jpg","datePublished":"2019-12-06T17:56:31+00:00","dateModified":"2026-01-15T15:22:54+00:00","description":"Le cordon de brassage Premium-Line de cat\u00e9gorie 5e prend en charge la transmission de l\u2019ensemble du canal conform\u00e9ment aux normes ANSI\/TIA-568-C.2, ISO\/IEC 11801 et EN 50173-1 Classe D.","breadcrumb":{"@id":"https:\/\/premiumline-cabling.com\/fr\/product\/chat-5e-u-utp-plat\/#breadcrumb"},"inLanguage":"fr-FR","potentialAction":[{"@type":"ReadAction","target":["https:\/\/premiumline-cabling.com\/fr\/product\/chat-5e-u-utp-plat\/"]}]},{"@type":"ImageObject","inLanguage":"fr-FR","@id":"https:\/\/premiumline-cabling.com\/fr\/product\/chat-5e-u-utp-plat\/#primaryimage","url":"https:\/\/premiumline-cabling.com\/wp-content\/uploads\/2019\/12\/patch_cord_Cat6_uutp_flat.jpg","contentUrl":"https:\/\/premiumline-cabling.com\/wp-content\/uploads\/2019\/12\/patch_cord_Cat6_uutp_flat.jpg","width":315,"height":314},{"@type":"BreadcrumbList","@id":"https:\/\/premiumline-cabling.com\/fr\/product\/chat-5e-u-utp-plat\/#breadcrumb","itemListElement":[{"@type":"ListItem","position":1,"name":"\u0413\u043b\u0430\u0432\u043d\u0430\u044f \u0441\u0442\u0440\u0430\u043d\u0438\u0446\u0430","item":"https:\/\/premiumline-cabling.com\/fr\/"},{"@type":"ListItem","position":2,"name":"Cat. 5e U\/UTP Plat"}]},{"@type":"WebSite","@id":"https:\/\/premiumline-cabling.com\/#website","url":"https:\/\/premiumline-cabling.com\/","name":"Premium-Line","description":"Structured Cabling System","publisher":{"@id":"https:\/\/premiumline-cabling.com\/#organization"},"potentialAction":[{"@type":"SearchAction","target":{"@type":"EntryPoint","urlTemplate":"https:\/\/premiumline-cabling.com\/?s={search_term_string}"},"query-input":{"@type":"PropertyValueSpecification","valueRequired":true,"valueName":"search_term_string"}}],"inLanguage":"fr-FR"},{"@type":"Organization","@id":"https:\/\/premiumline-cabling.com\/#organization","name":"Premium-Line","url":"https:\/\/premiumline-cabling.com\/","logo":{"@type":"ImageObject","inLanguage":"fr-FR","@id":"https:\/\/premiumline-cabling.com\/#\/schema\/logo\/image\/","url":"https:\/\/premiumline-cabling.com\/wp-content\/uploads\/2019\/04\/cropped-img_logo_site_Premium-Line.png","contentUrl":"https:\/\/premiumline-cabling.com\/wp-content\/uploads\/2019\/04\/cropped-img_logo_site_Premium-Line.png","width":190,"height":62,"caption":"Premium-Line"},"image":{"@id":"https:\/\/premiumline-cabling.com\/#\/schema\/logo\/image\/"}}]}},"_links":{"self":[{"href":"https:\/\/premiumline-cabling.com\/fr\/wp-json\/wp\/v2\/product\/20238","targetHints":{"allow":["GET"]}}],"collection":[{"href":"https:\/\/premiumline-cabling.com\/fr\/wp-json\/wp\/v2\/product"}],"about":[{"href":"https:\/\/premiumline-cabling.com\/fr\/wp-json\/wp\/v2\/types\/product"}],"wp:featuredmedia":[{"embeddable":true,"href":"https:\/\/premiumline-cabling.com\/fr\/wp-json\/wp\/v2\/media\/20239"}],"wp:attachment":[{"href":"https:\/\/premiumline-cabling.com\/fr\/wp-json\/wp\/v2\/media?parent=20238"}],"wp:term":[{"taxonomy":"product_category","embeddable":true,"href":"https:\/\/premiumline-cabling.com\/fr\/wp-json\/wp\/v2\/product_category?post=20238"}],"curies":[{"name":"wp","href":"https:\/\/api.w.org\/{rel}","templated":true}]}}