{"id":20209,"date":"2019-11-28T10:59:30","date_gmt":"2019-11-28T09:59:30","guid":{"rendered":"https:\/\/premiumline-cabling.com\/product\/chat-6a-0-5u-blinde\/"},"modified":"2024-05-08T09:57:51","modified_gmt":"2024-05-08T08:57:51","slug":"chat-6a-0-5u-blinde","status":"publish","type":"product","link":"https:\/\/premiumline-cabling.com\/fr\/product\/chat-6a-0-5u-blinde\/","title":{"rendered":"Cat. 6A 0,5U blind\u00e9"},"content":{"rendered":"<div id=\"attachment_855\" style=\"width: 230px\" class=\"wp-caption alignright\"><noscript><img decoding=\"async\" aria-describedby=\"caption-attachment-855\" class=\"size-full wp-image-855\" src=\"https:\/\/premiumline-cabling.com\/wp-content\/uploads\/2019\/02\/img_PL_179272412-Cat6A_0.6U_panel_776cf9fd13.jpg\" alt width=\"220\" height=\"68\"><\/noscript><img decoding=\"async\" aria-describedby=\"caption-attachment-855\" class=\"size-full wp-image-855 lazyload\" src=\"data:image\/svg+xml,%3Csvg%20xmlns%3D%22http%3A%2F%2Fwww.w3.org%2F2000%2Fsvg%22%20viewBox%3D%220%200%20220%2068%22%3E%3C%2Fsvg%3E\" alt width=\"220\" height=\"68\" data-src=\"https:\/\/premiumline-cabling.com\/wp-content\/uploads\/2019\/02\/img_PL_179272412-Cat6A_0.6U_panel_776cf9fd13.jpg\"><p id=\"caption-attachment-855\" class=\"wp-caption-text\">179272412<\/p><\/div>\n<h2>Panneau de brassage blind\u00e9 Cat.6A 90\u00b0 1U, 24 ports, double type IDC.<\/h2>\n<p>Le panneau de brassage bind\u00e9 Premium-Line Cat\u00e9gorie 6A 0.5U fournit des solutions de haute densit\u00e9 qui simplifient et acc\u00e9l\u00e8rent le d\u00e9ploiement et l&#8217;entretien. Il est con\u00e7u pour offrir une flexibilit\u00e9 maximale et des performances \u00e9lev\u00e9es pour tous les r\u00e9seaux 10G. Les performances sont conformes aux exigences de liaison\/canal permanent Cat.6A propos\u00e9es par les sp\u00e9cifications ANSI\/TIA-568-C.2, ISO\/IEC 11801 et EN 50173-1 Classe E.<\/p>\n<p>Le panneau de brassage blind\u00e9 Premium-Line Cat\u00e9gorie 6A 0,5U est de taille standard 19&#8243; mais de taille 0,5U afin d&#8217;\u00e9conomiser de l&#8217;espace dans le rack. Il y a 24 ports dans 0.5U ou 48 ports dans 1U avec des performances pour 10 Gigabit Ethernet qui peuvent \u00eatre utilis\u00e9s et qui sont conformes aux normes pour les centres de donn\u00e9es ANSI7TIA-942 et ISO\/IEC 24764.<\/p>\n<table>\n<tbody>\n<tr style=\"height: 66px;\">\n<td style=\"text-align: left; height: 41px; width: 312px;\" colspan=\"2\">\n<h4><strong>Caract\u00e9ristiques physiques<\/strong><\/h4>\n<\/td>\n<\/tr>\n<tr style=\"height: 72px;\">\n<td style=\"height: 54px; width: 100px;\">Jack<\/td>\n<td style=\"height: 54px; width: 212px;\">Bronze phosphoreux, recouvert d&#8217;une couche d&#8217;or de 50\u00b5 de pouce<br>\nnickel dans la zone de contact<\/td>\n<\/tr>\n<tr style=\"height: 48px;\">\n<td style=\"height: 48px; width: 100px;\">IDC<\/td>\n<td style=\"height: 48px; width: 212px;\">100\u00b5 pouce nickel\u00e9 sur bronze phosphoreux<\/td>\n<\/tr>\n<tr style=\"height: 48px;\">\n<td style=\"height: 48px; width: 100px;\">Couvercle blind\u00e9<\/td>\n<td style=\"height: 48px; width: 212px;\">50~60\u00b5 pouce nickel\u00e9 sur alliage de zinc<\/td>\n<\/tr>\n<tr style=\"height: 24px;\">\n<td style=\"height: 24px; width: 100px;\"><\/td>\n<td style=\"height: 24px; width: 212px;\"><\/td>\n<\/tr>\n<tr style=\"height: 66px;\">\n<td style=\"text-align: left; height: 66px; width: 312px;\" colspan=\"2\">\n<h4><strong>Caract\u00e9ristiques \u00e9lectriques<\/strong><\/h4>\n<\/td>\n<\/tr>\n<tr style=\"height: 48px;\">\n<td style=\"height: 48px; width: 100px;\">Rigidit\u00e9 di\u00e9lectrique<\/td>\n<td style=\"height: 48px; width: 212px;\">1000V RMS pendant 1min<\/td>\n<\/tr>\n<tr style=\"height: 48px;\">\n<td style=\"height: 48px; width: 100px;\">Valeur nominale actuelle<\/td>\n<td style=\"height: 48px; width: 212px;\">1.5Amp Max.<\/td>\n<\/tr>\n<tr style=\"height: 48px;\">\n<td style=\"height: 48px; width: 100px;\">R\u00e9sistance de l&#8217;isolation<\/td>\n<td style=\"height: 48px; width: 212px;\">10M\u03a9 Min.<\/td>\n<\/tr>\n<tr style=\"height: 48px;\">\n<td style=\"height: 48px; width: 100px;\">R\u00e9sistance des contacts<\/td>\n<td style=\"height: 48px; width: 212px;\">2m\u03a9 par contact<\/td>\n<\/tr>\n<tr style=\"height: 48px;\">\n<td style=\"height: 48px; width: 100px;\">Plage de temp\u00e9rature<\/td>\n<td style=\"height: 48px; width: 212px;\">De -10\u00b0C \u00e0 60\u00b0C<\/td>\n<\/tr>\n<tr style=\"height: 24px;\">\n<td style=\"height: 24px; width: 100px;\">Humidit\u00e9<\/td>\n<td style=\"height: 24px; width: 212px;\">10%~90% ; sans condensation<\/td>\n<\/tr>\n<tr style=\"height: 24px;\">\n<td style=\"height: 24px; width: 100px;\"><\/td>\n<td style=\"height: 24px; width: 212px;\"><\/td>\n<\/tr>\n<tr style=\"height: 66px;\">\n<td style=\"height: 66px; width: 312px;\" colspan=\"2\">\n<h4 style=\"text-align: left;\"><strong>Applications<\/strong><\/h4>\n<\/td>\n<\/tr>\n<tr style=\"height: 24px;\">\n<td style=\"height: 24px; width: 312px;\" colspan=\"2\">\n<ul>\n<li style=\"text-align: left;\">10GBASE-T Ethernet<\/li>\n<li style=\"text-align: left;\">1000BASE-Tx Gigabit Ethernet<\/li>\n<li style=\"text-align: left;\">1000BASE-T Gigabit Ethernet<\/li>\n<li style=\"text-align: left;\">100BASE-Tx Fast Ethernet<\/li>\n<li style=\"text-align: left;\">10BASE-T Ethernet<\/li>\n<li style=\"text-align: left;\">Applications vocales, vid\u00e9o et autres<\/li>\n<\/ul>\n<\/td>\n<\/tr>\n<\/tbody>\n<\/table>\n<p>Tous les produits sont v\u00e9rifi\u00e9s par rapport aux caract\u00e9ristiques \u00e9lectriques requises par la directive.<\/p>\n<table width=\"647\">\n<thead>\n<tr>\n<td><strong>PART NO.<\/strong><\/td>\n<td><strong>DESCRIPTION<\/strong><\/td>\n<td><strong>TAILLE DE L&#8217;EMBALLAGE<\/strong><\/td>\n<\/tr>\n<\/thead>\n<tbody>\n<tr>\n<td>179212412<\/td>\n<td>Panneau de brassage blind\u00e9 Premium-Line ,Cat.6A 90\u00b0 1U, double type IDC,<br>\n24 ports, noir<\/td>\n<td>54x25x23,5 cm<\/td>\n<\/tr>\n<tr>\n<td>179212419<\/td>\n<td>Panneau de brassage blind\u00e9 Premium-Line ,Cat.6A 90\u00b0 1U, double type IDC,<br>\n24 ports, RAL7035<\/td>\n<td>54x25x23,5 cm<\/td>\n<\/tr>\n<\/tbody>\n<\/table>\n<p>&nbsp;<\/p>\n","protected":false},"featured_media":20210,"template":"","product_category":[413],"class_list":["post-20209","product","type-product","status-publish","has-post-thumbnail","hentry","product_category-panneau-de-raccordement-blinde"],"yoast_head":"<!-- This site is optimized with the Yoast SEO plugin v27.4 - https:\/\/yoast.com\/product\/yoast-seo-wordpress\/ -->\n<title>Panneau de brassage blind\u00e9 Premium-Line,Cat.6A 90\u00b0, 1U 24 ports, IDC<\/title>\n<meta name=\"description\" content=\"Le panneau de brassage blind\u00e9 Premium-Line Cat\u00e9gorie 6A 0,5U est de taille standard 19&quot; mais de taille 0,5U afin d&#039;\u00e9conomiser de l&#039;espace dans le rack.\" \/>\n<meta name=\"robots\" content=\"index, follow, max-snippet:-1, max-image-preview:large, max-video-preview:-1\" \/>\n<link rel=\"canonical\" href=\"https:\/\/premiumline-cabling.com\/fr\/product\/chat-6a-0-5u-blinde\/\" \/>\n<meta property=\"og:locale\" content=\"fr_FR\" \/>\n<meta property=\"og:type\" content=\"article\" \/>\n<meta property=\"og:title\" content=\"Panneau de brassage blind\u00e9 Premium-Line,Cat.6A 90\u00b0, 1U 24 ports, IDC\" \/>\n<meta property=\"og:description\" content=\"Le panneau de brassage blind\u00e9 Premium-Line Cat\u00e9gorie 6A 0,5U est de taille standard 19&quot; mais de taille 0,5U afin d&#039;\u00e9conomiser de l&#039;espace dans le rack.\" \/>\n<meta property=\"og:url\" content=\"https:\/\/premiumline-cabling.com\/fr\/product\/chat-6a-0-5u-blinde\/\" \/>\n<meta property=\"og:site_name\" content=\"Premium-Line\" \/>\n<meta property=\"article:modified_time\" content=\"2024-05-08T08:57:51+00:00\" \/>\n<meta property=\"og:image\" content=\"https:\/\/premiumline-cabling.com\/wp-content\/uploads\/2019\/11\/PP_6a_s_90_0_5U.jpg\" \/>\n\t<meta property=\"og:image:width\" content=\"1436\" \/>\n\t<meta property=\"og:image:height\" content=\"1436\" \/>\n\t<meta property=\"og:image:type\" content=\"image\/jpeg\" \/>\n<meta name=\"twitter:card\" content=\"summary_large_image\" \/>\n<meta name=\"twitter:label1\" content=\"Dur\u00e9e de lecture estim\u00e9e\" \/>\n\t<meta name=\"twitter:data1\" content=\"2 minutes\" \/>\n<script type=\"application\/ld+json\" class=\"yoast-schema-graph\">{\"@context\":\"https:\\\/\\\/schema.org\",\"@graph\":[{\"@type\":\"WebPage\",\"@id\":\"https:\\\/\\\/premiumline-cabling.com\\\/fr\\\/product\\\/chat-6a-0-5u-blinde\\\/\",\"url\":\"https:\\\/\\\/premiumline-cabling.com\\\/fr\\\/product\\\/chat-6a-0-5u-blinde\\\/\",\"name\":\"Panneau de brassage blind\u00e9 Premium-Line,Cat.6A 90\u00b0, 1U 24 ports, IDC\",\"isPartOf\":{\"@id\":\"https:\\\/\\\/premiumline-cabling.com\\\/#website\"},\"primaryImageOfPage\":{\"@id\":\"https:\\\/\\\/premiumline-cabling.com\\\/fr\\\/product\\\/chat-6a-0-5u-blinde\\\/#primaryimage\"},\"image\":{\"@id\":\"https:\\\/\\\/premiumline-cabling.com\\\/fr\\\/product\\\/chat-6a-0-5u-blinde\\\/#primaryimage\"},\"thumbnailUrl\":\"https:\\\/\\\/premiumline-cabling.com\\\/wp-content\\\/uploads\\\/2019\\\/11\\\/PP_6a_s_90_0_5U.jpg\",\"datePublished\":\"2019-11-28T09:59:30+00:00\",\"dateModified\":\"2024-05-08T08:57:51+00:00\",\"description\":\"Le panneau de brassage blind\u00e9 Premium-Line Cat\u00e9gorie 6A 0,5U est de taille standard 19\\\" mais de taille 0,5U afin d'\u00e9conomiser de l'espace dans le rack.\",\"breadcrumb\":{\"@id\":\"https:\\\/\\\/premiumline-cabling.com\\\/fr\\\/product\\\/chat-6a-0-5u-blinde\\\/#breadcrumb\"},\"inLanguage\":\"fr-FR\",\"potentialAction\":[{\"@type\":\"ReadAction\",\"target\":[\"https:\\\/\\\/premiumline-cabling.com\\\/fr\\\/product\\\/chat-6a-0-5u-blinde\\\/\"]}]},{\"@type\":\"ImageObject\",\"inLanguage\":\"fr-FR\",\"@id\":\"https:\\\/\\\/premiumline-cabling.com\\\/fr\\\/product\\\/chat-6a-0-5u-blinde\\\/#primaryimage\",\"url\":\"https:\\\/\\\/premiumline-cabling.com\\\/wp-content\\\/uploads\\\/2019\\\/11\\\/PP_6a_s_90_0_5U.jpg\",\"contentUrl\":\"https:\\\/\\\/premiumline-cabling.com\\\/wp-content\\\/uploads\\\/2019\\\/11\\\/PP_6a_s_90_0_5U.jpg\",\"width\":1436,\"height\":1436},{\"@type\":\"BreadcrumbList\",\"@id\":\"https:\\\/\\\/premiumline-cabling.com\\\/fr\\\/product\\\/chat-6a-0-5u-blinde\\\/#breadcrumb\",\"itemListElement\":[{\"@type\":\"ListItem\",\"position\":1,\"name\":\"\u0413\u043b\u0430\u0432\u043d\u0430\u044f \u0441\u0442\u0440\u0430\u043d\u0438\u0446\u0430\",\"item\":\"https:\\\/\\\/premiumline-cabling.com\\\/fr\\\/\"},{\"@type\":\"ListItem\",\"position\":2,\"name\":\"Cat. 6A 0,5U blind\u00e9\"}]},{\"@type\":\"WebSite\",\"@id\":\"https:\\\/\\\/premiumline-cabling.com\\\/#website\",\"url\":\"https:\\\/\\\/premiumline-cabling.com\\\/\",\"name\":\"Premium-Line\",\"description\":\"Structured Cabling System\",\"publisher\":{\"@id\":\"https:\\\/\\\/premiumline-cabling.com\\\/#organization\"},\"potentialAction\":[{\"@type\":\"SearchAction\",\"target\":{\"@type\":\"EntryPoint\",\"urlTemplate\":\"https:\\\/\\\/premiumline-cabling.com\\\/?s={search_term_string}\"},\"query-input\":{\"@type\":\"PropertyValueSpecification\",\"valueRequired\":true,\"valueName\":\"search_term_string\"}}],\"inLanguage\":\"fr-FR\"},{\"@type\":\"Organization\",\"@id\":\"https:\\\/\\\/premiumline-cabling.com\\\/#organization\",\"name\":\"Premium-Line\",\"url\":\"https:\\\/\\\/premiumline-cabling.com\\\/\",\"logo\":{\"@type\":\"ImageObject\",\"inLanguage\":\"fr-FR\",\"@id\":\"https:\\\/\\\/premiumline-cabling.com\\\/#\\\/schema\\\/logo\\\/image\\\/\",\"url\":\"https:\\\/\\\/premiumline-cabling.com\\\/wp-content\\\/uploads\\\/2019\\\/04\\\/cropped-img_logo_site_Premium-Line.png\",\"contentUrl\":\"https:\\\/\\\/premiumline-cabling.com\\\/wp-content\\\/uploads\\\/2019\\\/04\\\/cropped-img_logo_site_Premium-Line.png\",\"width\":190,\"height\":62,\"caption\":\"Premium-Line\"},\"image\":{\"@id\":\"https:\\\/\\\/premiumline-cabling.com\\\/#\\\/schema\\\/logo\\\/image\\\/\"}}]}<\/script>\n<!-- \/ Yoast SEO plugin. -->","yoast_head_json":{"title":"Panneau de brassage blind\u00e9 Premium-Line,Cat.6A 90\u00b0, 1U 24 ports, IDC","description":"Le panneau de brassage blind\u00e9 Premium-Line Cat\u00e9gorie 6A 0,5U est de taille standard 19\" mais de taille 0,5U afin d'\u00e9conomiser de l'espace dans le rack.","robots":{"index":"index","follow":"follow","max-snippet":"max-snippet:-1","max-image-preview":"max-image-preview:large","max-video-preview":"max-video-preview:-1"},"canonical":"https:\/\/premiumline-cabling.com\/fr\/product\/chat-6a-0-5u-blinde\/","og_locale":"fr_FR","og_type":"article","og_title":"Panneau de brassage blind\u00e9 Premium-Line,Cat.6A 90\u00b0, 1U 24 ports, IDC","og_description":"Le panneau de brassage blind\u00e9 Premium-Line Cat\u00e9gorie 6A 0,5U est de taille standard 19\" mais de taille 0,5U afin d'\u00e9conomiser de l'espace dans le rack.","og_url":"https:\/\/premiumline-cabling.com\/fr\/product\/chat-6a-0-5u-blinde\/","og_site_name":"Premium-Line","article_modified_time":"2024-05-08T08:57:51+00:00","og_image":[{"width":1436,"height":1436,"url":"https:\/\/premiumline-cabling.com\/wp-content\/uploads\/2019\/11\/PP_6a_s_90_0_5U.jpg","type":"image\/jpeg"}],"twitter_card":"summary_large_image","twitter_misc":{"Dur\u00e9e de lecture estim\u00e9e":"2 minutes"},"schema":{"@context":"https:\/\/schema.org","@graph":[{"@type":"WebPage","@id":"https:\/\/premiumline-cabling.com\/fr\/product\/chat-6a-0-5u-blinde\/","url":"https:\/\/premiumline-cabling.com\/fr\/product\/chat-6a-0-5u-blinde\/","name":"Panneau de brassage blind\u00e9 Premium-Line,Cat.6A 90\u00b0, 1U 24 ports, IDC","isPartOf":{"@id":"https:\/\/premiumline-cabling.com\/#website"},"primaryImageOfPage":{"@id":"https:\/\/premiumline-cabling.com\/fr\/product\/chat-6a-0-5u-blinde\/#primaryimage"},"image":{"@id":"https:\/\/premiumline-cabling.com\/fr\/product\/chat-6a-0-5u-blinde\/#primaryimage"},"thumbnailUrl":"https:\/\/premiumline-cabling.com\/wp-content\/uploads\/2019\/11\/PP_6a_s_90_0_5U.jpg","datePublished":"2019-11-28T09:59:30+00:00","dateModified":"2024-05-08T08:57:51+00:00","description":"Le panneau de brassage blind\u00e9 Premium-Line Cat\u00e9gorie 6A 0,5U est de taille standard 19\" mais de taille 0,5U afin d'\u00e9conomiser de l'espace dans le rack.","breadcrumb":{"@id":"https:\/\/premiumline-cabling.com\/fr\/product\/chat-6a-0-5u-blinde\/#breadcrumb"},"inLanguage":"fr-FR","potentialAction":[{"@type":"ReadAction","target":["https:\/\/premiumline-cabling.com\/fr\/product\/chat-6a-0-5u-blinde\/"]}]},{"@type":"ImageObject","inLanguage":"fr-FR","@id":"https:\/\/premiumline-cabling.com\/fr\/product\/chat-6a-0-5u-blinde\/#primaryimage","url":"https:\/\/premiumline-cabling.com\/wp-content\/uploads\/2019\/11\/PP_6a_s_90_0_5U.jpg","contentUrl":"https:\/\/premiumline-cabling.com\/wp-content\/uploads\/2019\/11\/PP_6a_s_90_0_5U.jpg","width":1436,"height":1436},{"@type":"BreadcrumbList","@id":"https:\/\/premiumline-cabling.com\/fr\/product\/chat-6a-0-5u-blinde\/#breadcrumb","itemListElement":[{"@type":"ListItem","position":1,"name":"\u0413\u043b\u0430\u0432\u043d\u0430\u044f \u0441\u0442\u0440\u0430\u043d\u0438\u0446\u0430","item":"https:\/\/premiumline-cabling.com\/fr\/"},{"@type":"ListItem","position":2,"name":"Cat. 6A 0,5U blind\u00e9"}]},{"@type":"WebSite","@id":"https:\/\/premiumline-cabling.com\/#website","url":"https:\/\/premiumline-cabling.com\/","name":"Premium-Line","description":"Structured Cabling System","publisher":{"@id":"https:\/\/premiumline-cabling.com\/#organization"},"potentialAction":[{"@type":"SearchAction","target":{"@type":"EntryPoint","urlTemplate":"https:\/\/premiumline-cabling.com\/?s={search_term_string}"},"query-input":{"@type":"PropertyValueSpecification","valueRequired":true,"valueName":"search_term_string"}}],"inLanguage":"fr-FR"},{"@type":"Organization","@id":"https:\/\/premiumline-cabling.com\/#organization","name":"Premium-Line","url":"https:\/\/premiumline-cabling.com\/","logo":{"@type":"ImageObject","inLanguage":"fr-FR","@id":"https:\/\/premiumline-cabling.com\/#\/schema\/logo\/image\/","url":"https:\/\/premiumline-cabling.com\/wp-content\/uploads\/2019\/04\/cropped-img_logo_site_Premium-Line.png","contentUrl":"https:\/\/premiumline-cabling.com\/wp-content\/uploads\/2019\/04\/cropped-img_logo_site_Premium-Line.png","width":190,"height":62,"caption":"Premium-Line"},"image":{"@id":"https:\/\/premiumline-cabling.com\/#\/schema\/logo\/image\/"}}]}},"_links":{"self":[{"href":"https:\/\/premiumline-cabling.com\/fr\/wp-json\/wp\/v2\/product\/20209","targetHints":{"allow":["GET"]}}],"collection":[{"href":"https:\/\/premiumline-cabling.com\/fr\/wp-json\/wp\/v2\/product"}],"about":[{"href":"https:\/\/premiumline-cabling.com\/fr\/wp-json\/wp\/v2\/types\/product"}],"wp:featuredmedia":[{"embeddable":true,"href":"https:\/\/premiumline-cabling.com\/fr\/wp-json\/wp\/v2\/media\/20210"}],"wp:attachment":[{"href":"https:\/\/premiumline-cabling.com\/fr\/wp-json\/wp\/v2\/media?parent=20209"}],"wp:term":[{"taxonomy":"product_category","embeddable":true,"href":"https:\/\/premiumline-cabling.com\/fr\/wp-json\/wp\/v2\/product_category?post=20209"}],"curies":[{"name":"wp","href":"https:\/\/api.w.org\/{rel}","templated":true}]}}