{"id":20206,"date":"2019-11-28T12:05:32","date_gmt":"2019-11-28T11:05:32","guid":{"rendered":"https:\/\/premiumline-cabling.com\/product\/chat-6a-1u-non-blinde\/"},"modified":"2024-05-08T10:31:13","modified_gmt":"2024-05-08T09:31:13","slug":"chat-6a-1u-non-blinde","status":"publish","type":"product","link":"https:\/\/premiumline-cabling.com\/fr\/product\/chat-6a-1u-non-blinde\/","title":{"rendered":"Cat. 6A 1U non blind\u00e9"},"content":{"rendered":"<h2>Panneau de brassage non blind\u00e9 Cat.6A 180\u00b0 1U, , 24 ports double type IDC<\/h2>\n<p>Le panneau de raccordement Premium-Line Cat\u00e9gorie 6A non blind\u00e9 est conforme aux sp\u00e9cifications ANSI\/TIA-568.2-D:2018, EN 50173-1 et ISO\/IEC 11801-1:2017 Classe EA.<br>\nLe module complet est conforme \u00e0 la directive RoHS de l&#8217;UE.<br>\nLa construction en taille standard 1U 19&#8243; convient \u00e0 toutes les installations en rack 19&#8243;. Le cadre m\u00e9tallique principal est en mat\u00e9riau SECC, d&#8217;une \u00e9paisseur sup\u00e9rieure \u00e0 1,0 mm. L&#8217;IDC de type double accepte les c\u00e2bles solides de 22-26 AWG, faciles \u00e0 terminer avec l&#8217;outil 110 ou Krone.<\/p>\n<p><noscript><img decoding=\"async\" class=\"alignright wp-image-3777 size-medium\" src=\"https:\/\/premiumline-cabling.com\/wp-content\/uploads\/2019\/11\/PP_6a_u_180_1U_f-300x32.jpg\" alt width=\"300\" height=\"32\" srcset=\"https:\/\/premiumline-cabling.com\/wp-content\/uploads\/2019\/11\/PP_6a_u_180_1U_f-300x32.jpg 300w, https:\/\/premiumline-cabling.com\/wp-content\/uploads\/2019\/11\/PP_6a_u_180_1U_f-768x82.jpg 768w, https:\/\/premiumline-cabling.com\/wp-content\/uploads\/2019\/11\/PP_6a_u_180_1U_f.jpg 896w\" sizes=\"(max-width: 300px) 100vw, 300px\"><\/noscript><img decoding=\"async\" class=\"alignright wp-image-3777 size-medium lazyload\" src=\"data:image\/svg+xml,%3Csvg%20xmlns%3D%22http%3A%2F%2Fwww.w3.org%2F2000%2Fsvg%22%20viewBox%3D%220%200%20300%2032%22%3E%3C%2Fsvg%3E\" alt width=\"300\" height=\"32\" srcset=\"data:image\/svg+xml,%3Csvg%20xmlns%3D%22http%3A%2F%2Fwww.w3.org%2F2000%2Fsvg%22%20viewBox%3D%220%200%20300%2032%22%3E%3C%2Fsvg%3E 300w\" sizes=\"(max-width: 300px) 100vw, 300px\" data-srcset=\"https:\/\/premiumline-cabling.com\/wp-content\/uploads\/2019\/11\/PP_6a_u_180_1U_f-300x32.jpg 300w, https:\/\/premiumline-cabling.com\/wp-content\/uploads\/2019\/11\/PP_6a_u_180_1U_f-768x82.jpg 768w, https:\/\/premiumline-cabling.com\/wp-content\/uploads\/2019\/11\/PP_6a_u_180_1U_f.jpg 896w\" data-src=\"https:\/\/premiumline-cabling.com\/wp-content\/uploads\/2019\/11\/PP_6a_u_180_1U_f-300x32.jpg\"><\/p>\n<h3>CARACT\u00c9RISTIQUES :<\/h3>\n<ul>\n<li>Hauteur : 1U, supporte le c\u00e2blage T568 A&amp;B et facilite l&#8217;installation<\/li>\n<li>Terminer \u00e0 l&#8217;aide des outils 110 ou Krone<\/li>\n<li>Dimensions et montage conformes \u00e0 la norme EIA-310-D<\/li>\n<li>I serre-c\u00e2bles et jeu de vis (M6 x 12)<\/li>\n<\/ul>\n<p>Conforme aux exigences de la Cat.6A comme :<\/p>\n<ul>\n<li>ANSI\/TIA-568.2-D:2018<\/li>\n<li>EN50173-1:2018<\/li>\n<li>IEEE802.3an pour l&#8217;exigence 10GBASE-T<\/li>\n<li>ISO\/IEC 11801 Classe Ea:2017<\/li>\n<\/ul>\n<p>Conforme aux normes de s\u00e9curit\u00e9 :<\/p>\n<ul>\n<li>RoHS (directive europ\u00e9enne 2011\/65\/CE)<\/li>\n<\/ul>\n<h3>APPLICATION :<\/h3>\n<div class=\"page\" data-page-number=\"1\" data-loaded=\"true\">\n<div class=\"textLayer\">\n<ul>\n<li>10GBASE-T Ethernet<\/li>\n<li>1000BASE-TX Gigabit Ethernet<\/li>\n<li>1000BASE-T Gigabit Ethernet<\/li>\n<li>100BASE-TX Fast Ethernet.<\/li>\n<li>10BASE-T Ethernet.<\/li>\n<li>Applications vocales, vid\u00e9o et autres.<\/li>\n<\/ul>\n<h3 class=\"endOfContent\">CARACT\u00c9RISTIQUES :<\/h3>\n<\/div>\n<\/div>\n<div class=\"page\" data-page-number=\"2\" data-loaded=\"true\">\n<div class=\"canvasWrapper\">\n<table width=\"685\">\n<tbody>\n<tr>\n<td width=\"216\">\n<p>Rigidit\u00e9 di\u00e9lectrique<\/p>\n<p>Valeur nominale actuelle<\/p>\n<p>R\u00e9sistance de l&#8217;isolation<\/p>\n<p>R\u00e9sistance des contacts<\/p>\n<p>Plage de temp\u00e9rature<\/p>\n<p>Humidit\u00e9<\/p>\n<p>Conducteur admissible<\/p>\n<p>mat\u00e9riau du panneau :<\/p>\n<p>mat\u00e9riau de la couverture arri\u00e8re :<\/p>\n<p>Mat\u00e9riau du PCB :<\/p>\n<p>Prise PCB<\/p>\n<p>&nbsp;<\/p>\n<p>&nbsp;<\/p>\n<p>&nbsp;<\/p>\n<p>Contacts IDC<\/p>\n<p>&nbsp;<\/p><\/td>\n<td width=\"436\">\n<p>1000V RMS pendant 1min<\/p>\n<p>1.5Amp Max.<\/p>\n<p>10M\u03a9 Min.<\/p>\n<p>2m\u03a9 par contact<\/p>\n<p>-10\u2103 \u00e0 60\u2103<\/p>\n<p>10%~90% ; sans condensation<\/p>\n<p>Fil d&#8217;isolation 22AWG ~ 26AWG<\/p>\n<p>SECC\/1,5 mm d&#8217;\u00e9paisseur<\/p>\n<p>SECC\/1,0 mm d&#8217;\u00e9paisseur<\/p>\n<p>FR4\/1,6 mm d&#8217;\u00e9paisseur<\/p>\n<p>Mat\u00e9riau du bo\u00eetier : polyester charg\u00e9 de verre UL94V-0<\/p>\n<p>mat\u00e9riau de contact\/placage : bronze phosphoreux\/50\u03bc pouce d&#8217;or sur nickel<\/p>\n<p>dur\u00e9e de vie : minimum 750 insertions<\/p>\n<p>mat\u00e9riau du bo\u00eetier : polycarbonate \/UL 94V-0<\/p>\n<p>mat\u00e9riau de contact\/placage : bronze phosphoreux\/placage d&#8217;\u00e9tain sur nickel<\/p>\n<p>dur\u00e9e de vie : minimum 250 retermination<\/p><\/td>\n<\/tr>\n<\/tbody>\n<\/table>\n<\/div>\n<div class=\"textLayer\"><\/div>\n<\/div>\n<h3><strong>Panneau de brassage non blind\u00e9, Cat\u00e9gorie 6A 1U <\/strong><\/h3>\n<table width=\"671\">\n<thead>\n<tr>\n<td style=\"width: 82px; text-align: left;\"><strong>PART NO.<\/strong><\/td>\n<td style=\"width: 456px; text-align: left;\"><strong>DESCRIPTION<\/strong><\/td>\n<td style=\"width: 123px; text-align: left;\"><strong>TAILLE DE L&#8217;EMBALLAGE<\/strong><\/td>\n<\/tr>\n<\/thead>\n<tbody>\n<tr>\n<td style=\"width: 82px;\">179122412<\/td>\n<td style=\"width: 456px;\">Panneau de brassage non blind\u00e9, Premium-Line Cat.6A 180\u00b0, double type IDC, 1U, 24 ports, noir<\/td>\n<td style=\"width: 123px;\">50&#215;24,5&#215;25,5 cm<\/td>\n<\/tr>\n<\/tbody>\n<\/table>\n<h3><\/h3>\n","protected":false},"featured_media":20208,"template":"","product_category":[412],"class_list":["post-20206","product","type-product","status-publish","has-post-thumbnail","hentry","product_category-panneau-de-raccordement-non-blinde"],"yoast_head":"<!-- This site is optimized with the Yoast SEO plugin v27.4 - https:\/\/yoast.com\/product\/yoast-seo-wordpress\/ -->\n<title>Panneau de brassage non blind\u00e9, Premium-Line Cat.6A 180\u00b0 1U IDC, 24 ports<\/title>\n<meta name=\"description\" content=\"Le panneau de brassage Premium-Line Cat\u00e9gorie 6A non blind\u00e9 est conforme aux sp\u00e9cifications ANSI\/TIA-568.2-D:2018, EN 50173-1 et ISO\/IEC 11801-1:2017 Classe EA.\" \/>\n<meta name=\"robots\" content=\"index, follow, max-snippet:-1, max-image-preview:large, max-video-preview:-1\" \/>\n<link rel=\"canonical\" href=\"https:\/\/premiumline-cabling.com\/fr\/product\/chat-6a-1u-non-blinde\/\" \/>\n<meta property=\"og:locale\" content=\"fr_FR\" \/>\n<meta property=\"og:type\" content=\"article\" \/>\n<meta property=\"og:title\" content=\"Panneau de brassage non blind\u00e9, Premium-Line Cat.6A 180\u00b0 1U IDC, 24 ports\" \/>\n<meta property=\"og:description\" content=\"Le panneau de brassage Premium-Line Cat\u00e9gorie 6A non blind\u00e9 est conforme aux sp\u00e9cifications ANSI\/TIA-568.2-D:2018, EN 50173-1 et ISO\/IEC 11801-1:2017 Classe EA.\" \/>\n<meta property=\"og:url\" content=\"https:\/\/premiumline-cabling.com\/fr\/product\/chat-6a-1u-non-blinde\/\" \/>\n<meta property=\"og:site_name\" content=\"Premium-Line\" \/>\n<meta property=\"article:modified_time\" content=\"2024-05-08T09:31:13+00:00\" \/>\n<meta property=\"og:image\" content=\"https:\/\/premiumline-cabling.com\/wp-content\/uploads\/2019\/11\/PP_6a_u_180_1U.jpg\" \/>\n\t<meta property=\"og:image:width\" content=\"576\" \/>\n\t<meta property=\"og:image:height\" content=\"578\" \/>\n\t<meta property=\"og:image:type\" content=\"image\/jpeg\" \/>\n<meta name=\"twitter:card\" content=\"summary_large_image\" \/>\n<meta name=\"twitter:label1\" content=\"Dur\u00e9e de lecture estim\u00e9e\" \/>\n\t<meta name=\"twitter:data1\" content=\"2 minutes\" \/>\n<script type=\"application\/ld+json\" class=\"yoast-schema-graph\">{\"@context\":\"https:\\\/\\\/schema.org\",\"@graph\":[{\"@type\":\"WebPage\",\"@id\":\"https:\\\/\\\/premiumline-cabling.com\\\/fr\\\/product\\\/chat-6a-1u-non-blinde\\\/\",\"url\":\"https:\\\/\\\/premiumline-cabling.com\\\/fr\\\/product\\\/chat-6a-1u-non-blinde\\\/\",\"name\":\"Panneau de brassage non blind\u00e9, Premium-Line Cat.6A 180\u00b0 1U IDC, 24 ports\",\"isPartOf\":{\"@id\":\"https:\\\/\\\/premiumline-cabling.com\\\/#website\"},\"primaryImageOfPage\":{\"@id\":\"https:\\\/\\\/premiumline-cabling.com\\\/fr\\\/product\\\/chat-6a-1u-non-blinde\\\/#primaryimage\"},\"image\":{\"@id\":\"https:\\\/\\\/premiumline-cabling.com\\\/fr\\\/product\\\/chat-6a-1u-non-blinde\\\/#primaryimage\"},\"thumbnailUrl\":\"https:\\\/\\\/premiumline-cabling.com\\\/wp-content\\\/uploads\\\/2019\\\/11\\\/PP_6a_u_180_1U.jpg\",\"datePublished\":\"2019-11-28T11:05:32+00:00\",\"dateModified\":\"2024-05-08T09:31:13+00:00\",\"description\":\"Le panneau de brassage Premium-Line Cat\u00e9gorie 6A non blind\u00e9 est conforme aux sp\u00e9cifications ANSI\\\/TIA-568.2-D:2018, EN 50173-1 et ISO\\\/IEC 11801-1:2017 Classe EA.\",\"breadcrumb\":{\"@id\":\"https:\\\/\\\/premiumline-cabling.com\\\/fr\\\/product\\\/chat-6a-1u-non-blinde\\\/#breadcrumb\"},\"inLanguage\":\"fr-FR\",\"potentialAction\":[{\"@type\":\"ReadAction\",\"target\":[\"https:\\\/\\\/premiumline-cabling.com\\\/fr\\\/product\\\/chat-6a-1u-non-blinde\\\/\"]}]},{\"@type\":\"ImageObject\",\"inLanguage\":\"fr-FR\",\"@id\":\"https:\\\/\\\/premiumline-cabling.com\\\/fr\\\/product\\\/chat-6a-1u-non-blinde\\\/#primaryimage\",\"url\":\"https:\\\/\\\/premiumline-cabling.com\\\/wp-content\\\/uploads\\\/2019\\\/11\\\/PP_6a_u_180_1U.jpg\",\"contentUrl\":\"https:\\\/\\\/premiumline-cabling.com\\\/wp-content\\\/uploads\\\/2019\\\/11\\\/PP_6a_u_180_1U.jpg\",\"width\":576,\"height\":578},{\"@type\":\"BreadcrumbList\",\"@id\":\"https:\\\/\\\/premiumline-cabling.com\\\/fr\\\/product\\\/chat-6a-1u-non-blinde\\\/#breadcrumb\",\"itemListElement\":[{\"@type\":\"ListItem\",\"position\":1,\"name\":\"\u0413\u043b\u0430\u0432\u043d\u0430\u044f \u0441\u0442\u0440\u0430\u043d\u0438\u0446\u0430\",\"item\":\"https:\\\/\\\/premiumline-cabling.com\\\/fr\\\/\"},{\"@type\":\"ListItem\",\"position\":2,\"name\":\"Cat. 6A 1U non blind\u00e9\"}]},{\"@type\":\"WebSite\",\"@id\":\"https:\\\/\\\/premiumline-cabling.com\\\/#website\",\"url\":\"https:\\\/\\\/premiumline-cabling.com\\\/\",\"name\":\"Premium-Line\",\"description\":\"Structured Cabling System\",\"publisher\":{\"@id\":\"https:\\\/\\\/premiumline-cabling.com\\\/#organization\"},\"potentialAction\":[{\"@type\":\"SearchAction\",\"target\":{\"@type\":\"EntryPoint\",\"urlTemplate\":\"https:\\\/\\\/premiumline-cabling.com\\\/?s={search_term_string}\"},\"query-input\":{\"@type\":\"PropertyValueSpecification\",\"valueRequired\":true,\"valueName\":\"search_term_string\"}}],\"inLanguage\":\"fr-FR\"},{\"@type\":\"Organization\",\"@id\":\"https:\\\/\\\/premiumline-cabling.com\\\/#organization\",\"name\":\"Premium-Line\",\"url\":\"https:\\\/\\\/premiumline-cabling.com\\\/\",\"logo\":{\"@type\":\"ImageObject\",\"inLanguage\":\"fr-FR\",\"@id\":\"https:\\\/\\\/premiumline-cabling.com\\\/#\\\/schema\\\/logo\\\/image\\\/\",\"url\":\"https:\\\/\\\/premiumline-cabling.com\\\/wp-content\\\/uploads\\\/2019\\\/04\\\/cropped-img_logo_site_Premium-Line.png\",\"contentUrl\":\"https:\\\/\\\/premiumline-cabling.com\\\/wp-content\\\/uploads\\\/2019\\\/04\\\/cropped-img_logo_site_Premium-Line.png\",\"width\":190,\"height\":62,\"caption\":\"Premium-Line\"},\"image\":{\"@id\":\"https:\\\/\\\/premiumline-cabling.com\\\/#\\\/schema\\\/logo\\\/image\\\/\"}}]}<\/script>\n<!-- \/ Yoast SEO plugin. -->","yoast_head_json":{"title":"Panneau de brassage non blind\u00e9, Premium-Line Cat.6A 180\u00b0 1U IDC, 24 ports","description":"Le panneau de brassage Premium-Line Cat\u00e9gorie 6A non blind\u00e9 est conforme aux sp\u00e9cifications ANSI\/TIA-568.2-D:2018, EN 50173-1 et ISO\/IEC 11801-1:2017 Classe EA.","robots":{"index":"index","follow":"follow","max-snippet":"max-snippet:-1","max-image-preview":"max-image-preview:large","max-video-preview":"max-video-preview:-1"},"canonical":"https:\/\/premiumline-cabling.com\/fr\/product\/chat-6a-1u-non-blinde\/","og_locale":"fr_FR","og_type":"article","og_title":"Panneau de brassage non blind\u00e9, Premium-Line Cat.6A 180\u00b0 1U IDC, 24 ports","og_description":"Le panneau de brassage Premium-Line Cat\u00e9gorie 6A non blind\u00e9 est conforme aux sp\u00e9cifications ANSI\/TIA-568.2-D:2018, EN 50173-1 et ISO\/IEC 11801-1:2017 Classe EA.","og_url":"https:\/\/premiumline-cabling.com\/fr\/product\/chat-6a-1u-non-blinde\/","og_site_name":"Premium-Line","article_modified_time":"2024-05-08T09:31:13+00:00","og_image":[{"width":576,"height":578,"url":"https:\/\/premiumline-cabling.com\/wp-content\/uploads\/2019\/11\/PP_6a_u_180_1U.jpg","type":"image\/jpeg"}],"twitter_card":"summary_large_image","twitter_misc":{"Dur\u00e9e de lecture estim\u00e9e":"2 minutes"},"schema":{"@context":"https:\/\/schema.org","@graph":[{"@type":"WebPage","@id":"https:\/\/premiumline-cabling.com\/fr\/product\/chat-6a-1u-non-blinde\/","url":"https:\/\/premiumline-cabling.com\/fr\/product\/chat-6a-1u-non-blinde\/","name":"Panneau de brassage non blind\u00e9, Premium-Line Cat.6A 180\u00b0 1U IDC, 24 ports","isPartOf":{"@id":"https:\/\/premiumline-cabling.com\/#website"},"primaryImageOfPage":{"@id":"https:\/\/premiumline-cabling.com\/fr\/product\/chat-6a-1u-non-blinde\/#primaryimage"},"image":{"@id":"https:\/\/premiumline-cabling.com\/fr\/product\/chat-6a-1u-non-blinde\/#primaryimage"},"thumbnailUrl":"https:\/\/premiumline-cabling.com\/wp-content\/uploads\/2019\/11\/PP_6a_u_180_1U.jpg","datePublished":"2019-11-28T11:05:32+00:00","dateModified":"2024-05-08T09:31:13+00:00","description":"Le panneau de brassage Premium-Line Cat\u00e9gorie 6A non blind\u00e9 est conforme aux sp\u00e9cifications ANSI\/TIA-568.2-D:2018, EN 50173-1 et ISO\/IEC 11801-1:2017 Classe EA.","breadcrumb":{"@id":"https:\/\/premiumline-cabling.com\/fr\/product\/chat-6a-1u-non-blinde\/#breadcrumb"},"inLanguage":"fr-FR","potentialAction":[{"@type":"ReadAction","target":["https:\/\/premiumline-cabling.com\/fr\/product\/chat-6a-1u-non-blinde\/"]}]},{"@type":"ImageObject","inLanguage":"fr-FR","@id":"https:\/\/premiumline-cabling.com\/fr\/product\/chat-6a-1u-non-blinde\/#primaryimage","url":"https:\/\/premiumline-cabling.com\/wp-content\/uploads\/2019\/11\/PP_6a_u_180_1U.jpg","contentUrl":"https:\/\/premiumline-cabling.com\/wp-content\/uploads\/2019\/11\/PP_6a_u_180_1U.jpg","width":576,"height":578},{"@type":"BreadcrumbList","@id":"https:\/\/premiumline-cabling.com\/fr\/product\/chat-6a-1u-non-blinde\/#breadcrumb","itemListElement":[{"@type":"ListItem","position":1,"name":"\u0413\u043b\u0430\u0432\u043d\u0430\u044f \u0441\u0442\u0440\u0430\u043d\u0438\u0446\u0430","item":"https:\/\/premiumline-cabling.com\/fr\/"},{"@type":"ListItem","position":2,"name":"Cat. 6A 1U non blind\u00e9"}]},{"@type":"WebSite","@id":"https:\/\/premiumline-cabling.com\/#website","url":"https:\/\/premiumline-cabling.com\/","name":"Premium-Line","description":"Structured Cabling System","publisher":{"@id":"https:\/\/premiumline-cabling.com\/#organization"},"potentialAction":[{"@type":"SearchAction","target":{"@type":"EntryPoint","urlTemplate":"https:\/\/premiumline-cabling.com\/?s={search_term_string}"},"query-input":{"@type":"PropertyValueSpecification","valueRequired":true,"valueName":"search_term_string"}}],"inLanguage":"fr-FR"},{"@type":"Organization","@id":"https:\/\/premiumline-cabling.com\/#organization","name":"Premium-Line","url":"https:\/\/premiumline-cabling.com\/","logo":{"@type":"ImageObject","inLanguage":"fr-FR","@id":"https:\/\/premiumline-cabling.com\/#\/schema\/logo\/image\/","url":"https:\/\/premiumline-cabling.com\/wp-content\/uploads\/2019\/04\/cropped-img_logo_site_Premium-Line.png","contentUrl":"https:\/\/premiumline-cabling.com\/wp-content\/uploads\/2019\/04\/cropped-img_logo_site_Premium-Line.png","width":190,"height":62,"caption":"Premium-Line"},"image":{"@id":"https:\/\/premiumline-cabling.com\/#\/schema\/logo\/image\/"}}]}},"_links":{"self":[{"href":"https:\/\/premiumline-cabling.com\/fr\/wp-json\/wp\/v2\/product\/20206","targetHints":{"allow":["GET"]}}],"collection":[{"href":"https:\/\/premiumline-cabling.com\/fr\/wp-json\/wp\/v2\/product"}],"about":[{"href":"https:\/\/premiumline-cabling.com\/fr\/wp-json\/wp\/v2\/types\/product"}],"wp:featuredmedia":[{"embeddable":true,"href":"https:\/\/premiumline-cabling.com\/fr\/wp-json\/wp\/v2\/media\/20208"}],"wp:attachment":[{"href":"https:\/\/premiumline-cabling.com\/fr\/wp-json\/wp\/v2\/media?parent=20206"}],"wp:term":[{"taxonomy":"product_category","embeddable":true,"href":"https:\/\/premiumline-cabling.com\/fr\/wp-json\/wp\/v2\/product_category?post=20206"}],"curies":[{"name":"wp","href":"https:\/\/api.w.org\/{rel}","templated":true}]}}