{"id":20188,"date":"2019-11-28T15:53:57","date_gmt":"2019-11-28T14:53:57","guid":{"rendered":"https:\/\/premiumline-cabling.com\/product\/chat-6-non-blinde-48port\/"},"modified":"2024-05-08T11:06:38","modified_gmt":"2024-05-08T10:06:38","slug":"chat-6-non-blinde-48port","status":"publish","type":"product","link":"https:\/\/premiumline-cabling.com\/fr\/product\/chat-6-non-blinde-48port\/","title":{"rendered":"Cat. 6 Non blind\u00e9 48ports"},"content":{"rendered":"<p><a href=\"https:\/\/premiumline-cabling.com\/wp-content\/uploads\/2019\/02\/PL-img_176144812.png\"><noscript><img decoding=\"async\" class=\"wp-image-861 size-medium\" src=\"https:\/\/premiumline-cabling.com\/wp-content\/uploads\/2019\/02\/PL-img_176144812-300x109.png\" alt width=\"300\" height=\"109\"><\/noscript><img decoding=\"async\" class=\"wp-image-861 size-medium lazyload\" src=\"data:image\/svg+xml,%3Csvg%20xmlns%3D%22http%3A%2F%2Fwww.w3.org%2F2000%2Fsvg%22%20viewBox%3D%220%200%20300%20109%22%3E%3C%2Fsvg%3E\" alt width=\"300\" height=\"109\" data-src=\"https:\/\/premiumline-cabling.com\/wp-content\/uploads\/2019\/02\/PL-img_176144812-300x109.png\"><\/a><\/p>\n<h2>Panneau de brassage UTP cat\u00e9gorie 6 1U, 48 ports avec deux passe-c\u00e2bles<\/h2>\n<p><noscript><img decoding=\"async\" class=\"alignright wp-image-3791 size-medium\" src=\"https:\/\/premiumline-cabling.com\/wp-content\/uploads\/2019\/11\/PP_6_u_180_1U_48_f-300x40.jpg\" alt width=\"300\" height=\"40\" srcset=\"https:\/\/premiumline-cabling.com\/wp-content\/uploads\/2019\/11\/PP_6_u_180_1U_48_f-300x40.jpg 300w, https:\/\/premiumline-cabling.com\/wp-content\/uploads\/2019\/11\/PP_6_u_180_1U_48_f-768x103.jpg 768w, https:\/\/premiumline-cabling.com\/wp-content\/uploads\/2019\/11\/PP_6_u_180_1U_48_f.jpg 879w\" sizes=\"(max-width: 300px) 100vw, 300px\"><\/noscript><img decoding=\"async\" class=\"alignright wp-image-3791 size-medium lazyload\" src=\"data:image\/svg+xml,%3Csvg%20xmlns%3D%22http%3A%2F%2Fwww.w3.org%2F2000%2Fsvg%22%20viewBox%3D%220%200%20300%2040%22%3E%3C%2Fsvg%3E\" alt width=\"300\" height=\"40\" srcset=\"data:image\/svg+xml,%3Csvg%20xmlns%3D%22http%3A%2F%2Fwww.w3.org%2F2000%2Fsvg%22%20viewBox%3D%220%200%20300%2040%22%3E%3C%2Fsvg%3E 300w\" sizes=\"(max-width: 300px) 100vw, 300px\" data-srcset=\"https:\/\/premiumline-cabling.com\/wp-content\/uploads\/2019\/11\/PP_6_u_180_1U_48_f-300x40.jpg 300w, https:\/\/premiumline-cabling.com\/wp-content\/uploads\/2019\/11\/PP_6_u_180_1U_48_f-768x103.jpg 768w, https:\/\/premiumline-cabling.com\/wp-content\/uploads\/2019\/11\/PP_6_u_180_1U_48_f.jpg 879w\" data-src=\"https:\/\/premiumline-cabling.com\/wp-content\/uploads\/2019\/11\/PP_6_u_180_1U_48_f-300x40.jpg\">Le panneau de brassage haute densit\u00e9 Premium-Line Cat\u00e9gorie 6 de 19&#8243;, avec 48 ports en 1U, permet d&#8217;augmenter significativement votre capacit\u00e9 tout en \u00e9conomisant de l&#8217;espace dans le rack ! Pour toute baie de connexion crois\u00e9e et baie de r\u00e9seau HC dans le centre de donn\u00e9es ou le TR, c&#8217;est la conception id\u00e9ale pour obtenir un d\u00e9ploiement plus flexible et \u00e9galement une expansion des abonn\u00e9s finaux disponible \u00e0 tout moment. Deux passe-c\u00e2bles faciles \u00e0 encliqueter \u00e0 l&#8217;arri\u00e8re sont tr\u00e8s r\u00e9sistantes et abordables. La conception compacte permet d&#8217;\u00e9conomiser de l&#8217;espace physique dans le rack et, combin\u00e9e \u00e0 la qualit\u00e9 de sa marge de performance, le panneau est la solution id\u00e9ale pour \u00e9conomiser du budget et \u00eatre comp\u00e9titif par rapport aux autres.<\/p>\n<h3>CARACT\u00c9RISTIQUES :<\/h3>\n<ul>\n<li>conforme aux sp\u00e9cifications ANSI\/TIA -568.2-D cat\u00e9gorie 6, ISO\/IEC11801-1 et EN50173-1<\/li>\n<li>Le connecteur IDC peut accepter des c\u00e2bles solides et toronn\u00e9s de 22-26 AWG<\/li>\n<li>supporte le c\u00e2blage T568 A&amp;B et l&#8217;installation facile<\/li>\n<li>r\u00e9siliation \u00e0 l&#8217;aide d&#8217;outils 110 ou Krone<\/li>\n<li>dimensions et montage conformes \u00e0 la norme EIA-310-D<\/li>\n<li>mat\u00e9riau du panneau : SECC 1,5 mm d&#8217;\u00e9paisseur<\/li>\n<li>Conception 1U\/48 ports, id\u00e9ale pour les lieux de distribution \u00e0 haute densit\u00e9<\/li>\n<li>Conforme \u00e0 la directive RoHS<\/li>\n<\/ul>\n<h3>APPLICATIONS :<\/h3>\n<ul>\n<li>1000BASE-Tx Gigabit Ethernet<\/li>\n<li>1000BASE-T Gigabit Ethernet<\/li>\n<li>100BASE-Tx Fast Ethernet<\/li>\n<li>10BASE-T Ethernet<\/li>\n<li>Applications vocales, vid\u00e9o et autres<\/li>\n<\/ul>\n<p>&nbsp;<\/p>\n<h4><strong>Panneau de brassage non blind\u00e9 Cat\u00e9gorie 6 1U 48ports<\/strong><\/h4>\n<table width=\"100%\">\n<thead>\n<tr>\n<td style=\"width: 19.4879%;\"><strong>PART NO.<\/strong><\/td>\n<td style=\"width: 65.2916%;\"><strong>DESCRIPTION<\/strong><\/td>\n<td style=\"width: 13.9403%;\"><strong>TAILLE DE L&#8217;EMBALLAGE<\/strong><\/td>\n<\/tr>\n<\/thead>\n<tbody>\n<tr>\n<td style=\"width: 19.4879%;\">176144812<\/td>\n<td style=\"width: 65.2916%;\">Panneau de brassage Premium-Line Cat\u00e9gorie 6 1U UTP avec deux passe-c\u00e2bles, 48 ports<\/td>\n<td style=\"width: 13.9403%;\">51,5\u00d724\u00d735 cm<\/td>\n<\/tr>\n<\/tbody>\n<\/table>\n<p>&nbsp;<\/p>\n","protected":false},"featured_media":20198,"template":"","product_category":[412],"class_list":["post-20188","product","type-product","status-publish","has-post-thumbnail","hentry","product_category-panneau-de-raccordement-non-blinde"],"yoast_head":"<!-- This site is optimized with the Yoast SEO plugin v27.4 - https:\/\/yoast.com\/product\/yoast-seo-wordpress\/ -->\n<title>Panneau de brassage,Premium-Line Cat\u00e9gorie 6 1U UTP 48 ports<\/title>\n<meta name=\"description\" content=\"Panneau de brassage non blind\u00e9, Premium-Line Cat\u00e9gorie 6 1U 48ports est conforme aux sp\u00e9cifications ANSI\/TIA-568.2-D, ISO\/IEC 11801 et EN 50173-1 Class E.\" \/>\n<meta name=\"robots\" content=\"index, follow, max-snippet:-1, max-image-preview:large, max-video-preview:-1\" \/>\n<link rel=\"canonical\" href=\"https:\/\/premiumline-cabling.com\/fr\/product\/chat-6-non-blinde-48port\/\" \/>\n<meta property=\"og:locale\" content=\"fr_FR\" \/>\n<meta property=\"og:type\" content=\"article\" \/>\n<meta property=\"og:title\" content=\"Panneau de brassage,Premium-Line Cat\u00e9gorie 6 1U UTP 48 ports\" \/>\n<meta property=\"og:description\" content=\"Panneau de brassage non blind\u00e9, Premium-Line Cat\u00e9gorie 6 1U 48ports est conforme aux sp\u00e9cifications ANSI\/TIA-568.2-D, ISO\/IEC 11801 et EN 50173-1 Class E.\" \/>\n<meta property=\"og:url\" content=\"https:\/\/premiumline-cabling.com\/fr\/product\/chat-6-non-blinde-48port\/\" \/>\n<meta property=\"og:site_name\" content=\"Premium-Line\" \/>\n<meta property=\"article:modified_time\" content=\"2024-05-08T10:06:38+00:00\" \/>\n<meta property=\"og:image\" content=\"https:\/\/premiumline-cabling.com\/wp-content\/uploads\/2019\/11\/PP_6_u_180_1U_48-1.jpg\" \/>\n\t<meta property=\"og:image:width\" content=\"610\" \/>\n\t<meta property=\"og:image:height\" content=\"588\" \/>\n\t<meta property=\"og:image:type\" content=\"image\/jpeg\" \/>\n<meta name=\"twitter:card\" content=\"summary_large_image\" \/>\n<meta name=\"twitter:label1\" content=\"Dur\u00e9e de lecture estim\u00e9e\" \/>\n\t<meta name=\"twitter:data1\" content=\"2 minutes\" \/>\n<script type=\"application\/ld+json\" class=\"yoast-schema-graph\">{\"@context\":\"https:\\\/\\\/schema.org\",\"@graph\":[{\"@type\":\"WebPage\",\"@id\":\"https:\\\/\\\/premiumline-cabling.com\\\/fr\\\/product\\\/chat-6-non-blinde-48port\\\/\",\"url\":\"https:\\\/\\\/premiumline-cabling.com\\\/fr\\\/product\\\/chat-6-non-blinde-48port\\\/\",\"name\":\"Panneau de brassage,Premium-Line Cat\u00e9gorie 6 1U UTP 48 ports\",\"isPartOf\":{\"@id\":\"https:\\\/\\\/premiumline-cabling.com\\\/#website\"},\"primaryImageOfPage\":{\"@id\":\"https:\\\/\\\/premiumline-cabling.com\\\/fr\\\/product\\\/chat-6-non-blinde-48port\\\/#primaryimage\"},\"image\":{\"@id\":\"https:\\\/\\\/premiumline-cabling.com\\\/fr\\\/product\\\/chat-6-non-blinde-48port\\\/#primaryimage\"},\"thumbnailUrl\":\"https:\\\/\\\/premiumline-cabling.com\\\/wp-content\\\/uploads\\\/2019\\\/11\\\/PP_6_u_180_1U_48-1.jpg\",\"datePublished\":\"2019-11-28T14:53:57+00:00\",\"dateModified\":\"2024-05-08T10:06:38+00:00\",\"description\":\"Panneau de brassage non blind\u00e9, Premium-Line Cat\u00e9gorie 6 1U 48ports est conforme aux sp\u00e9cifications ANSI\\\/TIA-568.2-D, ISO\\\/IEC 11801 et EN 50173-1 Class E.\",\"breadcrumb\":{\"@id\":\"https:\\\/\\\/premiumline-cabling.com\\\/fr\\\/product\\\/chat-6-non-blinde-48port\\\/#breadcrumb\"},\"inLanguage\":\"fr-FR\",\"potentialAction\":[{\"@type\":\"ReadAction\",\"target\":[\"https:\\\/\\\/premiumline-cabling.com\\\/fr\\\/product\\\/chat-6-non-blinde-48port\\\/\"]}]},{\"@type\":\"ImageObject\",\"inLanguage\":\"fr-FR\",\"@id\":\"https:\\\/\\\/premiumline-cabling.com\\\/fr\\\/product\\\/chat-6-non-blinde-48port\\\/#primaryimage\",\"url\":\"https:\\\/\\\/premiumline-cabling.com\\\/wp-content\\\/uploads\\\/2019\\\/11\\\/PP_6_u_180_1U_48-1.jpg\",\"contentUrl\":\"https:\\\/\\\/premiumline-cabling.com\\\/wp-content\\\/uploads\\\/2019\\\/11\\\/PP_6_u_180_1U_48-1.jpg\",\"width\":610,\"height\":588},{\"@type\":\"BreadcrumbList\",\"@id\":\"https:\\\/\\\/premiumline-cabling.com\\\/fr\\\/product\\\/chat-6-non-blinde-48port\\\/#breadcrumb\",\"itemListElement\":[{\"@type\":\"ListItem\",\"position\":1,\"name\":\"\u0413\u043b\u0430\u0432\u043d\u0430\u044f \u0441\u0442\u0440\u0430\u043d\u0438\u0446\u0430\",\"item\":\"https:\\\/\\\/premiumline-cabling.com\\\/fr\\\/\"},{\"@type\":\"ListItem\",\"position\":2,\"name\":\"Cat. 6 Non blind\u00e9 48ports\"}]},{\"@type\":\"WebSite\",\"@id\":\"https:\\\/\\\/premiumline-cabling.com\\\/#website\",\"url\":\"https:\\\/\\\/premiumline-cabling.com\\\/\",\"name\":\"Premium-Line\",\"description\":\"Structured Cabling System\",\"publisher\":{\"@id\":\"https:\\\/\\\/premiumline-cabling.com\\\/#organization\"},\"potentialAction\":[{\"@type\":\"SearchAction\",\"target\":{\"@type\":\"EntryPoint\",\"urlTemplate\":\"https:\\\/\\\/premiumline-cabling.com\\\/?s={search_term_string}\"},\"query-input\":{\"@type\":\"PropertyValueSpecification\",\"valueRequired\":true,\"valueName\":\"search_term_string\"}}],\"inLanguage\":\"fr-FR\"},{\"@type\":\"Organization\",\"@id\":\"https:\\\/\\\/premiumline-cabling.com\\\/#organization\",\"name\":\"Premium-Line\",\"url\":\"https:\\\/\\\/premiumline-cabling.com\\\/\",\"logo\":{\"@type\":\"ImageObject\",\"inLanguage\":\"fr-FR\",\"@id\":\"https:\\\/\\\/premiumline-cabling.com\\\/#\\\/schema\\\/logo\\\/image\\\/\",\"url\":\"https:\\\/\\\/premiumline-cabling.com\\\/wp-content\\\/uploads\\\/2019\\\/04\\\/cropped-img_logo_site_Premium-Line.png\",\"contentUrl\":\"https:\\\/\\\/premiumline-cabling.com\\\/wp-content\\\/uploads\\\/2019\\\/04\\\/cropped-img_logo_site_Premium-Line.png\",\"width\":190,\"height\":62,\"caption\":\"Premium-Line\"},\"image\":{\"@id\":\"https:\\\/\\\/premiumline-cabling.com\\\/#\\\/schema\\\/logo\\\/image\\\/\"}}]}<\/script>\n<!-- \/ Yoast SEO plugin. -->","yoast_head_json":{"title":"Panneau de brassage,Premium-Line Cat\u00e9gorie 6 1U UTP 48 ports","description":"Panneau de brassage non blind\u00e9, Premium-Line Cat\u00e9gorie 6 1U 48ports est conforme aux sp\u00e9cifications ANSI\/TIA-568.2-D, ISO\/IEC 11801 et EN 50173-1 Class E.","robots":{"index":"index","follow":"follow","max-snippet":"max-snippet:-1","max-image-preview":"max-image-preview:large","max-video-preview":"max-video-preview:-1"},"canonical":"https:\/\/premiumline-cabling.com\/fr\/product\/chat-6-non-blinde-48port\/","og_locale":"fr_FR","og_type":"article","og_title":"Panneau de brassage,Premium-Line Cat\u00e9gorie 6 1U UTP 48 ports","og_description":"Panneau de brassage non blind\u00e9, Premium-Line Cat\u00e9gorie 6 1U 48ports est conforme aux sp\u00e9cifications ANSI\/TIA-568.2-D, ISO\/IEC 11801 et EN 50173-1 Class E.","og_url":"https:\/\/premiumline-cabling.com\/fr\/product\/chat-6-non-blinde-48port\/","og_site_name":"Premium-Line","article_modified_time":"2024-05-08T10:06:38+00:00","og_image":[{"width":610,"height":588,"url":"https:\/\/premiumline-cabling.com\/wp-content\/uploads\/2019\/11\/PP_6_u_180_1U_48-1.jpg","type":"image\/jpeg"}],"twitter_card":"summary_large_image","twitter_misc":{"Dur\u00e9e de lecture estim\u00e9e":"2 minutes"},"schema":{"@context":"https:\/\/schema.org","@graph":[{"@type":"WebPage","@id":"https:\/\/premiumline-cabling.com\/fr\/product\/chat-6-non-blinde-48port\/","url":"https:\/\/premiumline-cabling.com\/fr\/product\/chat-6-non-blinde-48port\/","name":"Panneau de brassage,Premium-Line Cat\u00e9gorie 6 1U UTP 48 ports","isPartOf":{"@id":"https:\/\/premiumline-cabling.com\/#website"},"primaryImageOfPage":{"@id":"https:\/\/premiumline-cabling.com\/fr\/product\/chat-6-non-blinde-48port\/#primaryimage"},"image":{"@id":"https:\/\/premiumline-cabling.com\/fr\/product\/chat-6-non-blinde-48port\/#primaryimage"},"thumbnailUrl":"https:\/\/premiumline-cabling.com\/wp-content\/uploads\/2019\/11\/PP_6_u_180_1U_48-1.jpg","datePublished":"2019-11-28T14:53:57+00:00","dateModified":"2024-05-08T10:06:38+00:00","description":"Panneau de brassage non blind\u00e9, Premium-Line Cat\u00e9gorie 6 1U 48ports est conforme aux sp\u00e9cifications ANSI\/TIA-568.2-D, ISO\/IEC 11801 et EN 50173-1 Class E.","breadcrumb":{"@id":"https:\/\/premiumline-cabling.com\/fr\/product\/chat-6-non-blinde-48port\/#breadcrumb"},"inLanguage":"fr-FR","potentialAction":[{"@type":"ReadAction","target":["https:\/\/premiumline-cabling.com\/fr\/product\/chat-6-non-blinde-48port\/"]}]},{"@type":"ImageObject","inLanguage":"fr-FR","@id":"https:\/\/premiumline-cabling.com\/fr\/product\/chat-6-non-blinde-48port\/#primaryimage","url":"https:\/\/premiumline-cabling.com\/wp-content\/uploads\/2019\/11\/PP_6_u_180_1U_48-1.jpg","contentUrl":"https:\/\/premiumline-cabling.com\/wp-content\/uploads\/2019\/11\/PP_6_u_180_1U_48-1.jpg","width":610,"height":588},{"@type":"BreadcrumbList","@id":"https:\/\/premiumline-cabling.com\/fr\/product\/chat-6-non-blinde-48port\/#breadcrumb","itemListElement":[{"@type":"ListItem","position":1,"name":"\u0413\u043b\u0430\u0432\u043d\u0430\u044f \u0441\u0442\u0440\u0430\u043d\u0438\u0446\u0430","item":"https:\/\/premiumline-cabling.com\/fr\/"},{"@type":"ListItem","position":2,"name":"Cat. 6 Non blind\u00e9 48ports"}]},{"@type":"WebSite","@id":"https:\/\/premiumline-cabling.com\/#website","url":"https:\/\/premiumline-cabling.com\/","name":"Premium-Line","description":"Structured Cabling System","publisher":{"@id":"https:\/\/premiumline-cabling.com\/#organization"},"potentialAction":[{"@type":"SearchAction","target":{"@type":"EntryPoint","urlTemplate":"https:\/\/premiumline-cabling.com\/?s={search_term_string}"},"query-input":{"@type":"PropertyValueSpecification","valueRequired":true,"valueName":"search_term_string"}}],"inLanguage":"fr-FR"},{"@type":"Organization","@id":"https:\/\/premiumline-cabling.com\/#organization","name":"Premium-Line","url":"https:\/\/premiumline-cabling.com\/","logo":{"@type":"ImageObject","inLanguage":"fr-FR","@id":"https:\/\/premiumline-cabling.com\/#\/schema\/logo\/image\/","url":"https:\/\/premiumline-cabling.com\/wp-content\/uploads\/2019\/04\/cropped-img_logo_site_Premium-Line.png","contentUrl":"https:\/\/premiumline-cabling.com\/wp-content\/uploads\/2019\/04\/cropped-img_logo_site_Premium-Line.png","width":190,"height":62,"caption":"Premium-Line"},"image":{"@id":"https:\/\/premiumline-cabling.com\/#\/schema\/logo\/image\/"}}]}},"_links":{"self":[{"href":"https:\/\/premiumline-cabling.com\/fr\/wp-json\/wp\/v2\/product\/20188","targetHints":{"allow":["GET"]}}],"collection":[{"href":"https:\/\/premiumline-cabling.com\/fr\/wp-json\/wp\/v2\/product"}],"about":[{"href":"https:\/\/premiumline-cabling.com\/fr\/wp-json\/wp\/v2\/types\/product"}],"wp:featuredmedia":[{"embeddable":true,"href":"https:\/\/premiumline-cabling.com\/fr\/wp-json\/wp\/v2\/media\/20198"}],"wp:attachment":[{"href":"https:\/\/premiumline-cabling.com\/fr\/wp-json\/wp\/v2\/media?parent=20188"}],"wp:term":[{"taxonomy":"product_category","embeddable":true,"href":"https:\/\/premiumline-cabling.com\/fr\/wp-json\/wp\/v2\/product_category?post=20188"}],"curies":[{"name":"wp","href":"https:\/\/api.w.org\/{rel}","templated":true}]}}