{"id":20179,"date":"2019-11-28T16:12:24","date_gmt":"2019-11-28T15:12:24","guid":{"rendered":"https:\/\/premiumline-cabling.com\/product\/chat-6-1u-non-blinde\/"},"modified":"2025-01-16T11:14:44","modified_gmt":"2025-01-16T10:14:44","slug":"chat-6-1u-non-blinde","status":"publish","type":"product","link":"https:\/\/premiumline-cabling.com\/fr\/product\/chat-6-1u-non-blinde\/","title":{"rendered":"Cat. 6 1U non blind\u00e9"},"content":{"rendered":"<div id=\"attachment_862\" style=\"width: 310px\" class=\"wp-caption alignright\"><a href=\"https:\/\/premiumline-cabling.com\/wp-content\/uploads\/2019\/02\/img_PL_patch-panel-6-176122412.jpg\"><noscript><img decoding=\"async\" aria-describedby=\"caption-attachment-862\" class=\"wp-image-862 size-medium\" src=\"https:\/\/premiumline-cabling.com\/wp-content\/uploads\/2019\/02\/img_PL_patch-panel-6-176122412-300x46.jpg\" alt width=\"300\" height=\"46\" srcset=\"https:\/\/premiumline-cabling.com\/wp-content\/uploads\/2019\/02\/img_PL_patch-panel-6-176122412-300x46.jpg 300w, https:\/\/premiumline-cabling.com\/wp-content\/uploads\/2019\/02\/img_PL_patch-panel-6-176122412.jpg 500w\" sizes=\"(max-width: 300px) 100vw, 300px\"><\/noscript><img decoding=\"async\" aria-describedby=\"caption-attachment-862\" class=\"wp-image-862 size-medium lazyload\" src=\"data:image\/svg+xml,%3Csvg%20xmlns%3D%22http%3A%2F%2Fwww.w3.org%2F2000%2Fsvg%22%20viewBox%3D%220%200%20300%2046%22%3E%3C%2Fsvg%3E\" alt width=\"300\" height=\"46\" srcset=\"data:image\/svg+xml,%3Csvg%20xmlns%3D%22http%3A%2F%2Fwww.w3.org%2F2000%2Fsvg%22%20viewBox%3D%220%200%20300%2046%22%3E%3C%2Fsvg%3E 300w\" sizes=\"(max-width: 300px) 100vw, 300px\" data-srcset=\"https:\/\/premiumline-cabling.com\/wp-content\/uploads\/2019\/02\/img_PL_patch-panel-6-176122412-300x46.jpg 300w, https:\/\/premiumline-cabling.com\/wp-content\/uploads\/2019\/02\/img_PL_patch-panel-6-176122412.jpg 500w\" data-src=\"https:\/\/premiumline-cabling.com\/wp-content\/uploads\/2019\/02\/img_PL_patch-panel-6-176122412-300x46.jpg\"><\/a><p id=\"caption-attachment-862\" class=\"wp-caption-text\">176122412<\/p><\/div>\n<h2>Panneau de brassage non blind\u00e9 Cat\u00e9gorie 6, 24 ports, double type IDC<\/h2>\n<p>Le panneau de brassage Premium-Line de cat\u00e9gorie 6 non blind\u00e9 est conforme aux normes ANSI\/TIA-568.2-D, ISO\/IEC 11801-1 et ISO\/IEC 11801-2.<br>\nEN 50173-1 Classe E. Le module complet est conforme \u00e0 la directive ROHS de l&#8217;UE.<br>\nLa construction est de taille standard 1U 19&#8243;, adapt\u00e9e \u00e0 toutes les installations en rack 19&#8243;. Le cadre m\u00e9tallique principal est en mat\u00e9riau SECC, d&#8217;une \u00e9paisseur sup\u00e9rieure \u00e0 1,0 mm. L&#8217;IDC double accepte les c\u00e2bles solides de 22 \u00e0 26 AWG, faciles \u00e0 terminer avec des outils 110 ou Krone. Le produit fini est disponible en 24 ports (1U).<\/p>\n<table width=\"758\">\n<tbody>\n<tr>\n<td colspan=\"2\" width=\"318\"><strong>Caract\u00e9ristiques physiques<\/strong><\/td>\n<\/tr>\n<tr>\n<td width=\"97\">Jack<\/td>\n<td width=\"221\">Bronze phosphoreux, placage d&#8217;or de 50\u03bc de pouce sur le nickel dans la zone de contact.<\/td>\n<\/tr>\n<tr>\n<td width=\"97\">IDC<\/td>\n<td width=\"221\">100\u03bc pouce nickel\u00e9 sur bronze phosphoreux<\/td>\n<\/tr>\n<tr>\n<td colspan=\"2\" width=\"318\"><strong>Caract\u00e9ristiques \u00e9lectriques<\/strong><\/td>\n<\/tr>\n<tr>\n<td width=\"97\">Rigidit\u00e9 di\u00e9lectrique<\/td>\n<td width=\"221\">1000V RMS pendant 1min<\/td>\n<\/tr>\n<tr>\n<td width=\"97\">Valeur nominale actuelle<\/td>\n<td width=\"221\">1.5Amp Max.<\/td>\n<\/tr>\n<tr>\n<td width=\"97\">R\u00e9sistance de l&#8217;isolation<\/td>\n<td width=\"221\">10M\u03a9 Min.<\/td>\n<\/tr>\n<tr>\n<td width=\"97\">R\u00e9sistance des contacts<\/td>\n<td width=\"221\">2m\u03a9 par contact<\/td>\n<\/tr>\n<tr>\n<td width=\"97\">Plage de temp\u00e9rature<\/td>\n<td width=\"221\">De -10\u00b0C \u00e0 60\u00b0C<\/td>\n<\/tr>\n<tr>\n<td width=\"97\">Humidit\u00e9<\/td>\n<td width=\"221\">10%~90% ; sans condensation<\/td>\n<\/tr>\n<tr>\n<td colspan=\"2\" width=\"318\"><strong>Applications<\/strong>\n<ul>\n<li>1000BASE-TX Gigabit Ethernet<\/li>\n<li>1000BASE-T Gigabit Ethernet<\/li>\n<li>100BASE-TX Fast Ethernet<\/li>\n<li>10BASE-T Ethernet<\/li>\n<li>Applications vocales, vid\u00e9o et autres<\/li>\n<\/ul>\n<\/td>\n<\/tr>\n<\/tbody>\n<\/table>\n<p>Tous les produits sont v\u00e9rifi\u00e9s par rapport aux caract\u00e9ristiques \u00e9lectriques requises par la directive.<\/p>\n<h4>Panneau de brassage blind\u00e9,Cat\u00e9gorie 6 1U<\/h4>\n<table width=\"100%\">\n<thead>\n<tr>\n<td><strong>PART NO.<\/strong><\/td>\n<td><strong>DESCRIPTION<\/strong><\/td>\n<td><strong>TAILLE DE L&#8217;EMBALLAGE<\/strong><\/td>\n<\/tr>\n<\/thead>\n<tbody>\n<tr>\n<td>176122412<\/td>\n<td>Panneau de brassage non blind\u00e9 Premium-Line Cat\u00e9gorie 6 24 ports, double type IDC, noir<\/td>\n<td>50\u00d724,5\u00d725,5 cm<\/td>\n<\/tr>\n<tr>\n<td>195030002<\/td>\n<td>Passe-c\u00e2bles Premium-Line, \u00e0 visser, noir<\/td>\n<td>50,5\u00d727,9\u00d727 cm<\/td>\n<\/tr>\n<\/tbody>\n<\/table>\n<p>&nbsp;<\/p>\n","protected":false},"featured_media":20186,"template":"","product_category":[412],"class_list":["post-20179","product","type-product","status-publish","has-post-thumbnail","hentry","product_category-panneau-de-raccordement-non-blinde"],"yoast_head":"<!-- This site is optimized with the Yoast SEO plugin v27.4 - https:\/\/yoast.com\/product\/yoast-seo-wordpress\/ -->\n<title>Panneau de brassage, Premium-Line Cat\u00e9gorie 6 1U UTP 24 ports<\/title>\n<meta name=\"description\" content=\"Le panneau de brassage non blind\u00e9 Premium-Line Cat\u00e9gorie 6 1U 24ports est conforme aux sp\u00e9cifications ANSI\/TIA-568.2-D, ISO\/IEC 11801 et EN 50173-1 Class E.\" \/>\n<meta name=\"robots\" content=\"index, follow, max-snippet:-1, max-image-preview:large, max-video-preview:-1\" \/>\n<link rel=\"canonical\" href=\"https:\/\/premiumline-cabling.com\/fr\/product\/chat-6-1u-non-blinde\/\" \/>\n<meta property=\"og:locale\" content=\"fr_FR\" \/>\n<meta property=\"og:type\" content=\"article\" \/>\n<meta property=\"og:title\" content=\"Panneau de brassage, Premium-Line Cat\u00e9gorie 6 1U UTP 24 ports\" \/>\n<meta property=\"og:description\" content=\"Le panneau de brassage non blind\u00e9 Premium-Line Cat\u00e9gorie 6 1U 24ports est conforme aux sp\u00e9cifications ANSI\/TIA-568.2-D, ISO\/IEC 11801 et EN 50173-1 Class E.\" \/>\n<meta property=\"og:url\" content=\"https:\/\/premiumline-cabling.com\/fr\/product\/chat-6-1u-non-blinde\/\" \/>\n<meta property=\"og:site_name\" content=\"Premium-Line\" \/>\n<meta property=\"article:modified_time\" content=\"2025-01-16T10:14:44+00:00\" \/>\n<meta property=\"og:image\" content=\"https:\/\/premiumline-cabling.com\/wp-content\/uploads\/2019\/11\/PP_6_u_180_1U.jpg\" \/>\n\t<meta property=\"og:image:width\" content=\"614\" \/>\n\t<meta property=\"og:image:height\" content=\"588\" \/>\n\t<meta property=\"og:image:type\" content=\"image\/jpeg\" \/>\n<meta name=\"twitter:card\" content=\"summary_large_image\" \/>\n<meta name=\"twitter:label1\" content=\"Dur\u00e9e de lecture estim\u00e9e\" \/>\n\t<meta name=\"twitter:data1\" content=\"2 minutes\" \/>\n<script type=\"application\/ld+json\" class=\"yoast-schema-graph\">{\"@context\":\"https:\\\/\\\/schema.org\",\"@graph\":[{\"@type\":\"WebPage\",\"@id\":\"https:\\\/\\\/premiumline-cabling.com\\\/fr\\\/product\\\/chat-6-1u-non-blinde\\\/\",\"url\":\"https:\\\/\\\/premiumline-cabling.com\\\/fr\\\/product\\\/chat-6-1u-non-blinde\\\/\",\"name\":\"Panneau de brassage, Premium-Line Cat\u00e9gorie 6 1U UTP 24 ports\",\"isPartOf\":{\"@id\":\"https:\\\/\\\/premiumline-cabling.com\\\/#website\"},\"primaryImageOfPage\":{\"@id\":\"https:\\\/\\\/premiumline-cabling.com\\\/fr\\\/product\\\/chat-6-1u-non-blinde\\\/#primaryimage\"},\"image\":{\"@id\":\"https:\\\/\\\/premiumline-cabling.com\\\/fr\\\/product\\\/chat-6-1u-non-blinde\\\/#primaryimage\"},\"thumbnailUrl\":\"https:\\\/\\\/premiumline-cabling.com\\\/wp-content\\\/uploads\\\/2019\\\/11\\\/PP_6_u_180_1U.jpg\",\"datePublished\":\"2019-11-28T15:12:24+00:00\",\"dateModified\":\"2025-01-16T10:14:44+00:00\",\"description\":\"Le panneau de brassage non blind\u00e9 Premium-Line Cat\u00e9gorie 6 1U 24ports est conforme aux sp\u00e9cifications ANSI\\\/TIA-568.2-D, ISO\\\/IEC 11801 et EN 50173-1 Class E.\",\"breadcrumb\":{\"@id\":\"https:\\\/\\\/premiumline-cabling.com\\\/fr\\\/product\\\/chat-6-1u-non-blinde\\\/#breadcrumb\"},\"inLanguage\":\"fr-FR\",\"potentialAction\":[{\"@type\":\"ReadAction\",\"target\":[\"https:\\\/\\\/premiumline-cabling.com\\\/fr\\\/product\\\/chat-6-1u-non-blinde\\\/\"]}]},{\"@type\":\"ImageObject\",\"inLanguage\":\"fr-FR\",\"@id\":\"https:\\\/\\\/premiumline-cabling.com\\\/fr\\\/product\\\/chat-6-1u-non-blinde\\\/#primaryimage\",\"url\":\"https:\\\/\\\/premiumline-cabling.com\\\/wp-content\\\/uploads\\\/2019\\\/11\\\/PP_6_u_180_1U.jpg\",\"contentUrl\":\"https:\\\/\\\/premiumline-cabling.com\\\/wp-content\\\/uploads\\\/2019\\\/11\\\/PP_6_u_180_1U.jpg\",\"width\":614,\"height\":588},{\"@type\":\"BreadcrumbList\",\"@id\":\"https:\\\/\\\/premiumline-cabling.com\\\/fr\\\/product\\\/chat-6-1u-non-blinde\\\/#breadcrumb\",\"itemListElement\":[{\"@type\":\"ListItem\",\"position\":1,\"name\":\"\u0413\u043b\u0430\u0432\u043d\u0430\u044f \u0441\u0442\u0440\u0430\u043d\u0438\u0446\u0430\",\"item\":\"https:\\\/\\\/premiumline-cabling.com\\\/fr\\\/\"},{\"@type\":\"ListItem\",\"position\":2,\"name\":\"Cat. 6 1U non blind\u00e9\"}]},{\"@type\":\"WebSite\",\"@id\":\"https:\\\/\\\/premiumline-cabling.com\\\/#website\",\"url\":\"https:\\\/\\\/premiumline-cabling.com\\\/\",\"name\":\"Premium-Line\",\"description\":\"Structured Cabling System\",\"publisher\":{\"@id\":\"https:\\\/\\\/premiumline-cabling.com\\\/#organization\"},\"potentialAction\":[{\"@type\":\"SearchAction\",\"target\":{\"@type\":\"EntryPoint\",\"urlTemplate\":\"https:\\\/\\\/premiumline-cabling.com\\\/?s={search_term_string}\"},\"query-input\":{\"@type\":\"PropertyValueSpecification\",\"valueRequired\":true,\"valueName\":\"search_term_string\"}}],\"inLanguage\":\"fr-FR\"},{\"@type\":\"Organization\",\"@id\":\"https:\\\/\\\/premiumline-cabling.com\\\/#organization\",\"name\":\"Premium-Line\",\"url\":\"https:\\\/\\\/premiumline-cabling.com\\\/\",\"logo\":{\"@type\":\"ImageObject\",\"inLanguage\":\"fr-FR\",\"@id\":\"https:\\\/\\\/premiumline-cabling.com\\\/#\\\/schema\\\/logo\\\/image\\\/\",\"url\":\"https:\\\/\\\/premiumline-cabling.com\\\/wp-content\\\/uploads\\\/2019\\\/04\\\/cropped-img_logo_site_Premium-Line.png\",\"contentUrl\":\"https:\\\/\\\/premiumline-cabling.com\\\/wp-content\\\/uploads\\\/2019\\\/04\\\/cropped-img_logo_site_Premium-Line.png\",\"width\":190,\"height\":62,\"caption\":\"Premium-Line\"},\"image\":{\"@id\":\"https:\\\/\\\/premiumline-cabling.com\\\/#\\\/schema\\\/logo\\\/image\\\/\"}}]}<\/script>\n<!-- \/ Yoast SEO plugin. -->","yoast_head_json":{"title":"Panneau de brassage, Premium-Line Cat\u00e9gorie 6 1U UTP 24 ports","description":"Le panneau de brassage non blind\u00e9 Premium-Line Cat\u00e9gorie 6 1U 24ports est conforme aux sp\u00e9cifications ANSI\/TIA-568.2-D, ISO\/IEC 11801 et EN 50173-1 Class E.","robots":{"index":"index","follow":"follow","max-snippet":"max-snippet:-1","max-image-preview":"max-image-preview:large","max-video-preview":"max-video-preview:-1"},"canonical":"https:\/\/premiumline-cabling.com\/fr\/product\/chat-6-1u-non-blinde\/","og_locale":"fr_FR","og_type":"article","og_title":"Panneau de brassage, Premium-Line Cat\u00e9gorie 6 1U UTP 24 ports","og_description":"Le panneau de brassage non blind\u00e9 Premium-Line Cat\u00e9gorie 6 1U 24ports est conforme aux sp\u00e9cifications ANSI\/TIA-568.2-D, ISO\/IEC 11801 et EN 50173-1 Class E.","og_url":"https:\/\/premiumline-cabling.com\/fr\/product\/chat-6-1u-non-blinde\/","og_site_name":"Premium-Line","article_modified_time":"2025-01-16T10:14:44+00:00","og_image":[{"width":614,"height":588,"url":"https:\/\/premiumline-cabling.com\/wp-content\/uploads\/2019\/11\/PP_6_u_180_1U.jpg","type":"image\/jpeg"}],"twitter_card":"summary_large_image","twitter_misc":{"Dur\u00e9e de lecture estim\u00e9e":"2 minutes"},"schema":{"@context":"https:\/\/schema.org","@graph":[{"@type":"WebPage","@id":"https:\/\/premiumline-cabling.com\/fr\/product\/chat-6-1u-non-blinde\/","url":"https:\/\/premiumline-cabling.com\/fr\/product\/chat-6-1u-non-blinde\/","name":"Panneau de brassage, Premium-Line Cat\u00e9gorie 6 1U UTP 24 ports","isPartOf":{"@id":"https:\/\/premiumline-cabling.com\/#website"},"primaryImageOfPage":{"@id":"https:\/\/premiumline-cabling.com\/fr\/product\/chat-6-1u-non-blinde\/#primaryimage"},"image":{"@id":"https:\/\/premiumline-cabling.com\/fr\/product\/chat-6-1u-non-blinde\/#primaryimage"},"thumbnailUrl":"https:\/\/premiumline-cabling.com\/wp-content\/uploads\/2019\/11\/PP_6_u_180_1U.jpg","datePublished":"2019-11-28T15:12:24+00:00","dateModified":"2025-01-16T10:14:44+00:00","description":"Le panneau de brassage non blind\u00e9 Premium-Line Cat\u00e9gorie 6 1U 24ports est conforme aux sp\u00e9cifications ANSI\/TIA-568.2-D, ISO\/IEC 11801 et EN 50173-1 Class E.","breadcrumb":{"@id":"https:\/\/premiumline-cabling.com\/fr\/product\/chat-6-1u-non-blinde\/#breadcrumb"},"inLanguage":"fr-FR","potentialAction":[{"@type":"ReadAction","target":["https:\/\/premiumline-cabling.com\/fr\/product\/chat-6-1u-non-blinde\/"]}]},{"@type":"ImageObject","inLanguage":"fr-FR","@id":"https:\/\/premiumline-cabling.com\/fr\/product\/chat-6-1u-non-blinde\/#primaryimage","url":"https:\/\/premiumline-cabling.com\/wp-content\/uploads\/2019\/11\/PP_6_u_180_1U.jpg","contentUrl":"https:\/\/premiumline-cabling.com\/wp-content\/uploads\/2019\/11\/PP_6_u_180_1U.jpg","width":614,"height":588},{"@type":"BreadcrumbList","@id":"https:\/\/premiumline-cabling.com\/fr\/product\/chat-6-1u-non-blinde\/#breadcrumb","itemListElement":[{"@type":"ListItem","position":1,"name":"\u0413\u043b\u0430\u0432\u043d\u0430\u044f \u0441\u0442\u0440\u0430\u043d\u0438\u0446\u0430","item":"https:\/\/premiumline-cabling.com\/fr\/"},{"@type":"ListItem","position":2,"name":"Cat. 6 1U non blind\u00e9"}]},{"@type":"WebSite","@id":"https:\/\/premiumline-cabling.com\/#website","url":"https:\/\/premiumline-cabling.com\/","name":"Premium-Line","description":"Structured Cabling System","publisher":{"@id":"https:\/\/premiumline-cabling.com\/#organization"},"potentialAction":[{"@type":"SearchAction","target":{"@type":"EntryPoint","urlTemplate":"https:\/\/premiumline-cabling.com\/?s={search_term_string}"},"query-input":{"@type":"PropertyValueSpecification","valueRequired":true,"valueName":"search_term_string"}}],"inLanguage":"fr-FR"},{"@type":"Organization","@id":"https:\/\/premiumline-cabling.com\/#organization","name":"Premium-Line","url":"https:\/\/premiumline-cabling.com\/","logo":{"@type":"ImageObject","inLanguage":"fr-FR","@id":"https:\/\/premiumline-cabling.com\/#\/schema\/logo\/image\/","url":"https:\/\/premiumline-cabling.com\/wp-content\/uploads\/2019\/04\/cropped-img_logo_site_Premium-Line.png","contentUrl":"https:\/\/premiumline-cabling.com\/wp-content\/uploads\/2019\/04\/cropped-img_logo_site_Premium-Line.png","width":190,"height":62,"caption":"Premium-Line"},"image":{"@id":"https:\/\/premiumline-cabling.com\/#\/schema\/logo\/image\/"}}]}},"_links":{"self":[{"href":"https:\/\/premiumline-cabling.com\/fr\/wp-json\/wp\/v2\/product\/20179","targetHints":{"allow":["GET"]}}],"collection":[{"href":"https:\/\/premiumline-cabling.com\/fr\/wp-json\/wp\/v2\/product"}],"about":[{"href":"https:\/\/premiumline-cabling.com\/fr\/wp-json\/wp\/v2\/types\/product"}],"wp:featuredmedia":[{"embeddable":true,"href":"https:\/\/premiumline-cabling.com\/fr\/wp-json\/wp\/v2\/media\/20186"}],"wp:attachment":[{"href":"https:\/\/premiumline-cabling.com\/fr\/wp-json\/wp\/v2\/media?parent=20179"}],"wp:term":[{"taxonomy":"product_category","embeddable":true,"href":"https:\/\/premiumline-cabling.com\/fr\/wp-json\/wp\/v2\/product_category?post=20179"}],"curies":[{"name":"wp","href":"https:\/\/api.w.org\/{rel}","templated":true}]}}