{"id":20178,"date":"2019-02-10T21:28:58","date_gmt":"2019-02-10T20:28:58","guid":{"rendered":"https:\/\/premiumline-cabling.com\/product\/chat-5e-1u-blinde\/"},"modified":"2024-05-08T10:13:32","modified_gmt":"2024-05-08T09:13:32","slug":"chat-5e-1u-blinde","status":"publish","type":"product","link":"https:\/\/premiumline-cabling.com\/fr\/product\/chat-5e-1u-blinde\/","title":{"rendered":"Cat. 5e 1U blind\u00e9"},"content":{"rendered":"<p>&nbsp;<\/p>\n<h2 id=\"ui-id-1\" class=\"t3ddy-accordion-header ui-accordion-header ui-state-default ui-accordion-icons ui-state-focus ui-corner-all\" tabindex=\"0\" role=\"tab\" aria-controls=\"c1395\" aria-selected=\"false\" aria-expanded=\"false\">Panneau de brassage blind\u00e9, Cat\u00e9gorie 5e 1U 24 ports, double type IDC<\/h2>\n<p><noscript><img decoding=\"async\" class=\"alignright wp-image-865 size-medium\" src=\"https:\/\/premiumline-cabling.com\/wp-content\/uploads\/2019\/02\/img_PL_175212412-300x107.jpg\" alt width=\"300\" height=\"107\" srcset=\"https:\/\/premiumline-cabling.com\/wp-content\/uploads\/2019\/02\/img_PL_175212412-300x107.jpg 300w, https:\/\/premiumline-cabling.com\/wp-content\/uploads\/2019\/02\/img_PL_175212412.jpg 445w\" sizes=\"(max-width: 300px) 100vw, 300px\"><\/noscript><img decoding=\"async\" class=\"alignright wp-image-865 size-medium lazyload\" src=\"data:image\/svg+xml,%3Csvg%20xmlns%3D%22http%3A%2F%2Fwww.w3.org%2F2000%2Fsvg%22%20viewBox%3D%220%200%20300%20107%22%3E%3C%2Fsvg%3E\" alt width=\"300\" height=\"107\" srcset=\"data:image\/svg+xml,%3Csvg%20xmlns%3D%22http%3A%2F%2Fwww.w3.org%2F2000%2Fsvg%22%20viewBox%3D%220%200%20300%20107%22%3E%3C%2Fsvg%3E 300w\" sizes=\"(max-width: 300px) 100vw, 300px\" data-srcset=\"https:\/\/premiumline-cabling.com\/wp-content\/uploads\/2019\/02\/img_PL_175212412-300x107.jpg 300w, https:\/\/premiumline-cabling.com\/wp-content\/uploads\/2019\/02\/img_PL_175212412.jpg 445w\" data-src=\"https:\/\/premiumline-cabling.com\/wp-content\/uploads\/2019\/02\/img_PL_175212412-300x107.jpg\"><\/p>\n<p>Le panneau de brassage blind\u00e9 Premium-Line Cat\u00e9gorie 5e est conforme aux sp\u00e9cifications ANSI\/TIA-568-C.2, ISO\/EN 11801 et EN 50173-1 Classe D. Le module complet est conforme \u00e0 la directive ROHS de l&#8217;UE.<br>\nLa construction est de taille standard 1U 19&#8243;, adapt\u00e9e \u00e0 toutes les installations en rack 19&#8243;. Le cadre m\u00e9tallique principal et le couvercle arri\u00e8re sont fabriqu\u00e9s en mat\u00e9riau SECC, avec une \u00e9paisseur sup\u00e9rieure \u00e0 1,0 mm. L&#8217;IDC double accepte les c\u00e2bles solides de 22 \u00e0 26 AWG, faciles \u00e0 terminer avec des outils 110 ou Krone. Le produit fini est disponible en noir ou en gris clair RAL7035.<\/p>\n<table>\n<tbody>\n<tr>\n<td colspan=\"2\">\n<h4>Caract\u00e9ristiques physiques<\/h4>\n<\/td>\n<\/tr>\n<tr>\n<td>Jack<\/td>\n<td>Bronze phosphoreux, placage d&#8217;or de 50\u03bc de pouce sur le nickel dans la zone de contact.<\/td>\n<\/tr>\n<tr>\n<td>IDC<\/td>\n<td>100\u03bc pouce nickel\u00e9 sur bronze phosphoreux<\/td>\n<\/tr>\n<tr>\n<td>Couvercle blind\u00e9<\/td>\n<td>50-60\u03bc pouces nickel\u00e9 sur bronze phosphoreux<\/td>\n<\/tr>\n<tr>\n<td colspan=\"2\">\n<h4>Caract\u00e9ristiques \u00e9lectriques<\/h4>\n<\/td>\n<\/tr>\n<tr>\n<td>Rigidit\u00e9 di\u00e9lectrique<\/td>\n<td>1000V RMS pendant 1min<\/td>\n<\/tr>\n<tr>\n<td>Valeur nominale actuelle<\/td>\n<td>1.5Amp Max.<\/td>\n<\/tr>\n<tr>\n<td>R\u00e9sistance de l&#8217;isolation<\/td>\n<td>10M\u03a9 Min.<\/td>\n<\/tr>\n<tr>\n<td>R\u00e9sistance des contacts<\/td>\n<td>2m\u03a9 par contact<\/td>\n<\/tr>\n<tr>\n<td>Plage de temp\u00e9rature<\/td>\n<td>De -10\u00b0C \u00e0 60\u00b0C<\/td>\n<\/tr>\n<tr>\n<td>Humidit\u00e9<\/td>\n<td>10%~90% ; sans condensation<\/td>\n<\/tr>\n<tr>\n<td colspan=\"2\">\n<h4 style=\"text-align: left;\">Applications<\/h4>\n<ul>\n<li style=\"text-align: left;\">1000BASE-T Gigabit Ethernet<\/li>\n<li style=\"text-align: left;\">100BASE-TX Fast Ethernet<\/li>\n<li style=\"text-align: left;\">10BASE-T Ethernet<\/li>\n<li style=\"text-align: left;\">Applications vocales, vid\u00e9o et autres<\/li>\n<\/ul>\n<\/td>\n<\/tr>\n<\/tbody>\n<\/table>\n<p>Tous les produits sont v\u00e9rifi\u00e9s par rapport aux caract\u00e9ristiques \u00e9lectriques requises par la directive.<\/p>\n<h4>Panneau de brassage blind\u00e9 de cat\u00e9gorie 5e, 1U<\/h4>\n<table width=\"100%\">\n<thead>\n<tr>\n<td><strong>PART NO.<\/strong><\/td>\n<td><strong>DESCRIPTION<\/strong><\/td>\n<td><strong>TAILLE DE L&#8217;EMBALLAGE<\/strong><\/td>\n<\/tr>\n<\/thead>\n<tbody>\n<tr>\n<td>175212412<\/td>\n<td>Panneau de raccordement blind\u00e9 Premium-Line, Cat\u00e9gorie 5e, 24 ports, double type IDC, noir<\/td>\n<td>50,5\u00d727,9\u00d727 cm<\/td>\n<\/tr>\n<tr>\n<td>175212419<\/td>\n<td>Panneau de brassage blind\u00e9 Premium-Line Cat\u00e9gorie 5e, 24 ports, double type IDC, RAL7035<\/td>\n<td>50,5\u00d727,9\u00d727 cm<\/td>\n<\/tr>\n<\/tbody>\n<\/table>\n<h3><\/h3>\n","protected":false},"featured_media":20185,"template":"","product_category":[413],"class_list":["post-20178","product","type-product","status-publish","has-post-thumbnail","hentry","product_category-panneau-de-raccordement-blinde"],"yoast_head":"<!-- This site is optimized with the Yoast SEO plugin v27.2 - https:\/\/yoast.com\/product\/yoast-seo-wordpress\/ -->\n<title>Panneau de brassage blind\u00e9 Cat\u00e9gorie 5e 24 ports, double type IDC<\/title>\n<meta name=\"description\" content=\"Le panneau de brassage blind\u00e9 Premium-Line Cat\u00e9gorie 5e est conforme aux sp\u00e9cifications ANSI\/TIA-568.2-D, ISO\/EN 11801 et EN 50173-1 Classe D.\" \/>\n<meta name=\"robots\" content=\"index, follow, max-snippet:-1, max-image-preview:large, max-video-preview:-1\" \/>\n<link rel=\"canonical\" href=\"https:\/\/premiumline-cabling.com\/fr\/product\/chat-5e-1u-blinde\/\" \/>\n<meta property=\"og:locale\" content=\"fr_FR\" \/>\n<meta property=\"og:type\" content=\"article\" \/>\n<meta property=\"og:title\" content=\"Panneau de brassage blind\u00e9 Cat\u00e9gorie 5e 24 ports, double type IDC\" \/>\n<meta property=\"og:description\" content=\"Le panneau de brassage blind\u00e9 Premium-Line Cat\u00e9gorie 5e est conforme aux sp\u00e9cifications ANSI\/TIA-568.2-D, ISO\/EN 11801 et EN 50173-1 Classe D.\" \/>\n<meta property=\"og:url\" content=\"https:\/\/premiumline-cabling.com\/fr\/product\/chat-5e-1u-blinde\/\" \/>\n<meta property=\"og:site_name\" content=\"Premium-Line\" \/>\n<meta property=\"article:modified_time\" content=\"2024-05-08T09:13:32+00:00\" \/>\n<meta property=\"og:image\" content=\"https:\/\/premiumline-cabling.com\/wp-content\/uploads\/2019\/02\/PP_5e_s_90_1U.jpg\" \/>\n\t<meta property=\"og:image:width\" content=\"595\" \/>\n\t<meta property=\"og:image:height\" content=\"593\" \/>\n\t<meta property=\"og:image:type\" content=\"image\/jpeg\" \/>\n<meta name=\"twitter:card\" content=\"summary_large_image\" \/>\n<meta name=\"twitter:label1\" content=\"Dur\u00e9e de lecture estim\u00e9e\" \/>\n\t<meta name=\"twitter:data1\" content=\"2 minutes\" \/>\n<script type=\"application\/ld+json\" class=\"yoast-schema-graph\">{\"@context\":\"https:\/\/schema.org\",\"@graph\":[{\"@type\":\"WebPage\",\"@id\":\"https:\/\/premiumline-cabling.com\/fr\/product\/chat-5e-1u-blinde\/\",\"url\":\"https:\/\/premiumline-cabling.com\/fr\/product\/chat-5e-1u-blinde\/\",\"name\":\"Panneau de brassage blind\u00e9 Cat\u00e9gorie 5e 24 ports, double type IDC\",\"isPartOf\":{\"@id\":\"https:\/\/premiumline-cabling.com\/#website\"},\"primaryImageOfPage\":{\"@id\":\"https:\/\/premiumline-cabling.com\/fr\/product\/chat-5e-1u-blinde\/#primaryimage\"},\"image\":{\"@id\":\"https:\/\/premiumline-cabling.com\/fr\/product\/chat-5e-1u-blinde\/#primaryimage\"},\"thumbnailUrl\":\"https:\/\/premiumline-cabling.com\/wp-content\/uploads\/2019\/02\/PP_5e_s_90_1U.jpg\",\"datePublished\":\"2019-02-10T20:28:58+00:00\",\"dateModified\":\"2024-05-08T09:13:32+00:00\",\"description\":\"Le panneau de brassage blind\u00e9 Premium-Line Cat\u00e9gorie 5e est conforme aux sp\u00e9cifications ANSI\/TIA-568.2-D, ISO\/EN 11801 et EN 50173-1 Classe D.\",\"breadcrumb\":{\"@id\":\"https:\/\/premiumline-cabling.com\/fr\/product\/chat-5e-1u-blinde\/#breadcrumb\"},\"inLanguage\":\"fr-FR\",\"potentialAction\":[{\"@type\":\"ReadAction\",\"target\":[\"https:\/\/premiumline-cabling.com\/fr\/product\/chat-5e-1u-blinde\/\"]}]},{\"@type\":\"ImageObject\",\"inLanguage\":\"fr-FR\",\"@id\":\"https:\/\/premiumline-cabling.com\/fr\/product\/chat-5e-1u-blinde\/#primaryimage\",\"url\":\"https:\/\/premiumline-cabling.com\/wp-content\/uploads\/2019\/02\/PP_5e_s_90_1U.jpg\",\"contentUrl\":\"https:\/\/premiumline-cabling.com\/wp-content\/uploads\/2019\/02\/PP_5e_s_90_1U.jpg\",\"width\":595,\"height\":593},{\"@type\":\"BreadcrumbList\",\"@id\":\"https:\/\/premiumline-cabling.com\/fr\/product\/chat-5e-1u-blinde\/#breadcrumb\",\"itemListElement\":[{\"@type\":\"ListItem\",\"position\":1,\"name\":\"\u0413\u043b\u0430\u0432\u043d\u0430\u044f \u0441\u0442\u0440\u0430\u043d\u0438\u0446\u0430\",\"item\":\"https:\/\/premiumline-cabling.com\/fr\/\"},{\"@type\":\"ListItem\",\"position\":2,\"name\":\"Cat. 5e 1U blind\u00e9\"}]},{\"@type\":\"WebSite\",\"@id\":\"https:\/\/premiumline-cabling.com\/#website\",\"url\":\"https:\/\/premiumline-cabling.com\/\",\"name\":\"Premium-Line\",\"description\":\"Structured Cabling System\",\"publisher\":{\"@id\":\"https:\/\/premiumline-cabling.com\/#organization\"},\"potentialAction\":[{\"@type\":\"SearchAction\",\"target\":{\"@type\":\"EntryPoint\",\"urlTemplate\":\"https:\/\/premiumline-cabling.com\/?s={search_term_string}\"},\"query-input\":{\"@type\":\"PropertyValueSpecification\",\"valueRequired\":true,\"valueName\":\"search_term_string\"}}],\"inLanguage\":\"fr-FR\"},{\"@type\":\"Organization\",\"@id\":\"https:\/\/premiumline-cabling.com\/#organization\",\"name\":\"Premium-Line\",\"url\":\"https:\/\/premiumline-cabling.com\/\",\"logo\":{\"@type\":\"ImageObject\",\"inLanguage\":\"fr-FR\",\"@id\":\"https:\/\/premiumline-cabling.com\/#\/schema\/logo\/image\/\",\"url\":\"https:\/\/premiumline-cabling.com\/wp-content\/uploads\/2019\/04\/cropped-img_logo_site_Premium-Line.png\",\"contentUrl\":\"https:\/\/premiumline-cabling.com\/wp-content\/uploads\/2019\/04\/cropped-img_logo_site_Premium-Line.png\",\"width\":190,\"height\":62,\"caption\":\"Premium-Line\"},\"image\":{\"@id\":\"https:\/\/premiumline-cabling.com\/#\/schema\/logo\/image\/\"}}]}<\/script>\n<!-- \/ Yoast SEO plugin. -->","yoast_head_json":{"title":"Panneau de brassage blind\u00e9 Cat\u00e9gorie 5e 24 ports, double type IDC","description":"Le panneau de brassage blind\u00e9 Premium-Line Cat\u00e9gorie 5e est conforme aux sp\u00e9cifications ANSI\/TIA-568.2-D, ISO\/EN 11801 et EN 50173-1 Classe D.","robots":{"index":"index","follow":"follow","max-snippet":"max-snippet:-1","max-image-preview":"max-image-preview:large","max-video-preview":"max-video-preview:-1"},"canonical":"https:\/\/premiumline-cabling.com\/fr\/product\/chat-5e-1u-blinde\/","og_locale":"fr_FR","og_type":"article","og_title":"Panneau de brassage blind\u00e9 Cat\u00e9gorie 5e 24 ports, double type IDC","og_description":"Le panneau de brassage blind\u00e9 Premium-Line Cat\u00e9gorie 5e est conforme aux sp\u00e9cifications ANSI\/TIA-568.2-D, ISO\/EN 11801 et EN 50173-1 Classe D.","og_url":"https:\/\/premiumline-cabling.com\/fr\/product\/chat-5e-1u-blinde\/","og_site_name":"Premium-Line","article_modified_time":"2024-05-08T09:13:32+00:00","og_image":[{"width":595,"height":593,"url":"https:\/\/premiumline-cabling.com\/wp-content\/uploads\/2019\/02\/PP_5e_s_90_1U.jpg","type":"image\/jpeg"}],"twitter_card":"summary_large_image","twitter_misc":{"Dur\u00e9e de lecture estim\u00e9e":"2 minutes"},"schema":{"@context":"https:\/\/schema.org","@graph":[{"@type":"WebPage","@id":"https:\/\/premiumline-cabling.com\/fr\/product\/chat-5e-1u-blinde\/","url":"https:\/\/premiumline-cabling.com\/fr\/product\/chat-5e-1u-blinde\/","name":"Panneau de brassage blind\u00e9 Cat\u00e9gorie 5e 24 ports, double type IDC","isPartOf":{"@id":"https:\/\/premiumline-cabling.com\/#website"},"primaryImageOfPage":{"@id":"https:\/\/premiumline-cabling.com\/fr\/product\/chat-5e-1u-blinde\/#primaryimage"},"image":{"@id":"https:\/\/premiumline-cabling.com\/fr\/product\/chat-5e-1u-blinde\/#primaryimage"},"thumbnailUrl":"https:\/\/premiumline-cabling.com\/wp-content\/uploads\/2019\/02\/PP_5e_s_90_1U.jpg","datePublished":"2019-02-10T20:28:58+00:00","dateModified":"2024-05-08T09:13:32+00:00","description":"Le panneau de brassage blind\u00e9 Premium-Line Cat\u00e9gorie 5e est conforme aux sp\u00e9cifications ANSI\/TIA-568.2-D, ISO\/EN 11801 et EN 50173-1 Classe D.","breadcrumb":{"@id":"https:\/\/premiumline-cabling.com\/fr\/product\/chat-5e-1u-blinde\/#breadcrumb"},"inLanguage":"fr-FR","potentialAction":[{"@type":"ReadAction","target":["https:\/\/premiumline-cabling.com\/fr\/product\/chat-5e-1u-blinde\/"]}]},{"@type":"ImageObject","inLanguage":"fr-FR","@id":"https:\/\/premiumline-cabling.com\/fr\/product\/chat-5e-1u-blinde\/#primaryimage","url":"https:\/\/premiumline-cabling.com\/wp-content\/uploads\/2019\/02\/PP_5e_s_90_1U.jpg","contentUrl":"https:\/\/premiumline-cabling.com\/wp-content\/uploads\/2019\/02\/PP_5e_s_90_1U.jpg","width":595,"height":593},{"@type":"BreadcrumbList","@id":"https:\/\/premiumline-cabling.com\/fr\/product\/chat-5e-1u-blinde\/#breadcrumb","itemListElement":[{"@type":"ListItem","position":1,"name":"\u0413\u043b\u0430\u0432\u043d\u0430\u044f \u0441\u0442\u0440\u0430\u043d\u0438\u0446\u0430","item":"https:\/\/premiumline-cabling.com\/fr\/"},{"@type":"ListItem","position":2,"name":"Cat. 5e 1U blind\u00e9"}]},{"@type":"WebSite","@id":"https:\/\/premiumline-cabling.com\/#website","url":"https:\/\/premiumline-cabling.com\/","name":"Premium-Line","description":"Structured Cabling System","publisher":{"@id":"https:\/\/premiumline-cabling.com\/#organization"},"potentialAction":[{"@type":"SearchAction","target":{"@type":"EntryPoint","urlTemplate":"https:\/\/premiumline-cabling.com\/?s={search_term_string}"},"query-input":{"@type":"PropertyValueSpecification","valueRequired":true,"valueName":"search_term_string"}}],"inLanguage":"fr-FR"},{"@type":"Organization","@id":"https:\/\/premiumline-cabling.com\/#organization","name":"Premium-Line","url":"https:\/\/premiumline-cabling.com\/","logo":{"@type":"ImageObject","inLanguage":"fr-FR","@id":"https:\/\/premiumline-cabling.com\/#\/schema\/logo\/image\/","url":"https:\/\/premiumline-cabling.com\/wp-content\/uploads\/2019\/04\/cropped-img_logo_site_Premium-Line.png","contentUrl":"https:\/\/premiumline-cabling.com\/wp-content\/uploads\/2019\/04\/cropped-img_logo_site_Premium-Line.png","width":190,"height":62,"caption":"Premium-Line"},"image":{"@id":"https:\/\/premiumline-cabling.com\/#\/schema\/logo\/image\/"}}]}},"_links":{"self":[{"href":"https:\/\/premiumline-cabling.com\/fr\/wp-json\/wp\/v2\/product\/20178","targetHints":{"allow":["GET"]}}],"collection":[{"href":"https:\/\/premiumline-cabling.com\/fr\/wp-json\/wp\/v2\/product"}],"about":[{"href":"https:\/\/premiumline-cabling.com\/fr\/wp-json\/wp\/v2\/types\/product"}],"wp:featuredmedia":[{"embeddable":true,"href":"https:\/\/premiumline-cabling.com\/fr\/wp-json\/wp\/v2\/media\/20185"}],"wp:attachment":[{"href":"https:\/\/premiumline-cabling.com\/fr\/wp-json\/wp\/v2\/media?parent=20178"}],"wp:term":[{"taxonomy":"product_category","embeddable":true,"href":"https:\/\/premiumline-cabling.com\/fr\/wp-json\/wp\/v2\/product_category?post=20178"}],"curies":[{"name":"wp","href":"https:\/\/api.w.org\/{rel}","templated":true}]}}