{"id":20165,"date":"2019-11-29T17:04:01","date_gmt":"2019-11-29T16:04:01","guid":{"rendered":"https:\/\/premiumline-cabling.com\/product\/chat-5e-non-blinde-48port\/"},"modified":"2024-05-21T09:24:01","modified_gmt":"2024-05-21T08:24:01","slug":"chat-5e-non-blinde-48port","status":"publish","type":"product","link":"https:\/\/premiumline-cabling.com\/fr\/product\/chat-5e-non-blinde-48port\/","title":{"rendered":"Cat. 5e non blind\u00e9 48ports"},"content":{"rendered":"<h2>Panneau de brassage Cat\u00e9gorie 5e 1U 48 ports avec deux passe-c\u00e2bles<\/h2>\n<p><noscript><img decoding=\"async\" class=\"alignright wp-image-3835 size-medium\" src=\"https:\/\/premiumline-cabling.com\/wp-content\/uploads\/2019\/11\/PP_5e_u_180_1U_48_f-300x41.jpg\" alt width=\"300\" height=\"41\" srcset=\"https:\/\/premiumline-cabling.com\/wp-content\/uploads\/2019\/11\/PP_5e_u_180_1U_48_f-300x41.jpg 300w, https:\/\/premiumline-cabling.com\/wp-content\/uploads\/2019\/11\/PP_5e_u_180_1U_48_f.jpg 659w\" sizes=\"(max-width: 300px) 100vw, 300px\"><\/noscript><img decoding=\"async\" class=\"alignright wp-image-3835 size-medium lazyload\" src=\"data:image\/svg+xml,%3Csvg%20xmlns%3D%22http%3A%2F%2Fwww.w3.org%2F2000%2Fsvg%22%20viewBox%3D%220%200%20300%2041%22%3E%3C%2Fsvg%3E\" alt width=\"300\" height=\"41\" srcset=\"data:image\/svg+xml,%3Csvg%20xmlns%3D%22http%3A%2F%2Fwww.w3.org%2F2000%2Fsvg%22%20viewBox%3D%220%200%20300%2041%22%3E%3C%2Fsvg%3E 300w\" sizes=\"(max-width: 300px) 100vw, 300px\" data-srcset=\"https:\/\/premiumline-cabling.com\/wp-content\/uploads\/2019\/11\/PP_5e_u_180_1U_48_f-300x41.jpg 300w, https:\/\/premiumline-cabling.com\/wp-content\/uploads\/2019\/11\/PP_5e_u_180_1U_48_f.jpg 659w\" data-src=\"https:\/\/premiumline-cabling.com\/wp-content\/uploads\/2019\/11\/PP_5e_u_180_1U_48_f-300x41.jpg\">Le panneau de brassage Premium-Line Categorie 5e 19&#8243;, haute densit\u00e9 48 ports, 1U, peut consid\u00e9rablement augmenter votre capacit\u00e9 en \u00e9conomisant de l&#8217;espace dans le rack ! Pour tout rack de connexion crois\u00e9e et rack de r\u00e9seau \u00e0 haute capacit\u00e9 dans le centre de donn\u00e9es ou le TR, c&#8217;est la conception id\u00e9ale pour obtenir un d\u00e9ploiement plus flexible et \u00e9galement disponible \u00e0 tout moment pour l&#8217;expansion des abonn\u00e9s finaux. Deux passe-c\u00e2bles faciles \u00e0 encliqueter \u00e0 l&#8217;arri\u00e8re sont tr\u00e8s r\u00e9sistantes et abordables. Sa conception compacte permet d&#8217;\u00e9conomiser de l&#8217;espace dans le rack et, combin\u00e9e \u00e0 la qualit\u00e9 de sa marge de performance, le panneau est la solution id\u00e9ale pour r\u00e9duire le budget et \u00eatre comp\u00e9titif par rapport aux autres.<\/p>\n<p>Le module complet est conforme \u00e0 la directive ROHS de l&#8217;UE.<\/p>\n<table>\n<tbody>\n<tr>\n<td colspan=\"2\">\n<h4>Caract\u00e9ristiques physiques<\/h4>\n<\/td>\n<\/tr>\n<tr>\n<td>Jack<\/td>\n<td>Bronze phosphoreux, placage d&#8217;or de 50\u03bc de pouce sur le nickel dans la zone de contact.<\/td>\n<\/tr>\n<tr>\n<td>IDC<\/td>\n<td>100\u03bc pouce nickel\u00e9 sur bronze phosphoreux<\/td>\n<\/tr>\n<tr>\n<td colspan=\"2\">\n<h4>Caract\u00e9ristiques \u00e9lectriques<\/h4>\n<\/td>\n<\/tr>\n<tr>\n<td>Rigidit\u00e9 di\u00e9lectrique<\/td>\n<td>1000V RMS pendant 1min<\/td>\n<\/tr>\n<tr>\n<td>Valeur nominale actuelle<\/td>\n<td>1.5Amp Max.<\/td>\n<\/tr>\n<tr>\n<td>R\u00e9sistance de l&#8217;isolation<\/td>\n<td>10M\u03a9 Min.<\/td>\n<\/tr>\n<tr>\n<td>R\u00e9sistance des contacts<\/td>\n<td>2m\u03a9 par contact<\/td>\n<\/tr>\n<tr>\n<td>Plage de temp\u00e9rature<\/td>\n<td>De -10\u00b0C \u00e0 60\u00b0C<\/td>\n<\/tr>\n<tr>\n<td>Humidit\u00e9<\/td>\n<td>10%~90% ; sans condensation<\/td>\n<\/tr>\n<tr>\n<td colspan=\"2\">\n<h4 style=\"text-align: left;\">Applications<\/h4>\n<ul>\n<li style=\"text-align: left;\">1000BASE-T Gigabit Ethernet<\/li>\n<li style=\"text-align: left;\">100BASE-TX Fast Ethernet<\/li>\n<li style=\"text-align: left;\">10BASE-T Ethernet<\/li>\n<li style=\"text-align: left;\">Applications vocales, vid\u00e9o et autres<\/li>\n<\/ul>\n<\/td>\n<\/tr>\n<\/tbody>\n<\/table>\n<p>Tous les produits sont v\u00e9rifi\u00e9s par rapport aux caract\u00e9ristiques \u00e9lectriques requises par la directive.<\/p>\n<h4>Panneau de brassage non blind\u00e9 Cat\u00e9gorie 5e 0.5U<\/h4>\n<table style=\"width: 694px;\">\n<thead>\n<tr>\n<td style=\"width: 78px;\"><strong>PART NO.<\/strong><\/td>\n<td style=\"width: 514px;\"><strong>DESCRIPTION<\/strong><\/td>\n<td style=\"width: 102px;\"><strong>TAILLE DE L&#8217;EMBALLAGE<\/strong><\/td>\n<\/tr>\n<\/thead>\n<tbody>\n<tr>\n<td style=\"width: 78px;\">175144812<\/td>\n<td style=\"width: 514px;\">Panneau de brassage Premium-Line Cat\u00e9gorie 5e 1U, 48 ports avec deux passe-c\u00e2bles, noir<\/td>\n<td style=\"width: 102px;\">52\u00d724\u00d734 cm<\/td>\n<\/tr>\n<\/tbody>\n<\/table>\n<p>&nbsp;<\/p>\n","protected":false},"featured_media":20168,"template":"","product_category":[412],"class_list":["post-20165","product","type-product","status-publish","has-post-thumbnail","hentry","product_category-panneau-de-raccordement-non-blinde"],"yoast_head":"<!-- This site is optimized with the Yoast SEO plugin v27.4 - https:\/\/yoast.com\/product\/yoast-seo-wordpress\/ -->\n<title>Panneau de brassage Cat\u00e9gorie 5e 1U 48 ports avec passe- c\u00e2bles<\/title>\n<meta name=\"description\" content=\"Le panneau de brassage Premium-Line Cat\u00e9gorie 5e non blind\u00e9 est conforme aux sp\u00e9cifications ANSI\/TIA-568.2-D, ISO\/EN 11801 et EN 50173-1 Classe D.\" \/>\n<meta name=\"robots\" content=\"index, follow, max-snippet:-1, max-image-preview:large, max-video-preview:-1\" \/>\n<link rel=\"canonical\" href=\"https:\/\/premiumline-cabling.com\/fr\/product\/chat-5e-non-blinde-48port\/\" \/>\n<meta property=\"og:locale\" content=\"fr_FR\" \/>\n<meta property=\"og:type\" content=\"article\" \/>\n<meta property=\"og:title\" content=\"Panneau de brassage Cat\u00e9gorie 5e 1U 48 ports avec passe- c\u00e2bles\" \/>\n<meta property=\"og:description\" content=\"Le panneau de brassage Premium-Line Cat\u00e9gorie 5e non blind\u00e9 est conforme aux sp\u00e9cifications ANSI\/TIA-568.2-D, ISO\/EN 11801 et EN 50173-1 Classe D.\" \/>\n<meta property=\"og:url\" content=\"https:\/\/premiumline-cabling.com\/fr\/product\/chat-5e-non-blinde-48port\/\" \/>\n<meta property=\"og:site_name\" content=\"Premium-Line\" \/>\n<meta property=\"article:modified_time\" content=\"2024-05-21T08:24:01+00:00\" \/>\n<meta property=\"og:image\" content=\"https:\/\/premiumline-cabling.com\/wp-content\/uploads\/2019\/11\/PP_5e_u_180_1U_48.jpg\" \/>\n\t<meta property=\"og:image:width\" content=\"646\" \/>\n\t<meta property=\"og:image:height\" content=\"632\" \/>\n\t<meta property=\"og:image:type\" content=\"image\/jpeg\" \/>\n<meta name=\"twitter:card\" content=\"summary_large_image\" \/>\n<meta name=\"twitter:label1\" content=\"Dur\u00e9e de lecture estim\u00e9e\" \/>\n\t<meta name=\"twitter:data1\" content=\"1 minute\" \/>\n<script type=\"application\/ld+json\" class=\"yoast-schema-graph\">{\"@context\":\"https:\\\/\\\/schema.org\",\"@graph\":[{\"@type\":\"WebPage\",\"@id\":\"https:\\\/\\\/premiumline-cabling.com\\\/fr\\\/product\\\/chat-5e-non-blinde-48port\\\/\",\"url\":\"https:\\\/\\\/premiumline-cabling.com\\\/fr\\\/product\\\/chat-5e-non-blinde-48port\\\/\",\"name\":\"Panneau de brassage Cat\u00e9gorie 5e 1U 48 ports avec passe- c\u00e2bles\",\"isPartOf\":{\"@id\":\"https:\\\/\\\/premiumline-cabling.com\\\/#website\"},\"primaryImageOfPage\":{\"@id\":\"https:\\\/\\\/premiumline-cabling.com\\\/fr\\\/product\\\/chat-5e-non-blinde-48port\\\/#primaryimage\"},\"image\":{\"@id\":\"https:\\\/\\\/premiumline-cabling.com\\\/fr\\\/product\\\/chat-5e-non-blinde-48port\\\/#primaryimage\"},\"thumbnailUrl\":\"https:\\\/\\\/premiumline-cabling.com\\\/wp-content\\\/uploads\\\/2019\\\/11\\\/PP_5e_u_180_1U_48.jpg\",\"datePublished\":\"2019-11-29T16:04:01+00:00\",\"dateModified\":\"2024-05-21T08:24:01+00:00\",\"description\":\"Le panneau de brassage Premium-Line Cat\u00e9gorie 5e non blind\u00e9 est conforme aux sp\u00e9cifications ANSI\\\/TIA-568.2-D, ISO\\\/EN 11801 et EN 50173-1 Classe D.\",\"breadcrumb\":{\"@id\":\"https:\\\/\\\/premiumline-cabling.com\\\/fr\\\/product\\\/chat-5e-non-blinde-48port\\\/#breadcrumb\"},\"inLanguage\":\"fr-FR\",\"potentialAction\":[{\"@type\":\"ReadAction\",\"target\":[\"https:\\\/\\\/premiumline-cabling.com\\\/fr\\\/product\\\/chat-5e-non-blinde-48port\\\/\"]}]},{\"@type\":\"ImageObject\",\"inLanguage\":\"fr-FR\",\"@id\":\"https:\\\/\\\/premiumline-cabling.com\\\/fr\\\/product\\\/chat-5e-non-blinde-48port\\\/#primaryimage\",\"url\":\"https:\\\/\\\/premiumline-cabling.com\\\/wp-content\\\/uploads\\\/2019\\\/11\\\/PP_5e_u_180_1U_48.jpg\",\"contentUrl\":\"https:\\\/\\\/premiumline-cabling.com\\\/wp-content\\\/uploads\\\/2019\\\/11\\\/PP_5e_u_180_1U_48.jpg\",\"width\":646,\"height\":632},{\"@type\":\"BreadcrumbList\",\"@id\":\"https:\\\/\\\/premiumline-cabling.com\\\/fr\\\/product\\\/chat-5e-non-blinde-48port\\\/#breadcrumb\",\"itemListElement\":[{\"@type\":\"ListItem\",\"position\":1,\"name\":\"\u0413\u043b\u0430\u0432\u043d\u0430\u044f \u0441\u0442\u0440\u0430\u043d\u0438\u0446\u0430\",\"item\":\"https:\\\/\\\/premiumline-cabling.com\\\/fr\\\/\"},{\"@type\":\"ListItem\",\"position\":2,\"name\":\"Cat. 5e non blind\u00e9 48ports\"}]},{\"@type\":\"WebSite\",\"@id\":\"https:\\\/\\\/premiumline-cabling.com\\\/#website\",\"url\":\"https:\\\/\\\/premiumline-cabling.com\\\/\",\"name\":\"Premium-Line\",\"description\":\"Structured Cabling System\",\"publisher\":{\"@id\":\"https:\\\/\\\/premiumline-cabling.com\\\/#organization\"},\"potentialAction\":[{\"@type\":\"SearchAction\",\"target\":{\"@type\":\"EntryPoint\",\"urlTemplate\":\"https:\\\/\\\/premiumline-cabling.com\\\/?s={search_term_string}\"},\"query-input\":{\"@type\":\"PropertyValueSpecification\",\"valueRequired\":true,\"valueName\":\"search_term_string\"}}],\"inLanguage\":\"fr-FR\"},{\"@type\":\"Organization\",\"@id\":\"https:\\\/\\\/premiumline-cabling.com\\\/#organization\",\"name\":\"Premium-Line\",\"url\":\"https:\\\/\\\/premiumline-cabling.com\\\/\",\"logo\":{\"@type\":\"ImageObject\",\"inLanguage\":\"fr-FR\",\"@id\":\"https:\\\/\\\/premiumline-cabling.com\\\/#\\\/schema\\\/logo\\\/image\\\/\",\"url\":\"https:\\\/\\\/premiumline-cabling.com\\\/wp-content\\\/uploads\\\/2019\\\/04\\\/cropped-img_logo_site_Premium-Line.png\",\"contentUrl\":\"https:\\\/\\\/premiumline-cabling.com\\\/wp-content\\\/uploads\\\/2019\\\/04\\\/cropped-img_logo_site_Premium-Line.png\",\"width\":190,\"height\":62,\"caption\":\"Premium-Line\"},\"image\":{\"@id\":\"https:\\\/\\\/premiumline-cabling.com\\\/#\\\/schema\\\/logo\\\/image\\\/\"}}]}<\/script>\n<!-- \/ Yoast SEO plugin. -->","yoast_head_json":{"title":"Panneau de brassage Cat\u00e9gorie 5e 1U 48 ports avec passe- c\u00e2bles","description":"Le panneau de brassage Premium-Line Cat\u00e9gorie 5e non blind\u00e9 est conforme aux sp\u00e9cifications ANSI\/TIA-568.2-D, ISO\/EN 11801 et EN 50173-1 Classe D.","robots":{"index":"index","follow":"follow","max-snippet":"max-snippet:-1","max-image-preview":"max-image-preview:large","max-video-preview":"max-video-preview:-1"},"canonical":"https:\/\/premiumline-cabling.com\/fr\/product\/chat-5e-non-blinde-48port\/","og_locale":"fr_FR","og_type":"article","og_title":"Panneau de brassage Cat\u00e9gorie 5e 1U 48 ports avec passe- c\u00e2bles","og_description":"Le panneau de brassage Premium-Line Cat\u00e9gorie 5e non blind\u00e9 est conforme aux sp\u00e9cifications ANSI\/TIA-568.2-D, ISO\/EN 11801 et EN 50173-1 Classe D.","og_url":"https:\/\/premiumline-cabling.com\/fr\/product\/chat-5e-non-blinde-48port\/","og_site_name":"Premium-Line","article_modified_time":"2024-05-21T08:24:01+00:00","og_image":[{"width":646,"height":632,"url":"https:\/\/premiumline-cabling.com\/wp-content\/uploads\/2019\/11\/PP_5e_u_180_1U_48.jpg","type":"image\/jpeg"}],"twitter_card":"summary_large_image","twitter_misc":{"Dur\u00e9e de lecture estim\u00e9e":"1 minute"},"schema":{"@context":"https:\/\/schema.org","@graph":[{"@type":"WebPage","@id":"https:\/\/premiumline-cabling.com\/fr\/product\/chat-5e-non-blinde-48port\/","url":"https:\/\/premiumline-cabling.com\/fr\/product\/chat-5e-non-blinde-48port\/","name":"Panneau de brassage Cat\u00e9gorie 5e 1U 48 ports avec passe- c\u00e2bles","isPartOf":{"@id":"https:\/\/premiumline-cabling.com\/#website"},"primaryImageOfPage":{"@id":"https:\/\/premiumline-cabling.com\/fr\/product\/chat-5e-non-blinde-48port\/#primaryimage"},"image":{"@id":"https:\/\/premiumline-cabling.com\/fr\/product\/chat-5e-non-blinde-48port\/#primaryimage"},"thumbnailUrl":"https:\/\/premiumline-cabling.com\/wp-content\/uploads\/2019\/11\/PP_5e_u_180_1U_48.jpg","datePublished":"2019-11-29T16:04:01+00:00","dateModified":"2024-05-21T08:24:01+00:00","description":"Le panneau de brassage Premium-Line Cat\u00e9gorie 5e non blind\u00e9 est conforme aux sp\u00e9cifications ANSI\/TIA-568.2-D, ISO\/EN 11801 et EN 50173-1 Classe D.","breadcrumb":{"@id":"https:\/\/premiumline-cabling.com\/fr\/product\/chat-5e-non-blinde-48port\/#breadcrumb"},"inLanguage":"fr-FR","potentialAction":[{"@type":"ReadAction","target":["https:\/\/premiumline-cabling.com\/fr\/product\/chat-5e-non-blinde-48port\/"]}]},{"@type":"ImageObject","inLanguage":"fr-FR","@id":"https:\/\/premiumline-cabling.com\/fr\/product\/chat-5e-non-blinde-48port\/#primaryimage","url":"https:\/\/premiumline-cabling.com\/wp-content\/uploads\/2019\/11\/PP_5e_u_180_1U_48.jpg","contentUrl":"https:\/\/premiumline-cabling.com\/wp-content\/uploads\/2019\/11\/PP_5e_u_180_1U_48.jpg","width":646,"height":632},{"@type":"BreadcrumbList","@id":"https:\/\/premiumline-cabling.com\/fr\/product\/chat-5e-non-blinde-48port\/#breadcrumb","itemListElement":[{"@type":"ListItem","position":1,"name":"\u0413\u043b\u0430\u0432\u043d\u0430\u044f \u0441\u0442\u0440\u0430\u043d\u0438\u0446\u0430","item":"https:\/\/premiumline-cabling.com\/fr\/"},{"@type":"ListItem","position":2,"name":"Cat. 5e non blind\u00e9 48ports"}]},{"@type":"WebSite","@id":"https:\/\/premiumline-cabling.com\/#website","url":"https:\/\/premiumline-cabling.com\/","name":"Premium-Line","description":"Structured Cabling System","publisher":{"@id":"https:\/\/premiumline-cabling.com\/#organization"},"potentialAction":[{"@type":"SearchAction","target":{"@type":"EntryPoint","urlTemplate":"https:\/\/premiumline-cabling.com\/?s={search_term_string}"},"query-input":{"@type":"PropertyValueSpecification","valueRequired":true,"valueName":"search_term_string"}}],"inLanguage":"fr-FR"},{"@type":"Organization","@id":"https:\/\/premiumline-cabling.com\/#organization","name":"Premium-Line","url":"https:\/\/premiumline-cabling.com\/","logo":{"@type":"ImageObject","inLanguage":"fr-FR","@id":"https:\/\/premiumline-cabling.com\/#\/schema\/logo\/image\/","url":"https:\/\/premiumline-cabling.com\/wp-content\/uploads\/2019\/04\/cropped-img_logo_site_Premium-Line.png","contentUrl":"https:\/\/premiumline-cabling.com\/wp-content\/uploads\/2019\/04\/cropped-img_logo_site_Premium-Line.png","width":190,"height":62,"caption":"Premium-Line"},"image":{"@id":"https:\/\/premiumline-cabling.com\/#\/schema\/logo\/image\/"}}]}},"_links":{"self":[{"href":"https:\/\/premiumline-cabling.com\/fr\/wp-json\/wp\/v2\/product\/20165","targetHints":{"allow":["GET"]}}],"collection":[{"href":"https:\/\/premiumline-cabling.com\/fr\/wp-json\/wp\/v2\/product"}],"about":[{"href":"https:\/\/premiumline-cabling.com\/fr\/wp-json\/wp\/v2\/types\/product"}],"wp:featuredmedia":[{"embeddable":true,"href":"https:\/\/premiumline-cabling.com\/fr\/wp-json\/wp\/v2\/media\/20168"}],"wp:attachment":[{"href":"https:\/\/premiumline-cabling.com\/fr\/wp-json\/wp\/v2\/media?parent=20165"}],"wp:term":[{"taxonomy":"product_category","embeddable":true,"href":"https:\/\/premiumline-cabling.com\/fr\/wp-json\/wp\/v2\/product_category?post=20165"}],"curies":[{"name":"wp","href":"https:\/\/api.w.org\/{rel}","templated":true}]}}