{"id":20164,"date":"2019-11-28T12:24:57","date_gmt":"2019-11-28T11:24:57","guid":{"rendered":"https:\/\/premiumline-cabling.com\/product\/chat-6-0-5u-blinde\/"},"modified":"2024-07-30T07:25:21","modified_gmt":"2024-07-30T06:25:21","slug":"chat-6-0-5u-blinde","status":"publish","type":"product","link":"https:\/\/premiumline-cabling.com\/fr\/product\/chat-6-0-5u-blinde\/","title":{"rendered":"Cat. 6 0,5U blind\u00e9"},"content":{"rendered":"<h2>Panneau de brassage blind\u00e9, Cat\u00e9gorie 6, 24 ports, 0.5U, double type IDC<\/h2>\n<p><noscript><img decoding=\"async\" class=\"size-medium wp-image-21695 alignright\" src=\"https:\/\/premiumline-cabling.com\/wp-content\/uploads\/2019\/02\/176272412--300x169.png\" alt width=\"300\" height=\"169\" srcset=\"https:\/\/premiumline-cabling.com\/wp-content\/uploads\/2019\/02\/176272412--300x169.png 300w, https:\/\/premiumline-cabling.com\/wp-content\/uploads\/2019\/02\/176272412--1024x576.png 1024w, https:\/\/premiumline-cabling.com\/wp-content\/uploads\/2019\/02\/176272412--768x432.png 768w, https:\/\/premiumline-cabling.com\/wp-content\/uploads\/2019\/02\/176272412--1536x864.png 1536w, https:\/\/premiumline-cabling.com\/wp-content\/uploads\/2019\/02\/176272412--2048x1152.png 2048w, https:\/\/premiumline-cabling.com\/wp-content\/uploads\/2019\/02\/176272412--382x214.png 382w\" sizes=\"(max-width: 300px) 100vw, 300px\"><\/noscript><img decoding=\"async\" class=\"size-medium wp-image-21695 alignright lazyload\" src=\"data:image\/svg+xml,%3Csvg%20xmlns%3D%22http%3A%2F%2Fwww.w3.org%2F2000%2Fsvg%22%20viewBox%3D%220%200%20300%20169%22%3E%3C%2Fsvg%3E\" alt width=\"300\" height=\"169\" srcset=\"data:image\/svg+xml,%3Csvg%20xmlns%3D%22http%3A%2F%2Fwww.w3.org%2F2000%2Fsvg%22%20viewBox%3D%220%200%20300%20169%22%3E%3C%2Fsvg%3E 300w\" sizes=\"(max-width: 300px) 100vw, 300px\" data-srcset=\"https:\/\/premiumline-cabling.com\/wp-content\/uploads\/2019\/02\/176272412--300x169.png 300w, https:\/\/premiumline-cabling.com\/wp-content\/uploads\/2019\/02\/176272412--1024x576.png 1024w, https:\/\/premiumline-cabling.com\/wp-content\/uploads\/2019\/02\/176272412--768x432.png 768w, https:\/\/premiumline-cabling.com\/wp-content\/uploads\/2019\/02\/176272412--1536x864.png 1536w, https:\/\/premiumline-cabling.com\/wp-content\/uploads\/2019\/02\/176272412--2048x1152.png 2048w, https:\/\/premiumline-cabling.com\/wp-content\/uploads\/2019\/02\/176272412--382x214.png 382w\" data-src=\"https:\/\/premiumline-cabling.com\/wp-content\/uploads\/2019\/02\/176272412--300x169.png\"><\/p>\n<p>&nbsp;<\/p>\n<p>Le panneau de brassage blind\u00e9 Premium-Line, Cat\u00e9gorie 6 0,5U est conforme aux sp\u00e9cifications ANSI\/TIA-568.2-D, ISO\/IEC 11801 et EN 50173-1 Classe E. Le module complet est conforme \u00e0 la directive ROHS de l&#8217;UE.<br>\nLa construction est en 19&#8243; standard mais dans une taille de 0,5U, c&#8217;est la seule diff\u00e9rence avec le panneau de brassage blind\u00e9 Premium-Line 1U dans le but d&#8217;\u00e9conomiser de l&#8217;espace dans le rack. Le cadre m\u00e9tallique principal et le couvercle arri\u00e8re sont fabriqu\u00e9s en mat\u00e9riau SECC, avec une \u00e9paisseur sup\u00e9rieure \u00e0 1,0 mm. L&#8217;IDC double accepte les c\u00e2bles solides de 22 \u00e0 26 AWG, faciles \u00e0 terminer avec des outils 110 ou Krone. Le produit fini est disponible en noir ou en gris clair RAL7035.<\/p>\n<table>\n<tbody>\n<tr>\n<td colspan=\"2\">\n<h4>Caract\u00e9ristiques physiques<\/h4>\n<\/td>\n<\/tr>\n<tr>\n<td>Jack<\/td>\n<td>Bronze phosphoreux, placage d&#8217;or de 50\u03bc de pouce sur le nickel dans la zone de contact.<\/td>\n<\/tr>\n<tr>\n<td>IDC<\/td>\n<td>100\u03bc pouce nickel\u00e9 sur bronze phosphoreux<\/td>\n<\/tr>\n<tr>\n<td>Couvercle blind\u00e9<\/td>\n<td>50~60\u03bc pouces nickel\u00e9s sur bronze phosphoreux<\/td>\n<\/tr>\n<tr>\n<td colspan=\"2\">\n<h4>Caract\u00e9ristiques \u00e9lectriques<\/h4>\n<\/td>\n<\/tr>\n<tr>\n<td>Rigidit\u00e9 di\u00e9lectrique<\/td>\n<td>1000V RMS pendant 1min<\/td>\n<\/tr>\n<tr>\n<td>Valeur nominale actuelle<\/td>\n<td>1.5Amp Max.<\/td>\n<\/tr>\n<tr>\n<td>R\u00e9sistance de l&#8217;isolation<\/td>\n<td>10M\u03a9 Min.<\/td>\n<\/tr>\n<tr>\n<td>R\u00e9sistance des contacts<\/td>\n<td>2m\u03a9 par contact<\/td>\n<\/tr>\n<tr>\n<td>Plage de temp\u00e9rature<\/td>\n<td>De -10\u00b0C \u00e0 60\u00b0C<\/td>\n<\/tr>\n<tr>\n<td>Humidit\u00e9<\/td>\n<td>10%~90% ; sans condensation<\/td>\n<\/tr>\n<tr>\n<td colspan=\"2\">\n<h4 style=\"text-align: left;\">Applications<\/h4>\n<ul>\n<li style=\"text-align: left;\">1000BASE-TX Gigabit Ethernet<\/li>\n<li style=\"text-align: left;\">1000BASE-T Gigabit Ethernet<\/li>\n<li style=\"text-align: left;\">100BASE-TX Fast Ethernet<\/li>\n<li style=\"text-align: left;\">10BASE-T Ethernet<\/li>\n<li style=\"text-align: left;\">Applications vocales, vid\u00e9o et autres<\/li>\n<\/ul>\n<\/td>\n<\/tr>\n<\/tbody>\n<\/table>\n<p>Tous les produits sont v\u00e9rifi\u00e9s par rapport aux caract\u00e9ristiques \u00e9lectriques requises par la directive.<\/p>\n<h4>Panneau de brassage blind\u00e9 Cat\u00e9gorie 6 0.5U<\/h4>\n<table width=\"100%\">\n<thead>\n<tr>\n<td><strong>PART NO.<\/strong><\/td>\n<td><strong>DESCRIPTION<\/strong><\/td>\n<td><strong>TAILLE DE L&#8217;EMBALLAGE<\/strong><\/td>\n<\/tr>\n<\/thead>\n<tbody>\n<tr>\n<td>176272412<\/td>\n<td>Panneau de brassage blind\u00e9 Premium-Line, Cat\u00e9gorie 6, 24 ports, 0.5U, Dual Type IDC, Noir<\/td>\n<td>50,5\u00d727,9\u00d727 cm<\/td>\n<\/tr>\n<tr>\n<td>176272419<\/td>\n<td>Panneau de brassage blind\u00e9 Premium-Line Cat\u00e9gorie 6, 24 ports, 0.5U, Dual Type IDC, RAL7035<\/td>\n<td>50,5\u00d727,9\u00d727 cm<\/td>\n<\/tr>\n<\/tbody>\n<\/table>\n<h3><\/h3>\n","protected":false},"featured_media":20166,"template":"","product_category":[411],"class_list":["post-20164","product","type-product","status-publish","has-post-thumbnail","hentry","product_category-panneau-de-raccordement"],"yoast_head":"<!-- This site is optimized with the Yoast SEO plugin v27.4 - https:\/\/yoast.com\/product\/yoast-seo-wordpress\/ -->\n<title>Panneau de brassage blind\u00e9 Premium-Line, Cat\u00e9gorie 6, 24 ports, 0.5U, IDC<\/title>\n<meta name=\"description\" content=\"Le panneau de brassage blind\u00e9 Premium-Line, Cat\u00e9gorie 6 0,5U est conforme aux sp\u00e9cifications ANSI\/TIA-568.2-D, ISO\/IEC 11801 et EN 50173-1 Classe E.\" \/>\n<meta name=\"robots\" content=\"index, follow, max-snippet:-1, max-image-preview:large, max-video-preview:-1\" \/>\n<link rel=\"canonical\" href=\"https:\/\/premiumline-cabling.com\/fr\/product\/chat-6-0-5u-blinde\/\" \/>\n<meta property=\"og:locale\" content=\"fr_FR\" \/>\n<meta property=\"og:type\" content=\"article\" \/>\n<meta property=\"og:title\" content=\"Panneau de brassage blind\u00e9 Premium-Line, Cat\u00e9gorie 6, 24 ports, 0.5U, IDC\" \/>\n<meta property=\"og:description\" content=\"Le panneau de brassage blind\u00e9 Premium-Line, Cat\u00e9gorie 6 0,5U est conforme aux sp\u00e9cifications ANSI\/TIA-568.2-D, ISO\/IEC 11801 et EN 50173-1 Classe E.\" \/>\n<meta property=\"og:url\" content=\"https:\/\/premiumline-cabling.com\/fr\/product\/chat-6-0-5u-blinde\/\" \/>\n<meta property=\"og:site_name\" content=\"Premium-Line\" \/>\n<meta property=\"article:modified_time\" content=\"2024-07-30T06:25:21+00:00\" \/>\n<meta property=\"og:image\" content=\"https:\/\/premiumline-cabling.com\/wp-content\/uploads\/2019\/11\/PP_6_s_90_0_5U.jpg\" \/>\n\t<meta property=\"og:image:width\" content=\"588\" \/>\n\t<meta property=\"og:image:height\" content=\"588\" \/>\n\t<meta property=\"og:image:type\" content=\"image\/jpeg\" \/>\n<meta name=\"twitter:card\" content=\"summary_large_image\" \/>\n<meta name=\"twitter:label1\" content=\"Dur\u00e9e de lecture estim\u00e9e\" \/>\n\t<meta name=\"twitter:data1\" content=\"2 minutes\" \/>\n<script type=\"application\/ld+json\" class=\"yoast-schema-graph\">{\"@context\":\"https:\\\/\\\/schema.org\",\"@graph\":[{\"@type\":\"WebPage\",\"@id\":\"https:\\\/\\\/premiumline-cabling.com\\\/fr\\\/product\\\/chat-6-0-5u-blinde\\\/\",\"url\":\"https:\\\/\\\/premiumline-cabling.com\\\/fr\\\/product\\\/chat-6-0-5u-blinde\\\/\",\"name\":\"Panneau de brassage blind\u00e9 Premium-Line, Cat\u00e9gorie 6, 24 ports, 0.5U, IDC\",\"isPartOf\":{\"@id\":\"https:\\\/\\\/premiumline-cabling.com\\\/#website\"},\"primaryImageOfPage\":{\"@id\":\"https:\\\/\\\/premiumline-cabling.com\\\/fr\\\/product\\\/chat-6-0-5u-blinde\\\/#primaryimage\"},\"image\":{\"@id\":\"https:\\\/\\\/premiumline-cabling.com\\\/fr\\\/product\\\/chat-6-0-5u-blinde\\\/#primaryimage\"},\"thumbnailUrl\":\"https:\\\/\\\/premiumline-cabling.com\\\/wp-content\\\/uploads\\\/2019\\\/11\\\/PP_6_s_90_0_5U.jpg\",\"datePublished\":\"2019-11-28T11:24:57+00:00\",\"dateModified\":\"2024-07-30T06:25:21+00:00\",\"description\":\"Le panneau de brassage blind\u00e9 Premium-Line, Cat\u00e9gorie 6 0,5U est conforme aux sp\u00e9cifications ANSI\\\/TIA-568.2-D, ISO\\\/IEC 11801 et EN 50173-1 Classe E.\",\"breadcrumb\":{\"@id\":\"https:\\\/\\\/premiumline-cabling.com\\\/fr\\\/product\\\/chat-6-0-5u-blinde\\\/#breadcrumb\"},\"inLanguage\":\"fr-FR\",\"potentialAction\":[{\"@type\":\"ReadAction\",\"target\":[\"https:\\\/\\\/premiumline-cabling.com\\\/fr\\\/product\\\/chat-6-0-5u-blinde\\\/\"]}]},{\"@type\":\"ImageObject\",\"inLanguage\":\"fr-FR\",\"@id\":\"https:\\\/\\\/premiumline-cabling.com\\\/fr\\\/product\\\/chat-6-0-5u-blinde\\\/#primaryimage\",\"url\":\"https:\\\/\\\/premiumline-cabling.com\\\/wp-content\\\/uploads\\\/2019\\\/11\\\/PP_6_s_90_0_5U.jpg\",\"contentUrl\":\"https:\\\/\\\/premiumline-cabling.com\\\/wp-content\\\/uploads\\\/2019\\\/11\\\/PP_6_s_90_0_5U.jpg\",\"width\":588,\"height\":588},{\"@type\":\"BreadcrumbList\",\"@id\":\"https:\\\/\\\/premiumline-cabling.com\\\/fr\\\/product\\\/chat-6-0-5u-blinde\\\/#breadcrumb\",\"itemListElement\":[{\"@type\":\"ListItem\",\"position\":1,\"name\":\"\u0413\u043b\u0430\u0432\u043d\u0430\u044f \u0441\u0442\u0440\u0430\u043d\u0438\u0446\u0430\",\"item\":\"https:\\\/\\\/premiumline-cabling.com\\\/fr\\\/\"},{\"@type\":\"ListItem\",\"position\":2,\"name\":\"Cat. 6 0,5U blind\u00e9\"}]},{\"@type\":\"WebSite\",\"@id\":\"https:\\\/\\\/premiumline-cabling.com\\\/#website\",\"url\":\"https:\\\/\\\/premiumline-cabling.com\\\/\",\"name\":\"Premium-Line\",\"description\":\"Structured Cabling System\",\"publisher\":{\"@id\":\"https:\\\/\\\/premiumline-cabling.com\\\/#organization\"},\"potentialAction\":[{\"@type\":\"SearchAction\",\"target\":{\"@type\":\"EntryPoint\",\"urlTemplate\":\"https:\\\/\\\/premiumline-cabling.com\\\/?s={search_term_string}\"},\"query-input\":{\"@type\":\"PropertyValueSpecification\",\"valueRequired\":true,\"valueName\":\"search_term_string\"}}],\"inLanguage\":\"fr-FR\"},{\"@type\":\"Organization\",\"@id\":\"https:\\\/\\\/premiumline-cabling.com\\\/#organization\",\"name\":\"Premium-Line\",\"url\":\"https:\\\/\\\/premiumline-cabling.com\\\/\",\"logo\":{\"@type\":\"ImageObject\",\"inLanguage\":\"fr-FR\",\"@id\":\"https:\\\/\\\/premiumline-cabling.com\\\/#\\\/schema\\\/logo\\\/image\\\/\",\"url\":\"https:\\\/\\\/premiumline-cabling.com\\\/wp-content\\\/uploads\\\/2019\\\/04\\\/cropped-img_logo_site_Premium-Line.png\",\"contentUrl\":\"https:\\\/\\\/premiumline-cabling.com\\\/wp-content\\\/uploads\\\/2019\\\/04\\\/cropped-img_logo_site_Premium-Line.png\",\"width\":190,\"height\":62,\"caption\":\"Premium-Line\"},\"image\":{\"@id\":\"https:\\\/\\\/premiumline-cabling.com\\\/#\\\/schema\\\/logo\\\/image\\\/\"}}]}<\/script>\n<!-- \/ Yoast SEO plugin. -->","yoast_head_json":{"title":"Panneau de brassage blind\u00e9 Premium-Line, Cat\u00e9gorie 6, 24 ports, 0.5U, IDC","description":"Le panneau de brassage blind\u00e9 Premium-Line, Cat\u00e9gorie 6 0,5U est conforme aux sp\u00e9cifications ANSI\/TIA-568.2-D, ISO\/IEC 11801 et EN 50173-1 Classe E.","robots":{"index":"index","follow":"follow","max-snippet":"max-snippet:-1","max-image-preview":"max-image-preview:large","max-video-preview":"max-video-preview:-1"},"canonical":"https:\/\/premiumline-cabling.com\/fr\/product\/chat-6-0-5u-blinde\/","og_locale":"fr_FR","og_type":"article","og_title":"Panneau de brassage blind\u00e9 Premium-Line, Cat\u00e9gorie 6, 24 ports, 0.5U, IDC","og_description":"Le panneau de brassage blind\u00e9 Premium-Line, Cat\u00e9gorie 6 0,5U est conforme aux sp\u00e9cifications ANSI\/TIA-568.2-D, ISO\/IEC 11801 et EN 50173-1 Classe E.","og_url":"https:\/\/premiumline-cabling.com\/fr\/product\/chat-6-0-5u-blinde\/","og_site_name":"Premium-Line","article_modified_time":"2024-07-30T06:25:21+00:00","og_image":[{"width":588,"height":588,"url":"https:\/\/premiumline-cabling.com\/wp-content\/uploads\/2019\/11\/PP_6_s_90_0_5U.jpg","type":"image\/jpeg"}],"twitter_card":"summary_large_image","twitter_misc":{"Dur\u00e9e de lecture estim\u00e9e":"2 minutes"},"schema":{"@context":"https:\/\/schema.org","@graph":[{"@type":"WebPage","@id":"https:\/\/premiumline-cabling.com\/fr\/product\/chat-6-0-5u-blinde\/","url":"https:\/\/premiumline-cabling.com\/fr\/product\/chat-6-0-5u-blinde\/","name":"Panneau de brassage blind\u00e9 Premium-Line, Cat\u00e9gorie 6, 24 ports, 0.5U, IDC","isPartOf":{"@id":"https:\/\/premiumline-cabling.com\/#website"},"primaryImageOfPage":{"@id":"https:\/\/premiumline-cabling.com\/fr\/product\/chat-6-0-5u-blinde\/#primaryimage"},"image":{"@id":"https:\/\/premiumline-cabling.com\/fr\/product\/chat-6-0-5u-blinde\/#primaryimage"},"thumbnailUrl":"https:\/\/premiumline-cabling.com\/wp-content\/uploads\/2019\/11\/PP_6_s_90_0_5U.jpg","datePublished":"2019-11-28T11:24:57+00:00","dateModified":"2024-07-30T06:25:21+00:00","description":"Le panneau de brassage blind\u00e9 Premium-Line, Cat\u00e9gorie 6 0,5U est conforme aux sp\u00e9cifications ANSI\/TIA-568.2-D, ISO\/IEC 11801 et EN 50173-1 Classe E.","breadcrumb":{"@id":"https:\/\/premiumline-cabling.com\/fr\/product\/chat-6-0-5u-blinde\/#breadcrumb"},"inLanguage":"fr-FR","potentialAction":[{"@type":"ReadAction","target":["https:\/\/premiumline-cabling.com\/fr\/product\/chat-6-0-5u-blinde\/"]}]},{"@type":"ImageObject","inLanguage":"fr-FR","@id":"https:\/\/premiumline-cabling.com\/fr\/product\/chat-6-0-5u-blinde\/#primaryimage","url":"https:\/\/premiumline-cabling.com\/wp-content\/uploads\/2019\/11\/PP_6_s_90_0_5U.jpg","contentUrl":"https:\/\/premiumline-cabling.com\/wp-content\/uploads\/2019\/11\/PP_6_s_90_0_5U.jpg","width":588,"height":588},{"@type":"BreadcrumbList","@id":"https:\/\/premiumline-cabling.com\/fr\/product\/chat-6-0-5u-blinde\/#breadcrumb","itemListElement":[{"@type":"ListItem","position":1,"name":"\u0413\u043b\u0430\u0432\u043d\u0430\u044f \u0441\u0442\u0440\u0430\u043d\u0438\u0446\u0430","item":"https:\/\/premiumline-cabling.com\/fr\/"},{"@type":"ListItem","position":2,"name":"Cat. 6 0,5U blind\u00e9"}]},{"@type":"WebSite","@id":"https:\/\/premiumline-cabling.com\/#website","url":"https:\/\/premiumline-cabling.com\/","name":"Premium-Line","description":"Structured Cabling System","publisher":{"@id":"https:\/\/premiumline-cabling.com\/#organization"},"potentialAction":[{"@type":"SearchAction","target":{"@type":"EntryPoint","urlTemplate":"https:\/\/premiumline-cabling.com\/?s={search_term_string}"},"query-input":{"@type":"PropertyValueSpecification","valueRequired":true,"valueName":"search_term_string"}}],"inLanguage":"fr-FR"},{"@type":"Organization","@id":"https:\/\/premiumline-cabling.com\/#organization","name":"Premium-Line","url":"https:\/\/premiumline-cabling.com\/","logo":{"@type":"ImageObject","inLanguage":"fr-FR","@id":"https:\/\/premiumline-cabling.com\/#\/schema\/logo\/image\/","url":"https:\/\/premiumline-cabling.com\/wp-content\/uploads\/2019\/04\/cropped-img_logo_site_Premium-Line.png","contentUrl":"https:\/\/premiumline-cabling.com\/wp-content\/uploads\/2019\/04\/cropped-img_logo_site_Premium-Line.png","width":190,"height":62,"caption":"Premium-Line"},"image":{"@id":"https:\/\/premiumline-cabling.com\/#\/schema\/logo\/image\/"}}]}},"_links":{"self":[{"href":"https:\/\/premiumline-cabling.com\/fr\/wp-json\/wp\/v2\/product\/20164","targetHints":{"allow":["GET"]}}],"collection":[{"href":"https:\/\/premiumline-cabling.com\/fr\/wp-json\/wp\/v2\/product"}],"about":[{"href":"https:\/\/premiumline-cabling.com\/fr\/wp-json\/wp\/v2\/types\/product"}],"wp:featuredmedia":[{"embeddable":true,"href":"https:\/\/premiumline-cabling.com\/fr\/wp-json\/wp\/v2\/media\/20166"}],"wp:attachment":[{"href":"https:\/\/premiumline-cabling.com\/fr\/wp-json\/wp\/v2\/media?parent=20164"}],"wp:term":[{"taxonomy":"product_category","embeddable":true,"href":"https:\/\/premiumline-cabling.com\/fr\/wp-json\/wp\/v2\/product_category?post=20164"}],"curies":[{"name":"wp","href":"https:\/\/api.w.org\/{rel}","templated":true}]}}