{"id":20089,"date":"2019-02-13T12:49:26","date_gmt":"2019-02-13T11:49:26","guid":{"rendered":"https:\/\/premiumline-cabling.com\/product\/boite-de-jonction\/"},"modified":"2019-02-13T12:49:26","modified_gmt":"2019-02-13T11:49:26","slug":"boite-de-jonction","status":"publish","type":"product","link":"https:\/\/premiumline-cabling.com\/fr\/product\/boite-de-jonction\/","title":{"rendered":"Bo\u00eete de jonction"},"content":{"rendered":"<div id=\"attachment_976\" style=\"width: 310px\" class=\"wp-caption alignleft\"><noscript><img decoding=\"async\" aria-describedby=\"caption-attachment-976\" class=\"size-full wp-image-976\" src=\"https:\/\/premiumline-cabling.com\/wp-content\/uploads\/2019\/02\/img-PL_junction-box.jpg\" alt width=\"300\" height=\"220\"><\/noscript><img decoding=\"async\" aria-describedby=\"caption-attachment-976\" class=\"size-full wp-image-976 lazyload\" src=\"data:image\/svg+xml,%3Csvg%20xmlns%3D%22http%3A%2F%2Fwww.w3.org%2F2000%2Fsvg%22%20viewBox%3D%220%200%20300%20220%22%3E%3C%2Fsvg%3E\" alt width=\"300\" height=\"220\" data-src=\"https:\/\/premiumline-cabling.com\/wp-content\/uploads\/2019\/02\/img-PL_junction-box.jpg\"><p id=\"caption-attachment-976\" class=\"wp-caption-text\">192620000<\/p><\/div>\n<p>La bo\u00eete de jonction propose des types de terminaisons IDC poin\u00e7onn\u00e9es qui fournissent une connexion de travers\u00e9e. La bo\u00eete de jonction permet de connecter facilement deux c\u00e2bles de raccordement.<\/p>\n<p><strong>Sp\u00e9cifications :<\/strong><\/p>\n<ul>\n<li>Joindre deux c\u00e2bles de cat\u00e9gorie 5e\/6 (ou inf\u00e9rieure)<\/li>\n<li>Bornes \u00e0 perforation double de type IDC<\/li>\n<li>Bo\u00eete non blind\u00e9e et blind\u00e9e avec serre-c\u00e2ble<\/li>\n<li>Fixation par ruban adh\u00e9sif double ou par vis incluse<\/li>\n<li>Prolonger un c\u00e2ble de cat\u00e9gorie 5\/6 sans perdre les performances de la cat\u00e9gorie 5\/6<\/li>\n<li>Conception du circuit imprim\u00e9 pour une fiabilit\u00e9 maximale<\/li>\n<\/ul>\n<p><strong>Bo\u00eete de jonction<\/strong><\/p>\n<table style=\"height: 120px;\" width=\"100%\">\n<thead>\n<tr style=\"height: 24px;\">\n<td style=\"height: 24px;\"><strong>PART NO.<\/strong><\/td>\n<td style=\"height: 24px; text-align: left;\"><strong>DESCRIPTION<\/strong><\/td>\n<\/tr>\n<\/thead>\n<tbody>\n<tr style=\"height: 24px;\">\n<td style=\"height: 24px;\">192510001<\/td>\n<td style=\"height: 24px; text-align: left;\">Coupleur en ligne non blind\u00e9 de cat\u00e9gorie 5e, type bloc (bo\u00eete de jonction), double type IDC, blanc<\/td>\n<\/tr>\n<tr style=\"height: 24px;\">\n<td style=\"height: 24px;\">192520000<\/td>\n<td style=\"height: 24px; text-align: left;\">Coupleur en ligne blind\u00e9 de cat\u00e9gorie 5e, type bloc (bo\u00eete de jonction), double type IDC<\/td>\n<\/tr>\n<tr style=\"height: 24px;\">\n<td style=\"height: 24px;\">192610001<\/td>\n<td style=\"height: 24px; text-align: left;\">Cat\u00e9gorie 6 Coupleur en ligne non blind\u00e9, type bloc (bo\u00eete de jonction), double type IDC, blanc<\/td>\n<\/tr>\n<tr style=\"height: 24px;\">\n<td style=\"height: 24px;\">192620000<\/td>\n<td style=\"height: 24px; text-align: left;\">Coupleur en ligne blind\u00e9 de cat\u00e9gorie 6, type bloc (bo\u00eete de jonction), double type IDC<\/td>\n<\/tr>\n<\/tbody>\n<\/table>\n<p>&nbsp;<\/p>\n","protected":false},"featured_media":20091,"template":"","product_category":[409],"class_list":["post-20089","product","type-product","status-publish","has-post-thumbnail","hentry","product_category-outils-et-accessoires"],"yoast_head":"<!-- This site is optimized with the Yoast SEO plugin v27.4 - https:\/\/yoast.com\/product\/yoast-seo-wordpress\/ -->\n<title>Bo\u00eete de jonction Premium-Line<\/title>\n<meta name=\"description\" content=\"La bo\u00eete de jonction propose des types de terminaisons IDC poin\u00e7onn\u00e9es qui fournissent une connexion de travers\u00e9e. La bo\u00eete de jonction permet de connecter facilement deux c\u00e2bles de raccordement.\" \/>\n<meta name=\"robots\" content=\"index, follow, max-snippet:-1, max-image-preview:large, max-video-preview:-1\" \/>\n<link rel=\"canonical\" href=\"https:\/\/premiumline-cabling.com\/fr\/product\/boite-de-jonction\/\" \/>\n<meta property=\"og:locale\" content=\"fr_FR\" \/>\n<meta property=\"og:type\" content=\"article\" \/>\n<meta property=\"og:title\" content=\"Bo\u00eete de jonction Premium-Line\" \/>\n<meta property=\"og:description\" content=\"La bo\u00eete de jonction propose des types de terminaisons IDC poin\u00e7onn\u00e9es qui fournissent une connexion de travers\u00e9e. La bo\u00eete de jonction permet de connecter facilement deux c\u00e2bles de raccordement.\" \/>\n<meta property=\"og:url\" content=\"https:\/\/premiumline-cabling.com\/fr\/product\/boite-de-jonction\/\" \/>\n<meta property=\"og:site_name\" content=\"Premium-Line\" \/>\n<meta property=\"og:image\" content=\"https:\/\/premiumline-cabling.com\/wp-content\/uploads\/2019\/02\/img-PL_junction-box1.jpg\" \/>\n\t<meta property=\"og:image:width\" content=\"283\" \/>\n\t<meta property=\"og:image:height\" content=\"220\" \/>\n\t<meta property=\"og:image:type\" content=\"image\/jpeg\" \/>\n<meta name=\"twitter:card\" content=\"summary_large_image\" \/>\n<meta name=\"twitter:label1\" content=\"Dur\u00e9e de lecture estim\u00e9e\" \/>\n\t<meta name=\"twitter:data1\" content=\"1 minute\" \/>\n<script type=\"application\/ld+json\" class=\"yoast-schema-graph\">{\"@context\":\"https:\\\/\\\/schema.org\",\"@graph\":[{\"@type\":\"WebPage\",\"@id\":\"https:\\\/\\\/premiumline-cabling.com\\\/fr\\\/product\\\/boite-de-jonction\\\/\",\"url\":\"https:\\\/\\\/premiumline-cabling.com\\\/fr\\\/product\\\/boite-de-jonction\\\/\",\"name\":\"Bo\u00eete de jonction Premium-Line\",\"isPartOf\":{\"@id\":\"https:\\\/\\\/premiumline-cabling.com\\\/#website\"},\"primaryImageOfPage\":{\"@id\":\"https:\\\/\\\/premiumline-cabling.com\\\/fr\\\/product\\\/boite-de-jonction\\\/#primaryimage\"},\"image\":{\"@id\":\"https:\\\/\\\/premiumline-cabling.com\\\/fr\\\/product\\\/boite-de-jonction\\\/#primaryimage\"},\"thumbnailUrl\":\"https:\\\/\\\/premiumline-cabling.com\\\/wp-content\\\/uploads\\\/2019\\\/02\\\/img-PL_junction-box1.jpg\",\"datePublished\":\"2019-02-13T11:49:26+00:00\",\"description\":\"La bo\u00eete de jonction propose des types de terminaisons IDC poin\u00e7onn\u00e9es qui fournissent une connexion de travers\u00e9e. La bo\u00eete de jonction permet de connecter facilement deux c\u00e2bles de raccordement.\",\"breadcrumb\":{\"@id\":\"https:\\\/\\\/premiumline-cabling.com\\\/fr\\\/product\\\/boite-de-jonction\\\/#breadcrumb\"},\"inLanguage\":\"fr-FR\",\"potentialAction\":[{\"@type\":\"ReadAction\",\"target\":[\"https:\\\/\\\/premiumline-cabling.com\\\/fr\\\/product\\\/boite-de-jonction\\\/\"]}]},{\"@type\":\"ImageObject\",\"inLanguage\":\"fr-FR\",\"@id\":\"https:\\\/\\\/premiumline-cabling.com\\\/fr\\\/product\\\/boite-de-jonction\\\/#primaryimage\",\"url\":\"https:\\\/\\\/premiumline-cabling.com\\\/wp-content\\\/uploads\\\/2019\\\/02\\\/img-PL_junction-box1.jpg\",\"contentUrl\":\"https:\\\/\\\/premiumline-cabling.com\\\/wp-content\\\/uploads\\\/2019\\\/02\\\/img-PL_junction-box1.jpg\",\"width\":283,\"height\":220},{\"@type\":\"BreadcrumbList\",\"@id\":\"https:\\\/\\\/premiumline-cabling.com\\\/fr\\\/product\\\/boite-de-jonction\\\/#breadcrumb\",\"itemListElement\":[{\"@type\":\"ListItem\",\"position\":1,\"name\":\"\u0413\u043b\u0430\u0432\u043d\u0430\u044f \u0441\u0442\u0440\u0430\u043d\u0438\u0446\u0430\",\"item\":\"https:\\\/\\\/premiumline-cabling.com\\\/fr\\\/\"},{\"@type\":\"ListItem\",\"position\":2,\"name\":\"Bo\u00eete de jonction\"}]},{\"@type\":\"WebSite\",\"@id\":\"https:\\\/\\\/premiumline-cabling.com\\\/#website\",\"url\":\"https:\\\/\\\/premiumline-cabling.com\\\/\",\"name\":\"Premium-Line\",\"description\":\"Structured Cabling System\",\"publisher\":{\"@id\":\"https:\\\/\\\/premiumline-cabling.com\\\/#organization\"},\"potentialAction\":[{\"@type\":\"SearchAction\",\"target\":{\"@type\":\"EntryPoint\",\"urlTemplate\":\"https:\\\/\\\/premiumline-cabling.com\\\/?s={search_term_string}\"},\"query-input\":{\"@type\":\"PropertyValueSpecification\",\"valueRequired\":true,\"valueName\":\"search_term_string\"}}],\"inLanguage\":\"fr-FR\"},{\"@type\":\"Organization\",\"@id\":\"https:\\\/\\\/premiumline-cabling.com\\\/#organization\",\"name\":\"Premium-Line\",\"url\":\"https:\\\/\\\/premiumline-cabling.com\\\/\",\"logo\":{\"@type\":\"ImageObject\",\"inLanguage\":\"fr-FR\",\"@id\":\"https:\\\/\\\/premiumline-cabling.com\\\/#\\\/schema\\\/logo\\\/image\\\/\",\"url\":\"https:\\\/\\\/premiumline-cabling.com\\\/wp-content\\\/uploads\\\/2019\\\/04\\\/cropped-img_logo_site_Premium-Line.png\",\"contentUrl\":\"https:\\\/\\\/premiumline-cabling.com\\\/wp-content\\\/uploads\\\/2019\\\/04\\\/cropped-img_logo_site_Premium-Line.png\",\"width\":190,\"height\":62,\"caption\":\"Premium-Line\"},\"image\":{\"@id\":\"https:\\\/\\\/premiumline-cabling.com\\\/#\\\/schema\\\/logo\\\/image\\\/\"}}]}<\/script>\n<!-- \/ Yoast SEO plugin. -->","yoast_head_json":{"title":"Bo\u00eete de jonction Premium-Line","description":"La bo\u00eete de jonction propose des types de terminaisons IDC poin\u00e7onn\u00e9es qui fournissent une connexion de travers\u00e9e. La bo\u00eete de jonction permet de connecter facilement deux c\u00e2bles de raccordement.","robots":{"index":"index","follow":"follow","max-snippet":"max-snippet:-1","max-image-preview":"max-image-preview:large","max-video-preview":"max-video-preview:-1"},"canonical":"https:\/\/premiumline-cabling.com\/fr\/product\/boite-de-jonction\/","og_locale":"fr_FR","og_type":"article","og_title":"Bo\u00eete de jonction Premium-Line","og_description":"La bo\u00eete de jonction propose des types de terminaisons IDC poin\u00e7onn\u00e9es qui fournissent une connexion de travers\u00e9e. La bo\u00eete de jonction permet de connecter facilement deux c\u00e2bles de raccordement.","og_url":"https:\/\/premiumline-cabling.com\/fr\/product\/boite-de-jonction\/","og_site_name":"Premium-Line","og_image":[{"width":283,"height":220,"url":"https:\/\/premiumline-cabling.com\/wp-content\/uploads\/2019\/02\/img-PL_junction-box1.jpg","type":"image\/jpeg"}],"twitter_card":"summary_large_image","twitter_misc":{"Dur\u00e9e de lecture estim\u00e9e":"1 minute"},"schema":{"@context":"https:\/\/schema.org","@graph":[{"@type":"WebPage","@id":"https:\/\/premiumline-cabling.com\/fr\/product\/boite-de-jonction\/","url":"https:\/\/premiumline-cabling.com\/fr\/product\/boite-de-jonction\/","name":"Bo\u00eete de jonction Premium-Line","isPartOf":{"@id":"https:\/\/premiumline-cabling.com\/#website"},"primaryImageOfPage":{"@id":"https:\/\/premiumline-cabling.com\/fr\/product\/boite-de-jonction\/#primaryimage"},"image":{"@id":"https:\/\/premiumline-cabling.com\/fr\/product\/boite-de-jonction\/#primaryimage"},"thumbnailUrl":"https:\/\/premiumline-cabling.com\/wp-content\/uploads\/2019\/02\/img-PL_junction-box1.jpg","datePublished":"2019-02-13T11:49:26+00:00","description":"La bo\u00eete de jonction propose des types de terminaisons IDC poin\u00e7onn\u00e9es qui fournissent une connexion de travers\u00e9e. La bo\u00eete de jonction permet de connecter facilement deux c\u00e2bles de raccordement.","breadcrumb":{"@id":"https:\/\/premiumline-cabling.com\/fr\/product\/boite-de-jonction\/#breadcrumb"},"inLanguage":"fr-FR","potentialAction":[{"@type":"ReadAction","target":["https:\/\/premiumline-cabling.com\/fr\/product\/boite-de-jonction\/"]}]},{"@type":"ImageObject","inLanguage":"fr-FR","@id":"https:\/\/premiumline-cabling.com\/fr\/product\/boite-de-jonction\/#primaryimage","url":"https:\/\/premiumline-cabling.com\/wp-content\/uploads\/2019\/02\/img-PL_junction-box1.jpg","contentUrl":"https:\/\/premiumline-cabling.com\/wp-content\/uploads\/2019\/02\/img-PL_junction-box1.jpg","width":283,"height":220},{"@type":"BreadcrumbList","@id":"https:\/\/premiumline-cabling.com\/fr\/product\/boite-de-jonction\/#breadcrumb","itemListElement":[{"@type":"ListItem","position":1,"name":"\u0413\u043b\u0430\u0432\u043d\u0430\u044f \u0441\u0442\u0440\u0430\u043d\u0438\u0446\u0430","item":"https:\/\/premiumline-cabling.com\/fr\/"},{"@type":"ListItem","position":2,"name":"Bo\u00eete de jonction"}]},{"@type":"WebSite","@id":"https:\/\/premiumline-cabling.com\/#website","url":"https:\/\/premiumline-cabling.com\/","name":"Premium-Line","description":"Structured Cabling System","publisher":{"@id":"https:\/\/premiumline-cabling.com\/#organization"},"potentialAction":[{"@type":"SearchAction","target":{"@type":"EntryPoint","urlTemplate":"https:\/\/premiumline-cabling.com\/?s={search_term_string}"},"query-input":{"@type":"PropertyValueSpecification","valueRequired":true,"valueName":"search_term_string"}}],"inLanguage":"fr-FR"},{"@type":"Organization","@id":"https:\/\/premiumline-cabling.com\/#organization","name":"Premium-Line","url":"https:\/\/premiumline-cabling.com\/","logo":{"@type":"ImageObject","inLanguage":"fr-FR","@id":"https:\/\/premiumline-cabling.com\/#\/schema\/logo\/image\/","url":"https:\/\/premiumline-cabling.com\/wp-content\/uploads\/2019\/04\/cropped-img_logo_site_Premium-Line.png","contentUrl":"https:\/\/premiumline-cabling.com\/wp-content\/uploads\/2019\/04\/cropped-img_logo_site_Premium-Line.png","width":190,"height":62,"caption":"Premium-Line"},"image":{"@id":"https:\/\/premiumline-cabling.com\/#\/schema\/logo\/image\/"}}]}},"_links":{"self":[{"href":"https:\/\/premiumline-cabling.com\/fr\/wp-json\/wp\/v2\/product\/20089","targetHints":{"allow":["GET"]}}],"collection":[{"href":"https:\/\/premiumline-cabling.com\/fr\/wp-json\/wp\/v2\/product"}],"about":[{"href":"https:\/\/premiumline-cabling.com\/fr\/wp-json\/wp\/v2\/types\/product"}],"wp:featuredmedia":[{"embeddable":true,"href":"https:\/\/premiumline-cabling.com\/fr\/wp-json\/wp\/v2\/media\/20091"}],"wp:attachment":[{"href":"https:\/\/premiumline-cabling.com\/fr\/wp-json\/wp\/v2\/media?parent=20089"}],"wp:term":[{"taxonomy":"product_category","embeddable":true,"href":"https:\/\/premiumline-cabling.com\/fr\/wp-json\/wp\/v2\/product_category?post=20089"}],"curies":[{"name":"wp","href":"https:\/\/api.w.org\/{rel}","templated":true}]}}