{"id":20088,"date":"2019-12-19T12:27:48","date_gmt":"2019-12-19T11:27:48","guid":{"rendered":"https:\/\/premiumline-cabling.com\/product\/boite-arriere\/"},"modified":"2024-09-27T09:17:35","modified_gmt":"2024-09-27T08:17:35","slug":"boite-arriere","status":"publish","type":"product","link":"https:\/\/premiumline-cabling.com\/fr\/product\/boite-arriere\/","title":{"rendered":"Bo\u00eete arri\u00e8re"},"content":{"rendered":"<h3>CARACT\u00c9RISTIQUES :<noscript><img decoding=\"async\" class=\"size-medium wp-image-22150 alignright\" src=\"https:\/\/premiumline-cabling.com\/wp-content\/uploads\/2019\/12\/back-box-300x256.jpg\" alt width=\"300\" height=\"256\" srcset=\"https:\/\/premiumline-cabling.com\/wp-content\/uploads\/2019\/12\/back-box-300x256.jpg 300w, https:\/\/premiumline-cabling.com\/wp-content\/uploads\/2019\/12\/back-box.jpg 617w\" sizes=\"(max-width: 300px) 100vw, 300px\"><\/noscript><img decoding=\"async\" class=\"size-medium wp-image-22150 alignright lazyload\" src=\"data:image\/svg+xml,%3Csvg%20xmlns%3D%22http%3A%2F%2Fwww.w3.org%2F2000%2Fsvg%22%20viewBox%3D%220%200%20300%20256%22%3E%3C%2Fsvg%3E\" alt width=\"300\" height=\"256\" srcset=\"data:image\/svg+xml,%3Csvg%20xmlns%3D%22http%3A%2F%2Fwww.w3.org%2F2000%2Fsvg%22%20viewBox%3D%220%200%20300%20256%22%3E%3C%2Fsvg%3E 300w\" sizes=\"(max-width: 300px) 100vw, 300px\" data-srcset=\"https:\/\/premiumline-cabling.com\/wp-content\/uploads\/2019\/12\/back-box-300x256.jpg 300w, https:\/\/premiumline-cabling.com\/wp-content\/uploads\/2019\/12\/back-box.jpg 617w\" data-src=\"https:\/\/premiumline-cabling.com\/wp-content\/uploads\/2019\/12\/back-box-300x256.jpg\"><\/h3>\n<ul>\n<li>Convient \u00e0 toutes les plaques frontales standard de 86 x 86 mm<\/li>\n<li>Entr\u00e9es de c\u00e2bles arri\u00e8re et lat\u00e9rales<\/li>\n<li>Couleur : blanc<\/li>\n<li>Mat\u00e9riel&nbsp;: ABS<\/li>\n<li>Dimensions : 86 x 86 x 36,8 mm<\/li>\n<li>Accessoires 2 vis pour fixer la bo\u00eete au mur, 2 vis pour la fixation de la plaque frontale sur la bo\u00eete arri\u00e8re<\/li>\n<li>Conforme \u00e0 la directive RoHS<\/li>\n<\/ul>\n<h3><\/h3>\n<h3>LES INFORMATIONS RELATIVES \u00c0 LA COMMANDE :<\/h3>\n<table>\n<tbody>\n<tr>\n<td width=\"141\">N\u00b0 de pi\u00e8ce<\/td>\n<td width=\"482\">112005010<\/td>\n<\/tr>\n<tr>\n<td width=\"141\">Description<\/td>\n<td width=\"482\">Bo\u00eete arri\u00e8re murale, 86x86x36.8mm, blanc<\/td>\n<\/tr>\n<tr>\n<td width=\"141\">Emballage<\/td>\n<td width=\"482\">1pc \/ sac PE, 9pcs \/ sac PE, 432pcs \/ carton carton dimension&nbsp;: 53 * 53 * 59cm poids&nbsp;: N.W.20.5 kg, G.W.22.0 kg<\/td>\n<\/tr>\n<\/tbody>\n<\/table>\n","protected":false},"featured_media":20080,"template":"","product_category":[408],"class_list":["post-20088","product","type-product","status-publish","has-post-thumbnail","hentry","product_category-plastron"],"yoast_head":"<!-- This site is optimized with the Yoast SEO plugin v27.2 - https:\/\/yoast.com\/product\/yoast-seo-wordpress\/ -->\n<title>Premium-Line Back Box montage mural pour le plastron<\/title>\n<meta name=\"description\" content=\"La bo\u00eete d&#039;encastrement est con\u00e7ue pour \u00eatre mont\u00e9e sur un mur, un sol ou toute autre surface plane avec des vis et du ruban adh\u00e9sif double face pour le montage, une porte en caoutchouc et un couvercle.\" \/>\n<meta name=\"robots\" content=\"index, follow, max-snippet:-1, max-image-preview:large, max-video-preview:-1\" \/>\n<link rel=\"canonical\" href=\"https:\/\/premiumline-cabling.com\/fr\/product\/boite-arriere\/\" \/>\n<meta property=\"og:locale\" content=\"fr_FR\" \/>\n<meta property=\"og:type\" content=\"article\" \/>\n<meta property=\"og:title\" content=\"Premium-Line Back Box montage mural pour le plastron\" \/>\n<meta property=\"og:description\" content=\"La bo\u00eete d&#039;encastrement est con\u00e7ue pour \u00eatre mont\u00e9e sur un mur, un sol ou toute autre surface plane avec des vis et du ruban adh\u00e9sif double face pour le montage, une porte en caoutchouc et un couvercle.\" \/>\n<meta property=\"og:url\" content=\"https:\/\/premiumline-cabling.com\/fr\/product\/boite-arriere\/\" \/>\n<meta property=\"og:site_name\" content=\"Premium-Line\" \/>\n<meta property=\"article:modified_time\" content=\"2024-09-27T08:17:35+00:00\" \/>\n<meta property=\"og:image\" content=\"https:\/\/premiumline-cabling.com\/wp-content\/uploads\/2019\/02\/img_PL_tool-112005090_eff246485c.jpg\" \/>\n\t<meta property=\"og:image:width\" content=\"160\" \/>\n\t<meta property=\"og:image:height\" content=\"135\" \/>\n\t<meta property=\"og:image:type\" content=\"image\/jpeg\" \/>\n<meta name=\"twitter:card\" content=\"summary_large_image\" \/>\n<script type=\"application\/ld+json\" class=\"yoast-schema-graph\">{\"@context\":\"https:\/\/schema.org\",\"@graph\":[{\"@type\":\"WebPage\",\"@id\":\"https:\/\/premiumline-cabling.com\/fr\/product\/boite-arriere\/\",\"url\":\"https:\/\/premiumline-cabling.com\/fr\/product\/boite-arriere\/\",\"name\":\"Premium-Line Back Box montage mural pour le plastron\",\"isPartOf\":{\"@id\":\"https:\/\/premiumline-cabling.com\/#website\"},\"primaryImageOfPage\":{\"@id\":\"https:\/\/premiumline-cabling.com\/fr\/product\/boite-arriere\/#primaryimage\"},\"image\":{\"@id\":\"https:\/\/premiumline-cabling.com\/fr\/product\/boite-arriere\/#primaryimage\"},\"thumbnailUrl\":\"https:\/\/premiumline-cabling.com\/wp-content\/uploads\/2019\/02\/img_PL_tool-112005090_eff246485c.jpg\",\"datePublished\":\"2019-12-19T11:27:48+00:00\",\"dateModified\":\"2024-09-27T08:17:35+00:00\",\"description\":\"La bo\u00eete d'encastrement est con\u00e7ue pour \u00eatre mont\u00e9e sur un mur, un sol ou toute autre surface plane avec des vis et du ruban adh\u00e9sif double face pour le montage, une porte en caoutchouc et un couvercle.\",\"breadcrumb\":{\"@id\":\"https:\/\/premiumline-cabling.com\/fr\/product\/boite-arriere\/#breadcrumb\"},\"inLanguage\":\"fr-FR\",\"potentialAction\":[{\"@type\":\"ReadAction\",\"target\":[\"https:\/\/premiumline-cabling.com\/fr\/product\/boite-arriere\/\"]}]},{\"@type\":\"ImageObject\",\"inLanguage\":\"fr-FR\",\"@id\":\"https:\/\/premiumline-cabling.com\/fr\/product\/boite-arriere\/#primaryimage\",\"url\":\"https:\/\/premiumline-cabling.com\/wp-content\/uploads\/2019\/02\/img_PL_tool-112005090_eff246485c.jpg\",\"contentUrl\":\"https:\/\/premiumline-cabling.com\/wp-content\/uploads\/2019\/02\/img_PL_tool-112005090_eff246485c.jpg\",\"width\":160,\"height\":135,\"caption\":\"112005090\"},{\"@type\":\"BreadcrumbList\",\"@id\":\"https:\/\/premiumline-cabling.com\/fr\/product\/boite-arriere\/#breadcrumb\",\"itemListElement\":[{\"@type\":\"ListItem\",\"position\":1,\"name\":\"\u0413\u043b\u0430\u0432\u043d\u0430\u044f \u0441\u0442\u0440\u0430\u043d\u0438\u0446\u0430\",\"item\":\"https:\/\/premiumline-cabling.com\/fr\/\"},{\"@type\":\"ListItem\",\"position\":2,\"name\":\"Bo\u00eete arri\u00e8re\"}]},{\"@type\":\"WebSite\",\"@id\":\"https:\/\/premiumline-cabling.com\/#website\",\"url\":\"https:\/\/premiumline-cabling.com\/\",\"name\":\"Premium-Line\",\"description\":\"Structured Cabling System\",\"publisher\":{\"@id\":\"https:\/\/premiumline-cabling.com\/#organization\"},\"potentialAction\":[{\"@type\":\"SearchAction\",\"target\":{\"@type\":\"EntryPoint\",\"urlTemplate\":\"https:\/\/premiumline-cabling.com\/?s={search_term_string}\"},\"query-input\":{\"@type\":\"PropertyValueSpecification\",\"valueRequired\":true,\"valueName\":\"search_term_string\"}}],\"inLanguage\":\"fr-FR\"},{\"@type\":\"Organization\",\"@id\":\"https:\/\/premiumline-cabling.com\/#organization\",\"name\":\"Premium-Line\",\"url\":\"https:\/\/premiumline-cabling.com\/\",\"logo\":{\"@type\":\"ImageObject\",\"inLanguage\":\"fr-FR\",\"@id\":\"https:\/\/premiumline-cabling.com\/#\/schema\/logo\/image\/\",\"url\":\"https:\/\/premiumline-cabling.com\/wp-content\/uploads\/2019\/04\/cropped-img_logo_site_Premium-Line.png\",\"contentUrl\":\"https:\/\/premiumline-cabling.com\/wp-content\/uploads\/2019\/04\/cropped-img_logo_site_Premium-Line.png\",\"width\":190,\"height\":62,\"caption\":\"Premium-Line\"},\"image\":{\"@id\":\"https:\/\/premiumline-cabling.com\/#\/schema\/logo\/image\/\"}}]}<\/script>\n<!-- \/ Yoast SEO plugin. -->","yoast_head_json":{"title":"Premium-Line Back Box montage mural pour le plastron","description":"La bo\u00eete d'encastrement est con\u00e7ue pour \u00eatre mont\u00e9e sur un mur, un sol ou toute autre surface plane avec des vis et du ruban adh\u00e9sif double face pour le montage, une porte en caoutchouc et un couvercle.","robots":{"index":"index","follow":"follow","max-snippet":"max-snippet:-1","max-image-preview":"max-image-preview:large","max-video-preview":"max-video-preview:-1"},"canonical":"https:\/\/premiumline-cabling.com\/fr\/product\/boite-arriere\/","og_locale":"fr_FR","og_type":"article","og_title":"Premium-Line Back Box montage mural pour le plastron","og_description":"La bo\u00eete d'encastrement est con\u00e7ue pour \u00eatre mont\u00e9e sur un mur, un sol ou toute autre surface plane avec des vis et du ruban adh\u00e9sif double face pour le montage, une porte en caoutchouc et un couvercle.","og_url":"https:\/\/premiumline-cabling.com\/fr\/product\/boite-arriere\/","og_site_name":"Premium-Line","article_modified_time":"2024-09-27T08:17:35+00:00","og_image":[{"width":160,"height":135,"url":"https:\/\/premiumline-cabling.com\/wp-content\/uploads\/2019\/02\/img_PL_tool-112005090_eff246485c.jpg","type":"image\/jpeg"}],"twitter_card":"summary_large_image","schema":{"@context":"https:\/\/schema.org","@graph":[{"@type":"WebPage","@id":"https:\/\/premiumline-cabling.com\/fr\/product\/boite-arriere\/","url":"https:\/\/premiumline-cabling.com\/fr\/product\/boite-arriere\/","name":"Premium-Line Back Box montage mural pour le plastron","isPartOf":{"@id":"https:\/\/premiumline-cabling.com\/#website"},"primaryImageOfPage":{"@id":"https:\/\/premiumline-cabling.com\/fr\/product\/boite-arriere\/#primaryimage"},"image":{"@id":"https:\/\/premiumline-cabling.com\/fr\/product\/boite-arriere\/#primaryimage"},"thumbnailUrl":"https:\/\/premiumline-cabling.com\/wp-content\/uploads\/2019\/02\/img_PL_tool-112005090_eff246485c.jpg","datePublished":"2019-12-19T11:27:48+00:00","dateModified":"2024-09-27T08:17:35+00:00","description":"La bo\u00eete d'encastrement est con\u00e7ue pour \u00eatre mont\u00e9e sur un mur, un sol ou toute autre surface plane avec des vis et du ruban adh\u00e9sif double face pour le montage, une porte en caoutchouc et un couvercle.","breadcrumb":{"@id":"https:\/\/premiumline-cabling.com\/fr\/product\/boite-arriere\/#breadcrumb"},"inLanguage":"fr-FR","potentialAction":[{"@type":"ReadAction","target":["https:\/\/premiumline-cabling.com\/fr\/product\/boite-arriere\/"]}]},{"@type":"ImageObject","inLanguage":"fr-FR","@id":"https:\/\/premiumline-cabling.com\/fr\/product\/boite-arriere\/#primaryimage","url":"https:\/\/premiumline-cabling.com\/wp-content\/uploads\/2019\/02\/img_PL_tool-112005090_eff246485c.jpg","contentUrl":"https:\/\/premiumline-cabling.com\/wp-content\/uploads\/2019\/02\/img_PL_tool-112005090_eff246485c.jpg","width":160,"height":135,"caption":"112005090"},{"@type":"BreadcrumbList","@id":"https:\/\/premiumline-cabling.com\/fr\/product\/boite-arriere\/#breadcrumb","itemListElement":[{"@type":"ListItem","position":1,"name":"\u0413\u043b\u0430\u0432\u043d\u0430\u044f \u0441\u0442\u0440\u0430\u043d\u0438\u0446\u0430","item":"https:\/\/premiumline-cabling.com\/fr\/"},{"@type":"ListItem","position":2,"name":"Bo\u00eete arri\u00e8re"}]},{"@type":"WebSite","@id":"https:\/\/premiumline-cabling.com\/#website","url":"https:\/\/premiumline-cabling.com\/","name":"Premium-Line","description":"Structured Cabling System","publisher":{"@id":"https:\/\/premiumline-cabling.com\/#organization"},"potentialAction":[{"@type":"SearchAction","target":{"@type":"EntryPoint","urlTemplate":"https:\/\/premiumline-cabling.com\/?s={search_term_string}"},"query-input":{"@type":"PropertyValueSpecification","valueRequired":true,"valueName":"search_term_string"}}],"inLanguage":"fr-FR"},{"@type":"Organization","@id":"https:\/\/premiumline-cabling.com\/#organization","name":"Premium-Line","url":"https:\/\/premiumline-cabling.com\/","logo":{"@type":"ImageObject","inLanguage":"fr-FR","@id":"https:\/\/premiumline-cabling.com\/#\/schema\/logo\/image\/","url":"https:\/\/premiumline-cabling.com\/wp-content\/uploads\/2019\/04\/cropped-img_logo_site_Premium-Line.png","contentUrl":"https:\/\/premiumline-cabling.com\/wp-content\/uploads\/2019\/04\/cropped-img_logo_site_Premium-Line.png","width":190,"height":62,"caption":"Premium-Line"},"image":{"@id":"https:\/\/premiumline-cabling.com\/#\/schema\/logo\/image\/"}}]}},"_links":{"self":[{"href":"https:\/\/premiumline-cabling.com\/fr\/wp-json\/wp\/v2\/product\/20088","targetHints":{"allow":["GET"]}}],"collection":[{"href":"https:\/\/premiumline-cabling.com\/fr\/wp-json\/wp\/v2\/product"}],"about":[{"href":"https:\/\/premiumline-cabling.com\/fr\/wp-json\/wp\/v2\/types\/product"}],"wp:featuredmedia":[{"embeddable":true,"href":"https:\/\/premiumline-cabling.com\/fr\/wp-json\/wp\/v2\/media\/20080"}],"wp:attachment":[{"href":"https:\/\/premiumline-cabling.com\/fr\/wp-json\/wp\/v2\/media?parent=20088"}],"wp:term":[{"taxonomy":"product_category","embeddable":true,"href":"https:\/\/premiumline-cabling.com\/fr\/wp-json\/wp\/v2\/product_category?post=20088"}],"curies":[{"name":"wp","href":"https:\/\/api.w.org\/{rel}","templated":true}]}}