{"id":20073,"date":"2019-12-19T12:35:11","date_gmt":"2019-12-19T11:35:11","guid":{"rendered":"https:\/\/premiumline-cabling.com\/product\/plastron-francais-de-type-80\/"},"modified":"2024-07-29T16:08:35","modified_gmt":"2024-07-29T15:08:35","slug":"plastron-francais-de-type-80","status":"publish","type":"product","link":"https:\/\/premiumline-cabling.com\/fr\/product\/plastron-francais-de-type-80\/","title":{"rendered":"Plastron fran\u00e7ais de type 80"},"content":{"rendered":"<h2>80 Type Plastron fran\u00e7ais S\u00e9rie<\/h2>\n<div class=\"clear\"><\/div>\n<h3><strong>Caract\u00e9ristiques :<\/strong><\/h3>\n<ul>\n<li>Conception de l&#8217;obturateur pour la protection contre la poussi\u00e8re<\/li>\n<li>Couleur : blanc<\/li>\n<li>Mat\u00e9riau : ABS ignifuge, UL-94V0<\/li>\n<li>Dimensions ext\u00e9rieures : 80 x 80 mm<\/li>\n<li>Dimension int\u00e9rieure : 45 x 45 mm<\/li>\n<\/ul>\n<h3><noscript><img decoding=\"async\" class=\"alignnone size-medium wp-image-21679\" src=\"https:\/\/premiumline-cabling.com\/wp-content\/uploads\/2019\/12\/22.5-x-45-mm-French-style-1port_d-300x268.jpg\" alt width=\"300\" height=\"268\" srcset=\"https:\/\/premiumline-cabling.com\/wp-content\/uploads\/2019\/12\/22.5-x-45-mm-French-style-1port_d-300x268.jpg 300w, https:\/\/premiumline-cabling.com\/wp-content\/uploads\/2019\/12\/22.5-x-45-mm-French-style-1port_d.jpg 391w\" sizes=\"(max-width: 300px) 100vw, 300px\"><\/noscript><img decoding=\"async\" class=\"alignnone size-medium wp-image-21679 lazyload\" src=\"data:image\/svg+xml,%3Csvg%20xmlns%3D%22http%3A%2F%2Fwww.w3.org%2F2000%2Fsvg%22%20viewBox%3D%220%200%20300%20268%22%3E%3C%2Fsvg%3E\" alt width=\"300\" height=\"268\" srcset=\"data:image\/svg+xml,%3Csvg%20xmlns%3D%22http%3A%2F%2Fwww.w3.org%2F2000%2Fsvg%22%20viewBox%3D%220%200%20300%20268%22%3E%3C%2Fsvg%3E 300w\" sizes=\"(max-width: 300px) 100vw, 300px\" data-srcset=\"https:\/\/premiumline-cabling.com\/wp-content\/uploads\/2019\/12\/22.5-x-45-mm-French-style-1port_d-300x268.jpg 300w, https:\/\/premiumline-cabling.com\/wp-content\/uploads\/2019\/12\/22.5-x-45-mm-French-style-1port_d.jpg 391w\" data-src=\"https:\/\/premiumline-cabling.com\/wp-content\/uploads\/2019\/12\/22.5-x-45-mm-French-style-1port_d-300x268.jpg\"> <noscript><img decoding=\"async\" class=\"alignnone size-medium wp-image-21686\" src=\"https:\/\/premiumline-cabling.com\/wp-content\/uploads\/2019\/12\/45-x-45-mm-French-style-1port_d-273x300.jpg\" alt width=\"273\" height=\"300\" srcset=\"https:\/\/premiumline-cabling.com\/wp-content\/uploads\/2019\/12\/45-x-45-mm-French-style-1port_d-273x300.jpg 273w, https:\/\/premiumline-cabling.com\/wp-content\/uploads\/2019\/12\/45-x-45-mm-French-style-1port_d.jpg 323w\" sizes=\"(max-width: 273px) 100vw, 273px\"><\/noscript><img decoding=\"async\" class=\"alignnone size-medium wp-image-21686 lazyload\" src=\"data:image\/svg+xml,%3Csvg%20xmlns%3D%22http%3A%2F%2Fwww.w3.org%2F2000%2Fsvg%22%20viewBox%3D%220%200%20273%20300%22%3E%3C%2Fsvg%3E\" alt width=\"273\" height=\"300\" srcset=\"data:image\/svg+xml,%3Csvg%20xmlns%3D%22http%3A%2F%2Fwww.w3.org%2F2000%2Fsvg%22%20viewBox%3D%220%200%20273%20300%22%3E%3C%2Fsvg%3E 273w\" sizes=\"(max-width: 273px) 100vw, 273px\" data-srcset=\"https:\/\/premiumline-cabling.com\/wp-content\/uploads\/2019\/12\/45-x-45-mm-French-style-1port_d-273x300.jpg 273w, https:\/\/premiumline-cabling.com\/wp-content\/uploads\/2019\/12\/45-x-45-mm-French-style-1port_d.jpg 323w\" data-src=\"https:\/\/premiumline-cabling.com\/wp-content\/uploads\/2019\/12\/45-x-45-mm-French-style-1port_d-273x300.jpg\"><\/h3>\n<h3>80\u00d780 Type Plastron S\u00e9rie<\/h3>\n<table width=\"100%\">\n<thead>\n<tr>\n<td><strong>PART NO.<\/strong><\/td>\n<td><strong>DESCRIPTION<\/strong><\/td>\n<\/tr>\n<\/thead>\n<tbody>\n<tr>\n<td>125134010<\/td>\n<td>Module Keystone \u00e0 1 port, 45\u00d745mm, style fran\u00e7ais, blanc<\/td>\n<\/tr>\n<tr>\n<td>125154010<\/td>\n<td>Module Keystone \u00e0 1 port, 22.5\u00d745mm, style fran\u00e7ais, blanc<\/td>\n<\/tr>\n<tr>\n<td>121900290<\/td>\n<td>Plaque frontale \u00e0 la fran\u00e7aise, avec cadre m\u00e9tallique, biseau, 80\u00d780, Snap-In, RAL9010<\/td>\n<\/tr>\n<\/tbody>\n<\/table>\n","protected":false},"featured_media":20075,"template":"","product_category":[408],"class_list":["post-20073","product","type-product","status-publish","has-post-thumbnail","hentry","product_category-plastron"],"yoast_head":"<!-- This site is optimized with the Yoast SEO plugin v27.2 - https:\/\/yoast.com\/product\/yoast-seo-wordpress\/ -->\n<title>Premium-Line S\u00e9rie de plastrons fran\u00e7ais de type 80 (80x80)<\/title>\n<meta name=\"description\" content=\"Fixation sur toute surface, cloisons s\u00e8ches, plinthes, et m\u00eame meubles modulaires, 100% compatible avec les plaques murales standard.\" \/>\n<meta name=\"robots\" content=\"index, follow, max-snippet:-1, max-image-preview:large, max-video-preview:-1\" \/>\n<link rel=\"canonical\" href=\"https:\/\/premiumline-cabling.com\/fr\/product\/plastron-francais-de-type-80\/\" \/>\n<meta property=\"og:locale\" content=\"fr_FR\" \/>\n<meta property=\"og:type\" content=\"article\" \/>\n<meta property=\"og:title\" content=\"Premium-Line S\u00e9rie de plastrons fran\u00e7ais de type 80 (80x80)\" \/>\n<meta property=\"og:description\" content=\"Fixation sur toute surface, cloisons s\u00e8ches, plinthes, et m\u00eame meubles modulaires, 100% compatible avec les plaques murales standard.\" \/>\n<meta property=\"og:url\" content=\"https:\/\/premiumline-cabling.com\/fr\/product\/plastron-francais-de-type-80\/\" \/>\n<meta property=\"og:site_name\" content=\"Premium-Line\" \/>\n<meta property=\"article:modified_time\" content=\"2024-07-29T15:08:35+00:00\" \/>\n<meta property=\"og:image\" content=\"https:\/\/premiumline-cabling.com\/wp-content\/uploads\/2019\/02\/img_PL_faceplate-121522210_2fb9d03981.jpg\" \/>\n\t<meta property=\"og:image:width\" content=\"200\" \/>\n\t<meta property=\"og:image:height\" content=\"177\" \/>\n\t<meta property=\"og:image:type\" content=\"image\/jpeg\" \/>\n<meta name=\"twitter:card\" content=\"summary_large_image\" \/>\n<meta name=\"twitter:label1\" content=\"Dur\u00e9e de lecture estim\u00e9e\" \/>\n\t<meta name=\"twitter:data1\" content=\"1 minute\" \/>\n<script type=\"application\/ld+json\" class=\"yoast-schema-graph\">{\"@context\":\"https:\/\/schema.org\",\"@graph\":[{\"@type\":\"WebPage\",\"@id\":\"https:\/\/premiumline-cabling.com\/fr\/product\/plastron-francais-de-type-80\/\",\"url\":\"https:\/\/premiumline-cabling.com\/fr\/product\/plastron-francais-de-type-80\/\",\"name\":\"Premium-Line S\u00e9rie de plastrons fran\u00e7ais de type 80 (80x80)\",\"isPartOf\":{\"@id\":\"https:\/\/premiumline-cabling.com\/#website\"},\"primaryImageOfPage\":{\"@id\":\"https:\/\/premiumline-cabling.com\/fr\/product\/plastron-francais-de-type-80\/#primaryimage\"},\"image\":{\"@id\":\"https:\/\/premiumline-cabling.com\/fr\/product\/plastron-francais-de-type-80\/#primaryimage\"},\"thumbnailUrl\":\"https:\/\/premiumline-cabling.com\/wp-content\/uploads\/2019\/02\/img_PL_faceplate-121522210_2fb9d03981.jpg\",\"datePublished\":\"2019-12-19T11:35:11+00:00\",\"dateModified\":\"2024-07-29T15:08:35+00:00\",\"description\":\"Fixation sur toute surface, cloisons s\u00e8ches, plinthes, et m\u00eame meubles modulaires, 100% compatible avec les plaques murales standard.\",\"breadcrumb\":{\"@id\":\"https:\/\/premiumline-cabling.com\/fr\/product\/plastron-francais-de-type-80\/#breadcrumb\"},\"inLanguage\":\"fr-FR\",\"potentialAction\":[{\"@type\":\"ReadAction\",\"target\":[\"https:\/\/premiumline-cabling.com\/fr\/product\/plastron-francais-de-type-80\/\"]}]},{\"@type\":\"ImageObject\",\"inLanguage\":\"fr-FR\",\"@id\":\"https:\/\/premiumline-cabling.com\/fr\/product\/plastron-francais-de-type-80\/#primaryimage\",\"url\":\"https:\/\/premiumline-cabling.com\/wp-content\/uploads\/2019\/02\/img_PL_faceplate-121522210_2fb9d03981.jpg\",\"contentUrl\":\"https:\/\/premiumline-cabling.com\/wp-content\/uploads\/2019\/02\/img_PL_faceplate-121522210_2fb9d03981.jpg\",\"width\":200,\"height\":177,\"caption\":\"121522210\"},{\"@type\":\"BreadcrumbList\",\"@id\":\"https:\/\/premiumline-cabling.com\/fr\/product\/plastron-francais-de-type-80\/#breadcrumb\",\"itemListElement\":[{\"@type\":\"ListItem\",\"position\":1,\"name\":\"\u0413\u043b\u0430\u0432\u043d\u0430\u044f \u0441\u0442\u0440\u0430\u043d\u0438\u0446\u0430\",\"item\":\"https:\/\/premiumline-cabling.com\/fr\/\"},{\"@type\":\"ListItem\",\"position\":2,\"name\":\"Plastron fran\u00e7ais de type 80\"}]},{\"@type\":\"WebSite\",\"@id\":\"https:\/\/premiumline-cabling.com\/#website\",\"url\":\"https:\/\/premiumline-cabling.com\/\",\"name\":\"Premium-Line\",\"description\":\"Structured Cabling System\",\"publisher\":{\"@id\":\"https:\/\/premiumline-cabling.com\/#organization\"},\"potentialAction\":[{\"@type\":\"SearchAction\",\"target\":{\"@type\":\"EntryPoint\",\"urlTemplate\":\"https:\/\/premiumline-cabling.com\/?s={search_term_string}\"},\"query-input\":{\"@type\":\"PropertyValueSpecification\",\"valueRequired\":true,\"valueName\":\"search_term_string\"}}],\"inLanguage\":\"fr-FR\"},{\"@type\":\"Organization\",\"@id\":\"https:\/\/premiumline-cabling.com\/#organization\",\"name\":\"Premium-Line\",\"url\":\"https:\/\/premiumline-cabling.com\/\",\"logo\":{\"@type\":\"ImageObject\",\"inLanguage\":\"fr-FR\",\"@id\":\"https:\/\/premiumline-cabling.com\/#\/schema\/logo\/image\/\",\"url\":\"https:\/\/premiumline-cabling.com\/wp-content\/uploads\/2019\/04\/cropped-img_logo_site_Premium-Line.png\",\"contentUrl\":\"https:\/\/premiumline-cabling.com\/wp-content\/uploads\/2019\/04\/cropped-img_logo_site_Premium-Line.png\",\"width\":190,\"height\":62,\"caption\":\"Premium-Line\"},\"image\":{\"@id\":\"https:\/\/premiumline-cabling.com\/#\/schema\/logo\/image\/\"}}]}<\/script>\n<!-- \/ Yoast SEO plugin. -->","yoast_head_json":{"title":"Premium-Line S\u00e9rie de plastrons fran\u00e7ais de type 80 (80x80)","description":"Fixation sur toute surface, cloisons s\u00e8ches, plinthes, et m\u00eame meubles modulaires, 100% compatible avec les plaques murales standard.","robots":{"index":"index","follow":"follow","max-snippet":"max-snippet:-1","max-image-preview":"max-image-preview:large","max-video-preview":"max-video-preview:-1"},"canonical":"https:\/\/premiumline-cabling.com\/fr\/product\/plastron-francais-de-type-80\/","og_locale":"fr_FR","og_type":"article","og_title":"Premium-Line S\u00e9rie de plastrons fran\u00e7ais de type 80 (80x80)","og_description":"Fixation sur toute surface, cloisons s\u00e8ches, plinthes, et m\u00eame meubles modulaires, 100% compatible avec les plaques murales standard.","og_url":"https:\/\/premiumline-cabling.com\/fr\/product\/plastron-francais-de-type-80\/","og_site_name":"Premium-Line","article_modified_time":"2024-07-29T15:08:35+00:00","og_image":[{"width":200,"height":177,"url":"https:\/\/premiumline-cabling.com\/wp-content\/uploads\/2019\/02\/img_PL_faceplate-121522210_2fb9d03981.jpg","type":"image\/jpeg"}],"twitter_card":"summary_large_image","twitter_misc":{"Dur\u00e9e de lecture estim\u00e9e":"1 minute"},"schema":{"@context":"https:\/\/schema.org","@graph":[{"@type":"WebPage","@id":"https:\/\/premiumline-cabling.com\/fr\/product\/plastron-francais-de-type-80\/","url":"https:\/\/premiumline-cabling.com\/fr\/product\/plastron-francais-de-type-80\/","name":"Premium-Line S\u00e9rie de plastrons fran\u00e7ais de type 80 (80x80)","isPartOf":{"@id":"https:\/\/premiumline-cabling.com\/#website"},"primaryImageOfPage":{"@id":"https:\/\/premiumline-cabling.com\/fr\/product\/plastron-francais-de-type-80\/#primaryimage"},"image":{"@id":"https:\/\/premiumline-cabling.com\/fr\/product\/plastron-francais-de-type-80\/#primaryimage"},"thumbnailUrl":"https:\/\/premiumline-cabling.com\/wp-content\/uploads\/2019\/02\/img_PL_faceplate-121522210_2fb9d03981.jpg","datePublished":"2019-12-19T11:35:11+00:00","dateModified":"2024-07-29T15:08:35+00:00","description":"Fixation sur toute surface, cloisons s\u00e8ches, plinthes, et m\u00eame meubles modulaires, 100% compatible avec les plaques murales standard.","breadcrumb":{"@id":"https:\/\/premiumline-cabling.com\/fr\/product\/plastron-francais-de-type-80\/#breadcrumb"},"inLanguage":"fr-FR","potentialAction":[{"@type":"ReadAction","target":["https:\/\/premiumline-cabling.com\/fr\/product\/plastron-francais-de-type-80\/"]}]},{"@type":"ImageObject","inLanguage":"fr-FR","@id":"https:\/\/premiumline-cabling.com\/fr\/product\/plastron-francais-de-type-80\/#primaryimage","url":"https:\/\/premiumline-cabling.com\/wp-content\/uploads\/2019\/02\/img_PL_faceplate-121522210_2fb9d03981.jpg","contentUrl":"https:\/\/premiumline-cabling.com\/wp-content\/uploads\/2019\/02\/img_PL_faceplate-121522210_2fb9d03981.jpg","width":200,"height":177,"caption":"121522210"},{"@type":"BreadcrumbList","@id":"https:\/\/premiumline-cabling.com\/fr\/product\/plastron-francais-de-type-80\/#breadcrumb","itemListElement":[{"@type":"ListItem","position":1,"name":"\u0413\u043b\u0430\u0432\u043d\u0430\u044f \u0441\u0442\u0440\u0430\u043d\u0438\u0446\u0430","item":"https:\/\/premiumline-cabling.com\/fr\/"},{"@type":"ListItem","position":2,"name":"Plastron fran\u00e7ais de type 80"}]},{"@type":"WebSite","@id":"https:\/\/premiumline-cabling.com\/#website","url":"https:\/\/premiumline-cabling.com\/","name":"Premium-Line","description":"Structured Cabling System","publisher":{"@id":"https:\/\/premiumline-cabling.com\/#organization"},"potentialAction":[{"@type":"SearchAction","target":{"@type":"EntryPoint","urlTemplate":"https:\/\/premiumline-cabling.com\/?s={search_term_string}"},"query-input":{"@type":"PropertyValueSpecification","valueRequired":true,"valueName":"search_term_string"}}],"inLanguage":"fr-FR"},{"@type":"Organization","@id":"https:\/\/premiumline-cabling.com\/#organization","name":"Premium-Line","url":"https:\/\/premiumline-cabling.com\/","logo":{"@type":"ImageObject","inLanguage":"fr-FR","@id":"https:\/\/premiumline-cabling.com\/#\/schema\/logo\/image\/","url":"https:\/\/premiumline-cabling.com\/wp-content\/uploads\/2019\/04\/cropped-img_logo_site_Premium-Line.png","contentUrl":"https:\/\/premiumline-cabling.com\/wp-content\/uploads\/2019\/04\/cropped-img_logo_site_Premium-Line.png","width":190,"height":62,"caption":"Premium-Line"},"image":{"@id":"https:\/\/premiumline-cabling.com\/#\/schema\/logo\/image\/"}}]}},"_links":{"self":[{"href":"https:\/\/premiumline-cabling.com\/fr\/wp-json\/wp\/v2\/product\/20073","targetHints":{"allow":["GET"]}}],"collection":[{"href":"https:\/\/premiumline-cabling.com\/fr\/wp-json\/wp\/v2\/product"}],"about":[{"href":"https:\/\/premiumline-cabling.com\/fr\/wp-json\/wp\/v2\/types\/product"}],"wp:featuredmedia":[{"embeddable":true,"href":"https:\/\/premiumline-cabling.com\/fr\/wp-json\/wp\/v2\/media\/20075"}],"wp:attachment":[{"href":"https:\/\/premiumline-cabling.com\/fr\/wp-json\/wp\/v2\/media?parent=20073"}],"wp:term":[{"taxonomy":"product_category","embeddable":true,"href":"https:\/\/premiumline-cabling.com\/fr\/wp-json\/wp\/v2\/product_category?post=20073"}],"curies":[{"name":"wp","href":"https:\/\/api.w.org\/{rel}","templated":true}]}}