{"id":20069,"date":"2019-12-19T12:44:02","date_gmt":"2019-12-19T11:44:02","guid":{"rendered":"https:\/\/premiumline-cabling.com\/product\/70-plastron-de-type-us\/"},"modified":"2023-12-05T13:19:37","modified_gmt":"2023-12-05T12:19:37","slug":"70-plastron-de-type-us","status":"publish","type":"product","link":"https:\/\/premiumline-cabling.com\/fr\/product\/70-plastron-de-type-us\/","title":{"rendered":"70 Plastron de type US"},"content":{"rendered":"<h2>70 Type US Plastron S\u00e9rie<\/h2>\n<div id=\"attachment_953\" style=\"width: 170px\" class=\"wp-caption alignleft\"><noscript><img decoding=\"async\" aria-describedby=\"caption-attachment-953\" class=\"wp-image-953 size-full\" src=\"https:\/\/premiumline-cabling.com\/wp-content\/uploads\/2019\/02\/img_PL_faceplate-121826010_f42e527e65.jpg\" alt width=\"160\" height=\"116\"><\/noscript><img decoding=\"async\" aria-describedby=\"caption-attachment-953\" class=\"wp-image-953 size-full lazyload\" src=\"data:image\/svg+xml,%3Csvg%20xmlns%3D%22http%3A%2F%2Fwww.w3.org%2F2000%2Fsvg%22%20viewBox%3D%220%200%20160%20116%22%3E%3C%2Fsvg%3E\" alt width=\"160\" height=\"116\" data-src=\"https:\/\/premiumline-cabling.com\/wp-content\/uploads\/2019\/02\/img_PL_faceplate-121826010_f42e527e65.jpg\"><p id=\"caption-attachment-953\" class=\"wp-caption-text\">121822010<\/p><\/div>\n<div id=\"attachment_954\" style=\"width: 170px\" class=\"wp-caption alignleft\"><noscript><img decoding=\"async\" aria-describedby=\"caption-attachment-954\" class=\"wp-image-954 size-full\" src=\"https:\/\/premiumline-cabling.com\/wp-content\/uploads\/2019\/02\/img_PL_faceplate-121824010_acb2d3ea61.jpg\" alt width=\"160\" height=\"108\"><\/noscript><img decoding=\"async\" aria-describedby=\"caption-attachment-954\" class=\"wp-image-954 size-full lazyload\" src=\"data:image\/svg+xml,%3Csvg%20xmlns%3D%22http%3A%2F%2Fwww.w3.org%2F2000%2Fsvg%22%20viewBox%3D%220%200%20160%20108%22%3E%3C%2Fsvg%3E\" alt width=\"160\" height=\"108\" data-src=\"https:\/\/premiumline-cabling.com\/wp-content\/uploads\/2019\/02\/img_PL_faceplate-121824010_acb2d3ea61.jpg\"><p id=\"caption-attachment-954\" class=\"wp-caption-text\">121824010<\/p><\/div>\n<div id=\"attachment_955\" style=\"width: 170px\" class=\"wp-caption alignleft\"><noscript><img decoding=\"async\" aria-describedby=\"caption-attachment-955\" class=\"wp-image-955 size-full\" src=\"https:\/\/premiumline-cabling.com\/wp-content\/uploads\/2019\/02\/img_PL_faceplate-121823010_d1642b017a.jpg\" alt width=\"160\" height=\"108\"><\/noscript><img decoding=\"async\" aria-describedby=\"caption-attachment-955\" class=\"wp-image-955 size-full lazyload\" src=\"data:image\/svg+xml,%3Csvg%20xmlns%3D%22http%3A%2F%2Fwww.w3.org%2F2000%2Fsvg%22%20viewBox%3D%220%200%20160%20108%22%3E%3C%2Fsvg%3E\" alt width=\"160\" height=\"108\" data-src=\"https:\/\/premiumline-cabling.com\/wp-content\/uploads\/2019\/02\/img_PL_faceplate-121823010_d1642b017a.jpg\"><p id=\"caption-attachment-955\" class=\"wp-caption-text\">121823010<\/p><\/div>\n<div id=\"attachment_956\" style=\"width: 170px\" class=\"wp-caption alignleft\"><noscript><img decoding=\"async\" aria-describedby=\"caption-attachment-956\" class=\"wp-image-956 size-full\" src=\"https:\/\/premiumline-cabling.com\/wp-content\/uploads\/2019\/02\/img_PL_faceplate-121822010_c99c70749c.jpg\" alt width=\"160\" height=\"108\"><\/noscript><img decoding=\"async\" aria-describedby=\"caption-attachment-956\" class=\"wp-image-956 size-full lazyload\" src=\"data:image\/svg+xml,%3Csvg%20xmlns%3D%22http%3A%2F%2Fwww.w3.org%2F2000%2Fsvg%22%20viewBox%3D%220%200%20160%20108%22%3E%3C%2Fsvg%3E\" alt width=\"160\" height=\"108\" data-src=\"https:\/\/premiumline-cabling.com\/wp-content\/uploads\/2019\/02\/img_PL_faceplate-121822010_c99c70749c.jpg\"><p id=\"caption-attachment-956\" class=\"wp-caption-text\">121822010<\/p><\/div>\n<p>&nbsp;<\/p>\n<p>&nbsp;<\/p>\n<p>&nbsp;<\/p>\n<h3><\/h3>\n<h3>ARTICLE :<\/h3>\n<ul>\n<li>S&#8217;adapte \u00e0 toutes les surfaces, aux cloisons s\u00e8ches, aux plinthes et m\u00eame aux meubles modulaires.<\/li>\n<li>Dimensions : 70 x 115mm<\/li>\n<li>Les prises Keystone peuvent \u00eatre facilement connect\u00e9es et d\u00e9connect\u00e9es.<\/li>\n<li>Nombre de ports : 0 (vide), 1, 2, 3, 4 ou 6<\/li>\n<li>Vis incluses<\/li>\n<li>Mat\u00e9riau : R\u00e9sine ABS UL-94V-0 \u00e0 haute r\u00e9sistance aux chocs et ignifug\u00e9e<\/li>\n<li>Base de support de l&#8217;adaptateur FO de type keystone disponible en option sur demande<\/li>\n<li>Conforme \u00e0 la directive RoHS<\/li>\n<\/ul>\n<table width=\"100%\">\n<thead>\n<tr>\n<td><strong>PART NO.<\/strong><\/td>\n<td><strong>DESCRIPTION<\/strong><\/td>\n<\/tr>\n<\/thead>\n<tbody>\n<tr>\n<td>121820010<\/td>\n<td>Plaque frontale vierge USA III, 70\u00d7115, blanc<\/td>\n<\/tr>\n<tr>\n<td>121821010<\/td>\n<td>Fa\u00e7ade USA III, entr\u00e9e 90\u00b0, 70\u00d7115, moulage int\u00e9gral, sans ic\u00f4ne, 1 orifice, blanc<\/td>\n<\/tr>\n<tr>\n<td>121822010<\/td>\n<td>Fa\u00e7ade USA III, entr\u00e9e 90\u00b0, 70\u00d7115, moulage int\u00e9gral, sans ic\u00f4ne, 2 ports, blanc<\/td>\n<\/tr>\n<tr>\n<td>121823010<\/td>\n<td>Fa\u00e7ade USA III, entr\u00e9e 90\u00b0, 70\u00d7115, moulage int\u00e9gral, sans ic\u00f4ne, 3 ports, blanc<\/td>\n<\/tr>\n<tr>\n<td>121824010<\/td>\n<td>Fa\u00e7ade USA III, entr\u00e9e 90\u00b0, 70\u00d7115, moulage int\u00e9gral, sans ic\u00f4ne, 4 ports, blanc<\/td>\n<\/tr>\n<tr>\n<td>121826010<\/td>\n<td>Fa\u00e7ade USA III, entr\u00e9e 90\u00b0, 70\u00d7115, moulage int\u00e9gral, sans ic\u00f4ne, 6 ports, blanc<\/td>\n<\/tr>\n<tr>\n<td>127110010<\/td>\n<td>Module de support pour fibre optique de type SC<\/td>\n<\/tr>\n<tr>\n<td>127210010<\/td>\n<td>Module de support pour fibre optique de type ST<\/td>\n<\/tr>\n<\/tbody>\n<\/table>\n<div id=\"attachment_957\" style=\"width: 310px\" class=\"wp-caption alignleft\"><noscript><img decoding=\"async\" aria-describedby=\"caption-attachment-957\" class=\"size-full wp-image-957\" src=\"https:\/\/premiumline-cabling.com\/wp-content\/uploads\/2019\/02\/img_PL_RTEmagicC_faceplate-127110010_01.jpg\" alt width=\"300\" height=\"207\"><\/noscript><img decoding=\"async\" aria-describedby=\"caption-attachment-957\" class=\"size-full wp-image-957 lazyload\" src=\"data:image\/svg+xml,%3Csvg%20xmlns%3D%22http%3A%2F%2Fwww.w3.org%2F2000%2Fsvg%22%20viewBox%3D%220%200%20300%20207%22%3E%3C%2Fsvg%3E\" alt width=\"300\" height=\"207\" data-src=\"https:\/\/premiumline-cabling.com\/wp-content\/uploads\/2019\/02\/img_PL_RTEmagicC_faceplate-127110010_01.jpg\"><p id=\"caption-attachment-957\" class=\"wp-caption-text\">127110010, 127210010<\/p><\/div>\n","protected":false},"featured_media":20072,"template":"","product_category":[408],"class_list":["post-20069","product","type-product","status-publish","has-post-thumbnail","hentry","product_category-plastron"],"yoast_head":"<!-- This site is optimized with the Yoast SEO plugin v27.4 - https:\/\/yoast.com\/product\/yoast-seo-wordpress\/ -->\n<title>Premium-Line 70 Type French Faceplate Series (70x115)<\/title>\n<meta name=\"description\" content=\"Fixation sur toute surface, cloisons s\u00e8ches, plinthes, et m\u00eame meubles modulaires, 100% compatible avec les plaques murales standard.\" \/>\n<meta name=\"robots\" content=\"index, follow, max-snippet:-1, max-image-preview:large, max-video-preview:-1\" \/>\n<link rel=\"canonical\" href=\"https:\/\/premiumline-cabling.com\/fr\/product\/70-plastron-de-type-us\/\" \/>\n<meta property=\"og:locale\" content=\"fr_FR\" \/>\n<meta property=\"og:type\" content=\"article\" \/>\n<meta property=\"og:title\" content=\"Premium-Line 70 Type French Faceplate Series (70x115)\" \/>\n<meta property=\"og:description\" content=\"Fixation sur toute surface, cloisons s\u00e8ches, plinthes, et m\u00eame meubles modulaires, 100% compatible avec les plaques murales standard.\" \/>\n<meta property=\"og:url\" content=\"https:\/\/premiumline-cabling.com\/fr\/product\/70-plastron-de-type-us\/\" \/>\n<meta property=\"og:site_name\" content=\"Premium-Line\" \/>\n<meta property=\"article:modified_time\" content=\"2023-12-05T12:19:37+00:00\" \/>\n<meta property=\"og:image\" content=\"https:\/\/premiumline-cabling.com\/wp-content\/uploads\/2019\/02\/img_PL_faceplate-121824010_acb2d3ea61.jpg\" \/>\n\t<meta property=\"og:image:width\" content=\"160\" \/>\n\t<meta property=\"og:image:height\" content=\"108\" \/>\n\t<meta property=\"og:image:type\" content=\"image\/jpeg\" \/>\n<meta name=\"twitter:card\" content=\"summary_large_image\" \/>\n<meta name=\"twitter:label1\" content=\"Dur\u00e9e de lecture estim\u00e9e\" \/>\n\t<meta name=\"twitter:data1\" content=\"2 minutes\" \/>\n<script type=\"application\/ld+json\" class=\"yoast-schema-graph\">{\"@context\":\"https:\\\/\\\/schema.org\",\"@graph\":[{\"@type\":\"WebPage\",\"@id\":\"https:\\\/\\\/premiumline-cabling.com\\\/fr\\\/product\\\/70-plastron-de-type-us\\\/\",\"url\":\"https:\\\/\\\/premiumline-cabling.com\\\/fr\\\/product\\\/70-plastron-de-type-us\\\/\",\"name\":\"Premium-Line 70 Type French Faceplate Series (70x115)\",\"isPartOf\":{\"@id\":\"https:\\\/\\\/premiumline-cabling.com\\\/#website\"},\"primaryImageOfPage\":{\"@id\":\"https:\\\/\\\/premiumline-cabling.com\\\/fr\\\/product\\\/70-plastron-de-type-us\\\/#primaryimage\"},\"image\":{\"@id\":\"https:\\\/\\\/premiumline-cabling.com\\\/fr\\\/product\\\/70-plastron-de-type-us\\\/#primaryimage\"},\"thumbnailUrl\":\"https:\\\/\\\/premiumline-cabling.com\\\/wp-content\\\/uploads\\\/2019\\\/02\\\/img_PL_faceplate-121824010_acb2d3ea61.jpg\",\"datePublished\":\"2019-12-19T11:44:02+00:00\",\"dateModified\":\"2023-12-05T12:19:37+00:00\",\"description\":\"Fixation sur toute surface, cloisons s\u00e8ches, plinthes, et m\u00eame meubles modulaires, 100% compatible avec les plaques murales standard.\",\"breadcrumb\":{\"@id\":\"https:\\\/\\\/premiumline-cabling.com\\\/fr\\\/product\\\/70-plastron-de-type-us\\\/#breadcrumb\"},\"inLanguage\":\"fr-FR\",\"potentialAction\":[{\"@type\":\"ReadAction\",\"target\":[\"https:\\\/\\\/premiumline-cabling.com\\\/fr\\\/product\\\/70-plastron-de-type-us\\\/\"]}]},{\"@type\":\"ImageObject\",\"inLanguage\":\"fr-FR\",\"@id\":\"https:\\\/\\\/premiumline-cabling.com\\\/fr\\\/product\\\/70-plastron-de-type-us\\\/#primaryimage\",\"url\":\"https:\\\/\\\/premiumline-cabling.com\\\/wp-content\\\/uploads\\\/2019\\\/02\\\/img_PL_faceplate-121824010_acb2d3ea61.jpg\",\"contentUrl\":\"https:\\\/\\\/premiumline-cabling.com\\\/wp-content\\\/uploads\\\/2019\\\/02\\\/img_PL_faceplate-121824010_acb2d3ea61.jpg\",\"width\":160,\"height\":108},{\"@type\":\"BreadcrumbList\",\"@id\":\"https:\\\/\\\/premiumline-cabling.com\\\/fr\\\/product\\\/70-plastron-de-type-us\\\/#breadcrumb\",\"itemListElement\":[{\"@type\":\"ListItem\",\"position\":1,\"name\":\"\u0413\u043b\u0430\u0432\u043d\u0430\u044f \u0441\u0442\u0440\u0430\u043d\u0438\u0446\u0430\",\"item\":\"https:\\\/\\\/premiumline-cabling.com\\\/fr\\\/\"},{\"@type\":\"ListItem\",\"position\":2,\"name\":\"70 Plastron de type US\"}]},{\"@type\":\"WebSite\",\"@id\":\"https:\\\/\\\/premiumline-cabling.com\\\/#website\",\"url\":\"https:\\\/\\\/premiumline-cabling.com\\\/\",\"name\":\"Premium-Line\",\"description\":\"Structured Cabling System\",\"publisher\":{\"@id\":\"https:\\\/\\\/premiumline-cabling.com\\\/#organization\"},\"potentialAction\":[{\"@type\":\"SearchAction\",\"target\":{\"@type\":\"EntryPoint\",\"urlTemplate\":\"https:\\\/\\\/premiumline-cabling.com\\\/?s={search_term_string}\"},\"query-input\":{\"@type\":\"PropertyValueSpecification\",\"valueRequired\":true,\"valueName\":\"search_term_string\"}}],\"inLanguage\":\"fr-FR\"},{\"@type\":\"Organization\",\"@id\":\"https:\\\/\\\/premiumline-cabling.com\\\/#organization\",\"name\":\"Premium-Line\",\"url\":\"https:\\\/\\\/premiumline-cabling.com\\\/\",\"logo\":{\"@type\":\"ImageObject\",\"inLanguage\":\"fr-FR\",\"@id\":\"https:\\\/\\\/premiumline-cabling.com\\\/#\\\/schema\\\/logo\\\/image\\\/\",\"url\":\"https:\\\/\\\/premiumline-cabling.com\\\/wp-content\\\/uploads\\\/2019\\\/04\\\/cropped-img_logo_site_Premium-Line.png\",\"contentUrl\":\"https:\\\/\\\/premiumline-cabling.com\\\/wp-content\\\/uploads\\\/2019\\\/04\\\/cropped-img_logo_site_Premium-Line.png\",\"width\":190,\"height\":62,\"caption\":\"Premium-Line\"},\"image\":{\"@id\":\"https:\\\/\\\/premiumline-cabling.com\\\/#\\\/schema\\\/logo\\\/image\\\/\"}}]}<\/script>\n<!-- \/ Yoast SEO plugin. -->","yoast_head_json":{"title":"Premium-Line 70 Type French Faceplate Series (70x115)","description":"Fixation sur toute surface, cloisons s\u00e8ches, plinthes, et m\u00eame meubles modulaires, 100% compatible avec les plaques murales standard.","robots":{"index":"index","follow":"follow","max-snippet":"max-snippet:-1","max-image-preview":"max-image-preview:large","max-video-preview":"max-video-preview:-1"},"canonical":"https:\/\/premiumline-cabling.com\/fr\/product\/70-plastron-de-type-us\/","og_locale":"fr_FR","og_type":"article","og_title":"Premium-Line 70 Type French Faceplate Series (70x115)","og_description":"Fixation sur toute surface, cloisons s\u00e8ches, plinthes, et m\u00eame meubles modulaires, 100% compatible avec les plaques murales standard.","og_url":"https:\/\/premiumline-cabling.com\/fr\/product\/70-plastron-de-type-us\/","og_site_name":"Premium-Line","article_modified_time":"2023-12-05T12:19:37+00:00","og_image":[{"width":160,"height":108,"url":"https:\/\/premiumline-cabling.com\/wp-content\/uploads\/2019\/02\/img_PL_faceplate-121824010_acb2d3ea61.jpg","type":"image\/jpeg"}],"twitter_card":"summary_large_image","twitter_misc":{"Dur\u00e9e de lecture estim\u00e9e":"2 minutes"},"schema":{"@context":"https:\/\/schema.org","@graph":[{"@type":"WebPage","@id":"https:\/\/premiumline-cabling.com\/fr\/product\/70-plastron-de-type-us\/","url":"https:\/\/premiumline-cabling.com\/fr\/product\/70-plastron-de-type-us\/","name":"Premium-Line 70 Type French Faceplate Series (70x115)","isPartOf":{"@id":"https:\/\/premiumline-cabling.com\/#website"},"primaryImageOfPage":{"@id":"https:\/\/premiumline-cabling.com\/fr\/product\/70-plastron-de-type-us\/#primaryimage"},"image":{"@id":"https:\/\/premiumline-cabling.com\/fr\/product\/70-plastron-de-type-us\/#primaryimage"},"thumbnailUrl":"https:\/\/premiumline-cabling.com\/wp-content\/uploads\/2019\/02\/img_PL_faceplate-121824010_acb2d3ea61.jpg","datePublished":"2019-12-19T11:44:02+00:00","dateModified":"2023-12-05T12:19:37+00:00","description":"Fixation sur toute surface, cloisons s\u00e8ches, plinthes, et m\u00eame meubles modulaires, 100% compatible avec les plaques murales standard.","breadcrumb":{"@id":"https:\/\/premiumline-cabling.com\/fr\/product\/70-plastron-de-type-us\/#breadcrumb"},"inLanguage":"fr-FR","potentialAction":[{"@type":"ReadAction","target":["https:\/\/premiumline-cabling.com\/fr\/product\/70-plastron-de-type-us\/"]}]},{"@type":"ImageObject","inLanguage":"fr-FR","@id":"https:\/\/premiumline-cabling.com\/fr\/product\/70-plastron-de-type-us\/#primaryimage","url":"https:\/\/premiumline-cabling.com\/wp-content\/uploads\/2019\/02\/img_PL_faceplate-121824010_acb2d3ea61.jpg","contentUrl":"https:\/\/premiumline-cabling.com\/wp-content\/uploads\/2019\/02\/img_PL_faceplate-121824010_acb2d3ea61.jpg","width":160,"height":108},{"@type":"BreadcrumbList","@id":"https:\/\/premiumline-cabling.com\/fr\/product\/70-plastron-de-type-us\/#breadcrumb","itemListElement":[{"@type":"ListItem","position":1,"name":"\u0413\u043b\u0430\u0432\u043d\u0430\u044f \u0441\u0442\u0440\u0430\u043d\u0438\u0446\u0430","item":"https:\/\/premiumline-cabling.com\/fr\/"},{"@type":"ListItem","position":2,"name":"70 Plastron de type US"}]},{"@type":"WebSite","@id":"https:\/\/premiumline-cabling.com\/#website","url":"https:\/\/premiumline-cabling.com\/","name":"Premium-Line","description":"Structured Cabling System","publisher":{"@id":"https:\/\/premiumline-cabling.com\/#organization"},"potentialAction":[{"@type":"SearchAction","target":{"@type":"EntryPoint","urlTemplate":"https:\/\/premiumline-cabling.com\/?s={search_term_string}"},"query-input":{"@type":"PropertyValueSpecification","valueRequired":true,"valueName":"search_term_string"}}],"inLanguage":"fr-FR"},{"@type":"Organization","@id":"https:\/\/premiumline-cabling.com\/#organization","name":"Premium-Line","url":"https:\/\/premiumline-cabling.com\/","logo":{"@type":"ImageObject","inLanguage":"fr-FR","@id":"https:\/\/premiumline-cabling.com\/#\/schema\/logo\/image\/","url":"https:\/\/premiumline-cabling.com\/wp-content\/uploads\/2019\/04\/cropped-img_logo_site_Premium-Line.png","contentUrl":"https:\/\/premiumline-cabling.com\/wp-content\/uploads\/2019\/04\/cropped-img_logo_site_Premium-Line.png","width":190,"height":62,"caption":"Premium-Line"},"image":{"@id":"https:\/\/premiumline-cabling.com\/#\/schema\/logo\/image\/"}}]}},"_links":{"self":[{"href":"https:\/\/premiumline-cabling.com\/fr\/wp-json\/wp\/v2\/product\/20069","targetHints":{"allow":["GET"]}}],"collection":[{"href":"https:\/\/premiumline-cabling.com\/fr\/wp-json\/wp\/v2\/product"}],"about":[{"href":"https:\/\/premiumline-cabling.com\/fr\/wp-json\/wp\/v2\/types\/product"}],"wp:featuredmedia":[{"embeddable":true,"href":"https:\/\/premiumline-cabling.com\/fr\/wp-json\/wp\/v2\/media\/20072"}],"wp:attachment":[{"href":"https:\/\/premiumline-cabling.com\/fr\/wp-json\/wp\/v2\/media?parent=20069"}],"wp:term":[{"taxonomy":"product_category","embeddable":true,"href":"https:\/\/premiumline-cabling.com\/fr\/wp-json\/wp\/v2\/product_category?post=20069"}],"curies":[{"name":"wp","href":"https:\/\/api.w.org\/{rel}","templated":true}]}}