{"id":20068,"date":"2019-02-12T16:05:47","date_gmt":"2019-02-12T15:05:47","guid":{"rendered":"https:\/\/premiumline-cabling.com\/product\/adaptateur-en-t\/"},"modified":"2019-02-12T16:05:47","modified_gmt":"2019-02-12T15:05:47","slug":"adaptateur-en-t","status":"publish","type":"product","link":"https:\/\/premiumline-cabling.com\/fr\/product\/adaptateur-en-t\/","title":{"rendered":"Adaptateur en T"},"content":{"rendered":"<div id=\"attachment_964\" style=\"width: 310px\" class=\"wp-caption alignright\"><noscript><img decoding=\"async\" aria-describedby=\"caption-attachment-964\" class=\"wp-image-964 size-full\" src=\"https:\/\/premiumline-cabling.com\/wp-content\/uploads\/2019\/02\/img_PL_t-adapter.jpg\" alt width=\"300\" height=\"131\"><\/noscript><img decoding=\"async\" aria-describedby=\"caption-attachment-964\" class=\"wp-image-964 size-full lazyload\" src=\"data:image\/svg+xml,%3Csvg%20xmlns%3D%22http%3A%2F%2Fwww.w3.org%2F2000%2Fsvg%22%20viewBox%3D%220%200%20300%20131%22%3E%3C%2Fsvg%3E\" alt width=\"300\" height=\"131\" data-src=\"https:\/\/premiumline-cabling.com\/wp-content\/uploads\/2019\/02\/img_PL_t-adapter.jpg\"><p id=\"caption-attachment-964\" class=\"wp-caption-text\">193011211, 193021210<\/p><\/div>\n<p>Les adaptateurs en &#8220;T&#8221; Premium-Line, con\u00e7us \u00e0 partir de circuits imprim\u00e9s, offrent des performances \u00e9lev\u00e9es (conformes aux exigences de transmission de la cat. 3) et une grande souplesse dans les diff\u00e9rentes applications de c\u00e2blage. L&#8217;adaptateur en &#8220;T&#8221; convertit une prise RJ45 \u00e0 8 positions avec un c\u00e2ble rond de 0,5 pied en deux prises RJ45 \u00e0 8 positions avec un c\u00e2blage diff\u00e9rent. Les adaptateurs sont disponibles sous forme de &#8220;splitters&#8221; qui convertissent un jack \u00e0 4 paires en deux jacks \u00e0 2 paires en un jack \u00e0 1 paire et \u00e0 3 paires.<\/p>\n<h3><strong>Sp\u00e9cifications :<\/strong><\/h3>\n<ul>\n<li>Corps : ABS UL94-V0, blanc ou ivoire<\/li>\n<li>Fiche : RJ45 8P8C<\/li>\n<li>Prise : RJ45 8P8C<\/li>\n<li>Dimensions : L 4,1 cm\u00d7L 4,7 cm\u00d7H 2,1 cm<\/li>\n<\/ul>\n<p><strong>Adaptateur en T<\/strong><\/p>\n<table width=\"100%\">\n<thead>\n<tr>\n<td><strong>PART NO.<\/strong><\/td>\n<td><strong>DESCRIPTION<\/strong><\/td>\n<\/tr>\n<\/thead>\n<tbody>\n<tr>\n<td>193011211<\/td>\n<td style=\"text-align: left;\">Adaptateur T pour diviser une prise 4 paires en une prise 10Base-T et une prise t\u00e9l\u00e9phonique, blanc<\/td>\n<\/tr>\n<tr>\n<td>193011111<\/td>\n<td style=\"text-align: left;\">Adaptateur T pour diviser une prise 4 paires en deux prises 10Base-T, blanc<\/td>\n<\/tr>\n<tr>\n<td>193012211<\/td>\n<td style=\"text-align: left;\">Adaptateur en T pour diviser une prise 4 paires en deux prises t\u00e9l\u00e9phoniques, blanc<\/td>\n<\/tr>\n<tr>\n<td>193021210<\/td>\n<td style=\"text-align: left;\">Adaptateur T pour diviser une prise 4 paires en une 10Base-T et une Tel. Sortie, blind\u00e9e<\/td>\n<\/tr>\n<tr>\n<td>193021110<\/td>\n<td style=\"text-align: left;\">Adaptateur T pour diviser une prise 4 paires en deux prises 10Base-T, blind\u00e9<\/td>\n<\/tr>\n<tr>\n<td>193022210<\/td>\n<td style=\"text-align: left;\">Adaptateur en T pour diviser une prise 4 paires en deux prises t\u00e9l\u00e9phoniques, blind\u00e9<\/td>\n<\/tr>\n<\/tbody>\n<\/table>\n<p>&nbsp;<\/p>\n","protected":false},"featured_media":20071,"template":"","product_category":[409],"class_list":["post-20068","product","type-product","status-publish","has-post-thumbnail","hentry","product_category-outils-et-accessoires"],"yoast_head":"<!-- This site is optimized with the Yoast SEO plugin v27.2 - https:\/\/yoast.com\/product\/yoast-seo-wordpress\/ -->\n<title>Adaptateur en T Premium-Line<\/title>\n<meta name=\"description\" content=\"Les adaptateurs en &quot;T&quot; Premium-Line, con\u00e7us \u00e0 partir de circuits imprim\u00e9s, offrent des performances \u00e9lev\u00e9es (conformes aux exigences de transmission de la cat. 3) et une grande souplesse dans les diff\u00e9rentes applications de c\u00e2blage.\" \/>\n<meta name=\"robots\" content=\"index, follow, max-snippet:-1, max-image-preview:large, max-video-preview:-1\" \/>\n<link rel=\"canonical\" href=\"https:\/\/premiumline-cabling.com\/fr\/product\/adaptateur-en-t\/\" \/>\n<meta property=\"og:locale\" content=\"fr_FR\" \/>\n<meta property=\"og:type\" content=\"article\" \/>\n<meta property=\"og:title\" content=\"Adaptateur en T Premium-Line\" \/>\n<meta property=\"og:description\" content=\"Les adaptateurs en &quot;T&quot; Premium-Line, con\u00e7us \u00e0 partir de circuits imprim\u00e9s, offrent des performances \u00e9lev\u00e9es (conformes aux exigences de transmission de la cat. 3) et une grande souplesse dans les diff\u00e9rentes applications de c\u00e2blage.\" \/>\n<meta property=\"og:url\" content=\"https:\/\/premiumline-cabling.com\/fr\/product\/adaptateur-en-t\/\" \/>\n<meta property=\"og:site_name\" content=\"Premium-Line\" \/>\n<meta property=\"og:image\" content=\"https:\/\/premiumline-cabling.com\/wp-content\/uploads\/2019\/02\/PL_img_patch-panel-3_1.jpg\" \/>\n\t<meta property=\"og:image:width\" content=\"283\" \/>\n\t<meta property=\"og:image:height\" content=\"220\" \/>\n\t<meta property=\"og:image:type\" content=\"image\/jpeg\" \/>\n<meta name=\"twitter:card\" content=\"summary_large_image\" \/>\n<meta name=\"twitter:label1\" content=\"Dur\u00e9e de lecture estim\u00e9e\" \/>\n\t<meta name=\"twitter:data1\" content=\"1 minute\" \/>\n<script type=\"application\/ld+json\" class=\"yoast-schema-graph\">{\"@context\":\"https:\/\/schema.org\",\"@graph\":[{\"@type\":\"WebPage\",\"@id\":\"https:\/\/premiumline-cabling.com\/fr\/product\/adaptateur-en-t\/\",\"url\":\"https:\/\/premiumline-cabling.com\/fr\/product\/adaptateur-en-t\/\",\"name\":\"Adaptateur en T Premium-Line\",\"isPartOf\":{\"@id\":\"https:\/\/premiumline-cabling.com\/#website\"},\"primaryImageOfPage\":{\"@id\":\"https:\/\/premiumline-cabling.com\/fr\/product\/adaptateur-en-t\/#primaryimage\"},\"image\":{\"@id\":\"https:\/\/premiumline-cabling.com\/fr\/product\/adaptateur-en-t\/#primaryimage\"},\"thumbnailUrl\":\"https:\/\/premiumline-cabling.com\/wp-content\/uploads\/2019\/02\/PL_img_patch-panel-3_1.jpg\",\"datePublished\":\"2019-02-12T15:05:47+00:00\",\"description\":\"Les adaptateurs en \\\"T\\\" Premium-Line, con\u00e7us \u00e0 partir de circuits imprim\u00e9s, offrent des performances \u00e9lev\u00e9es (conformes aux exigences de transmission de la cat. 3) et une grande souplesse dans les diff\u00e9rentes applications de c\u00e2blage.\",\"breadcrumb\":{\"@id\":\"https:\/\/premiumline-cabling.com\/fr\/product\/adaptateur-en-t\/#breadcrumb\"},\"inLanguage\":\"fr-FR\",\"potentialAction\":[{\"@type\":\"ReadAction\",\"target\":[\"https:\/\/premiumline-cabling.com\/fr\/product\/adaptateur-en-t\/\"]}]},{\"@type\":\"ImageObject\",\"inLanguage\":\"fr-FR\",\"@id\":\"https:\/\/premiumline-cabling.com\/fr\/product\/adaptateur-en-t\/#primaryimage\",\"url\":\"https:\/\/premiumline-cabling.com\/wp-content\/uploads\/2019\/02\/PL_img_patch-panel-3_1.jpg\",\"contentUrl\":\"https:\/\/premiumline-cabling.com\/wp-content\/uploads\/2019\/02\/PL_img_patch-panel-3_1.jpg\",\"width\":283,\"height\":220},{\"@type\":\"BreadcrumbList\",\"@id\":\"https:\/\/premiumline-cabling.com\/fr\/product\/adaptateur-en-t\/#breadcrumb\",\"itemListElement\":[{\"@type\":\"ListItem\",\"position\":1,\"name\":\"\u0413\u043b\u0430\u0432\u043d\u0430\u044f \u0441\u0442\u0440\u0430\u043d\u0438\u0446\u0430\",\"item\":\"https:\/\/premiumline-cabling.com\/fr\/\"},{\"@type\":\"ListItem\",\"position\":2,\"name\":\"Adaptateur en T\"}]},{\"@type\":\"WebSite\",\"@id\":\"https:\/\/premiumline-cabling.com\/#website\",\"url\":\"https:\/\/premiumline-cabling.com\/\",\"name\":\"Premium-Line\",\"description\":\"Structured Cabling System\",\"publisher\":{\"@id\":\"https:\/\/premiumline-cabling.com\/#organization\"},\"potentialAction\":[{\"@type\":\"SearchAction\",\"target\":{\"@type\":\"EntryPoint\",\"urlTemplate\":\"https:\/\/premiumline-cabling.com\/?s={search_term_string}\"},\"query-input\":{\"@type\":\"PropertyValueSpecification\",\"valueRequired\":true,\"valueName\":\"search_term_string\"}}],\"inLanguage\":\"fr-FR\"},{\"@type\":\"Organization\",\"@id\":\"https:\/\/premiumline-cabling.com\/#organization\",\"name\":\"Premium-Line\",\"url\":\"https:\/\/premiumline-cabling.com\/\",\"logo\":{\"@type\":\"ImageObject\",\"inLanguage\":\"fr-FR\",\"@id\":\"https:\/\/premiumline-cabling.com\/#\/schema\/logo\/image\/\",\"url\":\"https:\/\/premiumline-cabling.com\/wp-content\/uploads\/2019\/04\/cropped-img_logo_site_Premium-Line.png\",\"contentUrl\":\"https:\/\/premiumline-cabling.com\/wp-content\/uploads\/2019\/04\/cropped-img_logo_site_Premium-Line.png\",\"width\":190,\"height\":62,\"caption\":\"Premium-Line\"},\"image\":{\"@id\":\"https:\/\/premiumline-cabling.com\/#\/schema\/logo\/image\/\"}}]}<\/script>\n<!-- \/ Yoast SEO plugin. -->","yoast_head_json":{"title":"Adaptateur en T Premium-Line","description":"Les adaptateurs en \"T\" Premium-Line, con\u00e7us \u00e0 partir de circuits imprim\u00e9s, offrent des performances \u00e9lev\u00e9es (conformes aux exigences de transmission de la cat. 3) et une grande souplesse dans les diff\u00e9rentes applications de c\u00e2blage.","robots":{"index":"index","follow":"follow","max-snippet":"max-snippet:-1","max-image-preview":"max-image-preview:large","max-video-preview":"max-video-preview:-1"},"canonical":"https:\/\/premiumline-cabling.com\/fr\/product\/adaptateur-en-t\/","og_locale":"fr_FR","og_type":"article","og_title":"Adaptateur en T Premium-Line","og_description":"Les adaptateurs en \"T\" Premium-Line, con\u00e7us \u00e0 partir de circuits imprim\u00e9s, offrent des performances \u00e9lev\u00e9es (conformes aux exigences de transmission de la cat. 3) et une grande souplesse dans les diff\u00e9rentes applications de c\u00e2blage.","og_url":"https:\/\/premiumline-cabling.com\/fr\/product\/adaptateur-en-t\/","og_site_name":"Premium-Line","og_image":[{"width":283,"height":220,"url":"https:\/\/premiumline-cabling.com\/wp-content\/uploads\/2019\/02\/PL_img_patch-panel-3_1.jpg","type":"image\/jpeg"}],"twitter_card":"summary_large_image","twitter_misc":{"Dur\u00e9e de lecture estim\u00e9e":"1 minute"},"schema":{"@context":"https:\/\/schema.org","@graph":[{"@type":"WebPage","@id":"https:\/\/premiumline-cabling.com\/fr\/product\/adaptateur-en-t\/","url":"https:\/\/premiumline-cabling.com\/fr\/product\/adaptateur-en-t\/","name":"Adaptateur en T Premium-Line","isPartOf":{"@id":"https:\/\/premiumline-cabling.com\/#website"},"primaryImageOfPage":{"@id":"https:\/\/premiumline-cabling.com\/fr\/product\/adaptateur-en-t\/#primaryimage"},"image":{"@id":"https:\/\/premiumline-cabling.com\/fr\/product\/adaptateur-en-t\/#primaryimage"},"thumbnailUrl":"https:\/\/premiumline-cabling.com\/wp-content\/uploads\/2019\/02\/PL_img_patch-panel-3_1.jpg","datePublished":"2019-02-12T15:05:47+00:00","description":"Les adaptateurs en \"T\" Premium-Line, con\u00e7us \u00e0 partir de circuits imprim\u00e9s, offrent des performances \u00e9lev\u00e9es (conformes aux exigences de transmission de la cat. 3) et une grande souplesse dans les diff\u00e9rentes applications de c\u00e2blage.","breadcrumb":{"@id":"https:\/\/premiumline-cabling.com\/fr\/product\/adaptateur-en-t\/#breadcrumb"},"inLanguage":"fr-FR","potentialAction":[{"@type":"ReadAction","target":["https:\/\/premiumline-cabling.com\/fr\/product\/adaptateur-en-t\/"]}]},{"@type":"ImageObject","inLanguage":"fr-FR","@id":"https:\/\/premiumline-cabling.com\/fr\/product\/adaptateur-en-t\/#primaryimage","url":"https:\/\/premiumline-cabling.com\/wp-content\/uploads\/2019\/02\/PL_img_patch-panel-3_1.jpg","contentUrl":"https:\/\/premiumline-cabling.com\/wp-content\/uploads\/2019\/02\/PL_img_patch-panel-3_1.jpg","width":283,"height":220},{"@type":"BreadcrumbList","@id":"https:\/\/premiumline-cabling.com\/fr\/product\/adaptateur-en-t\/#breadcrumb","itemListElement":[{"@type":"ListItem","position":1,"name":"\u0413\u043b\u0430\u0432\u043d\u0430\u044f \u0441\u0442\u0440\u0430\u043d\u0438\u0446\u0430","item":"https:\/\/premiumline-cabling.com\/fr\/"},{"@type":"ListItem","position":2,"name":"Adaptateur en T"}]},{"@type":"WebSite","@id":"https:\/\/premiumline-cabling.com\/#website","url":"https:\/\/premiumline-cabling.com\/","name":"Premium-Line","description":"Structured Cabling System","publisher":{"@id":"https:\/\/premiumline-cabling.com\/#organization"},"potentialAction":[{"@type":"SearchAction","target":{"@type":"EntryPoint","urlTemplate":"https:\/\/premiumline-cabling.com\/?s={search_term_string}"},"query-input":{"@type":"PropertyValueSpecification","valueRequired":true,"valueName":"search_term_string"}}],"inLanguage":"fr-FR"},{"@type":"Organization","@id":"https:\/\/premiumline-cabling.com\/#organization","name":"Premium-Line","url":"https:\/\/premiumline-cabling.com\/","logo":{"@type":"ImageObject","inLanguage":"fr-FR","@id":"https:\/\/premiumline-cabling.com\/#\/schema\/logo\/image\/","url":"https:\/\/premiumline-cabling.com\/wp-content\/uploads\/2019\/04\/cropped-img_logo_site_Premium-Line.png","contentUrl":"https:\/\/premiumline-cabling.com\/wp-content\/uploads\/2019\/04\/cropped-img_logo_site_Premium-Line.png","width":190,"height":62,"caption":"Premium-Line"},"image":{"@id":"https:\/\/premiumline-cabling.com\/#\/schema\/logo\/image\/"}}]}},"_links":{"self":[{"href":"https:\/\/premiumline-cabling.com\/fr\/wp-json\/wp\/v2\/product\/20068","targetHints":{"allow":["GET"]}}],"collection":[{"href":"https:\/\/premiumline-cabling.com\/fr\/wp-json\/wp\/v2\/product"}],"about":[{"href":"https:\/\/premiumline-cabling.com\/fr\/wp-json\/wp\/v2\/types\/product"}],"wp:featuredmedia":[{"embeddable":true,"href":"https:\/\/premiumline-cabling.com\/fr\/wp-json\/wp\/v2\/media\/20071"}],"wp:attachment":[{"href":"https:\/\/premiumline-cabling.com\/fr\/wp-json\/wp\/v2\/media?parent=20068"}],"wp:term":[{"taxonomy":"product_category","embeddable":true,"href":"https:\/\/premiumline-cabling.com\/fr\/wp-json\/wp\/v2\/product_category?post=20068"}],"curies":[{"name":"wp","href":"https:\/\/api.w.org\/{rel}","templated":true}]}}