{"id":20060,"date":"2023-09-26T17:00:11","date_gmt":"2023-09-26T16:00:11","guid":{"rendered":"https:\/\/premiumline-cabling.com\/product\/prise-de-sol-3-ports\/"},"modified":"2024-01-18T12:47:07","modified_gmt":"2024-01-18T11:47:07","slug":"prise-de-sol-3-ports","status":"publish","type":"product","link":"https:\/\/premiumline-cabling.com\/fr\/product\/prise-de-sol-3-ports\/","title":{"rendered":"Prise de sol 3 ports"},"content":{"rendered":"<h2 id=\"ui-id-1\" class=\"t3ddy-accordion-header ui-accordion-header ui-state-default ui-accordion-icons ui-state-focus ui-corner-all\" tabindex=\"0\" role=\"tab\" aria-controls=\"c1425\" aria-selected=\"false\" aria-expanded=\"false\">Prise de sol \u00e0 ressort, 3 ports<\/h2>\n<h3><strong>Caract\u00e9ristiques :<\/strong><\/h3>\n<ul>\n<li>Conception pop-up, facilit\u00e9 d&#8217;utilisation et protection efficace de la structure interne de la douille.<\/li>\n<li>Syst\u00e8me de distribution au sol \u00e9conomique et facile \u00e0 installer pour les grands espaces ouverts<\/li>\n<li>Construction \u00e9tanche \u00e0 l&#8217;eau et \u00e0 la poussi\u00e8re<\/li>\n<li>Peut accueillir 3 prises trap\u00e9zo\u00efdales ou coupleurs en ligne de type trap\u00e9zo\u00efdale<\/li>\n<li>Les couleurs argent\u00e9es et dor\u00e9es sont disponibles<\/li>\n<li>La bo\u00eete inf\u00e9rieure est incluse<\/li>\n<\/ul>\n<h3><strong><noscript><img decoding=\"async\" class=\"alignnone size-medium wp-image-18824\" src=\"https:\/\/premiumline-cabling.com\/wp-content\/uploads\/2023\/09\/Floor-Socket-Outlet-3-Port_d3-300x300.jpg\" alt width=\"300\" height=\"300\" srcset=\"https:\/\/premiumline-cabling.com\/wp-content\/uploads\/2023\/09\/Floor-Socket-Outlet-3-Port_d3-300x300.jpg 300w, https:\/\/premiumline-cabling.com\/wp-content\/uploads\/2023\/09\/Floor-Socket-Outlet-3-Port_d3-150x150.jpg 150w, https:\/\/premiumline-cabling.com\/wp-content\/uploads\/2023\/09\/Floor-Socket-Outlet-3-Port_d3.jpg 595w\" sizes=\"(max-width: 300px) 100vw, 300px\"><\/noscript><img decoding=\"async\" class=\"alignnone size-medium wp-image-18824 lazyload\" src=\"data:image\/svg+xml,%3Csvg%20xmlns%3D%22http%3A%2F%2Fwww.w3.org%2F2000%2Fsvg%22%20viewBox%3D%220%200%20300%20300%22%3E%3C%2Fsvg%3E\" alt width=\"300\" height=\"300\" srcset=\"data:image\/svg+xml,%3Csvg%20xmlns%3D%22http%3A%2F%2Fwww.w3.org%2F2000%2Fsvg%22%20viewBox%3D%220%200%20300%20300%22%3E%3C%2Fsvg%3E 300w\" sizes=\"(max-width: 300px) 100vw, 300px\" data-srcset=\"https:\/\/premiumline-cabling.com\/wp-content\/uploads\/2023\/09\/Floor-Socket-Outlet-3-Port_d3-300x300.jpg 300w, https:\/\/premiumline-cabling.com\/wp-content\/uploads\/2023\/09\/Floor-Socket-Outlet-3-Port_d3-150x150.jpg 150w, https:\/\/premiumline-cabling.com\/wp-content\/uploads\/2023\/09\/Floor-Socket-Outlet-3-Port_d3.jpg 595w\" data-src=\"https:\/\/premiumline-cabling.com\/wp-content\/uploads\/2023\/09\/Floor-Socket-Outlet-3-Port_d3-300x300.jpg\"><noscript><img decoding=\"async\" class=\"alignnone size-medium wp-image-18805\" src=\"https:\/\/premiumline-cabling.com\/wp-content\/uploads\/2023\/09\/Floor-Socket-Outlet-3-Port_d2-300x283.jpg\" alt width=\"300\" height=\"283\" srcset=\"https:\/\/premiumline-cabling.com\/wp-content\/uploads\/2023\/09\/Floor-Socket-Outlet-3-Port_d2-300x283.jpg 300w, https:\/\/premiumline-cabling.com\/wp-content\/uploads\/2023\/09\/Floor-Socket-Outlet-3-Port_d2.jpg 483w\" sizes=\"(max-width: 300px) 100vw, 300px\"><\/noscript><img decoding=\"async\" class=\"alignnone size-medium wp-image-18805 lazyload\" src=\"data:image\/svg+xml,%3Csvg%20xmlns%3D%22http%3A%2F%2Fwww.w3.org%2F2000%2Fsvg%22%20viewBox%3D%220%200%20300%20283%22%3E%3C%2Fsvg%3E\" alt width=\"300\" height=\"283\" srcset=\"data:image\/svg+xml,%3Csvg%20xmlns%3D%22http%3A%2F%2Fwww.w3.org%2F2000%2Fsvg%22%20viewBox%3D%220%200%20300%20283%22%3E%3C%2Fsvg%3E 300w\" sizes=\"(max-width: 300px) 100vw, 300px\" data-srcset=\"https:\/\/premiumline-cabling.com\/wp-content\/uploads\/2023\/09\/Floor-Socket-Outlet-3-Port_d2-300x283.jpg 300w, https:\/\/premiumline-cabling.com\/wp-content\/uploads\/2023\/09\/Floor-Socket-Outlet-3-Port_d2.jpg 483w\" data-src=\"https:\/\/premiumline-cabling.com\/wp-content\/uploads\/2023\/09\/Floor-Socket-Outlet-3-Port_d2-300x283.jpg\"><\/strong><\/h3>\n<p><iframe title=\"Brief overview of Floor Socket Outlet 3-Port\" width=\"500\" height=\"281\" src=\"https:\/\/www.youtube.com\/embed\/Ti4zByP2ymc?feature=oembed\" frameborder=\"0\" allow=\"accelerometer; autoplay; clipboard-write; encrypted-media; gyroscope; picture-in-picture; web-share\" referrerpolicy=\"strict-origin-when-cross-origin\" allowfullscreen><\/iframe><\/p>\n<h3>CARACT\u00c9RISTIQUES :<\/h3>\n<table>\n<tbody>\n<tr>\n<td colspan=\"2\" width=\"198\">Objet<\/td>\n<td width=\"189\">Ch\u00e2ssis dor\u00e9<\/td>\n<td width=\"189\">Ch\u00e2ssis argent\u00e9<\/td>\n<\/tr>\n<tr>\n<td rowspan=\"2\" width=\"94\">Plaque frontale<\/td>\n<td width=\"104\">Mat\u00e9riau<\/td>\n<td width=\"189\">Cuivre-Alliage d\u2019aluminium<\/td>\n<td width=\"189\">Inox<\/td>\n<\/tr>\n<tr>\n<td width=\"104\">Dimension<\/td>\n<td width=\"189\">120*120mm<\/td>\n<td width=\"189\">120*120mm<\/td>\n<\/tr>\n<tr>\n<td rowspan=\"2\" width=\"94\">Bo\u00eete inf\u00e9rieure<\/td>\n<td width=\"104\">Mat\u00e9riau<\/td>\n<td width=\"189\">SECC<\/td>\n<td width=\"189\">SECC<\/td>\n<\/tr>\n<tr>\n<td width=\"104\">Dimension<\/td>\n<td width=\"189\">100*100*54mm<\/td>\n<td width=\"189\">100*100*54mm<\/td>\n<\/tr>\n<\/tbody>\n<\/table>\n<h3>DESSIN :<\/h3>\n<p><noscript><img decoding=\"async\" class=\"aligncenter wp-image-18811 size-full\" src=\"https:\/\/premiumline-cabling.com\/wp-content\/uploads\/2023\/09\/Floor-Socket-Outlet-3-Port_dr1.jpg\" alt width=\"735\" height=\"442\" srcset=\"https:\/\/premiumline-cabling.com\/wp-content\/uploads\/2023\/09\/Floor-Socket-Outlet-3-Port_dr1.jpg 735w, https:\/\/premiumline-cabling.com\/wp-content\/uploads\/2023\/09\/Floor-Socket-Outlet-3-Port_dr1-300x180.jpg 300w\" sizes=\"(max-width: 735px) 100vw, 735px\"><\/noscript><img decoding=\"async\" class=\"aligncenter wp-image-18811 size-full lazyload\" src=\"data:image\/svg+xml,%3Csvg%20xmlns%3D%22http%3A%2F%2Fwww.w3.org%2F2000%2Fsvg%22%20viewBox%3D%220%200%20735%20442%22%3E%3C%2Fsvg%3E\" alt width=\"735\" height=\"442\" srcset=\"data:image\/svg+xml,%3Csvg%20xmlns%3D%22http%3A%2F%2Fwww.w3.org%2F2000%2Fsvg%22%20viewBox%3D%220%200%20735%20442%22%3E%3C%2Fsvg%3E 735w\" sizes=\"(max-width: 735px) 100vw, 735px\" data-srcset=\"https:\/\/premiumline-cabling.com\/wp-content\/uploads\/2023\/09\/Floor-Socket-Outlet-3-Port_dr1.jpg 735w, https:\/\/premiumline-cabling.com\/wp-content\/uploads\/2023\/09\/Floor-Socket-Outlet-3-Port_dr1-300x180.jpg 300w\" data-src=\"https:\/\/premiumline-cabling.com\/wp-content\/uploads\/2023\/09\/Floor-Socket-Outlet-3-Port_dr1.jpg\"><\/p>\n<h3><noscript><img decoding=\"async\" class=\"aligncenter wp-image-18817 size-full\" src=\"https:\/\/premiumline-cabling.com\/wp-content\/uploads\/2023\/09\/Floor-Socket-Outlet-3-Port_dr2.jpg\" alt width=\"661\" height=\"357\" srcset=\"https:\/\/premiumline-cabling.com\/wp-content\/uploads\/2023\/09\/Floor-Socket-Outlet-3-Port_dr2.jpg 661w, https:\/\/premiumline-cabling.com\/wp-content\/uploads\/2023\/09\/Floor-Socket-Outlet-3-Port_dr2-300x162.jpg 300w\" sizes=\"(max-width: 661px) 100vw, 661px\"><\/noscript><img decoding=\"async\" class=\"aligncenter wp-image-18817 size-full lazyload\" src=\"data:image\/svg+xml,%3Csvg%20xmlns%3D%22http%3A%2F%2Fwww.w3.org%2F2000%2Fsvg%22%20viewBox%3D%220%200%20661%20357%22%3E%3C%2Fsvg%3E\" alt width=\"661\" height=\"357\" srcset=\"data:image\/svg+xml,%3Csvg%20xmlns%3D%22http%3A%2F%2Fwww.w3.org%2F2000%2Fsvg%22%20viewBox%3D%220%200%20661%20357%22%3E%3C%2Fsvg%3E 661w\" sizes=\"(max-width: 661px) 100vw, 661px\" data-srcset=\"https:\/\/premiumline-cabling.com\/wp-content\/uploads\/2023\/09\/Floor-Socket-Outlet-3-Port_dr2.jpg 661w, https:\/\/premiumline-cabling.com\/wp-content\/uploads\/2023\/09\/Floor-Socket-Outlet-3-Port_dr2-300x162.jpg 300w\" data-src=\"https:\/\/premiumline-cabling.com\/wp-content\/uploads\/2023\/09\/Floor-Socket-Outlet-3-Port_dr2.jpg\">LES INFORMATIONS RELATIVES \u00c0 LA COMMANDE :<\/h3>\n<table>\n<tbody>\n<tr>\n<td width=\"151\">N\u00b0 de pi\u00e8ce<\/td>\n<td width=\"472\">1130073&#215;0<\/td>\n<\/tr>\n<tr>\n<td width=\"151\">Description<\/td>\n<td width=\"472\">Prise de sol \u00e0 ressort, 3 ports<\/td>\n<\/tr>\n<tr>\n<td width=\"151\">x : couleur<\/td>\n<td width=\"472\">5 : Ch\u00e2ssis argent\u00e9 6 : Ch\u00e2ssis dor\u00e9<\/td>\n<\/tr>\n<tr>\n<td width=\"151\">Emballage?<\/td>\n<td width=\"472\">1 pc\/bo\u00eete, 20 pcs\/carton, taille de carton : 41*26*27cm<\/td>\n<\/tr>\n<\/tbody>\n<\/table>\n","protected":false},"featured_media":20067,"template":"","product_category":[408],"class_list":["post-20060","product","type-product","status-publish","has-post-thumbnail","hentry","product_category-plastron"],"yoast_head":"<!-- This site is optimized with the Yoast SEO plugin v27.4 - https:\/\/yoast.com\/product\/yoast-seo-wordpress\/ -->\n<title>Premium-Line Prise de sol \u00e0 ressort, 3 ports<\/title>\n<meta name=\"description\" content=\"Conception pop-up, facilit\u00e9 d&#039;utilisation et protection efficace de la structure interne de la douille. Construction \u00e9tanche \u00e0 l&#039;eau et \u00e0 la poussi\u00e8re.\" \/>\n<meta name=\"robots\" content=\"index, follow, max-snippet:-1, max-image-preview:large, max-video-preview:-1\" \/>\n<link rel=\"canonical\" href=\"https:\/\/premiumline-cabling.com\/fr\/product\/prise-de-sol-3-ports\/\" \/>\n<meta property=\"og:locale\" content=\"fr_FR\" \/>\n<meta property=\"og:type\" content=\"article\" \/>\n<meta property=\"og:title\" content=\"Premium-Line Prise de sol \u00e0 ressort, 3 ports\" \/>\n<meta property=\"og:description\" content=\"Conception pop-up, facilit\u00e9 d&#039;utilisation et protection efficace de la structure interne de la douille. Construction \u00e9tanche \u00e0 l&#039;eau et \u00e0 la poussi\u00e8re.\" \/>\n<meta property=\"og:url\" content=\"https:\/\/premiumline-cabling.com\/fr\/product\/prise-de-sol-3-ports\/\" \/>\n<meta property=\"og:site_name\" content=\"Premium-Line\" \/>\n<meta property=\"article:modified_time\" content=\"2024-01-18T11:47:07+00:00\" \/>\n<meta property=\"og:image\" content=\"https:\/\/premiumline-cabling.com\/wp-content\/uploads\/2023\/09\/Floor-Socket-Outlet-3-Port_d3.jpg\" \/>\n\t<meta property=\"og:image:width\" content=\"595\" \/>\n\t<meta property=\"og:image:height\" content=\"594\" \/>\n\t<meta property=\"og:image:type\" content=\"image\/jpeg\" \/>\n<meta name=\"twitter:card\" content=\"summary_large_image\" \/>\n<meta name=\"twitter:label1\" content=\"Dur\u00e9e de lecture estim\u00e9e\" \/>\n\t<meta name=\"twitter:data1\" content=\"2 minutes\" \/>\n<script type=\"application\/ld+json\" class=\"yoast-schema-graph\">{\"@context\":\"https:\\\/\\\/schema.org\",\"@graph\":[{\"@type\":\"WebPage\",\"@id\":\"https:\\\/\\\/premiumline-cabling.com\\\/fr\\\/product\\\/prise-de-sol-3-ports\\\/\",\"url\":\"https:\\\/\\\/premiumline-cabling.com\\\/fr\\\/product\\\/prise-de-sol-3-ports\\\/\",\"name\":\"Premium-Line Prise de sol \u00e0 ressort, 3 ports\",\"isPartOf\":{\"@id\":\"https:\\\/\\\/premiumline-cabling.com\\\/#website\"},\"primaryImageOfPage\":{\"@id\":\"https:\\\/\\\/premiumline-cabling.com\\\/fr\\\/product\\\/prise-de-sol-3-ports\\\/#primaryimage\"},\"image\":{\"@id\":\"https:\\\/\\\/premiumline-cabling.com\\\/fr\\\/product\\\/prise-de-sol-3-ports\\\/#primaryimage\"},\"thumbnailUrl\":\"https:\\\/\\\/premiumline-cabling.com\\\/wp-content\\\/uploads\\\/2023\\\/09\\\/Floor-Socket-Outlet-3-Port_d3.jpg\",\"datePublished\":\"2023-09-26T16:00:11+00:00\",\"dateModified\":\"2024-01-18T11:47:07+00:00\",\"description\":\"Conception pop-up, facilit\u00e9 d'utilisation et protection efficace de la structure interne de la douille. Construction \u00e9tanche \u00e0 l'eau et \u00e0 la poussi\u00e8re.\",\"breadcrumb\":{\"@id\":\"https:\\\/\\\/premiumline-cabling.com\\\/fr\\\/product\\\/prise-de-sol-3-ports\\\/#breadcrumb\"},\"inLanguage\":\"fr-FR\",\"potentialAction\":[{\"@type\":\"ReadAction\",\"target\":[\"https:\\\/\\\/premiumline-cabling.com\\\/fr\\\/product\\\/prise-de-sol-3-ports\\\/\"]}]},{\"@type\":\"ImageObject\",\"inLanguage\":\"fr-FR\",\"@id\":\"https:\\\/\\\/premiumline-cabling.com\\\/fr\\\/product\\\/prise-de-sol-3-ports\\\/#primaryimage\",\"url\":\"https:\\\/\\\/premiumline-cabling.com\\\/wp-content\\\/uploads\\\/2023\\\/09\\\/Floor-Socket-Outlet-3-Port_d3.jpg\",\"contentUrl\":\"https:\\\/\\\/premiumline-cabling.com\\\/wp-content\\\/uploads\\\/2023\\\/09\\\/Floor-Socket-Outlet-3-Port_d3.jpg\",\"width\":595,\"height\":594},{\"@type\":\"BreadcrumbList\",\"@id\":\"https:\\\/\\\/premiumline-cabling.com\\\/fr\\\/product\\\/prise-de-sol-3-ports\\\/#breadcrumb\",\"itemListElement\":[{\"@type\":\"ListItem\",\"position\":1,\"name\":\"\u0413\u043b\u0430\u0432\u043d\u0430\u044f \u0441\u0442\u0440\u0430\u043d\u0438\u0446\u0430\",\"item\":\"https:\\\/\\\/premiumline-cabling.com\\\/fr\\\/\"},{\"@type\":\"ListItem\",\"position\":2,\"name\":\"Prise de sol 3 ports\"}]},{\"@type\":\"WebSite\",\"@id\":\"https:\\\/\\\/premiumline-cabling.com\\\/#website\",\"url\":\"https:\\\/\\\/premiumline-cabling.com\\\/\",\"name\":\"Premium-Line\",\"description\":\"Structured Cabling System\",\"publisher\":{\"@id\":\"https:\\\/\\\/premiumline-cabling.com\\\/#organization\"},\"potentialAction\":[{\"@type\":\"SearchAction\",\"target\":{\"@type\":\"EntryPoint\",\"urlTemplate\":\"https:\\\/\\\/premiumline-cabling.com\\\/?s={search_term_string}\"},\"query-input\":{\"@type\":\"PropertyValueSpecification\",\"valueRequired\":true,\"valueName\":\"search_term_string\"}}],\"inLanguage\":\"fr-FR\"},{\"@type\":\"Organization\",\"@id\":\"https:\\\/\\\/premiumline-cabling.com\\\/#organization\",\"name\":\"Premium-Line\",\"url\":\"https:\\\/\\\/premiumline-cabling.com\\\/\",\"logo\":{\"@type\":\"ImageObject\",\"inLanguage\":\"fr-FR\",\"@id\":\"https:\\\/\\\/premiumline-cabling.com\\\/#\\\/schema\\\/logo\\\/image\\\/\",\"url\":\"https:\\\/\\\/premiumline-cabling.com\\\/wp-content\\\/uploads\\\/2019\\\/04\\\/cropped-img_logo_site_Premium-Line.png\",\"contentUrl\":\"https:\\\/\\\/premiumline-cabling.com\\\/wp-content\\\/uploads\\\/2019\\\/04\\\/cropped-img_logo_site_Premium-Line.png\",\"width\":190,\"height\":62,\"caption\":\"Premium-Line\"},\"image\":{\"@id\":\"https:\\\/\\\/premiumline-cabling.com\\\/#\\\/schema\\\/logo\\\/image\\\/\"}}]}<\/script>\n<!-- \/ Yoast SEO plugin. -->","yoast_head_json":{"title":"Premium-Line Prise de sol \u00e0 ressort, 3 ports","description":"Conception pop-up, facilit\u00e9 d'utilisation et protection efficace de la structure interne de la douille. Construction \u00e9tanche \u00e0 l'eau et \u00e0 la poussi\u00e8re.","robots":{"index":"index","follow":"follow","max-snippet":"max-snippet:-1","max-image-preview":"max-image-preview:large","max-video-preview":"max-video-preview:-1"},"canonical":"https:\/\/premiumline-cabling.com\/fr\/product\/prise-de-sol-3-ports\/","og_locale":"fr_FR","og_type":"article","og_title":"Premium-Line Prise de sol \u00e0 ressort, 3 ports","og_description":"Conception pop-up, facilit\u00e9 d'utilisation et protection efficace de la structure interne de la douille. Construction \u00e9tanche \u00e0 l'eau et \u00e0 la poussi\u00e8re.","og_url":"https:\/\/premiumline-cabling.com\/fr\/product\/prise-de-sol-3-ports\/","og_site_name":"Premium-Line","article_modified_time":"2024-01-18T11:47:07+00:00","og_image":[{"width":595,"height":594,"url":"https:\/\/premiumline-cabling.com\/wp-content\/uploads\/2023\/09\/Floor-Socket-Outlet-3-Port_d3.jpg","type":"image\/jpeg"}],"twitter_card":"summary_large_image","twitter_misc":{"Dur\u00e9e de lecture estim\u00e9e":"2 minutes"},"schema":{"@context":"https:\/\/schema.org","@graph":[{"@type":"WebPage","@id":"https:\/\/premiumline-cabling.com\/fr\/product\/prise-de-sol-3-ports\/","url":"https:\/\/premiumline-cabling.com\/fr\/product\/prise-de-sol-3-ports\/","name":"Premium-Line Prise de sol \u00e0 ressort, 3 ports","isPartOf":{"@id":"https:\/\/premiumline-cabling.com\/#website"},"primaryImageOfPage":{"@id":"https:\/\/premiumline-cabling.com\/fr\/product\/prise-de-sol-3-ports\/#primaryimage"},"image":{"@id":"https:\/\/premiumline-cabling.com\/fr\/product\/prise-de-sol-3-ports\/#primaryimage"},"thumbnailUrl":"https:\/\/premiumline-cabling.com\/wp-content\/uploads\/2023\/09\/Floor-Socket-Outlet-3-Port_d3.jpg","datePublished":"2023-09-26T16:00:11+00:00","dateModified":"2024-01-18T11:47:07+00:00","description":"Conception pop-up, facilit\u00e9 d'utilisation et protection efficace de la structure interne de la douille. Construction \u00e9tanche \u00e0 l'eau et \u00e0 la poussi\u00e8re.","breadcrumb":{"@id":"https:\/\/premiumline-cabling.com\/fr\/product\/prise-de-sol-3-ports\/#breadcrumb"},"inLanguage":"fr-FR","potentialAction":[{"@type":"ReadAction","target":["https:\/\/premiumline-cabling.com\/fr\/product\/prise-de-sol-3-ports\/"]}]},{"@type":"ImageObject","inLanguage":"fr-FR","@id":"https:\/\/premiumline-cabling.com\/fr\/product\/prise-de-sol-3-ports\/#primaryimage","url":"https:\/\/premiumline-cabling.com\/wp-content\/uploads\/2023\/09\/Floor-Socket-Outlet-3-Port_d3.jpg","contentUrl":"https:\/\/premiumline-cabling.com\/wp-content\/uploads\/2023\/09\/Floor-Socket-Outlet-3-Port_d3.jpg","width":595,"height":594},{"@type":"BreadcrumbList","@id":"https:\/\/premiumline-cabling.com\/fr\/product\/prise-de-sol-3-ports\/#breadcrumb","itemListElement":[{"@type":"ListItem","position":1,"name":"\u0413\u043b\u0430\u0432\u043d\u0430\u044f \u0441\u0442\u0440\u0430\u043d\u0438\u0446\u0430","item":"https:\/\/premiumline-cabling.com\/fr\/"},{"@type":"ListItem","position":2,"name":"Prise de sol 3 ports"}]},{"@type":"WebSite","@id":"https:\/\/premiumline-cabling.com\/#website","url":"https:\/\/premiumline-cabling.com\/","name":"Premium-Line","description":"Structured Cabling System","publisher":{"@id":"https:\/\/premiumline-cabling.com\/#organization"},"potentialAction":[{"@type":"SearchAction","target":{"@type":"EntryPoint","urlTemplate":"https:\/\/premiumline-cabling.com\/?s={search_term_string}"},"query-input":{"@type":"PropertyValueSpecification","valueRequired":true,"valueName":"search_term_string"}}],"inLanguage":"fr-FR"},{"@type":"Organization","@id":"https:\/\/premiumline-cabling.com\/#organization","name":"Premium-Line","url":"https:\/\/premiumline-cabling.com\/","logo":{"@type":"ImageObject","inLanguage":"fr-FR","@id":"https:\/\/premiumline-cabling.com\/#\/schema\/logo\/image\/","url":"https:\/\/premiumline-cabling.com\/wp-content\/uploads\/2019\/04\/cropped-img_logo_site_Premium-Line.png","contentUrl":"https:\/\/premiumline-cabling.com\/wp-content\/uploads\/2019\/04\/cropped-img_logo_site_Premium-Line.png","width":190,"height":62,"caption":"Premium-Line"},"image":{"@id":"https:\/\/premiumline-cabling.com\/#\/schema\/logo\/image\/"}}]}},"_links":{"self":[{"href":"https:\/\/premiumline-cabling.com\/fr\/wp-json\/wp\/v2\/product\/20060","targetHints":{"allow":["GET"]}}],"collection":[{"href":"https:\/\/premiumline-cabling.com\/fr\/wp-json\/wp\/v2\/product"}],"about":[{"href":"https:\/\/premiumline-cabling.com\/fr\/wp-json\/wp\/v2\/types\/product"}],"wp:featuredmedia":[{"embeddable":true,"href":"https:\/\/premiumline-cabling.com\/fr\/wp-json\/wp\/v2\/media\/20067"}],"wp:attachment":[{"href":"https:\/\/premiumline-cabling.com\/fr\/wp-json\/wp\/v2\/media?parent=20060"}],"wp:term":[{"taxonomy":"product_category","embeddable":true,"href":"https:\/\/premiumline-cabling.com\/fr\/wp-json\/wp\/v2\/product_category?post=20060"}],"curies":[{"name":"wp","href":"https:\/\/api.w.org\/{rel}","templated":true}]}}