{"id":20059,"date":"2019-02-13T12:46:51","date_gmt":"2019-02-13T11:46:51","guid":{"rendered":"https:\/\/premiumline-cabling.com\/product\/coupleur-en-ligne\/"},"modified":"2019-02-13T12:46:51","modified_gmt":"2019-02-13T11:46:51","slug":"coupleur-en-ligne","status":"publish","type":"product","link":"https:\/\/premiumline-cabling.com\/fr\/product\/coupleur-en-ligne\/","title":{"rendered":"Coupleur en ligne"},"content":{"rendered":"<p><noscript><img decoding=\"async\" class=\"alignright size-full wp-image-974\" src=\"https:\/\/premiumline-cabling.com\/wp-content\/uploads\/2019\/02\/img-PL_in-line-coupler1.jpg\" alt width=\"283\" height=\"220\"><\/noscript><img decoding=\"async\" class=\"alignright size-full wp-image-974 lazyload\" src=\"data:image\/svg+xml,%3Csvg%20xmlns%3D%22http%3A%2F%2Fwww.w3.org%2F2000%2Fsvg%22%20viewBox%3D%220%200%20283%20220%22%3E%3C%2Fsvg%3E\" alt width=\"283\" height=\"220\" data-src=\"https:\/\/premiumline-cabling.com\/wp-content\/uploads\/2019\/02\/img-PL_in-line-coupler1.jpg\">Notre coupleur en ligne Cat\u00e9gorie 5e est id\u00e9al pour relier une sortie de c\u00e2ble r\u00e9seau ou simplement pour \u00e9tendre vos c\u00e2bles de raccordement. Ils sont capables de g\u00e9rer des vitesses LAN allant jusqu&#8217;\u00e0 1000Mbs. Le coupleur est conforme aux sp\u00e9cifications TIA\/EIA 568A et ISO\/IEC DIS 11801 Cat\u00e9gorie 5e, et est certifi\u00e9 Cat 5e &amp; Power Sum. Ils sont disponibles en version blind\u00e9e ou non blind\u00e9e pour r\u00e9pondre \u00e0 vos besoins.<\/p>\n<p><strong>Caract\u00e9ristiques :<\/strong><\/p>\n<ul>\n<li>Joindre deux cordons de raccordement<\/li>\n<li>Tout droit<\/li>\n<li>Prolonger les cordons de raccordement de la cat\u00e9gorie 5e\/6 sans perdre les performances de la cat\u00e9gorie 5e\/6<\/li>\n<li>Version Keystone<\/li>\n<\/ul>\n<p><strong>Coupleur en ligne<\/strong><\/p>\n<table width=\"100%\">\n<thead>\n<tr>\n<td><strong>PART NO.<\/strong><\/td>\n<td><strong>DESCRIPTION<\/strong><\/td>\n<\/tr>\n<\/thead>\n<tbody>\n<tr>\n<td>197510002<\/td>\n<td>Coupleur en ligne non blind\u00e9 de cat\u00e9gorie 5e, type Keystone, noir<\/td>\n<\/tr>\n<tr>\n<td>197610002<\/td>\n<td>Cat\u00e9gorie 6 Coupleur en ligne non blind\u00e9, type Keystone, noir<\/td>\n<\/tr>\n<\/tbody>\n<\/table>\n<p>&nbsp;<\/p>\n","protected":false},"featured_media":20062,"template":"","product_category":[409],"class_list":["post-20059","product","type-product","status-publish","has-post-thumbnail","hentry","product_category-outils-et-accessoires"],"yoast_head":"<!-- This site is optimized with the Yoast SEO plugin v27.2 - https:\/\/yoast.com\/product\/yoast-seo-wordpress\/ -->\n<title>Coupleur en ligne Premium-Line<\/title>\n<meta name=\"description\" content=\"Notre coupleur en ligne Cat\u00e9gorie 5e est id\u00e9al pour relier une sortie de c\u00e2ble r\u00e9seau ou simplement pour \u00e9tendre vos c\u00e2bles de raccordement. En savoir plus !\" \/>\n<meta name=\"robots\" content=\"index, follow, max-snippet:-1, max-image-preview:large, max-video-preview:-1\" \/>\n<link rel=\"canonical\" href=\"https:\/\/premiumline-cabling.com\/fr\/product\/coupleur-en-ligne\/\" \/>\n<meta property=\"og:locale\" content=\"fr_FR\" \/>\n<meta property=\"og:type\" content=\"article\" \/>\n<meta property=\"og:title\" content=\"Coupleur en ligne Premium-Line\" \/>\n<meta property=\"og:description\" content=\"Notre coupleur en ligne Cat\u00e9gorie 5e est id\u00e9al pour relier une sortie de c\u00e2ble r\u00e9seau ou simplement pour \u00e9tendre vos c\u00e2bles de raccordement. En savoir plus !\" \/>\n<meta property=\"og:url\" content=\"https:\/\/premiumline-cabling.com\/fr\/product\/coupleur-en-ligne\/\" \/>\n<meta property=\"og:site_name\" content=\"Premium-Line\" \/>\n<meta property=\"og:image\" content=\"https:\/\/premiumline-cabling.com\/wp-content\/uploads\/2019\/02\/img-PL_in-line-coupler1.jpg\" \/>\n\t<meta property=\"og:image:width\" content=\"283\" \/>\n\t<meta property=\"og:image:height\" content=\"220\" \/>\n\t<meta property=\"og:image:type\" content=\"image\/jpeg\" \/>\n<meta name=\"twitter:card\" content=\"summary_large_image\" \/>\n<meta name=\"twitter:label1\" content=\"Dur\u00e9e de lecture estim\u00e9e\" \/>\n\t<meta name=\"twitter:data1\" content=\"1 minute\" \/>\n<script type=\"application\/ld+json\" class=\"yoast-schema-graph\">{\"@context\":\"https:\/\/schema.org\",\"@graph\":[{\"@type\":\"WebPage\",\"@id\":\"https:\/\/premiumline-cabling.com\/fr\/product\/coupleur-en-ligne\/\",\"url\":\"https:\/\/premiumline-cabling.com\/fr\/product\/coupleur-en-ligne\/\",\"name\":\"Coupleur en ligne Premium-Line\",\"isPartOf\":{\"@id\":\"https:\/\/premiumline-cabling.com\/#website\"},\"primaryImageOfPage\":{\"@id\":\"https:\/\/premiumline-cabling.com\/fr\/product\/coupleur-en-ligne\/#primaryimage\"},\"image\":{\"@id\":\"https:\/\/premiumline-cabling.com\/fr\/product\/coupleur-en-ligne\/#primaryimage\"},\"thumbnailUrl\":\"https:\/\/premiumline-cabling.com\/wp-content\/uploads\/2019\/02\/img-PL_in-line-coupler1.jpg\",\"datePublished\":\"2019-02-13T11:46:51+00:00\",\"description\":\"Notre coupleur en ligne Cat\u00e9gorie 5e est id\u00e9al pour relier une sortie de c\u00e2ble r\u00e9seau ou simplement pour \u00e9tendre vos c\u00e2bles de raccordement. En savoir plus !\",\"breadcrumb\":{\"@id\":\"https:\/\/premiumline-cabling.com\/fr\/product\/coupleur-en-ligne\/#breadcrumb\"},\"inLanguage\":\"fr-FR\",\"potentialAction\":[{\"@type\":\"ReadAction\",\"target\":[\"https:\/\/premiumline-cabling.com\/fr\/product\/coupleur-en-ligne\/\"]}]},{\"@type\":\"ImageObject\",\"inLanguage\":\"fr-FR\",\"@id\":\"https:\/\/premiumline-cabling.com\/fr\/product\/coupleur-en-ligne\/#primaryimage\",\"url\":\"https:\/\/premiumline-cabling.com\/wp-content\/uploads\/2019\/02\/img-PL_in-line-coupler1.jpg\",\"contentUrl\":\"https:\/\/premiumline-cabling.com\/wp-content\/uploads\/2019\/02\/img-PL_in-line-coupler1.jpg\",\"width\":283,\"height\":220},{\"@type\":\"BreadcrumbList\",\"@id\":\"https:\/\/premiumline-cabling.com\/fr\/product\/coupleur-en-ligne\/#breadcrumb\",\"itemListElement\":[{\"@type\":\"ListItem\",\"position\":1,\"name\":\"\u0413\u043b\u0430\u0432\u043d\u0430\u044f \u0441\u0442\u0440\u0430\u043d\u0438\u0446\u0430\",\"item\":\"https:\/\/premiumline-cabling.com\/fr\/\"},{\"@type\":\"ListItem\",\"position\":2,\"name\":\"Coupleur en ligne\"}]},{\"@type\":\"WebSite\",\"@id\":\"https:\/\/premiumline-cabling.com\/#website\",\"url\":\"https:\/\/premiumline-cabling.com\/\",\"name\":\"Premium-Line\",\"description\":\"Structured Cabling System\",\"publisher\":{\"@id\":\"https:\/\/premiumline-cabling.com\/#organization\"},\"potentialAction\":[{\"@type\":\"SearchAction\",\"target\":{\"@type\":\"EntryPoint\",\"urlTemplate\":\"https:\/\/premiumline-cabling.com\/?s={search_term_string}\"},\"query-input\":{\"@type\":\"PropertyValueSpecification\",\"valueRequired\":true,\"valueName\":\"search_term_string\"}}],\"inLanguage\":\"fr-FR\"},{\"@type\":\"Organization\",\"@id\":\"https:\/\/premiumline-cabling.com\/#organization\",\"name\":\"Premium-Line\",\"url\":\"https:\/\/premiumline-cabling.com\/\",\"logo\":{\"@type\":\"ImageObject\",\"inLanguage\":\"fr-FR\",\"@id\":\"https:\/\/premiumline-cabling.com\/#\/schema\/logo\/image\/\",\"url\":\"https:\/\/premiumline-cabling.com\/wp-content\/uploads\/2019\/04\/cropped-img_logo_site_Premium-Line.png\",\"contentUrl\":\"https:\/\/premiumline-cabling.com\/wp-content\/uploads\/2019\/04\/cropped-img_logo_site_Premium-Line.png\",\"width\":190,\"height\":62,\"caption\":\"Premium-Line\"},\"image\":{\"@id\":\"https:\/\/premiumline-cabling.com\/#\/schema\/logo\/image\/\"}}]}<\/script>\n<!-- \/ Yoast SEO plugin. -->","yoast_head_json":{"title":"Coupleur en ligne Premium-Line","description":"Notre coupleur en ligne Cat\u00e9gorie 5e est id\u00e9al pour relier une sortie de c\u00e2ble r\u00e9seau ou simplement pour \u00e9tendre vos c\u00e2bles de raccordement. En savoir plus !","robots":{"index":"index","follow":"follow","max-snippet":"max-snippet:-1","max-image-preview":"max-image-preview:large","max-video-preview":"max-video-preview:-1"},"canonical":"https:\/\/premiumline-cabling.com\/fr\/product\/coupleur-en-ligne\/","og_locale":"fr_FR","og_type":"article","og_title":"Coupleur en ligne Premium-Line","og_description":"Notre coupleur en ligne Cat\u00e9gorie 5e est id\u00e9al pour relier une sortie de c\u00e2ble r\u00e9seau ou simplement pour \u00e9tendre vos c\u00e2bles de raccordement. En savoir plus !","og_url":"https:\/\/premiumline-cabling.com\/fr\/product\/coupleur-en-ligne\/","og_site_name":"Premium-Line","og_image":[{"width":283,"height":220,"url":"https:\/\/premiumline-cabling.com\/wp-content\/uploads\/2019\/02\/img-PL_in-line-coupler1.jpg","type":"image\/jpeg"}],"twitter_card":"summary_large_image","twitter_misc":{"Dur\u00e9e de lecture estim\u00e9e":"1 minute"},"schema":{"@context":"https:\/\/schema.org","@graph":[{"@type":"WebPage","@id":"https:\/\/premiumline-cabling.com\/fr\/product\/coupleur-en-ligne\/","url":"https:\/\/premiumline-cabling.com\/fr\/product\/coupleur-en-ligne\/","name":"Coupleur en ligne Premium-Line","isPartOf":{"@id":"https:\/\/premiumline-cabling.com\/#website"},"primaryImageOfPage":{"@id":"https:\/\/premiumline-cabling.com\/fr\/product\/coupleur-en-ligne\/#primaryimage"},"image":{"@id":"https:\/\/premiumline-cabling.com\/fr\/product\/coupleur-en-ligne\/#primaryimage"},"thumbnailUrl":"https:\/\/premiumline-cabling.com\/wp-content\/uploads\/2019\/02\/img-PL_in-line-coupler1.jpg","datePublished":"2019-02-13T11:46:51+00:00","description":"Notre coupleur en ligne Cat\u00e9gorie 5e est id\u00e9al pour relier une sortie de c\u00e2ble r\u00e9seau ou simplement pour \u00e9tendre vos c\u00e2bles de raccordement. En savoir plus !","breadcrumb":{"@id":"https:\/\/premiumline-cabling.com\/fr\/product\/coupleur-en-ligne\/#breadcrumb"},"inLanguage":"fr-FR","potentialAction":[{"@type":"ReadAction","target":["https:\/\/premiumline-cabling.com\/fr\/product\/coupleur-en-ligne\/"]}]},{"@type":"ImageObject","inLanguage":"fr-FR","@id":"https:\/\/premiumline-cabling.com\/fr\/product\/coupleur-en-ligne\/#primaryimage","url":"https:\/\/premiumline-cabling.com\/wp-content\/uploads\/2019\/02\/img-PL_in-line-coupler1.jpg","contentUrl":"https:\/\/premiumline-cabling.com\/wp-content\/uploads\/2019\/02\/img-PL_in-line-coupler1.jpg","width":283,"height":220},{"@type":"BreadcrumbList","@id":"https:\/\/premiumline-cabling.com\/fr\/product\/coupleur-en-ligne\/#breadcrumb","itemListElement":[{"@type":"ListItem","position":1,"name":"\u0413\u043b\u0430\u0432\u043d\u0430\u044f \u0441\u0442\u0440\u0430\u043d\u0438\u0446\u0430","item":"https:\/\/premiumline-cabling.com\/fr\/"},{"@type":"ListItem","position":2,"name":"Coupleur en ligne"}]},{"@type":"WebSite","@id":"https:\/\/premiumline-cabling.com\/#website","url":"https:\/\/premiumline-cabling.com\/","name":"Premium-Line","description":"Structured Cabling System","publisher":{"@id":"https:\/\/premiumline-cabling.com\/#organization"},"potentialAction":[{"@type":"SearchAction","target":{"@type":"EntryPoint","urlTemplate":"https:\/\/premiumline-cabling.com\/?s={search_term_string}"},"query-input":{"@type":"PropertyValueSpecification","valueRequired":true,"valueName":"search_term_string"}}],"inLanguage":"fr-FR"},{"@type":"Organization","@id":"https:\/\/premiumline-cabling.com\/#organization","name":"Premium-Line","url":"https:\/\/premiumline-cabling.com\/","logo":{"@type":"ImageObject","inLanguage":"fr-FR","@id":"https:\/\/premiumline-cabling.com\/#\/schema\/logo\/image\/","url":"https:\/\/premiumline-cabling.com\/wp-content\/uploads\/2019\/04\/cropped-img_logo_site_Premium-Line.png","contentUrl":"https:\/\/premiumline-cabling.com\/wp-content\/uploads\/2019\/04\/cropped-img_logo_site_Premium-Line.png","width":190,"height":62,"caption":"Premium-Line"},"image":{"@id":"https:\/\/premiumline-cabling.com\/#\/schema\/logo\/image\/"}}]}},"_links":{"self":[{"href":"https:\/\/premiumline-cabling.com\/fr\/wp-json\/wp\/v2\/product\/20059","targetHints":{"allow":["GET"]}}],"collection":[{"href":"https:\/\/premiumline-cabling.com\/fr\/wp-json\/wp\/v2\/product"}],"about":[{"href":"https:\/\/premiumline-cabling.com\/fr\/wp-json\/wp\/v2\/types\/product"}],"wp:featuredmedia":[{"embeddable":true,"href":"https:\/\/premiumline-cabling.com\/fr\/wp-json\/wp\/v2\/media\/20062"}],"wp:attachment":[{"href":"https:\/\/premiumline-cabling.com\/fr\/wp-json\/wp\/v2\/media?parent=20059"}],"wp:term":[{"taxonomy":"product_category","embeddable":true,"href":"https:\/\/premiumline-cabling.com\/fr\/wp-json\/wp\/v2\/product_category?post=20059"}],"curies":[{"name":"wp","href":"https:\/\/api.w.org\/{rel}","templated":true}]}}