{"id":19879,"date":"2019-02-13T19:11:21","date_gmt":"2019-02-13T18:11:21","guid":{"rendered":"https:\/\/premiumline-cabling.com\/product\/chat-5e-sortie-blindee\/"},"modified":"2026-01-15T16:24:52","modified_gmt":"2026-01-15T15:24:52","slug":"chat-5e-sortie-blindee","status":"publish","type":"product","link":"https:\/\/premiumline-cabling.com\/fr\/product\/chat-5e-sortie-blindee\/","title":{"rendered":"Cat. 5e Sortie blind\u00e9e"},"content":{"rendered":"<h2>Prise compacte blind\u00e9e Cat.5e, avec obturateur, 80*80mm<\/h2>\n<div id=\"attachment_1006\" style=\"width: 310px\" class=\"wp-caption alignleft\"><noscript><img decoding=\"async\" aria-describedby=\"caption-attachment-1006\" class=\"wp-image-1006 size-full\" src=\"https:\/\/premiumline-cabling.com\/wp-content\/uploads\/2019\/02\/PL_img_compact-outlet-111521280-1.jpg\" alt width=\"300\" height=\"282\"><\/noscript><img decoding=\"async\" aria-describedby=\"caption-attachment-1006\" class=\"wp-image-1006 size-full lazyload\" src=\"data:image\/svg+xml,%3Csvg%20xmlns%3D%22http%3A%2F%2Fwww.w3.org%2F2000%2Fsvg%22%20viewBox%3D%220%200%20300%20282%22%3E%3C%2Fsvg%3E\" alt width=\"300\" height=\"282\" data-src=\"https:\/\/premiumline-cabling.com\/wp-content\/uploads\/2019\/02\/PL_img_compact-outlet-111521280-1.jpg\"><p id=\"caption-attachment-1006\" class=\"wp-caption-text\">111521280<\/p><\/div>\n<p><noscript><img decoding=\"async\" class=\"size-full wp-image-1005 alignnone\" src=\"https:\/\/premiumline-cabling.com\/wp-content\/uploads\/2019\/02\/PL_img_compact-outlet-111521280-2.jpg\" alt width=\"300\" height=\"220\"><\/noscript><img decoding=\"async\" class=\"size-full wp-image-1005 alignnone lazyload\" src=\"data:image\/svg+xml,%3Csvg%20xmlns%3D%22http%3A%2F%2Fwww.w3.org%2F2000%2Fsvg%22%20viewBox%3D%220%200%20300%20220%22%3E%3C%2Fsvg%3E\" alt width=\"300\" height=\"220\" data-src=\"https:\/\/premiumline-cabling.com\/wp-content\/uploads\/2019\/02\/PL_img_compact-outlet-111521280-2.jpg\"><\/p>\n<p>&nbsp;<\/p>\n<p>&nbsp;<\/p>\n<p>&nbsp;<\/p>\n<h3>CARACT\u00c9RISTIQUES :<\/h3>\n<ul>\n<li>Conforme aux sp\u00e9cifications TIA\/EIA-568.2-D, ISO\/IEC 11801-1 et EN 50173-1<\/li>\n<li>Prise en charge du c\u00e2blage T568A et B et installation facile<\/li>\n<li>Le connecteur IDC double type peut accepter des c\u00e2bles solides et toronn\u00e9s de 22-26 AWG<\/li>\n<li>Taille standard uniforme des caract\u00e8res allemands<\/li>\n<li>Structure de port inclin\u00e9e \u00e0 45\u00b0, facile \u00e0 brancher<\/li>\n<li>Terminer \u00e0 l&#8217;aide des outils 110 ou Krone<\/li>\n<li>Conception de l&#8217;obturateur \u00e0 l&#8217;\u00e9preuve de la poussi\u00e8re<\/li>\n<li>Conforme \u00e0 la directive RoHS<\/li>\n<\/ul>\n<p>La prise compacte Premium-Line est con\u00e7ue sp\u00e9cialement pour le march\u00e9 europ\u00e9en.<br>\nGr\u00e2ce \u00e0 ses performances \u00e9lectriques \u00e9lev\u00e9es et aux mat\u00e9riaux de haute qualit\u00e9 utilis\u00e9s pour la construction interne et l&#8217;aspect ext\u00e9rieur, il permet une installation facile et fiable sur le terrain ainsi qu&#8217;une application r\u00e9elle \u00e0 long terme. Et en taille finie 80\u00d780mm.<\/p>\n<table>\n<tbody>\n<tr>\n<td style=\"text-align: left;\" colspan=\"2\">Caract\u00e9ristiques physiques<\/td>\n<\/tr>\n<tr>\n<td style=\"text-align: left;\">Assiette<\/td>\n<td style=\"text-align: left;\">ABS, UL94 V-0<\/td>\n<\/tr>\n<tr>\n<td style=\"text-align: left;\">\u00c9tui sup\u00e9rieur et inf\u00e9rieur<\/td>\n<td style=\"text-align: left;\">Alliages de zinc pour le moulage sous pression<\/td>\n<\/tr>\n<tr>\n<td style=\"text-align: left;\">Jack<\/td>\n<td style=\"text-align: left;\">Blind\u00e9 : bronze avec nickelage<\/td>\n<\/tr>\n<tr>\n<td style=\"text-align: left;\"><\/td>\n<td style=\"text-align: left;\">Bo\u00eetier en plastique : thermoplastique technique<\/td>\n<\/tr>\n<tr>\n<td style=\"text-align: left;\">IDC<\/td>\n<td style=\"text-align: left;\">Corps principal : PC, UL94 V-0<\/td>\n<\/tr>\n<tr>\n<td style=\"text-align: left;\"><\/td>\n<td style=\"text-align: left;\">Contacts IDC : 100\u03bc pouces nickel\u00e9s sur bronze phosphoreux<\/td>\n<\/tr>\n<tr>\n<td colspan=\"2\"><\/td>\n<\/tr>\n<tr>\n<td style=\"text-align: left;\" colspan=\"2\">Caract\u00e9ristiques \u00e9lectriques<\/td>\n<\/tr>\n<tr>\n<td style=\"text-align: left;\">Rigidit\u00e9 di\u00e9lectrique<\/td>\n<td style=\"text-align: left;\">1000V RMS pendant 1min<\/td>\n<\/tr>\n<tr>\n<td style=\"text-align: left;\">Valeur nominale actuelle<\/td>\n<td style=\"text-align: left;\">1.5Amp Max.<\/td>\n<\/tr>\n<tr>\n<td style=\"text-align: left;\">R\u00e9sistance de l&#8217;isolation<\/td>\n<td style=\"text-align: left;\">10M\u03a9 Min.<\/td>\n<\/tr>\n<tr>\n<td style=\"text-align: left;\">R\u00e9sistance des contacts<\/td>\n<td style=\"text-align: left;\">2m\u03a9 par contact<\/td>\n<\/tr>\n<tr>\n<td style=\"text-align: left;\">Plage de temp\u00e9rature<\/td>\n<td style=\"text-align: left;\">De -10\u00b0C \u00e0 60\u00b0C<\/td>\n<\/tr>\n<tr>\n<td style=\"text-align: left;\">Humidit\u00e9<\/td>\n<td style=\"text-align: left;\">10%~90% ; sans condensation<\/td>\n<\/tr>\n<\/tbody>\n<\/table>\n<p>Applications<\/p>\n<ul>\n<li>10Base-T, 100Base-TX, 100Base-T4, 1000Base-T<\/li>\n<li>ATM-25\/ATM-51\/ATM-155\/100VG-AnyLan<\/li>\n<li>TR-4\/TR-16 actif\/TR16 passif<\/li>\n<\/ul>\n<p>Tous les produits sont v\u00e9rifi\u00e9s par rapport aux caract\u00e9ristiques \u00e9lectriques requises par la directive.<\/p>\n<p><strong>Prise compacte blind\u00e9e de cat\u00e9gorie 5e<\/strong><\/p>\n<table width=\"100%\">\n<thead>\n<tr>\n<td><strong>PART NO.<\/strong><\/td>\n<td><strong>DESCRIPTION<\/strong><\/td>\n<td><strong>TAILLE DE L&#8217;EMBALLAGE<\/strong><\/td>\n<\/tr>\n<\/thead>\n<tbody>\n<tr>\n<td>111521281<\/td>\n<td style=\"text-align: left;\">Premium-Line Cat.5e prise compacte blind\u00e9e, avec obturateur, 80*80mm, RAL1013<\/td>\n<td>51\u00d729\u00d726,5 cm<\/td>\n<\/tr>\n<tr>\n<td>111521291<\/td>\n<td style=\"text-align: left;\">Premium-Line Cat.5e prise compacte blind\u00e9e, avec obturateur, 80*80mm, RAL9010<\/td>\n<td>51\u00d729\u00d726,5 cm<\/td>\n<\/tr>\n<\/tbody>\n<\/table>\n<p>&nbsp;<\/p>\n","protected":false},"featured_media":19874,"template":"","product_category":[405],"class_list":["post-19879","product","type-product","status-publish","has-post-thumbnail","hentry","product_category-prise-compacte"],"yoast_head":"<!-- This site is optimized with the Yoast SEO plugin v27.4 - https:\/\/yoast.com\/product\/yoast-seo-wordpress\/ -->\n<title>Premium-Line Cat.5e prise compacte blind\u00e9e, avec obturateur, 80*80mm<\/title>\n<meta name=\"description\" content=\"La prise compacte Premium-Line est con\u00e7ue sp\u00e9cialement pour le march\u00e9 europ\u00e9en. Il permet une installation facile et fiable sur le terrain ainsi qu&#039;une application r\u00e9elle \u00e0 long terme.\" \/>\n<meta name=\"robots\" content=\"index, follow, max-snippet:-1, max-image-preview:large, max-video-preview:-1\" \/>\n<link rel=\"canonical\" href=\"https:\/\/premiumline-cabling.com\/fr\/product\/chat-5e-sortie-blindee\/\" \/>\n<meta property=\"og:locale\" content=\"fr_FR\" \/>\n<meta property=\"og:type\" content=\"article\" \/>\n<meta property=\"og:title\" content=\"Premium-Line Cat.5e prise compacte blind\u00e9e, avec obturateur, 80*80mm\" \/>\n<meta property=\"og:description\" content=\"La prise compacte Premium-Line est con\u00e7ue sp\u00e9cialement pour le march\u00e9 europ\u00e9en. Il permet une installation facile et fiable sur le terrain ainsi qu&#039;une application r\u00e9elle \u00e0 long terme.\" \/>\n<meta property=\"og:url\" content=\"https:\/\/premiumline-cabling.com\/fr\/product\/chat-5e-sortie-blindee\/\" \/>\n<meta property=\"og:site_name\" content=\"Premium-Line\" \/>\n<meta property=\"article:modified_time\" content=\"2026-01-15T15:24:52+00:00\" \/>\n<meta property=\"og:image\" content=\"https:\/\/premiumline-cabling.com\/wp-content\/uploads\/2019\/12\/Outlet_cat6a_s_1.jpg\" \/>\n\t<meta property=\"og:image:width\" content=\"244\" \/>\n\t<meta property=\"og:image:height\" content=\"247\" \/>\n\t<meta property=\"og:image:type\" content=\"image\/jpeg\" \/>\n<meta name=\"twitter:card\" content=\"summary_large_image\" \/>\n<meta name=\"twitter:label1\" content=\"Dur\u00e9e de lecture estim\u00e9e\" \/>\n\t<meta name=\"twitter:data1\" content=\"2 minutes\" \/>\n<script type=\"application\/ld+json\" class=\"yoast-schema-graph\">{\"@context\":\"https:\\\/\\\/schema.org\",\"@graph\":[{\"@type\":\"WebPage\",\"@id\":\"https:\\\/\\\/premiumline-cabling.com\\\/fr\\\/product\\\/chat-5e-sortie-blindee\\\/\",\"url\":\"https:\\\/\\\/premiumline-cabling.com\\\/fr\\\/product\\\/chat-5e-sortie-blindee\\\/\",\"name\":\"Premium-Line Cat.5e prise compacte blind\u00e9e, avec obturateur, 80*80mm\",\"isPartOf\":{\"@id\":\"https:\\\/\\\/premiumline-cabling.com\\\/#website\"},\"primaryImageOfPage\":{\"@id\":\"https:\\\/\\\/premiumline-cabling.com\\\/fr\\\/product\\\/chat-5e-sortie-blindee\\\/#primaryimage\"},\"image\":{\"@id\":\"https:\\\/\\\/premiumline-cabling.com\\\/fr\\\/product\\\/chat-5e-sortie-blindee\\\/#primaryimage\"},\"thumbnailUrl\":\"https:\\\/\\\/premiumline-cabling.com\\\/wp-content\\\/uploads\\\/2019\\\/12\\\/Outlet_cat6a_s_1.jpg\",\"datePublished\":\"2019-02-13T18:11:21+00:00\",\"dateModified\":\"2026-01-15T15:24:52+00:00\",\"description\":\"La prise compacte Premium-Line est con\u00e7ue sp\u00e9cialement pour le march\u00e9 europ\u00e9en. Il permet une installation facile et fiable sur le terrain ainsi qu'une application r\u00e9elle \u00e0 long terme.\",\"breadcrumb\":{\"@id\":\"https:\\\/\\\/premiumline-cabling.com\\\/fr\\\/product\\\/chat-5e-sortie-blindee\\\/#breadcrumb\"},\"inLanguage\":\"fr-FR\",\"potentialAction\":[{\"@type\":\"ReadAction\",\"target\":[\"https:\\\/\\\/premiumline-cabling.com\\\/fr\\\/product\\\/chat-5e-sortie-blindee\\\/\"]}]},{\"@type\":\"ImageObject\",\"inLanguage\":\"fr-FR\",\"@id\":\"https:\\\/\\\/premiumline-cabling.com\\\/fr\\\/product\\\/chat-5e-sortie-blindee\\\/#primaryimage\",\"url\":\"https:\\\/\\\/premiumline-cabling.com\\\/wp-content\\\/uploads\\\/2019\\\/12\\\/Outlet_cat6a_s_1.jpg\",\"contentUrl\":\"https:\\\/\\\/premiumline-cabling.com\\\/wp-content\\\/uploads\\\/2019\\\/12\\\/Outlet_cat6a_s_1.jpg\",\"width\":244,\"height\":247},{\"@type\":\"BreadcrumbList\",\"@id\":\"https:\\\/\\\/premiumline-cabling.com\\\/fr\\\/product\\\/chat-5e-sortie-blindee\\\/#breadcrumb\",\"itemListElement\":[{\"@type\":\"ListItem\",\"position\":1,\"name\":\"\u0413\u043b\u0430\u0432\u043d\u0430\u044f \u0441\u0442\u0440\u0430\u043d\u0438\u0446\u0430\",\"item\":\"https:\\\/\\\/premiumline-cabling.com\\\/fr\\\/\"},{\"@type\":\"ListItem\",\"position\":2,\"name\":\"Cat. 5e Sortie blind\u00e9e\"}]},{\"@type\":\"WebSite\",\"@id\":\"https:\\\/\\\/premiumline-cabling.com\\\/#website\",\"url\":\"https:\\\/\\\/premiumline-cabling.com\\\/\",\"name\":\"Premium-Line\",\"description\":\"Structured Cabling System\",\"publisher\":{\"@id\":\"https:\\\/\\\/premiumline-cabling.com\\\/#organization\"},\"potentialAction\":[{\"@type\":\"SearchAction\",\"target\":{\"@type\":\"EntryPoint\",\"urlTemplate\":\"https:\\\/\\\/premiumline-cabling.com\\\/?s={search_term_string}\"},\"query-input\":{\"@type\":\"PropertyValueSpecification\",\"valueRequired\":true,\"valueName\":\"search_term_string\"}}],\"inLanguage\":\"fr-FR\"},{\"@type\":\"Organization\",\"@id\":\"https:\\\/\\\/premiumline-cabling.com\\\/#organization\",\"name\":\"Premium-Line\",\"url\":\"https:\\\/\\\/premiumline-cabling.com\\\/\",\"logo\":{\"@type\":\"ImageObject\",\"inLanguage\":\"fr-FR\",\"@id\":\"https:\\\/\\\/premiumline-cabling.com\\\/#\\\/schema\\\/logo\\\/image\\\/\",\"url\":\"https:\\\/\\\/premiumline-cabling.com\\\/wp-content\\\/uploads\\\/2019\\\/04\\\/cropped-img_logo_site_Premium-Line.png\",\"contentUrl\":\"https:\\\/\\\/premiumline-cabling.com\\\/wp-content\\\/uploads\\\/2019\\\/04\\\/cropped-img_logo_site_Premium-Line.png\",\"width\":190,\"height\":62,\"caption\":\"Premium-Line\"},\"image\":{\"@id\":\"https:\\\/\\\/premiumline-cabling.com\\\/#\\\/schema\\\/logo\\\/image\\\/\"}}]}<\/script>\n<!-- \/ Yoast SEO plugin. -->","yoast_head_json":{"title":"Premium-Line Cat.5e prise compacte blind\u00e9e, avec obturateur, 80*80mm","description":"La prise compacte Premium-Line est con\u00e7ue sp\u00e9cialement pour le march\u00e9 europ\u00e9en. Il permet une installation facile et fiable sur le terrain ainsi qu'une application r\u00e9elle \u00e0 long terme.","robots":{"index":"index","follow":"follow","max-snippet":"max-snippet:-1","max-image-preview":"max-image-preview:large","max-video-preview":"max-video-preview:-1"},"canonical":"https:\/\/premiumline-cabling.com\/fr\/product\/chat-5e-sortie-blindee\/","og_locale":"fr_FR","og_type":"article","og_title":"Premium-Line Cat.5e prise compacte blind\u00e9e, avec obturateur, 80*80mm","og_description":"La prise compacte Premium-Line est con\u00e7ue sp\u00e9cialement pour le march\u00e9 europ\u00e9en. Il permet une installation facile et fiable sur le terrain ainsi qu'une application r\u00e9elle \u00e0 long terme.","og_url":"https:\/\/premiumline-cabling.com\/fr\/product\/chat-5e-sortie-blindee\/","og_site_name":"Premium-Line","article_modified_time":"2026-01-15T15:24:52+00:00","og_image":[{"width":244,"height":247,"url":"https:\/\/premiumline-cabling.com\/wp-content\/uploads\/2019\/12\/Outlet_cat6a_s_1.jpg","type":"image\/jpeg"}],"twitter_card":"summary_large_image","twitter_misc":{"Dur\u00e9e de lecture estim\u00e9e":"2 minutes"},"schema":{"@context":"https:\/\/schema.org","@graph":[{"@type":"WebPage","@id":"https:\/\/premiumline-cabling.com\/fr\/product\/chat-5e-sortie-blindee\/","url":"https:\/\/premiumline-cabling.com\/fr\/product\/chat-5e-sortie-blindee\/","name":"Premium-Line Cat.5e prise compacte blind\u00e9e, avec obturateur, 80*80mm","isPartOf":{"@id":"https:\/\/premiumline-cabling.com\/#website"},"primaryImageOfPage":{"@id":"https:\/\/premiumline-cabling.com\/fr\/product\/chat-5e-sortie-blindee\/#primaryimage"},"image":{"@id":"https:\/\/premiumline-cabling.com\/fr\/product\/chat-5e-sortie-blindee\/#primaryimage"},"thumbnailUrl":"https:\/\/premiumline-cabling.com\/wp-content\/uploads\/2019\/12\/Outlet_cat6a_s_1.jpg","datePublished":"2019-02-13T18:11:21+00:00","dateModified":"2026-01-15T15:24:52+00:00","description":"La prise compacte Premium-Line est con\u00e7ue sp\u00e9cialement pour le march\u00e9 europ\u00e9en. Il permet une installation facile et fiable sur le terrain ainsi qu'une application r\u00e9elle \u00e0 long terme.","breadcrumb":{"@id":"https:\/\/premiumline-cabling.com\/fr\/product\/chat-5e-sortie-blindee\/#breadcrumb"},"inLanguage":"fr-FR","potentialAction":[{"@type":"ReadAction","target":["https:\/\/premiumline-cabling.com\/fr\/product\/chat-5e-sortie-blindee\/"]}]},{"@type":"ImageObject","inLanguage":"fr-FR","@id":"https:\/\/premiumline-cabling.com\/fr\/product\/chat-5e-sortie-blindee\/#primaryimage","url":"https:\/\/premiumline-cabling.com\/wp-content\/uploads\/2019\/12\/Outlet_cat6a_s_1.jpg","contentUrl":"https:\/\/premiumline-cabling.com\/wp-content\/uploads\/2019\/12\/Outlet_cat6a_s_1.jpg","width":244,"height":247},{"@type":"BreadcrumbList","@id":"https:\/\/premiumline-cabling.com\/fr\/product\/chat-5e-sortie-blindee\/#breadcrumb","itemListElement":[{"@type":"ListItem","position":1,"name":"\u0413\u043b\u0430\u0432\u043d\u0430\u044f \u0441\u0442\u0440\u0430\u043d\u0438\u0446\u0430","item":"https:\/\/premiumline-cabling.com\/fr\/"},{"@type":"ListItem","position":2,"name":"Cat. 5e Sortie blind\u00e9e"}]},{"@type":"WebSite","@id":"https:\/\/premiumline-cabling.com\/#website","url":"https:\/\/premiumline-cabling.com\/","name":"Premium-Line","description":"Structured Cabling System","publisher":{"@id":"https:\/\/premiumline-cabling.com\/#organization"},"potentialAction":[{"@type":"SearchAction","target":{"@type":"EntryPoint","urlTemplate":"https:\/\/premiumline-cabling.com\/?s={search_term_string}"},"query-input":{"@type":"PropertyValueSpecification","valueRequired":true,"valueName":"search_term_string"}}],"inLanguage":"fr-FR"},{"@type":"Organization","@id":"https:\/\/premiumline-cabling.com\/#organization","name":"Premium-Line","url":"https:\/\/premiumline-cabling.com\/","logo":{"@type":"ImageObject","inLanguage":"fr-FR","@id":"https:\/\/premiumline-cabling.com\/#\/schema\/logo\/image\/","url":"https:\/\/premiumline-cabling.com\/wp-content\/uploads\/2019\/04\/cropped-img_logo_site_Premium-Line.png","contentUrl":"https:\/\/premiumline-cabling.com\/wp-content\/uploads\/2019\/04\/cropped-img_logo_site_Premium-Line.png","width":190,"height":62,"caption":"Premium-Line"},"image":{"@id":"https:\/\/premiumline-cabling.com\/#\/schema\/logo\/image\/"}}]}},"_links":{"self":[{"href":"https:\/\/premiumline-cabling.com\/fr\/wp-json\/wp\/v2\/product\/19879","targetHints":{"allow":["GET"]}}],"collection":[{"href":"https:\/\/premiumline-cabling.com\/fr\/wp-json\/wp\/v2\/product"}],"about":[{"href":"https:\/\/premiumline-cabling.com\/fr\/wp-json\/wp\/v2\/types\/product"}],"wp:featuredmedia":[{"embeddable":true,"href":"https:\/\/premiumline-cabling.com\/fr\/wp-json\/wp\/v2\/media\/19874"}],"wp:attachment":[{"href":"https:\/\/premiumline-cabling.com\/fr\/wp-json\/wp\/v2\/media?parent=19879"}],"wp:term":[{"taxonomy":"product_category","embeddable":true,"href":"https:\/\/premiumline-cabling.com\/fr\/wp-json\/wp\/v2\/product_category?post=19879"}],"curies":[{"name":"wp","href":"https:\/\/api.w.org\/{rel}","templated":true}]}}