{"id":19873,"date":"2019-12-17T13:25:12","date_gmt":"2019-12-17T12:25:12","guid":{"rendered":"https:\/\/premiumline-cabling.com\/product\/chat-prise-blindee-6a\/"},"modified":"2026-01-15T16:23:44","modified_gmt":"2026-01-15T15:23:44","slug":"chat-prise-blindee-6a","status":"publish","type":"product","link":"https:\/\/premiumline-cabling.com\/fr\/product\/chat-prise-blindee-6a\/","title":{"rendered":"Cat. Prise blind\u00e9e 6A"},"content":{"rendered":"<h2>Prise compacte Cat\u00e9gorie 6A blind\u00e9e, 80x80mm avec obturateur<\/h2>\n<p>La prise compacte Premium-Line est con\u00e7ue sp\u00e9cialement pour le march\u00e9 europ\u00e9en.<br>\nGr\u00e2ce \u00e0 ses performances \u00e9lectriques \u00e9lev\u00e9es et aux mat\u00e9riaux de haute qualit\u00e9 utilis\u00e9s pour la construction interne et l&#8217;aspect ext\u00e9rieur, il permet une installation facile et fiable sur le terrain ainsi qu&#8217;une application r\u00e9elle \u00e0 long terme. Et en taille finie 80\u00d780mm.<\/p>\n<h3>CARACT\u00c9RISTIQUES:<\/h3>\n<ul>\n<li>Prise en charge du c\u00e2blage T568 A&amp;B et installation facile<\/li>\n<li>Le connecteur IDC double type peut accepter des c\u00e2bles solides et toronn\u00e9s de 22-26 AWG<\/li>\n<li>Standard uniforme de type allemand<\/li>\n<li>Couleur : RAL9010 ou RAL1013<\/li>\n<li>Terminer \u00e0 l&#8217;aide des outils 110 ou Krone<\/li>\n<li>Structure de port inclin\u00e9e \u00e0 45\u00b0, facile \u00e0 brancher<\/li>\n<li>Conception de l&#8217;obturateur \u00e0 l&#8217;\u00e9preuve de la poussi\u00e8re<\/li>\n<\/ul>\n<p>Conforme aux exigences de la Cat.6A comme:<\/p>\n<ul>\n<li>ANSI\/TIA-568.2-D:2018<\/li>\n<li>EN50173-1:2018<\/li>\n<li>ISO\/IEC 11801-1 Classe Ea:2017<\/li>\n<\/ul>\n<p>Conforme aux normes de s\u00e9curit\u00e9:<\/p>\n<ul>\n<li>RoHS (directive europ\u00e9enne 2011\/65\/CE)<\/li>\n<\/ul>\n<h3><noscript><img decoding=\"async\" class=\"size-full wp-image-4040 alignnone\" src=\"https:\/\/premiumline-cabling.com\/wp-content\/uploads\/2019\/12\/Outlet_cat6a_s.jpg\" alt width=\"743\" height=\"247\" srcset=\"https:\/\/premiumline-cabling.com\/wp-content\/uploads\/2019\/12\/Outlet_cat6a_s.jpg 743w, https:\/\/premiumline-cabling.com\/wp-content\/uploads\/2019\/12\/Outlet_cat6a_s-300x100.jpg 300w\" sizes=\"(max-width: 743px) 100vw, 743px\"><\/noscript><img decoding=\"async\" class=\"size-full wp-image-4040 alignnone lazyload\" src=\"data:image\/svg+xml,%3Csvg%20xmlns%3D%22http%3A%2F%2Fwww.w3.org%2F2000%2Fsvg%22%20viewBox%3D%220%200%20743%20247%22%3E%3C%2Fsvg%3E\" alt width=\"743\" height=\"247\" srcset=\"data:image\/svg+xml,%3Csvg%20xmlns%3D%22http%3A%2F%2Fwww.w3.org%2F2000%2Fsvg%22%20viewBox%3D%220%200%20743%20247%22%3E%3C%2Fsvg%3E 743w\" sizes=\"(max-width: 743px) 100vw, 743px\" data-srcset=\"https:\/\/premiumline-cabling.com\/wp-content\/uploads\/2019\/12\/Outlet_cat6a_s.jpg 743w, https:\/\/premiumline-cabling.com\/wp-content\/uploads\/2019\/12\/Outlet_cat6a_s-300x100.jpg 300w\" data-src=\"https:\/\/premiumline-cabling.com\/wp-content\/uploads\/2019\/12\/Outlet_cat6a_s.jpg\">DEMANDE D&#8217;EMPLOI:<\/h3>\n<ul>\n<li>10GBASE-T Ethernet<\/li>\n<li>1000BASE-TX Gigabit Ethernet<\/li>\n<li>1000BASE-T Gigabit Ethernet<\/li>\n<li>100BASE-TX Fast Ethernet.<\/li>\n<li>10BASE-T Ethernet<\/li>\n<li>Applications vocales, vid\u00e9o et autres<\/li>\n<\/ul>\n<h3>CARACT\u00c9RISTIQUES:<\/h3>\n<table width=\"503\">\n<tbody>\n<tr>\n<td width=\"213\">Rigidit\u00e9 di\u00e9lectrique<\/td>\n<td width=\"290\">1 000 V RMS pendant 1 min<\/td>\n<\/tr>\n<tr>\n<td width=\"213\">Note actuelle<\/td>\n<td width=\"290\">1,5 A maximum.<\/td>\n<\/tr>\n<tr>\n<td width=\"213\">R\u00e9sistance d&#8217;isolation<\/td>\n<td width=\"290\">10 M\u03a9 Min.<\/td>\n<\/tr>\n<tr>\n<td width=\"213\">R\u00e9sistance de contact<\/td>\n<td width=\"290\">2m\u03a9 par contact<\/td>\n<\/tr>\n<tr>\n<td width=\"213\">Plage de temp\u00e9rature<\/td>\n<td width=\"290\">-10\u00b0 \u00e0 60\u00b0C<\/td>\n<\/tr>\n<tr>\n<td width=\"213\">Humidit\u00e9<\/td>\n<td width=\"290\">10 % ~ 90 %; sans condensation<\/td>\n<\/tr>\n<tr>\n<td width=\"213\">Indice de flamme du mat\u00e9riau<\/td>\n<td width=\"290\">UL94 V-0<\/td>\n<\/tr>\n<tr>\n<td width=\"213\">Plaque<\/td>\n<td width=\"290\">ABS<\/td>\n<\/tr>\n<tr>\n<td width=\"213\">Haut &amp; Bo\u00eetier inf\u00e9rieur<\/td>\n<td width=\"290\">Alliages de zinc moul\u00e9s sous pression<\/td>\n<\/tr>\n<tr>\n<td width=\"213\">Jack<\/td>\n<td width=\"290\">Prise RJ45 8P8C 45\u00b0<\/td>\n<\/tr>\n<tr>\n<td width=\"213\"><\/td>\n<td width=\"290\">Bronze phosphoreux plaqu\u00e9 or 50\u03bc pouces sur nickel dans la zone de contact<\/td>\n<\/tr>\n<tr>\n<td width=\"213\"><\/td>\n<td width=\"290\">Blind\u00e9 : bronze nickel\u00e9<\/td>\n<\/tr>\n<tr>\n<td width=\"213\"><\/td>\n<td width=\"290\">Bo\u00eetier en plastique : thermoplastique technique<\/td>\n<\/tr>\n<tr>\n<td width=\"213\"><\/td>\n<td width=\"290\">Dur\u00e9e de vie : minimum 750 insertions<\/td>\n<\/tr>\n<tr>\n<td width=\"213\">IDC<\/td>\n<td width=\"290\">IDC double 8 broches<\/td>\n<\/tr>\n<tr>\n<td width=\"213\"><\/td>\n<td width=\"290\">Corps principal : PC<\/td>\n<\/tr>\n<tr>\n<td width=\"213\"><\/td>\n<td width=\"290\">Contacts IDC : 100 \u03bc pouces nickel\u00e9s sur bronze phosphoreux<\/td>\n<\/tr>\n<tr>\n<td width=\"213\"><\/td>\n<td width=\"290\">Dur\u00e9e de vie : minimum 250 r\u00e9connexions<\/td>\n<\/tr>\n<tr>\n<td width=\"213\">Dimensions (L*L*H)<\/td>\n<td width=\"290\">80,0*80,0*38,6 mm<\/td>\n<\/tr>\n<\/tbody>\n<\/table>\n<h3>LES INFORMATIONS RELATIVES \u00c0 LA COMMANDE:<\/h3>\n<p>Pi\u00e8ce NO. 1119212&#215;1<\/p>\n<p>Description Prise compacte blind\u00e9e Cat.6A avec obturateur, 80x80mm<\/p>\n<p>x, couleur 8 : RAL1013 (blanc hu\u00eetre) 9 : RAL9010 (blanc pur)<\/p>\n<p>Emballage 1pc\/sac PE, 5pcs\/sac PE, 75pcs\/carton<\/p>\n","protected":false},"featured_media":19874,"template":"","product_category":[405],"class_list":["post-19873","product","type-product","status-publish","has-post-thumbnail","hentry","product_category-prise-compacte"],"yoast_head":"<!-- This site is optimized with the Yoast SEO plugin v27.4 - https:\/\/yoast.com\/product\/yoast-seo-wordpress\/ -->\n<title>Prise compacte blind\u00e9e Premium-Line Cat\u00e9gorie 6A, 80x80mm avec obturateur<\/title>\n<meta name=\"description\" content=\"Supporte le c\u00e2blage T568 A&amp;B et facilite l&#039;installation, le connecteur IDC de type double peut accepter des c\u00e2bles solides et toronn\u00e9s de 22-26 AWG, standard uniforme de type allemand.\" \/>\n<meta name=\"robots\" content=\"index, follow, max-snippet:-1, max-image-preview:large, max-video-preview:-1\" \/>\n<link rel=\"canonical\" href=\"https:\/\/premiumline-cabling.com\/fr\/product\/chat-prise-blindee-6a\/\" \/>\n<meta property=\"og:locale\" content=\"fr_FR\" \/>\n<meta property=\"og:type\" content=\"article\" \/>\n<meta property=\"og:title\" content=\"Prise compacte blind\u00e9e Premium-Line Cat\u00e9gorie 6A, 80x80mm avec obturateur\" \/>\n<meta property=\"og:description\" content=\"Supporte le c\u00e2blage T568 A&amp;B et facilite l&#039;installation, le connecteur IDC de type double peut accepter des c\u00e2bles solides et toronn\u00e9s de 22-26 AWG, standard uniforme de type allemand.\" \/>\n<meta property=\"og:url\" content=\"https:\/\/premiumline-cabling.com\/fr\/product\/chat-prise-blindee-6a\/\" \/>\n<meta property=\"og:site_name\" content=\"Premium-Line\" \/>\n<meta property=\"article:modified_time\" content=\"2026-01-15T15:23:44+00:00\" \/>\n<meta property=\"og:image\" content=\"https:\/\/premiumline-cabling.com\/wp-content\/uploads\/2019\/12\/Outlet_cat6a_s_1.jpg\" \/>\n\t<meta property=\"og:image:width\" content=\"244\" \/>\n\t<meta property=\"og:image:height\" content=\"247\" \/>\n\t<meta property=\"og:image:type\" content=\"image\/jpeg\" \/>\n<meta name=\"twitter:card\" content=\"summary_large_image\" \/>\n<meta name=\"twitter:label1\" content=\"Dur\u00e9e de lecture estim\u00e9e\" \/>\n\t<meta name=\"twitter:data1\" content=\"2 minutes\" \/>\n<script type=\"application\/ld+json\" class=\"yoast-schema-graph\">{\"@context\":\"https:\\\/\\\/schema.org\",\"@graph\":[{\"@type\":\"WebPage\",\"@id\":\"https:\\\/\\\/premiumline-cabling.com\\\/fr\\\/product\\\/chat-prise-blindee-6a\\\/\",\"url\":\"https:\\\/\\\/premiumline-cabling.com\\\/fr\\\/product\\\/chat-prise-blindee-6a\\\/\",\"name\":\"Prise compacte blind\u00e9e Premium-Line Cat\u00e9gorie 6A, 80x80mm avec obturateur\",\"isPartOf\":{\"@id\":\"https:\\\/\\\/premiumline-cabling.com\\\/#website\"},\"primaryImageOfPage\":{\"@id\":\"https:\\\/\\\/premiumline-cabling.com\\\/fr\\\/product\\\/chat-prise-blindee-6a\\\/#primaryimage\"},\"image\":{\"@id\":\"https:\\\/\\\/premiumline-cabling.com\\\/fr\\\/product\\\/chat-prise-blindee-6a\\\/#primaryimage\"},\"thumbnailUrl\":\"https:\\\/\\\/premiumline-cabling.com\\\/wp-content\\\/uploads\\\/2019\\\/12\\\/Outlet_cat6a_s_1.jpg\",\"datePublished\":\"2019-12-17T12:25:12+00:00\",\"dateModified\":\"2026-01-15T15:23:44+00:00\",\"description\":\"Supporte le c\u00e2blage T568 A&B et facilite l'installation, le connecteur IDC de type double peut accepter des c\u00e2bles solides et toronn\u00e9s de 22-26 AWG, standard uniforme de type allemand.\",\"breadcrumb\":{\"@id\":\"https:\\\/\\\/premiumline-cabling.com\\\/fr\\\/product\\\/chat-prise-blindee-6a\\\/#breadcrumb\"},\"inLanguage\":\"fr-FR\",\"potentialAction\":[{\"@type\":\"ReadAction\",\"target\":[\"https:\\\/\\\/premiumline-cabling.com\\\/fr\\\/product\\\/chat-prise-blindee-6a\\\/\"]}]},{\"@type\":\"ImageObject\",\"inLanguage\":\"fr-FR\",\"@id\":\"https:\\\/\\\/premiumline-cabling.com\\\/fr\\\/product\\\/chat-prise-blindee-6a\\\/#primaryimage\",\"url\":\"https:\\\/\\\/premiumline-cabling.com\\\/wp-content\\\/uploads\\\/2019\\\/12\\\/Outlet_cat6a_s_1.jpg\",\"contentUrl\":\"https:\\\/\\\/premiumline-cabling.com\\\/wp-content\\\/uploads\\\/2019\\\/12\\\/Outlet_cat6a_s_1.jpg\",\"width\":244,\"height\":247},{\"@type\":\"BreadcrumbList\",\"@id\":\"https:\\\/\\\/premiumline-cabling.com\\\/fr\\\/product\\\/chat-prise-blindee-6a\\\/#breadcrumb\",\"itemListElement\":[{\"@type\":\"ListItem\",\"position\":1,\"name\":\"\u0413\u043b\u0430\u0432\u043d\u0430\u044f \u0441\u0442\u0440\u0430\u043d\u0438\u0446\u0430\",\"item\":\"https:\\\/\\\/premiumline-cabling.com\\\/fr\\\/\"},{\"@type\":\"ListItem\",\"position\":2,\"name\":\"Cat. Prise blind\u00e9e 6A\"}]},{\"@type\":\"WebSite\",\"@id\":\"https:\\\/\\\/premiumline-cabling.com\\\/#website\",\"url\":\"https:\\\/\\\/premiumline-cabling.com\\\/\",\"name\":\"Premium-Line\",\"description\":\"Structured Cabling System\",\"publisher\":{\"@id\":\"https:\\\/\\\/premiumline-cabling.com\\\/#organization\"},\"potentialAction\":[{\"@type\":\"SearchAction\",\"target\":{\"@type\":\"EntryPoint\",\"urlTemplate\":\"https:\\\/\\\/premiumline-cabling.com\\\/?s={search_term_string}\"},\"query-input\":{\"@type\":\"PropertyValueSpecification\",\"valueRequired\":true,\"valueName\":\"search_term_string\"}}],\"inLanguage\":\"fr-FR\"},{\"@type\":\"Organization\",\"@id\":\"https:\\\/\\\/premiumline-cabling.com\\\/#organization\",\"name\":\"Premium-Line\",\"url\":\"https:\\\/\\\/premiumline-cabling.com\\\/\",\"logo\":{\"@type\":\"ImageObject\",\"inLanguage\":\"fr-FR\",\"@id\":\"https:\\\/\\\/premiumline-cabling.com\\\/#\\\/schema\\\/logo\\\/image\\\/\",\"url\":\"https:\\\/\\\/premiumline-cabling.com\\\/wp-content\\\/uploads\\\/2019\\\/04\\\/cropped-img_logo_site_Premium-Line.png\",\"contentUrl\":\"https:\\\/\\\/premiumline-cabling.com\\\/wp-content\\\/uploads\\\/2019\\\/04\\\/cropped-img_logo_site_Premium-Line.png\",\"width\":190,\"height\":62,\"caption\":\"Premium-Line\"},\"image\":{\"@id\":\"https:\\\/\\\/premiumline-cabling.com\\\/#\\\/schema\\\/logo\\\/image\\\/\"}}]}<\/script>\n<!-- \/ Yoast SEO plugin. -->","yoast_head_json":{"title":"Prise compacte blind\u00e9e Premium-Line Cat\u00e9gorie 6A, 80x80mm avec obturateur","description":"Supporte le c\u00e2blage T568 A&B et facilite l'installation, le connecteur IDC de type double peut accepter des c\u00e2bles solides et toronn\u00e9s de 22-26 AWG, standard uniforme de type allemand.","robots":{"index":"index","follow":"follow","max-snippet":"max-snippet:-1","max-image-preview":"max-image-preview:large","max-video-preview":"max-video-preview:-1"},"canonical":"https:\/\/premiumline-cabling.com\/fr\/product\/chat-prise-blindee-6a\/","og_locale":"fr_FR","og_type":"article","og_title":"Prise compacte blind\u00e9e Premium-Line Cat\u00e9gorie 6A, 80x80mm avec obturateur","og_description":"Supporte le c\u00e2blage T568 A&B et facilite l'installation, le connecteur IDC de type double peut accepter des c\u00e2bles solides et toronn\u00e9s de 22-26 AWG, standard uniforme de type allemand.","og_url":"https:\/\/premiumline-cabling.com\/fr\/product\/chat-prise-blindee-6a\/","og_site_name":"Premium-Line","article_modified_time":"2026-01-15T15:23:44+00:00","og_image":[{"width":244,"height":247,"url":"https:\/\/premiumline-cabling.com\/wp-content\/uploads\/2019\/12\/Outlet_cat6a_s_1.jpg","type":"image\/jpeg"}],"twitter_card":"summary_large_image","twitter_misc":{"Dur\u00e9e de lecture estim\u00e9e":"2 minutes"},"schema":{"@context":"https:\/\/schema.org","@graph":[{"@type":"WebPage","@id":"https:\/\/premiumline-cabling.com\/fr\/product\/chat-prise-blindee-6a\/","url":"https:\/\/premiumline-cabling.com\/fr\/product\/chat-prise-blindee-6a\/","name":"Prise compacte blind\u00e9e Premium-Line Cat\u00e9gorie 6A, 80x80mm avec obturateur","isPartOf":{"@id":"https:\/\/premiumline-cabling.com\/#website"},"primaryImageOfPage":{"@id":"https:\/\/premiumline-cabling.com\/fr\/product\/chat-prise-blindee-6a\/#primaryimage"},"image":{"@id":"https:\/\/premiumline-cabling.com\/fr\/product\/chat-prise-blindee-6a\/#primaryimage"},"thumbnailUrl":"https:\/\/premiumline-cabling.com\/wp-content\/uploads\/2019\/12\/Outlet_cat6a_s_1.jpg","datePublished":"2019-12-17T12:25:12+00:00","dateModified":"2026-01-15T15:23:44+00:00","description":"Supporte le c\u00e2blage T568 A&B et facilite l'installation, le connecteur IDC de type double peut accepter des c\u00e2bles solides et toronn\u00e9s de 22-26 AWG, standard uniforme de type allemand.","breadcrumb":{"@id":"https:\/\/premiumline-cabling.com\/fr\/product\/chat-prise-blindee-6a\/#breadcrumb"},"inLanguage":"fr-FR","potentialAction":[{"@type":"ReadAction","target":["https:\/\/premiumline-cabling.com\/fr\/product\/chat-prise-blindee-6a\/"]}]},{"@type":"ImageObject","inLanguage":"fr-FR","@id":"https:\/\/premiumline-cabling.com\/fr\/product\/chat-prise-blindee-6a\/#primaryimage","url":"https:\/\/premiumline-cabling.com\/wp-content\/uploads\/2019\/12\/Outlet_cat6a_s_1.jpg","contentUrl":"https:\/\/premiumline-cabling.com\/wp-content\/uploads\/2019\/12\/Outlet_cat6a_s_1.jpg","width":244,"height":247},{"@type":"BreadcrumbList","@id":"https:\/\/premiumline-cabling.com\/fr\/product\/chat-prise-blindee-6a\/#breadcrumb","itemListElement":[{"@type":"ListItem","position":1,"name":"\u0413\u043b\u0430\u0432\u043d\u0430\u044f \u0441\u0442\u0440\u0430\u043d\u0438\u0446\u0430","item":"https:\/\/premiumline-cabling.com\/fr\/"},{"@type":"ListItem","position":2,"name":"Cat. Prise blind\u00e9e 6A"}]},{"@type":"WebSite","@id":"https:\/\/premiumline-cabling.com\/#website","url":"https:\/\/premiumline-cabling.com\/","name":"Premium-Line","description":"Structured Cabling System","publisher":{"@id":"https:\/\/premiumline-cabling.com\/#organization"},"potentialAction":[{"@type":"SearchAction","target":{"@type":"EntryPoint","urlTemplate":"https:\/\/premiumline-cabling.com\/?s={search_term_string}"},"query-input":{"@type":"PropertyValueSpecification","valueRequired":true,"valueName":"search_term_string"}}],"inLanguage":"fr-FR"},{"@type":"Organization","@id":"https:\/\/premiumline-cabling.com\/#organization","name":"Premium-Line","url":"https:\/\/premiumline-cabling.com\/","logo":{"@type":"ImageObject","inLanguage":"fr-FR","@id":"https:\/\/premiumline-cabling.com\/#\/schema\/logo\/image\/","url":"https:\/\/premiumline-cabling.com\/wp-content\/uploads\/2019\/04\/cropped-img_logo_site_Premium-Line.png","contentUrl":"https:\/\/premiumline-cabling.com\/wp-content\/uploads\/2019\/04\/cropped-img_logo_site_Premium-Line.png","width":190,"height":62,"caption":"Premium-Line"},"image":{"@id":"https:\/\/premiumline-cabling.com\/#\/schema\/logo\/image\/"}}]}},"_links":{"self":[{"href":"https:\/\/premiumline-cabling.com\/fr\/wp-json\/wp\/v2\/product\/19873","targetHints":{"allow":["GET"]}}],"collection":[{"href":"https:\/\/premiumline-cabling.com\/fr\/wp-json\/wp\/v2\/product"}],"about":[{"href":"https:\/\/premiumline-cabling.com\/fr\/wp-json\/wp\/v2\/types\/product"}],"wp:featuredmedia":[{"embeddable":true,"href":"https:\/\/premiumline-cabling.com\/fr\/wp-json\/wp\/v2\/media\/19874"}],"wp:attachment":[{"href":"https:\/\/premiumline-cabling.com\/fr\/wp-json\/wp\/v2\/media?parent=19873"}],"wp:term":[{"taxonomy":"product_category","embeddable":true,"href":"https:\/\/premiumline-cabling.com\/fr\/wp-json\/wp\/v2\/product_category?post=19873"}],"curies":[{"name":"wp","href":"https:\/\/api.w.org\/{rel}","templated":true}]}}