{"id":19862,"date":"2019-09-28T17:01:40","date_gmt":"2019-09-28T16:01:40","guid":{"rendered":"https:\/\/premiumline-cabling.com\/product\/cordon-de-raccordement-slimline-cat-6a-u-utp\/"},"modified":"2024-05-21T16:54:24","modified_gmt":"2024-05-21T15:54:24","slug":"cordon-de-raccordement-slimline-cat-6a-u-utp","status":"publish","type":"product","link":"https:\/\/premiumline-cabling.com\/fr\/product\/cordon-de-raccordement-slimline-cat-6a-u-utp\/","title":{"rendered":"Cordon de brassage SlimLine Cat. 6A U\/UTP"},"content":{"rendered":"<h3>CARACT\u00c9RISTIQUES :<noscript><img decoding=\"async\" class=\"alignright wp-image-3497\" src=\"https:\/\/premiumline-cabling.com\/wp-content\/uploads\/2019\/09\/Slim-TypePatch_6A_uutp-300x200.jpg\" alt width=\"400\" height=\"267\" srcset=\"https:\/\/premiumline-cabling.com\/wp-content\/uploads\/2019\/09\/Slim-TypePatch_6A_uutp-300x200.jpg 300w, https:\/\/premiumline-cabling.com\/wp-content\/uploads\/2019\/09\/Slim-TypePatch_6A_uutp-768x512.jpg 768w, https:\/\/premiumline-cabling.com\/wp-content\/uploads\/2019\/09\/Slim-TypePatch_6A_uutp.jpg 1024w\" sizes=\"(max-width: 400px) 100vw, 400px\"><\/noscript><img decoding=\"async\" class=\"alignright wp-image-3497 lazyload\" src=\"data:image\/svg+xml,%3Csvg%20xmlns%3D%22http%3A%2F%2Fwww.w3.org%2F2000%2Fsvg%22%20viewBox%3D%220%200%20400%20267%22%3E%3C%2Fsvg%3E\" alt width=\"400\" height=\"267\" srcset=\"data:image\/svg+xml,%3Csvg%20xmlns%3D%22http%3A%2F%2Fwww.w3.org%2F2000%2Fsvg%22%20viewBox%3D%220%200%20400%20267%22%3E%3C%2Fsvg%3E 400w\" sizes=\"(max-width: 400px) 100vw, 400px\" data-srcset=\"https:\/\/premiumline-cabling.com\/wp-content\/uploads\/2019\/09\/Slim-TypePatch_6A_uutp-300x200.jpg 300w, https:\/\/premiumline-cabling.com\/wp-content\/uploads\/2019\/09\/Slim-TypePatch_6A_uutp-768x512.jpg 768w, https:\/\/premiumline-cabling.com\/wp-content\/uploads\/2019\/09\/Slim-TypePatch_6A_uutp.jpg 1024w\" data-src=\"https:\/\/premiumline-cabling.com\/wp-content\/uploads\/2019\/09\/Slim-TypePatch_6A_uutp-300x200.jpg\"><\/h3>\n<p>Le cordon de brassage SlimLine U\/UTP de cat\u00e9gorie 6A est utilis\u00e9 :<\/p>\n<ul>\n<li>Contacts RJ45 50\u03bc pouces plaqu\u00e9s or<\/li>\n<li>Botte moul\u00e9e anti-accrochage<\/li>\n<\/ul>\n<p>Conforme aux normes Cat.6A comme :<\/p>\n<ul>\n<li>ANSI\/TIA 568-2.D:2018<\/li>\n<li>ISO\/IEC 11801-1 Classe<sub>EA<\/sub>:2017<\/li>\n<li>CENELEC EN 50173-1:2018<\/li>\n<li>CENELEC EN 50288-10-2:2015<\/li>\n<li>IEC 61935-2:2010 (Edition 3.0)<\/li>\n<li>IEC 61156-6:2012<\/li>\n<\/ul>\n<p>Conforme aux normes de s\u00e9curit\u00e9 comme :<\/p>\n<ul>\n<li>IEC 60332-1-2:2004<\/li>\n<li>Conforme \u00e0 la directive RoHS (directive europ\u00e9enne 2011\/65\/CE)<\/li>\n<\/ul>\n<h3>CARACT\u00c9RISTIQUES :<\/h3>\n<table width=\"588\">\n<tbody>\n<tr>\n<td width=\"76\">Conducteur<\/td>\n<td width=\"140\">Mat\u00e9riau \/ Taille<\/td>\n<td colspan=\"2\" width=\"372\">Cuivre nu \/ 30 AWG<\/td>\n<\/tr>\n<tr>\n<td rowspan=\"2\" width=\"76\">Isolation<\/td>\n<td width=\"140\">Mat\u00e9riau<\/td>\n<td colspan=\"2\" width=\"372\">PE<\/td>\n<\/tr>\n<tr>\n<td width=\"140\">Diam\u00e8tre<\/td>\n<td colspan=\"2\" width=\"372\">0,50 \u00b1 0,05 mm<\/td>\n<\/tr>\n<tr>\n<td rowspan=\"2\" width=\"76\">Fourreau<\/td>\n<td width=\"140\">Mat\u00e9riau<\/td>\n<td width=\"175\">PVC<\/td>\n<td width=\"197\">LSOH<\/td>\n<\/tr>\n<tr>\n<td width=\"140\">Diam\u00e8tre<\/td>\n<td width=\"175\">3,0 \u00b1 0,2 mm<\/td>\n<td width=\"197\">3,0 \u00b1 0,2 mm<\/td>\n<\/tr>\n<tr>\n<td colspan=\"2\" width=\"216\">Temp\u00e9rature de fonctionnement<\/td>\n<td colspan=\"2\" width=\"372\">-20\u00b0C~+60\u00b0C<\/td>\n<\/tr>\n<tr>\n<td colspan=\"2\" width=\"216\">Temp\u00e9rature d&#8217;installation<\/td>\n<td colspan=\"2\" width=\"372\">0\u00b0C~+50\u00b0C<\/td>\n<\/tr>\n<tr>\n<td colspan=\"2\" width=\"216\">Temp\u00e9rature de stockage<\/td>\n<td colspan=\"2\" width=\"372\">-30\u00b0C~+60\u00b0C<\/td>\n<\/tr>\n<\/tbody>\n<\/table>\n<h3>APPLICATION :<noscript><img decoding=\"async\" class=\"alignright wp-image-3488 size-medium\" src=\"https:\/\/premiumline-cabling.com\/wp-content\/uploads\/2019\/09\/Slim-TypePatch_2-300x164.jpg\" alt width=\"300\" height=\"164\" srcset=\"https:\/\/premiumline-cabling.com\/wp-content\/uploads\/2019\/09\/Slim-TypePatch_2-300x164.jpg 300w, https:\/\/premiumline-cabling.com\/wp-content\/uploads\/2019\/09\/Slim-TypePatch_2.jpg 536w\" sizes=\"(max-width: 300px) 100vw, 300px\"><\/noscript><img decoding=\"async\" class=\"alignright wp-image-3488 size-medium lazyload\" src=\"data:image\/svg+xml,%3Csvg%20xmlns%3D%22http%3A%2F%2Fwww.w3.org%2F2000%2Fsvg%22%20viewBox%3D%220%200%20300%20164%22%3E%3C%2Fsvg%3E\" alt width=\"300\" height=\"164\" srcset=\"data:image\/svg+xml,%3Csvg%20xmlns%3D%22http%3A%2F%2Fwww.w3.org%2F2000%2Fsvg%22%20viewBox%3D%220%200%20300%20164%22%3E%3C%2Fsvg%3E 300w\" sizes=\"(max-width: 300px) 100vw, 300px\" data-srcset=\"https:\/\/premiumline-cabling.com\/wp-content\/uploads\/2019\/09\/Slim-TypePatch_2-300x164.jpg 300w, https:\/\/premiumline-cabling.com\/wp-content\/uploads\/2019\/09\/Slim-TypePatch_2.jpg 536w\" data-src=\"https:\/\/premiumline-cabling.com\/wp-content\/uploads\/2019\/09\/Slim-TypePatch_2-300x164.jpg\"><\/h3>\n<ul>\n<li>10G BASE-T Ethernet<\/li>\n<li>1000BASE-TX Gigabit Ethernet<\/li>\n<li>1000BASE-T Gigabit Ethernet<\/li>\n<li>100BASE-TX Fast Ethernet<\/li>\n<li>10BASE-T Ethernet<\/li>\n<li>Applications vocales\uff0cVid\u00e9o et autres<\/li>\n<\/ul>\n<h3>LES INFORMATIONS RELATIVES \u00c0 LA COMMANDE :<\/h3>\n<table width=\"762\">\n<tbody>\n<tr>\n<td colspan=\"2\" width=\"216\">N\u00b0 de pi\u00e8ce<\/td>\n<td colspan=\"2\" width=\"372\">1829xyyyz<\/td>\n<\/tr>\n<tr>\n<td colspan=\"2\" width=\"216\">Description<\/td>\n<td colspan=\"2\" width=\"372\">Cordon de brassage SlimLine Cat.6A U\/UTP<\/td>\n<\/tr>\n<tr>\n<td colspan=\"2\" width=\"216\">x : gaine<\/td>\n<td colspan=\"2\" width=\"372\">1 : PVC 2 : LSOH<\/td>\n<\/tr>\n<tr>\n<td colspan=\"2\" width=\"216\">yyy : longueur<\/td>\n<td colspan=\"2\" width=\"372\">003 : 0,3m, 005 : 0,5m, 010 : 1.0m, 020 : 2.0m<\/td>\n<\/tr>\n<tr>\n<td colspan=\"2\" width=\"216\">z : Couleur<\/td>\n<td colspan=\"2\" width=\"372\">1 : blanc, 2 : noir, 3 : rouge, 4 : bleu, 5 : gris, 6 : vert, 8 : jaune<\/td>\n<\/tr>\n<\/tbody>\n<\/table>\n<p>Dans cette vid\u00e9o, vous pouvez voir certaines des nuances et des caract\u00e9ristiques distinctives de cette solution.<\/p>\n<p><iframe title=\"Premium-Line Slim Type Category 6A U\/UTP Patch Cords\" width=\"500\" height=\"281\" src=\"https:\/\/www.youtube.com\/embed\/wJQfwV3IdDE?feature=oembed\" frameborder=\"0\" allow=\"accelerometer; autoplay; clipboard-write; encrypted-media; gyroscope; picture-in-picture; web-share\" referrerpolicy=\"strict-origin-when-cross-origin\" allowfullscreen><\/iframe><\/p>\n","protected":false},"featured_media":19866,"template":"","product_category":[403],"class_list":["post-19862","product","type-product","status-publish","has-post-thumbnail","hentry","product_category-nouveau-cordon-de-raccordement-slim-line"],"yoast_head":"<!-- This site is optimized with the Yoast SEO plugin v27.2 - https:\/\/yoast.com\/product\/yoast-seo-wordpress\/ -->\n<title>Cordon de brassage SlimLine Cat. 6A U\/UTP Cat.6A - Premium-Line<\/title>\n<meta name=\"description\" content=\"Contribue \u00e0 am\u00e9liorer la circulation de l&#039;air autour de l&#039;\u00e9quipement actif, facilite la gestion des c\u00e2bles dans les zones \u00e0 haute densit\u00e9, convient \u00e0 la connexion d&#039;armoires \u00e0 haute densit\u00e9.\" \/>\n<meta name=\"robots\" content=\"index, follow, max-snippet:-1, max-image-preview:large, max-video-preview:-1\" \/>\n<link rel=\"canonical\" href=\"https:\/\/premiumline-cabling.com\/fr\/product\/cordon-de-raccordement-slimline-cat-6a-u-utp\/\" \/>\n<meta property=\"og:locale\" content=\"fr_FR\" \/>\n<meta property=\"og:type\" content=\"article\" \/>\n<meta property=\"og:title\" content=\"Cordon de brassage SlimLine Cat. 6A U\/UTP Cat.6A - Premium-Line\" \/>\n<meta property=\"og:description\" content=\"Contribue \u00e0 am\u00e9liorer la circulation de l&#039;air autour de l&#039;\u00e9quipement actif, facilite la gestion des c\u00e2bles dans les zones \u00e0 haute densit\u00e9, convient \u00e0 la connexion d&#039;armoires \u00e0 haute densit\u00e9.\" \/>\n<meta property=\"og:url\" content=\"https:\/\/premiumline-cabling.com\/fr\/product\/cordon-de-raccordement-slimline-cat-6a-u-utp\/\" \/>\n<meta property=\"og:site_name\" content=\"Premium-Line\" \/>\n<meta property=\"article:modified_time\" content=\"2024-05-21T15:54:24+00:00\" \/>\n<meta property=\"og:image\" content=\"https:\/\/premiumline-cabling.com\/wp-content\/uploads\/2019\/09\/Slim-TypePatch_6A_uutp.jpg\" \/>\n\t<meta property=\"og:image:width\" content=\"1024\" \/>\n\t<meta property=\"og:image:height\" content=\"683\" \/>\n\t<meta property=\"og:image:type\" content=\"image\/jpeg\" \/>\n<meta name=\"twitter:card\" content=\"summary_large_image\" \/>\n<meta name=\"twitter:label1\" content=\"Dur\u00e9e de lecture estim\u00e9e\" \/>\n\t<meta name=\"twitter:data1\" content=\"2 minutes\" \/>\n<script type=\"application\/ld+json\" class=\"yoast-schema-graph\">{\"@context\":\"https:\/\/schema.org\",\"@graph\":[{\"@type\":\"WebPage\",\"@id\":\"https:\/\/premiumline-cabling.com\/fr\/product\/cordon-de-raccordement-slimline-cat-6a-u-utp\/\",\"url\":\"https:\/\/premiumline-cabling.com\/fr\/product\/cordon-de-raccordement-slimline-cat-6a-u-utp\/\",\"name\":\"Cordon de brassage SlimLine Cat. 6A U\/UTP Cat.6A - Premium-Line\",\"isPartOf\":{\"@id\":\"https:\/\/premiumline-cabling.com\/#website\"},\"primaryImageOfPage\":{\"@id\":\"https:\/\/premiumline-cabling.com\/fr\/product\/cordon-de-raccordement-slimline-cat-6a-u-utp\/#primaryimage\"},\"image\":{\"@id\":\"https:\/\/premiumline-cabling.com\/fr\/product\/cordon-de-raccordement-slimline-cat-6a-u-utp\/#primaryimage\"},\"thumbnailUrl\":\"https:\/\/premiumline-cabling.com\/wp-content\/uploads\/2019\/09\/Slim-TypePatch_6A_uutp.jpg\",\"datePublished\":\"2019-09-28T16:01:40+00:00\",\"dateModified\":\"2024-05-21T15:54:24+00:00\",\"description\":\"Contribue \u00e0 am\u00e9liorer la circulation de l'air autour de l'\u00e9quipement actif, facilite la gestion des c\u00e2bles dans les zones \u00e0 haute densit\u00e9, convient \u00e0 la connexion d'armoires \u00e0 haute densit\u00e9.\",\"breadcrumb\":{\"@id\":\"https:\/\/premiumline-cabling.com\/fr\/product\/cordon-de-raccordement-slimline-cat-6a-u-utp\/#breadcrumb\"},\"inLanguage\":\"fr-FR\",\"potentialAction\":[{\"@type\":\"ReadAction\",\"target\":[\"https:\/\/premiumline-cabling.com\/fr\/product\/cordon-de-raccordement-slimline-cat-6a-u-utp\/\"]}]},{\"@type\":\"ImageObject\",\"inLanguage\":\"fr-FR\",\"@id\":\"https:\/\/premiumline-cabling.com\/fr\/product\/cordon-de-raccordement-slimline-cat-6a-u-utp\/#primaryimage\",\"url\":\"https:\/\/premiumline-cabling.com\/wp-content\/uploads\/2019\/09\/Slim-TypePatch_6A_uutp.jpg\",\"contentUrl\":\"https:\/\/premiumline-cabling.com\/wp-content\/uploads\/2019\/09\/Slim-TypePatch_6A_uutp.jpg\",\"width\":1024,\"height\":683},{\"@type\":\"BreadcrumbList\",\"@id\":\"https:\/\/premiumline-cabling.com\/fr\/product\/cordon-de-raccordement-slimline-cat-6a-u-utp\/#breadcrumb\",\"itemListElement\":[{\"@type\":\"ListItem\",\"position\":1,\"name\":\"\u0413\u043b\u0430\u0432\u043d\u0430\u044f \u0441\u0442\u0440\u0430\u043d\u0438\u0446\u0430\",\"item\":\"https:\/\/premiumline-cabling.com\/fr\/\"},{\"@type\":\"ListItem\",\"position\":2,\"name\":\"Cordon de brassage SlimLine Cat. 6A U\/UTP\"}]},{\"@type\":\"WebSite\",\"@id\":\"https:\/\/premiumline-cabling.com\/#website\",\"url\":\"https:\/\/premiumline-cabling.com\/\",\"name\":\"Premium-Line\",\"description\":\"Structured Cabling System\",\"publisher\":{\"@id\":\"https:\/\/premiumline-cabling.com\/#organization\"},\"potentialAction\":[{\"@type\":\"SearchAction\",\"target\":{\"@type\":\"EntryPoint\",\"urlTemplate\":\"https:\/\/premiumline-cabling.com\/?s={search_term_string}\"},\"query-input\":{\"@type\":\"PropertyValueSpecification\",\"valueRequired\":true,\"valueName\":\"search_term_string\"}}],\"inLanguage\":\"fr-FR\"},{\"@type\":\"Organization\",\"@id\":\"https:\/\/premiumline-cabling.com\/#organization\",\"name\":\"Premium-Line\",\"url\":\"https:\/\/premiumline-cabling.com\/\",\"logo\":{\"@type\":\"ImageObject\",\"inLanguage\":\"fr-FR\",\"@id\":\"https:\/\/premiumline-cabling.com\/#\/schema\/logo\/image\/\",\"url\":\"https:\/\/premiumline-cabling.com\/wp-content\/uploads\/2019\/04\/cropped-img_logo_site_Premium-Line.png\",\"contentUrl\":\"https:\/\/premiumline-cabling.com\/wp-content\/uploads\/2019\/04\/cropped-img_logo_site_Premium-Line.png\",\"width\":190,\"height\":62,\"caption\":\"Premium-Line\"},\"image\":{\"@id\":\"https:\/\/premiumline-cabling.com\/#\/schema\/logo\/image\/\"}}]}<\/script>\n<!-- \/ Yoast SEO plugin. -->","yoast_head_json":{"title":"Cordon de brassage SlimLine Cat. 6A U\/UTP Cat.6A - Premium-Line","description":"Contribue \u00e0 am\u00e9liorer la circulation de l'air autour de l'\u00e9quipement actif, facilite la gestion des c\u00e2bles dans les zones \u00e0 haute densit\u00e9, convient \u00e0 la connexion d'armoires \u00e0 haute densit\u00e9.","robots":{"index":"index","follow":"follow","max-snippet":"max-snippet:-1","max-image-preview":"max-image-preview:large","max-video-preview":"max-video-preview:-1"},"canonical":"https:\/\/premiumline-cabling.com\/fr\/product\/cordon-de-raccordement-slimline-cat-6a-u-utp\/","og_locale":"fr_FR","og_type":"article","og_title":"Cordon de brassage SlimLine Cat. 6A U\/UTP Cat.6A - Premium-Line","og_description":"Contribue \u00e0 am\u00e9liorer la circulation de l'air autour de l'\u00e9quipement actif, facilite la gestion des c\u00e2bles dans les zones \u00e0 haute densit\u00e9, convient \u00e0 la connexion d'armoires \u00e0 haute densit\u00e9.","og_url":"https:\/\/premiumline-cabling.com\/fr\/product\/cordon-de-raccordement-slimline-cat-6a-u-utp\/","og_site_name":"Premium-Line","article_modified_time":"2024-05-21T15:54:24+00:00","og_image":[{"width":1024,"height":683,"url":"https:\/\/premiumline-cabling.com\/wp-content\/uploads\/2019\/09\/Slim-TypePatch_6A_uutp.jpg","type":"image\/jpeg"}],"twitter_card":"summary_large_image","twitter_misc":{"Dur\u00e9e de lecture estim\u00e9e":"2 minutes"},"schema":{"@context":"https:\/\/schema.org","@graph":[{"@type":"WebPage","@id":"https:\/\/premiumline-cabling.com\/fr\/product\/cordon-de-raccordement-slimline-cat-6a-u-utp\/","url":"https:\/\/premiumline-cabling.com\/fr\/product\/cordon-de-raccordement-slimline-cat-6a-u-utp\/","name":"Cordon de brassage SlimLine Cat. 6A U\/UTP Cat.6A - Premium-Line","isPartOf":{"@id":"https:\/\/premiumline-cabling.com\/#website"},"primaryImageOfPage":{"@id":"https:\/\/premiumline-cabling.com\/fr\/product\/cordon-de-raccordement-slimline-cat-6a-u-utp\/#primaryimage"},"image":{"@id":"https:\/\/premiumline-cabling.com\/fr\/product\/cordon-de-raccordement-slimline-cat-6a-u-utp\/#primaryimage"},"thumbnailUrl":"https:\/\/premiumline-cabling.com\/wp-content\/uploads\/2019\/09\/Slim-TypePatch_6A_uutp.jpg","datePublished":"2019-09-28T16:01:40+00:00","dateModified":"2024-05-21T15:54:24+00:00","description":"Contribue \u00e0 am\u00e9liorer la circulation de l'air autour de l'\u00e9quipement actif, facilite la gestion des c\u00e2bles dans les zones \u00e0 haute densit\u00e9, convient \u00e0 la connexion d'armoires \u00e0 haute densit\u00e9.","breadcrumb":{"@id":"https:\/\/premiumline-cabling.com\/fr\/product\/cordon-de-raccordement-slimline-cat-6a-u-utp\/#breadcrumb"},"inLanguage":"fr-FR","potentialAction":[{"@type":"ReadAction","target":["https:\/\/premiumline-cabling.com\/fr\/product\/cordon-de-raccordement-slimline-cat-6a-u-utp\/"]}]},{"@type":"ImageObject","inLanguage":"fr-FR","@id":"https:\/\/premiumline-cabling.com\/fr\/product\/cordon-de-raccordement-slimline-cat-6a-u-utp\/#primaryimage","url":"https:\/\/premiumline-cabling.com\/wp-content\/uploads\/2019\/09\/Slim-TypePatch_6A_uutp.jpg","contentUrl":"https:\/\/premiumline-cabling.com\/wp-content\/uploads\/2019\/09\/Slim-TypePatch_6A_uutp.jpg","width":1024,"height":683},{"@type":"BreadcrumbList","@id":"https:\/\/premiumline-cabling.com\/fr\/product\/cordon-de-raccordement-slimline-cat-6a-u-utp\/#breadcrumb","itemListElement":[{"@type":"ListItem","position":1,"name":"\u0413\u043b\u0430\u0432\u043d\u0430\u044f \u0441\u0442\u0440\u0430\u043d\u0438\u0446\u0430","item":"https:\/\/premiumline-cabling.com\/fr\/"},{"@type":"ListItem","position":2,"name":"Cordon de brassage SlimLine Cat. 6A U\/UTP"}]},{"@type":"WebSite","@id":"https:\/\/premiumline-cabling.com\/#website","url":"https:\/\/premiumline-cabling.com\/","name":"Premium-Line","description":"Structured Cabling System","publisher":{"@id":"https:\/\/premiumline-cabling.com\/#organization"},"potentialAction":[{"@type":"SearchAction","target":{"@type":"EntryPoint","urlTemplate":"https:\/\/premiumline-cabling.com\/?s={search_term_string}"},"query-input":{"@type":"PropertyValueSpecification","valueRequired":true,"valueName":"search_term_string"}}],"inLanguage":"fr-FR"},{"@type":"Organization","@id":"https:\/\/premiumline-cabling.com\/#organization","name":"Premium-Line","url":"https:\/\/premiumline-cabling.com\/","logo":{"@type":"ImageObject","inLanguage":"fr-FR","@id":"https:\/\/premiumline-cabling.com\/#\/schema\/logo\/image\/","url":"https:\/\/premiumline-cabling.com\/wp-content\/uploads\/2019\/04\/cropped-img_logo_site_Premium-Line.png","contentUrl":"https:\/\/premiumline-cabling.com\/wp-content\/uploads\/2019\/04\/cropped-img_logo_site_Premium-Line.png","width":190,"height":62,"caption":"Premium-Line"},"image":{"@id":"https:\/\/premiumline-cabling.com\/#\/schema\/logo\/image\/"}}]}},"_links":{"self":[{"href":"https:\/\/premiumline-cabling.com\/fr\/wp-json\/wp\/v2\/product\/19862","targetHints":{"allow":["GET"]}}],"collection":[{"href":"https:\/\/premiumline-cabling.com\/fr\/wp-json\/wp\/v2\/product"}],"about":[{"href":"https:\/\/premiumline-cabling.com\/fr\/wp-json\/wp\/v2\/types\/product"}],"wp:featuredmedia":[{"embeddable":true,"href":"https:\/\/premiumline-cabling.com\/fr\/wp-json\/wp\/v2\/media\/19866"}],"wp:attachment":[{"href":"https:\/\/premiumline-cabling.com\/fr\/wp-json\/wp\/v2\/media?parent=19862"}],"wp:term":[{"taxonomy":"product_category","embeddable":true,"href":"https:\/\/premiumline-cabling.com\/fr\/wp-json\/wp\/v2\/product_category?post=19862"}],"curies":[{"name":"wp","href":"https:\/\/api.w.org\/{rel}","templated":true}]}}