{"id":19843,"date":"2019-02-07T16:44:49","date_gmt":"2019-02-07T15:44:49","guid":{"rendered":"https:\/\/premiumline-cabling.com\/product\/cable-cat-6a-s-ftp\/"},"modified":"2023-11-27T14:15:20","modified_gmt":"2023-11-27T13:15:20","slug":"cable-cat-6a-s-ftp","status":"publish","type":"product","link":"https:\/\/premiumline-cabling.com\/fr\/product\/cable-cat-6a-s-ftp\/","title":{"rendered":"C\u00e2ble Cat. 6A S\/FTP"},"content":{"rendered":"<p class=\"bodytext\">La solution de c\u00e2blage Premium-Line 10G Cat.6A offre des performances de transmission qui d\u00e9passent les normes industrielles pour les param\u00e8tres de cat\u00e9gorie 6 et prend en charge le fonctionnement de 10GBASE-T sur 100 m\u00e8tres. Les solutions de c\u00e2blage 10G Cat.6A sont qualifi\u00e9es pour des fr\u00e9quences allant jusqu&#8217;\u00e0 500 MHz et offrent des applications garanties.<\/p>\n<p><strong>Normes :<noscript><img decoding=\"async\" class=\"alignright wp-image-3361 size-medium\" src=\"https:\/\/premiumline-cabling.com\/wp-content\/uploads\/2019\/09\/Cat.6A-S_FTP-cable-300x88.jpg\" alt width=\"300\" height=\"88\" srcset=\"https:\/\/premiumline-cabling.com\/wp-content\/uploads\/2019\/09\/Cat.6A-S_FTP-cable-300x88.jpg 300w, https:\/\/premiumline-cabling.com\/wp-content\/uploads\/2019\/09\/Cat.6A-S_FTP-cable.jpg 590w\" sizes=\"(max-width: 300px) 100vw, 300px\"><\/noscript><img decoding=\"async\" class=\"alignright wp-image-3361 size-medium lazyload\" src=\"data:image\/svg+xml,%3Csvg%20xmlns%3D%22http%3A%2F%2Fwww.w3.org%2F2000%2Fsvg%22%20viewBox%3D%220%200%20300%2088%22%3E%3C%2Fsvg%3E\" alt width=\"300\" height=\"88\" srcset=\"data:image\/svg+xml,%3Csvg%20xmlns%3D%22http%3A%2F%2Fwww.w3.org%2F2000%2Fsvg%22%20viewBox%3D%220%200%20300%2088%22%3E%3C%2Fsvg%3E 300w\" sizes=\"(max-width: 300px) 100vw, 300px\" data-srcset=\"https:\/\/premiumline-cabling.com\/wp-content\/uploads\/2019\/09\/Cat.6A-S_FTP-cable-300x88.jpg 300w, https:\/\/premiumline-cabling.com\/wp-content\/uploads\/2019\/09\/Cat.6A-S_FTP-cable.jpg 590w\" data-src=\"https:\/\/premiumline-cabling.com\/wp-content\/uploads\/2019\/09\/Cat.6A-S_FTP-cable-300x88.jpg\"><\/strong><\/p>\n<ul>\n<li>ISO\/CEI 2e \u00e9dition Amendement 1.2<\/li>\n<li>CENELEC EN 50288-10-1<\/li>\n<li>ISO\/IEC 61156-5 2\u00e8me \u00e9dition<\/li>\n<li>ANSI\/TIA-568-C.2<\/li>\n<li>IEC 60332-1<\/li>\n<li>IEC 60754-2<\/li>\n<li>Homologu\u00e9 UL<\/li>\n<li>Conforme \u00e0 la directive RoHS<\/li>\n<\/ul>\n<p><strong>Application :<noscript><img decoding=\"async\" class=\"alignright wp-image-3364 size-medium\" src=\"https:\/\/premiumline-cabling.com\/wp-content\/uploads\/2019\/09\/Cat.6A-S_FTP-cable_config-300x213.jpg\" alt width=\"300\" height=\"213\" srcset=\"https:\/\/premiumline-cabling.com\/wp-content\/uploads\/2019\/09\/Cat.6A-S_FTP-cable_config-300x213.jpg 300w, https:\/\/premiumline-cabling.com\/wp-content\/uploads\/2019\/09\/Cat.6A-S_FTP-cable_config.jpg 518w\" sizes=\"(max-width: 300px) 100vw, 300px\"><\/noscript><img decoding=\"async\" class=\"alignright wp-image-3364 size-medium lazyload\" src=\"data:image\/svg+xml,%3Csvg%20xmlns%3D%22http%3A%2F%2Fwww.w3.org%2F2000%2Fsvg%22%20viewBox%3D%220%200%20300%20213%22%3E%3C%2Fsvg%3E\" alt width=\"300\" height=\"213\" srcset=\"data:image\/svg+xml,%3Csvg%20xmlns%3D%22http%3A%2F%2Fwww.w3.org%2F2000%2Fsvg%22%20viewBox%3D%220%200%20300%20213%22%3E%3C%2Fsvg%3E 300w\" sizes=\"(max-width: 300px) 100vw, 300px\" data-srcset=\"https:\/\/premiumline-cabling.com\/wp-content\/uploads\/2019\/09\/Cat.6A-S_FTP-cable_config-300x213.jpg 300w, https:\/\/premiumline-cabling.com\/wp-content\/uploads\/2019\/09\/Cat.6A-S_FTP-cable_config.jpg 518w\" data-src=\"https:\/\/premiumline-cabling.com\/wp-content\/uploads\/2019\/09\/Cat.6A-S_FTP-cable_config-300x213.jpg\"><\/strong><\/p>\n<ul>\n<li>10G BASE-T Ethernet<\/li>\n<li>1000BASE-TX (Gigabit Ethernet)<\/li>\n<li>1000BASE-T (Gigabit Ethernet)<\/li>\n<li>100BASE-TX Fast Ethernet<\/li>\n<li>10BASE-T Ethernet<\/li>\n<li>Voix<\/li>\n<\/ul>\n<div>\n<h4>La construction<\/h4>\n<table style=\"width: 474px;\">\n<thead>\n<tr>\n<td class=\"black\" style=\"width: 94px;\"><strong>Chef d&#8217;orchestre<\/strong><\/td>\n<td class=\"black\" style=\"width: 128px;\"><strong>Mat\u00e9riau \/ taille<\/strong><\/td>\n<td class=\"black\" style=\"width: 252px;\"><strong>Cuivre nu \/ 23 AWG<\/strong><\/td>\n<\/tr>\n<\/thead>\n<tbody>\n<tr>\n<td style=\"width: 94px;\">Isolation<\/td>\n<td style=\"width: 128px;\">Mat\u00e9riau<\/td>\n<td style=\"width: 252px;\">Peau de mousse PE<\/td>\n<\/tr>\n<tr>\n<td style=\"width: 94px;\">Bouclier int\u00e9rieur<\/td>\n<td style=\"width: 128px;\">Aluminium-Mylar<\/td>\n<td style=\"width: 252px;\">Un \u00e9cran en feuille d&#8217;aluminium autour de chaque paire<\/td>\n<\/tr>\n<tr>\n<td style=\"width: 94px;\">Tresse<\/td>\n<td style=\"width: 128px;\">Mat\u00e9riau<\/td>\n<td style=\"width: 252px;\">Cuivre \u00e9tam\u00e9<\/td>\n<\/tr>\n<tr>\n<td style=\"width: 94px;\" rowspan=\"2\">Fourreau<\/td>\n<td style=\"width: 128px;\">Mat\u00e9riau<\/td>\n<td style=\"width: 252px;\">LSOH<\/td>\n<\/tr>\n<tr>\n<td style=\"width: 128px;\">Diam\u00e8tre<\/td>\n<td style=\"width: 252px;\">7,4\u00b1 0,3 mm<\/td>\n<\/tr>\n<\/tbody>\n<\/table>\n<\/div>\n<div>\n<h4>Caract\u00e9ristiques m\u00e9caniques et environnementales<\/h4>\n<table style=\"width: 56.6667%;\" width=\"100%\">\n<thead>\n<tr>\n<td class=\"black\" style=\"width: 28.087%;\" rowspan=\"2\" width=\"52%\"><strong>Rayon de courbure<\/strong><\/td>\n<td style=\"width: 25.5797%;\" width=\"45%\"><strong>\u2265 6D, sans charge<\/strong><\/td>\n<\/tr>\n<tr>\n<td style=\"width: 25.5797%;\" width=\"45%\"><strong>\u2265 8D, avec charge<\/strong><\/td>\n<\/tr>\n<\/thead>\n<tbody>\n<tr>\n<td class=\"black\" style=\"width: 28.087%;\" width=\"52%\">Temp\u00e9rature de fonctionnement<\/td>\n<td style=\"width: 25.5797%;\" width=\"45%\">-20 \u00b0C ~+60 \u00b0C<\/td>\n<\/tr>\n<tr>\n<td class=\"black\" style=\"width: 28.087%;\" width=\"52%\">Temp\u00e9rature d&#8217;installation<\/td>\n<td style=\"width: 25.5797%;\" width=\"45%\">0\u00b0C ~+50\u00b0C<\/td>\n<\/tr>\n<tr>\n<td class=\"black\" style=\"width: 28.087%;\" width=\"52%\">Temp\u00e9rature de stockage<\/td>\n<td style=\"width: 25.5797%;\" width=\"45%\">-30 \u00b0C ~+60\u00b0C<\/td>\n<\/tr>\n<\/tbody>\n<\/table>\n<\/div>\n<h4>Cat\u00e9gorie 6A S\/FTP 600MHz<\/h4>\n<table style=\"width: 82.4638%;\" width=\"100%\">\n<thead>\n<tr>\n<td class=\"black\" style=\"width: 22%;\" width=\"22%\"><strong>PART NO.<\/strong><\/td>\n<td class=\"black\" style=\"width: 33%;\" width=\"33%\"><strong>DESCRIPTION<\/strong><\/td>\n<td class=\"black\" style=\"width: 23.4638%;\" width=\"41%\"><strong>TAILLE DE L&#8217;EMBALLAGE<\/strong><\/td>\n<\/tr>\n<\/thead>\n<tbody>\n<tr>\n<td style=\"width: 22%;\" width=\"22%\">209442225<\/td>\n<td style=\"width: 33%;\" width=\"33%\">C\u00e2ble d&#8217;installation Premium-Line Cat\u00e9gorie 6A S\/FTP, LSOH, Gris<\/td>\n<td style=\"width: 23.4638%;\" width=\"41%\">45(O.D)\u00d729.8(H) cm<\/td>\n<\/tr>\n<\/tbody>\n<\/table>\n<h3><span style=\"color: #a13737;\"><strong><u>Ouvrir d&#8217;autres options (cliquer sur le signe &#8220;+&#8221; ci-dessous)<\/u><\/strong><\/span><\/h3>\n","protected":false},"featured_media":19846,"template":"","product_category":[401],"class_list":["post-19843","product","type-product","status-publish","has-post-thumbnail","hentry","product_category-cable-dinstallation"],"yoast_head":"<!-- This site is optimized with the Yoast SEO plugin v27.2 - https:\/\/yoast.com\/product\/yoast-seo-wordpress\/ -->\n<title>C\u00e2ble d&#039;installation Premium-Line Cat\u00e9gorie 6A S\/FTP 600MHz<\/title>\n<meta name=\"description\" content=\"La solution de c\u00e2blage Premium-Line 10G Cat.6A offre des performances de transmission qui d\u00e9passent les normes industrielles pour les param\u00e8tres de cat\u00e9gorie 6.\" \/>\n<meta name=\"robots\" content=\"index, follow, max-snippet:-1, max-image-preview:large, max-video-preview:-1\" \/>\n<link rel=\"canonical\" href=\"https:\/\/premiumline-cabling.com\/fr\/product\/cable-cat-6a-s-ftp\/\" \/>\n<meta property=\"og:locale\" content=\"fr_FR\" \/>\n<meta property=\"og:type\" content=\"article\" \/>\n<meta property=\"og:title\" content=\"C\u00e2ble d&#039;installation Premium-Line Cat\u00e9gorie 6A S\/FTP 600MHz\" \/>\n<meta property=\"og:description\" content=\"La solution de c\u00e2blage Premium-Line 10G Cat.6A offre des performances de transmission qui d\u00e9passent les normes industrielles pour les param\u00e8tres de cat\u00e9gorie 6.\" \/>\n<meta property=\"og:url\" content=\"https:\/\/premiumline-cabling.com\/fr\/product\/cable-cat-6a-s-ftp\/\" \/>\n<meta property=\"og:site_name\" content=\"Premium-Line\" \/>\n<meta property=\"article:modified_time\" content=\"2023-11-27T13:15:20+00:00\" \/>\n<meta property=\"og:image\" content=\"https:\/\/premiumline-cabling.com\/wp-content\/uploads\/2019\/02\/PL_img_Category-6A-S-FTP-600MHz.jpg\" \/>\n\t<meta property=\"og:image:width\" content=\"283\" \/>\n\t<meta property=\"og:image:height\" content=\"220\" \/>\n\t<meta property=\"og:image:type\" content=\"image\/jpeg\" \/>\n<meta name=\"twitter:card\" content=\"summary_large_image\" \/>\n<meta name=\"twitter:label1\" content=\"Dur\u00e9e de lecture estim\u00e9e\" \/>\n\t<meta name=\"twitter:data1\" content=\"2 minutes\" \/>\n<script type=\"application\/ld+json\" class=\"yoast-schema-graph\">{\"@context\":\"https:\/\/schema.org\",\"@graph\":[{\"@type\":\"WebPage\",\"@id\":\"https:\/\/premiumline-cabling.com\/fr\/product\/cable-cat-6a-s-ftp\/\",\"url\":\"https:\/\/premiumline-cabling.com\/fr\/product\/cable-cat-6a-s-ftp\/\",\"name\":\"C\u00e2ble d'installation Premium-Line Cat\u00e9gorie 6A S\/FTP 600MHz\",\"isPartOf\":{\"@id\":\"https:\/\/premiumline-cabling.com\/#website\"},\"primaryImageOfPage\":{\"@id\":\"https:\/\/premiumline-cabling.com\/fr\/product\/cable-cat-6a-s-ftp\/#primaryimage\"},\"image\":{\"@id\":\"https:\/\/premiumline-cabling.com\/fr\/product\/cable-cat-6a-s-ftp\/#primaryimage\"},\"thumbnailUrl\":\"https:\/\/premiumline-cabling.com\/wp-content\/uploads\/2019\/02\/PL_img_Category-6A-S-FTP-600MHz.jpg\",\"datePublished\":\"2019-02-07T15:44:49+00:00\",\"dateModified\":\"2023-11-27T13:15:20+00:00\",\"description\":\"La solution de c\u00e2blage Premium-Line 10G Cat.6A offre des performances de transmission qui d\u00e9passent les normes industrielles pour les param\u00e8tres de cat\u00e9gorie 6.\",\"breadcrumb\":{\"@id\":\"https:\/\/premiumline-cabling.com\/fr\/product\/cable-cat-6a-s-ftp\/#breadcrumb\"},\"inLanguage\":\"fr-FR\",\"potentialAction\":[{\"@type\":\"ReadAction\",\"target\":[\"https:\/\/premiumline-cabling.com\/fr\/product\/cable-cat-6a-s-ftp\/\"]}]},{\"@type\":\"ImageObject\",\"inLanguage\":\"fr-FR\",\"@id\":\"https:\/\/premiumline-cabling.com\/fr\/product\/cable-cat-6a-s-ftp\/#primaryimage\",\"url\":\"https:\/\/premiumline-cabling.com\/wp-content\/uploads\/2019\/02\/PL_img_Category-6A-S-FTP-600MHz.jpg\",\"contentUrl\":\"https:\/\/premiumline-cabling.com\/wp-content\/uploads\/2019\/02\/PL_img_Category-6A-S-FTP-600MHz.jpg\",\"width\":283,\"height\":220},{\"@type\":\"BreadcrumbList\",\"@id\":\"https:\/\/premiumline-cabling.com\/fr\/product\/cable-cat-6a-s-ftp\/#breadcrumb\",\"itemListElement\":[{\"@type\":\"ListItem\",\"position\":1,\"name\":\"\u0413\u043b\u0430\u0432\u043d\u0430\u044f \u0441\u0442\u0440\u0430\u043d\u0438\u0446\u0430\",\"item\":\"https:\/\/premiumline-cabling.com\/fr\/\"},{\"@type\":\"ListItem\",\"position\":2,\"name\":\"C\u00e2ble Cat. 6A S\/FTP\"}]},{\"@type\":\"WebSite\",\"@id\":\"https:\/\/premiumline-cabling.com\/#website\",\"url\":\"https:\/\/premiumline-cabling.com\/\",\"name\":\"Premium-Line\",\"description\":\"Structured Cabling System\",\"publisher\":{\"@id\":\"https:\/\/premiumline-cabling.com\/#organization\"},\"potentialAction\":[{\"@type\":\"SearchAction\",\"target\":{\"@type\":\"EntryPoint\",\"urlTemplate\":\"https:\/\/premiumline-cabling.com\/?s={search_term_string}\"},\"query-input\":{\"@type\":\"PropertyValueSpecification\",\"valueRequired\":true,\"valueName\":\"search_term_string\"}}],\"inLanguage\":\"fr-FR\"},{\"@type\":\"Organization\",\"@id\":\"https:\/\/premiumline-cabling.com\/#organization\",\"name\":\"Premium-Line\",\"url\":\"https:\/\/premiumline-cabling.com\/\",\"logo\":{\"@type\":\"ImageObject\",\"inLanguage\":\"fr-FR\",\"@id\":\"https:\/\/premiumline-cabling.com\/#\/schema\/logo\/image\/\",\"url\":\"https:\/\/premiumline-cabling.com\/wp-content\/uploads\/2019\/04\/cropped-img_logo_site_Premium-Line.png\",\"contentUrl\":\"https:\/\/premiumline-cabling.com\/wp-content\/uploads\/2019\/04\/cropped-img_logo_site_Premium-Line.png\",\"width\":190,\"height\":62,\"caption\":\"Premium-Line\"},\"image\":{\"@id\":\"https:\/\/premiumline-cabling.com\/#\/schema\/logo\/image\/\"}}]}<\/script>\n<!-- \/ Yoast SEO plugin. -->","yoast_head_json":{"title":"C\u00e2ble d'installation Premium-Line Cat\u00e9gorie 6A S\/FTP 600MHz","description":"La solution de c\u00e2blage Premium-Line 10G Cat.6A offre des performances de transmission qui d\u00e9passent les normes industrielles pour les param\u00e8tres de cat\u00e9gorie 6.","robots":{"index":"index","follow":"follow","max-snippet":"max-snippet:-1","max-image-preview":"max-image-preview:large","max-video-preview":"max-video-preview:-1"},"canonical":"https:\/\/premiumline-cabling.com\/fr\/product\/cable-cat-6a-s-ftp\/","og_locale":"fr_FR","og_type":"article","og_title":"C\u00e2ble d'installation Premium-Line Cat\u00e9gorie 6A S\/FTP 600MHz","og_description":"La solution de c\u00e2blage Premium-Line 10G Cat.6A offre des performances de transmission qui d\u00e9passent les normes industrielles pour les param\u00e8tres de cat\u00e9gorie 6.","og_url":"https:\/\/premiumline-cabling.com\/fr\/product\/cable-cat-6a-s-ftp\/","og_site_name":"Premium-Line","article_modified_time":"2023-11-27T13:15:20+00:00","og_image":[{"width":283,"height":220,"url":"https:\/\/premiumline-cabling.com\/wp-content\/uploads\/2019\/02\/PL_img_Category-6A-S-FTP-600MHz.jpg","type":"image\/jpeg"}],"twitter_card":"summary_large_image","twitter_misc":{"Dur\u00e9e de lecture estim\u00e9e":"2 minutes"},"schema":{"@context":"https:\/\/schema.org","@graph":[{"@type":"WebPage","@id":"https:\/\/premiumline-cabling.com\/fr\/product\/cable-cat-6a-s-ftp\/","url":"https:\/\/premiumline-cabling.com\/fr\/product\/cable-cat-6a-s-ftp\/","name":"C\u00e2ble d'installation Premium-Line Cat\u00e9gorie 6A S\/FTP 600MHz","isPartOf":{"@id":"https:\/\/premiumline-cabling.com\/#website"},"primaryImageOfPage":{"@id":"https:\/\/premiumline-cabling.com\/fr\/product\/cable-cat-6a-s-ftp\/#primaryimage"},"image":{"@id":"https:\/\/premiumline-cabling.com\/fr\/product\/cable-cat-6a-s-ftp\/#primaryimage"},"thumbnailUrl":"https:\/\/premiumline-cabling.com\/wp-content\/uploads\/2019\/02\/PL_img_Category-6A-S-FTP-600MHz.jpg","datePublished":"2019-02-07T15:44:49+00:00","dateModified":"2023-11-27T13:15:20+00:00","description":"La solution de c\u00e2blage Premium-Line 10G Cat.6A offre des performances de transmission qui d\u00e9passent les normes industrielles pour les param\u00e8tres de cat\u00e9gorie 6.","breadcrumb":{"@id":"https:\/\/premiumline-cabling.com\/fr\/product\/cable-cat-6a-s-ftp\/#breadcrumb"},"inLanguage":"fr-FR","potentialAction":[{"@type":"ReadAction","target":["https:\/\/premiumline-cabling.com\/fr\/product\/cable-cat-6a-s-ftp\/"]}]},{"@type":"ImageObject","inLanguage":"fr-FR","@id":"https:\/\/premiumline-cabling.com\/fr\/product\/cable-cat-6a-s-ftp\/#primaryimage","url":"https:\/\/premiumline-cabling.com\/wp-content\/uploads\/2019\/02\/PL_img_Category-6A-S-FTP-600MHz.jpg","contentUrl":"https:\/\/premiumline-cabling.com\/wp-content\/uploads\/2019\/02\/PL_img_Category-6A-S-FTP-600MHz.jpg","width":283,"height":220},{"@type":"BreadcrumbList","@id":"https:\/\/premiumline-cabling.com\/fr\/product\/cable-cat-6a-s-ftp\/#breadcrumb","itemListElement":[{"@type":"ListItem","position":1,"name":"\u0413\u043b\u0430\u0432\u043d\u0430\u044f \u0441\u0442\u0440\u0430\u043d\u0438\u0446\u0430","item":"https:\/\/premiumline-cabling.com\/fr\/"},{"@type":"ListItem","position":2,"name":"C\u00e2ble Cat. 6A S\/FTP"}]},{"@type":"WebSite","@id":"https:\/\/premiumline-cabling.com\/#website","url":"https:\/\/premiumline-cabling.com\/","name":"Premium-Line","description":"Structured Cabling System","publisher":{"@id":"https:\/\/premiumline-cabling.com\/#organization"},"potentialAction":[{"@type":"SearchAction","target":{"@type":"EntryPoint","urlTemplate":"https:\/\/premiumline-cabling.com\/?s={search_term_string}"},"query-input":{"@type":"PropertyValueSpecification","valueRequired":true,"valueName":"search_term_string"}}],"inLanguage":"fr-FR"},{"@type":"Organization","@id":"https:\/\/premiumline-cabling.com\/#organization","name":"Premium-Line","url":"https:\/\/premiumline-cabling.com\/","logo":{"@type":"ImageObject","inLanguage":"fr-FR","@id":"https:\/\/premiumline-cabling.com\/#\/schema\/logo\/image\/","url":"https:\/\/premiumline-cabling.com\/wp-content\/uploads\/2019\/04\/cropped-img_logo_site_Premium-Line.png","contentUrl":"https:\/\/premiumline-cabling.com\/wp-content\/uploads\/2019\/04\/cropped-img_logo_site_Premium-Line.png","width":190,"height":62,"caption":"Premium-Line"},"image":{"@id":"https:\/\/premiumline-cabling.com\/#\/schema\/logo\/image\/"}}]}},"_links":{"self":[{"href":"https:\/\/premiumline-cabling.com\/fr\/wp-json\/wp\/v2\/product\/19843","targetHints":{"allow":["GET"]}}],"collection":[{"href":"https:\/\/premiumline-cabling.com\/fr\/wp-json\/wp\/v2\/product"}],"about":[{"href":"https:\/\/premiumline-cabling.com\/fr\/wp-json\/wp\/v2\/types\/product"}],"wp:featuredmedia":[{"embeddable":true,"href":"https:\/\/premiumline-cabling.com\/fr\/wp-json\/wp\/v2\/media\/19846"}],"wp:attachment":[{"href":"https:\/\/premiumline-cabling.com\/fr\/wp-json\/wp\/v2\/media?parent=19843"}],"wp:term":[{"taxonomy":"product_category","embeddable":true,"href":"https:\/\/premiumline-cabling.com\/fr\/wp-json\/wp\/v2\/product_category?post=19843"}],"curies":[{"name":"wp","href":"https:\/\/api.w.org\/{rel}","templated":true}]}}