{"id":19828,"date":"2019-02-09T22:41:58","date_gmt":"2019-02-09T21:41:58","guid":{"rendered":"https:\/\/premiumline-cabling.com\/product\/cable-cat-6-u-ftp\/"},"modified":"2023-12-11T12:36:15","modified_gmt":"2023-12-11T11:36:15","slug":"cable-cat-6-u-ftp","status":"publish","type":"product","link":"https:\/\/premiumline-cabling.com\/fr\/product\/cable-cat-6-u-ftp\/","title":{"rendered":"C\u00e2ble Cat. 6 U\/FTP"},"content":{"rendered":"<h4><strong> Normes:<noscript><img decoding=\"async\" class=\"alignright wp-image-3335\" src=\"https:\/\/premiumline-cabling.com\/wp-content\/uploads\/2019\/02\/Cat.6-U_FTP-cable-300x64.jpg\" alt width=\"400\" height=\"85\" srcset=\"https:\/\/premiumline-cabling.com\/wp-content\/uploads\/2019\/02\/Cat.6-U_FTP-cable-300x64.jpg 300w, https:\/\/premiumline-cabling.com\/wp-content\/uploads\/2019\/02\/Cat.6-U_FTP-cable.jpg 590w\" sizes=\"(max-width: 400px) 100vw, 400px\"><\/noscript><img decoding=\"async\" class=\"alignright wp-image-3335 lazyload\" src=\"data:image\/svg+xml,%3Csvg%20xmlns%3D%22http%3A%2F%2Fwww.w3.org%2F2000%2Fsvg%22%20viewBox%3D%220%200%20400%2085%22%3E%3C%2Fsvg%3E\" alt width=\"400\" height=\"85\" srcset=\"data:image\/svg+xml,%3Csvg%20xmlns%3D%22http%3A%2F%2Fwww.w3.org%2F2000%2Fsvg%22%20viewBox%3D%220%200%20400%2085%22%3E%3C%2Fsvg%3E 400w\" sizes=\"(max-width: 400px) 100vw, 400px\" data-srcset=\"https:\/\/premiumline-cabling.com\/wp-content\/uploads\/2019\/02\/Cat.6-U_FTP-cable-300x64.jpg 300w, https:\/\/premiumline-cabling.com\/wp-content\/uploads\/2019\/02\/Cat.6-U_FTP-cable.jpg 590w\" data-src=\"https:\/\/premiumline-cabling.com\/wp-content\/uploads\/2019\/02\/Cat.6-U_FTP-cable-300x64.jpg\"><\/strong><\/h4>\n<ul>\n<li style=\"list-style-type: none;\">\n<ul>\n<li>ANSI\/TIA-568.2-D:2018<\/li>\n<li>ISO\/IEC 11801-1:2017<\/li>\n<li>CENELEC EN 50173-1<\/li>\n<li>CENELEC EN 50288-5-1<\/li>\n<li>Retardateur de flamme selon IEC 60332-1-2<\/li>\n<li>Conforme \u00e0 la directive RoHS<\/li>\n<\/ul>\n<\/li>\n<\/ul>\n<p><noscript><img decoding=\"async\" class=\"alignright wp-image-3338\" src=\"https:\/\/premiumline-cabling.com\/wp-content\/uploads\/2019\/02\/Cat.6-U_FTP-cable-configuration.jpg\" alt width=\"300\" height=\"237\" srcset=\"https:\/\/premiumline-cabling.com\/wp-content\/uploads\/2019\/02\/Cat.6-U_FTP-cable-configuration.jpg 336w, https:\/\/premiumline-cabling.com\/wp-content\/uploads\/2019\/02\/Cat.6-U_FTP-cable-configuration-300x237.jpg 300w\" sizes=\"(max-width: 300px) 100vw, 300px\"><\/noscript><img decoding=\"async\" class=\"alignright wp-image-3338 lazyload\" src=\"data:image\/svg+xml,%3Csvg%20xmlns%3D%22http%3A%2F%2Fwww.w3.org%2F2000%2Fsvg%22%20viewBox%3D%220%200%20300%20237%22%3E%3C%2Fsvg%3E\" alt width=\"300\" height=\"237\" srcset=\"data:image\/svg+xml,%3Csvg%20xmlns%3D%22http%3A%2F%2Fwww.w3.org%2F2000%2Fsvg%22%20viewBox%3D%220%200%20300%20237%22%3E%3C%2Fsvg%3E 300w\" sizes=\"(max-width: 300px) 100vw, 300px\" data-srcset=\"https:\/\/premiumline-cabling.com\/wp-content\/uploads\/2019\/02\/Cat.6-U_FTP-cable-configuration.jpg 336w, https:\/\/premiumline-cabling.com\/wp-content\/uploads\/2019\/02\/Cat.6-U_FTP-cable-configuration-300x237.jpg 300w\" data-src=\"https:\/\/premiumline-cabling.com\/wp-content\/uploads\/2019\/02\/Cat.6-U_FTP-cable-configuration.jpg\"><\/p>\n<h4><strong>Application:<\/strong><\/h4>\n<ul>\n<li>1000BASE-TX (Gigabit Ethernet)<\/li>\n<li>1000BASE-T (Gigabit Ethernet)<\/li>\n<li>100BASE-TX Fast Ethernet<\/li>\n<li>10BASE-T Ethernet<\/li>\n<li>Voix<\/li>\n<\/ul>\n<h4><strong>La construction<\/strong><\/h4>\n<table width=\"373\">\n<thead>\n<tr>\n<td><strong>Chef d&#8217;orchestre<\/strong><\/td>\n<td><strong>Mat\u00e9riau \/ taille<\/strong><\/td>\n<td><strong>Cuivre nu \/ 23 AWG<\/strong><\/td>\n<\/tr>\n<\/thead>\n<tbody>\n<tr>\n<td>Isolation<\/td>\n<td>Mat\u00e9riau<\/td>\n<td>Peau de mousse PE<\/td>\n<\/tr>\n<tr>\n<td>Bouclier int\u00e9rieur<\/td>\n<td>Aluminium-Mylar<\/td>\n<td>Une feuille d&#8217;aluminium autour de chaque paire<\/td>\n<\/tr>\n<tr>\n<td>Fil de drainage<\/td>\n<td>Mat\u00e9riau<\/td>\n<td>Cuivre \u00e9tam\u00e9 toronn\u00e9 \/ 26AWG<\/td>\n<\/tr>\n<tr>\n<td rowspan=\"2\">Fourreau<\/td>\n<td>Mat\u00e9riau<\/td>\n<td>PVC \/ LSOH<\/td>\n<\/tr>\n<tr>\n<td>Diam\u00e8tre<\/td>\n<td>7,2\u00b1 0,3 mm<\/td>\n<\/tr>\n<\/tbody>\n<\/table>\n<h4><strong>Caract\u00e9ristiques m\u00e9caniques et environnementales<\/strong><\/h4>\n<table width=\"100%\">\n<thead>\n<tr>\n<td rowspan=\"2\"><strong>Rayon de courbure<\/strong><\/td>\n<td><strong>\u2265 6D, sans charge<\/strong><\/td>\n<\/tr>\n<tr>\n<td><strong>\u2265 8D, avec charge<\/strong><\/td>\n<\/tr>\n<\/thead>\n<tbody>\n<tr>\n<td>Temp\u00e9rature de fonctionnement<\/td>\n<td>-20 \u00b0C ~+60 \u00b0C<\/td>\n<\/tr>\n<tr>\n<td>Temp\u00e9rature d&#8217;installation<\/td>\n<td>0\u00b0C ~+50\u00b0C<\/td>\n<\/tr>\n<tr>\n<td>Temp\u00e9rature de stockage<\/td>\n<td>-30 \u00b0C ~+60\u00b0C<\/td>\n<\/tr>\n<\/tbody>\n<\/table>\n<h4><strong>C\u00e2ble d&#8217;installation U\/FTP de cat\u00e9gorie 6<\/strong><\/h4>\n<table width=\"100%\">\n<thead>\n<tr>\n<td><strong>PART NO.<\/strong><\/td>\n<td><strong>DESCRIPTION<\/strong><\/td>\n<td><strong>TAILLE DE L&#8217;EMBALLAGE<\/strong><\/td>\n<\/tr>\n<\/thead>\n<tbody>\n<tr>\n<td>206641225<\/td>\n<td>Premium-Line Cat\u00e9gorie 6 U\/FTP C\u00e2ble d&#8217;installation, bobines de 500 m, PVC, gris<\/td>\n<td>50(O.D)\u00d731(H) cm<\/td>\n<\/tr>\n<tr>\n<td>206642225<\/td>\n<td>Premium-Line Cat\u00e9gorie 6 U\/FTP C\u00e2ble d&#8217;installation, bobines de 500 m, LSOH, gris<\/td>\n<td>50(O.D)\u00d731(H) cm<\/td>\n<\/tr>\n<\/tbody>\n<\/table>\n<h3><span style=\"color: #a13737;\"><strong><u>Ouvrir toutes les options (cliquer sur le signe &#8220;+&#8221; ci-dessous)<\/u><\/strong><\/span><\/h3>\n<p>&nbsp;<\/p>\n","protected":false},"featured_media":19821,"template":"","product_category":[401],"class_list":["post-19828","product","type-product","status-publish","has-post-thumbnail","hentry","product_category-cable-dinstallation"],"yoast_head":"<!-- This site is optimized with the Yoast SEO plugin v27.2 - https:\/\/yoast.com\/product\/yoast-seo-wordpress\/ -->\n<title>C\u00e2ble d&#039;installation Premium-Line Cat\u00e9gorie 6 U\/FTP 450MHz<\/title>\n<meta name=\"description\" content=\"Premium-Line a construit des syst\u00e8mes de maturit\u00e9 \u00e0 la fois dans un centre de d\u00e9veloppement et de recherche de haute technologie et dans un laboratoire et une \u00e9quipe d&#039;assurance qualit\u00e9 structurelle compl\u00e8te.\" \/>\n<meta name=\"robots\" content=\"index, follow, max-snippet:-1, max-image-preview:large, max-video-preview:-1\" \/>\n<link rel=\"canonical\" href=\"https:\/\/premiumline-cabling.com\/fr\/product\/cable-cat-6-u-ftp\/\" \/>\n<meta property=\"og:locale\" content=\"fr_FR\" \/>\n<meta property=\"og:type\" content=\"article\" \/>\n<meta property=\"og:title\" content=\"C\u00e2ble d&#039;installation Premium-Line Cat\u00e9gorie 6 U\/FTP 450MHz\" \/>\n<meta property=\"og:description\" content=\"Premium-Line a construit des syst\u00e8mes de maturit\u00e9 \u00e0 la fois dans un centre de d\u00e9veloppement et de recherche de haute technologie et dans un laboratoire et une \u00e9quipe d&#039;assurance qualit\u00e9 structurelle compl\u00e8te.\" \/>\n<meta property=\"og:url\" content=\"https:\/\/premiumline-cabling.com\/fr\/product\/cable-cat-6-u-ftp\/\" \/>\n<meta property=\"og:site_name\" content=\"Premium-Line\" \/>\n<meta property=\"article:modified_time\" content=\"2023-12-11T11:36:15+00:00\" \/>\n<meta property=\"og:image\" content=\"https:\/\/premiumline-cabling.com\/wp-content\/uploads\/2019\/02\/img_PL_installation-cable-6.jpg\" \/>\n\t<meta property=\"og:image:width\" content=\"283\" \/>\n\t<meta property=\"og:image:height\" content=\"220\" \/>\n\t<meta property=\"og:image:type\" content=\"image\/jpeg\" \/>\n<meta name=\"twitter:card\" content=\"summary_large_image\" \/>\n<meta name=\"twitter:label1\" content=\"Dur\u00e9e de lecture estim\u00e9e\" \/>\n\t<meta name=\"twitter:data1\" content=\"2 minutes\" \/>\n<script type=\"application\/ld+json\" class=\"yoast-schema-graph\">{\"@context\":\"https:\/\/schema.org\",\"@graph\":[{\"@type\":\"WebPage\",\"@id\":\"https:\/\/premiumline-cabling.com\/fr\/product\/cable-cat-6-u-ftp\/\",\"url\":\"https:\/\/premiumline-cabling.com\/fr\/product\/cable-cat-6-u-ftp\/\",\"name\":\"C\u00e2ble d'installation Premium-Line Cat\u00e9gorie 6 U\/FTP 450MHz\",\"isPartOf\":{\"@id\":\"https:\/\/premiumline-cabling.com\/#website\"},\"primaryImageOfPage\":{\"@id\":\"https:\/\/premiumline-cabling.com\/fr\/product\/cable-cat-6-u-ftp\/#primaryimage\"},\"image\":{\"@id\":\"https:\/\/premiumline-cabling.com\/fr\/product\/cable-cat-6-u-ftp\/#primaryimage\"},\"thumbnailUrl\":\"https:\/\/premiumline-cabling.com\/wp-content\/uploads\/2019\/02\/img_PL_installation-cable-6.jpg\",\"datePublished\":\"2019-02-09T21:41:58+00:00\",\"dateModified\":\"2023-12-11T11:36:15+00:00\",\"description\":\"Premium-Line a construit des syst\u00e8mes de maturit\u00e9 \u00e0 la fois dans un centre de d\u00e9veloppement et de recherche de haute technologie et dans un laboratoire et une \u00e9quipe d'assurance qualit\u00e9 structurelle compl\u00e8te.\",\"breadcrumb\":{\"@id\":\"https:\/\/premiumline-cabling.com\/fr\/product\/cable-cat-6-u-ftp\/#breadcrumb\"},\"inLanguage\":\"fr-FR\",\"potentialAction\":[{\"@type\":\"ReadAction\",\"target\":[\"https:\/\/premiumline-cabling.com\/fr\/product\/cable-cat-6-u-ftp\/\"]}]},{\"@type\":\"ImageObject\",\"inLanguage\":\"fr-FR\",\"@id\":\"https:\/\/premiumline-cabling.com\/fr\/product\/cable-cat-6-u-ftp\/#primaryimage\",\"url\":\"https:\/\/premiumline-cabling.com\/wp-content\/uploads\/2019\/02\/img_PL_installation-cable-6.jpg\",\"contentUrl\":\"https:\/\/premiumline-cabling.com\/wp-content\/uploads\/2019\/02\/img_PL_installation-cable-6.jpg\",\"width\":283,\"height\":220},{\"@type\":\"BreadcrumbList\",\"@id\":\"https:\/\/premiumline-cabling.com\/fr\/product\/cable-cat-6-u-ftp\/#breadcrumb\",\"itemListElement\":[{\"@type\":\"ListItem\",\"position\":1,\"name\":\"\u0413\u043b\u0430\u0432\u043d\u0430\u044f \u0441\u0442\u0440\u0430\u043d\u0438\u0446\u0430\",\"item\":\"https:\/\/premiumline-cabling.com\/fr\/\"},{\"@type\":\"ListItem\",\"position\":2,\"name\":\"C\u00e2ble Cat. 6 U\/FTP\"}]},{\"@type\":\"WebSite\",\"@id\":\"https:\/\/premiumline-cabling.com\/#website\",\"url\":\"https:\/\/premiumline-cabling.com\/\",\"name\":\"Premium-Line\",\"description\":\"Structured Cabling System\",\"publisher\":{\"@id\":\"https:\/\/premiumline-cabling.com\/#organization\"},\"potentialAction\":[{\"@type\":\"SearchAction\",\"target\":{\"@type\":\"EntryPoint\",\"urlTemplate\":\"https:\/\/premiumline-cabling.com\/?s={search_term_string}\"},\"query-input\":{\"@type\":\"PropertyValueSpecification\",\"valueRequired\":true,\"valueName\":\"search_term_string\"}}],\"inLanguage\":\"fr-FR\"},{\"@type\":\"Organization\",\"@id\":\"https:\/\/premiumline-cabling.com\/#organization\",\"name\":\"Premium-Line\",\"url\":\"https:\/\/premiumline-cabling.com\/\",\"logo\":{\"@type\":\"ImageObject\",\"inLanguage\":\"fr-FR\",\"@id\":\"https:\/\/premiumline-cabling.com\/#\/schema\/logo\/image\/\",\"url\":\"https:\/\/premiumline-cabling.com\/wp-content\/uploads\/2019\/04\/cropped-img_logo_site_Premium-Line.png\",\"contentUrl\":\"https:\/\/premiumline-cabling.com\/wp-content\/uploads\/2019\/04\/cropped-img_logo_site_Premium-Line.png\",\"width\":190,\"height\":62,\"caption\":\"Premium-Line\"},\"image\":{\"@id\":\"https:\/\/premiumline-cabling.com\/#\/schema\/logo\/image\/\"}}]}<\/script>\n<!-- \/ Yoast SEO plugin. -->","yoast_head_json":{"title":"C\u00e2ble d'installation Premium-Line Cat\u00e9gorie 6 U\/FTP 450MHz","description":"Premium-Line a construit des syst\u00e8mes de maturit\u00e9 \u00e0 la fois dans un centre de d\u00e9veloppement et de recherche de haute technologie et dans un laboratoire et une \u00e9quipe d'assurance qualit\u00e9 structurelle compl\u00e8te.","robots":{"index":"index","follow":"follow","max-snippet":"max-snippet:-1","max-image-preview":"max-image-preview:large","max-video-preview":"max-video-preview:-1"},"canonical":"https:\/\/premiumline-cabling.com\/fr\/product\/cable-cat-6-u-ftp\/","og_locale":"fr_FR","og_type":"article","og_title":"C\u00e2ble d'installation Premium-Line Cat\u00e9gorie 6 U\/FTP 450MHz","og_description":"Premium-Line a construit des syst\u00e8mes de maturit\u00e9 \u00e0 la fois dans un centre de d\u00e9veloppement et de recherche de haute technologie et dans un laboratoire et une \u00e9quipe d'assurance qualit\u00e9 structurelle compl\u00e8te.","og_url":"https:\/\/premiumline-cabling.com\/fr\/product\/cable-cat-6-u-ftp\/","og_site_name":"Premium-Line","article_modified_time":"2023-12-11T11:36:15+00:00","og_image":[{"width":283,"height":220,"url":"https:\/\/premiumline-cabling.com\/wp-content\/uploads\/2019\/02\/img_PL_installation-cable-6.jpg","type":"image\/jpeg"}],"twitter_card":"summary_large_image","twitter_misc":{"Dur\u00e9e de lecture estim\u00e9e":"2 minutes"},"schema":{"@context":"https:\/\/schema.org","@graph":[{"@type":"WebPage","@id":"https:\/\/premiumline-cabling.com\/fr\/product\/cable-cat-6-u-ftp\/","url":"https:\/\/premiumline-cabling.com\/fr\/product\/cable-cat-6-u-ftp\/","name":"C\u00e2ble d'installation Premium-Line Cat\u00e9gorie 6 U\/FTP 450MHz","isPartOf":{"@id":"https:\/\/premiumline-cabling.com\/#website"},"primaryImageOfPage":{"@id":"https:\/\/premiumline-cabling.com\/fr\/product\/cable-cat-6-u-ftp\/#primaryimage"},"image":{"@id":"https:\/\/premiumline-cabling.com\/fr\/product\/cable-cat-6-u-ftp\/#primaryimage"},"thumbnailUrl":"https:\/\/premiumline-cabling.com\/wp-content\/uploads\/2019\/02\/img_PL_installation-cable-6.jpg","datePublished":"2019-02-09T21:41:58+00:00","dateModified":"2023-12-11T11:36:15+00:00","description":"Premium-Line a construit des syst\u00e8mes de maturit\u00e9 \u00e0 la fois dans un centre de d\u00e9veloppement et de recherche de haute technologie et dans un laboratoire et une \u00e9quipe d'assurance qualit\u00e9 structurelle compl\u00e8te.","breadcrumb":{"@id":"https:\/\/premiumline-cabling.com\/fr\/product\/cable-cat-6-u-ftp\/#breadcrumb"},"inLanguage":"fr-FR","potentialAction":[{"@type":"ReadAction","target":["https:\/\/premiumline-cabling.com\/fr\/product\/cable-cat-6-u-ftp\/"]}]},{"@type":"ImageObject","inLanguage":"fr-FR","@id":"https:\/\/premiumline-cabling.com\/fr\/product\/cable-cat-6-u-ftp\/#primaryimage","url":"https:\/\/premiumline-cabling.com\/wp-content\/uploads\/2019\/02\/img_PL_installation-cable-6.jpg","contentUrl":"https:\/\/premiumline-cabling.com\/wp-content\/uploads\/2019\/02\/img_PL_installation-cable-6.jpg","width":283,"height":220},{"@type":"BreadcrumbList","@id":"https:\/\/premiumline-cabling.com\/fr\/product\/cable-cat-6-u-ftp\/#breadcrumb","itemListElement":[{"@type":"ListItem","position":1,"name":"\u0413\u043b\u0430\u0432\u043d\u0430\u044f \u0441\u0442\u0440\u0430\u043d\u0438\u0446\u0430","item":"https:\/\/premiumline-cabling.com\/fr\/"},{"@type":"ListItem","position":2,"name":"C\u00e2ble Cat. 6 U\/FTP"}]},{"@type":"WebSite","@id":"https:\/\/premiumline-cabling.com\/#website","url":"https:\/\/premiumline-cabling.com\/","name":"Premium-Line","description":"Structured Cabling System","publisher":{"@id":"https:\/\/premiumline-cabling.com\/#organization"},"potentialAction":[{"@type":"SearchAction","target":{"@type":"EntryPoint","urlTemplate":"https:\/\/premiumline-cabling.com\/?s={search_term_string}"},"query-input":{"@type":"PropertyValueSpecification","valueRequired":true,"valueName":"search_term_string"}}],"inLanguage":"fr-FR"},{"@type":"Organization","@id":"https:\/\/premiumline-cabling.com\/#organization","name":"Premium-Line","url":"https:\/\/premiumline-cabling.com\/","logo":{"@type":"ImageObject","inLanguage":"fr-FR","@id":"https:\/\/premiumline-cabling.com\/#\/schema\/logo\/image\/","url":"https:\/\/premiumline-cabling.com\/wp-content\/uploads\/2019\/04\/cropped-img_logo_site_Premium-Line.png","contentUrl":"https:\/\/premiumline-cabling.com\/wp-content\/uploads\/2019\/04\/cropped-img_logo_site_Premium-Line.png","width":190,"height":62,"caption":"Premium-Line"},"image":{"@id":"https:\/\/premiumline-cabling.com\/#\/schema\/logo\/image\/"}}]}},"_links":{"self":[{"href":"https:\/\/premiumline-cabling.com\/fr\/wp-json\/wp\/v2\/product\/19828","targetHints":{"allow":["GET"]}}],"collection":[{"href":"https:\/\/premiumline-cabling.com\/fr\/wp-json\/wp\/v2\/product"}],"about":[{"href":"https:\/\/premiumline-cabling.com\/fr\/wp-json\/wp\/v2\/types\/product"}],"wp:featuredmedia":[{"embeddable":true,"href":"https:\/\/premiumline-cabling.com\/fr\/wp-json\/wp\/v2\/media\/19821"}],"wp:attachment":[{"href":"https:\/\/premiumline-cabling.com\/fr\/wp-json\/wp\/v2\/media?parent=19828"}],"wp:term":[{"taxonomy":"product_category","embeddable":true,"href":"https:\/\/premiumline-cabling.com\/fr\/wp-json\/wp\/v2\/product_category?post=19828"}],"curies":[{"name":"wp","href":"https:\/\/api.w.org\/{rel}","templated":true}]}}