{"id":19823,"date":"2019-09-17T16:01:25","date_gmt":"2019-09-17T15:01:25","guid":{"rendered":"https:\/\/premiumline-cabling.com\/product\/cable-cat-6-f-utp\/"},"modified":"2023-12-11T12:38:39","modified_gmt":"2023-12-11T11:38:39","slug":"cable-cat-6-f-utp","status":"publish","type":"product","link":"https:\/\/premiumline-cabling.com\/fr\/product\/cable-cat-6-f-utp\/","title":{"rendered":"C\u00e2ble Cat. 6 F\/UTP"},"content":{"rendered":"<h3>Normes :<noscript><img decoding=\"async\" class=\"alignright wp-image-3329 size-medium\" src=\"https:\/\/premiumline-cabling.com\/wp-content\/uploads\/2019\/09\/Cat.6-F_UTP-cable-300x80.jpg\" alt width=\"300\" height=\"80\" srcset=\"https:\/\/premiumline-cabling.com\/wp-content\/uploads\/2019\/09\/Cat.6-F_UTP-cable-300x80.jpg 300w, https:\/\/premiumline-cabling.com\/wp-content\/uploads\/2019\/09\/Cat.6-F_UTP-cable.jpg 590w\" sizes=\"(max-width: 300px) 100vw, 300px\"><\/noscript><img decoding=\"async\" class=\"alignright wp-image-3329 size-medium lazyload\" src=\"data:image\/svg+xml,%3Csvg%20xmlns%3D%22http%3A%2F%2Fwww.w3.org%2F2000%2Fsvg%22%20viewBox%3D%220%200%20300%2080%22%3E%3C%2Fsvg%3E\" alt width=\"300\" height=\"80\" srcset=\"data:image\/svg+xml,%3Csvg%20xmlns%3D%22http%3A%2F%2Fwww.w3.org%2F2000%2Fsvg%22%20viewBox%3D%220%200%20300%2080%22%3E%3C%2Fsvg%3E 300w\" sizes=\"(max-width: 300px) 100vw, 300px\" data-srcset=\"https:\/\/premiumline-cabling.com\/wp-content\/uploads\/2019\/09\/Cat.6-F_UTP-cable-300x80.jpg 300w, https:\/\/premiumline-cabling.com\/wp-content\/uploads\/2019\/09\/Cat.6-F_UTP-cable.jpg 590w\" data-src=\"https:\/\/premiumline-cabling.com\/wp-content\/uploads\/2019\/09\/Cat.6-F_UTP-cable-300x80.jpg\"><\/h3>\n<ul>\n<li>ANSI\/TIA-568.2-D:2018<\/li>\n<li>ISO\/IEC 11801-1:2017<\/li>\n<li>CENELEC EN 50173-1<\/li>\n<li>CENELEC EN 50288-5-1.<\/li>\n<li>L&#8217;ignifugation est v\u00e9rifi\u00e9e conform\u00e9ment \u00e0 la norme IEC 60332-1-2.<\/li>\n<li>Conforme \u00e0 la directive RoHS<\/li>\n<\/ul>\n<h3>Application :<noscript><img decoding=\"async\" class=\"alignright wp-image-3328 size-medium\" src=\"https:\/\/premiumline-cabling.com\/wp-content\/uploads\/2019\/09\/Cat.6-F_UTP-cable-configuration-300x201.jpg\" alt width=\"300\" height=\"201\" srcset=\"https:\/\/premiumline-cabling.com\/wp-content\/uploads\/2019\/09\/Cat.6-F_UTP-cable-configuration-300x201.jpg 300w, https:\/\/premiumline-cabling.com\/wp-content\/uploads\/2019\/09\/Cat.6-F_UTP-cable-configuration.jpg 613w\" sizes=\"(max-width: 300px) 100vw, 300px\"><\/noscript><img decoding=\"async\" class=\"alignright wp-image-3328 size-medium lazyload\" src=\"data:image\/svg+xml,%3Csvg%20xmlns%3D%22http%3A%2F%2Fwww.w3.org%2F2000%2Fsvg%22%20viewBox%3D%220%200%20300%20201%22%3E%3C%2Fsvg%3E\" alt width=\"300\" height=\"201\" srcset=\"data:image\/svg+xml,%3Csvg%20xmlns%3D%22http%3A%2F%2Fwww.w3.org%2F2000%2Fsvg%22%20viewBox%3D%220%200%20300%20201%22%3E%3C%2Fsvg%3E 300w\" sizes=\"(max-width: 300px) 100vw, 300px\" data-srcset=\"https:\/\/premiumline-cabling.com\/wp-content\/uploads\/2019\/09\/Cat.6-F_UTP-cable-configuration-300x201.jpg 300w, https:\/\/premiumline-cabling.com\/wp-content\/uploads\/2019\/09\/Cat.6-F_UTP-cable-configuration.jpg 613w\" data-src=\"https:\/\/premiumline-cabling.com\/wp-content\/uploads\/2019\/09\/Cat.6-F_UTP-cable-configuration-300x201.jpg\"><\/h3>\n<ul>\n<li>1000BASE-TX (Gigabit Ethemet)<\/li>\n<li>1000BASE-T (Gigabit Ethemet)<\/li>\n<li>100BASE-TX Fast Ethemet<\/li>\n<li>10BASE-T Ethemet<\/li>\n<li>Voix<\/li>\n<\/ul>\n<h3>La construction<\/h3>\n<table>\n<thead>\n<tr>\n<td><strong>Chef d&#8217;orchestre<\/strong><\/td>\n<td><strong>Mat\u00e9riau\/taille<\/strong><\/td>\n<td><strong>Cuivre nu\/23 AWG<\/strong><\/td>\n<\/tr>\n<\/thead>\n<tbody>\n<tr>\n<td>Isolation<\/td>\n<td>Mat\u00e9riau<\/td>\n<td>PEHD<\/td>\n<\/tr>\n<tr>\n<td rowspan=\"2\">Fourreau<\/td>\n<td>Mat\u00e9riau<\/td>\n<td>PVC \/ LSOH<\/td>\n<\/tr>\n<tr>\n<td>Diam\u00e8tre<\/td>\n<td>7,4 \u00b1 0,4 mm<\/td>\n<\/tr>\n<\/tbody>\n<\/table>\n<h3>Caract\u00e9ristiques m\u00e9caniques et environnementales<\/h3>\n<table>\n<tbody>\n<tr>\n<td rowspan=\"2\"><strong>Rayon de courbure<\/strong><\/td>\n<td><strong>\u2265 6D, sans charge<\/strong><\/td>\n<\/tr>\n<tr>\n<td><strong> \u2265 8D, avec charge<\/strong><\/td>\n<\/tr>\n<tr>\n<td>Temp\u00e9rature de fonctionnement<\/td>\n<td>-20\u00b0C ~ +60\u00b0C<\/td>\n<\/tr>\n<tr>\n<td>Temp\u00e9rature d&#8217;installation<\/td>\n<td>0\u00b0C ~+50\u00b0C<\/td>\n<\/tr>\n<tr>\n<td>Temp\u00e9rature de stockage<\/td>\n<td>-30\u00b0C ~ +60\u00b0C<\/td>\n<\/tr>\n<\/tbody>\n<\/table>\n<h3>C\u00e2ble d&#8217;installation de cat\u00e9gorie 6 F\/UTP<\/h3>\n<table>\n<thead>\n<tr>\n<td><strong>PART NO.<\/strong><\/td>\n<td><strong>DESCRIPTION<\/strong><\/td>\n<td><strong>TAILLE DE L&#8217;EMBALLAGE<\/strong><\/td>\n<\/tr>\n<\/thead>\n<tbody>\n<tr>\n<td>206241125<\/td>\n<td>Premium-Line Category 6 F\/UTP Installation Cable, 305m Reel, PVC, Grey<\/td>\n<td>37x37x21 cm<\/td>\n<\/tr>\n<tr>\n<td>206242125<\/td>\n<td>Premium-Line Category 6 F\/UTP Installation Cable, 305m Reel, LSOH, Grey<\/td>\n<td>37x37x21 cm<\/td>\n<\/tr>\n<\/tbody>\n<\/table>\n<h3><span style=\"color: #a13737;\"><strong><u>Ouvrir toutes les options (cliquer sur le signe &#8220;+&#8221; ci-dessous)<\/u><\/strong><\/span><\/h3>\n","protected":false},"featured_media":19826,"template":"","product_category":[401],"class_list":["post-19823","product","type-product","status-publish","has-post-thumbnail","hentry","product_category-cable-dinstallation"],"yoast_head":"<!-- This site is optimized with the Yoast SEO plugin v27.2 - https:\/\/yoast.com\/product\/yoast-seo-wordpress\/ -->\n<title>C\u00e2ble d&#039;installation Premium-Line Cat\u00e9gorie 6 F\/UTP<\/title>\n<meta name=\"description\" content=\"Premium-Line a construit des syst\u00e8mes de maturit\u00e9 \u00e0 la fois dans un centre de d\u00e9veloppement et de recherche de haute technologie et dans un laboratoire et une \u00e9quipe d&#039;assurance qualit\u00e9 structurelle compl\u00e8te.\" \/>\n<meta name=\"robots\" content=\"index, follow, max-snippet:-1, max-image-preview:large, max-video-preview:-1\" \/>\n<link rel=\"canonical\" href=\"https:\/\/premiumline-cabling.com\/fr\/product\/cable-cat-6-f-utp\/\" \/>\n<meta property=\"og:locale\" content=\"fr_FR\" \/>\n<meta property=\"og:type\" content=\"article\" \/>\n<meta property=\"og:title\" content=\"C\u00e2ble d&#039;installation Premium-Line Cat\u00e9gorie 6 F\/UTP\" \/>\n<meta property=\"og:description\" content=\"Premium-Line a construit des syst\u00e8mes de maturit\u00e9 \u00e0 la fois dans un centre de d\u00e9veloppement et de recherche de haute technologie et dans un laboratoire et une \u00e9quipe d&#039;assurance qualit\u00e9 structurelle compl\u00e8te.\" \/>\n<meta property=\"og:url\" content=\"https:\/\/premiumline-cabling.com\/fr\/product\/cable-cat-6-f-utp\/\" \/>\n<meta property=\"og:site_name\" content=\"Premium-Line\" \/>\n<meta property=\"article:modified_time\" content=\"2023-12-11T11:38:39+00:00\" \/>\n<meta property=\"og:image\" content=\"https:\/\/premiumline-cabling.com\/wp-content\/uploads\/2019\/09\/Cat.6-F_UTP-cable_2.jpg\" \/>\n\t<meta property=\"og:image:width\" content=\"554\" \/>\n\t<meta property=\"og:image:height\" content=\"500\" \/>\n\t<meta property=\"og:image:type\" content=\"image\/jpeg\" \/>\n<meta name=\"twitter:card\" content=\"summary_large_image\" \/>\n<meta name=\"twitter:label1\" content=\"Dur\u00e9e de lecture estim\u00e9e\" \/>\n\t<meta name=\"twitter:data1\" content=\"1 minute\" \/>\n<script type=\"application\/ld+json\" class=\"yoast-schema-graph\">{\"@context\":\"https:\/\/schema.org\",\"@graph\":[{\"@type\":\"WebPage\",\"@id\":\"https:\/\/premiumline-cabling.com\/fr\/product\/cable-cat-6-f-utp\/\",\"url\":\"https:\/\/premiumline-cabling.com\/fr\/product\/cable-cat-6-f-utp\/\",\"name\":\"C\u00e2ble d'installation Premium-Line Cat\u00e9gorie 6 F\/UTP\",\"isPartOf\":{\"@id\":\"https:\/\/premiumline-cabling.com\/#website\"},\"primaryImageOfPage\":{\"@id\":\"https:\/\/premiumline-cabling.com\/fr\/product\/cable-cat-6-f-utp\/#primaryimage\"},\"image\":{\"@id\":\"https:\/\/premiumline-cabling.com\/fr\/product\/cable-cat-6-f-utp\/#primaryimage\"},\"thumbnailUrl\":\"https:\/\/premiumline-cabling.com\/wp-content\/uploads\/2019\/09\/Cat.6-F_UTP-cable_2.jpg\",\"datePublished\":\"2019-09-17T15:01:25+00:00\",\"dateModified\":\"2023-12-11T11:38:39+00:00\",\"description\":\"Premium-Line a construit des syst\u00e8mes de maturit\u00e9 \u00e0 la fois dans un centre de d\u00e9veloppement et de recherche de haute technologie et dans un laboratoire et une \u00e9quipe d'assurance qualit\u00e9 structurelle compl\u00e8te.\",\"breadcrumb\":{\"@id\":\"https:\/\/premiumline-cabling.com\/fr\/product\/cable-cat-6-f-utp\/#breadcrumb\"},\"inLanguage\":\"fr-FR\",\"potentialAction\":[{\"@type\":\"ReadAction\",\"target\":[\"https:\/\/premiumline-cabling.com\/fr\/product\/cable-cat-6-f-utp\/\"]}]},{\"@type\":\"ImageObject\",\"inLanguage\":\"fr-FR\",\"@id\":\"https:\/\/premiumline-cabling.com\/fr\/product\/cable-cat-6-f-utp\/#primaryimage\",\"url\":\"https:\/\/premiumline-cabling.com\/wp-content\/uploads\/2019\/09\/Cat.6-F_UTP-cable_2.jpg\",\"contentUrl\":\"https:\/\/premiumline-cabling.com\/wp-content\/uploads\/2019\/09\/Cat.6-F_UTP-cable_2.jpg\",\"width\":554,\"height\":500},{\"@type\":\"BreadcrumbList\",\"@id\":\"https:\/\/premiumline-cabling.com\/fr\/product\/cable-cat-6-f-utp\/#breadcrumb\",\"itemListElement\":[{\"@type\":\"ListItem\",\"position\":1,\"name\":\"\u0413\u043b\u0430\u0432\u043d\u0430\u044f \u0441\u0442\u0440\u0430\u043d\u0438\u0446\u0430\",\"item\":\"https:\/\/premiumline-cabling.com\/fr\/\"},{\"@type\":\"ListItem\",\"position\":2,\"name\":\"C\u00e2ble Cat. 6 F\/UTP\"}]},{\"@type\":\"WebSite\",\"@id\":\"https:\/\/premiumline-cabling.com\/#website\",\"url\":\"https:\/\/premiumline-cabling.com\/\",\"name\":\"Premium-Line\",\"description\":\"Structured Cabling System\",\"publisher\":{\"@id\":\"https:\/\/premiumline-cabling.com\/#organization\"},\"potentialAction\":[{\"@type\":\"SearchAction\",\"target\":{\"@type\":\"EntryPoint\",\"urlTemplate\":\"https:\/\/premiumline-cabling.com\/?s={search_term_string}\"},\"query-input\":{\"@type\":\"PropertyValueSpecification\",\"valueRequired\":true,\"valueName\":\"search_term_string\"}}],\"inLanguage\":\"fr-FR\"},{\"@type\":\"Organization\",\"@id\":\"https:\/\/premiumline-cabling.com\/#organization\",\"name\":\"Premium-Line\",\"url\":\"https:\/\/premiumline-cabling.com\/\",\"logo\":{\"@type\":\"ImageObject\",\"inLanguage\":\"fr-FR\",\"@id\":\"https:\/\/premiumline-cabling.com\/#\/schema\/logo\/image\/\",\"url\":\"https:\/\/premiumline-cabling.com\/wp-content\/uploads\/2019\/04\/cropped-img_logo_site_Premium-Line.png\",\"contentUrl\":\"https:\/\/premiumline-cabling.com\/wp-content\/uploads\/2019\/04\/cropped-img_logo_site_Premium-Line.png\",\"width\":190,\"height\":62,\"caption\":\"Premium-Line\"},\"image\":{\"@id\":\"https:\/\/premiumline-cabling.com\/#\/schema\/logo\/image\/\"}}]}<\/script>\n<!-- \/ Yoast SEO plugin. -->","yoast_head_json":{"title":"C\u00e2ble d'installation Premium-Line Cat\u00e9gorie 6 F\/UTP","description":"Premium-Line a construit des syst\u00e8mes de maturit\u00e9 \u00e0 la fois dans un centre de d\u00e9veloppement et de recherche de haute technologie et dans un laboratoire et une \u00e9quipe d'assurance qualit\u00e9 structurelle compl\u00e8te.","robots":{"index":"index","follow":"follow","max-snippet":"max-snippet:-1","max-image-preview":"max-image-preview:large","max-video-preview":"max-video-preview:-1"},"canonical":"https:\/\/premiumline-cabling.com\/fr\/product\/cable-cat-6-f-utp\/","og_locale":"fr_FR","og_type":"article","og_title":"C\u00e2ble d'installation Premium-Line Cat\u00e9gorie 6 F\/UTP","og_description":"Premium-Line a construit des syst\u00e8mes de maturit\u00e9 \u00e0 la fois dans un centre de d\u00e9veloppement et de recherche de haute technologie et dans un laboratoire et une \u00e9quipe d'assurance qualit\u00e9 structurelle compl\u00e8te.","og_url":"https:\/\/premiumline-cabling.com\/fr\/product\/cable-cat-6-f-utp\/","og_site_name":"Premium-Line","article_modified_time":"2023-12-11T11:38:39+00:00","og_image":[{"width":554,"height":500,"url":"https:\/\/premiumline-cabling.com\/wp-content\/uploads\/2019\/09\/Cat.6-F_UTP-cable_2.jpg","type":"image\/jpeg"}],"twitter_card":"summary_large_image","twitter_misc":{"Dur\u00e9e de lecture estim\u00e9e":"1 minute"},"schema":{"@context":"https:\/\/schema.org","@graph":[{"@type":"WebPage","@id":"https:\/\/premiumline-cabling.com\/fr\/product\/cable-cat-6-f-utp\/","url":"https:\/\/premiumline-cabling.com\/fr\/product\/cable-cat-6-f-utp\/","name":"C\u00e2ble d'installation Premium-Line Cat\u00e9gorie 6 F\/UTP","isPartOf":{"@id":"https:\/\/premiumline-cabling.com\/#website"},"primaryImageOfPage":{"@id":"https:\/\/premiumline-cabling.com\/fr\/product\/cable-cat-6-f-utp\/#primaryimage"},"image":{"@id":"https:\/\/premiumline-cabling.com\/fr\/product\/cable-cat-6-f-utp\/#primaryimage"},"thumbnailUrl":"https:\/\/premiumline-cabling.com\/wp-content\/uploads\/2019\/09\/Cat.6-F_UTP-cable_2.jpg","datePublished":"2019-09-17T15:01:25+00:00","dateModified":"2023-12-11T11:38:39+00:00","description":"Premium-Line a construit des syst\u00e8mes de maturit\u00e9 \u00e0 la fois dans un centre de d\u00e9veloppement et de recherche de haute technologie et dans un laboratoire et une \u00e9quipe d'assurance qualit\u00e9 structurelle compl\u00e8te.","breadcrumb":{"@id":"https:\/\/premiumline-cabling.com\/fr\/product\/cable-cat-6-f-utp\/#breadcrumb"},"inLanguage":"fr-FR","potentialAction":[{"@type":"ReadAction","target":["https:\/\/premiumline-cabling.com\/fr\/product\/cable-cat-6-f-utp\/"]}]},{"@type":"ImageObject","inLanguage":"fr-FR","@id":"https:\/\/premiumline-cabling.com\/fr\/product\/cable-cat-6-f-utp\/#primaryimage","url":"https:\/\/premiumline-cabling.com\/wp-content\/uploads\/2019\/09\/Cat.6-F_UTP-cable_2.jpg","contentUrl":"https:\/\/premiumline-cabling.com\/wp-content\/uploads\/2019\/09\/Cat.6-F_UTP-cable_2.jpg","width":554,"height":500},{"@type":"BreadcrumbList","@id":"https:\/\/premiumline-cabling.com\/fr\/product\/cable-cat-6-f-utp\/#breadcrumb","itemListElement":[{"@type":"ListItem","position":1,"name":"\u0413\u043b\u0430\u0432\u043d\u0430\u044f \u0441\u0442\u0440\u0430\u043d\u0438\u0446\u0430","item":"https:\/\/premiumline-cabling.com\/fr\/"},{"@type":"ListItem","position":2,"name":"C\u00e2ble Cat. 6 F\/UTP"}]},{"@type":"WebSite","@id":"https:\/\/premiumline-cabling.com\/#website","url":"https:\/\/premiumline-cabling.com\/","name":"Premium-Line","description":"Structured Cabling System","publisher":{"@id":"https:\/\/premiumline-cabling.com\/#organization"},"potentialAction":[{"@type":"SearchAction","target":{"@type":"EntryPoint","urlTemplate":"https:\/\/premiumline-cabling.com\/?s={search_term_string}"},"query-input":{"@type":"PropertyValueSpecification","valueRequired":true,"valueName":"search_term_string"}}],"inLanguage":"fr-FR"},{"@type":"Organization","@id":"https:\/\/premiumline-cabling.com\/#organization","name":"Premium-Line","url":"https:\/\/premiumline-cabling.com\/","logo":{"@type":"ImageObject","inLanguage":"fr-FR","@id":"https:\/\/premiumline-cabling.com\/#\/schema\/logo\/image\/","url":"https:\/\/premiumline-cabling.com\/wp-content\/uploads\/2019\/04\/cropped-img_logo_site_Premium-Line.png","contentUrl":"https:\/\/premiumline-cabling.com\/wp-content\/uploads\/2019\/04\/cropped-img_logo_site_Premium-Line.png","width":190,"height":62,"caption":"Premium-Line"},"image":{"@id":"https:\/\/premiumline-cabling.com\/#\/schema\/logo\/image\/"}}]}},"_links":{"self":[{"href":"https:\/\/premiumline-cabling.com\/fr\/wp-json\/wp\/v2\/product\/19823","targetHints":{"allow":["GET"]}}],"collection":[{"href":"https:\/\/premiumline-cabling.com\/fr\/wp-json\/wp\/v2\/product"}],"about":[{"href":"https:\/\/premiumline-cabling.com\/fr\/wp-json\/wp\/v2\/types\/product"}],"wp:featuredmedia":[{"embeddable":true,"href":"https:\/\/premiumline-cabling.com\/fr\/wp-json\/wp\/v2\/media\/19826"}],"wp:attachment":[{"href":"https:\/\/premiumline-cabling.com\/fr\/wp-json\/wp\/v2\/media?parent=19823"}],"wp:term":[{"taxonomy":"product_category","embeddable":true,"href":"https:\/\/premiumline-cabling.com\/fr\/wp-json\/wp\/v2\/product_category?post=19823"}],"curies":[{"name":"wp","href":"https:\/\/api.w.org\/{rel}","templated":true}]}}