{"id":19798,"date":"2019-02-09T23:03:11","date_gmt":"2019-02-09T22:03:11","guid":{"rendered":"https:\/\/premiumline-cabling.com\/product\/cable-cat-5e-f-utp\/"},"modified":"2023-12-11T12:45:09","modified_gmt":"2023-12-11T11:45:09","slug":"cable-cat-5e-f-utp","status":"publish","type":"product","link":"https:\/\/premiumline-cabling.com\/fr\/product\/cable-cat-5e-f-utp\/","title":{"rendered":"C\u00e2ble Cat. 5e F\/UTP"},"content":{"rendered":"<h3><strong><a href=\"https:\/\/premiumline-cabling.com\/wp-content\/uploads\/2019\/02\/img_PL_5e-futp100mhz-205241115_fb0a1ff3ff.jpg\"><noscript><img decoding=\"async\" class=\"wp-image-772 size-medium alignright\" src=\"https:\/\/premiumline-cabling.com\/wp-content\/uploads\/2019\/02\/img_PL_5e-futp100mhz-205241115_fb0a1ff3ff-300x232.jpg\" alt width=\"300\" height=\"232\" srcset=\"https:\/\/premiumline-cabling.com\/wp-content\/uploads\/2019\/02\/img_PL_5e-futp100mhz-205241115_fb0a1ff3ff-300x232.jpg 300w, https:\/\/premiumline-cabling.com\/wp-content\/uploads\/2019\/02\/img_PL_5e-futp100mhz-205241115_fb0a1ff3ff-768x594.jpg 768w, https:\/\/premiumline-cabling.com\/wp-content\/uploads\/2019\/02\/img_PL_5e-futp100mhz-205241115_fb0a1ff3ff.jpg 776w\" sizes=\"(max-width: 300px) 100vw, 300px\"><\/noscript><img decoding=\"async\" class=\"wp-image-772 size-medium alignright lazyload\" src=\"data:image\/svg+xml,%3Csvg%20xmlns%3D%22http%3A%2F%2Fwww.w3.org%2F2000%2Fsvg%22%20viewBox%3D%220%200%20300%20232%22%3E%3C%2Fsvg%3E\" alt width=\"300\" height=\"232\" srcset=\"data:image\/svg+xml,%3Csvg%20xmlns%3D%22http%3A%2F%2Fwww.w3.org%2F2000%2Fsvg%22%20viewBox%3D%220%200%20300%20232%22%3E%3C%2Fsvg%3E 300w\" sizes=\"(max-width: 300px) 100vw, 300px\" data-srcset=\"https:\/\/premiumline-cabling.com\/wp-content\/uploads\/2019\/02\/img_PL_5e-futp100mhz-205241115_fb0a1ff3ff-300x232.jpg 300w, https:\/\/premiumline-cabling.com\/wp-content\/uploads\/2019\/02\/img_PL_5e-futp100mhz-205241115_fb0a1ff3ff-768x594.jpg 768w, https:\/\/premiumline-cabling.com\/wp-content\/uploads\/2019\/02\/img_PL_5e-futp100mhz-205241115_fb0a1ff3ff.jpg 776w\" data-src=\"https:\/\/premiumline-cabling.com\/wp-content\/uploads\/2019\/02\/img_PL_5e-futp100mhz-205241115_fb0a1ff3ff-300x232.jpg\"><\/a>Normes :<\/strong><\/h3>\n<ul>\n<li>ANSI\/TIA-568.2-D:2018<\/li>\n<li>ISO\/IEC 11801-1:2017<\/li>\n<li>CENELEC EN 50173-1<\/li>\n<li>CENELEC FR 50288<\/li>\n<li>L&#8217;ignifugation est v\u00e9rifi\u00e9e conform\u00e9ment \u00e0 la norme<br>\nIEC 60332-1-2.<\/li>\n<li>Conforme \u00e0 la directive RoHS (directive europ\u00e9enne 2011\/65\/CE)<\/li>\n<li>Certifi\u00e9 3P<\/li>\n<\/ul>\n<h3><strong>Application :<\/strong><\/h3>\n<ul>\n<li>1000BASE-T Gigabit Ethernet<\/li>\n<li>100BASE-TX Fast Ethernet<\/li>\n<li>10BASE-T<\/li>\n<li>Voix, RNIS<\/li>\n<\/ul>\n<h3><strong>La construction<\/strong><\/h3>\n<table width=\"100%\">\n<thead>\n<tr>\n<td><strong>Chef d&#8217;orchestre<\/strong><\/td>\n<td><strong>Mat\u00e9riau \/ taille<\/strong><\/td>\n<td colspan=\"2\"><strong>Cuivre nu \/ 24AWG<\/strong><\/td>\n<\/tr>\n<\/thead>\n<tbody>\n<tr>\n<td>Isolation<\/td>\n<td>Mat\u00e9riau<\/td>\n<td colspan=\"2\">Peau de mousse PE<\/td>\n<\/tr>\n<tr>\n<td>Bouclier<\/td>\n<td>Mat\u00e9riau<\/td>\n<td colspan=\"2\">Type Al-Mylar<\/td>\n<\/tr>\n<tr>\n<td>Fil de vidange<\/td>\n<td>Mat\u00e9riau<\/td>\n<td colspan=\"2\">Cuivre \u00e9tam\u00e9 toronn\u00e9<\/td>\n<\/tr>\n<tr>\n<td rowspan=\"2\">Fourreau<\/td>\n<td>Mat\u00e9riau<\/td>\n<td>PVC<\/td>\n<td>LSOH<\/td>\n<\/tr>\n<tr>\n<td>Diam\u00e8tre<\/td>\n<td>6,0 \u00b1 0,3 mm<\/td>\n<td>6,0 \u00b1 0,3 mm<\/td>\n<\/tr>\n<\/tbody>\n<\/table>\n<h3><strong>Caract\u00e9ristiques m\u00e9caniques et environnementales<\/strong><\/h3>\n<table width=\"100%\">\n<thead>\n<tr>\n<td rowspan=\"2\"><strong>Rayon de courbure<\/strong><\/td>\n<td><strong>\u2265 6D, sans charge<\/strong><\/td>\n<\/tr>\n<tr>\n<td><strong>\u2265 8D, avec charge<\/strong><\/td>\n<\/tr>\n<\/thead>\n<tbody>\n<tr>\n<td>Temp\u00e9rature de fonctionnement<\/td>\n<td>-20 \u00b0C ~+60 \u00b0C<\/td>\n<\/tr>\n<tr>\n<td>Temp\u00e9rature d&#8217;installation<\/td>\n<td>0\u00b0C ~+50\u00b0C<\/td>\n<\/tr>\n<tr>\n<td>Temp\u00e9rature de stockage<\/td>\n<td>-30 \u00b0C ~+60\u00b0C<\/td>\n<\/tr>\n<\/tbody>\n<\/table>\n<h3><strong>Cat\u00e9gorie 5e F\/UTP 100MHz<\/strong><\/h3>\n<table width=\"100%\">\n<thead>\n<tr>\n<td><strong>PART NO.<\/strong><\/td>\n<td><strong>DESCRIPTION<\/strong><\/td>\n<td><strong>TAILLE DE L&#8217;EMBALLAGE<\/strong><\/td>\n<\/tr>\n<\/thead>\n<tbody>\n<tr>\n<td>205241115<\/td>\n<td>C\u00e2ble d&#8217;installation Cat\u00e9gorie 5e F\/UTP, bo\u00eete de 305m, PVC<\/td>\n<td>42\u00d742\u00d721 cm<\/td>\n<\/tr>\n<tr>\n<td>205242115<\/td>\n<td>C\u00e2ble d&#8217;installation Cat\u00e9gorie 5e F\/UTP, bo\u00eete de 305m, LSOH<\/td>\n<td>42\u00d742\u00d721 cm<\/td>\n<\/tr>\n<\/tbody>\n<\/table>\n<h3><span style=\"color: #a13737;\"><strong><u>Ouvrir toutes les options (cliquer sur le signe &#8220;+&#8221; ci-dessous)<\/u><\/strong><\/span><\/h3>\n","protected":false},"featured_media":19819,"template":"","product_category":[401],"class_list":["post-19798","product","type-product","status-publish","has-post-thumbnail","hentry","product_category-cable-dinstallation"],"yoast_head":"<!-- This site is optimized with the Yoast SEO plugin v27.4 - https:\/\/yoast.com\/product\/yoast-seo-wordpress\/ -->\n<title>C\u00e2ble d&#039;installation Premium-Line Cat\u00e9gorie 5e F\/UTP<\/title>\n<meta name=\"description\" content=\"Normes : ANSI\/TIA-568.2-D:2018, ISO\/IEC 11801-1:2017, CENELEC EN 50173-1, CENELEC EN 50288-3-1, certifi\u00e9 3PETL, certifi\u00e9, conforme RoHS\" \/>\n<meta name=\"robots\" content=\"index, follow, max-snippet:-1, max-image-preview:large, max-video-preview:-1\" \/>\n<link rel=\"canonical\" href=\"https:\/\/premiumline-cabling.com\/fr\/product\/cable-cat-5e-f-utp\/\" \/>\n<meta property=\"og:locale\" content=\"fr_FR\" \/>\n<meta property=\"og:type\" content=\"article\" \/>\n<meta property=\"og:title\" content=\"C\u00e2ble d&#039;installation Premium-Line Cat\u00e9gorie 5e F\/UTP\" \/>\n<meta property=\"og:description\" content=\"Normes : ANSI\/TIA-568.2-D:2018, ISO\/IEC 11801-1:2017, CENELEC EN 50173-1, CENELEC EN 50288-3-1, certifi\u00e9 3PETL, certifi\u00e9, conforme RoHS\" \/>\n<meta property=\"og:url\" content=\"https:\/\/premiumline-cabling.com\/fr\/product\/cable-cat-5e-f-utp\/\" \/>\n<meta property=\"og:site_name\" content=\"Premium-Line\" \/>\n<meta property=\"article:modified_time\" content=\"2023-12-11T11:45:09+00:00\" \/>\n<meta property=\"og:image\" content=\"https:\/\/premiumline-cabling.com\/wp-content\/uploads\/2019\/09\/Cat.5e-F_UTP-cable_small.jpg\" \/>\n\t<meta property=\"og:image:width\" content=\"242\" \/>\n\t<meta property=\"og:image:height\" content=\"226\" \/>\n\t<meta property=\"og:image:type\" content=\"image\/jpeg\" \/>\n<meta name=\"twitter:card\" content=\"summary_large_image\" \/>\n<meta name=\"twitter:label1\" content=\"Dur\u00e9e de lecture estim\u00e9e\" \/>\n\t<meta name=\"twitter:data1\" content=\"1 minute\" \/>\n<script type=\"application\/ld+json\" class=\"yoast-schema-graph\">{\"@context\":\"https:\\\/\\\/schema.org\",\"@graph\":[{\"@type\":\"WebPage\",\"@id\":\"https:\\\/\\\/premiumline-cabling.com\\\/fr\\\/product\\\/cable-cat-5e-f-utp\\\/\",\"url\":\"https:\\\/\\\/premiumline-cabling.com\\\/fr\\\/product\\\/cable-cat-5e-f-utp\\\/\",\"name\":\"C\u00e2ble d'installation Premium-Line Cat\u00e9gorie 5e F\\\/UTP\",\"isPartOf\":{\"@id\":\"https:\\\/\\\/premiumline-cabling.com\\\/#website\"},\"primaryImageOfPage\":{\"@id\":\"https:\\\/\\\/premiumline-cabling.com\\\/fr\\\/product\\\/cable-cat-5e-f-utp\\\/#primaryimage\"},\"image\":{\"@id\":\"https:\\\/\\\/premiumline-cabling.com\\\/fr\\\/product\\\/cable-cat-5e-f-utp\\\/#primaryimage\"},\"thumbnailUrl\":\"https:\\\/\\\/premiumline-cabling.com\\\/wp-content\\\/uploads\\\/2019\\\/09\\\/Cat.5e-F_UTP-cable_small.jpg\",\"datePublished\":\"2019-02-09T22:03:11+00:00\",\"dateModified\":\"2023-12-11T11:45:09+00:00\",\"description\":\"Normes : ANSI\\\/TIA-568.2-D:2018, ISO\\\/IEC 11801-1:2017, CENELEC EN 50173-1, CENELEC EN 50288-3-1, certifi\u00e9 3PETL, certifi\u00e9, conforme RoHS\",\"breadcrumb\":{\"@id\":\"https:\\\/\\\/premiumline-cabling.com\\\/fr\\\/product\\\/cable-cat-5e-f-utp\\\/#breadcrumb\"},\"inLanguage\":\"fr-FR\",\"potentialAction\":[{\"@type\":\"ReadAction\",\"target\":[\"https:\\\/\\\/premiumline-cabling.com\\\/fr\\\/product\\\/cable-cat-5e-f-utp\\\/\"]}]},{\"@type\":\"ImageObject\",\"inLanguage\":\"fr-FR\",\"@id\":\"https:\\\/\\\/premiumline-cabling.com\\\/fr\\\/product\\\/cable-cat-5e-f-utp\\\/#primaryimage\",\"url\":\"https:\\\/\\\/premiumline-cabling.com\\\/wp-content\\\/uploads\\\/2019\\\/09\\\/Cat.5e-F_UTP-cable_small.jpg\",\"contentUrl\":\"https:\\\/\\\/premiumline-cabling.com\\\/wp-content\\\/uploads\\\/2019\\\/09\\\/Cat.5e-F_UTP-cable_small.jpg\",\"width\":242,\"height\":226},{\"@type\":\"BreadcrumbList\",\"@id\":\"https:\\\/\\\/premiumline-cabling.com\\\/fr\\\/product\\\/cable-cat-5e-f-utp\\\/#breadcrumb\",\"itemListElement\":[{\"@type\":\"ListItem\",\"position\":1,\"name\":\"\u0413\u043b\u0430\u0432\u043d\u0430\u044f \u0441\u0442\u0440\u0430\u043d\u0438\u0446\u0430\",\"item\":\"https:\\\/\\\/premiumline-cabling.com\\\/fr\\\/\"},{\"@type\":\"ListItem\",\"position\":2,\"name\":\"C\u00e2ble Cat. 5e F\\\/UTP\"}]},{\"@type\":\"WebSite\",\"@id\":\"https:\\\/\\\/premiumline-cabling.com\\\/#website\",\"url\":\"https:\\\/\\\/premiumline-cabling.com\\\/\",\"name\":\"Premium-Line\",\"description\":\"Structured Cabling System\",\"publisher\":{\"@id\":\"https:\\\/\\\/premiumline-cabling.com\\\/#organization\"},\"potentialAction\":[{\"@type\":\"SearchAction\",\"target\":{\"@type\":\"EntryPoint\",\"urlTemplate\":\"https:\\\/\\\/premiumline-cabling.com\\\/?s={search_term_string}\"},\"query-input\":{\"@type\":\"PropertyValueSpecification\",\"valueRequired\":true,\"valueName\":\"search_term_string\"}}],\"inLanguage\":\"fr-FR\"},{\"@type\":\"Organization\",\"@id\":\"https:\\\/\\\/premiumline-cabling.com\\\/#organization\",\"name\":\"Premium-Line\",\"url\":\"https:\\\/\\\/premiumline-cabling.com\\\/\",\"logo\":{\"@type\":\"ImageObject\",\"inLanguage\":\"fr-FR\",\"@id\":\"https:\\\/\\\/premiumline-cabling.com\\\/#\\\/schema\\\/logo\\\/image\\\/\",\"url\":\"https:\\\/\\\/premiumline-cabling.com\\\/wp-content\\\/uploads\\\/2019\\\/04\\\/cropped-img_logo_site_Premium-Line.png\",\"contentUrl\":\"https:\\\/\\\/premiumline-cabling.com\\\/wp-content\\\/uploads\\\/2019\\\/04\\\/cropped-img_logo_site_Premium-Line.png\",\"width\":190,\"height\":62,\"caption\":\"Premium-Line\"},\"image\":{\"@id\":\"https:\\\/\\\/premiumline-cabling.com\\\/#\\\/schema\\\/logo\\\/image\\\/\"}}]}<\/script>\n<!-- \/ Yoast SEO plugin. -->","yoast_head_json":{"title":"C\u00e2ble d'installation Premium-Line Cat\u00e9gorie 5e F\/UTP","description":"Normes : ANSI\/TIA-568.2-D:2018, ISO\/IEC 11801-1:2017, CENELEC EN 50173-1, CENELEC EN 50288-3-1, certifi\u00e9 3PETL, certifi\u00e9, conforme RoHS","robots":{"index":"index","follow":"follow","max-snippet":"max-snippet:-1","max-image-preview":"max-image-preview:large","max-video-preview":"max-video-preview:-1"},"canonical":"https:\/\/premiumline-cabling.com\/fr\/product\/cable-cat-5e-f-utp\/","og_locale":"fr_FR","og_type":"article","og_title":"C\u00e2ble d'installation Premium-Line Cat\u00e9gorie 5e F\/UTP","og_description":"Normes : ANSI\/TIA-568.2-D:2018, ISO\/IEC 11801-1:2017, CENELEC EN 50173-1, CENELEC EN 50288-3-1, certifi\u00e9 3PETL, certifi\u00e9, conforme RoHS","og_url":"https:\/\/premiumline-cabling.com\/fr\/product\/cable-cat-5e-f-utp\/","og_site_name":"Premium-Line","article_modified_time":"2023-12-11T11:45:09+00:00","og_image":[{"width":242,"height":226,"url":"https:\/\/premiumline-cabling.com\/wp-content\/uploads\/2019\/09\/Cat.5e-F_UTP-cable_small.jpg","type":"image\/jpeg"}],"twitter_card":"summary_large_image","twitter_misc":{"Dur\u00e9e de lecture estim\u00e9e":"1 minute"},"schema":{"@context":"https:\/\/schema.org","@graph":[{"@type":"WebPage","@id":"https:\/\/premiumline-cabling.com\/fr\/product\/cable-cat-5e-f-utp\/","url":"https:\/\/premiumline-cabling.com\/fr\/product\/cable-cat-5e-f-utp\/","name":"C\u00e2ble d'installation Premium-Line Cat\u00e9gorie 5e F\/UTP","isPartOf":{"@id":"https:\/\/premiumline-cabling.com\/#website"},"primaryImageOfPage":{"@id":"https:\/\/premiumline-cabling.com\/fr\/product\/cable-cat-5e-f-utp\/#primaryimage"},"image":{"@id":"https:\/\/premiumline-cabling.com\/fr\/product\/cable-cat-5e-f-utp\/#primaryimage"},"thumbnailUrl":"https:\/\/premiumline-cabling.com\/wp-content\/uploads\/2019\/09\/Cat.5e-F_UTP-cable_small.jpg","datePublished":"2019-02-09T22:03:11+00:00","dateModified":"2023-12-11T11:45:09+00:00","description":"Normes : ANSI\/TIA-568.2-D:2018, ISO\/IEC 11801-1:2017, CENELEC EN 50173-1, CENELEC EN 50288-3-1, certifi\u00e9 3PETL, certifi\u00e9, conforme RoHS","breadcrumb":{"@id":"https:\/\/premiumline-cabling.com\/fr\/product\/cable-cat-5e-f-utp\/#breadcrumb"},"inLanguage":"fr-FR","potentialAction":[{"@type":"ReadAction","target":["https:\/\/premiumline-cabling.com\/fr\/product\/cable-cat-5e-f-utp\/"]}]},{"@type":"ImageObject","inLanguage":"fr-FR","@id":"https:\/\/premiumline-cabling.com\/fr\/product\/cable-cat-5e-f-utp\/#primaryimage","url":"https:\/\/premiumline-cabling.com\/wp-content\/uploads\/2019\/09\/Cat.5e-F_UTP-cable_small.jpg","contentUrl":"https:\/\/premiumline-cabling.com\/wp-content\/uploads\/2019\/09\/Cat.5e-F_UTP-cable_small.jpg","width":242,"height":226},{"@type":"BreadcrumbList","@id":"https:\/\/premiumline-cabling.com\/fr\/product\/cable-cat-5e-f-utp\/#breadcrumb","itemListElement":[{"@type":"ListItem","position":1,"name":"\u0413\u043b\u0430\u0432\u043d\u0430\u044f \u0441\u0442\u0440\u0430\u043d\u0438\u0446\u0430","item":"https:\/\/premiumline-cabling.com\/fr\/"},{"@type":"ListItem","position":2,"name":"C\u00e2ble Cat. 5e F\/UTP"}]},{"@type":"WebSite","@id":"https:\/\/premiumline-cabling.com\/#website","url":"https:\/\/premiumline-cabling.com\/","name":"Premium-Line","description":"Structured Cabling System","publisher":{"@id":"https:\/\/premiumline-cabling.com\/#organization"},"potentialAction":[{"@type":"SearchAction","target":{"@type":"EntryPoint","urlTemplate":"https:\/\/premiumline-cabling.com\/?s={search_term_string}"},"query-input":{"@type":"PropertyValueSpecification","valueRequired":true,"valueName":"search_term_string"}}],"inLanguage":"fr-FR"},{"@type":"Organization","@id":"https:\/\/premiumline-cabling.com\/#organization","name":"Premium-Line","url":"https:\/\/premiumline-cabling.com\/","logo":{"@type":"ImageObject","inLanguage":"fr-FR","@id":"https:\/\/premiumline-cabling.com\/#\/schema\/logo\/image\/","url":"https:\/\/premiumline-cabling.com\/wp-content\/uploads\/2019\/04\/cropped-img_logo_site_Premium-Line.png","contentUrl":"https:\/\/premiumline-cabling.com\/wp-content\/uploads\/2019\/04\/cropped-img_logo_site_Premium-Line.png","width":190,"height":62,"caption":"Premium-Line"},"image":{"@id":"https:\/\/premiumline-cabling.com\/#\/schema\/logo\/image\/"}}]}},"_links":{"self":[{"href":"https:\/\/premiumline-cabling.com\/fr\/wp-json\/wp\/v2\/product\/19798","targetHints":{"allow":["GET"]}}],"collection":[{"href":"https:\/\/premiumline-cabling.com\/fr\/wp-json\/wp\/v2\/product"}],"about":[{"href":"https:\/\/premiumline-cabling.com\/fr\/wp-json\/wp\/v2\/types\/product"}],"wp:featuredmedia":[{"embeddable":true,"href":"https:\/\/premiumline-cabling.com\/fr\/wp-json\/wp\/v2\/media\/19819"}],"wp:attachment":[{"href":"https:\/\/premiumline-cabling.com\/fr\/wp-json\/wp\/v2\/media?parent=19798"}],"wp:term":[{"taxonomy":"product_category","embeddable":true,"href":"https:\/\/premiumline-cabling.com\/fr\/wp-json\/wp\/v2\/product_category?post=19798"}],"curies":[{"name":"wp","href":"https:\/\/api.w.org\/{rel}","templated":true}]}}