{"id":19796,"date":"2019-09-19T12:54:24","date_gmt":"2019-09-19T11:54:24","guid":{"rendered":"https:\/\/premiumline-cabling.com\/product\/cable-cat-6a-u-utp-6r1\/"},"modified":"2019-09-19T12:54:24","modified_gmt":"2019-09-19T11:54:24","slug":"cable-cat-6a-u-utp-6r1","status":"publish","type":"product","link":"https:\/\/premiumline-cabling.com\/fr\/product\/cable-cat-6a-u-utp-6r1\/","title":{"rendered":"C\u00e2ble Cat. 6A U\/UTP 6R1"},"content":{"rendered":"<h2>6 Round 1 Alien Near End Crosstalk Compliant Cable (c\u00e2ble conforme \u00e0 la diaphonie \u00e0 l&#8217;extr\u00e9mit\u00e9 proche)<\/h2>\n<p>Pendant le fonctionnement complet du r\u00e9seau, toutes les paires de fils d&#8217;un faisceau de c\u00e2bles transmettent simultan\u00e9ment en duplex int\u00e9gral.<noscript><img decoding=\"async\" class=\"alignright wp-image-3369 size-medium\" src=\"https:\/\/premiumline-cabling.com\/wp-content\/uploads\/2019\/09\/Cat.6A-U_UTP-cable_6R1-300x96.jpg\" alt width=\"300\" height=\"96\" srcset=\"https:\/\/premiumline-cabling.com\/wp-content\/uploads\/2019\/09\/Cat.6A-U_UTP-cable_6R1-300x96.jpg 300w, https:\/\/premiumline-cabling.com\/wp-content\/uploads\/2019\/09\/Cat.6A-U_UTP-cable_6R1.jpg 590w\" sizes=\"(max-width: 300px) 100vw, 300px\"><\/noscript><img decoding=\"async\" class=\"alignright wp-image-3369 size-medium lazyload\" src=\"data:image\/svg+xml,%3Csvg%20xmlns%3D%22http%3A%2F%2Fwww.w3.org%2F2000%2Fsvg%22%20viewBox%3D%220%200%20300%2096%22%3E%3C%2Fsvg%3E\" alt width=\"300\" height=\"96\" srcset=\"data:image\/svg+xml,%3Csvg%20xmlns%3D%22http%3A%2F%2Fwww.w3.org%2F2000%2Fsvg%22%20viewBox%3D%220%200%20300%2096%22%3E%3C%2Fsvg%3E 300w\" sizes=\"(max-width: 300px) 100vw, 300px\" data-srcset=\"https:\/\/premiumline-cabling.com\/wp-content\/uploads\/2019\/09\/Cat.6A-U_UTP-cable_6R1-300x96.jpg 300w, https:\/\/premiumline-cabling.com\/wp-content\/uploads\/2019\/09\/Cat.6A-U_UTP-cable_6R1.jpg 590w\" data-src=\"https:\/\/premiumline-cabling.com\/wp-content\/uploads\/2019\/09\/Cat.6A-U_UTP-cable_6R1-300x96.jpg\">  Par cons\u00e9quent, chaque paire de fils sera affect\u00e9e par les transmissions sur les nombreuses paires de fils qui l&#8217;entourent dans un faisceau de c\u00e2bles ou un chemin.<br>\nAxTalk est un d\u00e9fi pour le c\u00e2blage \u00e0 paires torsad\u00e9es car c&#8217;est la source de perturbation ou de bruit la plus importante pour les applications 10 Gb E.<br>\nPremium-Line Cat. Le c\u00e2ble 6A 6 round 1 est con\u00e7u pour r\u00e9pondre \u00e0 cette exigence.<a href=\"https:\/\/premiumline-cabling.com\/wp-content\/uploads\/2019\/02\/img_PL_installation-cable-6a_ba7dcbd67c.jpg\"><noscript><img decoding=\"async\" class=\"wp-image-757 size-medium alignright\" src=\"https:\/\/premiumline-cabling.com\/wp-content\/uploads\/2019\/02\/img_PL_installation-cable-6a_ba7dcbd67c-300x256.jpg\" alt width=\"300\" height=\"256\" srcset=\"https:\/\/premiumline-cabling.com\/wp-content\/uploads\/2019\/02\/img_PL_installation-cable-6a_ba7dcbd67c-300x256.jpg 300w, https:\/\/premiumline-cabling.com\/wp-content\/uploads\/2019\/02\/img_PL_installation-cable-6a_ba7dcbd67c.jpg 703w\" sizes=\"(max-width: 300px) 100vw, 300px\"><\/noscript><img decoding=\"async\" class=\"wp-image-757 size-medium alignright lazyload\" src=\"data:image\/svg+xml,%3Csvg%20xmlns%3D%22http%3A%2F%2Fwww.w3.org%2F2000%2Fsvg%22%20viewBox%3D%220%200%20300%20256%22%3E%3C%2Fsvg%3E\" alt width=\"300\" height=\"256\" srcset=\"data:image\/svg+xml,%3Csvg%20xmlns%3D%22http%3A%2F%2Fwww.w3.org%2F2000%2Fsvg%22%20viewBox%3D%220%200%20300%20256%22%3E%3C%2Fsvg%3E 300w\" sizes=\"(max-width: 300px) 100vw, 300px\" data-srcset=\"https:\/\/premiumline-cabling.com\/wp-content\/uploads\/2019\/02\/img_PL_installation-cable-6a_ba7dcbd67c-300x256.jpg 300w, https:\/\/premiumline-cabling.com\/wp-content\/uploads\/2019\/02\/img_PL_installation-cable-6a_ba7dcbd67c.jpg 703w\" data-src=\"https:\/\/premiumline-cabling.com\/wp-content\/uploads\/2019\/02\/img_PL_installation-cable-6a_ba7dcbd67c-300x256.jpg\"><\/a><\/p>\n<h3>Normes :<\/h3>\n<ul>\n<li>ANSI\/TIA 568.2-D:2018<\/li>\n<li>ISO\/IEC 11801-1 Classe Ea:2017<\/li>\n<li>CENELEC EN 50288-11-1:2013<\/li>\n<li>IEC 61156-5:2020<\/li>\n<li>EN50173-1:2018<\/li>\n<li>IEC 60332-1-2:2014<\/li>\n<li>IEC 61034-1 \/ 61034-2:2013<\/li>\n<li>IEC 60754-2:2011(Edition 2.0)<\/li>\n<\/ul>\n<h3>Application :<\/h3>\n<ul>\n<li>10G BASE-T Ethernet<\/li>\n<li>1000BASE-TX (Gigabit Ethernet)<\/li>\n<li>1000BASE-T (Gigabit Ethernet)<\/li>\n<li>100BASE-TX Fast Ethernet<\/li>\n<li>10BASE-T Ethernet<\/li>\n<li>Voix<\/li>\n<\/ul>\n<h3><noscript><img decoding=\"async\" class=\"size-medium wp-image-17055 alignright\" src=\"https:\/\/premiumline-cabling.com\/wp-content\/uploads\/2019\/09\/6A_UTP_6R1-300x149.jpg\" alt width=\"300\" height=\"149\" srcset=\"https:\/\/premiumline-cabling.com\/wp-content\/uploads\/2019\/09\/6A_UTP_6R1-300x149.jpg 300w, https:\/\/premiumline-cabling.com\/wp-content\/uploads\/2019\/09\/6A_UTP_6R1.jpg 736w\" sizes=\"(max-width: 300px) 100vw, 300px\"><\/noscript><img decoding=\"async\" class=\"size-medium wp-image-17055 alignright lazyload\" src=\"data:image\/svg+xml,%3Csvg%20xmlns%3D%22http%3A%2F%2Fwww.w3.org%2F2000%2Fsvg%22%20viewBox%3D%220%200%20300%20149%22%3E%3C%2Fsvg%3E\" alt width=\"300\" height=\"149\" srcset=\"data:image\/svg+xml,%3Csvg%20xmlns%3D%22http%3A%2F%2Fwww.w3.org%2F2000%2Fsvg%22%20viewBox%3D%220%200%20300%20149%22%3E%3C%2Fsvg%3E 300w\" sizes=\"(max-width: 300px) 100vw, 300px\" data-srcset=\"https:\/\/premiumline-cabling.com\/wp-content\/uploads\/2019\/09\/6A_UTP_6R1-300x149.jpg 300w, https:\/\/premiumline-cabling.com\/wp-content\/uploads\/2019\/09\/6A_UTP_6R1.jpg 736w\" data-src=\"https:\/\/premiumline-cabling.com\/wp-content\/uploads\/2019\/09\/6A_UTP_6R1-300x149.jpg\">La construction<\/h3>\n<table width=\"570\">\n<tbody>\n<tr>\n<td rowspan=\"2\" width=\"119\">Chef d&#8217;orchestre<\/td>\n<td width=\"98\">Mat\u00e9riau<\/td>\n<td width=\"353\">  Cuivre nu<\/td>\n<\/tr>\n<tr>\n<td width=\"98\">La construction<\/td>\n<td width=\"353\">23 AWG<\/td>\n<\/tr>\n<tr>\n<td rowspan=\"2\" width=\"119\">Isolation<\/td>\n<td width=\"98\">Mat\u00e9riau<\/td>\n<td width=\"353\">PE<\/td>\n<\/tr>\n<tr>\n<td width=\"98\">Diam\u00e8tre<\/td>\n<td width=\"353\">1,02\u00b1 0,1 mm<\/td>\n<\/tr>\n<tr>\n<td width=\"119\">Traverse<\/td>\n<td width=\"98\">Mat\u00e9riau<\/td>\n<td width=\"353\">PE<\/td>\n<\/tr>\n<tr>\n<td rowspan=\"2\" width=\"119\">Fourreau<\/td>\n<td width=\"98\">Mat\u00e9riau<\/td>\n<td width=\"353\">PVC \/ LSOH<\/td>\n<\/tr>\n<tr>\n<td width=\"98\">Diam\u00e8tre<\/td>\n<td width=\"353\">9,8 \u00b1 0,3 mm<\/td>\n<\/tr>\n<tr>\n<td colspan=\"2\" width=\"217\">Temp\u00e9rature de fonctionnement<\/td>\n<td width=\"353\">-20\u00b0C~+60\u00b0C<\/td>\n<\/tr>\n<tr>\n<td colspan=\"2\" width=\"217\">Temp\u00e9rature d&#8217;installation<\/td>\n<td width=\"353\">0\u00b0C~+50\u00b0C<\/td>\n<\/tr>\n<tr>\n<td colspan=\"2\" width=\"217\">Temp\u00e9rature de stockage<\/td>\n<td width=\"353\">-30\u00b0C~+60\u00b0C<\/td>\n<\/tr>\n<\/tbody>\n<\/table>\n<h3>Caract\u00e9ristiques m\u00e9caniques et environnementales<\/h3>\n<table style=\"width: 58.4058%;\" width=\"100%\">\n<thead>\n<tr>\n<td class=\"black\" style=\"width: 30.8696%;\" rowspan=\"2\"><strong>Rayon de courbure<\/strong><\/td>\n<td style=\"width: 26.3768%;\"><strong>\u2265 6D, sans charge<\/strong><\/td>\n<\/tr>\n<tr>\n<td style=\"width: 26.3768%;\"><strong>\u2265 8D, avec charge<\/strong><\/td>\n<\/tr>\n<\/thead>\n<tbody>\n<tr>\n<td class=\"black\" style=\"width: 30.8696%;\">Temp\u00e9rature de fonctionnement<\/td>\n<td style=\"width: 26.3768%;\">-20 \u00b0C ~+60 \u00b0C<\/td>\n<\/tr>\n<tr>\n<td class=\"black\" style=\"width: 30.8696%;\">Temp\u00e9rature d&#8217;installation<\/td>\n<td style=\"width: 26.3768%;\">0\u00b0C ~+50\u00b0C<\/td>\n<\/tr>\n<tr>\n<td class=\"black\" style=\"width: 30.8696%;\">Temp\u00e9rature de stockage<\/td>\n<td style=\"width: 26.3768%;\">-30 \u00b0C ~+60\u00b0C<\/td>\n<\/tr>\n<\/tbody>\n<\/table>\n<h3>Informations sur les commandes :<\/h3>\n<table>\n<tbody>\n<tr>\n<td width=\"170\">Pi\u00e8ce NO.<\/td>\n<td width=\"454\">20994&#215;225<\/td>\n<\/tr>\n<tr>\n<td width=\"170\">Description<\/td>\n<td width=\"454\">Cat.6A U\/UTP C\u00e2ble d&#8217;installation, type 6 rond 1, 500m\/rouleau, gris<\/td>\n<\/tr>\n<tr>\n<td width=\"170\">x : mat\u00e9riau de la veste<\/td>\n<td width=\"454\">1 : PVC 2 : LSOH<\/td>\n<\/tr>\n<\/tbody>\n<\/table>\n","protected":false},"featured_media":19809,"template":"","product_category":[401],"class_list":["post-19796","product","type-product","status-publish","has-post-thumbnail","hentry","product_category-cable-dinstallation"],"yoast_head":"<!-- This site is optimized with the Yoast SEO plugin v27.3 - https:\/\/yoast.com\/product\/yoast-seo-wordpress\/ -->\n<title>C\u00e2ble Cat. 6A U\/UTP 6R1 - Premium-Line<\/title>\n<meta name=\"description\" content=\"Premium-Line Cat. Le c\u00e2ble 6A 6 round 1 est la solution id\u00e9ale pour r\u00e9pondre aux exigences d&#039;AxTalk.\" \/>\n<meta name=\"robots\" content=\"index, follow, max-snippet:-1, max-image-preview:large, max-video-preview:-1\" \/>\n<link rel=\"canonical\" href=\"https:\/\/premiumline-cabling.com\/fr\/product\/cable-cat-6a-u-utp-6r1\/\" \/>\n<meta property=\"og:locale\" content=\"fr_FR\" \/>\n<meta property=\"og:type\" content=\"article\" \/>\n<meta property=\"og:title\" content=\"C\u00e2ble Cat. 6A U\/UTP 6R1 - Premium-Line\" \/>\n<meta property=\"og:description\" content=\"Premium-Line Cat. Le c\u00e2ble 6A 6 round 1 est la solution id\u00e9ale pour r\u00e9pondre aux exigences d&#039;AxTalk.\" \/>\n<meta property=\"og:url\" content=\"https:\/\/premiumline-cabling.com\/fr\/product\/cable-cat-6a-u-utp-6r1\/\" \/>\n<meta property=\"og:site_name\" content=\"Premium-Line\" \/>\n<meta property=\"og:image\" content=\"https:\/\/premiumline-cabling.com\/wp-content\/uploads\/2019\/09\/Cat.6A-U_UTP-cable_6R1_2.jpg\" \/>\n\t<meta property=\"og:image:width\" content=\"584\" \/>\n\t<meta property=\"og:image:height\" content=\"509\" \/>\n\t<meta property=\"og:image:type\" content=\"image\/jpeg\" \/>\n<meta name=\"twitter:card\" content=\"summary_large_image\" \/>\n<meta name=\"twitter:label1\" content=\"Dur\u00e9e de lecture estim\u00e9e\" \/>\n\t<meta name=\"twitter:data1\" content=\"1 minute\" \/>\n<script type=\"application\/ld+json\" class=\"yoast-schema-graph\">{\"@context\":\"https:\\\/\\\/schema.org\",\"@graph\":[{\"@type\":\"WebPage\",\"@id\":\"https:\\\/\\\/premiumline-cabling.com\\\/fr\\\/product\\\/cable-cat-6a-u-utp-6r1\\\/\",\"url\":\"https:\\\/\\\/premiumline-cabling.com\\\/fr\\\/product\\\/cable-cat-6a-u-utp-6r1\\\/\",\"name\":\"C\u00e2ble Cat. 6A U\\\/UTP 6R1 - Premium-Line\",\"isPartOf\":{\"@id\":\"https:\\\/\\\/premiumline-cabling.com\\\/#website\"},\"primaryImageOfPage\":{\"@id\":\"https:\\\/\\\/premiumline-cabling.com\\\/fr\\\/product\\\/cable-cat-6a-u-utp-6r1\\\/#primaryimage\"},\"image\":{\"@id\":\"https:\\\/\\\/premiumline-cabling.com\\\/fr\\\/product\\\/cable-cat-6a-u-utp-6r1\\\/#primaryimage\"},\"thumbnailUrl\":\"https:\\\/\\\/premiumline-cabling.com\\\/wp-content\\\/uploads\\\/2019\\\/09\\\/Cat.6A-U_UTP-cable_6R1_2.jpg\",\"datePublished\":\"2019-09-19T11:54:24+00:00\",\"description\":\"Premium-Line Cat. Le c\u00e2ble 6A 6 round 1 est la solution id\u00e9ale pour r\u00e9pondre aux exigences d'AxTalk.\",\"breadcrumb\":{\"@id\":\"https:\\\/\\\/premiumline-cabling.com\\\/fr\\\/product\\\/cable-cat-6a-u-utp-6r1\\\/#breadcrumb\"},\"inLanguage\":\"fr-FR\",\"potentialAction\":[{\"@type\":\"ReadAction\",\"target\":[\"https:\\\/\\\/premiumline-cabling.com\\\/fr\\\/product\\\/cable-cat-6a-u-utp-6r1\\\/\"]}]},{\"@type\":\"ImageObject\",\"inLanguage\":\"fr-FR\",\"@id\":\"https:\\\/\\\/premiumline-cabling.com\\\/fr\\\/product\\\/cable-cat-6a-u-utp-6r1\\\/#primaryimage\",\"url\":\"https:\\\/\\\/premiumline-cabling.com\\\/wp-content\\\/uploads\\\/2019\\\/09\\\/Cat.6A-U_UTP-cable_6R1_2.jpg\",\"contentUrl\":\"https:\\\/\\\/premiumline-cabling.com\\\/wp-content\\\/uploads\\\/2019\\\/09\\\/Cat.6A-U_UTP-cable_6R1_2.jpg\",\"width\":584,\"height\":509},{\"@type\":\"BreadcrumbList\",\"@id\":\"https:\\\/\\\/premiumline-cabling.com\\\/fr\\\/product\\\/cable-cat-6a-u-utp-6r1\\\/#breadcrumb\",\"itemListElement\":[{\"@type\":\"ListItem\",\"position\":1,\"name\":\"\u0413\u043b\u0430\u0432\u043d\u0430\u044f \u0441\u0442\u0440\u0430\u043d\u0438\u0446\u0430\",\"item\":\"https:\\\/\\\/premiumline-cabling.com\\\/fr\\\/\"},{\"@type\":\"ListItem\",\"position\":2,\"name\":\"C\u00e2ble Cat. 6A U\\\/UTP 6R1\"}]},{\"@type\":\"WebSite\",\"@id\":\"https:\\\/\\\/premiumline-cabling.com\\\/#website\",\"url\":\"https:\\\/\\\/premiumline-cabling.com\\\/\",\"name\":\"Premium-Line\",\"description\":\"Structured Cabling System\",\"publisher\":{\"@id\":\"https:\\\/\\\/premiumline-cabling.com\\\/#organization\"},\"potentialAction\":[{\"@type\":\"SearchAction\",\"target\":{\"@type\":\"EntryPoint\",\"urlTemplate\":\"https:\\\/\\\/premiumline-cabling.com\\\/?s={search_term_string}\"},\"query-input\":{\"@type\":\"PropertyValueSpecification\",\"valueRequired\":true,\"valueName\":\"search_term_string\"}}],\"inLanguage\":\"fr-FR\"},{\"@type\":\"Organization\",\"@id\":\"https:\\\/\\\/premiumline-cabling.com\\\/#organization\",\"name\":\"Premium-Line\",\"url\":\"https:\\\/\\\/premiumline-cabling.com\\\/\",\"logo\":{\"@type\":\"ImageObject\",\"inLanguage\":\"fr-FR\",\"@id\":\"https:\\\/\\\/premiumline-cabling.com\\\/#\\\/schema\\\/logo\\\/image\\\/\",\"url\":\"https:\\\/\\\/premiumline-cabling.com\\\/wp-content\\\/uploads\\\/2019\\\/04\\\/cropped-img_logo_site_Premium-Line.png\",\"contentUrl\":\"https:\\\/\\\/premiumline-cabling.com\\\/wp-content\\\/uploads\\\/2019\\\/04\\\/cropped-img_logo_site_Premium-Line.png\",\"width\":190,\"height\":62,\"caption\":\"Premium-Line\"},\"image\":{\"@id\":\"https:\\\/\\\/premiumline-cabling.com\\\/#\\\/schema\\\/logo\\\/image\\\/\"}}]}<\/script>\n<!-- \/ Yoast SEO plugin. -->","yoast_head_json":{"title":"C\u00e2ble Cat. 6A U\/UTP 6R1 - Premium-Line","description":"Premium-Line Cat. Le c\u00e2ble 6A 6 round 1 est la solution id\u00e9ale pour r\u00e9pondre aux exigences d'AxTalk.","robots":{"index":"index","follow":"follow","max-snippet":"max-snippet:-1","max-image-preview":"max-image-preview:large","max-video-preview":"max-video-preview:-1"},"canonical":"https:\/\/premiumline-cabling.com\/fr\/product\/cable-cat-6a-u-utp-6r1\/","og_locale":"fr_FR","og_type":"article","og_title":"C\u00e2ble Cat. 6A U\/UTP 6R1 - Premium-Line","og_description":"Premium-Line Cat. Le c\u00e2ble 6A 6 round 1 est la solution id\u00e9ale pour r\u00e9pondre aux exigences d'AxTalk.","og_url":"https:\/\/premiumline-cabling.com\/fr\/product\/cable-cat-6a-u-utp-6r1\/","og_site_name":"Premium-Line","og_image":[{"width":584,"height":509,"url":"https:\/\/premiumline-cabling.com\/wp-content\/uploads\/2019\/09\/Cat.6A-U_UTP-cable_6R1_2.jpg","type":"image\/jpeg"}],"twitter_card":"summary_large_image","twitter_misc":{"Dur\u00e9e de lecture estim\u00e9e":"1 minute"},"schema":{"@context":"https:\/\/schema.org","@graph":[{"@type":"WebPage","@id":"https:\/\/premiumline-cabling.com\/fr\/product\/cable-cat-6a-u-utp-6r1\/","url":"https:\/\/premiumline-cabling.com\/fr\/product\/cable-cat-6a-u-utp-6r1\/","name":"C\u00e2ble Cat. 6A U\/UTP 6R1 - Premium-Line","isPartOf":{"@id":"https:\/\/premiumline-cabling.com\/#website"},"primaryImageOfPage":{"@id":"https:\/\/premiumline-cabling.com\/fr\/product\/cable-cat-6a-u-utp-6r1\/#primaryimage"},"image":{"@id":"https:\/\/premiumline-cabling.com\/fr\/product\/cable-cat-6a-u-utp-6r1\/#primaryimage"},"thumbnailUrl":"https:\/\/premiumline-cabling.com\/wp-content\/uploads\/2019\/09\/Cat.6A-U_UTP-cable_6R1_2.jpg","datePublished":"2019-09-19T11:54:24+00:00","description":"Premium-Line Cat. Le c\u00e2ble 6A 6 round 1 est la solution id\u00e9ale pour r\u00e9pondre aux exigences d'AxTalk.","breadcrumb":{"@id":"https:\/\/premiumline-cabling.com\/fr\/product\/cable-cat-6a-u-utp-6r1\/#breadcrumb"},"inLanguage":"fr-FR","potentialAction":[{"@type":"ReadAction","target":["https:\/\/premiumline-cabling.com\/fr\/product\/cable-cat-6a-u-utp-6r1\/"]}]},{"@type":"ImageObject","inLanguage":"fr-FR","@id":"https:\/\/premiumline-cabling.com\/fr\/product\/cable-cat-6a-u-utp-6r1\/#primaryimage","url":"https:\/\/premiumline-cabling.com\/wp-content\/uploads\/2019\/09\/Cat.6A-U_UTP-cable_6R1_2.jpg","contentUrl":"https:\/\/premiumline-cabling.com\/wp-content\/uploads\/2019\/09\/Cat.6A-U_UTP-cable_6R1_2.jpg","width":584,"height":509},{"@type":"BreadcrumbList","@id":"https:\/\/premiumline-cabling.com\/fr\/product\/cable-cat-6a-u-utp-6r1\/#breadcrumb","itemListElement":[{"@type":"ListItem","position":1,"name":"\u0413\u043b\u0430\u0432\u043d\u0430\u044f \u0441\u0442\u0440\u0430\u043d\u0438\u0446\u0430","item":"https:\/\/premiumline-cabling.com\/fr\/"},{"@type":"ListItem","position":2,"name":"C\u00e2ble Cat. 6A U\/UTP 6R1"}]},{"@type":"WebSite","@id":"https:\/\/premiumline-cabling.com\/#website","url":"https:\/\/premiumline-cabling.com\/","name":"Premium-Line","description":"Structured Cabling System","publisher":{"@id":"https:\/\/premiumline-cabling.com\/#organization"},"potentialAction":[{"@type":"SearchAction","target":{"@type":"EntryPoint","urlTemplate":"https:\/\/premiumline-cabling.com\/?s={search_term_string}"},"query-input":{"@type":"PropertyValueSpecification","valueRequired":true,"valueName":"search_term_string"}}],"inLanguage":"fr-FR"},{"@type":"Organization","@id":"https:\/\/premiumline-cabling.com\/#organization","name":"Premium-Line","url":"https:\/\/premiumline-cabling.com\/","logo":{"@type":"ImageObject","inLanguage":"fr-FR","@id":"https:\/\/premiumline-cabling.com\/#\/schema\/logo\/image\/","url":"https:\/\/premiumline-cabling.com\/wp-content\/uploads\/2019\/04\/cropped-img_logo_site_Premium-Line.png","contentUrl":"https:\/\/premiumline-cabling.com\/wp-content\/uploads\/2019\/04\/cropped-img_logo_site_Premium-Line.png","width":190,"height":62,"caption":"Premium-Line"},"image":{"@id":"https:\/\/premiumline-cabling.com\/#\/schema\/logo\/image\/"}}]}},"_links":{"self":[{"href":"https:\/\/premiumline-cabling.com\/fr\/wp-json\/wp\/v2\/product\/19796","targetHints":{"allow":["GET"]}}],"collection":[{"href":"https:\/\/premiumline-cabling.com\/fr\/wp-json\/wp\/v2\/product"}],"about":[{"href":"https:\/\/premiumline-cabling.com\/fr\/wp-json\/wp\/v2\/types\/product"}],"wp:featuredmedia":[{"embeddable":true,"href":"https:\/\/premiumline-cabling.com\/fr\/wp-json\/wp\/v2\/media\/19809"}],"wp:attachment":[{"href":"https:\/\/premiumline-cabling.com\/fr\/wp-json\/wp\/v2\/media?parent=19796"}],"wp:term":[{"taxonomy":"product_category","embeddable":true,"href":"https:\/\/premiumline-cabling.com\/fr\/wp-json\/wp\/v2\/product_category?post=19796"}],"curies":[{"name":"wp","href":"https:\/\/api.w.org\/{rel}","templated":true}]}}