{"id":19772,"date":"2019-02-10T22:57:31","date_gmt":"2019-02-10T21:57:31","guid":{"rendered":"https:\/\/premiumline-cabling.com\/product\/chat-5e-90-non-blinde-kj\/"},"modified":"2024-05-03T11:26:19","modified_gmt":"2024-05-03T10:26:19","slug":"chat-5e-90-non-blinde-kj","status":"publish","type":"product","link":"https:\/\/premiumline-cabling.com\/fr\/product\/chat-5e-90-non-blinde-kj\/","title":{"rendered":"Cat. 5e 90\u00b0 non blind\u00e9 KJ"},"content":{"rendered":"<div id=\"attachment_890\" style=\"width: 230px\" class=\"wp-caption alignright\"><noscript><img decoding=\"async\" aria-describedby=\"caption-attachment-890\" class=\"wp-image-890 size-full\" src=\"https:\/\/premiumline-cabling.com\/wp-content\/uploads\/2019\/02\/img_PL_keystone-jack-105111010-2_438ee450f3.jpg\" alt width=\"220\" height=\"198\"><\/noscript><img decoding=\"async\" aria-describedby=\"caption-attachment-890\" class=\"wp-image-890 size-full lazyload\" src=\"data:image\/svg+xml,%3Csvg%20xmlns%3D%22http%3A%2F%2Fwww.w3.org%2F2000%2Fsvg%22%20viewBox%3D%220%200%20220%20198%22%3E%3C%2Fsvg%3E\" alt width=\"220\" height=\"198\" data-src=\"https:\/\/premiumline-cabling.com\/wp-content\/uploads\/2019\/02\/img_PL_keystone-jack-105111010-2_438ee450f3.jpg\"><p id=\"caption-attachment-890\" class=\"wp-caption-text\">105111010<\/p><\/div>\n<p><noscript><img decoding=\"async\" class=\"alignright wp-image-889 size-full\" src=\"https:\/\/premiumline-cabling.com\/wp-content\/uploads\/2019\/02\/img_PL_keystone-jack-105111010-1_943d83f4f1.jpg\" alt width=\"220\" height=\"345\" srcset=\"https:\/\/premiumline-cabling.com\/wp-content\/uploads\/2019\/02\/img_PL_keystone-jack-105111010-1_943d83f4f1.jpg 220w, https:\/\/premiumline-cabling.com\/wp-content\/uploads\/2019\/02\/img_PL_keystone-jack-105111010-1_943d83f4f1-191x300.jpg 191w\" sizes=\"(max-width: 220px) 100vw, 220px\"><\/noscript><img decoding=\"async\" class=\"alignright wp-image-889 size-full lazyload\" src=\"data:image\/svg+xml,%3Csvg%20xmlns%3D%22http%3A%2F%2Fwww.w3.org%2F2000%2Fsvg%22%20viewBox%3D%220%200%20220%20345%22%3E%3C%2Fsvg%3E\" alt width=\"220\" height=\"345\" srcset=\"data:image\/svg+xml,%3Csvg%20xmlns%3D%22http%3A%2F%2Fwww.w3.org%2F2000%2Fsvg%22%20viewBox%3D%220%200%20220%20345%22%3E%3C%2Fsvg%3E 220w\" sizes=\"(max-width: 220px) 100vw, 220px\" data-srcset=\"https:\/\/premiumline-cabling.com\/wp-content\/uploads\/2019\/02\/img_PL_keystone-jack-105111010-1_943d83f4f1.jpg 220w, https:\/\/premiumline-cabling.com\/wp-content\/uploads\/2019\/02\/img_PL_keystone-jack-105111010-1_943d83f4f1-191x300.jpg 191w\" data-src=\"https:\/\/premiumline-cabling.com\/wp-content\/uploads\/2019\/02\/img_PL_keystone-jack-105111010-1_943d83f4f1.jpg\"><\/p>\n<h2>Premium-Line Cat. Connecteur 5e 90\u00b0 non blind\u00e9<\/h2>\n<p>Le Connecteur 90\u00b0 non blind\u00e9 de Premium-Line est de conception classique, le double type IDC accepte les c\u00e2bles solides 22-26 AWG, facile \u00e0 terminer avec des outils 110 ou Krone, supporte le c\u00e2blage T568 A&amp;B.<br>\nLe produit fini est conforme \u00e0 la directive RoHS de l&#8217;UE. Gr\u00e2ce \u00e0 ses performances \u00e9lev\u00e9es et stables, ce module obtient de bons r\u00e9sultats de vente sur le march\u00e9.<br>\nTous les produits pr\u00e9sentent les caract\u00e9ristiques \u00e9lectriques requises par la directive.<\/p>\n<table>\n<tbody>\n<tr>\n<td colspan=\"2\">\n<h4>Caract\u00e9ristiques physiques<\/h4>\n<\/td>\n<\/tr>\n<tr>\n<td>Habillage<\/td>\n<td>PC, UL94 V-0<\/td>\n<\/tr>\n<tr>\n<td>Contact Jack<\/td>\n<td>bronze phosphoreux, 50\u03bc pouces plaqu\u00e9 or sur nickel<\/td>\n<\/tr>\n<tr>\n<td>Contacts IDC<\/td>\n<td>100\u03bc pouce nickel\u00e9 sur bronze phosphoreux<\/td>\n<\/tr>\n<tr>\n<td>Contacts IDC<\/td>\n<td>100\u03bc pouce nickel\u00e9 sur bronze phosphoreux<\/td>\n<\/tr>\n<tr>\n<td colspan=\"2\">\n<h4>Caract\u00e9ristiques \u00e9lectriques<\/h4>\n<\/td>\n<\/tr>\n<tr>\n<td>Rigidit\u00e9 di\u00e9lectrique<\/td>\n<td>1000V RMS pendant 1min<\/td>\n<\/tr>\n<tr>\n<td>Valeur nominale actuelle<\/td>\n<td>1.5Amp Max.<\/td>\n<\/tr>\n<tr>\n<td>R\u00e9sistance de l&#8217;isolation<\/td>\n<td>10M\u03a9 Min.<\/td>\n<\/tr>\n<tr>\n<td>R\u00e9sistance des contacts<\/td>\n<td>2m\u03a9 par contact<\/td>\n<\/tr>\n<tr>\n<td>Plage de temp\u00e9rature<\/td>\n<td>De -10\u00b0C \u00e0 60\u00b0C<\/td>\n<\/tr>\n<tr>\n<td>Humidit\u00e9<\/td>\n<td>10%~90% ; sans condensation<\/td>\n<\/tr>\n<tr>\n<td colspan=\"2\">\n<h4 style=\"text-align: left;\">Applications<\/h4>\n<ul>\n<li style=\"text-align: left;\">1000BASE-T Gigabit Ethernet<\/li>\n<li style=\"text-align: left;\">100BASE-TX Fast Ethernet<\/li>\n<li style=\"text-align: left;\">10BASE-T Ethernet<\/li>\n<li style=\"text-align: left;\">Applications vocales, vid\u00e9o et autres<\/li>\n<\/ul>\n<\/td>\n<\/tr>\n<\/tbody>\n<\/table>\n<p>Tous les produits sont v\u00e9rifi\u00e9s par rapport aux caract\u00e9ristiques \u00e9lectriques requises par la directive.<\/p>\n<h4>Connecteur Cat\u00e9gorie 5e 90\u00b0 non blind\u00e9<\/h4>\n<table width=\"100%\">\n<thead>\n<tr>\n<td style=\"width: 10.7879%;\"><strong>PART NO.<\/strong><\/td>\n<td style=\"width: 67.1515%;\"><strong>DESCRIPTION<\/strong><\/td>\n<td style=\"width: 20.8485%;\"><strong>TAILLE DE L&#8217;EMBALLAGE<\/strong><\/td>\n<\/tr>\n<\/thead>\n<tbody>\n<tr>\n<td style=\"width: 10.7879%;\">105111010<\/td>\n<td style=\"width: 67.1515%;\">Connecteur Categorie5e 90\u00b0 non blind\u00e9 de Premium-Line, Dual Type IDC, Blanc<\/td>\n<td style=\"width: 20.8485%;\">53,8\u00d735,2\u00d727 cm<\/td>\n<\/tr>\n<\/tbody>\n<\/table>\n<h4>Connecteur Cat\u00e9gorie 5e 90\u00b0 non blind\u00e9 slim<\/h4>\n<table width=\"100%\">\n<thead>\n<tr>\n<td style=\"width: 10.303%;\"><strong>PART NO.<\/strong><\/td>\n<td style=\"width: 68%;\"><strong>DESCRIPTION<\/strong><\/td>\n<td style=\"width: 20.4848%;\"><strong>TAILLE DE L&#8217;EMBALLAGE<\/strong><\/td>\n<\/tr>\n<\/thead>\n<tbody>\n<tr>\n<td style=\"width: 10.303%;\">105311010<\/td>\n<td style=\"width: 68%;\">Connecteur Cat\u00e9gorie 5e 90\u00b0 non blind\u00e9 Slim de Premium-Line, Dual Type IDC, blanc<\/td>\n<td style=\"width: 20.4848%;\">53,8\u00d735,2\u00d727 cm<\/td>\n<\/tr>\n<\/tbody>\n<\/table>\n<h3><\/h3>\n","protected":false},"featured_media":19777,"template":"","product_category":[400],"class_list":["post-19772","product","type-product","status-publish","has-post-thumbnail","hentry","product_category-prise-keystone-non-blindee"],"yoast_head":"<!-- This site is optimized with the Yoast SEO plugin v27.4 - https:\/\/yoast.com\/product\/yoast-seo-wordpress\/ -->\n<title>Premium-Line Cat. Connecteur 5e 90\u00b0 non blind\u00e9<\/title>\n<meta name=\"description\" content=\"Le Connecteur 90\u00b0 non blind\u00e9 de Premium-Line est de conception classique, le double type IDC accepte les c\u00e2bles solides de 22-26 AWG. En savoir plus !\" \/>\n<meta name=\"robots\" content=\"index, follow, max-snippet:-1, max-image-preview:large, max-video-preview:-1\" \/>\n<link rel=\"canonical\" href=\"https:\/\/premiumline-cabling.com\/fr\/product\/chat-5e-90-non-blinde-kj\/\" \/>\n<meta property=\"og:locale\" content=\"fr_FR\" \/>\n<meta property=\"og:type\" content=\"article\" \/>\n<meta property=\"og:title\" content=\"Premium-Line Cat. Connecteur 5e 90\u00b0 non blind\u00e9\" \/>\n<meta property=\"og:description\" content=\"Le Connecteur 90\u00b0 non blind\u00e9 de Premium-Line est de conception classique, le double type IDC accepte les c\u00e2bles solides de 22-26 AWG. En savoir plus !\" \/>\n<meta property=\"og:url\" content=\"https:\/\/premiumline-cabling.com\/fr\/product\/chat-5e-90-non-blinde-kj\/\" \/>\n<meta property=\"og:site_name\" content=\"Premium-Line\" \/>\n<meta property=\"article:modified_time\" content=\"2024-05-03T10:26:19+00:00\" \/>\n<meta property=\"og:image\" content=\"https:\/\/premiumline-cabling.com\/wp-content\/uploads\/2019\/02\/img_PL_keystone-jack-105111010-2_438ee450f3_1.jpg\" \/>\n\t<meta property=\"og:image:width\" content=\"283\" \/>\n\t<meta property=\"og:image:height\" content=\"220\" \/>\n\t<meta property=\"og:image:type\" content=\"image\/jpeg\" \/>\n<meta name=\"twitter:card\" content=\"summary_large_image\" \/>\n<meta name=\"twitter:label1\" content=\"Dur\u00e9e de lecture estim\u00e9e\" \/>\n\t<meta name=\"twitter:data1\" content=\"2 minutes\" \/>\n<script type=\"application\/ld+json\" class=\"yoast-schema-graph\">{\"@context\":\"https:\\\/\\\/schema.org\",\"@graph\":[{\"@type\":\"WebPage\",\"@id\":\"https:\\\/\\\/premiumline-cabling.com\\\/fr\\\/product\\\/chat-5e-90-non-blinde-kj\\\/\",\"url\":\"https:\\\/\\\/premiumline-cabling.com\\\/fr\\\/product\\\/chat-5e-90-non-blinde-kj\\\/\",\"name\":\"Premium-Line Cat. Connecteur 5e 90\u00b0 non blind\u00e9\",\"isPartOf\":{\"@id\":\"https:\\\/\\\/premiumline-cabling.com\\\/#website\"},\"primaryImageOfPage\":{\"@id\":\"https:\\\/\\\/premiumline-cabling.com\\\/fr\\\/product\\\/chat-5e-90-non-blinde-kj\\\/#primaryimage\"},\"image\":{\"@id\":\"https:\\\/\\\/premiumline-cabling.com\\\/fr\\\/product\\\/chat-5e-90-non-blinde-kj\\\/#primaryimage\"},\"thumbnailUrl\":\"https:\\\/\\\/premiumline-cabling.com\\\/wp-content\\\/uploads\\\/2019\\\/02\\\/img_PL_keystone-jack-105111010-2_438ee450f3_1.jpg\",\"datePublished\":\"2019-02-10T21:57:31+00:00\",\"dateModified\":\"2024-05-03T10:26:19+00:00\",\"description\":\"Le Connecteur 90\u00b0 non blind\u00e9 de Premium-Line est de conception classique, le double type IDC accepte les c\u00e2bles solides de 22-26 AWG. En savoir plus !\",\"breadcrumb\":{\"@id\":\"https:\\\/\\\/premiumline-cabling.com\\\/fr\\\/product\\\/chat-5e-90-non-blinde-kj\\\/#breadcrumb\"},\"inLanguage\":\"fr-FR\",\"potentialAction\":[{\"@type\":\"ReadAction\",\"target\":[\"https:\\\/\\\/premiumline-cabling.com\\\/fr\\\/product\\\/chat-5e-90-non-blinde-kj\\\/\"]}]},{\"@type\":\"ImageObject\",\"inLanguage\":\"fr-FR\",\"@id\":\"https:\\\/\\\/premiumline-cabling.com\\\/fr\\\/product\\\/chat-5e-90-non-blinde-kj\\\/#primaryimage\",\"url\":\"https:\\\/\\\/premiumline-cabling.com\\\/wp-content\\\/uploads\\\/2019\\\/02\\\/img_PL_keystone-jack-105111010-2_438ee450f3_1.jpg\",\"contentUrl\":\"https:\\\/\\\/premiumline-cabling.com\\\/wp-content\\\/uploads\\\/2019\\\/02\\\/img_PL_keystone-jack-105111010-2_438ee450f3_1.jpg\",\"width\":283,\"height\":220},{\"@type\":\"BreadcrumbList\",\"@id\":\"https:\\\/\\\/premiumline-cabling.com\\\/fr\\\/product\\\/chat-5e-90-non-blinde-kj\\\/#breadcrumb\",\"itemListElement\":[{\"@type\":\"ListItem\",\"position\":1,\"name\":\"\u0413\u043b\u0430\u0432\u043d\u0430\u044f \u0441\u0442\u0440\u0430\u043d\u0438\u0446\u0430\",\"item\":\"https:\\\/\\\/premiumline-cabling.com\\\/fr\\\/\"},{\"@type\":\"ListItem\",\"position\":2,\"name\":\"Cat. 5e 90\u00b0 non blind\u00e9 KJ\"}]},{\"@type\":\"WebSite\",\"@id\":\"https:\\\/\\\/premiumline-cabling.com\\\/#website\",\"url\":\"https:\\\/\\\/premiumline-cabling.com\\\/\",\"name\":\"Premium-Line\",\"description\":\"Structured Cabling System\",\"publisher\":{\"@id\":\"https:\\\/\\\/premiumline-cabling.com\\\/#organization\"},\"potentialAction\":[{\"@type\":\"SearchAction\",\"target\":{\"@type\":\"EntryPoint\",\"urlTemplate\":\"https:\\\/\\\/premiumline-cabling.com\\\/?s={search_term_string}\"},\"query-input\":{\"@type\":\"PropertyValueSpecification\",\"valueRequired\":true,\"valueName\":\"search_term_string\"}}],\"inLanguage\":\"fr-FR\"},{\"@type\":\"Organization\",\"@id\":\"https:\\\/\\\/premiumline-cabling.com\\\/#organization\",\"name\":\"Premium-Line\",\"url\":\"https:\\\/\\\/premiumline-cabling.com\\\/\",\"logo\":{\"@type\":\"ImageObject\",\"inLanguage\":\"fr-FR\",\"@id\":\"https:\\\/\\\/premiumline-cabling.com\\\/#\\\/schema\\\/logo\\\/image\\\/\",\"url\":\"https:\\\/\\\/premiumline-cabling.com\\\/wp-content\\\/uploads\\\/2019\\\/04\\\/cropped-img_logo_site_Premium-Line.png\",\"contentUrl\":\"https:\\\/\\\/premiumline-cabling.com\\\/wp-content\\\/uploads\\\/2019\\\/04\\\/cropped-img_logo_site_Premium-Line.png\",\"width\":190,\"height\":62,\"caption\":\"Premium-Line\"},\"image\":{\"@id\":\"https:\\\/\\\/premiumline-cabling.com\\\/#\\\/schema\\\/logo\\\/image\\\/\"}}]}<\/script>\n<!-- \/ Yoast SEO plugin. -->","yoast_head_json":{"title":"Premium-Line Cat. Connecteur 5e 90\u00b0 non blind\u00e9","description":"Le Connecteur 90\u00b0 non blind\u00e9 de Premium-Line est de conception classique, le double type IDC accepte les c\u00e2bles solides de 22-26 AWG. En savoir plus !","robots":{"index":"index","follow":"follow","max-snippet":"max-snippet:-1","max-image-preview":"max-image-preview:large","max-video-preview":"max-video-preview:-1"},"canonical":"https:\/\/premiumline-cabling.com\/fr\/product\/chat-5e-90-non-blinde-kj\/","og_locale":"fr_FR","og_type":"article","og_title":"Premium-Line Cat. Connecteur 5e 90\u00b0 non blind\u00e9","og_description":"Le Connecteur 90\u00b0 non blind\u00e9 de Premium-Line est de conception classique, le double type IDC accepte les c\u00e2bles solides de 22-26 AWG. En savoir plus !","og_url":"https:\/\/premiumline-cabling.com\/fr\/product\/chat-5e-90-non-blinde-kj\/","og_site_name":"Premium-Line","article_modified_time":"2024-05-03T10:26:19+00:00","og_image":[{"width":283,"height":220,"url":"https:\/\/premiumline-cabling.com\/wp-content\/uploads\/2019\/02\/img_PL_keystone-jack-105111010-2_438ee450f3_1.jpg","type":"image\/jpeg"}],"twitter_card":"summary_large_image","twitter_misc":{"Dur\u00e9e de lecture estim\u00e9e":"2 minutes"},"schema":{"@context":"https:\/\/schema.org","@graph":[{"@type":"WebPage","@id":"https:\/\/premiumline-cabling.com\/fr\/product\/chat-5e-90-non-blinde-kj\/","url":"https:\/\/premiumline-cabling.com\/fr\/product\/chat-5e-90-non-blinde-kj\/","name":"Premium-Line Cat. Connecteur 5e 90\u00b0 non blind\u00e9","isPartOf":{"@id":"https:\/\/premiumline-cabling.com\/#website"},"primaryImageOfPage":{"@id":"https:\/\/premiumline-cabling.com\/fr\/product\/chat-5e-90-non-blinde-kj\/#primaryimage"},"image":{"@id":"https:\/\/premiumline-cabling.com\/fr\/product\/chat-5e-90-non-blinde-kj\/#primaryimage"},"thumbnailUrl":"https:\/\/premiumline-cabling.com\/wp-content\/uploads\/2019\/02\/img_PL_keystone-jack-105111010-2_438ee450f3_1.jpg","datePublished":"2019-02-10T21:57:31+00:00","dateModified":"2024-05-03T10:26:19+00:00","description":"Le Connecteur 90\u00b0 non blind\u00e9 de Premium-Line est de conception classique, le double type IDC accepte les c\u00e2bles solides de 22-26 AWG. En savoir plus !","breadcrumb":{"@id":"https:\/\/premiumline-cabling.com\/fr\/product\/chat-5e-90-non-blinde-kj\/#breadcrumb"},"inLanguage":"fr-FR","potentialAction":[{"@type":"ReadAction","target":["https:\/\/premiumline-cabling.com\/fr\/product\/chat-5e-90-non-blinde-kj\/"]}]},{"@type":"ImageObject","inLanguage":"fr-FR","@id":"https:\/\/premiumline-cabling.com\/fr\/product\/chat-5e-90-non-blinde-kj\/#primaryimage","url":"https:\/\/premiumline-cabling.com\/wp-content\/uploads\/2019\/02\/img_PL_keystone-jack-105111010-2_438ee450f3_1.jpg","contentUrl":"https:\/\/premiumline-cabling.com\/wp-content\/uploads\/2019\/02\/img_PL_keystone-jack-105111010-2_438ee450f3_1.jpg","width":283,"height":220},{"@type":"BreadcrumbList","@id":"https:\/\/premiumline-cabling.com\/fr\/product\/chat-5e-90-non-blinde-kj\/#breadcrumb","itemListElement":[{"@type":"ListItem","position":1,"name":"\u0413\u043b\u0430\u0432\u043d\u0430\u044f \u0441\u0442\u0440\u0430\u043d\u0438\u0446\u0430","item":"https:\/\/premiumline-cabling.com\/fr\/"},{"@type":"ListItem","position":2,"name":"Cat. 5e 90\u00b0 non blind\u00e9 KJ"}]},{"@type":"WebSite","@id":"https:\/\/premiumline-cabling.com\/#website","url":"https:\/\/premiumline-cabling.com\/","name":"Premium-Line","description":"Structured Cabling System","publisher":{"@id":"https:\/\/premiumline-cabling.com\/#organization"},"potentialAction":[{"@type":"SearchAction","target":{"@type":"EntryPoint","urlTemplate":"https:\/\/premiumline-cabling.com\/?s={search_term_string}"},"query-input":{"@type":"PropertyValueSpecification","valueRequired":true,"valueName":"search_term_string"}}],"inLanguage":"fr-FR"},{"@type":"Organization","@id":"https:\/\/premiumline-cabling.com\/#organization","name":"Premium-Line","url":"https:\/\/premiumline-cabling.com\/","logo":{"@type":"ImageObject","inLanguage":"fr-FR","@id":"https:\/\/premiumline-cabling.com\/#\/schema\/logo\/image\/","url":"https:\/\/premiumline-cabling.com\/wp-content\/uploads\/2019\/04\/cropped-img_logo_site_Premium-Line.png","contentUrl":"https:\/\/premiumline-cabling.com\/wp-content\/uploads\/2019\/04\/cropped-img_logo_site_Premium-Line.png","width":190,"height":62,"caption":"Premium-Line"},"image":{"@id":"https:\/\/premiumline-cabling.com\/#\/schema\/logo\/image\/"}}]}},"_links":{"self":[{"href":"https:\/\/premiumline-cabling.com\/fr\/wp-json\/wp\/v2\/product\/19772","targetHints":{"allow":["GET"]}}],"collection":[{"href":"https:\/\/premiumline-cabling.com\/fr\/wp-json\/wp\/v2\/product"}],"about":[{"href":"https:\/\/premiumline-cabling.com\/fr\/wp-json\/wp\/v2\/types\/product"}],"wp:featuredmedia":[{"embeddable":true,"href":"https:\/\/premiumline-cabling.com\/fr\/wp-json\/wp\/v2\/media\/19777"}],"wp:attachment":[{"href":"https:\/\/premiumline-cabling.com\/fr\/wp-json\/wp\/v2\/media?parent=19772"}],"wp:term":[{"taxonomy":"product_category","embeddable":true,"href":"https:\/\/premiumline-cabling.com\/fr\/wp-json\/wp\/v2\/product_category?post=19772"}],"curies":[{"name":"wp","href":"https:\/\/api.w.org\/{rel}","templated":true}]}}