{"id":19761,"date":"2019-11-11T18:34:51","date_gmt":"2019-11-11T17:34:51","guid":{"rendered":"https:\/\/premiumline-cabling.com\/product\/chat-6-180-non-blinde-kj\/"},"modified":"2024-04-16T11:41:18","modified_gmt":"2024-04-16T10:41:18","slug":"chat-6-180-non-blinde-kj","status":"publish","type":"product","link":"https:\/\/premiumline-cabling.com\/fr\/product\/chat-6-180-non-blinde-kj\/","title":{"rendered":"Cat. 6 180\u00b0 non blind\u00e9 KJ"},"content":{"rendered":"<h2>Connecteur cat\u00e9gorie 6 180\u00b0 non blind\u00e9 de Premium-Line<\/h2>\n<p>Le connecteur 180\u00b0 non blind\u00e9 de Premium-Line est de conception classique, il est compatible avec tous les modules Premium-Line non charg\u00e9s. L&#8217;IDC double type accepte les c\u00e2bles solides de 22-26 AWG, faciles \u00e0 terminer avec des outils 110 ou Krone, supporte le c\u00e2blage T568 A&amp;B.<br>\nGr\u00e2ce \u00e0 ses performances \u00e9lev\u00e9es et stables, ce module obtient de bons r\u00e9sultats de vente sur le march\u00e9.<\/p>\n<h3>CARACT\u00c9RISTIQUES :<noscript><img decoding=\"async\" class=\"size-medium wp-image-15112 alignright\" src=\"https:\/\/premiumline-cabling.com\/wp-content\/uploads\/2019\/11\/106121010-38-pages-300x300.jpg\" alt width=\"300\" height=\"300\" srcset=\"https:\/\/premiumline-cabling.com\/wp-content\/uploads\/2019\/11\/106121010-38-pages-300x300.jpg 300w, https:\/\/premiumline-cabling.com\/wp-content\/uploads\/2019\/11\/106121010-38-pages-1024x1024.jpg 1024w, https:\/\/premiumline-cabling.com\/wp-content\/uploads\/2019\/11\/106121010-38-pages-150x150.jpg 150w, https:\/\/premiumline-cabling.com\/wp-content\/uploads\/2019\/11\/106121010-38-pages-768x768.jpg 768w, https:\/\/premiumline-cabling.com\/wp-content\/uploads\/2019\/11\/106121010-38-pages-1536x1536.jpg 1536w, https:\/\/premiumline-cabling.com\/wp-content\/uploads\/2019\/11\/106121010-38-pages.jpg 1712w\" sizes=\"(max-width: 300px) 100vw, 300px\"><\/noscript><img decoding=\"async\" class=\"size-medium wp-image-15112 alignright lazyload\" src=\"data:image\/svg+xml,%3Csvg%20xmlns%3D%22http%3A%2F%2Fwww.w3.org%2F2000%2Fsvg%22%20viewBox%3D%220%200%20300%20300%22%3E%3C%2Fsvg%3E\" alt width=\"300\" height=\"300\" srcset=\"data:image\/svg+xml,%3Csvg%20xmlns%3D%22http%3A%2F%2Fwww.w3.org%2F2000%2Fsvg%22%20viewBox%3D%220%200%20300%20300%22%3E%3C%2Fsvg%3E 300w\" sizes=\"(max-width: 300px) 100vw, 300px\" data-srcset=\"https:\/\/premiumline-cabling.com\/wp-content\/uploads\/2019\/11\/106121010-38-pages-300x300.jpg 300w, https:\/\/premiumline-cabling.com\/wp-content\/uploads\/2019\/11\/106121010-38-pages-1024x1024.jpg 1024w, https:\/\/premiumline-cabling.com\/wp-content\/uploads\/2019\/11\/106121010-38-pages-150x150.jpg 150w, https:\/\/premiumline-cabling.com\/wp-content\/uploads\/2019\/11\/106121010-38-pages-768x768.jpg 768w, https:\/\/premiumline-cabling.com\/wp-content\/uploads\/2019\/11\/106121010-38-pages-1536x1536.jpg 1536w, https:\/\/premiumline-cabling.com\/wp-content\/uploads\/2019\/11\/106121010-38-pages.jpg 1712w\" data-src=\"https:\/\/premiumline-cabling.com\/wp-content\/uploads\/2019\/11\/106121010-38-pages-300x300.jpg\"><\/h3>\n<ul>\n<li>Conforme aux sp\u00e9cifications TIA\/EIA-568.2-D, ISO\/IEC 11801-1 et EN50173-1<\/li>\n<li>La conception compacte est id\u00e9ale pour les applications \u00e0 haute densit\u00e9<\/li>\n<li>Prise en charge du c\u00e2blage T568 A&amp;B et installation facile<\/li>\n<li>Le double connecteur IDC peut accepter des c\u00e2bles solides de 22-26 AWG<\/li>\n<li>Terminaison par des outils 110 ou Krone<\/li>\n<li>Diverses couleurs en option<\/li>\n<li>V\u00e9rifi\u00e9 par ETL<\/li>\n<li>Conforme \u00e0 la directive RoHS<\/li>\n<\/ul>\n<h3>APPLICATIONS :<\/h3>\n<ul>\n<li>1000BASE-TX Gigabit Ethernet<\/li>\n<li>1000BASE-T Gigabit Ethernet<\/li>\n<li>100BASE-TX Fast Ethernet.<\/li>\n<li>10BASE-T Ethernet.<\/li>\n<li>Applications vocales, vid\u00e9o et autres.<\/li>\n<\/ul>\n<h3>CARACT\u00c9RISTIQUES :<\/h3>\n<table width=\"682\">\n<tbody>\n<tr>\n<td width=\"249\">Rigidit\u00e9 di\u00e9lectrique<\/td>\n<td width=\"430\">1000V RMS pendant 1min<\/td>\n<\/tr>\n<tr>\n<td width=\"249\">Valeur nominale actuelle<\/td>\n<td width=\"430\">1.5Amp Max.<\/td>\n<\/tr>\n<tr>\n<td width=\"249\">R\u00e9sistance de l&#8217;isolation<\/td>\n<td width=\"430\">10M\u03a9 Min.<\/td>\n<\/tr>\n<tr>\n<td width=\"249\">R\u00e9sistance des contacts<\/td>\n<td width=\"430\">2m\u03a9 par contact<\/td>\n<\/tr>\n<tr>\n<td width=\"249\">Plage de temp\u00e9rature<\/td>\n<td width=\"430\">-10\u00b0 \u00e0 60\u00b0 C<\/td>\n<\/tr>\n<tr>\n<td width=\"249\">Humidit\u00e9<\/td>\n<td width=\"430\">10%~90% ; sans condensation<\/td>\n<\/tr>\n<tr>\n<td width=\"249\">Mat\u00e9riau Indice de flamme<\/td>\n<td width=\"430\">PC, UL94 V-0<\/td>\n<\/tr>\n<tr>\n<td width=\"249\">Conducteur admissible<\/td>\n<td width=\"430\">Fil d&#8217;isolation 22AWG ~ 26AWG<\/td>\n<\/tr>\n<tr>\n<td width=\"249\">Contact \u00e0 8 broches dans le jack du PCB\n<p>&nbsp;<\/p><\/td>\n<td width=\"430\">Bronze phosphoreux : 50\u03bc pouce plaqu\u00e9 or sur plaqu\u00e9 nickel.\n<p>dans la zone de contact<\/p>\n<p>Dur\u00e9e de vie : Minimum 750 insertions<\/p><\/td>\n<\/tr>\n<tr>\n<td width=\"249\">Contacts IDC<\/td>\n<td width=\"430\">100\u03bc pouce nickel\u00e9 sur bronze phosphoreux\n<p>Dur\u00e9e de vie : Minimum 250 terminaisons<\/p><\/td>\n<\/tr>\n<\/tbody>\n<\/table>\n<h3>LES INFORMATIONS RELATIVES \u00c0 LA COMMANDE :<\/h3>\n<table width=\"682\">\n<tbody>\n<tr>\n<td width=\"131\">Pi\u00e8ce NO.<\/td>\n<td width=\"544\">1061210&#215;0<\/td>\n<\/tr>\n<tr>\n<td width=\"131\">Description<\/td>\n<td width=\"544\">Connceteur Cat.6 non blind\u00e9e \u00e0 180\u00b0, double type IDC<\/td>\n<\/tr>\n<tr>\n<td width=\"131\">x, couleur<\/td>\n<td width=\"544\">1 : blanc 2 : noir 3 : rouge 4 : bleu 6 : vert 8 : jaune<\/td>\n<\/tr>\n<tr>\n<td width=\"131\">Emballage\n<p>&nbsp;<\/p><\/td>\n<td width=\"544\">1pc\/sachet PE, 50pcs\/bo\u00eete, 500 pcs\/carton\n<p>taille du carton 53*32*23 cm poids : N.W. 4.3 KG G.W. 5.4 KG<\/p><\/td>\n<\/tr>\n<\/tbody>\n<\/table>\n","protected":false},"featured_media":19771,"template":"","product_category":[400],"class_list":["post-19761","product","type-product","status-publish","has-post-thumbnail","hentry","product_category-prise-keystone-non-blindee"],"yoast_head":"<!-- This site is optimized with the Yoast SEO plugin v27.2 - https:\/\/yoast.com\/product\/yoast-seo-wordpress\/ -->\n<title>Connecteur Cat\u00e9gorie 6 180\u00b0 non blind\u00e9 de Premium-Line<\/title>\n<meta name=\"description\" content=\"Le connecteur 180\u00b0 non blind\u00e9 de Premium-Line est dot\u00e9 d&#039;un design classique, avec une double connectique IDC acceptant des c\u00e2bles solides de calibre 22 \u00e0 26 AWG. En savoir plus !\" \/>\n<meta name=\"robots\" content=\"index, follow, max-snippet:-1, max-image-preview:large, max-video-preview:-1\" \/>\n<link rel=\"canonical\" href=\"https:\/\/premiumline-cabling.com\/fr\/product\/chat-6-180-non-blinde-kj\/\" \/>\n<meta property=\"og:locale\" content=\"fr_FR\" \/>\n<meta property=\"og:type\" content=\"article\" \/>\n<meta property=\"og:title\" content=\"Connecteur Cat\u00e9gorie 6 180\u00b0 non blind\u00e9 de Premium-Line\" \/>\n<meta property=\"og:description\" content=\"Le connecteur 180\u00b0 non blind\u00e9 de Premium-Line est dot\u00e9 d&#039;un design classique, avec une double connectique IDC acceptant des c\u00e2bles solides de calibre 22 \u00e0 26 AWG. En savoir plus !\" \/>\n<meta property=\"og:url\" content=\"https:\/\/premiumline-cabling.com\/fr\/product\/chat-6-180-non-blinde-kj\/\" \/>\n<meta property=\"og:site_name\" content=\"Premium-Line\" \/>\n<meta property=\"article:modified_time\" content=\"2024-04-16T10:41:18+00:00\" \/>\n<meta property=\"og:image\" content=\"https:\/\/premiumline-cabling.com\/wp-content\/uploads\/2019\/11\/106121010-38-pages.jpg\" \/>\n\t<meta property=\"og:image:width\" content=\"1712\" \/>\n\t<meta property=\"og:image:height\" content=\"1712\" \/>\n\t<meta property=\"og:image:type\" content=\"image\/jpeg\" \/>\n<meta name=\"twitter:card\" content=\"summary_large_image\" \/>\n<meta name=\"twitter:label1\" content=\"Dur\u00e9e de lecture estim\u00e9e\" \/>\n\t<meta name=\"twitter:data1\" content=\"1 minute\" \/>\n<script type=\"application\/ld+json\" class=\"yoast-schema-graph\">{\"@context\":\"https:\/\/schema.org\",\"@graph\":[{\"@type\":\"WebPage\",\"@id\":\"https:\/\/premiumline-cabling.com\/fr\/product\/chat-6-180-non-blinde-kj\/\",\"url\":\"https:\/\/premiumline-cabling.com\/fr\/product\/chat-6-180-non-blinde-kj\/\",\"name\":\"Connecteur Cat\u00e9gorie 6 180\u00b0 non blind\u00e9 de Premium-Line\",\"isPartOf\":{\"@id\":\"https:\/\/premiumline-cabling.com\/#website\"},\"primaryImageOfPage\":{\"@id\":\"https:\/\/premiumline-cabling.com\/fr\/product\/chat-6-180-non-blinde-kj\/#primaryimage\"},\"image\":{\"@id\":\"https:\/\/premiumline-cabling.com\/fr\/product\/chat-6-180-non-blinde-kj\/#primaryimage\"},\"thumbnailUrl\":\"https:\/\/premiumline-cabling.com\/wp-content\/uploads\/2019\/11\/106121010-38-pages.jpg\",\"datePublished\":\"2019-11-11T17:34:51+00:00\",\"dateModified\":\"2024-04-16T10:41:18+00:00\",\"description\":\"Le connecteur 180\u00b0 non blind\u00e9 de Premium-Line est dot\u00e9 d'un design classique, avec une double connectique IDC acceptant des c\u00e2bles solides de calibre 22 \u00e0 26 AWG. En savoir plus !\",\"breadcrumb\":{\"@id\":\"https:\/\/premiumline-cabling.com\/fr\/product\/chat-6-180-non-blinde-kj\/#breadcrumb\"},\"inLanguage\":\"fr-FR\",\"potentialAction\":[{\"@type\":\"ReadAction\",\"target\":[\"https:\/\/premiumline-cabling.com\/fr\/product\/chat-6-180-non-blinde-kj\/\"]}]},{\"@type\":\"ImageObject\",\"inLanguage\":\"fr-FR\",\"@id\":\"https:\/\/premiumline-cabling.com\/fr\/product\/chat-6-180-non-blinde-kj\/#primaryimage\",\"url\":\"https:\/\/premiumline-cabling.com\/wp-content\/uploads\/2019\/11\/106121010-38-pages.jpg\",\"contentUrl\":\"https:\/\/premiumline-cabling.com\/wp-content\/uploads\/2019\/11\/106121010-38-pages.jpg\",\"width\":1712,\"height\":1712},{\"@type\":\"BreadcrumbList\",\"@id\":\"https:\/\/premiumline-cabling.com\/fr\/product\/chat-6-180-non-blinde-kj\/#breadcrumb\",\"itemListElement\":[{\"@type\":\"ListItem\",\"position\":1,\"name\":\"\u0413\u043b\u0430\u0432\u043d\u0430\u044f \u0441\u0442\u0440\u0430\u043d\u0438\u0446\u0430\",\"item\":\"https:\/\/premiumline-cabling.com\/fr\/\"},{\"@type\":\"ListItem\",\"position\":2,\"name\":\"Cat. 6 180\u00b0 non blind\u00e9 KJ\"}]},{\"@type\":\"WebSite\",\"@id\":\"https:\/\/premiumline-cabling.com\/#website\",\"url\":\"https:\/\/premiumline-cabling.com\/\",\"name\":\"Premium-Line\",\"description\":\"Structured Cabling System\",\"publisher\":{\"@id\":\"https:\/\/premiumline-cabling.com\/#organization\"},\"potentialAction\":[{\"@type\":\"SearchAction\",\"target\":{\"@type\":\"EntryPoint\",\"urlTemplate\":\"https:\/\/premiumline-cabling.com\/?s={search_term_string}\"},\"query-input\":{\"@type\":\"PropertyValueSpecification\",\"valueRequired\":true,\"valueName\":\"search_term_string\"}}],\"inLanguage\":\"fr-FR\"},{\"@type\":\"Organization\",\"@id\":\"https:\/\/premiumline-cabling.com\/#organization\",\"name\":\"Premium-Line\",\"url\":\"https:\/\/premiumline-cabling.com\/\",\"logo\":{\"@type\":\"ImageObject\",\"inLanguage\":\"fr-FR\",\"@id\":\"https:\/\/premiumline-cabling.com\/#\/schema\/logo\/image\/\",\"url\":\"https:\/\/premiumline-cabling.com\/wp-content\/uploads\/2019\/04\/cropped-img_logo_site_Premium-Line.png\",\"contentUrl\":\"https:\/\/premiumline-cabling.com\/wp-content\/uploads\/2019\/04\/cropped-img_logo_site_Premium-Line.png\",\"width\":190,\"height\":62,\"caption\":\"Premium-Line\"},\"image\":{\"@id\":\"https:\/\/premiumline-cabling.com\/#\/schema\/logo\/image\/\"}}]}<\/script>\n<!-- \/ Yoast SEO plugin. -->","yoast_head_json":{"title":"Connecteur Cat\u00e9gorie 6 180\u00b0 non blind\u00e9 de Premium-Line","description":"Le connecteur 180\u00b0 non blind\u00e9 de Premium-Line est dot\u00e9 d'un design classique, avec une double connectique IDC acceptant des c\u00e2bles solides de calibre 22 \u00e0 26 AWG. En savoir plus !","robots":{"index":"index","follow":"follow","max-snippet":"max-snippet:-1","max-image-preview":"max-image-preview:large","max-video-preview":"max-video-preview:-1"},"canonical":"https:\/\/premiumline-cabling.com\/fr\/product\/chat-6-180-non-blinde-kj\/","og_locale":"fr_FR","og_type":"article","og_title":"Connecteur Cat\u00e9gorie 6 180\u00b0 non blind\u00e9 de Premium-Line","og_description":"Le connecteur 180\u00b0 non blind\u00e9 de Premium-Line est dot\u00e9 d'un design classique, avec une double connectique IDC acceptant des c\u00e2bles solides de calibre 22 \u00e0 26 AWG. En savoir plus !","og_url":"https:\/\/premiumline-cabling.com\/fr\/product\/chat-6-180-non-blinde-kj\/","og_site_name":"Premium-Line","article_modified_time":"2024-04-16T10:41:18+00:00","og_image":[{"width":1712,"height":1712,"url":"https:\/\/premiumline-cabling.com\/wp-content\/uploads\/2019\/11\/106121010-38-pages.jpg","type":"image\/jpeg"}],"twitter_card":"summary_large_image","twitter_misc":{"Dur\u00e9e de lecture estim\u00e9e":"1 minute"},"schema":{"@context":"https:\/\/schema.org","@graph":[{"@type":"WebPage","@id":"https:\/\/premiumline-cabling.com\/fr\/product\/chat-6-180-non-blinde-kj\/","url":"https:\/\/premiumline-cabling.com\/fr\/product\/chat-6-180-non-blinde-kj\/","name":"Connecteur Cat\u00e9gorie 6 180\u00b0 non blind\u00e9 de Premium-Line","isPartOf":{"@id":"https:\/\/premiumline-cabling.com\/#website"},"primaryImageOfPage":{"@id":"https:\/\/premiumline-cabling.com\/fr\/product\/chat-6-180-non-blinde-kj\/#primaryimage"},"image":{"@id":"https:\/\/premiumline-cabling.com\/fr\/product\/chat-6-180-non-blinde-kj\/#primaryimage"},"thumbnailUrl":"https:\/\/premiumline-cabling.com\/wp-content\/uploads\/2019\/11\/106121010-38-pages.jpg","datePublished":"2019-11-11T17:34:51+00:00","dateModified":"2024-04-16T10:41:18+00:00","description":"Le connecteur 180\u00b0 non blind\u00e9 de Premium-Line est dot\u00e9 d'un design classique, avec une double connectique IDC acceptant des c\u00e2bles solides de calibre 22 \u00e0 26 AWG. En savoir plus !","breadcrumb":{"@id":"https:\/\/premiumline-cabling.com\/fr\/product\/chat-6-180-non-blinde-kj\/#breadcrumb"},"inLanguage":"fr-FR","potentialAction":[{"@type":"ReadAction","target":["https:\/\/premiumline-cabling.com\/fr\/product\/chat-6-180-non-blinde-kj\/"]}]},{"@type":"ImageObject","inLanguage":"fr-FR","@id":"https:\/\/premiumline-cabling.com\/fr\/product\/chat-6-180-non-blinde-kj\/#primaryimage","url":"https:\/\/premiumline-cabling.com\/wp-content\/uploads\/2019\/11\/106121010-38-pages.jpg","contentUrl":"https:\/\/premiumline-cabling.com\/wp-content\/uploads\/2019\/11\/106121010-38-pages.jpg","width":1712,"height":1712},{"@type":"BreadcrumbList","@id":"https:\/\/premiumline-cabling.com\/fr\/product\/chat-6-180-non-blinde-kj\/#breadcrumb","itemListElement":[{"@type":"ListItem","position":1,"name":"\u0413\u043b\u0430\u0432\u043d\u0430\u044f \u0441\u0442\u0440\u0430\u043d\u0438\u0446\u0430","item":"https:\/\/premiumline-cabling.com\/fr\/"},{"@type":"ListItem","position":2,"name":"Cat. 6 180\u00b0 non blind\u00e9 KJ"}]},{"@type":"WebSite","@id":"https:\/\/premiumline-cabling.com\/#website","url":"https:\/\/premiumline-cabling.com\/","name":"Premium-Line","description":"Structured Cabling System","publisher":{"@id":"https:\/\/premiumline-cabling.com\/#organization"},"potentialAction":[{"@type":"SearchAction","target":{"@type":"EntryPoint","urlTemplate":"https:\/\/premiumline-cabling.com\/?s={search_term_string}"},"query-input":{"@type":"PropertyValueSpecification","valueRequired":true,"valueName":"search_term_string"}}],"inLanguage":"fr-FR"},{"@type":"Organization","@id":"https:\/\/premiumline-cabling.com\/#organization","name":"Premium-Line","url":"https:\/\/premiumline-cabling.com\/","logo":{"@type":"ImageObject","inLanguage":"fr-FR","@id":"https:\/\/premiumline-cabling.com\/#\/schema\/logo\/image\/","url":"https:\/\/premiumline-cabling.com\/wp-content\/uploads\/2019\/04\/cropped-img_logo_site_Premium-Line.png","contentUrl":"https:\/\/premiumline-cabling.com\/wp-content\/uploads\/2019\/04\/cropped-img_logo_site_Premium-Line.png","width":190,"height":62,"caption":"Premium-Line"},"image":{"@id":"https:\/\/premiumline-cabling.com\/#\/schema\/logo\/image\/"}}]}},"_links":{"self":[{"href":"https:\/\/premiumline-cabling.com\/fr\/wp-json\/wp\/v2\/product\/19761","targetHints":{"allow":["GET"]}}],"collection":[{"href":"https:\/\/premiumline-cabling.com\/fr\/wp-json\/wp\/v2\/product"}],"about":[{"href":"https:\/\/premiumline-cabling.com\/fr\/wp-json\/wp\/v2\/types\/product"}],"wp:featuredmedia":[{"embeddable":true,"href":"https:\/\/premiumline-cabling.com\/fr\/wp-json\/wp\/v2\/media\/19771"}],"wp:attachment":[{"href":"https:\/\/premiumline-cabling.com\/fr\/wp-json\/wp\/v2\/media?parent=19761"}],"wp:term":[{"taxonomy":"product_category","embeddable":true,"href":"https:\/\/premiumline-cabling.com\/fr\/wp-json\/wp\/v2\/product_category?post=19761"}],"curies":[{"name":"wp","href":"https:\/\/api.w.org\/{rel}","templated":true}]}}