{"id":19757,"date":"2019-11-11T18:38:13","date_gmt":"2019-11-11T17:38:13","guid":{"rendered":"https:\/\/premiumline-cabling.com\/product\/chat-6-90-kj-slim\/"},"modified":"2024-05-03T09:24:41","modified_gmt":"2024-05-03T08:24:41","slug":"chat-6-90-kj-slim","status":"publish","type":"product","link":"https:\/\/premiumline-cabling.com\/fr\/product\/chat-6-90-kj-slim\/","title":{"rendered":"Cat. 6 90\u00b0 KJ Slim"},"content":{"rendered":"<h2>Connecteur Cat\u00e9gorie 6 90\u00b0 non blind\u00e9 Slim de Premium-Line<\/h2>\n<div id=\"attachment_884\" style=\"width: 230px\" class=\"wp-caption alignright\"><noscript><img decoding=\"async\" aria-describedby=\"caption-attachment-884\" class=\"wp-image-884 size-full\" src=\"https:\/\/premiumline-cabling.com\/wp-content\/uploads\/2019\/02\/img_PL_keystone-jack-6-106311010_07dc1c8253.jpg\" alt width=\"220\" height=\"219\" srcset=\"https:\/\/premiumline-cabling.com\/wp-content\/uploads\/2019\/02\/img_PL_keystone-jack-6-106311010_07dc1c8253.jpg 220w, https:\/\/premiumline-cabling.com\/wp-content\/uploads\/2019\/02\/img_PL_keystone-jack-6-106311010_07dc1c8253-150x150.jpg 150w\" sizes=\"(max-width: 220px) 100vw, 220px\"><\/noscript><img decoding=\"async\" aria-describedby=\"caption-attachment-884\" class=\"wp-image-884 size-full lazyload\" src=\"data:image\/svg+xml,%3Csvg%20xmlns%3D%22http%3A%2F%2Fwww.w3.org%2F2000%2Fsvg%22%20viewBox%3D%220%200%20220%20219%22%3E%3C%2Fsvg%3E\" alt width=\"220\" height=\"219\" srcset=\"data:image\/svg+xml,%3Csvg%20xmlns%3D%22http%3A%2F%2Fwww.w3.org%2F2000%2Fsvg%22%20viewBox%3D%220%200%20220%20219%22%3E%3C%2Fsvg%3E 220w\" sizes=\"(max-width: 220px) 100vw, 220px\" data-srcset=\"https:\/\/premiumline-cabling.com\/wp-content\/uploads\/2019\/02\/img_PL_keystone-jack-6-106311010_07dc1c8253.jpg 220w, https:\/\/premiumline-cabling.com\/wp-content\/uploads\/2019\/02\/img_PL_keystone-jack-6-106311010_07dc1c8253-150x150.jpg 150w\" data-src=\"https:\/\/premiumline-cabling.com\/wp-content\/uploads\/2019\/02\/img_PL_keystone-jack-6-106311010_07dc1c8253.jpg\"><p id=\"caption-attachment-884\" class=\"wp-caption-text\">106311010<\/p><\/div>\n<p>Connecteur Category 6 90\u00b0 slim, non blind\u00e9 de Premium-Linekeystone est le mini type du connecteur standard 90\u00b0 non blind\u00e9e comme son nom l&#8217;indique. La construction interne et les caract\u00e9ristiques sont les m\u00eames que celles d&#8217;un produit normal.<\/p>\n<table style=\"width: 450px;\">\n<tbody>\n<tr>\n<td colspan=\"2\">\n<h4>Caract\u00e9ristiques physiques<\/h4>\n<\/td>\n<\/tr>\n<tr>\n<td>Habillage<\/td>\n<td>PC, UL94 V-0<\/td>\n<\/tr>\n<tr>\n<td>Contact Jack<\/td>\n<td>bronze phosphoreux, 50\u03bc pouces plaqu\u00e9 or sur nickel<\/td>\n<\/tr>\n<tr>\n<td>Contacts IDC<\/td>\n<td>100\u03bc pouce nickel\u00e9 sur bronze phosphoreux<\/td>\n<\/tr>\n<tr>\n<td colspan=\"2\">\n<h4 style=\"text-align: left;\">Applications<\/h4>\n<ul>\n<li style=\"text-align: left;\">1000BASE-TX Gigabit Ethernet<\/li>\n<li style=\"text-align: left;\">1000BASE-T Gigabit Ethernet<\/li>\n<li style=\"text-align: left;\">100BASE-TX Fast Ethernet<\/li>\n<li style=\"text-align: left;\">10BASE-T Ethernet<\/li>\n<li style=\"text-align: left;\">Applications vocales, vid\u00e9o et autres<\/li>\n<\/ul>\n<\/td>\n<\/tr>\n<\/tbody>\n<\/table>\n<p>Tous les produits sont v\u00e9rifi\u00e9s par rapport aux caract\u00e9ristiques \u00e9lectriques requises par la directive.<\/p>\n<h4>Connecteur Cat\u00e9gorie 6 90\u00b0 non blind\u00e9 Slim<\/h4>\n<table width=\"100%\">\n<thead>\n<tr>\n<td><strong>PART NO.<\/strong><\/td>\n<td><strong>DESCRIPTION<\/strong><\/td>\n<td><strong>TAILLE DE L&#8217;EMBALLAGE<\/strong><\/td>\n<\/tr>\n<\/thead>\n<tbody>\n<tr>\n<td>106311010<\/td>\n<td>Connecteur Cat\u00e9gorie 6 90\u00b0 Slim, non blind\u00e9 de Premium-Line Keystone Dual Type IDC<\/td>\n<td>42,4\u00d735,2\u00d724 cm<\/td>\n<\/tr>\n<\/tbody>\n<\/table>\n<p>&nbsp;<\/p>\n","protected":false},"featured_media":19758,"template":"","product_category":[400],"class_list":["post-19757","product","type-product","status-publish","has-post-thumbnail","hentry","product_category-prise-keystone-non-blindee"],"yoast_head":"<!-- This site is optimized with the Yoast SEO plugin v27.2 - https:\/\/yoast.com\/product\/yoast-seo-wordpress\/ -->\n<title>Connecteur Cat\u00e9gorie 6 90\u00b0 Slim, non blind\u00e9 de Premium-Line<\/title>\n<meta name=\"description\" content=\"Le Connecteur 90\u00b0 non blind\u00e9 de Premium-Line est de conception classique, le double type IDC accepte les c\u00e2bles solides de 22-26 AWG. En savoir plus !\" \/>\n<meta name=\"robots\" content=\"index, follow, max-snippet:-1, max-image-preview:large, max-video-preview:-1\" \/>\n<link rel=\"canonical\" href=\"https:\/\/premiumline-cabling.com\/fr\/product\/chat-6-90-kj-slim\/\" \/>\n<meta property=\"og:locale\" content=\"fr_FR\" \/>\n<meta property=\"og:type\" content=\"article\" \/>\n<meta property=\"og:title\" content=\"Connecteur Cat\u00e9gorie 6 90\u00b0 Slim, non blind\u00e9 de Premium-Line\" \/>\n<meta property=\"og:description\" content=\"Le Connecteur 90\u00b0 non blind\u00e9 de Premium-Line est de conception classique, le double type IDC accepte les c\u00e2bles solides de 22-26 AWG. En savoir plus !\" \/>\n<meta property=\"og:url\" content=\"https:\/\/premiumline-cabling.com\/fr\/product\/chat-6-90-kj-slim\/\" \/>\n<meta property=\"og:site_name\" content=\"Premium-Line\" \/>\n<meta property=\"article:modified_time\" content=\"2024-05-03T08:24:41+00:00\" \/>\n<meta property=\"og:image\" content=\"https:\/\/premiumline-cabling.com\/wp-content\/uploads\/2019\/02\/img_PL_keystone-jack-6-106311010_07dc1c8253_1.jpg\" \/>\n\t<meta property=\"og:image:width\" content=\"283\" \/>\n\t<meta property=\"og:image:height\" content=\"220\" \/>\n\t<meta property=\"og:image:type\" content=\"image\/jpeg\" \/>\n<meta name=\"twitter:card\" content=\"summary_large_image\" \/>\n<meta name=\"twitter:label1\" content=\"Dur\u00e9e de lecture estim\u00e9e\" \/>\n\t<meta name=\"twitter:data1\" content=\"1 minute\" \/>\n<script type=\"application\/ld+json\" class=\"yoast-schema-graph\">{\"@context\":\"https:\/\/schema.org\",\"@graph\":[{\"@type\":\"WebPage\",\"@id\":\"https:\/\/premiumline-cabling.com\/fr\/product\/chat-6-90-kj-slim\/\",\"url\":\"https:\/\/premiumline-cabling.com\/fr\/product\/chat-6-90-kj-slim\/\",\"name\":\"Connecteur Cat\u00e9gorie 6 90\u00b0 Slim, non blind\u00e9 de Premium-Line\",\"isPartOf\":{\"@id\":\"https:\/\/premiumline-cabling.com\/#website\"},\"primaryImageOfPage\":{\"@id\":\"https:\/\/premiumline-cabling.com\/fr\/product\/chat-6-90-kj-slim\/#primaryimage\"},\"image\":{\"@id\":\"https:\/\/premiumline-cabling.com\/fr\/product\/chat-6-90-kj-slim\/#primaryimage\"},\"thumbnailUrl\":\"https:\/\/premiumline-cabling.com\/wp-content\/uploads\/2019\/02\/img_PL_keystone-jack-6-106311010_07dc1c8253_1.jpg\",\"datePublished\":\"2019-11-11T17:38:13+00:00\",\"dateModified\":\"2024-05-03T08:24:41+00:00\",\"description\":\"Le Connecteur 90\u00b0 non blind\u00e9 de Premium-Line est de conception classique, le double type IDC accepte les c\u00e2bles solides de 22-26 AWG. En savoir plus !\",\"breadcrumb\":{\"@id\":\"https:\/\/premiumline-cabling.com\/fr\/product\/chat-6-90-kj-slim\/#breadcrumb\"},\"inLanguage\":\"fr-FR\",\"potentialAction\":[{\"@type\":\"ReadAction\",\"target\":[\"https:\/\/premiumline-cabling.com\/fr\/product\/chat-6-90-kj-slim\/\"]}]},{\"@type\":\"ImageObject\",\"inLanguage\":\"fr-FR\",\"@id\":\"https:\/\/premiumline-cabling.com\/fr\/product\/chat-6-90-kj-slim\/#primaryimage\",\"url\":\"https:\/\/premiumline-cabling.com\/wp-content\/uploads\/2019\/02\/img_PL_keystone-jack-6-106311010_07dc1c8253_1.jpg\",\"contentUrl\":\"https:\/\/premiumline-cabling.com\/wp-content\/uploads\/2019\/02\/img_PL_keystone-jack-6-106311010_07dc1c8253_1.jpg\",\"width\":283,\"height\":220},{\"@type\":\"BreadcrumbList\",\"@id\":\"https:\/\/premiumline-cabling.com\/fr\/product\/chat-6-90-kj-slim\/#breadcrumb\",\"itemListElement\":[{\"@type\":\"ListItem\",\"position\":1,\"name\":\"\u0413\u043b\u0430\u0432\u043d\u0430\u044f \u0441\u0442\u0440\u0430\u043d\u0438\u0446\u0430\",\"item\":\"https:\/\/premiumline-cabling.com\/fr\/\"},{\"@type\":\"ListItem\",\"position\":2,\"name\":\"Cat. 6 90\u00b0 KJ Slim\"}]},{\"@type\":\"WebSite\",\"@id\":\"https:\/\/premiumline-cabling.com\/#website\",\"url\":\"https:\/\/premiumline-cabling.com\/\",\"name\":\"Premium-Line\",\"description\":\"Structured Cabling System\",\"publisher\":{\"@id\":\"https:\/\/premiumline-cabling.com\/#organization\"},\"potentialAction\":[{\"@type\":\"SearchAction\",\"target\":{\"@type\":\"EntryPoint\",\"urlTemplate\":\"https:\/\/premiumline-cabling.com\/?s={search_term_string}\"},\"query-input\":{\"@type\":\"PropertyValueSpecification\",\"valueRequired\":true,\"valueName\":\"search_term_string\"}}],\"inLanguage\":\"fr-FR\"},{\"@type\":\"Organization\",\"@id\":\"https:\/\/premiumline-cabling.com\/#organization\",\"name\":\"Premium-Line\",\"url\":\"https:\/\/premiumline-cabling.com\/\",\"logo\":{\"@type\":\"ImageObject\",\"inLanguage\":\"fr-FR\",\"@id\":\"https:\/\/premiumline-cabling.com\/#\/schema\/logo\/image\/\",\"url\":\"https:\/\/premiumline-cabling.com\/wp-content\/uploads\/2019\/04\/cropped-img_logo_site_Premium-Line.png\",\"contentUrl\":\"https:\/\/premiumline-cabling.com\/wp-content\/uploads\/2019\/04\/cropped-img_logo_site_Premium-Line.png\",\"width\":190,\"height\":62,\"caption\":\"Premium-Line\"},\"image\":{\"@id\":\"https:\/\/premiumline-cabling.com\/#\/schema\/logo\/image\/\"}}]}<\/script>\n<!-- \/ Yoast SEO plugin. -->","yoast_head_json":{"title":"Connecteur Cat\u00e9gorie 6 90\u00b0 Slim, non blind\u00e9 de Premium-Line","description":"Le Connecteur 90\u00b0 non blind\u00e9 de Premium-Line est de conception classique, le double type IDC accepte les c\u00e2bles solides de 22-26 AWG. En savoir plus !","robots":{"index":"index","follow":"follow","max-snippet":"max-snippet:-1","max-image-preview":"max-image-preview:large","max-video-preview":"max-video-preview:-1"},"canonical":"https:\/\/premiumline-cabling.com\/fr\/product\/chat-6-90-kj-slim\/","og_locale":"fr_FR","og_type":"article","og_title":"Connecteur Cat\u00e9gorie 6 90\u00b0 Slim, non blind\u00e9 de Premium-Line","og_description":"Le Connecteur 90\u00b0 non blind\u00e9 de Premium-Line est de conception classique, le double type IDC accepte les c\u00e2bles solides de 22-26 AWG. En savoir plus !","og_url":"https:\/\/premiumline-cabling.com\/fr\/product\/chat-6-90-kj-slim\/","og_site_name":"Premium-Line","article_modified_time":"2024-05-03T08:24:41+00:00","og_image":[{"width":283,"height":220,"url":"https:\/\/premiumline-cabling.com\/wp-content\/uploads\/2019\/02\/img_PL_keystone-jack-6-106311010_07dc1c8253_1.jpg","type":"image\/jpeg"}],"twitter_card":"summary_large_image","twitter_misc":{"Dur\u00e9e de lecture estim\u00e9e":"1 minute"},"schema":{"@context":"https:\/\/schema.org","@graph":[{"@type":"WebPage","@id":"https:\/\/premiumline-cabling.com\/fr\/product\/chat-6-90-kj-slim\/","url":"https:\/\/premiumline-cabling.com\/fr\/product\/chat-6-90-kj-slim\/","name":"Connecteur Cat\u00e9gorie 6 90\u00b0 Slim, non blind\u00e9 de Premium-Line","isPartOf":{"@id":"https:\/\/premiumline-cabling.com\/#website"},"primaryImageOfPage":{"@id":"https:\/\/premiumline-cabling.com\/fr\/product\/chat-6-90-kj-slim\/#primaryimage"},"image":{"@id":"https:\/\/premiumline-cabling.com\/fr\/product\/chat-6-90-kj-slim\/#primaryimage"},"thumbnailUrl":"https:\/\/premiumline-cabling.com\/wp-content\/uploads\/2019\/02\/img_PL_keystone-jack-6-106311010_07dc1c8253_1.jpg","datePublished":"2019-11-11T17:38:13+00:00","dateModified":"2024-05-03T08:24:41+00:00","description":"Le Connecteur 90\u00b0 non blind\u00e9 de Premium-Line est de conception classique, le double type IDC accepte les c\u00e2bles solides de 22-26 AWG. En savoir plus !","breadcrumb":{"@id":"https:\/\/premiumline-cabling.com\/fr\/product\/chat-6-90-kj-slim\/#breadcrumb"},"inLanguage":"fr-FR","potentialAction":[{"@type":"ReadAction","target":["https:\/\/premiumline-cabling.com\/fr\/product\/chat-6-90-kj-slim\/"]}]},{"@type":"ImageObject","inLanguage":"fr-FR","@id":"https:\/\/premiumline-cabling.com\/fr\/product\/chat-6-90-kj-slim\/#primaryimage","url":"https:\/\/premiumline-cabling.com\/wp-content\/uploads\/2019\/02\/img_PL_keystone-jack-6-106311010_07dc1c8253_1.jpg","contentUrl":"https:\/\/premiumline-cabling.com\/wp-content\/uploads\/2019\/02\/img_PL_keystone-jack-6-106311010_07dc1c8253_1.jpg","width":283,"height":220},{"@type":"BreadcrumbList","@id":"https:\/\/premiumline-cabling.com\/fr\/product\/chat-6-90-kj-slim\/#breadcrumb","itemListElement":[{"@type":"ListItem","position":1,"name":"\u0413\u043b\u0430\u0432\u043d\u0430\u044f \u0441\u0442\u0440\u0430\u043d\u0438\u0446\u0430","item":"https:\/\/premiumline-cabling.com\/fr\/"},{"@type":"ListItem","position":2,"name":"Cat. 6 90\u00b0 KJ Slim"}]},{"@type":"WebSite","@id":"https:\/\/premiumline-cabling.com\/#website","url":"https:\/\/premiumline-cabling.com\/","name":"Premium-Line","description":"Structured Cabling System","publisher":{"@id":"https:\/\/premiumline-cabling.com\/#organization"},"potentialAction":[{"@type":"SearchAction","target":{"@type":"EntryPoint","urlTemplate":"https:\/\/premiumline-cabling.com\/?s={search_term_string}"},"query-input":{"@type":"PropertyValueSpecification","valueRequired":true,"valueName":"search_term_string"}}],"inLanguage":"fr-FR"},{"@type":"Organization","@id":"https:\/\/premiumline-cabling.com\/#organization","name":"Premium-Line","url":"https:\/\/premiumline-cabling.com\/","logo":{"@type":"ImageObject","inLanguage":"fr-FR","@id":"https:\/\/premiumline-cabling.com\/#\/schema\/logo\/image\/","url":"https:\/\/premiumline-cabling.com\/wp-content\/uploads\/2019\/04\/cropped-img_logo_site_Premium-Line.png","contentUrl":"https:\/\/premiumline-cabling.com\/wp-content\/uploads\/2019\/04\/cropped-img_logo_site_Premium-Line.png","width":190,"height":62,"caption":"Premium-Line"},"image":{"@id":"https:\/\/premiumline-cabling.com\/#\/schema\/logo\/image\/"}}]}},"_links":{"self":[{"href":"https:\/\/premiumline-cabling.com\/fr\/wp-json\/wp\/v2\/product\/19757","targetHints":{"allow":["GET"]}}],"collection":[{"href":"https:\/\/premiumline-cabling.com\/fr\/wp-json\/wp\/v2\/product"}],"about":[{"href":"https:\/\/premiumline-cabling.com\/fr\/wp-json\/wp\/v2\/types\/product"}],"wp:featuredmedia":[{"embeddable":true,"href":"https:\/\/premiumline-cabling.com\/fr\/wp-json\/wp\/v2\/media\/19758"}],"wp:attachment":[{"href":"https:\/\/premiumline-cabling.com\/fr\/wp-json\/wp\/v2\/media?parent=19757"}],"wp:term":[{"taxonomy":"product_category","embeddable":true,"href":"https:\/\/premiumline-cabling.com\/fr\/wp-json\/wp\/v2\/product_category?post=19757"}],"curies":[{"name":"wp","href":"https:\/\/api.w.org\/{rel}","templated":true}]}}