{"id":19747,"date":"2020-09-22T13:59:32","date_gmt":"2020-09-22T12:59:32","guid":{"rendered":"https:\/\/premiumline-cabling.com\/product\/chat-6a-kj-mise-a-la-terre\/"},"modified":"2024-03-28T12:08:17","modified_gmt":"2024-03-28T11:08:17","slug":"chat-6a-kj-mise-a-la-terre","status":"publish","type":"product","link":"https:\/\/premiumline-cabling.com\/fr\/product\/chat-6a-kj-mise-a-la-terre\/","title":{"rendered":"Cat. 6A KJ Mise \u00e0 la terre"},"content":{"rendered":"<h2 id=\"ui-id-1\" class=\"t3ddy-accordion-header ui-accordion-header ui-state-default ui-accordion-icons ui-state-focus ui-corner-all\" tabindex=\"0\" role=\"tab\" aria-controls=\"c1345\" aria-selected=\"false\" aria-expanded=\"false\">Connecteur Blind\u00e9 180\u00b0 Cat\u00e9gorie 6A, moul\u00e9 sous pression avec broche de mise \u00e0 la terre, type mince<\/h2>\n<p><noscript><img decoding=\"async\" class=\"alignright wp-image-6134 size-medium\" src=\"https:\/\/premiumline-cabling.com\/wp-content\/uploads\/2020\/09\/KJ_Cat6A_grounding_pin1-300x250.jpg\" alt width=\"300\" height=\"250\" srcset=\"https:\/\/premiumline-cabling.com\/wp-content\/uploads\/2020\/09\/KJ_Cat6A_grounding_pin1-300x250.jpg 300w, https:\/\/premiumline-cabling.com\/wp-content\/uploads\/2020\/09\/KJ_Cat6A_grounding_pin1.jpg 654w\" sizes=\"(max-width: 300px) 100vw, 300px\"><\/noscript><img decoding=\"async\" class=\"alignright wp-image-6134 size-medium lazyload\" src=\"data:image\/svg+xml,%3Csvg%20xmlns%3D%22http%3A%2F%2Fwww.w3.org%2F2000%2Fsvg%22%20viewBox%3D%220%200%20300%20250%22%3E%3C%2Fsvg%3E\" alt width=\"300\" height=\"250\" srcset=\"data:image\/svg+xml,%3Csvg%20xmlns%3D%22http%3A%2F%2Fwww.w3.org%2F2000%2Fsvg%22%20viewBox%3D%220%200%20300%20250%22%3E%3C%2Fsvg%3E 300w\" sizes=\"(max-width: 300px) 100vw, 300px\" data-srcset=\"https:\/\/premiumline-cabling.com\/wp-content\/uploads\/2020\/09\/KJ_Cat6A_grounding_pin1-300x250.jpg 300w, https:\/\/premiumline-cabling.com\/wp-content\/uploads\/2020\/09\/KJ_Cat6A_grounding_pin1.jpg 654w\" data-src=\"https:\/\/premiumline-cabling.com\/wp-content\/uploads\/2020\/09\/KJ_Cat6A_grounding_pin1-300x250.jpg\"><\/p>\n<p>Connecteur Blind\u00e9 180\u00b0 Cat\u00e9gorie 6A de Premium-Line, moul\u00e9 sous pression avec broche de mise \u00e0 la terre, type mince, conforme aux sp\u00e9cifications TIA\/EIA-568.2-D, ISO\/IEC 11801 et EN 50173-1 Class EA, supporte le c\u00e2blage T568 A&amp;B.<\/p>\n<p>Ce connecteur avec broche de mise \u00e0 la terre a \u00e9t\u00e9 d\u00e9velopp\u00e9 pour les projets ayant des exigences suppl\u00e9mentaires en mati\u00e8re de mise \u00e0 la terre. Vous pouvez connecter cette prise KJ \u00e0 votre syst\u00e8me de mise \u00e0 la terre dans n&#8217;importe quel plastron.<\/p>\n<h3>CARACT\u00c9RISTIQUES :<\/h3>\n<ul>\n<li>Conforme aux sp\u00e9cifications ANSI\/TIA 568.2-D, ISO\/IEC 11801-1, EN 50173-1 Classe Ea<\/li>\n<li>Conception de moulage sous pression pour une protection optimale contre les interf\u00e9rences \u00e9lectromagn\u00e9tiques<\/li>\n<li>La taille r\u00e9duite est id\u00e9ale pour les interfaces o\u00f9 l&#8217;espace est restreint.<\/li>\n<li>Garantie de performance r\u00e9elle des liaisons courtes ISO\/IEC 11801 et EN 50173<\/li>\n<li>Cordon de consolidation multi-n\u0153uds, solution fiable de bout en bout et applications \u00e0 haut trafic de donn\u00e9es<\/li>\n<li>La broche de mise \u00e0 la terre s\u00e9par\u00e9e am\u00e9liore l&#8217;effet de mise \u00e0 la terre.<\/li>\n<li>Conforme \u00e0 la directive RoHS<\/li>\n<\/ul>\n<p>&nbsp;<\/p>\n<h3>APPLICATIONS :<\/h3>\n<ul>\n<li>10GBASE-T Ethernet<\/li>\n<li>1000BASE-TX Gigabit Ethernet<\/li>\n<li>1000BASE-T Gigabit Ethernet<\/li>\n<li>100BASE-TX Fast Ethernet.<\/li>\n<li>10BASE-T Ethernet<\/li>\n<li>Applications vocales, vid\u00e9o et autres.<\/li>\n<\/ul>\n<p><noscript><img decoding=\"async\" class=\"aligncenter wp-image-6138 size-medium\" src=\"https:\/\/premiumline-cabling.com\/wp-content\/uploads\/2020\/09\/KJ_Cat6A_grounding_pin2-300x203.jpg\" alt width=\"300\" height=\"203\" srcset=\"https:\/\/premiumline-cabling.com\/wp-content\/uploads\/2020\/09\/KJ_Cat6A_grounding_pin2-300x203.jpg 300w, https:\/\/premiumline-cabling.com\/wp-content\/uploads\/2020\/09\/KJ_Cat6A_grounding_pin2-1024x694.jpg 1024w, https:\/\/premiumline-cabling.com\/wp-content\/uploads\/2020\/09\/KJ_Cat6A_grounding_pin2-768x520.jpg 768w, https:\/\/premiumline-cabling.com\/wp-content\/uploads\/2020\/09\/KJ_Cat6A_grounding_pin2.jpg 1271w\" sizes=\"(max-width: 300px) 100vw, 300px\"><\/noscript><img decoding=\"async\" class=\"aligncenter wp-image-6138 size-medium lazyload\" src=\"data:image\/svg+xml,%3Csvg%20xmlns%3D%22http%3A%2F%2Fwww.w3.org%2F2000%2Fsvg%22%20viewBox%3D%220%200%20300%20203%22%3E%3C%2Fsvg%3E\" alt width=\"300\" height=\"203\" srcset=\"data:image\/svg+xml,%3Csvg%20xmlns%3D%22http%3A%2F%2Fwww.w3.org%2F2000%2Fsvg%22%20viewBox%3D%220%200%20300%20203%22%3E%3C%2Fsvg%3E 300w\" sizes=\"(max-width: 300px) 100vw, 300px\" data-srcset=\"https:\/\/premiumline-cabling.com\/wp-content\/uploads\/2020\/09\/KJ_Cat6A_grounding_pin2-300x203.jpg 300w, https:\/\/premiumline-cabling.com\/wp-content\/uploads\/2020\/09\/KJ_Cat6A_grounding_pin2-1024x694.jpg 1024w, https:\/\/premiumline-cabling.com\/wp-content\/uploads\/2020\/09\/KJ_Cat6A_grounding_pin2-768x520.jpg 768w, https:\/\/premiumline-cabling.com\/wp-content\/uploads\/2020\/09\/KJ_Cat6A_grounding_pin2.jpg 1271w\" data-src=\"https:\/\/premiumline-cabling.com\/wp-content\/uploads\/2020\/09\/KJ_Cat6A_grounding_pin2-300x203.jpg\"><\/p>\n<h3>CARACT\u00c9RISTIQUES :<\/h3>\n<table width=\"690\">\n<tbody>\n<tr>\n<td width=\"249\">\n<p>Rigidit\u00e9 di\u00e9lectrique<\/p>\n<p>Valeur nominale actuelle<\/p>\n<p>R\u00e9sistance de l&#8217;isolation<\/p>\n<p>R\u00e9sistance des contacts<\/p>\n<p>Plage de temp\u00e9rature<\/p>\n<p>Humidit\u00e9<\/p>\n<p>Conducteur admissible<\/p>\n<p>Mat\u00e9riau du corps<\/p>\n<p>&nbsp;<\/p>\n<p>Contact Jack<\/p>\n<p>&nbsp;<\/p>\n<p>&nbsp;<\/p>\n<p>Contacts IDC<\/p><\/td>\n<td width=\"426\">\n<p>1000V RMS pendant 1min<\/p>\n<p>1.5Amp Max.<\/p>\n<p>10M\u03a9 Min.<\/p>\n<p>2m\u03a9 par contact<\/p>\n<p>-10\u2103 \u00e0 60\u2103<\/p>\n<p>10%~90% ; sans condensation<\/p>\n<p>Fil d&#8217;isolation 22AWG ~ 26AWG<\/p>\n<p>Bo\u00eetier : PC<\/p>\n<p>Corps : Zinc moul\u00e9 sous pression<\/p>\n<p>Bronze phosphoreux, 50\u03bc pouce plaqu\u00e9 or sur nickel dans la zone de contact.<\/p>\n<p>Dur\u00e9e de vie : Minimum 750 insertions<\/p>\n<p>100\u03bc pouce nickel\u00e9 sur bronze phosphoreux<\/p>\n<p>Dur\u00e9e de vie : Minimum 250 Re-terminaisons<\/p><\/td>\n<\/tr>\n<\/tbody>\n<\/table>\n<h3><noscript><img decoding=\"async\" class=\"aligncenter wp-image-6137 size-full\" src=\"https:\/\/premiumline-cabling.com\/wp-content\/uploads\/2020\/09\/KJ_Cat6A_grounding_pin3.jpg\" alt width=\"762\" height=\"455\" srcset=\"https:\/\/premiumline-cabling.com\/wp-content\/uploads\/2020\/09\/KJ_Cat6A_grounding_pin3.jpg 762w, https:\/\/premiumline-cabling.com\/wp-content\/uploads\/2020\/09\/KJ_Cat6A_grounding_pin3-300x179.jpg 300w\" sizes=\"(max-width: 762px) 100vw, 762px\"><\/noscript><img decoding=\"async\" class=\"aligncenter wp-image-6137 size-full lazyload\" src=\"data:image\/svg+xml,%3Csvg%20xmlns%3D%22http%3A%2F%2Fwww.w3.org%2F2000%2Fsvg%22%20viewBox%3D%220%200%20762%20455%22%3E%3C%2Fsvg%3E\" alt width=\"762\" height=\"455\" srcset=\"data:image\/svg+xml,%3Csvg%20xmlns%3D%22http%3A%2F%2Fwww.w3.org%2F2000%2Fsvg%22%20viewBox%3D%220%200%20762%20455%22%3E%3C%2Fsvg%3E 762w\" sizes=\"(max-width: 762px) 100vw, 762px\" data-srcset=\"https:\/\/premiumline-cabling.com\/wp-content\/uploads\/2020\/09\/KJ_Cat6A_grounding_pin3.jpg 762w, https:\/\/premiumline-cabling.com\/wp-content\/uploads\/2020\/09\/KJ_Cat6A_grounding_pin3-300x179.jpg 300w\" data-src=\"https:\/\/premiumline-cabling.com\/wp-content\/uploads\/2020\/09\/KJ_Cat6A_grounding_pin3.jpg\"><\/h3>\n<p><iframe title=\"Cat.6A 180 \u00b0 Shielded Die-casting Keystone Jack Slim Type with grounding pin\" width=\"500\" height=\"281\" src=\"https:\/\/www.youtube.com\/embed\/74Ae2d3NZVo?feature=oembed\" frameborder=\"0\" allow=\"accelerometer; autoplay; clipboard-write; encrypted-media; gyroscope; picture-in-picture; web-share\" referrerpolicy=\"strict-origin-when-cross-origin\" allowfullscreen><\/iframe><\/p>\n<h3>LES INFORMATIONS RELATIVES \u00c0 LA COMMANDE :<\/h3>\n<table style=\"width: 765px;\" width=\"737\">\n<tbody>\n<tr>\n<td style=\"width: 118px;\" width=\"104\">Pi\u00e8ce NO.<\/td>\n<td style=\"width: 647px;\" width=\"633\">109824012<\/td>\n<\/tr>\n<tr>\n<td style=\"width: 118px;\" width=\"104\">Description<\/td>\n<td style=\"width: 647px;\" width=\"633\">Connecteur blind\u00e9 180\u00b0 Cat.6A, moul\u00e9 sous pression, avec broche de mise \u00e0 la terre, type mince<\/td>\n<\/tr>\n<tr>\n<td style=\"width: 118px;\" width=\"104\">Emballage<\/td>\n<td style=\"width: 647px;\" width=\"633\">\n<p>1pc\/ sac PE, 40pcs\/bo\u00eete, 400pcs\/ carton<\/p>\n<p>taille du carton 53.8*35.2*27 cm poids N.W. 10.8 KG G.W. 12.5KG<\/p><\/td>\n<\/tr>\n<\/tbody>\n<\/table>\n<h3><\/h3>\n","protected":false},"featured_media":19754,"template":"","product_category":[399],"class_list":["post-19747","product","type-product","status-publish","has-post-thumbnail","hentry","product_category-prise-keystone-blindee"],"yoast_head":"<!-- This site is optimized with the Yoast SEO plugin v27.2 - https:\/\/yoast.com\/product\/yoast-seo-wordpress\/ -->\n<title>Cat. 6A KJ Mise \u00e0 la terre - Premium-Line<\/title>\n<meta name=\"robots\" content=\"index, follow, max-snippet:-1, max-image-preview:large, max-video-preview:-1\" \/>\n<link rel=\"canonical\" href=\"https:\/\/premiumline-cabling.com\/fr\/product\/chat-6a-kj-mise-a-la-terre\/\" \/>\n<meta property=\"og:locale\" content=\"fr_FR\" \/>\n<meta property=\"og:type\" content=\"article\" \/>\n<meta property=\"og:title\" content=\"Cat. 6A KJ Mise \u00e0 la terre - Premium-Line\" \/>\n<meta property=\"og:description\" content=\"Connecteur Blind\u00e9 180\u00b0 Cat\u00e9gorie 6A, moul\u00e9 sous pression avec broche de mise \u00e0 la terre, type mince Connecteur Blind\u00e9 180\u00b0 Cat\u00e9gorie 6A de Premium-Line, moul\u00e9 sous pression avec broche de...\" \/>\n<meta property=\"og:url\" content=\"https:\/\/premiumline-cabling.com\/fr\/product\/chat-6a-kj-mise-a-la-terre\/\" \/>\n<meta property=\"og:site_name\" content=\"Premium-Line\" \/>\n<meta property=\"article:modified_time\" content=\"2024-03-28T11:08:17+00:00\" \/>\n<meta property=\"og:image\" content=\"https:\/\/premiumline-cabling.com\/wp-content\/uploads\/2020\/09\/KJ_Cat6A_grounding_pin1.jpg\" \/>\n\t<meta property=\"og:image:width\" content=\"654\" \/>\n\t<meta property=\"og:image:height\" content=\"544\" \/>\n\t<meta property=\"og:image:type\" content=\"image\/jpeg\" \/>\n<meta name=\"twitter:card\" content=\"summary_large_image\" \/>\n<meta name=\"twitter:label1\" content=\"Dur\u00e9e de lecture estim\u00e9e\" \/>\n\t<meta name=\"twitter:data1\" content=\"3 minutes\" \/>\n<script type=\"application\/ld+json\" class=\"yoast-schema-graph\">{\"@context\":\"https:\/\/schema.org\",\"@graph\":[{\"@type\":\"WebPage\",\"@id\":\"https:\/\/premiumline-cabling.com\/fr\/product\/chat-6a-kj-mise-a-la-terre\/\",\"url\":\"https:\/\/premiumline-cabling.com\/fr\/product\/chat-6a-kj-mise-a-la-terre\/\",\"name\":\"Cat. 6A KJ Mise \u00e0 la terre - Premium-Line\",\"isPartOf\":{\"@id\":\"https:\/\/premiumline-cabling.com\/#website\"},\"primaryImageOfPage\":{\"@id\":\"https:\/\/premiumline-cabling.com\/fr\/product\/chat-6a-kj-mise-a-la-terre\/#primaryimage\"},\"image\":{\"@id\":\"https:\/\/premiumline-cabling.com\/fr\/product\/chat-6a-kj-mise-a-la-terre\/#primaryimage\"},\"thumbnailUrl\":\"https:\/\/premiumline-cabling.com\/wp-content\/uploads\/2020\/09\/KJ_Cat6A_grounding_pin1.jpg\",\"datePublished\":\"2020-09-22T12:59:32+00:00\",\"dateModified\":\"2024-03-28T11:08:17+00:00\",\"breadcrumb\":{\"@id\":\"https:\/\/premiumline-cabling.com\/fr\/product\/chat-6a-kj-mise-a-la-terre\/#breadcrumb\"},\"inLanguage\":\"fr-FR\",\"potentialAction\":[{\"@type\":\"ReadAction\",\"target\":[\"https:\/\/premiumline-cabling.com\/fr\/product\/chat-6a-kj-mise-a-la-terre\/\"]}]},{\"@type\":\"ImageObject\",\"inLanguage\":\"fr-FR\",\"@id\":\"https:\/\/premiumline-cabling.com\/fr\/product\/chat-6a-kj-mise-a-la-terre\/#primaryimage\",\"url\":\"https:\/\/premiumline-cabling.com\/wp-content\/uploads\/2020\/09\/KJ_Cat6A_grounding_pin1.jpg\",\"contentUrl\":\"https:\/\/premiumline-cabling.com\/wp-content\/uploads\/2020\/09\/KJ_Cat6A_grounding_pin1.jpg\",\"width\":654,\"height\":544},{\"@type\":\"BreadcrumbList\",\"@id\":\"https:\/\/premiumline-cabling.com\/fr\/product\/chat-6a-kj-mise-a-la-terre\/#breadcrumb\",\"itemListElement\":[{\"@type\":\"ListItem\",\"position\":1,\"name\":\"\u0413\u043b\u0430\u0432\u043d\u0430\u044f \u0441\u0442\u0440\u0430\u043d\u0438\u0446\u0430\",\"item\":\"https:\/\/premiumline-cabling.com\/fr\/\"},{\"@type\":\"ListItem\",\"position\":2,\"name\":\"Cat. 6A KJ Mise \u00e0 la terre\"}]},{\"@type\":\"WebSite\",\"@id\":\"https:\/\/premiumline-cabling.com\/#website\",\"url\":\"https:\/\/premiumline-cabling.com\/\",\"name\":\"Premium-Line\",\"description\":\"Structured Cabling System\",\"publisher\":{\"@id\":\"https:\/\/premiumline-cabling.com\/#organization\"},\"potentialAction\":[{\"@type\":\"SearchAction\",\"target\":{\"@type\":\"EntryPoint\",\"urlTemplate\":\"https:\/\/premiumline-cabling.com\/?s={search_term_string}\"},\"query-input\":{\"@type\":\"PropertyValueSpecification\",\"valueRequired\":true,\"valueName\":\"search_term_string\"}}],\"inLanguage\":\"fr-FR\"},{\"@type\":\"Organization\",\"@id\":\"https:\/\/premiumline-cabling.com\/#organization\",\"name\":\"Premium-Line\",\"url\":\"https:\/\/premiumline-cabling.com\/\",\"logo\":{\"@type\":\"ImageObject\",\"inLanguage\":\"fr-FR\",\"@id\":\"https:\/\/premiumline-cabling.com\/#\/schema\/logo\/image\/\",\"url\":\"https:\/\/premiumline-cabling.com\/wp-content\/uploads\/2019\/04\/cropped-img_logo_site_Premium-Line.png\",\"contentUrl\":\"https:\/\/premiumline-cabling.com\/wp-content\/uploads\/2019\/04\/cropped-img_logo_site_Premium-Line.png\",\"width\":190,\"height\":62,\"caption\":\"Premium-Line\"},\"image\":{\"@id\":\"https:\/\/premiumline-cabling.com\/#\/schema\/logo\/image\/\"}}]}<\/script>\n<!-- \/ Yoast SEO plugin. -->","yoast_head_json":{"title":"Cat. 6A KJ Mise \u00e0 la terre - Premium-Line","robots":{"index":"index","follow":"follow","max-snippet":"max-snippet:-1","max-image-preview":"max-image-preview:large","max-video-preview":"max-video-preview:-1"},"canonical":"https:\/\/premiumline-cabling.com\/fr\/product\/chat-6a-kj-mise-a-la-terre\/","og_locale":"fr_FR","og_type":"article","og_title":"Cat. 6A KJ Mise \u00e0 la terre - Premium-Line","og_description":"Connecteur Blind\u00e9 180\u00b0 Cat\u00e9gorie 6A, moul\u00e9 sous pression avec broche de mise \u00e0 la terre, type mince Connecteur Blind\u00e9 180\u00b0 Cat\u00e9gorie 6A de Premium-Line, moul\u00e9 sous pression avec broche de...","og_url":"https:\/\/premiumline-cabling.com\/fr\/product\/chat-6a-kj-mise-a-la-terre\/","og_site_name":"Premium-Line","article_modified_time":"2024-03-28T11:08:17+00:00","og_image":[{"width":654,"height":544,"url":"https:\/\/premiumline-cabling.com\/wp-content\/uploads\/2020\/09\/KJ_Cat6A_grounding_pin1.jpg","type":"image\/jpeg"}],"twitter_card":"summary_large_image","twitter_misc":{"Dur\u00e9e de lecture estim\u00e9e":"3 minutes"},"schema":{"@context":"https:\/\/schema.org","@graph":[{"@type":"WebPage","@id":"https:\/\/premiumline-cabling.com\/fr\/product\/chat-6a-kj-mise-a-la-terre\/","url":"https:\/\/premiumline-cabling.com\/fr\/product\/chat-6a-kj-mise-a-la-terre\/","name":"Cat. 6A KJ Mise \u00e0 la terre - Premium-Line","isPartOf":{"@id":"https:\/\/premiumline-cabling.com\/#website"},"primaryImageOfPage":{"@id":"https:\/\/premiumline-cabling.com\/fr\/product\/chat-6a-kj-mise-a-la-terre\/#primaryimage"},"image":{"@id":"https:\/\/premiumline-cabling.com\/fr\/product\/chat-6a-kj-mise-a-la-terre\/#primaryimage"},"thumbnailUrl":"https:\/\/premiumline-cabling.com\/wp-content\/uploads\/2020\/09\/KJ_Cat6A_grounding_pin1.jpg","datePublished":"2020-09-22T12:59:32+00:00","dateModified":"2024-03-28T11:08:17+00:00","breadcrumb":{"@id":"https:\/\/premiumline-cabling.com\/fr\/product\/chat-6a-kj-mise-a-la-terre\/#breadcrumb"},"inLanguage":"fr-FR","potentialAction":[{"@type":"ReadAction","target":["https:\/\/premiumline-cabling.com\/fr\/product\/chat-6a-kj-mise-a-la-terre\/"]}]},{"@type":"ImageObject","inLanguage":"fr-FR","@id":"https:\/\/premiumline-cabling.com\/fr\/product\/chat-6a-kj-mise-a-la-terre\/#primaryimage","url":"https:\/\/premiumline-cabling.com\/wp-content\/uploads\/2020\/09\/KJ_Cat6A_grounding_pin1.jpg","contentUrl":"https:\/\/premiumline-cabling.com\/wp-content\/uploads\/2020\/09\/KJ_Cat6A_grounding_pin1.jpg","width":654,"height":544},{"@type":"BreadcrumbList","@id":"https:\/\/premiumline-cabling.com\/fr\/product\/chat-6a-kj-mise-a-la-terre\/#breadcrumb","itemListElement":[{"@type":"ListItem","position":1,"name":"\u0413\u043b\u0430\u0432\u043d\u0430\u044f \u0441\u0442\u0440\u0430\u043d\u0438\u0446\u0430","item":"https:\/\/premiumline-cabling.com\/fr\/"},{"@type":"ListItem","position":2,"name":"Cat. 6A KJ Mise \u00e0 la terre"}]},{"@type":"WebSite","@id":"https:\/\/premiumline-cabling.com\/#website","url":"https:\/\/premiumline-cabling.com\/","name":"Premium-Line","description":"Structured Cabling System","publisher":{"@id":"https:\/\/premiumline-cabling.com\/#organization"},"potentialAction":[{"@type":"SearchAction","target":{"@type":"EntryPoint","urlTemplate":"https:\/\/premiumline-cabling.com\/?s={search_term_string}"},"query-input":{"@type":"PropertyValueSpecification","valueRequired":true,"valueName":"search_term_string"}}],"inLanguage":"fr-FR"},{"@type":"Organization","@id":"https:\/\/premiumline-cabling.com\/#organization","name":"Premium-Line","url":"https:\/\/premiumline-cabling.com\/","logo":{"@type":"ImageObject","inLanguage":"fr-FR","@id":"https:\/\/premiumline-cabling.com\/#\/schema\/logo\/image\/","url":"https:\/\/premiumline-cabling.com\/wp-content\/uploads\/2019\/04\/cropped-img_logo_site_Premium-Line.png","contentUrl":"https:\/\/premiumline-cabling.com\/wp-content\/uploads\/2019\/04\/cropped-img_logo_site_Premium-Line.png","width":190,"height":62,"caption":"Premium-Line"},"image":{"@id":"https:\/\/premiumline-cabling.com\/#\/schema\/logo\/image\/"}}]}},"_links":{"self":[{"href":"https:\/\/premiumline-cabling.com\/fr\/wp-json\/wp\/v2\/product\/19747","targetHints":{"allow":["GET"]}}],"collection":[{"href":"https:\/\/premiumline-cabling.com\/fr\/wp-json\/wp\/v2\/product"}],"about":[{"href":"https:\/\/premiumline-cabling.com\/fr\/wp-json\/wp\/v2\/types\/product"}],"wp:featuredmedia":[{"embeddable":true,"href":"https:\/\/premiumline-cabling.com\/fr\/wp-json\/wp\/v2\/media\/19754"}],"wp:attachment":[{"href":"https:\/\/premiumline-cabling.com\/fr\/wp-json\/wp\/v2\/media?parent=19747"}],"wp:term":[{"taxonomy":"product_category","embeddable":true,"href":"https:\/\/premiumline-cabling.com\/fr\/wp-json\/wp\/v2\/product_category?post=19747"}],"curies":[{"name":"wp","href":"https:\/\/api.w.org\/{rel}","templated":true}]}}