{"id":19741,"date":"2019-02-10T14:05:06","date_gmt":"2019-02-10T13:05:06","guid":{"rendered":"https:\/\/premiumline-cabling.com\/product\/chat-6a-180-blinde-kj-2\/"},"modified":"2024-03-28T10:38:29","modified_gmt":"2024-03-28T09:38:29","slug":"chat-6a-180-blinde-kj-2","status":"publish","type":"product","link":"https:\/\/premiumline-cabling.com\/fr\/product\/chat-6a-180-blinde-kj-2\/","title":{"rendered":"Cat. 6A\u207a 180\u00b0 Blind\u00e9 KJ"},"content":{"rendered":"<div id=\"attachment_811\" style=\"width: 230px\" class=\"wp-caption alignright\"><noscript><img decoding=\"async\" aria-describedby=\"caption-attachment-811\" class=\"wp-image-811 size-full\" src=\"https:\/\/premiumline-cabling.com\/wp-content\/uploads\/2019\/02\/img_PL_Category-6A-shielded-keystone-jack.jpg\" alt width=\"220\" height=\"159\"><\/noscript><img decoding=\"async\" aria-describedby=\"caption-attachment-811\" class=\"wp-image-811 size-full lazyload\" src=\"data:image\/svg+xml,%3Csvg%20xmlns%3D%22http%3A%2F%2Fwww.w3.org%2F2000%2Fsvg%22%20viewBox%3D%220%200%20220%20159%22%3E%3C%2Fsvg%3E\" alt width=\"220\" height=\"159\" data-src=\"https:\/\/premiumline-cabling.com\/wp-content\/uploads\/2019\/02\/img_PL_Category-6A-shielded-keystone-jack.jpg\"><p id=\"caption-attachment-811\" class=\"wp-caption-text\">108524014<\/p><\/div>\n<p>Afin de soutenir pleinement la liaison de classe EA pour les applications 10G, le connecteur blind\u00e9 Premium-Line de cat\u00e9gorie 6A+ atteint la d\u00e9finition de performance selon ISO\/IEC 11801. Le module est con\u00e7u sans outillage pour un fonctionnement rapide et sa construction est \u00e9galement am\u00e9lior\u00e9e pour faciliter l&#8217;installation. Les m\u00e9thodes de c\u00e2blage T568A&amp;B sont toutes deux disponibles.<\/p>\n<h3>CARACT\u00c9RISTIQUES :<\/h3>\n<ul>\n<li>Conforme aux normes ANSI\/TIA-568.2-D:2018, ISO\/IEC 11801 et EN50173-1 Classe EA<\/li>\n<li>Toutes les conditions sont excellentes pour soutenir l&#8217;acc\u00e8s \u00e0 votre r\u00e9seau local LAN<\/li>\n<li>Installation facile et rapide, contact et connectivit\u00e9 fiables<\/li>\n<li>Prise RJ45 standard avec ressorts pour transf\u00e9rer le bruit de mise \u00e0 la terre en boucle<\/li>\n<li>Bo\u00eetier enti\u00e8rement blind\u00e9 en alliage de zinc nickel\u00e9, structure m\u00e9canique fiable<\/li>\n<li>Produit fini de conception compacte, de taille standard compatible avec les prises de courant du monde entier.<\/li>\n<li>Compatible avec le panneau de brassage modulaire de Premium Line pour les centres de donn\u00e9es ou les connexions crois\u00e9es.<\/li>\n<li>Conforme \u00e0 la directive RoHS<\/li>\n<\/ul>\n<h3>APPLICATIONS :<\/h3>\n<ul>\n<li>10GBASE-T Ethernet<\/li>\n<li>1000BASE-TX Gigabit Ethernet<\/li>\n<li>1000BASE-T Gigabit Ethernet<\/li>\n<li>100BASE-TX Fast Ethernet<\/li>\n<li>10BASE-T Ethernet<\/li>\n<li>Applications vocales, vid\u00e9o et autres<\/li>\n<\/ul>\n<h3>CARACT\u00c9RISTIQUES :<\/h3>\n<table width=\"690\">\n<tbody>\n<tr>\n<td width=\"249\">Rigidit\u00e9 di\u00e9lectrique\n<p>Valeur nominale actuelle<\/p>\n<p>R\u00e9sistance de l&#8217;isolation<\/p>\n<p>R\u00e9sistance des contacts<\/p>\n<p>Plage de temp\u00e9rature<\/p>\n<p>Humidit\u00e9<\/p>\n<p>Conducteur admissible<\/p>\n<p>Mat\u00e9riau du corps<\/p>\n<p>&nbsp;<\/p>\n<p>Contact Jack<\/p>\n<p>&nbsp;<\/p>\n<p>&nbsp;<\/p>\n<p>Contacts IDC<\/p><\/td>\n<td width=\"426\">1000V RMS pendant 1min\n<p>1.5Amp Max<\/p>\n<p>10M\u03a9 Min<\/p>\n<p>2m\u03a9 par contact<\/p>\n<p>-10\u2103 \u00e0 60\u2103<\/p>\n<p>10%~90% ; sans condensation<\/p>\n<p>Fil d&#8217;isolation 22AWG ~ 26AWG<\/p>\n<p>Bo\u00eetier : PC<\/p>\n<p>Corps : Zinc moul\u00e9 sous pression<\/p>\n<p>Bronze phosphoreux, 50\u03bc pouce plaqu\u00e9 or sur nickel dans la zone de contact.<\/p>\n<p>Dur\u00e9e de vie : Minimum 750 insertions<\/p>\n<p>100\u03bc pouce nickel\u00e9 sur bronze phosphoreux<\/p>\n<p>Dur\u00e9e de vie : Minimum 250 Re-terminaisons<\/p><\/td>\n<\/tr>\n<\/tbody>\n<\/table>\n<h3>\nLES INFORMATIONS RELATIVES \u00c0 LA COMMANDE :<\/h3>\n<table>\n<tbody>\n<tr>\n<td width=\"312\">Pi\u00e8ce NO.<\/td>\n<td width=\"312\">108524014<\/td>\n<\/tr>\n<tr>\n<td width=\"312\">Description<\/td>\n<td width=\"312\">Connecteur <sup>blind\u00e9<\/sup>Cat.6A+ moul\u00e9e sous pression<\/td>\n<\/tr>\n<tr>\n<td width=\"312\">Emballage<\/td>\n<td width=\"312\">1pc\/ sac PE, 40pcs\/bo\u00eete, 400pcs\/ carton\n<p>taille du carton 53,8*35,2*27 cm poids N.W. 10,8 KG G.W. 12,6 KG<\/p><\/td>\n<\/tr>\n<\/tbody>\n<\/table>\n<p>&nbsp;<\/p>\n<p><iframe title=\"Cat.6A+ Shielded Die-Casting Keystone Jack Installation\" width=\"500\" height=\"281\" src=\"https:\/\/www.youtube.com\/embed\/DxlF0eZPmWI?feature=oembed\" frameborder=\"0\" allow=\"accelerometer; autoplay; clipboard-write; encrypted-media; gyroscope; picture-in-picture; web-share\" referrerpolicy=\"strict-origin-when-cross-origin\" allowfullscreen><\/iframe><\/p>\n<p>&nbsp;<\/p>\n","protected":false},"featured_media":19746,"template":"","product_category":[399],"class_list":["post-19741","product","type-product","status-publish","has-post-thumbnail","hentry","product_category-prise-keystone-blindee"],"yoast_head":"<!-- This site is optimized with the Yoast SEO plugin v27.2 - https:\/\/yoast.com\/product\/yoast-seo-wordpress\/ -->\n<title>Connecteur blind\u00e9 180\u00b0 Cat\u00e9gorie 6A+<\/title>\n<meta name=\"description\" content=\"Afin de prendre pleinement en charge les liaisons de classe EA pour les applications 10G, les c\u00e2bles Cat. Le connecteur blind\u00e9 6A+ atteint les performances d\u00e9finies selon la norme ISO\/IEC 11801\" \/>\n<meta name=\"robots\" content=\"index, follow, max-snippet:-1, max-image-preview:large, max-video-preview:-1\" \/>\n<link rel=\"canonical\" href=\"https:\/\/premiumline-cabling.com\/fr\/product\/chat-6a-180-blinde-kj-2\/\" \/>\n<meta property=\"og:locale\" content=\"fr_FR\" \/>\n<meta property=\"og:type\" content=\"article\" \/>\n<meta property=\"og:title\" content=\"Connecteur blind\u00e9 180\u00b0 Cat\u00e9gorie 6A+\" \/>\n<meta property=\"og:description\" content=\"Afin de prendre pleinement en charge les liaisons de classe EA pour les applications 10G, les c\u00e2bles Cat. Le connecteur blind\u00e9 6A+ atteint les performances d\u00e9finies selon la norme ISO\/IEC 11801\" \/>\n<meta property=\"og:url\" content=\"https:\/\/premiumline-cabling.com\/fr\/product\/chat-6a-180-blinde-kj-2\/\" \/>\n<meta property=\"og:site_name\" content=\"Premium-Line\" \/>\n<meta property=\"article:modified_time\" content=\"2024-03-28T09:38:29+00:00\" \/>\n<meta property=\"og:image\" content=\"https:\/\/premiumline-cabling.com\/wp-content\/uploads\/2019\/02\/PL_img_Category-6A-shielded-keystone-jack1.jpg\" \/>\n\t<meta property=\"og:image:width\" content=\"283\" \/>\n\t<meta property=\"og:image:height\" content=\"220\" \/>\n\t<meta property=\"og:image:type\" content=\"image\/jpeg\" \/>\n<meta name=\"twitter:card\" content=\"summary_large_image\" \/>\n<meta name=\"twitter:label1\" content=\"Dur\u00e9e de lecture estim\u00e9e\" \/>\n\t<meta name=\"twitter:data1\" content=\"2 minutes\" \/>\n<script type=\"application\/ld+json\" class=\"yoast-schema-graph\">{\"@context\":\"https:\/\/schema.org\",\"@graph\":[{\"@type\":\"WebPage\",\"@id\":\"https:\/\/premiumline-cabling.com\/fr\/product\/chat-6a-180-blinde-kj-2\/\",\"url\":\"https:\/\/premiumline-cabling.com\/fr\/product\/chat-6a-180-blinde-kj-2\/\",\"name\":\"Connecteur blind\u00e9 180\u00b0 Cat\u00e9gorie 6A+\",\"isPartOf\":{\"@id\":\"https:\/\/premiumline-cabling.com\/#website\"},\"primaryImageOfPage\":{\"@id\":\"https:\/\/premiumline-cabling.com\/fr\/product\/chat-6a-180-blinde-kj-2\/#primaryimage\"},\"image\":{\"@id\":\"https:\/\/premiumline-cabling.com\/fr\/product\/chat-6a-180-blinde-kj-2\/#primaryimage\"},\"thumbnailUrl\":\"https:\/\/premiumline-cabling.com\/wp-content\/uploads\/2019\/02\/PL_img_Category-6A-shielded-keystone-jack1.jpg\",\"datePublished\":\"2019-02-10T13:05:06+00:00\",\"dateModified\":\"2024-03-28T09:38:29+00:00\",\"description\":\"Afin de prendre pleinement en charge les liaisons de classe EA pour les applications 10G, les c\u00e2bles Cat. Le connecteur blind\u00e9 6A+ atteint les performances d\u00e9finies selon la norme ISO\/IEC 11801\",\"breadcrumb\":{\"@id\":\"https:\/\/premiumline-cabling.com\/fr\/product\/chat-6a-180-blinde-kj-2\/#breadcrumb\"},\"inLanguage\":\"fr-FR\",\"potentialAction\":[{\"@type\":\"ReadAction\",\"target\":[\"https:\/\/premiumline-cabling.com\/fr\/product\/chat-6a-180-blinde-kj-2\/\"]}]},{\"@type\":\"ImageObject\",\"inLanguage\":\"fr-FR\",\"@id\":\"https:\/\/premiumline-cabling.com\/fr\/product\/chat-6a-180-blinde-kj-2\/#primaryimage\",\"url\":\"https:\/\/premiumline-cabling.com\/wp-content\/uploads\/2019\/02\/PL_img_Category-6A-shielded-keystone-jack1.jpg\",\"contentUrl\":\"https:\/\/premiumline-cabling.com\/wp-content\/uploads\/2019\/02\/PL_img_Category-6A-shielded-keystone-jack1.jpg\",\"width\":283,\"height\":220},{\"@type\":\"BreadcrumbList\",\"@id\":\"https:\/\/premiumline-cabling.com\/fr\/product\/chat-6a-180-blinde-kj-2\/#breadcrumb\",\"itemListElement\":[{\"@type\":\"ListItem\",\"position\":1,\"name\":\"\u0413\u043b\u0430\u0432\u043d\u0430\u044f \u0441\u0442\u0440\u0430\u043d\u0438\u0446\u0430\",\"item\":\"https:\/\/premiumline-cabling.com\/fr\/\"},{\"@type\":\"ListItem\",\"position\":2,\"name\":\"Cat. 6A\u207a 180\u00b0 Blind\u00e9 KJ\"}]},{\"@type\":\"WebSite\",\"@id\":\"https:\/\/premiumline-cabling.com\/#website\",\"url\":\"https:\/\/premiumline-cabling.com\/\",\"name\":\"Premium-Line\",\"description\":\"Structured Cabling System\",\"publisher\":{\"@id\":\"https:\/\/premiumline-cabling.com\/#organization\"},\"potentialAction\":[{\"@type\":\"SearchAction\",\"target\":{\"@type\":\"EntryPoint\",\"urlTemplate\":\"https:\/\/premiumline-cabling.com\/?s={search_term_string}\"},\"query-input\":{\"@type\":\"PropertyValueSpecification\",\"valueRequired\":true,\"valueName\":\"search_term_string\"}}],\"inLanguage\":\"fr-FR\"},{\"@type\":\"Organization\",\"@id\":\"https:\/\/premiumline-cabling.com\/#organization\",\"name\":\"Premium-Line\",\"url\":\"https:\/\/premiumline-cabling.com\/\",\"logo\":{\"@type\":\"ImageObject\",\"inLanguage\":\"fr-FR\",\"@id\":\"https:\/\/premiumline-cabling.com\/#\/schema\/logo\/image\/\",\"url\":\"https:\/\/premiumline-cabling.com\/wp-content\/uploads\/2019\/04\/cropped-img_logo_site_Premium-Line.png\",\"contentUrl\":\"https:\/\/premiumline-cabling.com\/wp-content\/uploads\/2019\/04\/cropped-img_logo_site_Premium-Line.png\",\"width\":190,\"height\":62,\"caption\":\"Premium-Line\"},\"image\":{\"@id\":\"https:\/\/premiumline-cabling.com\/#\/schema\/logo\/image\/\"}}]}<\/script>\n<!-- \/ Yoast SEO plugin. -->","yoast_head_json":{"title":"Connecteur blind\u00e9 180\u00b0 Cat\u00e9gorie 6A+","description":"Afin de prendre pleinement en charge les liaisons de classe EA pour les applications 10G, les c\u00e2bles Cat. Le connecteur blind\u00e9 6A+ atteint les performances d\u00e9finies selon la norme ISO\/IEC 11801","robots":{"index":"index","follow":"follow","max-snippet":"max-snippet:-1","max-image-preview":"max-image-preview:large","max-video-preview":"max-video-preview:-1"},"canonical":"https:\/\/premiumline-cabling.com\/fr\/product\/chat-6a-180-blinde-kj-2\/","og_locale":"fr_FR","og_type":"article","og_title":"Connecteur blind\u00e9 180\u00b0 Cat\u00e9gorie 6A+","og_description":"Afin de prendre pleinement en charge les liaisons de classe EA pour les applications 10G, les c\u00e2bles Cat. Le connecteur blind\u00e9 6A+ atteint les performances d\u00e9finies selon la norme ISO\/IEC 11801","og_url":"https:\/\/premiumline-cabling.com\/fr\/product\/chat-6a-180-blinde-kj-2\/","og_site_name":"Premium-Line","article_modified_time":"2024-03-28T09:38:29+00:00","og_image":[{"width":283,"height":220,"url":"https:\/\/premiumline-cabling.com\/wp-content\/uploads\/2019\/02\/PL_img_Category-6A-shielded-keystone-jack1.jpg","type":"image\/jpeg"}],"twitter_card":"summary_large_image","twitter_misc":{"Dur\u00e9e de lecture estim\u00e9e":"2 minutes"},"schema":{"@context":"https:\/\/schema.org","@graph":[{"@type":"WebPage","@id":"https:\/\/premiumline-cabling.com\/fr\/product\/chat-6a-180-blinde-kj-2\/","url":"https:\/\/premiumline-cabling.com\/fr\/product\/chat-6a-180-blinde-kj-2\/","name":"Connecteur blind\u00e9 180\u00b0 Cat\u00e9gorie 6A+","isPartOf":{"@id":"https:\/\/premiumline-cabling.com\/#website"},"primaryImageOfPage":{"@id":"https:\/\/premiumline-cabling.com\/fr\/product\/chat-6a-180-blinde-kj-2\/#primaryimage"},"image":{"@id":"https:\/\/premiumline-cabling.com\/fr\/product\/chat-6a-180-blinde-kj-2\/#primaryimage"},"thumbnailUrl":"https:\/\/premiumline-cabling.com\/wp-content\/uploads\/2019\/02\/PL_img_Category-6A-shielded-keystone-jack1.jpg","datePublished":"2019-02-10T13:05:06+00:00","dateModified":"2024-03-28T09:38:29+00:00","description":"Afin de prendre pleinement en charge les liaisons de classe EA pour les applications 10G, les c\u00e2bles Cat. Le connecteur blind\u00e9 6A+ atteint les performances d\u00e9finies selon la norme ISO\/IEC 11801","breadcrumb":{"@id":"https:\/\/premiumline-cabling.com\/fr\/product\/chat-6a-180-blinde-kj-2\/#breadcrumb"},"inLanguage":"fr-FR","potentialAction":[{"@type":"ReadAction","target":["https:\/\/premiumline-cabling.com\/fr\/product\/chat-6a-180-blinde-kj-2\/"]}]},{"@type":"ImageObject","inLanguage":"fr-FR","@id":"https:\/\/premiumline-cabling.com\/fr\/product\/chat-6a-180-blinde-kj-2\/#primaryimage","url":"https:\/\/premiumline-cabling.com\/wp-content\/uploads\/2019\/02\/PL_img_Category-6A-shielded-keystone-jack1.jpg","contentUrl":"https:\/\/premiumline-cabling.com\/wp-content\/uploads\/2019\/02\/PL_img_Category-6A-shielded-keystone-jack1.jpg","width":283,"height":220},{"@type":"BreadcrumbList","@id":"https:\/\/premiumline-cabling.com\/fr\/product\/chat-6a-180-blinde-kj-2\/#breadcrumb","itemListElement":[{"@type":"ListItem","position":1,"name":"\u0413\u043b\u0430\u0432\u043d\u0430\u044f \u0441\u0442\u0440\u0430\u043d\u0438\u0446\u0430","item":"https:\/\/premiumline-cabling.com\/fr\/"},{"@type":"ListItem","position":2,"name":"Cat. 6A\u207a 180\u00b0 Blind\u00e9 KJ"}]},{"@type":"WebSite","@id":"https:\/\/premiumline-cabling.com\/#website","url":"https:\/\/premiumline-cabling.com\/","name":"Premium-Line","description":"Structured Cabling System","publisher":{"@id":"https:\/\/premiumline-cabling.com\/#organization"},"potentialAction":[{"@type":"SearchAction","target":{"@type":"EntryPoint","urlTemplate":"https:\/\/premiumline-cabling.com\/?s={search_term_string}"},"query-input":{"@type":"PropertyValueSpecification","valueRequired":true,"valueName":"search_term_string"}}],"inLanguage":"fr-FR"},{"@type":"Organization","@id":"https:\/\/premiumline-cabling.com\/#organization","name":"Premium-Line","url":"https:\/\/premiumline-cabling.com\/","logo":{"@type":"ImageObject","inLanguage":"fr-FR","@id":"https:\/\/premiumline-cabling.com\/#\/schema\/logo\/image\/","url":"https:\/\/premiumline-cabling.com\/wp-content\/uploads\/2019\/04\/cropped-img_logo_site_Premium-Line.png","contentUrl":"https:\/\/premiumline-cabling.com\/wp-content\/uploads\/2019\/04\/cropped-img_logo_site_Premium-Line.png","width":190,"height":62,"caption":"Premium-Line"},"image":{"@id":"https:\/\/premiumline-cabling.com\/#\/schema\/logo\/image\/"}}]}},"_links":{"self":[{"href":"https:\/\/premiumline-cabling.com\/fr\/wp-json\/wp\/v2\/product\/19741","targetHints":{"allow":["GET"]}}],"collection":[{"href":"https:\/\/premiumline-cabling.com\/fr\/wp-json\/wp\/v2\/product"}],"about":[{"href":"https:\/\/premiumline-cabling.com\/fr\/wp-json\/wp\/v2\/types\/product"}],"wp:featuredmedia":[{"embeddable":true,"href":"https:\/\/premiumline-cabling.com\/fr\/wp-json\/wp\/v2\/media\/19746"}],"wp:attachment":[{"href":"https:\/\/premiumline-cabling.com\/fr\/wp-json\/wp\/v2\/media?parent=19741"}],"wp:term":[{"taxonomy":"product_category","embeddable":true,"href":"https:\/\/premiumline-cabling.com\/fr\/wp-json\/wp\/v2\/product_category?post=19741"}],"curies":[{"name":"wp","href":"https:\/\/api.w.org\/{rel}","templated":true}]}}