{"id":19734,"date":"2019-02-10T15:24:10","date_gmt":"2019-02-10T14:24:10","guid":{"rendered":"https:\/\/premiumline-cabling.com\/product\/chat-5e-180-blinde-kj\/"},"modified":"2025-01-20T11:25:11","modified_gmt":"2025-01-20T10:25:11","slug":"chat-5e-180-blinde-kj","status":"publish","type":"product","link":"https:\/\/premiumline-cabling.com\/fr\/product\/chat-5e-180-blinde-kj\/","title":{"rendered":"Cat. 5e 180\u00b0 blind\u00e9 KJ"},"content":{"rendered":"<div id=\"attachment_829\" style=\"width: 228px\" class=\"wp-caption alignright\"><noscript><img decoding=\"async\" aria-describedby=\"caption-attachment-829\" class=\"size-full wp-image-829\" src=\"https:\/\/premiumline-cabling.com\/wp-content\/uploads\/2019\/02\/img_PL_180-Shielded-Die-Casting-Keystone-Jack.jpg\" alt width=\"218\" height=\"384\" srcset=\"https:\/\/premiumline-cabling.com\/wp-content\/uploads\/2019\/02\/img_PL_180-Shielded-Die-Casting-Keystone-Jack.jpg 218w, https:\/\/premiumline-cabling.com\/wp-content\/uploads\/2019\/02\/img_PL_180-Shielded-Die-Casting-Keystone-Jack-170x300.jpg 170w\" sizes=\"(max-width: 218px) 100vw, 218px\"><\/noscript><img decoding=\"async\" aria-describedby=\"caption-attachment-829\" class=\"size-full wp-image-829 lazyload\" src=\"data:image\/svg+xml,%3Csvg%20xmlns%3D%22http%3A%2F%2Fwww.w3.org%2F2000%2Fsvg%22%20viewBox%3D%220%200%20218%20384%22%3E%3C%2Fsvg%3E\" alt width=\"218\" height=\"384\" srcset=\"data:image\/svg+xml,%3Csvg%20xmlns%3D%22http%3A%2F%2Fwww.w3.org%2F2000%2Fsvg%22%20viewBox%3D%220%200%20218%20384%22%3E%3C%2Fsvg%3E 218w\" sizes=\"(max-width: 218px) 100vw, 218px\" data-srcset=\"https:\/\/premiumline-cabling.com\/wp-content\/uploads\/2019\/02\/img_PL_180-Shielded-Die-Casting-Keystone-Jack.jpg 218w, https:\/\/premiumline-cabling.com\/wp-content\/uploads\/2019\/02\/img_PL_180-Shielded-Die-Casting-Keystone-Jack-170x300.jpg 170w\" data-src=\"https:\/\/premiumline-cabling.com\/wp-content\/uploads\/2019\/02\/img_PL_180-Shielded-Die-Casting-Keystone-Jack.jpg\"><p id=\"caption-attachment-829\" class=\"wp-caption-text\">105524010<\/p><\/div>\n<h3 id=\"ui-id-1\" class=\"t3ddy-accordion-header ui-accordion-header ui-state-default ui-accordion-icons ui-state-hover ui-state-focus ui-corner-all\" tabindex=\"0\" role=\"tab\" aria-controls=\"c1390\" aria-selected=\"false\" aria-expanded=\"false\">Connecteur blind\u00e9 180\u00b0 moul\u00e9e sous pression<\/h3>\n<p>Le Connecteur Blind\u00e9 180\u00b0 de Premium-Line avec un design sp\u00e9cial pour une protection EMI optimale. Conception sans outil, aucun outil suppl\u00e9mentaire n&#8217;est n\u00e9cessaire pour la terminaison, supporte le c\u00e2blage T568 A&amp;B. Le produit fini est conforme \u00e0 la directive RoHS de l&#8217;UE.<\/p>\n<table style=\"width: 300px;\">\n<tbody>\n<tr>\n<td colspan=\"2\">\n<h4>Caract\u00e9ristiques physiques<\/h4>\n<\/td>\n<\/tr>\n<tr>\n<td>Mat\u00e9riau du corps<\/td>\n<td>Bo\u00eetier : PC, UL94 V-0<\/td>\n<\/tr>\n<tr>\n<td><\/td>\n<td>Corps : zinc moul\u00e9 sous pression<\/td>\n<\/tr>\n<tr>\n<td>Contact Jack<\/td>\n<td>bronze phosphoreux, 50\u03bc pouces plaqu\u00e9 or sur nickel<\/td>\n<\/tr>\n<tr>\n<td>Contacts IDC<\/td>\n<td>100\u03bc pouce nickel\u00e9 sur bronze phosphoreux<\/td>\n<\/tr>\n<\/tbody>\n<\/table>\n<table>\n<tbody>\n<tr>\n<td colspan=\"2\">\n<h4>Caract\u00e9ristiques \u00e9lectriques<\/h4>\n<\/td>\n<\/tr>\n<tr>\n<td>Rigidit\u00e9 di\u00e9lectrique<\/td>\n<td>1000V RMS pendant 1min<\/td>\n<\/tr>\n<tr>\n<td>Valeur nominale actuelle<\/td>\n<td>1.5Amp Max.<\/td>\n<\/tr>\n<tr>\n<td>R\u00e9sistance de l&#8217;isolation<\/td>\n<td>10M\u03a9 Min.<\/td>\n<\/tr>\n<tr>\n<td>R\u00e9sistance des contacts<\/td>\n<td>2m\u03a9 par contact<\/td>\n<\/tr>\n<tr>\n<td>Plage de temp\u00e9rature<\/td>\n<td>De -10\u00b0C \u00e0 60\u00b0C<\/td>\n<\/tr>\n<tr>\n<td>Humidit\u00e9<\/td>\n<td>10%~90% ; sans condensation<\/td>\n<\/tr>\n<tr>\n<td colspan=\"2\"><\/td>\n<\/tr>\n<tr>\n<td colspan=\"2\">\n<h4 style=\"text-align: left;\">Applications<\/h4>\n<ul>\n<li style=\"text-align: left;\">1000BASE-T Gigabit Ethernet<\/li>\n<li style=\"text-align: left;\">100BASE-TX Fast Ethernet.<\/li>\n<li style=\"text-align: left;\">10BASE-T Ethernet.<\/li>\n<li style=\"text-align: left;\">Applications vocales, vid\u00e9o et autres.<\/li>\n<\/ul>\n<\/td>\n<\/tr>\n<\/tbody>\n<\/table>\n<p>Tous les produits sont v\u00e9rifi\u00e9s par rapport aux caract\u00e9ristiques \u00e9lectriques requises par la directive.<\/p>\n<h4>Connecteur Blind\u00e9 180\u00b0 Cat\u00e9gorie 5e, moul\u00e9 sous pression<\/h4>\n<table width=\"100%\">\n<thead>\n<tr>\n<td><strong>PART NO.<\/strong><\/td>\n<td><strong>DESCRIPTION<\/strong><\/td>\n<td><strong>TAILLE DE L&#8217;EMBALLAGE<\/strong><\/td>\n<\/tr>\n<\/thead>\n<tbody>\n<tr>\n<td>105524010<\/td>\n<td>Connecteur Blind\u00e9 180\u00b0 Cat\u00e9gorie 5e de Premium-Line, moul\u00e9 sous pression<\/td>\n<td>53,8\u00d735,2\u00d727 cm<\/td>\n<\/tr>\n<tr>\n<td>170242402<\/td>\n<td>Panneau de brassage modulaire haute densit\u00e9 de Premium-Line avec 24 ports blind\u00e9s pour connecteurs blind\u00e9s 180\u00b0, moul\u00e9s sous pression (P\/N 108524014, 109824010, 109524010, 106524010), 1U, avec un passe-c\u00e2ble<\/td>\n<td>50,5\u00d727,9\u00d727 cm<\/td>\n<\/tr>\n<\/tbody>\n<\/table>\n<h3><\/h3>\n","protected":false},"featured_media":19729,"template":"","product_category":[399],"class_list":["post-19734","product","type-product","status-publish","has-post-thumbnail","hentry","product_category-prise-keystone-blindee"],"yoast_head":"<!-- This site is optimized with the Yoast SEO plugin v27.3 - https:\/\/yoast.com\/product\/yoast-seo-wordpress\/ -->\n<title>Connecteur Blind\u00e9 180\u00b0 cat\u00e9gorie 5e de Premium-Line<\/title>\n<meta name=\"description\" content=\"Le Connecteur Blind\u00e9 180\u00b0 de Premium-Line avec un design sp\u00e9cial pour une protection EMI optimale. En savoir plus !\" \/>\n<meta name=\"robots\" content=\"index, follow, max-snippet:-1, max-image-preview:large, max-video-preview:-1\" \/>\n<link rel=\"canonical\" href=\"https:\/\/premiumline-cabling.com\/fr\/product\/chat-5e-180-blinde-kj\/\" \/>\n<meta property=\"og:locale\" content=\"fr_FR\" \/>\n<meta property=\"og:type\" content=\"article\" \/>\n<meta property=\"og:title\" content=\"Connecteur Blind\u00e9 180\u00b0 cat\u00e9gorie 5e de Premium-Line\" \/>\n<meta property=\"og:description\" content=\"Le Connecteur Blind\u00e9 180\u00b0 de Premium-Line avec un design sp\u00e9cial pour une protection EMI optimale. En savoir plus !\" \/>\n<meta property=\"og:url\" content=\"https:\/\/premiumline-cabling.com\/fr\/product\/chat-5e-180-blinde-kj\/\" \/>\n<meta property=\"og:site_name\" content=\"Premium-Line\" \/>\n<meta property=\"article:modified_time\" content=\"2025-01-20T10:25:11+00:00\" \/>\n<meta property=\"og:image\" content=\"https:\/\/premiumline-cabling.com\/wp-content\/uploads\/2019\/02\/img_PL_180-Shielded-Die-Casting-Keystone-Jack1.jpg\" \/>\n\t<meta property=\"og:image:width\" content=\"283\" \/>\n\t<meta property=\"og:image:height\" content=\"220\" \/>\n\t<meta property=\"og:image:type\" content=\"image\/jpeg\" \/>\n<meta name=\"twitter:card\" content=\"summary_large_image\" \/>\n<meta name=\"twitter:label1\" content=\"Dur\u00e9e de lecture estim\u00e9e\" \/>\n\t<meta name=\"twitter:data1\" content=\"2 minutes\" \/>\n<script type=\"application\/ld+json\" class=\"yoast-schema-graph\">{\"@context\":\"https:\\\/\\\/schema.org\",\"@graph\":[{\"@type\":\"WebPage\",\"@id\":\"https:\\\/\\\/premiumline-cabling.com\\\/fr\\\/product\\\/chat-5e-180-blinde-kj\\\/\",\"url\":\"https:\\\/\\\/premiumline-cabling.com\\\/fr\\\/product\\\/chat-5e-180-blinde-kj\\\/\",\"name\":\"Connecteur Blind\u00e9 180\u00b0 cat\u00e9gorie 5e de Premium-Line\",\"isPartOf\":{\"@id\":\"https:\\\/\\\/premiumline-cabling.com\\\/#website\"},\"primaryImageOfPage\":{\"@id\":\"https:\\\/\\\/premiumline-cabling.com\\\/fr\\\/product\\\/chat-5e-180-blinde-kj\\\/#primaryimage\"},\"image\":{\"@id\":\"https:\\\/\\\/premiumline-cabling.com\\\/fr\\\/product\\\/chat-5e-180-blinde-kj\\\/#primaryimage\"},\"thumbnailUrl\":\"https:\\\/\\\/premiumline-cabling.com\\\/wp-content\\\/uploads\\\/2019\\\/02\\\/img_PL_180-Shielded-Die-Casting-Keystone-Jack1.jpg\",\"datePublished\":\"2019-02-10T14:24:10+00:00\",\"dateModified\":\"2025-01-20T10:25:11+00:00\",\"description\":\"Le Connecteur Blind\u00e9 180\u00b0 de Premium-Line avec un design sp\u00e9cial pour une protection EMI optimale. En savoir plus !\",\"breadcrumb\":{\"@id\":\"https:\\\/\\\/premiumline-cabling.com\\\/fr\\\/product\\\/chat-5e-180-blinde-kj\\\/#breadcrumb\"},\"inLanguage\":\"fr-FR\",\"potentialAction\":[{\"@type\":\"ReadAction\",\"target\":[\"https:\\\/\\\/premiumline-cabling.com\\\/fr\\\/product\\\/chat-5e-180-blinde-kj\\\/\"]}]},{\"@type\":\"ImageObject\",\"inLanguage\":\"fr-FR\",\"@id\":\"https:\\\/\\\/premiumline-cabling.com\\\/fr\\\/product\\\/chat-5e-180-blinde-kj\\\/#primaryimage\",\"url\":\"https:\\\/\\\/premiumline-cabling.com\\\/wp-content\\\/uploads\\\/2019\\\/02\\\/img_PL_180-Shielded-Die-Casting-Keystone-Jack1.jpg\",\"contentUrl\":\"https:\\\/\\\/premiumline-cabling.com\\\/wp-content\\\/uploads\\\/2019\\\/02\\\/img_PL_180-Shielded-Die-Casting-Keystone-Jack1.jpg\",\"width\":283,\"height\":220},{\"@type\":\"BreadcrumbList\",\"@id\":\"https:\\\/\\\/premiumline-cabling.com\\\/fr\\\/product\\\/chat-5e-180-blinde-kj\\\/#breadcrumb\",\"itemListElement\":[{\"@type\":\"ListItem\",\"position\":1,\"name\":\"\u0413\u043b\u0430\u0432\u043d\u0430\u044f \u0441\u0442\u0440\u0430\u043d\u0438\u0446\u0430\",\"item\":\"https:\\\/\\\/premiumline-cabling.com\\\/fr\\\/\"},{\"@type\":\"ListItem\",\"position\":2,\"name\":\"Cat. 5e 180\u00b0 blind\u00e9 KJ\"}]},{\"@type\":\"WebSite\",\"@id\":\"https:\\\/\\\/premiumline-cabling.com\\\/#website\",\"url\":\"https:\\\/\\\/premiumline-cabling.com\\\/\",\"name\":\"Premium-Line\",\"description\":\"Structured Cabling System\",\"publisher\":{\"@id\":\"https:\\\/\\\/premiumline-cabling.com\\\/#organization\"},\"potentialAction\":[{\"@type\":\"SearchAction\",\"target\":{\"@type\":\"EntryPoint\",\"urlTemplate\":\"https:\\\/\\\/premiumline-cabling.com\\\/?s={search_term_string}\"},\"query-input\":{\"@type\":\"PropertyValueSpecification\",\"valueRequired\":true,\"valueName\":\"search_term_string\"}}],\"inLanguage\":\"fr-FR\"},{\"@type\":\"Organization\",\"@id\":\"https:\\\/\\\/premiumline-cabling.com\\\/#organization\",\"name\":\"Premium-Line\",\"url\":\"https:\\\/\\\/premiumline-cabling.com\\\/\",\"logo\":{\"@type\":\"ImageObject\",\"inLanguage\":\"fr-FR\",\"@id\":\"https:\\\/\\\/premiumline-cabling.com\\\/#\\\/schema\\\/logo\\\/image\\\/\",\"url\":\"https:\\\/\\\/premiumline-cabling.com\\\/wp-content\\\/uploads\\\/2019\\\/04\\\/cropped-img_logo_site_Premium-Line.png\",\"contentUrl\":\"https:\\\/\\\/premiumline-cabling.com\\\/wp-content\\\/uploads\\\/2019\\\/04\\\/cropped-img_logo_site_Premium-Line.png\",\"width\":190,\"height\":62,\"caption\":\"Premium-Line\"},\"image\":{\"@id\":\"https:\\\/\\\/premiumline-cabling.com\\\/#\\\/schema\\\/logo\\\/image\\\/\"}}]}<\/script>\n<!-- \/ Yoast SEO plugin. -->","yoast_head_json":{"title":"Connecteur Blind\u00e9 180\u00b0 cat\u00e9gorie 5e de Premium-Line","description":"Le Connecteur Blind\u00e9 180\u00b0 de Premium-Line avec un design sp\u00e9cial pour une protection EMI optimale. En savoir plus !","robots":{"index":"index","follow":"follow","max-snippet":"max-snippet:-1","max-image-preview":"max-image-preview:large","max-video-preview":"max-video-preview:-1"},"canonical":"https:\/\/premiumline-cabling.com\/fr\/product\/chat-5e-180-blinde-kj\/","og_locale":"fr_FR","og_type":"article","og_title":"Connecteur Blind\u00e9 180\u00b0 cat\u00e9gorie 5e de Premium-Line","og_description":"Le Connecteur Blind\u00e9 180\u00b0 de Premium-Line avec un design sp\u00e9cial pour une protection EMI optimale. En savoir plus !","og_url":"https:\/\/premiumline-cabling.com\/fr\/product\/chat-5e-180-blinde-kj\/","og_site_name":"Premium-Line","article_modified_time":"2025-01-20T10:25:11+00:00","og_image":[{"width":283,"height":220,"url":"https:\/\/premiumline-cabling.com\/wp-content\/uploads\/2019\/02\/img_PL_180-Shielded-Die-Casting-Keystone-Jack1.jpg","type":"image\/jpeg"}],"twitter_card":"summary_large_image","twitter_misc":{"Dur\u00e9e de lecture estim\u00e9e":"2 minutes"},"schema":{"@context":"https:\/\/schema.org","@graph":[{"@type":"WebPage","@id":"https:\/\/premiumline-cabling.com\/fr\/product\/chat-5e-180-blinde-kj\/","url":"https:\/\/premiumline-cabling.com\/fr\/product\/chat-5e-180-blinde-kj\/","name":"Connecteur Blind\u00e9 180\u00b0 cat\u00e9gorie 5e de Premium-Line","isPartOf":{"@id":"https:\/\/premiumline-cabling.com\/#website"},"primaryImageOfPage":{"@id":"https:\/\/premiumline-cabling.com\/fr\/product\/chat-5e-180-blinde-kj\/#primaryimage"},"image":{"@id":"https:\/\/premiumline-cabling.com\/fr\/product\/chat-5e-180-blinde-kj\/#primaryimage"},"thumbnailUrl":"https:\/\/premiumline-cabling.com\/wp-content\/uploads\/2019\/02\/img_PL_180-Shielded-Die-Casting-Keystone-Jack1.jpg","datePublished":"2019-02-10T14:24:10+00:00","dateModified":"2025-01-20T10:25:11+00:00","description":"Le Connecteur Blind\u00e9 180\u00b0 de Premium-Line avec un design sp\u00e9cial pour une protection EMI optimale. En savoir plus !","breadcrumb":{"@id":"https:\/\/premiumline-cabling.com\/fr\/product\/chat-5e-180-blinde-kj\/#breadcrumb"},"inLanguage":"fr-FR","potentialAction":[{"@type":"ReadAction","target":["https:\/\/premiumline-cabling.com\/fr\/product\/chat-5e-180-blinde-kj\/"]}]},{"@type":"ImageObject","inLanguage":"fr-FR","@id":"https:\/\/premiumline-cabling.com\/fr\/product\/chat-5e-180-blinde-kj\/#primaryimage","url":"https:\/\/premiumline-cabling.com\/wp-content\/uploads\/2019\/02\/img_PL_180-Shielded-Die-Casting-Keystone-Jack1.jpg","contentUrl":"https:\/\/premiumline-cabling.com\/wp-content\/uploads\/2019\/02\/img_PL_180-Shielded-Die-Casting-Keystone-Jack1.jpg","width":283,"height":220},{"@type":"BreadcrumbList","@id":"https:\/\/premiumline-cabling.com\/fr\/product\/chat-5e-180-blinde-kj\/#breadcrumb","itemListElement":[{"@type":"ListItem","position":1,"name":"\u0413\u043b\u0430\u0432\u043d\u0430\u044f \u0441\u0442\u0440\u0430\u043d\u0438\u0446\u0430","item":"https:\/\/premiumline-cabling.com\/fr\/"},{"@type":"ListItem","position":2,"name":"Cat. 5e 180\u00b0 blind\u00e9 KJ"}]},{"@type":"WebSite","@id":"https:\/\/premiumline-cabling.com\/#website","url":"https:\/\/premiumline-cabling.com\/","name":"Premium-Line","description":"Structured Cabling System","publisher":{"@id":"https:\/\/premiumline-cabling.com\/#organization"},"potentialAction":[{"@type":"SearchAction","target":{"@type":"EntryPoint","urlTemplate":"https:\/\/premiumline-cabling.com\/?s={search_term_string}"},"query-input":{"@type":"PropertyValueSpecification","valueRequired":true,"valueName":"search_term_string"}}],"inLanguage":"fr-FR"},{"@type":"Organization","@id":"https:\/\/premiumline-cabling.com\/#organization","name":"Premium-Line","url":"https:\/\/premiumline-cabling.com\/","logo":{"@type":"ImageObject","inLanguage":"fr-FR","@id":"https:\/\/premiumline-cabling.com\/#\/schema\/logo\/image\/","url":"https:\/\/premiumline-cabling.com\/wp-content\/uploads\/2019\/04\/cropped-img_logo_site_Premium-Line.png","contentUrl":"https:\/\/premiumline-cabling.com\/wp-content\/uploads\/2019\/04\/cropped-img_logo_site_Premium-Line.png","width":190,"height":62,"caption":"Premium-Line"},"image":{"@id":"https:\/\/premiumline-cabling.com\/#\/schema\/logo\/image\/"}}]}},"_links":{"self":[{"href":"https:\/\/premiumline-cabling.com\/fr\/wp-json\/wp\/v2\/product\/19734","targetHints":{"allow":["GET"]}}],"collection":[{"href":"https:\/\/premiumline-cabling.com\/fr\/wp-json\/wp\/v2\/product"}],"about":[{"href":"https:\/\/premiumline-cabling.com\/fr\/wp-json\/wp\/v2\/types\/product"}],"wp:featuredmedia":[{"embeddable":true,"href":"https:\/\/premiumline-cabling.com\/fr\/wp-json\/wp\/v2\/media\/19729"}],"wp:attachment":[{"href":"https:\/\/premiumline-cabling.com\/fr\/wp-json\/wp\/v2\/media?parent=19734"}],"wp:term":[{"taxonomy":"product_category","embeddable":true,"href":"https:\/\/premiumline-cabling.com\/fr\/wp-json\/wp\/v2\/product_category?post=19734"}],"curies":[{"name":"wp","href":"https:\/\/api.w.org\/{rel}","templated":true}]}}