{"id":19725,"date":"2019-10-30T14:51:48","date_gmt":"2019-10-30T13:51:48","guid":{"rendered":"https:\/\/premiumline-cabling.com\/product\/chat-6a-kj-avec-obturateur\/"},"modified":"2024-03-28T12:10:28","modified_gmt":"2024-03-28T11:10:28","slug":"chat-6a-kj-avec-obturateur","status":"publish","type":"product","link":"https:\/\/premiumline-cabling.com\/fr\/product\/chat-6a-kj-avec-obturateur\/","title":{"rendered":"Cat. 6A KJ avec volet"},"content":{"rendered":"<p><noscript><img decoding=\"async\" class=\"alignright wp-image-3655 size-medium\" src=\"https:\/\/premiumline-cabling.com\/wp-content\/uploads\/2019\/10\/KJ-6a_s_180_shatter-300x271.jpg\" alt width=\"300\" height=\"271\" srcset=\"https:\/\/premiumline-cabling.com\/wp-content\/uploads\/2019\/10\/KJ-6a_s_180_shatter-300x271.jpg 300w, https:\/\/premiumline-cabling.com\/wp-content\/uploads\/2019\/10\/KJ-6a_s_180_shatter-768x693.jpg 768w, https:\/\/premiumline-cabling.com\/wp-content\/uploads\/2019\/10\/KJ-6a_s_180_shatter.jpg 810w\" sizes=\"(max-width: 300px) 100vw, 300px\"><\/noscript><img decoding=\"async\" class=\"alignright wp-image-3655 size-medium lazyload\" src=\"data:image\/svg+xml,%3Csvg%20xmlns%3D%22http%3A%2F%2Fwww.w3.org%2F2000%2Fsvg%22%20viewBox%3D%220%200%20300%20271%22%3E%3C%2Fsvg%3E\" alt width=\"300\" height=\"271\" srcset=\"data:image\/svg+xml,%3Csvg%20xmlns%3D%22http%3A%2F%2Fwww.w3.org%2F2000%2Fsvg%22%20viewBox%3D%220%200%20300%20271%22%3E%3C%2Fsvg%3E 300w\" sizes=\"(max-width: 300px) 100vw, 300px\" data-srcset=\"https:\/\/premiumline-cabling.com\/wp-content\/uploads\/2019\/10\/KJ-6a_s_180_shatter-300x271.jpg 300w, https:\/\/premiumline-cabling.com\/wp-content\/uploads\/2019\/10\/KJ-6a_s_180_shatter-768x693.jpg 768w, https:\/\/premiumline-cabling.com\/wp-content\/uploads\/2019\/10\/KJ-6a_s_180_shatter.jpg 810w\" data-src=\"https:\/\/premiumline-cabling.com\/wp-content\/uploads\/2019\/10\/KJ-6a_s_180_shatter-300x271.jpg\"><\/p>\n<h3>Connecteur Blind\u00e9 180\u00b0 cat\u00e9gorie 6A, moul\u00e9 sous pression blind\u00e9e, de type slim, avec volet<\/h3>\n<p>Le connecteur Blind\u00e9 180\u00b0 cat\u00e9gorie 6A de Premium Line, moul\u00e9 sous pression de type slim avec volet, conforme aux sp\u00e9cifications TIA\/EIA-568C.2, ISO\/IEC 11801 et EN 50173-1 Classe EA, prend en charge les c\u00e2blages T568 A&amp;B.<\/p>\n<p>Gr\u00e2ce \u00e0 ses performances \u00e9lev\u00e9es et stables, ce module obtient de bons r\u00e9sultats de vente sur le march\u00e9.<\/p>\n<p>&nbsp;<\/p>\n<p>&nbsp;<\/p>\n<table>\n<tbody>\n<tr>\n<td colspan=\"2\">\n<h4>Caract\u00e9ristiques physiques<\/h4>\n<\/td>\n<\/tr>\n<tr>\n<td>Mat\u00e9riau du corps<\/td>\n<td>Bo\u00eetier : PC, UL94 V-0<\/td>\n<\/tr>\n<tr>\n<td>Contact Jack<\/td>\n<td>bronze phosphoreux, 50\u03bc pouces plaqu\u00e9 or sur nickel<\/td>\n<\/tr>\n<tr>\n<td>Contacts IDC<\/td>\n<td>100\u03bc pouce nickel\u00e9 sur bronze phosphoreux<\/td>\n<\/tr>\n<tr>\n<td colspan=\"2\"><\/td>\n<\/tr>\n<tr>\n<td colspan=\"2\">\n<h4>Caract\u00e9ristiques \u00e9lectriques<\/h4>\n<\/td>\n<\/tr>\n<tr>\n<td>Rigidit\u00e9 di\u00e9lectrique<\/td>\n<td>1000V RMS pendant 1min<\/td>\n<\/tr>\n<tr>\n<td>Valeur nominale actuelle<\/td>\n<td>1.5Amp Max.<\/td>\n<\/tr>\n<tr>\n<td>R\u00e9sistance de l&#8217;isolation<\/td>\n<td>10M\u03a9 Min.<\/td>\n<\/tr>\n<tr>\n<td>R\u00e9sistance des contacts<\/td>\n<td>2m\u03a9 par contact<\/td>\n<\/tr>\n<tr>\n<td>Plage de temp\u00e9rature<\/td>\n<td>De -10\u00b0C \u00e0 60\u00b0C<\/td>\n<\/tr>\n<tr>\n<td>Humidit\u00e9<\/td>\n<td>10%~90% ; sans condensation<\/td>\n<\/tr>\n<tr>\n<td>Conducteur admissible<\/td>\n<td>Fil d&#8217;isolation 22AWG ~ 26AWG<\/td>\n<\/tr>\n<tr>\n<td>Mat\u00e9riau du corps<\/td>\n<td>Bo\u00eetier : PC<\/td>\n<\/tr>\n<tr>\n<td><\/td>\n<td>Corps : Zinc moul\u00e9 sous pression<\/td>\n<\/tr>\n<tr>\n<td>Contact Jack<\/td>\n<td>Bronze phosphoreux, 50\u03bc pouces d&#8217;or<\/td>\n<\/tr>\n<tr>\n<td><\/td>\n<td>plaqu\u00e9 sur nickel plaqu\u00e9 dans la zone de contact<\/td>\n<\/tr>\n<tr>\n<td><\/td>\n<td>Dur\u00e9e de vie : Minimum 750 insertions<\/td>\n<\/tr>\n<tr>\n<td><\/td>\n<td>100\u03bc pouce nickel\u00e9 sur bronze phosphoreux<\/td>\n<\/tr>\n<tr>\n<td>Contacts IDC<\/td>\n<td>Dur\u00e9e de vie : Minimum 250 Re-terminaisons<\/td>\n<\/tr>\n<tr>\n<td colspan=\"2\"><\/td>\n<\/tr>\n<tr>\n<td colspan=\"2\">\n<h4>Applications<\/h4>\n<ul>\n<li style=\"text-align: left;\">10GBASE-T Ethernet<\/li>\n<li style=\"text-align: left;\">1000BASE-Tx Gigabit Ethernet<\/li>\n<li style=\"text-align: left;\">1000BASE-T Gigabit Ethernet<\/li>\n<li style=\"text-align: left;\">100BASE-Tx Fast Ethernet.<\/li>\n<li style=\"text-align: left;\">10BASE-T Ethernet.<\/li>\n<li style=\"text-align: left;\">Applications vocales, vid\u00e9o et autres.<\/li>\n<\/ul>\n<\/td>\n<\/tr>\n<\/tbody>\n<\/table>\n<p>&nbsp;<\/p>\n<table width=\"100%\">\n<thead>\n<tr>\n<td><strong>PART NO.<\/strong><\/td>\n<td><strong>DESCRIPTION<\/strong><\/td>\n<td><strong>TAILLE DE L&#8217;EMBALLAGE<\/strong><\/td>\n<\/tr>\n<\/thead>\n<tbody>\n<tr>\n<td>109924010<\/td>\n<td>Connecteur Blind\u00e9 180\u00b0 cat\u00e9gorie 6A, moul\u00e9 sous pression blind\u00e9e, de type slim, avec volet<\/td>\n<td>53,8\u00d735,2\u00d727 cm<\/td>\n<\/tr>\n<\/tbody>\n<\/table>\n<p>&nbsp;<\/p>\n","protected":false},"featured_media":19727,"template":"","product_category":[399],"class_list":["post-19725","product","type-product","status-publish","has-post-thumbnail","hentry","product_category-prise-keystone-blindee"],"yoast_head":"<!-- This site is optimized with the Yoast SEO plugin v27.2 - https:\/\/yoast.com\/product\/yoast-seo-wordpress\/ -->\n<title>Connecteur Blind\u00e9 180\u00b0 Cat\u00e9gorie 6A de Premium-Line, moul\u00e9 sous pression avec volet<\/title>\n<meta name=\"description\" content=\"Le connecteur Premium-Line Cat.6A 180 \u00b0 blind\u00e9 en moulage sous pression de type slim avec volet conforme \u00e0 TIA\/EIA-568C.2, ISO\/IEC 11801, ISO\/IEC 60603-7-51 En savoir plus !\" \/>\n<meta name=\"robots\" content=\"index, follow, max-snippet:-1, max-image-preview:large, max-video-preview:-1\" \/>\n<link rel=\"canonical\" href=\"https:\/\/premiumline-cabling.com\/fr\/product\/chat-6a-kj-avec-obturateur\/\" \/>\n<meta property=\"og:locale\" content=\"fr_FR\" \/>\n<meta property=\"og:type\" content=\"article\" \/>\n<meta property=\"og:title\" content=\"Connecteur Blind\u00e9 180\u00b0 Cat\u00e9gorie 6A de Premium-Line, moul\u00e9 sous pression avec volet\" \/>\n<meta property=\"og:description\" content=\"Le connecteur Premium-Line Cat.6A 180 \u00b0 blind\u00e9 en moulage sous pression de type slim avec volet conforme \u00e0 TIA\/EIA-568C.2, ISO\/IEC 11801, ISO\/IEC 60603-7-51 En savoir plus !\" \/>\n<meta property=\"og:url\" content=\"https:\/\/premiumline-cabling.com\/fr\/product\/chat-6a-kj-avec-obturateur\/\" \/>\n<meta property=\"og:site_name\" content=\"Premium-Line\" \/>\n<meta property=\"article:modified_time\" content=\"2024-03-28T11:10:28+00:00\" \/>\n<meta property=\"og:image\" content=\"https:\/\/premiumline-cabling.com\/wp-content\/uploads\/2019\/10\/KJ-6a_s_180_shatter.jpg\" \/>\n\t<meta property=\"og:image:width\" content=\"810\" \/>\n\t<meta property=\"og:image:height\" content=\"731\" \/>\n\t<meta property=\"og:image:type\" content=\"image\/jpeg\" \/>\n<meta name=\"twitter:card\" content=\"summary_large_image\" \/>\n<meta name=\"twitter:label1\" content=\"Dur\u00e9e de lecture estim\u00e9e\" \/>\n\t<meta name=\"twitter:data1\" content=\"1 minute\" \/>\n<script type=\"application\/ld+json\" class=\"yoast-schema-graph\">{\"@context\":\"https:\/\/schema.org\",\"@graph\":[{\"@type\":\"WebPage\",\"@id\":\"https:\/\/premiumline-cabling.com\/fr\/product\/chat-6a-kj-avec-obturateur\/\",\"url\":\"https:\/\/premiumline-cabling.com\/fr\/product\/chat-6a-kj-avec-obturateur\/\",\"name\":\"Connecteur Blind\u00e9 180\u00b0 Cat\u00e9gorie 6A de Premium-Line, moul\u00e9 sous pression avec volet\",\"isPartOf\":{\"@id\":\"https:\/\/premiumline-cabling.com\/#website\"},\"primaryImageOfPage\":{\"@id\":\"https:\/\/premiumline-cabling.com\/fr\/product\/chat-6a-kj-avec-obturateur\/#primaryimage\"},\"image\":{\"@id\":\"https:\/\/premiumline-cabling.com\/fr\/product\/chat-6a-kj-avec-obturateur\/#primaryimage\"},\"thumbnailUrl\":\"https:\/\/premiumline-cabling.com\/wp-content\/uploads\/2019\/10\/KJ-6a_s_180_shatter.jpg\",\"datePublished\":\"2019-10-30T13:51:48+00:00\",\"dateModified\":\"2024-03-28T11:10:28+00:00\",\"description\":\"Le connecteur Premium-Line Cat.6A 180 \u00b0 blind\u00e9 en moulage sous pression de type slim avec volet conforme \u00e0 TIA\/EIA-568C.2, ISO\/IEC 11801, ISO\/IEC 60603-7-51 En savoir plus !\",\"breadcrumb\":{\"@id\":\"https:\/\/premiumline-cabling.com\/fr\/product\/chat-6a-kj-avec-obturateur\/#breadcrumb\"},\"inLanguage\":\"fr-FR\",\"potentialAction\":[{\"@type\":\"ReadAction\",\"target\":[\"https:\/\/premiumline-cabling.com\/fr\/product\/chat-6a-kj-avec-obturateur\/\"]}]},{\"@type\":\"ImageObject\",\"inLanguage\":\"fr-FR\",\"@id\":\"https:\/\/premiumline-cabling.com\/fr\/product\/chat-6a-kj-avec-obturateur\/#primaryimage\",\"url\":\"https:\/\/premiumline-cabling.com\/wp-content\/uploads\/2019\/10\/KJ-6a_s_180_shatter.jpg\",\"contentUrl\":\"https:\/\/premiumline-cabling.com\/wp-content\/uploads\/2019\/10\/KJ-6a_s_180_shatter.jpg\",\"width\":810,\"height\":731},{\"@type\":\"BreadcrumbList\",\"@id\":\"https:\/\/premiumline-cabling.com\/fr\/product\/chat-6a-kj-avec-obturateur\/#breadcrumb\",\"itemListElement\":[{\"@type\":\"ListItem\",\"position\":1,\"name\":\"\u0413\u043b\u0430\u0432\u043d\u0430\u044f \u0441\u0442\u0440\u0430\u043d\u0438\u0446\u0430\",\"item\":\"https:\/\/premiumline-cabling.com\/fr\/\"},{\"@type\":\"ListItem\",\"position\":2,\"name\":\"Cat. 6A KJ avec volet\"}]},{\"@type\":\"WebSite\",\"@id\":\"https:\/\/premiumline-cabling.com\/#website\",\"url\":\"https:\/\/premiumline-cabling.com\/\",\"name\":\"Premium-Line\",\"description\":\"Structured Cabling System\",\"publisher\":{\"@id\":\"https:\/\/premiumline-cabling.com\/#organization\"},\"potentialAction\":[{\"@type\":\"SearchAction\",\"target\":{\"@type\":\"EntryPoint\",\"urlTemplate\":\"https:\/\/premiumline-cabling.com\/?s={search_term_string}\"},\"query-input\":{\"@type\":\"PropertyValueSpecification\",\"valueRequired\":true,\"valueName\":\"search_term_string\"}}],\"inLanguage\":\"fr-FR\"},{\"@type\":\"Organization\",\"@id\":\"https:\/\/premiumline-cabling.com\/#organization\",\"name\":\"Premium-Line\",\"url\":\"https:\/\/premiumline-cabling.com\/\",\"logo\":{\"@type\":\"ImageObject\",\"inLanguage\":\"fr-FR\",\"@id\":\"https:\/\/premiumline-cabling.com\/#\/schema\/logo\/image\/\",\"url\":\"https:\/\/premiumline-cabling.com\/wp-content\/uploads\/2019\/04\/cropped-img_logo_site_Premium-Line.png\",\"contentUrl\":\"https:\/\/premiumline-cabling.com\/wp-content\/uploads\/2019\/04\/cropped-img_logo_site_Premium-Line.png\",\"width\":190,\"height\":62,\"caption\":\"Premium-Line\"},\"image\":{\"@id\":\"https:\/\/premiumline-cabling.com\/#\/schema\/logo\/image\/\"}}]}<\/script>\n<!-- \/ Yoast SEO plugin. -->","yoast_head_json":{"title":"Connecteur Blind\u00e9 180\u00b0 Cat\u00e9gorie 6A de Premium-Line, moul\u00e9 sous pression avec volet","description":"Le connecteur Premium-Line Cat.6A 180 \u00b0 blind\u00e9 en moulage sous pression de type slim avec volet conforme \u00e0 TIA\/EIA-568C.2, ISO\/IEC 11801, ISO\/IEC 60603-7-51 En savoir plus !","robots":{"index":"index","follow":"follow","max-snippet":"max-snippet:-1","max-image-preview":"max-image-preview:large","max-video-preview":"max-video-preview:-1"},"canonical":"https:\/\/premiumline-cabling.com\/fr\/product\/chat-6a-kj-avec-obturateur\/","og_locale":"fr_FR","og_type":"article","og_title":"Connecteur Blind\u00e9 180\u00b0 Cat\u00e9gorie 6A de Premium-Line, moul\u00e9 sous pression avec volet","og_description":"Le connecteur Premium-Line Cat.6A 180 \u00b0 blind\u00e9 en moulage sous pression de type slim avec volet conforme \u00e0 TIA\/EIA-568C.2, ISO\/IEC 11801, ISO\/IEC 60603-7-51 En savoir plus !","og_url":"https:\/\/premiumline-cabling.com\/fr\/product\/chat-6a-kj-avec-obturateur\/","og_site_name":"Premium-Line","article_modified_time":"2024-03-28T11:10:28+00:00","og_image":[{"width":810,"height":731,"url":"https:\/\/premiumline-cabling.com\/wp-content\/uploads\/2019\/10\/KJ-6a_s_180_shatter.jpg","type":"image\/jpeg"}],"twitter_card":"summary_large_image","twitter_misc":{"Dur\u00e9e de lecture estim\u00e9e":"1 minute"},"schema":{"@context":"https:\/\/schema.org","@graph":[{"@type":"WebPage","@id":"https:\/\/premiumline-cabling.com\/fr\/product\/chat-6a-kj-avec-obturateur\/","url":"https:\/\/premiumline-cabling.com\/fr\/product\/chat-6a-kj-avec-obturateur\/","name":"Connecteur Blind\u00e9 180\u00b0 Cat\u00e9gorie 6A de Premium-Line, moul\u00e9 sous pression avec volet","isPartOf":{"@id":"https:\/\/premiumline-cabling.com\/#website"},"primaryImageOfPage":{"@id":"https:\/\/premiumline-cabling.com\/fr\/product\/chat-6a-kj-avec-obturateur\/#primaryimage"},"image":{"@id":"https:\/\/premiumline-cabling.com\/fr\/product\/chat-6a-kj-avec-obturateur\/#primaryimage"},"thumbnailUrl":"https:\/\/premiumline-cabling.com\/wp-content\/uploads\/2019\/10\/KJ-6a_s_180_shatter.jpg","datePublished":"2019-10-30T13:51:48+00:00","dateModified":"2024-03-28T11:10:28+00:00","description":"Le connecteur Premium-Line Cat.6A 180 \u00b0 blind\u00e9 en moulage sous pression de type slim avec volet conforme \u00e0 TIA\/EIA-568C.2, ISO\/IEC 11801, ISO\/IEC 60603-7-51 En savoir plus !","breadcrumb":{"@id":"https:\/\/premiumline-cabling.com\/fr\/product\/chat-6a-kj-avec-obturateur\/#breadcrumb"},"inLanguage":"fr-FR","potentialAction":[{"@type":"ReadAction","target":["https:\/\/premiumline-cabling.com\/fr\/product\/chat-6a-kj-avec-obturateur\/"]}]},{"@type":"ImageObject","inLanguage":"fr-FR","@id":"https:\/\/premiumline-cabling.com\/fr\/product\/chat-6a-kj-avec-obturateur\/#primaryimage","url":"https:\/\/premiumline-cabling.com\/wp-content\/uploads\/2019\/10\/KJ-6a_s_180_shatter.jpg","contentUrl":"https:\/\/premiumline-cabling.com\/wp-content\/uploads\/2019\/10\/KJ-6a_s_180_shatter.jpg","width":810,"height":731},{"@type":"BreadcrumbList","@id":"https:\/\/premiumline-cabling.com\/fr\/product\/chat-6a-kj-avec-obturateur\/#breadcrumb","itemListElement":[{"@type":"ListItem","position":1,"name":"\u0413\u043b\u0430\u0432\u043d\u0430\u044f \u0441\u0442\u0440\u0430\u043d\u0438\u0446\u0430","item":"https:\/\/premiumline-cabling.com\/fr\/"},{"@type":"ListItem","position":2,"name":"Cat. 6A KJ avec volet"}]},{"@type":"WebSite","@id":"https:\/\/premiumline-cabling.com\/#website","url":"https:\/\/premiumline-cabling.com\/","name":"Premium-Line","description":"Structured Cabling System","publisher":{"@id":"https:\/\/premiumline-cabling.com\/#organization"},"potentialAction":[{"@type":"SearchAction","target":{"@type":"EntryPoint","urlTemplate":"https:\/\/premiumline-cabling.com\/?s={search_term_string}"},"query-input":{"@type":"PropertyValueSpecification","valueRequired":true,"valueName":"search_term_string"}}],"inLanguage":"fr-FR"},{"@type":"Organization","@id":"https:\/\/premiumline-cabling.com\/#organization","name":"Premium-Line","url":"https:\/\/premiumline-cabling.com\/","logo":{"@type":"ImageObject","inLanguage":"fr-FR","@id":"https:\/\/premiumline-cabling.com\/#\/schema\/logo\/image\/","url":"https:\/\/premiumline-cabling.com\/wp-content\/uploads\/2019\/04\/cropped-img_logo_site_Premium-Line.png","contentUrl":"https:\/\/premiumline-cabling.com\/wp-content\/uploads\/2019\/04\/cropped-img_logo_site_Premium-Line.png","width":190,"height":62,"caption":"Premium-Line"},"image":{"@id":"https:\/\/premiumline-cabling.com\/#\/schema\/logo\/image\/"}}]}},"_links":{"self":[{"href":"https:\/\/premiumline-cabling.com\/fr\/wp-json\/wp\/v2\/product\/19725","targetHints":{"allow":["GET"]}}],"collection":[{"href":"https:\/\/premiumline-cabling.com\/fr\/wp-json\/wp\/v2\/product"}],"about":[{"href":"https:\/\/premiumline-cabling.com\/fr\/wp-json\/wp\/v2\/types\/product"}],"wp:featuredmedia":[{"embeddable":true,"href":"https:\/\/premiumline-cabling.com\/fr\/wp-json\/wp\/v2\/media\/19727"}],"wp:attachment":[{"href":"https:\/\/premiumline-cabling.com\/fr\/wp-json\/wp\/v2\/media?parent=19725"}],"wp:term":[{"taxonomy":"product_category","embeddable":true,"href":"https:\/\/premiumline-cabling.com\/fr\/wp-json\/wp\/v2\/product_category?post=19725"}],"curies":[{"name":"wp","href":"https:\/\/api.w.org\/{rel}","templated":true}]}}