{"id":19724,"date":"2019-10-30T17:18:25","date_gmt":"2019-10-30T16:18:25","guid":{"rendered":"https:\/\/premiumline-cabling.com\/product\/chat-6a-90-blinde-kj\/"},"modified":"2024-03-28T12:41:25","modified_gmt":"2024-03-28T11:41:25","slug":"chat-6a-90-blinde-kj","status":"publish","type":"product","link":"https:\/\/premiumline-cabling.com\/fr\/product\/chat-6a-90-blinde-kj\/","title":{"rendered":"Cat. 6A 90\u00b0 Blind\u00e9 KJ"},"content":{"rendered":"<p><noscript><img decoding=\"async\" class=\"alignright wp-image-3662 size-medium\" src=\"https:\/\/premiumline-cabling.com\/wp-content\/uploads\/2019\/10\/KJ-6a_s_90-300x279.jpg\" alt width=\"300\" height=\"279\" srcset=\"https:\/\/premiumline-cabling.com\/wp-content\/uploads\/2019\/10\/KJ-6a_s_90-300x279.jpg 300w, https:\/\/premiumline-cabling.com\/wp-content\/uploads\/2019\/10\/KJ-6a_s_90-768x714.jpg 768w, https:\/\/premiumline-cabling.com\/wp-content\/uploads\/2019\/10\/KJ-6a_s_90.jpg 857w\" sizes=\"(max-width: 300px) 100vw, 300px\"><\/noscript><img decoding=\"async\" class=\"alignright wp-image-3662 size-medium lazyload\" src=\"data:image\/svg+xml,%3Csvg%20xmlns%3D%22http%3A%2F%2Fwww.w3.org%2F2000%2Fsvg%22%20viewBox%3D%220%200%20300%20279%22%3E%3C%2Fsvg%3E\" alt width=\"300\" height=\"279\" srcset=\"data:image\/svg+xml,%3Csvg%20xmlns%3D%22http%3A%2F%2Fwww.w3.org%2F2000%2Fsvg%22%20viewBox%3D%220%200%20300%20279%22%3E%3C%2Fsvg%3E 300w\" sizes=\"(max-width: 300px) 100vw, 300px\" data-srcset=\"https:\/\/premiumline-cabling.com\/wp-content\/uploads\/2019\/10\/KJ-6a_s_90-300x279.jpg 300w, https:\/\/premiumline-cabling.com\/wp-content\/uploads\/2019\/10\/KJ-6a_s_90-768x714.jpg 768w, https:\/\/premiumline-cabling.com\/wp-content\/uploads\/2019\/10\/KJ-6a_s_90.jpg 857w\" data-src=\"https:\/\/premiumline-cabling.com\/wp-content\/uploads\/2019\/10\/KJ-6a_s_90-300x279.jpg\"><\/p>\n<h3 id=\"ui-id-1\" class=\"t3ddy-accordion-header ui-accordion-header ui-state-default ui-accordion-icons ui-state-focus ui-corner-all\" tabindex=\"0\" role=\"tab\" aria-controls=\"c1345\" aria-selected=\"false\" aria-expanded=\"false\">Connecteur blind\u00e9 90\u00b0 Cat\u00e9gorie 6A, moul\u00e9e sous pression, type Slim<\/h3>\n<h3>CARACT\u00c9RISTIQUES :<\/h3>\n<ul>\n<li>Conforme aux sp\u00e9cifications ANSI\/TIA-568.2-D:2018, ISO\/IEC 11801 et EN 50173-1 Classe<sub>EA<\/sub> <\/li>\n<li>Conception de moulage sous pression pour une protection optimale contre les interf\u00e9rences \u00e9lectromagn\u00e9tiques<\/li>\n<li>La taille r\u00e9duite est id\u00e9ale pour les interfaces o\u00f9 l&#8217;espace est restreint.<\/li>\n<li>Cordon de consolidation multi-n\u0153uds, solution fiable de bout en bout et applications \u00e0 haut trafic de donn\u00e9es<\/li>\n<li>Terminer avec 110 outils<\/li>\n<li>Ciseaux gratuits par carton, pour \u00e9viter les coupures de c\u00e2ble excessives et les d\u00e9faillances de terminaison sur le terrain en cas de &#8220;court-circuit&#8221;.<\/li>\n<li>Conforme \u00e0 la directive RoHS<\/li>\n<\/ul>\n<h4><noscript><img decoding=\"async\" class=\"alignright wp-image-3661 size-medium\" src=\"https:\/\/premiumline-cabling.com\/wp-content\/uploads\/2019\/10\/KJ-6a_s_90_2-226x300.jpg\" alt width=\"226\" height=\"300\" srcset=\"https:\/\/premiumline-cabling.com\/wp-content\/uploads\/2019\/10\/KJ-6a_s_90_2-226x300.jpg 226w, https:\/\/premiumline-cabling.com\/wp-content\/uploads\/2019\/10\/KJ-6a_s_90_2.jpg 664w\" sizes=\"(max-width: 226px) 100vw, 226px\"><\/noscript><img decoding=\"async\" class=\"alignright wp-image-3661 size-medium lazyload\" src=\"data:image\/svg+xml,%3Csvg%20xmlns%3D%22http%3A%2F%2Fwww.w3.org%2F2000%2Fsvg%22%20viewBox%3D%220%200%20226%20300%22%3E%3C%2Fsvg%3E\" alt width=\"226\" height=\"300\" srcset=\"data:image\/svg+xml,%3Csvg%20xmlns%3D%22http%3A%2F%2Fwww.w3.org%2F2000%2Fsvg%22%20viewBox%3D%220%200%20226%20300%22%3E%3C%2Fsvg%3E 226w\" sizes=\"(max-width: 226px) 100vw, 226px\" data-srcset=\"https:\/\/premiumline-cabling.com\/wp-content\/uploads\/2019\/10\/KJ-6a_s_90_2-226x300.jpg 226w, https:\/\/premiumline-cabling.com\/wp-content\/uploads\/2019\/10\/KJ-6a_s_90_2.jpg 664w\" data-src=\"https:\/\/premiumline-cabling.com\/wp-content\/uploads\/2019\/10\/KJ-6a_s_90_2-226x300.jpg\"><\/h4>\n<h4>APPLICATIONS :<\/h4>\n<ul>\n<li>10GBASE-T Ethernet<\/li>\n<li>1000BASE-TX Gigabit Ethernet<\/li>\n<li>1000BASE-T Gigabit Ethernet<\/li>\n<li>100BASE-TX Fast Ethernet.<\/li>\n<li>10BASE-T Ethernet<\/li>\n<li>Applications vocales, vid\u00e9o et autres.<\/li>\n<\/ul>\n<h4>CARACT\u00c9RISTIQUES :<\/h4>\n<table width=\"690\">\n<tbody>\n<tr>\n<td width=\"249\">\n<p>Rigidit\u00e9 di\u00e9lectrique<\/p>\n<p>Valeur nominale actuelle<\/p>\n<p>R\u00e9sistance de l&#8217;isolation<\/p>\n<p>R\u00e9sistance des contacts<\/p>\n<p>Plage de temp\u00e9rature<\/p>\n<p>Humidit\u00e9<\/p>\n<p>Conducteur admissible<\/p>\n<p>Mat\u00e9riau du corps<\/p>\n<p>&nbsp;<\/p>\n<p>Contact Jack<\/p>\n<p>&nbsp;<\/p>\n<p>&nbsp;<\/p>\n<p>Contacts IDC<\/p><\/td>\n<td width=\"426\">\n<p>1000V RMS pendant 1min<\/p>\n<p>1.5Amp Max.<\/p>\n<p>10M\u03a9 Min.<\/p>\n<p>2m\u03a9 par contact<\/p>\n<p>-10\u2103 \u00e0 60\u2103<\/p>\n<p>10%~90% ; sans condensation<\/p>\n<p>Fil d&#8217;isolation 23AWG ~ 26AWG<\/p>\n<p>Bo\u00eetier : PC<\/p>\n<p>Corps : Zinc moul\u00e9 sous pression<\/p>\n<p>Bronze phosphoreux, 50\u03bc pouce plaqu\u00e9 or sur nickel dans la zone de contact.<\/p>\n<p>Dur\u00e9e de vie : Minimum 750 insertions<\/p>\n<p>100\u03bc pouce nickel\u00e9 sur bronze phosphoreux<\/p>\n<p>Dur\u00e9e de vie : Minimum 250 Re-terminaisons<\/p><\/td>\n<\/tr>\n<\/tbody>\n<\/table>\n<h4>LES INFORMATIONS RELATIVES \u00c0 LA COMMANDE :<\/h4>\n<table width=\"100%\">\n<thead>\n<tr>\n<td><strong>PART NO.<\/strong><\/td>\n<td><strong>DESCRIPTION<\/strong><\/td>\n<td><strong>TAILLE DE L&#8217;EMBALLAGE<\/strong><\/td>\n<\/tr>\n<\/thead>\n<tbody>\n<tr>\n<td>109813010<\/td>\n<td>Connecteur Blind\u00e9 90\u00b0 Cat.6A, moul\u00e9 sous pression, type Slim<\/td>\n<td>53,8\u00d735,2\u00d727 cm<\/td>\n<\/tr>\n<\/tbody>\n<\/table>\n<h3 class=\"title style-scope ytd-video-primary-info-renderer\">Conseils d&#8217;installation :<\/h3>\n<p><iframe title=\"Premium-Line Category 6A 90\u00b0 Shielded Die-casting Keystone Jack, Slim Type: installation tips\" width=\"500\" height=\"281\" src=\"https:\/\/www.youtube.com\/embed\/lu4pccm6G_o?feature=oembed\" frameborder=\"0\" allow=\"accelerometer; autoplay; clipboard-write; encrypted-media; gyroscope; picture-in-picture; web-share\" referrerpolicy=\"strict-origin-when-cross-origin\" allowfullscreen><\/iframe><\/p>\n<p>&nbsp;<\/p>\n","protected":false},"featured_media":19731,"template":"","product_category":[399],"class_list":["post-19724","product","type-product","status-publish","has-post-thumbnail","hentry","product_category-prise-keystone-blindee"],"yoast_head":"<!-- This site is optimized with the Yoast SEO plugin v27.2 - https:\/\/yoast.com\/product\/yoast-seo-wordpress\/ -->\n<title>Connecteur Blind\u00e9 90\u00b0 cat\u00e9gorie 6A de Premium-Line, Type Slim<\/title>\n<meta name=\"description\" content=\"Connecteur blind\u00e9 90 \u00b0 Cat.6A de Premium-Line, type Slim Slim, conforme \u00e0 TIA\/EIA-568C.2, ISO\/IEC 11801, ISO\/IEC 60603-7-51. En savoir plus !\" \/>\n<meta name=\"robots\" content=\"index, follow, max-snippet:-1, max-image-preview:large, max-video-preview:-1\" \/>\n<link rel=\"canonical\" href=\"https:\/\/premiumline-cabling.com\/fr\/product\/chat-6a-90-blinde-kj\/\" \/>\n<meta property=\"og:locale\" content=\"fr_FR\" \/>\n<meta property=\"og:type\" content=\"article\" \/>\n<meta property=\"og:title\" content=\"Connecteur Blind\u00e9 90\u00b0 cat\u00e9gorie 6A de Premium-Line, Type Slim\" \/>\n<meta property=\"og:description\" content=\"Connecteur blind\u00e9 90 \u00b0 Cat.6A de Premium-Line, type Slim Slim, conforme \u00e0 TIA\/EIA-568C.2, ISO\/IEC 11801, ISO\/IEC 60603-7-51. En savoir plus !\" \/>\n<meta property=\"og:url\" content=\"https:\/\/premiumline-cabling.com\/fr\/product\/chat-6a-90-blinde-kj\/\" \/>\n<meta property=\"og:site_name\" content=\"Premium-Line\" \/>\n<meta property=\"article:modified_time\" content=\"2024-03-28T11:41:25+00:00\" \/>\n<meta property=\"og:image\" content=\"https:\/\/premiumline-cabling.com\/wp-content\/uploads\/2019\/10\/KJ-6a_s_90.jpg\" \/>\n\t<meta property=\"og:image:width\" content=\"857\" \/>\n\t<meta property=\"og:image:height\" content=\"797\" \/>\n\t<meta property=\"og:image:type\" content=\"image\/jpeg\" \/>\n<meta name=\"twitter:card\" content=\"summary_large_image\" \/>\n<meta name=\"twitter:label1\" content=\"Dur\u00e9e de lecture estim\u00e9e\" \/>\n\t<meta name=\"twitter:data1\" content=\"2 minutes\" \/>\n<script type=\"application\/ld+json\" class=\"yoast-schema-graph\">{\"@context\":\"https:\/\/schema.org\",\"@graph\":[{\"@type\":\"WebPage\",\"@id\":\"https:\/\/premiumline-cabling.com\/fr\/product\/chat-6a-90-blinde-kj\/\",\"url\":\"https:\/\/premiumline-cabling.com\/fr\/product\/chat-6a-90-blinde-kj\/\",\"name\":\"Connecteur Blind\u00e9 90\u00b0 cat\u00e9gorie 6A de Premium-Line, Type Slim\",\"isPartOf\":{\"@id\":\"https:\/\/premiumline-cabling.com\/#website\"},\"primaryImageOfPage\":{\"@id\":\"https:\/\/premiumline-cabling.com\/fr\/product\/chat-6a-90-blinde-kj\/#primaryimage\"},\"image\":{\"@id\":\"https:\/\/premiumline-cabling.com\/fr\/product\/chat-6a-90-blinde-kj\/#primaryimage\"},\"thumbnailUrl\":\"https:\/\/premiumline-cabling.com\/wp-content\/uploads\/2019\/10\/KJ-6a_s_90.jpg\",\"datePublished\":\"2019-10-30T16:18:25+00:00\",\"dateModified\":\"2024-03-28T11:41:25+00:00\",\"description\":\"Connecteur blind\u00e9 90 \u00b0 Cat.6A de Premium-Line, type Slim Slim, conforme \u00e0 TIA\/EIA-568C.2, ISO\/IEC 11801, ISO\/IEC 60603-7-51. En savoir plus !\",\"breadcrumb\":{\"@id\":\"https:\/\/premiumline-cabling.com\/fr\/product\/chat-6a-90-blinde-kj\/#breadcrumb\"},\"inLanguage\":\"fr-FR\",\"potentialAction\":[{\"@type\":\"ReadAction\",\"target\":[\"https:\/\/premiumline-cabling.com\/fr\/product\/chat-6a-90-blinde-kj\/\"]}]},{\"@type\":\"ImageObject\",\"inLanguage\":\"fr-FR\",\"@id\":\"https:\/\/premiumline-cabling.com\/fr\/product\/chat-6a-90-blinde-kj\/#primaryimage\",\"url\":\"https:\/\/premiumline-cabling.com\/wp-content\/uploads\/2019\/10\/KJ-6a_s_90.jpg\",\"contentUrl\":\"https:\/\/premiumline-cabling.com\/wp-content\/uploads\/2019\/10\/KJ-6a_s_90.jpg\",\"width\":857,\"height\":797},{\"@type\":\"BreadcrumbList\",\"@id\":\"https:\/\/premiumline-cabling.com\/fr\/product\/chat-6a-90-blinde-kj\/#breadcrumb\",\"itemListElement\":[{\"@type\":\"ListItem\",\"position\":1,\"name\":\"\u0413\u043b\u0430\u0432\u043d\u0430\u044f \u0441\u0442\u0440\u0430\u043d\u0438\u0446\u0430\",\"item\":\"https:\/\/premiumline-cabling.com\/fr\/\"},{\"@type\":\"ListItem\",\"position\":2,\"name\":\"Cat. 6A 90\u00b0 Blind\u00e9 KJ\"}]},{\"@type\":\"WebSite\",\"@id\":\"https:\/\/premiumline-cabling.com\/#website\",\"url\":\"https:\/\/premiumline-cabling.com\/\",\"name\":\"Premium-Line\",\"description\":\"Structured Cabling System\",\"publisher\":{\"@id\":\"https:\/\/premiumline-cabling.com\/#organization\"},\"potentialAction\":[{\"@type\":\"SearchAction\",\"target\":{\"@type\":\"EntryPoint\",\"urlTemplate\":\"https:\/\/premiumline-cabling.com\/?s={search_term_string}\"},\"query-input\":{\"@type\":\"PropertyValueSpecification\",\"valueRequired\":true,\"valueName\":\"search_term_string\"}}],\"inLanguage\":\"fr-FR\"},{\"@type\":\"Organization\",\"@id\":\"https:\/\/premiumline-cabling.com\/#organization\",\"name\":\"Premium-Line\",\"url\":\"https:\/\/premiumline-cabling.com\/\",\"logo\":{\"@type\":\"ImageObject\",\"inLanguage\":\"fr-FR\",\"@id\":\"https:\/\/premiumline-cabling.com\/#\/schema\/logo\/image\/\",\"url\":\"https:\/\/premiumline-cabling.com\/wp-content\/uploads\/2019\/04\/cropped-img_logo_site_Premium-Line.png\",\"contentUrl\":\"https:\/\/premiumline-cabling.com\/wp-content\/uploads\/2019\/04\/cropped-img_logo_site_Premium-Line.png\",\"width\":190,\"height\":62,\"caption\":\"Premium-Line\"},\"image\":{\"@id\":\"https:\/\/premiumline-cabling.com\/#\/schema\/logo\/image\/\"}}]}<\/script>\n<!-- \/ Yoast SEO plugin. -->","yoast_head_json":{"title":"Connecteur Blind\u00e9 90\u00b0 cat\u00e9gorie 6A de Premium-Line, Type Slim","description":"Connecteur blind\u00e9 90 \u00b0 Cat.6A de Premium-Line, type Slim Slim, conforme \u00e0 TIA\/EIA-568C.2, ISO\/IEC 11801, ISO\/IEC 60603-7-51. En savoir plus !","robots":{"index":"index","follow":"follow","max-snippet":"max-snippet:-1","max-image-preview":"max-image-preview:large","max-video-preview":"max-video-preview:-1"},"canonical":"https:\/\/premiumline-cabling.com\/fr\/product\/chat-6a-90-blinde-kj\/","og_locale":"fr_FR","og_type":"article","og_title":"Connecteur Blind\u00e9 90\u00b0 cat\u00e9gorie 6A de Premium-Line, Type Slim","og_description":"Connecteur blind\u00e9 90 \u00b0 Cat.6A de Premium-Line, type Slim Slim, conforme \u00e0 TIA\/EIA-568C.2, ISO\/IEC 11801, ISO\/IEC 60603-7-51. En savoir plus !","og_url":"https:\/\/premiumline-cabling.com\/fr\/product\/chat-6a-90-blinde-kj\/","og_site_name":"Premium-Line","article_modified_time":"2024-03-28T11:41:25+00:00","og_image":[{"width":857,"height":797,"url":"https:\/\/premiumline-cabling.com\/wp-content\/uploads\/2019\/10\/KJ-6a_s_90.jpg","type":"image\/jpeg"}],"twitter_card":"summary_large_image","twitter_misc":{"Dur\u00e9e de lecture estim\u00e9e":"2 minutes"},"schema":{"@context":"https:\/\/schema.org","@graph":[{"@type":"WebPage","@id":"https:\/\/premiumline-cabling.com\/fr\/product\/chat-6a-90-blinde-kj\/","url":"https:\/\/premiumline-cabling.com\/fr\/product\/chat-6a-90-blinde-kj\/","name":"Connecteur Blind\u00e9 90\u00b0 cat\u00e9gorie 6A de Premium-Line, Type Slim","isPartOf":{"@id":"https:\/\/premiumline-cabling.com\/#website"},"primaryImageOfPage":{"@id":"https:\/\/premiumline-cabling.com\/fr\/product\/chat-6a-90-blinde-kj\/#primaryimage"},"image":{"@id":"https:\/\/premiumline-cabling.com\/fr\/product\/chat-6a-90-blinde-kj\/#primaryimage"},"thumbnailUrl":"https:\/\/premiumline-cabling.com\/wp-content\/uploads\/2019\/10\/KJ-6a_s_90.jpg","datePublished":"2019-10-30T16:18:25+00:00","dateModified":"2024-03-28T11:41:25+00:00","description":"Connecteur blind\u00e9 90 \u00b0 Cat.6A de Premium-Line, type Slim Slim, conforme \u00e0 TIA\/EIA-568C.2, ISO\/IEC 11801, ISO\/IEC 60603-7-51. En savoir plus !","breadcrumb":{"@id":"https:\/\/premiumline-cabling.com\/fr\/product\/chat-6a-90-blinde-kj\/#breadcrumb"},"inLanguage":"fr-FR","potentialAction":[{"@type":"ReadAction","target":["https:\/\/premiumline-cabling.com\/fr\/product\/chat-6a-90-blinde-kj\/"]}]},{"@type":"ImageObject","inLanguage":"fr-FR","@id":"https:\/\/premiumline-cabling.com\/fr\/product\/chat-6a-90-blinde-kj\/#primaryimage","url":"https:\/\/premiumline-cabling.com\/wp-content\/uploads\/2019\/10\/KJ-6a_s_90.jpg","contentUrl":"https:\/\/premiumline-cabling.com\/wp-content\/uploads\/2019\/10\/KJ-6a_s_90.jpg","width":857,"height":797},{"@type":"BreadcrumbList","@id":"https:\/\/premiumline-cabling.com\/fr\/product\/chat-6a-90-blinde-kj\/#breadcrumb","itemListElement":[{"@type":"ListItem","position":1,"name":"\u0413\u043b\u0430\u0432\u043d\u0430\u044f \u0441\u0442\u0440\u0430\u043d\u0438\u0446\u0430","item":"https:\/\/premiumline-cabling.com\/fr\/"},{"@type":"ListItem","position":2,"name":"Cat. 6A 90\u00b0 Blind\u00e9 KJ"}]},{"@type":"WebSite","@id":"https:\/\/premiumline-cabling.com\/#website","url":"https:\/\/premiumline-cabling.com\/","name":"Premium-Line","description":"Structured Cabling System","publisher":{"@id":"https:\/\/premiumline-cabling.com\/#organization"},"potentialAction":[{"@type":"SearchAction","target":{"@type":"EntryPoint","urlTemplate":"https:\/\/premiumline-cabling.com\/?s={search_term_string}"},"query-input":{"@type":"PropertyValueSpecification","valueRequired":true,"valueName":"search_term_string"}}],"inLanguage":"fr-FR"},{"@type":"Organization","@id":"https:\/\/premiumline-cabling.com\/#organization","name":"Premium-Line","url":"https:\/\/premiumline-cabling.com\/","logo":{"@type":"ImageObject","inLanguage":"fr-FR","@id":"https:\/\/premiumline-cabling.com\/#\/schema\/logo\/image\/","url":"https:\/\/premiumline-cabling.com\/wp-content\/uploads\/2019\/04\/cropped-img_logo_site_Premium-Line.png","contentUrl":"https:\/\/premiumline-cabling.com\/wp-content\/uploads\/2019\/04\/cropped-img_logo_site_Premium-Line.png","width":190,"height":62,"caption":"Premium-Line"},"image":{"@id":"https:\/\/premiumline-cabling.com\/#\/schema\/logo\/image\/"}}]}},"_links":{"self":[{"href":"https:\/\/premiumline-cabling.com\/fr\/wp-json\/wp\/v2\/product\/19724","targetHints":{"allow":["GET"]}}],"collection":[{"href":"https:\/\/premiumline-cabling.com\/fr\/wp-json\/wp\/v2\/product"}],"about":[{"href":"https:\/\/premiumline-cabling.com\/fr\/wp-json\/wp\/v2\/types\/product"}],"wp:featuredmedia":[{"embeddable":true,"href":"https:\/\/premiumline-cabling.com\/fr\/wp-json\/wp\/v2\/media\/19731"}],"wp:attachment":[{"href":"https:\/\/premiumline-cabling.com\/fr\/wp-json\/wp\/v2\/media?parent=19724"}],"wp:term":[{"taxonomy":"product_category","embeddable":true,"href":"https:\/\/premiumline-cabling.com\/fr\/wp-json\/wp\/v2\/product_category?post=19724"}],"curies":[{"name":"wp","href":"https:\/\/api.w.org\/{rel}","templated":true}]}}