{"id":19717,"date":"2019-02-10T19:34:35","date_gmt":"2019-02-10T18:34:35","guid":{"rendered":"https:\/\/premiumline-cabling.com\/product\/panneau-blinde-1u-48-ports\/"},"modified":"2025-03-11T09:44:16","modified_gmt":"2025-03-11T08:44:16","slug":"panneau-blinde-1u-48-ports","status":"publish","type":"product","link":"https:\/\/premiumline-cabling.com\/fr\/product\/panneau-blinde-1u-48-ports\/","title":{"rendered":"Panneau blind\u00e9 1U 48 ports"},"content":{"rendered":"<p>Le panneau de brassage Premium-Line 19&#8243; haute densit\u00e9 , non \u00e9quip\u00e9, avec 48 ports dans une taille de 1U, pourrait consid\u00e9rablement \u00e9tendre votre capacit\u00e9 en \u00e9conomisant de l&#8217;espace dans le rack ! Le panneau de brassage modulaire, haute densit\u00e9 de Premium-Line est con\u00e7u sp\u00e9cialement pour adopter le connecteur Premium-Line blind\u00e9 \u00e0 180\u00b0 moul\u00e9 sous pression, afin de r\u00e9pondre aux diff\u00e9rentes intentions d&#8217;utilisation. Chaque port a une num\u00e9rotation s\u00e9quentielle, et au-dessus de la position de marquage, est juste pour l&#8217;identification future du port ou la remanipulation.<\/p>\n<h4>CARACT\u00c9RISTIQUES :<\/h4>\n<h4><noscript><img decoding=\"async\" class=\"wp-image-23220 size-medium alignright\" src=\"https:\/\/premiumline-cabling.com\/wp-content\/uploads\/2019\/02\/PP_unl_48P_1U-300x107.jpg\" alt width=\"300\" height=\"107\" srcset=\"https:\/\/premiumline-cabling.com\/wp-content\/uploads\/2019\/02\/PP_unl_48P_1U-300x107.jpg 300w, https:\/\/premiumline-cabling.com\/wp-content\/uploads\/2019\/02\/PP_unl_48P_1U-1024x366.jpg 1024w, https:\/\/premiumline-cabling.com\/wp-content\/uploads\/2019\/02\/PP_unl_48P_1U-768x275.jpg 768w, https:\/\/premiumline-cabling.com\/wp-content\/uploads\/2019\/02\/PP_unl_48P_1U.jpg 1292w\" sizes=\"(max-width: 300px) 100vw, 300px\"><\/noscript><img decoding=\"async\" class=\"wp-image-23220 size-medium alignright lazyload\" src=\"data:image\/svg+xml,%3Csvg%20xmlns%3D%22http%3A%2F%2Fwww.w3.org%2F2000%2Fsvg%22%20viewBox%3D%220%200%20300%20107%22%3E%3C%2Fsvg%3E\" alt width=\"300\" height=\"107\" srcset=\"data:image\/svg+xml,%3Csvg%20xmlns%3D%22http%3A%2F%2Fwww.w3.org%2F2000%2Fsvg%22%20viewBox%3D%220%200%20300%20107%22%3E%3C%2Fsvg%3E 300w\" sizes=\"(max-width: 300px) 100vw, 300px\" data-srcset=\"https:\/\/premiumline-cabling.com\/wp-content\/uploads\/2019\/02\/PP_unl_48P_1U-300x107.jpg 300w, https:\/\/premiumline-cabling.com\/wp-content\/uploads\/2019\/02\/PP_unl_48P_1U-1024x366.jpg 1024w, https:\/\/premiumline-cabling.com\/wp-content\/uploads\/2019\/02\/PP_unl_48P_1U-768x275.jpg 768w, https:\/\/premiumline-cabling.com\/wp-content\/uploads\/2019\/02\/PP_unl_48P_1U.jpg 1292w\" data-src=\"https:\/\/premiumline-cabling.com\/wp-content\/uploads\/2019\/02\/PP_unl_48P_1U-300x107.jpg\"><\/h4>\n<ul>\n<li>Con\u00e7u pour les prises trap\u00e9zo\u00efdales moul\u00e9es sous pression Premium Line (P\/N108524014,109824010,109924010)<\/li>\n<li>Comprend un passe-c\u00e2bles amovible<\/li>\n<li>Convient \u00e0 toutes les baies EIA de 19 pouces<\/li>\n<li>La structure principale et la gestion des c\u00e2bles sont nickel\u00e9es avec une coque en plastique gris (RAL 7035) ou un vernis de cuisson avec une coque en plastique noir<\/li>\n<li>48 ports dans une hauteur de 1U, id\u00e9al pour les lieux de distribution \u00e0 haute densit\u00e9<\/li>\n<li>Conforme \u00e0 la directive RoHS<\/li>\n<\/ul>\n<p>Le panneau et le passe-c\u00e2bles \u00e0 l&#8217;arri\u00e8re sont fabriqu\u00e9s \u00e0 partir d&#8217;une seule plaque d&#8217;acier compl\u00e8te, convenant \u00e0 toutes les installations de racks 19&#8243; standard.<\/p>\n<h3>LES INFORMATIONS RELATIVES \u00c0 LA COMMANDE :<\/h3>\n<table width=\"672\">\n<tbody>\n<tr>\n<td width=\"124\">N\u00b0 de<\/td>\n<p> pi\u00e8ce<\/p>\n<td width=\"548\">17024480x<\/td>\n<\/tr>\n<tr>\n<td width=\"124\">Description<\/td>\n<td width=\"548\">Panneau de brassage d\u00e9charg\u00e9 haute densit\u00e9 1U 48 ports, avec gestion des c\u00e2bles<\/td>\n<\/tr>\n<tr>\n<td width=\"124\">x : couleur<\/td>\n<td width=\"548\">2 : Noir 9 : nickel\u00e9 + coque en plastique gris (RAL 7035)<\/td>\n<\/tr>\n<tr>\n<td width=\"124\">Emballage<\/td>\n<td width=\"548\">1pc \/ bo\u00eete, 10pcs \/ carton\n<p>dimension du carton 51 X 24 x 35 cm&nbsp;; poids G.W. 7,3 kg, N.W. 5,0 kgs<\/p><\/td>\n<\/tr>\n<\/tbody>\n<\/table>\n<h4><strong>Panneau de brassage Modulaire 1U 48 Ports Haute densit\u00e9.<\/strong><\/h4>\n<table width=\"100%\">\n<thead>\n<tr>\n<td style=\"width: 10.303%;\"><strong>N\u00b0<\/strong><\/td>\n<p> DE PI\u00c8CE<\/p>\n<td style=\"width: 59.3939%;\"><strong>DESCRIPTION<\/strong><\/td>\n<td style=\"width: 29.0909%;\"><strong>TAILLE<\/strong><\/td>\n<\/tr>\n<\/thead>\n<tbody>\n<tr>\n<td style=\"width: 10.303%;\">\n 170244802<\/td>\n<td style=\"width: 59.3939%; text-align: left;\">Panneau de brassage blind\u00e9 haute densit\u00e9 \u00e0 48 ports non charg\u00e9 de qualit\u00e9 sup\u00e9rieure pour prise trap\u00e9zo\u00efdale moul\u00e9e sous pression blind\u00e9e \u00e0 180\u00b0 (P\/N 108524014,109824010,109924010) 1U, noir, avec gestion des<\/td>\n<p> c\u00e2bles<\/p>\n<td style=\"width: 29.0909%;\">51 X 24 x 35 cm<\/td>\n<\/tr>\n<\/tbody>\n<tbody>\n<tr>\n<td style=\"width: 10.303%;\">\n 170244809<\/td>\n<td style=\"width: 59.3939%; text-align: left;\">Panneau de brassage blind\u00e9 haute densit\u00e9 \u00e0 48 ports de qualit\u00e9 sup\u00e9rieure pour prise trap\u00e9zo\u00efdale moul\u00e9e sous pression blind\u00e9e \u00e0 180\u00b0 (P\/N 108524014,109824010,109924010) 1U, gris, avec gestion des<\/td>\n<p> c\u00e2bles<\/p>\n<td style=\"width: 29.0909%;\">51 X 24 x 35 cm<\/td>\n<\/tr>\n<\/tbody>\n<\/table>\n<p>&nbsp;<\/p>\n","protected":false},"featured_media":23215,"template":"","product_category":[398],"class_list":["post-19717","product","type-product","status-publish","has-post-thumbnail","hentry","product_category-panneau-de-raccordement-modulaire"],"yoast_head":"<!-- This site is optimized with the Yoast SEO plugin v27.4 - https:\/\/yoast.com\/product\/yoast-seo-wordpress\/ -->\n<title>Panneau de brassage modulaire blind\u00e9 1U 48 Ports de Premium-Line<\/title>\n<meta name=\"description\" content=\"Le panneau de brassage Premium-Line 19&quot; haute densit\u00e9 , non \u00e9quip\u00e9, avec 48 ports dans une taille de 1U, pourrait consid\u00e9rablement \u00e9tendre votre capacit\u00e9 en \u00e9conomisant de l&#039;espace dans le rack !\" \/>\n<meta name=\"robots\" content=\"index, follow, max-snippet:-1, max-image-preview:large, max-video-preview:-1\" \/>\n<link rel=\"canonical\" href=\"https:\/\/premiumline-cabling.com\/fr\/product\/panneau-blinde-1u-48-ports\/\" \/>\n<meta property=\"og:locale\" content=\"fr_FR\" \/>\n<meta property=\"og:type\" content=\"article\" \/>\n<meta property=\"og:title\" content=\"Panneau de brassage modulaire blind\u00e9 1U 48 Ports de Premium-Line\" \/>\n<meta property=\"og:description\" content=\"Le panneau de brassage Premium-Line 19&quot; haute densit\u00e9 , non \u00e9quip\u00e9, avec 48 ports dans une taille de 1U, pourrait consid\u00e9rablement \u00e9tendre votre capacit\u00e9 en \u00e9conomisant de l&#039;espace dans le rack !\" \/>\n<meta property=\"og:url\" content=\"https:\/\/premiumline-cabling.com\/fr\/product\/panneau-blinde-1u-48-ports\/\" \/>\n<meta property=\"og:site_name\" content=\"Premium-Line\" \/>\n<meta property=\"article:modified_time\" content=\"2025-03-11T08:44:16+00:00\" \/>\n<meta property=\"og:image\" content=\"https:\/\/premiumline-cabling.com\/wp-content\/uploads\/2019\/02\/PP_unl_48P_1U_s.jpg\" \/>\n\t<meta property=\"og:image:width\" content=\"1292\" \/>\n\t<meta property=\"og:image:height\" content=\"1292\" \/>\n\t<meta property=\"og:image:type\" content=\"image\/jpeg\" \/>\n<meta name=\"twitter:card\" content=\"summary_large_image\" \/>\n<meta name=\"twitter:label1\" content=\"Dur\u00e9e de lecture estim\u00e9e\" \/>\n\t<meta name=\"twitter:data1\" content=\"2 minutes\" \/>\n<script type=\"application\/ld+json\" class=\"yoast-schema-graph\">{\"@context\":\"https:\\\/\\\/schema.org\",\"@graph\":[{\"@type\":\"WebPage\",\"@id\":\"https:\\\/\\\/premiumline-cabling.com\\\/fr\\\/product\\\/panneau-blinde-1u-48-ports\\\/\",\"url\":\"https:\\\/\\\/premiumline-cabling.com\\\/fr\\\/product\\\/panneau-blinde-1u-48-ports\\\/\",\"name\":\"Panneau de brassage modulaire blind\u00e9 1U 48 Ports de Premium-Line\",\"isPartOf\":{\"@id\":\"https:\\\/\\\/premiumline-cabling.com\\\/#website\"},\"primaryImageOfPage\":{\"@id\":\"https:\\\/\\\/premiumline-cabling.com\\\/fr\\\/product\\\/panneau-blinde-1u-48-ports\\\/#primaryimage\"},\"image\":{\"@id\":\"https:\\\/\\\/premiumline-cabling.com\\\/fr\\\/product\\\/panneau-blinde-1u-48-ports\\\/#primaryimage\"},\"thumbnailUrl\":\"https:\\\/\\\/premiumline-cabling.com\\\/wp-content\\\/uploads\\\/2019\\\/02\\\/PP_unl_48P_1U_s.jpg\",\"datePublished\":\"2019-02-10T18:34:35+00:00\",\"dateModified\":\"2025-03-11T08:44:16+00:00\",\"description\":\"Le panneau de brassage Premium-Line 19\\\" haute densit\u00e9 , non \u00e9quip\u00e9, avec 48 ports dans une taille de 1U, pourrait consid\u00e9rablement \u00e9tendre votre capacit\u00e9 en \u00e9conomisant de l'espace dans le rack !\",\"breadcrumb\":{\"@id\":\"https:\\\/\\\/premiumline-cabling.com\\\/fr\\\/product\\\/panneau-blinde-1u-48-ports\\\/#breadcrumb\"},\"inLanguage\":\"fr-FR\",\"potentialAction\":[{\"@type\":\"ReadAction\",\"target\":[\"https:\\\/\\\/premiumline-cabling.com\\\/fr\\\/product\\\/panneau-blinde-1u-48-ports\\\/\"]}]},{\"@type\":\"ImageObject\",\"inLanguage\":\"fr-FR\",\"@id\":\"https:\\\/\\\/premiumline-cabling.com\\\/fr\\\/product\\\/panneau-blinde-1u-48-ports\\\/#primaryimage\",\"url\":\"https:\\\/\\\/premiumline-cabling.com\\\/wp-content\\\/uploads\\\/2019\\\/02\\\/PP_unl_48P_1U_s.jpg\",\"contentUrl\":\"https:\\\/\\\/premiumline-cabling.com\\\/wp-content\\\/uploads\\\/2019\\\/02\\\/PP_unl_48P_1U_s.jpg\",\"width\":1292,\"height\":1292},{\"@type\":\"BreadcrumbList\",\"@id\":\"https:\\\/\\\/premiumline-cabling.com\\\/fr\\\/product\\\/panneau-blinde-1u-48-ports\\\/#breadcrumb\",\"itemListElement\":[{\"@type\":\"ListItem\",\"position\":1,\"name\":\"\u0413\u043b\u0430\u0432\u043d\u0430\u044f \u0441\u0442\u0440\u0430\u043d\u0438\u0446\u0430\",\"item\":\"https:\\\/\\\/premiumline-cabling.com\\\/fr\\\/\"},{\"@type\":\"ListItem\",\"position\":2,\"name\":\"Panneau blind\u00e9 1U 48 ports\"}]},{\"@type\":\"WebSite\",\"@id\":\"https:\\\/\\\/premiumline-cabling.com\\\/#website\",\"url\":\"https:\\\/\\\/premiumline-cabling.com\\\/\",\"name\":\"Premium-Line\",\"description\":\"Structured Cabling System\",\"publisher\":{\"@id\":\"https:\\\/\\\/premiumline-cabling.com\\\/#organization\"},\"potentialAction\":[{\"@type\":\"SearchAction\",\"target\":{\"@type\":\"EntryPoint\",\"urlTemplate\":\"https:\\\/\\\/premiumline-cabling.com\\\/?s={search_term_string}\"},\"query-input\":{\"@type\":\"PropertyValueSpecification\",\"valueRequired\":true,\"valueName\":\"search_term_string\"}}],\"inLanguage\":\"fr-FR\"},{\"@type\":\"Organization\",\"@id\":\"https:\\\/\\\/premiumline-cabling.com\\\/#organization\",\"name\":\"Premium-Line\",\"url\":\"https:\\\/\\\/premiumline-cabling.com\\\/\",\"logo\":{\"@type\":\"ImageObject\",\"inLanguage\":\"fr-FR\",\"@id\":\"https:\\\/\\\/premiumline-cabling.com\\\/#\\\/schema\\\/logo\\\/image\\\/\",\"url\":\"https:\\\/\\\/premiumline-cabling.com\\\/wp-content\\\/uploads\\\/2019\\\/04\\\/cropped-img_logo_site_Premium-Line.png\",\"contentUrl\":\"https:\\\/\\\/premiumline-cabling.com\\\/wp-content\\\/uploads\\\/2019\\\/04\\\/cropped-img_logo_site_Premium-Line.png\",\"width\":190,\"height\":62,\"caption\":\"Premium-Line\"},\"image\":{\"@id\":\"https:\\\/\\\/premiumline-cabling.com\\\/#\\\/schema\\\/logo\\\/image\\\/\"}}]}<\/script>\n<!-- \/ Yoast SEO plugin. -->","yoast_head_json":{"title":"Panneau de brassage modulaire blind\u00e9 1U 48 Ports de Premium-Line","description":"Le panneau de brassage Premium-Line 19\" haute densit\u00e9 , non \u00e9quip\u00e9, avec 48 ports dans une taille de 1U, pourrait consid\u00e9rablement \u00e9tendre votre capacit\u00e9 en \u00e9conomisant de l'espace dans le rack !","robots":{"index":"index","follow":"follow","max-snippet":"max-snippet:-1","max-image-preview":"max-image-preview:large","max-video-preview":"max-video-preview:-1"},"canonical":"https:\/\/premiumline-cabling.com\/fr\/product\/panneau-blinde-1u-48-ports\/","og_locale":"fr_FR","og_type":"article","og_title":"Panneau de brassage modulaire blind\u00e9 1U 48 Ports de Premium-Line","og_description":"Le panneau de brassage Premium-Line 19\" haute densit\u00e9 , non \u00e9quip\u00e9, avec 48 ports dans une taille de 1U, pourrait consid\u00e9rablement \u00e9tendre votre capacit\u00e9 en \u00e9conomisant de l'espace dans le rack !","og_url":"https:\/\/premiumline-cabling.com\/fr\/product\/panneau-blinde-1u-48-ports\/","og_site_name":"Premium-Line","article_modified_time":"2025-03-11T08:44:16+00:00","og_image":[{"width":1292,"height":1292,"url":"https:\/\/premiumline-cabling.com\/wp-content\/uploads\/2019\/02\/PP_unl_48P_1U_s.jpg","type":"image\/jpeg"}],"twitter_card":"summary_large_image","twitter_misc":{"Dur\u00e9e de lecture estim\u00e9e":"2 minutes"},"schema":{"@context":"https:\/\/schema.org","@graph":[{"@type":"WebPage","@id":"https:\/\/premiumline-cabling.com\/fr\/product\/panneau-blinde-1u-48-ports\/","url":"https:\/\/premiumline-cabling.com\/fr\/product\/panneau-blinde-1u-48-ports\/","name":"Panneau de brassage modulaire blind\u00e9 1U 48 Ports de Premium-Line","isPartOf":{"@id":"https:\/\/premiumline-cabling.com\/#website"},"primaryImageOfPage":{"@id":"https:\/\/premiumline-cabling.com\/fr\/product\/panneau-blinde-1u-48-ports\/#primaryimage"},"image":{"@id":"https:\/\/premiumline-cabling.com\/fr\/product\/panneau-blinde-1u-48-ports\/#primaryimage"},"thumbnailUrl":"https:\/\/premiumline-cabling.com\/wp-content\/uploads\/2019\/02\/PP_unl_48P_1U_s.jpg","datePublished":"2019-02-10T18:34:35+00:00","dateModified":"2025-03-11T08:44:16+00:00","description":"Le panneau de brassage Premium-Line 19\" haute densit\u00e9 , non \u00e9quip\u00e9, avec 48 ports dans une taille de 1U, pourrait consid\u00e9rablement \u00e9tendre votre capacit\u00e9 en \u00e9conomisant de l'espace dans le rack !","breadcrumb":{"@id":"https:\/\/premiumline-cabling.com\/fr\/product\/panneau-blinde-1u-48-ports\/#breadcrumb"},"inLanguage":"fr-FR","potentialAction":[{"@type":"ReadAction","target":["https:\/\/premiumline-cabling.com\/fr\/product\/panneau-blinde-1u-48-ports\/"]}]},{"@type":"ImageObject","inLanguage":"fr-FR","@id":"https:\/\/premiumline-cabling.com\/fr\/product\/panneau-blinde-1u-48-ports\/#primaryimage","url":"https:\/\/premiumline-cabling.com\/wp-content\/uploads\/2019\/02\/PP_unl_48P_1U_s.jpg","contentUrl":"https:\/\/premiumline-cabling.com\/wp-content\/uploads\/2019\/02\/PP_unl_48P_1U_s.jpg","width":1292,"height":1292},{"@type":"BreadcrumbList","@id":"https:\/\/premiumline-cabling.com\/fr\/product\/panneau-blinde-1u-48-ports\/#breadcrumb","itemListElement":[{"@type":"ListItem","position":1,"name":"\u0413\u043b\u0430\u0432\u043d\u0430\u044f \u0441\u0442\u0440\u0430\u043d\u0438\u0446\u0430","item":"https:\/\/premiumline-cabling.com\/fr\/"},{"@type":"ListItem","position":2,"name":"Panneau blind\u00e9 1U 48 ports"}]},{"@type":"WebSite","@id":"https:\/\/premiumline-cabling.com\/#website","url":"https:\/\/premiumline-cabling.com\/","name":"Premium-Line","description":"Structured Cabling System","publisher":{"@id":"https:\/\/premiumline-cabling.com\/#organization"},"potentialAction":[{"@type":"SearchAction","target":{"@type":"EntryPoint","urlTemplate":"https:\/\/premiumline-cabling.com\/?s={search_term_string}"},"query-input":{"@type":"PropertyValueSpecification","valueRequired":true,"valueName":"search_term_string"}}],"inLanguage":"fr-FR"},{"@type":"Organization","@id":"https:\/\/premiumline-cabling.com\/#organization","name":"Premium-Line","url":"https:\/\/premiumline-cabling.com\/","logo":{"@type":"ImageObject","inLanguage":"fr-FR","@id":"https:\/\/premiumline-cabling.com\/#\/schema\/logo\/image\/","url":"https:\/\/premiumline-cabling.com\/wp-content\/uploads\/2019\/04\/cropped-img_logo_site_Premium-Line.png","contentUrl":"https:\/\/premiumline-cabling.com\/wp-content\/uploads\/2019\/04\/cropped-img_logo_site_Premium-Line.png","width":190,"height":62,"caption":"Premium-Line"},"image":{"@id":"https:\/\/premiumline-cabling.com\/#\/schema\/logo\/image\/"}}]}},"_links":{"self":[{"href":"https:\/\/premiumline-cabling.com\/fr\/wp-json\/wp\/v2\/product\/19717","targetHints":{"allow":["GET"]}}],"collection":[{"href":"https:\/\/premiumline-cabling.com\/fr\/wp-json\/wp\/v2\/product"}],"about":[{"href":"https:\/\/premiumline-cabling.com\/fr\/wp-json\/wp\/v2\/types\/product"}],"wp:featuredmedia":[{"embeddable":true,"href":"https:\/\/premiumline-cabling.com\/fr\/wp-json\/wp\/v2\/media\/23215"}],"wp:attachment":[{"href":"https:\/\/premiumline-cabling.com\/fr\/wp-json\/wp\/v2\/media?parent=19717"}],"wp:term":[{"taxonomy":"product_category","embeddable":true,"href":"https:\/\/premiumline-cabling.com\/fr\/wp-json\/wp\/v2\/product_category?post=19717"}],"curies":[{"name":"wp","href":"https:\/\/api.w.org\/{rel}","templated":true}]}}