{"id":19707,"date":"2019-09-25T15:05:10","date_gmt":"2019-09-25T14:05:10","guid":{"rendered":"https:\/\/premiumline-cabling.com\/product\/1u-24-port-angled-shielded-patch-panel\/"},"modified":"2024-05-07T10:27:44","modified_gmt":"2024-05-07T09:27:44","slug":"1u-24-port-angled-shielded-patch-panel","status":"publish","type":"product","link":"https:\/\/premiumline-cabling.com\/fr\/product\/1u-24-port-angled-shielded-patch-panel\/","title":{"rendered":"Panneau de brassage angulaire blind\u00e9 1U 24 Ports"},"content":{"rendered":"<p><strong><a href=\"https:\/\/premiumline-cabling.com\/wp-content\/uploads\/2019\/02\/1U-angled-panel.jpg\"><noscript><img decoding=\"async\" class=\"wp-image-1019 size-medium alignright\" src=\"https:\/\/premiumline-cabling.com\/wp-content\/uploads\/2019\/02\/1U-angled-panel-300x103.jpg\" alt width=\"300\" height=\"103\" srcset=\"https:\/\/premiumline-cabling.com\/wp-content\/uploads\/2019\/02\/1U-angled-panel-300x103.jpg 300w, https:\/\/premiumline-cabling.com\/wp-content\/uploads\/2019\/02\/1U-angled-panel.jpg 661w\" sizes=\"(max-width: 300px) 100vw, 300px\"><\/noscript><img decoding=\"async\" class=\"wp-image-1019 size-medium alignright lazyload\" src=\"data:image\/svg+xml,%3Csvg%20xmlns%3D%22http%3A%2F%2Fwww.w3.org%2F2000%2Fsvg%22%20viewBox%3D%220%200%20300%20103%22%3E%3C%2Fsvg%3E\" alt width=\"300\" height=\"103\" srcset=\"data:image\/svg+xml,%3Csvg%20xmlns%3D%22http%3A%2F%2Fwww.w3.org%2F2000%2Fsvg%22%20viewBox%3D%220%200%20300%20103%22%3E%3C%2Fsvg%3E 300w\" sizes=\"(max-width: 300px) 100vw, 300px\" data-srcset=\"https:\/\/premiumline-cabling.com\/wp-content\/uploads\/2019\/02\/1U-angled-panel-300x103.jpg 300w, https:\/\/premiumline-cabling.com\/wp-content\/uploads\/2019\/02\/1U-angled-panel.jpg 661w\" data-src=\"https:\/\/premiumline-cabling.com\/wp-content\/uploads\/2019\/02\/1U-angled-panel-300x103.jpg\"><\/a>Caract\u00e9ristiques :<\/strong><\/p>\n<ul>\n<li>Conception angulaire permettant d&#8217;\u00e9conomiser l&#8217;espace de la barre frontale du passe-c\u00e2bles<\/li>\n<li>Pour les baies passives, identification facile \u00e0 partir de la conception standard, avantages pour le c\u00e2blage des liaisons importantes.<\/li>\n<li>Manipulation ais\u00e9e gr\u00e2ce \u00e0 la barre de gestion, haute r\u00e9sistance \u00e0 un prix abordable.<\/li>\n<li>Support d&#8217;\u00e9tiquetage remarquable<\/li>\n<li>Compatible avec les connecteurs FTP\/UTP \u00e0 180 degr\u00e9s.<\/li>\n<li>Y compris le fil de terre<\/li>\n<li>Conforme \u00e0 la directive RoHS<\/li>\n<\/ul>\n<h3>Panneau de brassage modulaire angulaire 24 ports avec passe-c\u00e2bles<\/h3>\n<table width=\"100%\">\n<thead>\n<tr>\n<td style=\"width: 79px;\"><strong>PART NO.<\/strong><\/td>\n<td style=\"width: 380px; text-align: left;\"><strong>DESCRIPTION<\/strong><\/td>\n<td style=\"width: 209px;\"><strong>TAILLE DE L&#8217;EMBALLAGE<\/strong><\/td>\n<\/tr>\n<\/thead>\n<tbody>\n<tr>\n<td style=\"width: 79px;\">170262402<\/td>\n<td style=\"width: 380px; text-align: left;\">Panneau de brassage Premium-Line modulaire angulaire 1U 24 ports avec passe-c\u00e2bles, noir<\/td>\n<td style=\"width: 209px;\">50,5\u00d729\u00d730 cm<\/td>\n<\/tr>\n<\/tbody>\n<\/table>\n<p>&nbsp;<\/p>\n","protected":false},"featured_media":19715,"template":"","product_category":[398],"class_list":["post-19707","product","type-product","status-publish","has-post-thumbnail","hentry","product_category-panneau-de-raccordement-modulaire"],"yoast_head":"<!-- This site is optimized with the Yoast SEO plugin v27.4 - https:\/\/yoast.com\/product\/yoast-seo-wordpress\/ -->\n<title>Panneau de brassage angulaire modulaire 1U 24 Ports de Premium-Line<\/title>\n<meta name=\"description\" content=\"Conception angulaire permettant d&#039;\u00e9conomiser l&#039;espace de la barre frontale de gestion des c\u00e2bles. Manipulation ais\u00e9e gr\u00e2ce \u00e0 la barre de gestion, haute r\u00e9sistance \u00e0 un prix abordable. Support d&#039;\u00e9tiquetage remarquable\" \/>\n<meta name=\"robots\" content=\"index, follow, max-snippet:-1, max-image-preview:large, max-video-preview:-1\" \/>\n<link rel=\"canonical\" href=\"https:\/\/premiumline-cabling.com\/fr\/product\/1u-24-port-angled-shielded-patch-panel\/\" \/>\n<meta property=\"og:locale\" content=\"fr_FR\" \/>\n<meta property=\"og:type\" content=\"article\" \/>\n<meta property=\"og:title\" content=\"Panneau de brassage angulaire modulaire 1U 24 Ports de Premium-Line\" \/>\n<meta property=\"og:description\" content=\"Conception angulaire permettant d&#039;\u00e9conomiser l&#039;espace de la barre frontale de gestion des c\u00e2bles. Manipulation ais\u00e9e gr\u00e2ce \u00e0 la barre de gestion, haute r\u00e9sistance \u00e0 un prix abordable. Support d&#039;\u00e9tiquetage remarquable\" \/>\n<meta property=\"og:url\" content=\"https:\/\/premiumline-cabling.com\/fr\/product\/1u-24-port-angled-shielded-patch-panel\/\" \/>\n<meta property=\"og:site_name\" content=\"Premium-Line\" \/>\n<meta property=\"article:modified_time\" content=\"2024-05-07T09:27:44+00:00\" \/>\n<meta property=\"og:image\" content=\"https:\/\/premiumline-cabling.com\/wp-content\/uploads\/2019\/02\/1U-angled-panel.jpg\" \/>\n\t<meta property=\"og:image:width\" content=\"661\" \/>\n\t<meta property=\"og:image:height\" content=\"228\" \/>\n\t<meta property=\"og:image:type\" content=\"image\/jpeg\" \/>\n<meta name=\"twitter:card\" content=\"summary_large_image\" \/>\n<meta name=\"twitter:label1\" content=\"Dur\u00e9e de lecture estim\u00e9e\" \/>\n\t<meta name=\"twitter:data1\" content=\"1 minute\" \/>\n<script type=\"application\/ld+json\" class=\"yoast-schema-graph\">{\"@context\":\"https:\\\/\\\/schema.org\",\"@graph\":[{\"@type\":\"WebPage\",\"@id\":\"https:\\\/\\\/premiumline-cabling.com\\\/fr\\\/product\\\/1u-24-port-angled-shielded-patch-panel\\\/\",\"url\":\"https:\\\/\\\/premiumline-cabling.com\\\/fr\\\/product\\\/1u-24-port-angled-shielded-patch-panel\\\/\",\"name\":\"Panneau de brassage angulaire modulaire 1U 24 Ports de Premium-Line\",\"isPartOf\":{\"@id\":\"https:\\\/\\\/premiumline-cabling.com\\\/#website\"},\"primaryImageOfPage\":{\"@id\":\"https:\\\/\\\/premiumline-cabling.com\\\/fr\\\/product\\\/1u-24-port-angled-shielded-patch-panel\\\/#primaryimage\"},\"image\":{\"@id\":\"https:\\\/\\\/premiumline-cabling.com\\\/fr\\\/product\\\/1u-24-port-angled-shielded-patch-panel\\\/#primaryimage\"},\"thumbnailUrl\":\"https:\\\/\\\/premiumline-cabling.com\\\/wp-content\\\/uploads\\\/2019\\\/02\\\/1U-angled-panel.jpg\",\"datePublished\":\"2019-09-25T14:05:10+00:00\",\"dateModified\":\"2024-05-07T09:27:44+00:00\",\"description\":\"Conception angulaire permettant d'\u00e9conomiser l'espace de la barre frontale de gestion des c\u00e2bles. Manipulation ais\u00e9e gr\u00e2ce \u00e0 la barre de gestion, haute r\u00e9sistance \u00e0 un prix abordable. Support d'\u00e9tiquetage remarquable\",\"breadcrumb\":{\"@id\":\"https:\\\/\\\/premiumline-cabling.com\\\/fr\\\/product\\\/1u-24-port-angled-shielded-patch-panel\\\/#breadcrumb\"},\"inLanguage\":\"fr-FR\",\"potentialAction\":[{\"@type\":\"ReadAction\",\"target\":[\"https:\\\/\\\/premiumline-cabling.com\\\/fr\\\/product\\\/1u-24-port-angled-shielded-patch-panel\\\/\"]}]},{\"@type\":\"ImageObject\",\"inLanguage\":\"fr-FR\",\"@id\":\"https:\\\/\\\/premiumline-cabling.com\\\/fr\\\/product\\\/1u-24-port-angled-shielded-patch-panel\\\/#primaryimage\",\"url\":\"https:\\\/\\\/premiumline-cabling.com\\\/wp-content\\\/uploads\\\/2019\\\/02\\\/1U-angled-panel.jpg\",\"contentUrl\":\"https:\\\/\\\/premiumline-cabling.com\\\/wp-content\\\/uploads\\\/2019\\\/02\\\/1U-angled-panel.jpg\",\"width\":661,\"height\":228},{\"@type\":\"BreadcrumbList\",\"@id\":\"https:\\\/\\\/premiumline-cabling.com\\\/fr\\\/product\\\/1u-24-port-angled-shielded-patch-panel\\\/#breadcrumb\",\"itemListElement\":[{\"@type\":\"ListItem\",\"position\":1,\"name\":\"\u0413\u043b\u0430\u0432\u043d\u0430\u044f \u0441\u0442\u0440\u0430\u043d\u0438\u0446\u0430\",\"item\":\"https:\\\/\\\/premiumline-cabling.com\\\/fr\\\/\"},{\"@type\":\"ListItem\",\"position\":2,\"name\":\"Panneau de brassage angulaire blind\u00e9 1U 24 Ports\"}]},{\"@type\":\"WebSite\",\"@id\":\"https:\\\/\\\/premiumline-cabling.com\\\/#website\",\"url\":\"https:\\\/\\\/premiumline-cabling.com\\\/\",\"name\":\"Premium-Line\",\"description\":\"Structured Cabling System\",\"publisher\":{\"@id\":\"https:\\\/\\\/premiumline-cabling.com\\\/#organization\"},\"potentialAction\":[{\"@type\":\"SearchAction\",\"target\":{\"@type\":\"EntryPoint\",\"urlTemplate\":\"https:\\\/\\\/premiumline-cabling.com\\\/?s={search_term_string}\"},\"query-input\":{\"@type\":\"PropertyValueSpecification\",\"valueRequired\":true,\"valueName\":\"search_term_string\"}}],\"inLanguage\":\"fr-FR\"},{\"@type\":\"Organization\",\"@id\":\"https:\\\/\\\/premiumline-cabling.com\\\/#organization\",\"name\":\"Premium-Line\",\"url\":\"https:\\\/\\\/premiumline-cabling.com\\\/\",\"logo\":{\"@type\":\"ImageObject\",\"inLanguage\":\"fr-FR\",\"@id\":\"https:\\\/\\\/premiumline-cabling.com\\\/#\\\/schema\\\/logo\\\/image\\\/\",\"url\":\"https:\\\/\\\/premiumline-cabling.com\\\/wp-content\\\/uploads\\\/2019\\\/04\\\/cropped-img_logo_site_Premium-Line.png\",\"contentUrl\":\"https:\\\/\\\/premiumline-cabling.com\\\/wp-content\\\/uploads\\\/2019\\\/04\\\/cropped-img_logo_site_Premium-Line.png\",\"width\":190,\"height\":62,\"caption\":\"Premium-Line\"},\"image\":{\"@id\":\"https:\\\/\\\/premiumline-cabling.com\\\/#\\\/schema\\\/logo\\\/image\\\/\"}}]}<\/script>\n<!-- \/ Yoast SEO plugin. -->","yoast_head_json":{"title":"Panneau de brassage angulaire modulaire 1U 24 Ports de Premium-Line","description":"Conception angulaire permettant d'\u00e9conomiser l'espace de la barre frontale de gestion des c\u00e2bles. Manipulation ais\u00e9e gr\u00e2ce \u00e0 la barre de gestion, haute r\u00e9sistance \u00e0 un prix abordable. Support d'\u00e9tiquetage remarquable","robots":{"index":"index","follow":"follow","max-snippet":"max-snippet:-1","max-image-preview":"max-image-preview:large","max-video-preview":"max-video-preview:-1"},"canonical":"https:\/\/premiumline-cabling.com\/fr\/product\/1u-24-port-angled-shielded-patch-panel\/","og_locale":"fr_FR","og_type":"article","og_title":"Panneau de brassage angulaire modulaire 1U 24 Ports de Premium-Line","og_description":"Conception angulaire permettant d'\u00e9conomiser l'espace de la barre frontale de gestion des c\u00e2bles. Manipulation ais\u00e9e gr\u00e2ce \u00e0 la barre de gestion, haute r\u00e9sistance \u00e0 un prix abordable. Support d'\u00e9tiquetage remarquable","og_url":"https:\/\/premiumline-cabling.com\/fr\/product\/1u-24-port-angled-shielded-patch-panel\/","og_site_name":"Premium-Line","article_modified_time":"2024-05-07T09:27:44+00:00","og_image":[{"width":661,"height":228,"url":"https:\/\/premiumline-cabling.com\/wp-content\/uploads\/2019\/02\/1U-angled-panel.jpg","type":"image\/jpeg"}],"twitter_card":"summary_large_image","twitter_misc":{"Dur\u00e9e de lecture estim\u00e9e":"1 minute"},"schema":{"@context":"https:\/\/schema.org","@graph":[{"@type":"WebPage","@id":"https:\/\/premiumline-cabling.com\/fr\/product\/1u-24-port-angled-shielded-patch-panel\/","url":"https:\/\/premiumline-cabling.com\/fr\/product\/1u-24-port-angled-shielded-patch-panel\/","name":"Panneau de brassage angulaire modulaire 1U 24 Ports de Premium-Line","isPartOf":{"@id":"https:\/\/premiumline-cabling.com\/#website"},"primaryImageOfPage":{"@id":"https:\/\/premiumline-cabling.com\/fr\/product\/1u-24-port-angled-shielded-patch-panel\/#primaryimage"},"image":{"@id":"https:\/\/premiumline-cabling.com\/fr\/product\/1u-24-port-angled-shielded-patch-panel\/#primaryimage"},"thumbnailUrl":"https:\/\/premiumline-cabling.com\/wp-content\/uploads\/2019\/02\/1U-angled-panel.jpg","datePublished":"2019-09-25T14:05:10+00:00","dateModified":"2024-05-07T09:27:44+00:00","description":"Conception angulaire permettant d'\u00e9conomiser l'espace de la barre frontale de gestion des c\u00e2bles. Manipulation ais\u00e9e gr\u00e2ce \u00e0 la barre de gestion, haute r\u00e9sistance \u00e0 un prix abordable. Support d'\u00e9tiquetage remarquable","breadcrumb":{"@id":"https:\/\/premiumline-cabling.com\/fr\/product\/1u-24-port-angled-shielded-patch-panel\/#breadcrumb"},"inLanguage":"fr-FR","potentialAction":[{"@type":"ReadAction","target":["https:\/\/premiumline-cabling.com\/fr\/product\/1u-24-port-angled-shielded-patch-panel\/"]}]},{"@type":"ImageObject","inLanguage":"fr-FR","@id":"https:\/\/premiumline-cabling.com\/fr\/product\/1u-24-port-angled-shielded-patch-panel\/#primaryimage","url":"https:\/\/premiumline-cabling.com\/wp-content\/uploads\/2019\/02\/1U-angled-panel.jpg","contentUrl":"https:\/\/premiumline-cabling.com\/wp-content\/uploads\/2019\/02\/1U-angled-panel.jpg","width":661,"height":228},{"@type":"BreadcrumbList","@id":"https:\/\/premiumline-cabling.com\/fr\/product\/1u-24-port-angled-shielded-patch-panel\/#breadcrumb","itemListElement":[{"@type":"ListItem","position":1,"name":"\u0413\u043b\u0430\u0432\u043d\u0430\u044f \u0441\u0442\u0440\u0430\u043d\u0438\u0446\u0430","item":"https:\/\/premiumline-cabling.com\/fr\/"},{"@type":"ListItem","position":2,"name":"Panneau de brassage angulaire blind\u00e9 1U 24 Ports"}]},{"@type":"WebSite","@id":"https:\/\/premiumline-cabling.com\/#website","url":"https:\/\/premiumline-cabling.com\/","name":"Premium-Line","description":"Structured Cabling System","publisher":{"@id":"https:\/\/premiumline-cabling.com\/#organization"},"potentialAction":[{"@type":"SearchAction","target":{"@type":"EntryPoint","urlTemplate":"https:\/\/premiumline-cabling.com\/?s={search_term_string}"},"query-input":{"@type":"PropertyValueSpecification","valueRequired":true,"valueName":"search_term_string"}}],"inLanguage":"fr-FR"},{"@type":"Organization","@id":"https:\/\/premiumline-cabling.com\/#organization","name":"Premium-Line","url":"https:\/\/premiumline-cabling.com\/","logo":{"@type":"ImageObject","inLanguage":"fr-FR","@id":"https:\/\/premiumline-cabling.com\/#\/schema\/logo\/image\/","url":"https:\/\/premiumline-cabling.com\/wp-content\/uploads\/2019\/04\/cropped-img_logo_site_Premium-Line.png","contentUrl":"https:\/\/premiumline-cabling.com\/wp-content\/uploads\/2019\/04\/cropped-img_logo_site_Premium-Line.png","width":190,"height":62,"caption":"Premium-Line"},"image":{"@id":"https:\/\/premiumline-cabling.com\/#\/schema\/logo\/image\/"}}]}},"_links":{"self":[{"href":"https:\/\/premiumline-cabling.com\/fr\/wp-json\/wp\/v2\/product\/19707","targetHints":{"allow":["GET"]}}],"collection":[{"href":"https:\/\/premiumline-cabling.com\/fr\/wp-json\/wp\/v2\/product"}],"about":[{"href":"https:\/\/premiumline-cabling.com\/fr\/wp-json\/wp\/v2\/types\/product"}],"wp:featuredmedia":[{"embeddable":true,"href":"https:\/\/premiumline-cabling.com\/fr\/wp-json\/wp\/v2\/media\/19715"}],"wp:attachment":[{"href":"https:\/\/premiumline-cabling.com\/fr\/wp-json\/wp\/v2\/media?parent=19707"}],"wp:term":[{"taxonomy":"product_category","embeddable":true,"href":"https:\/\/premiumline-cabling.com\/fr\/wp-json\/wp\/v2\/product_category?post=19707"}],"curies":[{"name":"wp","href":"https:\/\/api.w.org\/{rel}","templated":true}]}}