{"id":19706,"date":"2019-02-10T19:57:59","date_gmt":"2019-02-10T18:57:59","guid":{"rendered":"https:\/\/premiumline-cabling.com\/product\/panneau-de-raccordement-non-blinde-1u-24-ports\/"},"modified":"2024-05-07T10:44:54","modified_gmt":"2024-05-07T09:44:54","slug":"panneau-de-raccordement-non-blinde-1u-24-ports","status":"publish","type":"product","link":"https:\/\/premiumline-cabling.com\/fr\/product\/panneau-de-raccordement-non-blinde-1u-24-ports\/","title":{"rendered":"Panneau de brassage non blind\u00e9 1U 24 ports"},"content":{"rendered":"<h2>Panneau de brassage 1U 24 ports non charg\u00e9s pour connecteurs non blind\u00e9s<\/h2>\n<h3><\/h3>\n<h3><noscript><img decoding=\"async\" class=\"aligncenter wp-image-18648 size-large\" src=\"https:\/\/premiumline-cabling.com\/wp-content\/uploads\/2019\/02\/1U_unloaded_UTP_PP_new-1024x267.jpg\" alt width=\"1024\" height=\"267\" srcset=\"https:\/\/premiumline-cabling.com\/wp-content\/uploads\/2019\/02\/1U_unloaded_UTP_PP_new-1024x267.jpg 1024w, https:\/\/premiumline-cabling.com\/wp-content\/uploads\/2019\/02\/1U_unloaded_UTP_PP_new-300x78.jpg 300w, https:\/\/premiumline-cabling.com\/wp-content\/uploads\/2019\/02\/1U_unloaded_UTP_PP_new-768x200.jpg 768w, https:\/\/premiumline-cabling.com\/wp-content\/uploads\/2019\/02\/1U_unloaded_UTP_PP_new.jpg 1238w\" sizes=\"(max-width: 1024px) 100vw, 1024px\"><\/noscript><img decoding=\"async\" class=\"aligncenter wp-image-18648 size-large lazyload\" src=\"data:image\/svg+xml,%3Csvg%20xmlns%3D%22http%3A%2F%2Fwww.w3.org%2F2000%2Fsvg%22%20viewBox%3D%220%200%201024%20267%22%3E%3C%2Fsvg%3E\" alt width=\"1024\" height=\"267\" srcset=\"data:image\/svg+xml,%3Csvg%20xmlns%3D%22http%3A%2F%2Fwww.w3.org%2F2000%2Fsvg%22%20viewBox%3D%220%200%201024%20267%22%3E%3C%2Fsvg%3E 1024w\" sizes=\"(max-width: 1024px) 100vw, 1024px\" data-srcset=\"https:\/\/premiumline-cabling.com\/wp-content\/uploads\/2019\/02\/1U_unloaded_UTP_PP_new-1024x267.jpg 1024w, https:\/\/premiumline-cabling.com\/wp-content\/uploads\/2019\/02\/1U_unloaded_UTP_PP_new-300x78.jpg 300w, https:\/\/premiumline-cabling.com\/wp-content\/uploads\/2019\/02\/1U_unloaded_UTP_PP_new-768x200.jpg 768w, https:\/\/premiumline-cabling.com\/wp-content\/uploads\/2019\/02\/1U_unloaded_UTP_PP_new.jpg 1238w\" data-src=\"https:\/\/premiumline-cabling.com\/wp-content\/uploads\/2019\/02\/1U_unloaded_UTP_PP_new-1024x267.jpg\"><\/h3>\n<h3>CARACT\u00c9RISTIQUES :<\/h3>\n<ul>\n<li>Compatible avec les connecteurs minces non blind\u00e9s 90\u00b0 de Premium Line et les connecteurs non blind\u00e9s 180\u00b0, ainsi que pour une large gamme de modules multim\u00e9dia.<\/li>\n<li>La position remarquable permet un marquage rapide et facile des ports.<\/li>\n<li>Barre passe-c\u00e2bles disponible (P\/N 195030002)<\/li>\n<li>24 ports haute densit\u00e9 dans 1U, adapt\u00e9s \u00e0 tous les racks 19&#8243; EIA<\/li>\n<li>Conforme \u00e0 la directive RoHS<\/li>\n<\/ul>\n<h3>DESSIN :<\/h3>\n<p><noscript><img decoding=\"async\" class=\"aligncenter wp-image-18654 size-full\" src=\"https:\/\/premiumline-cabling.com\/wp-content\/uploads\/2019\/02\/1U_unloaded_UTP_PP_new_dr.jpg\" alt width=\"991\" height=\"287\" srcset=\"https:\/\/premiumline-cabling.com\/wp-content\/uploads\/2019\/02\/1U_unloaded_UTP_PP_new_dr.jpg 991w, https:\/\/premiumline-cabling.com\/wp-content\/uploads\/2019\/02\/1U_unloaded_UTP_PP_new_dr-300x87.jpg 300w, https:\/\/premiumline-cabling.com\/wp-content\/uploads\/2019\/02\/1U_unloaded_UTP_PP_new_dr-768x222.jpg 768w\" sizes=\"(max-width: 991px) 100vw, 991px\"><\/noscript><img decoding=\"async\" class=\"aligncenter wp-image-18654 size-full lazyload\" src=\"data:image\/svg+xml,%3Csvg%20xmlns%3D%22http%3A%2F%2Fwww.w3.org%2F2000%2Fsvg%22%20viewBox%3D%220%200%20991%20287%22%3E%3C%2Fsvg%3E\" alt width=\"991\" height=\"287\" srcset=\"data:image\/svg+xml,%3Csvg%20xmlns%3D%22http%3A%2F%2Fwww.w3.org%2F2000%2Fsvg%22%20viewBox%3D%220%200%20991%20287%22%3E%3C%2Fsvg%3E 991w\" sizes=\"(max-width: 991px) 100vw, 991px\" data-srcset=\"https:\/\/premiumline-cabling.com\/wp-content\/uploads\/2019\/02\/1U_unloaded_UTP_PP_new_dr.jpg 991w, https:\/\/premiumline-cabling.com\/wp-content\/uploads\/2019\/02\/1U_unloaded_UTP_PP_new_dr-300x87.jpg 300w, https:\/\/premiumline-cabling.com\/wp-content\/uploads\/2019\/02\/1U_unloaded_UTP_PP_new_dr-768x222.jpg 768w\" data-src=\"https:\/\/premiumline-cabling.com\/wp-content\/uploads\/2019\/02\/1U_unloaded_UTP_PP_new_dr.jpg\"><\/p>\n<h3>LES INFORMATIONS RELATIVES \u00c0 LA COMMANDE :<\/h3>\n<table>\n<tbody>\n<tr>\n<td width=\"124\">N\u00b0 de pi\u00e8ce<\/td>\n<td width=\"531\">171122402<\/td>\n<\/tr>\n<tr>\n<td width=\"124\">Description<\/td>\n<td width=\"531\">Panneau de brassage 1U 24 ports haute densit\u00e9 non charg\u00e9 pour connecteurs non blind\u00e9s, noir (P\/N 109121010, 106121010, 106311010, 106721010, 105311010, 105121010, 109324010)<\/td>\n<\/tr>\n<tr>\n<td width=\"124\">Emballage<\/td>\n<td width=\"531\">2pc \/ bo\u00eete, 40pcs \/ carton\n<p>dimensions du carton 50 x 24,5 x 25,5 cm ; poids brut 11,0 kg, poids net 9,5 kg<\/p><\/td>\n<\/tr>\n<\/tbody>\n<\/table>\n<p>&nbsp;<\/p>\n<p>&nbsp;<\/p>\n<p>&nbsp;<\/p>\n","protected":false},"featured_media":19714,"template":"","product_category":[398],"class_list":["post-19706","product","type-product","status-publish","has-post-thumbnail","hentry","product_category-panneau-de-raccordement-modulaire"],"yoast_head":"<!-- This site is optimized with the Yoast SEO plugin v27.2 - https:\/\/yoast.com\/product\/yoast-seo-wordpress\/ -->\n<title>Panneau de brassage modulaire, non blind\u00e9 1U 24ports de Premium-Line<\/title>\n<meta name=\"description\" content=\"Compatible avec les connecteurs minces non blind\u00e9s 90\u00b0 de Premium Line et les connecteurs non blind\u00e9s 180\u00b0 ainsi que pour une large gamme de modules.\" \/>\n<meta name=\"robots\" content=\"index, follow, max-snippet:-1, max-image-preview:large, max-video-preview:-1\" \/>\n<link rel=\"canonical\" href=\"https:\/\/premiumline-cabling.com\/fr\/product\/panneau-de-raccordement-non-blinde-1u-24-ports\/\" \/>\n<meta property=\"og:locale\" content=\"fr_FR\" \/>\n<meta property=\"og:type\" content=\"article\" \/>\n<meta property=\"og:title\" content=\"Panneau de brassage modulaire, non blind\u00e9 1U 24ports de Premium-Line\" \/>\n<meta property=\"og:description\" content=\"Compatible avec les connecteurs minces non blind\u00e9s 90\u00b0 de Premium Line et les connecteurs non blind\u00e9s 180\u00b0 ainsi que pour une large gamme de modules.\" \/>\n<meta property=\"og:url\" content=\"https:\/\/premiumline-cabling.com\/fr\/product\/panneau-de-raccordement-non-blinde-1u-24-ports\/\" \/>\n<meta property=\"og:site_name\" content=\"Premium-Line\" \/>\n<meta property=\"article:modified_time\" content=\"2024-05-07T09:44:54+00:00\" \/>\n<meta property=\"og:image\" content=\"https:\/\/premiumline-cabling.com\/wp-content\/uploads\/2019\/02\/1U_unloaded_UTP_PP_new_small.jpg\" \/>\n\t<meta property=\"og:image:width\" content=\"1238\" \/>\n\t<meta property=\"og:image:height\" content=\"1238\" \/>\n\t<meta property=\"og:image:type\" content=\"image\/jpeg\" \/>\n<meta name=\"twitter:card\" content=\"summary_large_image\" \/>\n<meta name=\"twitter:label1\" content=\"Dur\u00e9e de lecture estim\u00e9e\" \/>\n\t<meta name=\"twitter:data1\" content=\"1 minute\" \/>\n<script type=\"application\/ld+json\" class=\"yoast-schema-graph\">{\"@context\":\"https:\/\/schema.org\",\"@graph\":[{\"@type\":\"WebPage\",\"@id\":\"https:\/\/premiumline-cabling.com\/fr\/product\/panneau-de-raccordement-non-blinde-1u-24-ports\/\",\"url\":\"https:\/\/premiumline-cabling.com\/fr\/product\/panneau-de-raccordement-non-blinde-1u-24-ports\/\",\"name\":\"Panneau de brassage modulaire, non blind\u00e9 1U 24ports de Premium-Line\",\"isPartOf\":{\"@id\":\"https:\/\/premiumline-cabling.com\/#website\"},\"primaryImageOfPage\":{\"@id\":\"https:\/\/premiumline-cabling.com\/fr\/product\/panneau-de-raccordement-non-blinde-1u-24-ports\/#primaryimage\"},\"image\":{\"@id\":\"https:\/\/premiumline-cabling.com\/fr\/product\/panneau-de-raccordement-non-blinde-1u-24-ports\/#primaryimage\"},\"thumbnailUrl\":\"https:\/\/premiumline-cabling.com\/wp-content\/uploads\/2019\/02\/1U_unloaded_UTP_PP_new_small.jpg\",\"datePublished\":\"2019-02-10T18:57:59+00:00\",\"dateModified\":\"2024-05-07T09:44:54+00:00\",\"description\":\"Compatible avec les connecteurs minces non blind\u00e9s 90\u00b0 de Premium Line et les connecteurs non blind\u00e9s 180\u00b0 ainsi que pour une large gamme de modules.\",\"breadcrumb\":{\"@id\":\"https:\/\/premiumline-cabling.com\/fr\/product\/panneau-de-raccordement-non-blinde-1u-24-ports\/#breadcrumb\"},\"inLanguage\":\"fr-FR\",\"potentialAction\":[{\"@type\":\"ReadAction\",\"target\":[\"https:\/\/premiumline-cabling.com\/fr\/product\/panneau-de-raccordement-non-blinde-1u-24-ports\/\"]}]},{\"@type\":\"ImageObject\",\"inLanguage\":\"fr-FR\",\"@id\":\"https:\/\/premiumline-cabling.com\/fr\/product\/panneau-de-raccordement-non-blinde-1u-24-ports\/#primaryimage\",\"url\":\"https:\/\/premiumline-cabling.com\/wp-content\/uploads\/2019\/02\/1U_unloaded_UTP_PP_new_small.jpg\",\"contentUrl\":\"https:\/\/premiumline-cabling.com\/wp-content\/uploads\/2019\/02\/1U_unloaded_UTP_PP_new_small.jpg\",\"width\":1238,\"height\":1238},{\"@type\":\"BreadcrumbList\",\"@id\":\"https:\/\/premiumline-cabling.com\/fr\/product\/panneau-de-raccordement-non-blinde-1u-24-ports\/#breadcrumb\",\"itemListElement\":[{\"@type\":\"ListItem\",\"position\":1,\"name\":\"\u0413\u043b\u0430\u0432\u043d\u0430\u044f \u0441\u0442\u0440\u0430\u043d\u0438\u0446\u0430\",\"item\":\"https:\/\/premiumline-cabling.com\/fr\/\"},{\"@type\":\"ListItem\",\"position\":2,\"name\":\"Panneau de brassage non blind\u00e9 1U 24 ports\"}]},{\"@type\":\"WebSite\",\"@id\":\"https:\/\/premiumline-cabling.com\/#website\",\"url\":\"https:\/\/premiumline-cabling.com\/\",\"name\":\"Premium-Line\",\"description\":\"Structured Cabling System\",\"publisher\":{\"@id\":\"https:\/\/premiumline-cabling.com\/#organization\"},\"potentialAction\":[{\"@type\":\"SearchAction\",\"target\":{\"@type\":\"EntryPoint\",\"urlTemplate\":\"https:\/\/premiumline-cabling.com\/?s={search_term_string}\"},\"query-input\":{\"@type\":\"PropertyValueSpecification\",\"valueRequired\":true,\"valueName\":\"search_term_string\"}}],\"inLanguage\":\"fr-FR\"},{\"@type\":\"Organization\",\"@id\":\"https:\/\/premiumline-cabling.com\/#organization\",\"name\":\"Premium-Line\",\"url\":\"https:\/\/premiumline-cabling.com\/\",\"logo\":{\"@type\":\"ImageObject\",\"inLanguage\":\"fr-FR\",\"@id\":\"https:\/\/premiumline-cabling.com\/#\/schema\/logo\/image\/\",\"url\":\"https:\/\/premiumline-cabling.com\/wp-content\/uploads\/2019\/04\/cropped-img_logo_site_Premium-Line.png\",\"contentUrl\":\"https:\/\/premiumline-cabling.com\/wp-content\/uploads\/2019\/04\/cropped-img_logo_site_Premium-Line.png\",\"width\":190,\"height\":62,\"caption\":\"Premium-Line\"},\"image\":{\"@id\":\"https:\/\/premiumline-cabling.com\/#\/schema\/logo\/image\/\"}}]}<\/script>\n<!-- \/ Yoast SEO plugin. -->","yoast_head_json":{"title":"Panneau de brassage modulaire, non blind\u00e9 1U 24ports de Premium-Line","description":"Compatible avec les connecteurs minces non blind\u00e9s 90\u00b0 de Premium Line et les connecteurs non blind\u00e9s 180\u00b0 ainsi que pour une large gamme de modules.","robots":{"index":"index","follow":"follow","max-snippet":"max-snippet:-1","max-image-preview":"max-image-preview:large","max-video-preview":"max-video-preview:-1"},"canonical":"https:\/\/premiumline-cabling.com\/fr\/product\/panneau-de-raccordement-non-blinde-1u-24-ports\/","og_locale":"fr_FR","og_type":"article","og_title":"Panneau de brassage modulaire, non blind\u00e9 1U 24ports de Premium-Line","og_description":"Compatible avec les connecteurs minces non blind\u00e9s 90\u00b0 de Premium Line et les connecteurs non blind\u00e9s 180\u00b0 ainsi que pour une large gamme de modules.","og_url":"https:\/\/premiumline-cabling.com\/fr\/product\/panneau-de-raccordement-non-blinde-1u-24-ports\/","og_site_name":"Premium-Line","article_modified_time":"2024-05-07T09:44:54+00:00","og_image":[{"width":1238,"height":1238,"url":"https:\/\/premiumline-cabling.com\/wp-content\/uploads\/2019\/02\/1U_unloaded_UTP_PP_new_small.jpg","type":"image\/jpeg"}],"twitter_card":"summary_large_image","twitter_misc":{"Dur\u00e9e de lecture estim\u00e9e":"1 minute"},"schema":{"@context":"https:\/\/schema.org","@graph":[{"@type":"WebPage","@id":"https:\/\/premiumline-cabling.com\/fr\/product\/panneau-de-raccordement-non-blinde-1u-24-ports\/","url":"https:\/\/premiumline-cabling.com\/fr\/product\/panneau-de-raccordement-non-blinde-1u-24-ports\/","name":"Panneau de brassage modulaire, non blind\u00e9 1U 24ports de Premium-Line","isPartOf":{"@id":"https:\/\/premiumline-cabling.com\/#website"},"primaryImageOfPage":{"@id":"https:\/\/premiumline-cabling.com\/fr\/product\/panneau-de-raccordement-non-blinde-1u-24-ports\/#primaryimage"},"image":{"@id":"https:\/\/premiumline-cabling.com\/fr\/product\/panneau-de-raccordement-non-blinde-1u-24-ports\/#primaryimage"},"thumbnailUrl":"https:\/\/premiumline-cabling.com\/wp-content\/uploads\/2019\/02\/1U_unloaded_UTP_PP_new_small.jpg","datePublished":"2019-02-10T18:57:59+00:00","dateModified":"2024-05-07T09:44:54+00:00","description":"Compatible avec les connecteurs minces non blind\u00e9s 90\u00b0 de Premium Line et les connecteurs non blind\u00e9s 180\u00b0 ainsi que pour une large gamme de modules.","breadcrumb":{"@id":"https:\/\/premiumline-cabling.com\/fr\/product\/panneau-de-raccordement-non-blinde-1u-24-ports\/#breadcrumb"},"inLanguage":"fr-FR","potentialAction":[{"@type":"ReadAction","target":["https:\/\/premiumline-cabling.com\/fr\/product\/panneau-de-raccordement-non-blinde-1u-24-ports\/"]}]},{"@type":"ImageObject","inLanguage":"fr-FR","@id":"https:\/\/premiumline-cabling.com\/fr\/product\/panneau-de-raccordement-non-blinde-1u-24-ports\/#primaryimage","url":"https:\/\/premiumline-cabling.com\/wp-content\/uploads\/2019\/02\/1U_unloaded_UTP_PP_new_small.jpg","contentUrl":"https:\/\/premiumline-cabling.com\/wp-content\/uploads\/2019\/02\/1U_unloaded_UTP_PP_new_small.jpg","width":1238,"height":1238},{"@type":"BreadcrumbList","@id":"https:\/\/premiumline-cabling.com\/fr\/product\/panneau-de-raccordement-non-blinde-1u-24-ports\/#breadcrumb","itemListElement":[{"@type":"ListItem","position":1,"name":"\u0413\u043b\u0430\u0432\u043d\u0430\u044f \u0441\u0442\u0440\u0430\u043d\u0438\u0446\u0430","item":"https:\/\/premiumline-cabling.com\/fr\/"},{"@type":"ListItem","position":2,"name":"Panneau de brassage non blind\u00e9 1U 24 ports"}]},{"@type":"WebSite","@id":"https:\/\/premiumline-cabling.com\/#website","url":"https:\/\/premiumline-cabling.com\/","name":"Premium-Line","description":"Structured Cabling System","publisher":{"@id":"https:\/\/premiumline-cabling.com\/#organization"},"potentialAction":[{"@type":"SearchAction","target":{"@type":"EntryPoint","urlTemplate":"https:\/\/premiumline-cabling.com\/?s={search_term_string}"},"query-input":{"@type":"PropertyValueSpecification","valueRequired":true,"valueName":"search_term_string"}}],"inLanguage":"fr-FR"},{"@type":"Organization","@id":"https:\/\/premiumline-cabling.com\/#organization","name":"Premium-Line","url":"https:\/\/premiumline-cabling.com\/","logo":{"@type":"ImageObject","inLanguage":"fr-FR","@id":"https:\/\/premiumline-cabling.com\/#\/schema\/logo\/image\/","url":"https:\/\/premiumline-cabling.com\/wp-content\/uploads\/2019\/04\/cropped-img_logo_site_Premium-Line.png","contentUrl":"https:\/\/premiumline-cabling.com\/wp-content\/uploads\/2019\/04\/cropped-img_logo_site_Premium-Line.png","width":190,"height":62,"caption":"Premium-Line"},"image":{"@id":"https:\/\/premiumline-cabling.com\/#\/schema\/logo\/image\/"}}]}},"_links":{"self":[{"href":"https:\/\/premiumline-cabling.com\/fr\/wp-json\/wp\/v2\/product\/19706","targetHints":{"allow":["GET"]}}],"collection":[{"href":"https:\/\/premiumline-cabling.com\/fr\/wp-json\/wp\/v2\/product"}],"about":[{"href":"https:\/\/premiumline-cabling.com\/fr\/wp-json\/wp\/v2\/types\/product"}],"wp:featuredmedia":[{"embeddable":true,"href":"https:\/\/premiumline-cabling.com\/fr\/wp-json\/wp\/v2\/media\/19714"}],"wp:attachment":[{"href":"https:\/\/premiumline-cabling.com\/fr\/wp-json\/wp\/v2\/media?parent=19706"}],"wp:term":[{"taxonomy":"product_category","embeddable":true,"href":"https:\/\/premiumline-cabling.com\/fr\/wp-json\/wp\/v2\/product_category?post=19706"}],"curies":[{"name":"wp","href":"https:\/\/api.w.org\/{rel}","templated":true}]}}