{"id":19397,"date":"2018-12-29T05:13:39","date_gmt":"2018-12-29T04:13:39","guid":{"rendered":"https:\/\/premiumline-cabling.com\/services\/"},"modified":"2023-12-07T12:57:00","modified_gmt":"2023-12-07T11:57:00","slug":"services","status":"publish","type":"page","link":"https:\/\/premiumline-cabling.com\/fr\/services\/","title":{"rendered":"Services"},"content":{"rendered":"<h2>Services suppl\u00e9mentaires de la ligne Premium<\/h2>\n<p>L&#8217;\u00e9quipe Premium-Line se concentre sur la fourniture d&#8217;\u00e9quipements pour les syst\u00e8mes de c\u00e2blage structur\u00e9s, l&#8217;am\u00e9lioration des processus logistiques et la fourniture de soutien et de conseils sur les projets de conception de c\u00e2blage. En outre, nous disposons de services suppl\u00e9mentaires pr\u00e9sent\u00e9s dans cette section. Vous y trouverez<\/p>\n<ul>\n<li>Les <a href=\"https:\/\/premiumline-cabling.com\/fr\/service_category\/download\/\" target=\"_blank\" rel=\"noopener\"><br>\n<strong>T\u00c9L\u00c9CHARGEMENT<\/strong><br>\n<\/a> qui pr\u00e9sente une vari\u00e9t\u00e9 de documents tels que des catalogues, des brochures, des fiches techniques et des mod\u00e8les Visio.<\/li>\n<li>Les<a href=\"https:\/\/premiumline-cabling.com\/fr\/service_category\/trainings\/\" target=\"_blank\" rel=\"noopener\"><br>\n<strong> FORMATION<\/strong><br>\n<\/a> contient la description de nos programmes hors ligne, de nos webinaires et de nos cours sp\u00e9cialis\u00e9s en ligne qui sont disponibles gratuitement.<\/li>\n<li><a href=\"https:\/\/premiumline-cabling.com\/fr\/service_category\/warranty-program\/\" target=\"_blank\" rel=\"noopener\"><br>\n<strong>PROGRAMME DE GARANTIE<\/strong><br>\n<\/a> &#8211; la pr\u00e9sentation d\u00e9taill\u00e9e de ce qui est n\u00e9cessaire et de la proc\u00e9dure \u00e0 suivre pour obtenir la garantie de 25 ans.<\/li>\n<li><a href=\"https:\/\/premiumline-cabling.com\/fr\/service_category\/online-calculators\/\" target=\"_blank\" rel=\"noopener\"><br>\n<strong>CALCULATEURS EN LIGNE<\/strong><br>\n<\/a> pour l&#8217;ensemble de la gamme de solutions Premium-Line sont les services qui vous permettent de cr\u00e9er rapidement des sp\u00e9cifications pour divers projets de c\u00e2blage.<\/li>\n<\/ul>\n<div id=\"attachment_14476\" style=\"width: 160px\" class=\"wp-caption alignleft\"><noscript><img decoding=\"async\" aria-describedby=\"caption-attachment-14476\" class=\"wp-image-14476 size-thumbnail\" src=\"https:\/\/premiumline-cabling.com\/wp-content\/uploads\/2022\/05\/PL_img_download_icon-150x150.png\" alt=\"T\u00c9L\u00c9CHARGER\" width=\"150\" height=\"150\" srcset=\"https:\/\/premiumline-cabling.com\/wp-content\/uploads\/2022\/05\/PL_img_download_icon-150x150.png 150w, https:\/\/premiumline-cabling.com\/wp-content\/uploads\/2022\/05\/PL_img_download_icon.png 300w\" sizes=\"(max-width: 150px) 100vw, 150px\"><\/noscript><img decoding=\"async\" aria-describedby=\"caption-attachment-14476\" class=\"wp-image-14476 size-thumbnail lazyload\" src=\"data:image\/svg+xml,%3Csvg%20xmlns%3D%22http%3A%2F%2Fwww.w3.org%2F2000%2Fsvg%22%20viewBox%3D%220%200%20150%20150%22%3E%3C%2Fsvg%3E\" alt=\"T\u00c9L\u00c9CHARGER\" width=\"150\" height=\"150\" srcset=\"data:image\/svg+xml,%3Csvg%20xmlns%3D%22http%3A%2F%2Fwww.w3.org%2F2000%2Fsvg%22%20viewBox%3D%220%200%20150%20150%22%3E%3C%2Fsvg%3E 150w\" sizes=\"(max-width: 150px) 100vw, 150px\" data-srcset=\"https:\/\/premiumline-cabling.com\/wp-content\/uploads\/2022\/05\/PL_img_download_icon-150x150.png 150w, https:\/\/premiumline-cabling.com\/wp-content\/uploads\/2022\/05\/PL_img_download_icon.png 300w\" data-src=\"https:\/\/premiumline-cabling.com\/wp-content\/uploads\/2022\/05\/PL_img_download_icon-150x150.png\"><p id=\"caption-attachment-14476\" class=\"wp-caption-text\"><strong><a href=\"https:\/\/premiumline-cabling.com\/fr\/service_category\/download\/\" target=\"_blank\" rel=\"noopener\">T\u00c9L\u00c9CHARGER<\/a><\/strong><\/p><\/div>\n<div id=\"attachment_14482\" style=\"width: 160px\" class=\"wp-caption alignleft\"><noscript><img decoding=\"async\" aria-describedby=\"caption-attachment-14482\" class=\"wp-image-14482 size-thumbnail\" src=\"https:\/\/premiumline-cabling.com\/wp-content\/uploads\/2022\/05\/PL_img_Trainings_icon_s-150x150.png\" alt=\"FORMATIONS\" width=\"150\" height=\"150\"><\/noscript><img decoding=\"async\" aria-describedby=\"caption-attachment-14482\" class=\"wp-image-14482 size-thumbnail lazyload\" src=\"data:image\/svg+xml,%3Csvg%20xmlns%3D%22http%3A%2F%2Fwww.w3.org%2F2000%2Fsvg%22%20viewBox%3D%220%200%20150%20150%22%3E%3C%2Fsvg%3E\" alt=\"FORMATIONS\" width=\"150\" height=\"150\" data-src=\"https:\/\/premiumline-cabling.com\/wp-content\/uploads\/2022\/05\/PL_img_Trainings_icon_s-150x150.png\"><p id=\"caption-attachment-14482\" class=\"wp-caption-text\"><strong><a href=\"https:\/\/premiumline-cabling.com\/fr\/service_category\/trainings\/\" target=\"_blank\" rel=\"noopener\">FORMATIONS<\/a><\/strong><\/p><\/div>\n<div id=\"attachment_14488\" style=\"width: 160px\" class=\"wp-caption alignleft\"><a href=\"https:\/\/premiumline-cabling.com\/fr\/service_category\/warranty-program\/\" target=\"_blank\" rel=\"noopener\"><noscript><img decoding=\"async\" aria-describedby=\"caption-attachment-14488\" class=\"wp-image-14488 size-thumbnail\" src=\"https:\/\/premiumline-cabling.com\/wp-content\/uploads\/2022\/05\/PL_img_Warranty_icon-150x150.png\" alt=\"GARANTIE \" width=\"150\" height=\"150\" srcset=\"https:\/\/premiumline-cabling.com\/wp-content\/uploads\/2022\/05\/PL_img_Warranty_icon-150x150.png 150w, https:\/\/premiumline-cabling.com\/wp-content\/uploads\/2022\/05\/PL_img_Warranty_icon.png 300w\" sizes=\"(max-width: 150px) 100vw, 150px\"><\/noscript><img decoding=\"async\" aria-describedby=\"caption-attachment-14488\" class=\"wp-image-14488 size-thumbnail lazyload\" src=\"data:image\/svg+xml,%3Csvg%20xmlns%3D%22http%3A%2F%2Fwww.w3.org%2F2000%2Fsvg%22%20viewBox%3D%220%200%20150%20150%22%3E%3C%2Fsvg%3E\" alt=\"GARANTIE \" width=\"150\" height=\"150\" srcset=\"data:image\/svg+xml,%3Csvg%20xmlns%3D%22http%3A%2F%2Fwww.w3.org%2F2000%2Fsvg%22%20viewBox%3D%220%200%20150%20150%22%3E%3C%2Fsvg%3E 150w\" sizes=\"(max-width: 150px) 100vw, 150px\" data-srcset=\"https:\/\/premiumline-cabling.com\/wp-content\/uploads\/2022\/05\/PL_img_Warranty_icon-150x150.png 150w, https:\/\/premiumline-cabling.com\/wp-content\/uploads\/2022\/05\/PL_img_Warranty_icon.png 300w\" data-src=\"https:\/\/premiumline-cabling.com\/wp-content\/uploads\/2022\/05\/PL_img_Warranty_icon-150x150.png\"><\/a><p id=\"caption-attachment-14488\" class=\"wp-caption-text\"><strong><a href=\"https:\/\/premiumline-cabling.com\/fr\/service_category\/warranty-program\/\" target=\"_blank\" rel=\"noopener\">GARANTIE<\/a><\/strong><\/p><\/div>\n<div id=\"attachment_14470\" style=\"width: 160px\" class=\"wp-caption alignleft\"><noscript><img decoding=\"async\" aria-describedby=\"caption-attachment-14470\" class=\"wp-image-14470 size-thumbnail\" src=\"https:\/\/premiumline-cabling.com\/wp-content\/uploads\/2022\/05\/PL_img_Calculator_icon-150x150.png\" alt=\"CALCULATEURS\" width=\"150\" height=\"150\" srcset=\"https:\/\/premiumline-cabling.com\/wp-content\/uploads\/2022\/05\/PL_img_Calculator_icon-150x150.png 150w, https:\/\/premiumline-cabling.com\/wp-content\/uploads\/2022\/05\/PL_img_Calculator_icon.png 300w\" sizes=\"(max-width: 150px) 100vw, 150px\"><\/noscript><img decoding=\"async\" aria-describedby=\"caption-attachment-14470\" class=\"wp-image-14470 size-thumbnail lazyload\" src=\"data:image\/svg+xml,%3Csvg%20xmlns%3D%22http%3A%2F%2Fwww.w3.org%2F2000%2Fsvg%22%20viewBox%3D%220%200%20150%20150%22%3E%3C%2Fsvg%3E\" alt=\"CALCULATEURS\" width=\"150\" height=\"150\" srcset=\"data:image\/svg+xml,%3Csvg%20xmlns%3D%22http%3A%2F%2Fwww.w3.org%2F2000%2Fsvg%22%20viewBox%3D%220%200%20150%20150%22%3E%3C%2Fsvg%3E 150w\" sizes=\"(max-width: 150px) 100vw, 150px\" data-srcset=\"https:\/\/premiumline-cabling.com\/wp-content\/uploads\/2022\/05\/PL_img_Calculator_icon-150x150.png 150w, https:\/\/premiumline-cabling.com\/wp-content\/uploads\/2022\/05\/PL_img_Calculator_icon.png 300w\" data-src=\"https:\/\/premiumline-cabling.com\/wp-content\/uploads\/2022\/05\/PL_img_Calculator_icon-150x150.png\"><p id=\"caption-attachment-14470\" class=\"wp-caption-text\"><strong><a href=\"https:\/\/premiumline-cabling.com\/fr\/service_category\/online-calculators\/\" target=\"_blank\" rel=\"noopener\">CALCULATEURS<\/a><\/strong><\/p><\/div>\n<p>&nbsp;<\/p>\n<p>&nbsp;<\/p>\n<p>&nbsp;<\/p>\n<p>&nbsp;<\/p>\n<p>&nbsp;<\/p>\n<p>&nbsp;<\/p>\n<p>&nbsp;<\/p>\n<p>Tous ces services sont con\u00e7us pour offrir un soutien maximal. De plus, nous travaillons constamment \u00e0 leur \u00e9largissement. Abonnez-vous \u00e0 nos actualit\u00e9s pour rester au courant des mises \u00e0 jour.<\/p>\n\n<div class=\"wpcf7 no-js\" id=\"wpcf7-f19441-o1\" lang=\"ru-RU\" dir=\"ltr\" data-wpcf7-id=\"19441\">\n<div class=\"screen-reader-response\"><p role=\"status\" aria-live=\"polite\" aria-atomic=\"true\"><\/p> <ul><\/ul><\/div>\n<form action=\"\/fr\/wp-json\/wp\/v2\/pages\/19397#wpcf7-f19441-o1\" method=\"post\" class=\"wpcf7-form init\" aria-label=\"\u041a\u043e\u043d\u0442\u0430\u043a\u0442\u043d\u0430\u044f \u0444\u043e\u0440\u043c\u0430\" novalidate=\"novalidate\" data-status=\"init\">\n<fieldset class=\"hidden-fields-container\"><input type=\"hidden\" name=\"_wpcf7\" value=\"19441\"><input type=\"hidden\" name=\"_wpcf7_version\" value=\"6.1.5\"><input type=\"hidden\" name=\"_wpcf7_locale\" value=\"ru_RU\"><input type=\"hidden\" name=\"_wpcf7_unit_tag\" value=\"wpcf7-f19441-o1\"><input type=\"hidden\" name=\"_wpcf7_container_post\" value=\"0\"><input type=\"hidden\" name=\"_wpcf7_posted_data_hash\" value><input type=\"hidden\" name=\"_wpcf7_recaptcha_response\" value>\n<\/fieldset>\n<p class=\"big\">ABONNEZ-VOUS \u00c0 NOTRE BULLETIN\n<\/p>\n<p class=\"red\">Pour recevoir nos actualit\u00e9s et mises \u00e0 jour, entrez votre address mail:\n<\/p>\n<div class=\"wrap-input\">\n\t<p><span class=\"wpcf7-form-control-wrap\" data-name=\"your-email\"><input size=\"40\" maxlength=\"400\" class=\"wpcf7-form-control wpcf7-email wpcf7-validates-as-required wpcf7-text wpcf7-validates-as-email form-control\" id=\"email\" aria-required=\"true\" aria-invalid=\"false\" value type=\"email\" name=\"your-email\"><\/span><input class=\"wpcf7-form-control wpcf7-submit has-spinner submit\" type=\"submit\" value=\"SOUMETTRE\">\n\t<\/p>\n<\/div>\n<p class=\"small\">\n<\/p>\n<p class=\"small\">Vos donn\u00e9es ne seront pas transmises \u00e0 des tiers (d\u00e9claration de protection des donn\u00e9es). Nos newsletters sont envoy\u00e9es \u00e0 intervalles r\u00e9guliers, mais pas en nombre accru. Vous pouvez retirer votre consentement \u00e0 tout moment.\n<\/p><div class=\"wpcf7-response-output\" aria-hidden=\"true\"><\/div>\n<\/form>\n<\/div>\n\n","protected":false},"excerpt":{"rendered":"<p>Services suppl\u00e9mentaires de la ligne Premium L&#8217;\u00e9quipe Premium-Line se concentre sur la fourniture d&#8217;\u00e9quipements pour les syst\u00e8mes de c\u00e2blage structur\u00e9s, l&#8217;am\u00e9lioration des processus logistiques et la fourniture de soutien et&#8230;<\/p>\n","protected":false},"author":1,"featured_media":19409,"parent":0,"menu_order":0,"comment_status":"closed","ping_status":"closed","template":"tpl_services.php","meta":{"footnotes":""},"class_list":["post-19397","page","type-page","status-publish","has-post-thumbnail","hentry"],"yoast_head":"<!-- This site is optimized with the Yoast SEO plugin v27.4 - https:\/\/yoast.com\/product\/yoast-seo-wordpress\/ -->\n<title>Services - Premium-Line<\/title>\n<meta name=\"description\" content=\"Vous trouverez ici des documents sur l&#039;entreprise, des catalogues, des fiches techniques, des formes \/ mod\u00e8les pour Visio, des calculateurs de solutions et d&#039;autres documents utiles.\" \/>\n<meta name=\"robots\" content=\"index, follow, max-snippet:-1, max-image-preview:large, max-video-preview:-1\" \/>\n<link rel=\"canonical\" href=\"https:\/\/premiumline-cabling.com\/fr\/services\/\" \/>\n<meta property=\"og:locale\" content=\"fr_FR\" \/>\n<meta property=\"og:type\" content=\"article\" \/>\n<meta property=\"og:title\" content=\"Services - Premium-Line\" \/>\n<meta property=\"og:description\" content=\"Vous trouverez ici des documents sur l&#039;entreprise, des catalogues, des fiches techniques, des formes \/ mod\u00e8les pour Visio, des calculateurs de solutions et d&#039;autres documents utiles.\" \/>\n<meta property=\"og:url\" content=\"https:\/\/premiumline-cabling.com\/fr\/services\/\" \/>\n<meta property=\"og:site_name\" content=\"Premium-Line\" \/>\n<meta property=\"article:modified_time\" content=\"2023-12-07T11:57:00+00:00\" \/>\n<meta property=\"og:image\" content=\"https:\/\/premiumline-cabling.com\/wp-content\/uploads\/2022\/05\/PL_img_Additional-Premium-Line-services_FB.jpg\" \/>\n<meta name=\"twitter:card\" content=\"summary_large_image\" \/>\n<meta name=\"twitter:label1\" content=\"Dur\u00e9e de lecture estim\u00e9e\" \/>\n\t<meta name=\"twitter:data1\" content=\"2 minutes\" \/>\n<script type=\"application\/ld+json\" class=\"yoast-schema-graph\">{\"@context\":\"https:\\\/\\\/schema.org\",\"@graph\":[{\"@type\":\"WebPage\",\"@id\":\"https:\\\/\\\/premiumline-cabling.com\\\/fr\\\/services\\\/\",\"url\":\"https:\\\/\\\/premiumline-cabling.com\\\/fr\\\/services\\\/\",\"name\":\"Services - Premium-Line\",\"isPartOf\":{\"@id\":\"https:\\\/\\\/premiumline-cabling.com\\\/#website\"},\"primaryImageOfPage\":{\"@id\":\"https:\\\/\\\/premiumline-cabling.com\\\/fr\\\/services\\\/#primaryimage\"},\"image\":{\"@id\":\"https:\\\/\\\/premiumline-cabling.com\\\/fr\\\/services\\\/#primaryimage\"},\"thumbnailUrl\":\"https:\\\/\\\/premiumline-cabling.com\\\/wp-content\\\/uploads\\\/2022\\\/05\\\/PL_img_Additional-Premium-Line-services_main.jpg\",\"datePublished\":\"2018-12-29T04:13:39+00:00\",\"dateModified\":\"2023-12-07T11:57:00+00:00\",\"description\":\"Vous trouverez ici des documents sur l'entreprise, des catalogues, des fiches techniques, des formes \\\/ mod\u00e8les pour Visio, des calculateurs de solutions et d'autres documents utiles.\",\"breadcrumb\":{\"@id\":\"https:\\\/\\\/premiumline-cabling.com\\\/fr\\\/services\\\/#breadcrumb\"},\"inLanguage\":\"fr-FR\",\"potentialAction\":[{\"@type\":\"ReadAction\",\"target\":[\"https:\\\/\\\/premiumline-cabling.com\\\/fr\\\/services\\\/\"]}]},{\"@type\":\"ImageObject\",\"inLanguage\":\"fr-FR\",\"@id\":\"https:\\\/\\\/premiumline-cabling.com\\\/fr\\\/services\\\/#primaryimage\",\"url\":\"https:\\\/\\\/premiumline-cabling.com\\\/wp-content\\\/uploads\\\/2022\\\/05\\\/PL_img_Additional-Premium-Line-services_main.jpg\",\"contentUrl\":\"https:\\\/\\\/premiumline-cabling.com\\\/wp-content\\\/uploads\\\/2022\\\/05\\\/PL_img_Additional-Premium-Line-services_main.jpg\",\"width\":382,\"height\":214},{\"@type\":\"BreadcrumbList\",\"@id\":\"https:\\\/\\\/premiumline-cabling.com\\\/fr\\\/services\\\/#breadcrumb\",\"itemListElement\":[{\"@type\":\"ListItem\",\"position\":1,\"name\":\"\u0413\u043b\u0430\u0432\u043d\u0430\u044f \u0441\u0442\u0440\u0430\u043d\u0438\u0446\u0430\",\"item\":\"https:\\\/\\\/premiumline-cabling.com\\\/fr\\\/\"},{\"@type\":\"ListItem\",\"position\":2,\"name\":\"Services\"}]},{\"@type\":\"WebSite\",\"@id\":\"https:\\\/\\\/premiumline-cabling.com\\\/#website\",\"url\":\"https:\\\/\\\/premiumline-cabling.com\\\/\",\"name\":\"Premium-Line\",\"description\":\"Structured Cabling System\",\"publisher\":{\"@id\":\"https:\\\/\\\/premiumline-cabling.com\\\/#organization\"},\"potentialAction\":[{\"@type\":\"SearchAction\",\"target\":{\"@type\":\"EntryPoint\",\"urlTemplate\":\"https:\\\/\\\/premiumline-cabling.com\\\/?s={search_term_string}\"},\"query-input\":{\"@type\":\"PropertyValueSpecification\",\"valueRequired\":true,\"valueName\":\"search_term_string\"}}],\"inLanguage\":\"fr-FR\"},{\"@type\":\"Organization\",\"@id\":\"https:\\\/\\\/premiumline-cabling.com\\\/#organization\",\"name\":\"Premium-Line\",\"url\":\"https:\\\/\\\/premiumline-cabling.com\\\/\",\"logo\":{\"@type\":\"ImageObject\",\"inLanguage\":\"fr-FR\",\"@id\":\"https:\\\/\\\/premiumline-cabling.com\\\/#\\\/schema\\\/logo\\\/image\\\/\",\"url\":\"https:\\\/\\\/premiumline-cabling.com\\\/wp-content\\\/uploads\\\/2019\\\/04\\\/cropped-img_logo_site_Premium-Line.png\",\"contentUrl\":\"https:\\\/\\\/premiumline-cabling.com\\\/wp-content\\\/uploads\\\/2019\\\/04\\\/cropped-img_logo_site_Premium-Line.png\",\"width\":190,\"height\":62,\"caption\":\"Premium-Line\"},\"image\":{\"@id\":\"https:\\\/\\\/premiumline-cabling.com\\\/#\\\/schema\\\/logo\\\/image\\\/\"}}]}<\/script>\n<!-- \/ Yoast SEO plugin. -->","yoast_head_json":{"title":"Services - Premium-Line","description":"Vous trouverez ici des documents sur l'entreprise, des catalogues, des fiches techniques, des formes \/ mod\u00e8les pour Visio, des calculateurs de solutions et d'autres documents utiles.","robots":{"index":"index","follow":"follow","max-snippet":"max-snippet:-1","max-image-preview":"max-image-preview:large","max-video-preview":"max-video-preview:-1"},"canonical":"https:\/\/premiumline-cabling.com\/fr\/services\/","og_locale":"fr_FR","og_type":"article","og_title":"Services - Premium-Line","og_description":"Vous trouverez ici des documents sur l'entreprise, des catalogues, des fiches techniques, des formes \/ mod\u00e8les pour Visio, des calculateurs de solutions et d'autres documents utiles.","og_url":"https:\/\/premiumline-cabling.com\/fr\/services\/","og_site_name":"Premium-Line","article_modified_time":"2023-12-07T11:57:00+00:00","og_image":[{"url":"https:\/\/premiumline-cabling.com\/wp-content\/uploads\/2022\/05\/PL_img_Additional-Premium-Line-services_FB.jpg","type":"","width":"","height":""}],"twitter_card":"summary_large_image","twitter_misc":{"Dur\u00e9e de lecture estim\u00e9e":"2 minutes"},"schema":{"@context":"https:\/\/schema.org","@graph":[{"@type":"WebPage","@id":"https:\/\/premiumline-cabling.com\/fr\/services\/","url":"https:\/\/premiumline-cabling.com\/fr\/services\/","name":"Services - Premium-Line","isPartOf":{"@id":"https:\/\/premiumline-cabling.com\/#website"},"primaryImageOfPage":{"@id":"https:\/\/premiumline-cabling.com\/fr\/services\/#primaryimage"},"image":{"@id":"https:\/\/premiumline-cabling.com\/fr\/services\/#primaryimage"},"thumbnailUrl":"https:\/\/premiumline-cabling.com\/wp-content\/uploads\/2022\/05\/PL_img_Additional-Premium-Line-services_main.jpg","datePublished":"2018-12-29T04:13:39+00:00","dateModified":"2023-12-07T11:57:00+00:00","description":"Vous trouverez ici des documents sur l'entreprise, des catalogues, des fiches techniques, des formes \/ mod\u00e8les pour Visio, des calculateurs de solutions et d'autres documents utiles.","breadcrumb":{"@id":"https:\/\/premiumline-cabling.com\/fr\/services\/#breadcrumb"},"inLanguage":"fr-FR","potentialAction":[{"@type":"ReadAction","target":["https:\/\/premiumline-cabling.com\/fr\/services\/"]}]},{"@type":"ImageObject","inLanguage":"fr-FR","@id":"https:\/\/premiumline-cabling.com\/fr\/services\/#primaryimage","url":"https:\/\/premiumline-cabling.com\/wp-content\/uploads\/2022\/05\/PL_img_Additional-Premium-Line-services_main.jpg","contentUrl":"https:\/\/premiumline-cabling.com\/wp-content\/uploads\/2022\/05\/PL_img_Additional-Premium-Line-services_main.jpg","width":382,"height":214},{"@type":"BreadcrumbList","@id":"https:\/\/premiumline-cabling.com\/fr\/services\/#breadcrumb","itemListElement":[{"@type":"ListItem","position":1,"name":"\u0413\u043b\u0430\u0432\u043d\u0430\u044f \u0441\u0442\u0440\u0430\u043d\u0438\u0446\u0430","item":"https:\/\/premiumline-cabling.com\/fr\/"},{"@type":"ListItem","position":2,"name":"Services"}]},{"@type":"WebSite","@id":"https:\/\/premiumline-cabling.com\/#website","url":"https:\/\/premiumline-cabling.com\/","name":"Premium-Line","description":"Structured Cabling System","publisher":{"@id":"https:\/\/premiumline-cabling.com\/#organization"},"potentialAction":[{"@type":"SearchAction","target":{"@type":"EntryPoint","urlTemplate":"https:\/\/premiumline-cabling.com\/?s={search_term_string}"},"query-input":{"@type":"PropertyValueSpecification","valueRequired":true,"valueName":"search_term_string"}}],"inLanguage":"fr-FR"},{"@type":"Organization","@id":"https:\/\/premiumline-cabling.com\/#organization","name":"Premium-Line","url":"https:\/\/premiumline-cabling.com\/","logo":{"@type":"ImageObject","inLanguage":"fr-FR","@id":"https:\/\/premiumline-cabling.com\/#\/schema\/logo\/image\/","url":"https:\/\/premiumline-cabling.com\/wp-content\/uploads\/2019\/04\/cropped-img_logo_site_Premium-Line.png","contentUrl":"https:\/\/premiumline-cabling.com\/wp-content\/uploads\/2019\/04\/cropped-img_logo_site_Premium-Line.png","width":190,"height":62,"caption":"Premium-Line"},"image":{"@id":"https:\/\/premiumline-cabling.com\/#\/schema\/logo\/image\/"}}]}},"_links":{"self":[{"href":"https:\/\/premiumline-cabling.com\/fr\/wp-json\/wp\/v2\/pages\/19397","targetHints":{"allow":["GET"]}}],"collection":[{"href":"https:\/\/premiumline-cabling.com\/fr\/wp-json\/wp\/v2\/pages"}],"about":[{"href":"https:\/\/premiumline-cabling.com\/fr\/wp-json\/wp\/v2\/types\/page"}],"author":[{"embeddable":true,"href":"https:\/\/premiumline-cabling.com\/fr\/wp-json\/wp\/v2\/users\/1"}],"replies":[{"embeddable":true,"href":"https:\/\/premiumline-cabling.com\/fr\/wp-json\/wp\/v2\/comments?post=19397"}],"version-history":[{"count":2,"href":"https:\/\/premiumline-cabling.com\/fr\/wp-json\/wp\/v2\/pages\/19397\/revisions"}],"predecessor-version":[{"id":20830,"href":"https:\/\/premiumline-cabling.com\/fr\/wp-json\/wp\/v2\/pages\/19397\/revisions\/20830"}],"wp:featuredmedia":[{"embeddable":true,"href":"https:\/\/premiumline-cabling.com\/fr\/wp-json\/wp\/v2\/media\/19409"}],"wp:attachment":[{"href":"https:\/\/premiumline-cabling.com\/fr\/wp-json\/wp\/v2\/media?parent=19397"}],"curies":[{"name":"wp","href":"https:\/\/api.w.org\/{rel}","templated":true}]}}