{"id":7719,"date":"2021-08-25T09:33:47","date_gmt":"2021-08-25T08:33:47","guid":{"rendered":"https:\/\/www.premiumline-cabling.com\/?post_type=product&#038;p=7719"},"modified":"2021-08-25T09:33:47","modified_gmt":"2021-08-25T08:33:47","slug":"1u-24-hybrid-mit-abdeckung","status":"publish","type":"product","link":"https:\/\/premiumline-cabling.com\/de\/product\/1u-24-hybrid-mit-abdeckung\/","title":{"rendered":"1U 24 Hybrid Mit Abdeckung"},"content":{"rendered":"<h3>Premium-Line 1U Hybrid Kupfer- und Glasfaser Rangierfeld Mit Abdeckung<\/h3>\n<p><noscript><img decoding=\"async\" class=\"alignleft wp-image-7722 size-medium\" src=\"https:\/\/premiumline-cabling.com\/wp-content\/uploads\/2021\/08\/hybrid-2_1-300x161.jpg\" alt width=\"300\" height=\"161\" srcset=\"https:\/\/premiumline-cabling.com\/wp-content\/uploads\/2021\/08\/hybrid-2_1-300x161.jpg 300w, https:\/\/premiumline-cabling.com\/wp-content\/uploads\/2021\/08\/hybrid-2_1.jpg 764w\" sizes=\"(max-width: 300px) 100vw, 300px\"><\/noscript><img decoding=\"async\" class=\"alignleft wp-image-7722 size-medium lazyload\" src=\"data:image\/svg+xml,%3Csvg%20xmlns%3D%22http%3A%2F%2Fwww.w3.org%2F2000%2Fsvg%22%20viewBox%3D%220%200%20300%20161%22%3E%3C%2Fsvg%3E\" alt width=\"300\" height=\"161\" srcset=\"data:image\/svg+xml,%3Csvg%20xmlns%3D%22http%3A%2F%2Fwww.w3.org%2F2000%2Fsvg%22%20viewBox%3D%220%200%20300%20161%22%3E%3C%2Fsvg%3E 300w\" sizes=\"(max-width: 300px) 100vw, 300px\" data-srcset=\"https:\/\/premiumline-cabling.com\/wp-content\/uploads\/2021\/08\/hybrid-2_1-300x161.jpg 300w, https:\/\/premiumline-cabling.com\/wp-content\/uploads\/2021\/08\/hybrid-2_1.jpg 764w\" data-src=\"https:\/\/premiumline-cabling.com\/wp-content\/uploads\/2021\/08\/hybrid-2_1-300x161.jpg\"><\/p>\n<h4><\/h4>\n<p>Das Premium-Line 1HE 19\u201c Kupfer &amp; Glasfaser, Hybrid Patchpanel ist ein Bestseller. Diese L\u00f6sung wurde entwickelt, um tausende von Einheiten verschiedener Projekte in den Verteilerschr\u00e4nken zu speichern. Unsere technische Entwicklungsabteilung hat das Panel weiterentwickelt und dadurch weitere Vorteile gewonnen.<\/p>\n<p>Das Hybrid-Panel ist ab sofort in zwei Versionen bestellbar.<\/p>\n<p>Es ist im Standard 19&#8243;-Format gebaut und bietet 24 Ports. Die beiden Frontplatten k\u00f6nnen zur einfacheren Steckermontage abgenommen werden. Das Hybridpatchpanel beinhaltet eine Splei\u00dfkassette f\u00fcr 24 Splei\u00dfungen. In die beiden Adapterplatten k\u00f6nnen Keystone Jacks f\u00fcr Kupferkabel sowie Glasfaseradapter (mit zus\u00e4tzlichem Keystone-Adapter) eingesetzt werden.<\/p>\n<h4>Die aktualisierte Version des Panels hat:<\/h4>\n<ul>\n<li>Eine Abdeckung f\u00fcr zus\u00e4tzlichen Schutz von Lichtwellenleitern;<\/li>\n<li>Bequemere Befestigung von Kupferkabeln;<\/li>\n<li>Griffe an den Frontplatten f\u00fcr eine einfache Installation.<\/li>\n<\/ul>\n<h4>EIGENSCHAFTEN:<\/h4>\n<div id=\"attachment_3458\" style=\"width: 295px\" class=\"wp-caption alignright\"><noscript><img decoding=\"async\" aria-describedby=\"caption-attachment-3458\" class=\"wp-image-3458 size-full\" src=\"https:\/\/premiumline-cabling.com\/wp-content\/uploads\/2019\/02\/1U_hybrid_PP_3.jpg\" alt width=\"285\" height=\"119\"><\/noscript><img decoding=\"async\" aria-describedby=\"caption-attachment-3458\" class=\"wp-image-3458 size-full lazyload\" src=\"data:image\/svg+xml,%3Csvg%20xmlns%3D%22http%3A%2F%2Fwww.w3.org%2F2000%2Fsvg%22%20viewBox%3D%220%200%20285%20119%22%3E%3C%2Fsvg%3E\" alt width=\"285\" height=\"119\" data-src=\"https:\/\/premiumline-cabling.com\/wp-content\/uploads\/2019\/02\/1U_hybrid_PP_3.jpg\"><p id=\"caption-attachment-3458\" class=\"wp-caption-text\">Die Position der Splei\u00dfbox kann ge\u00e4ndert werden<\/p><\/div>\n<ul>\n<li>F\u00fcr 19\u201d-Installationen<\/li>\n<li>Geeignet f\u00fcr 24-Ports (Kupfer und\/oder Glasfaser gemischt)<\/li>\n<li>Die beiden Front-Interfaceplatten k\u00f6nnen einfach eingeclipst werden<\/li>\n<li>Frontplatten f\u00fcr 180\u00b0 RJ45 Keystone Jacks, LC duplex, SC simplex, ST &amp; FC Quickport<br>\n(alle Fiberoptik Anschl\u00fcsse m\u00fcssen mit den Fiberoptik-Adaptern Art.Nr. 127120000 oder 127220000 verwendet werden)<\/li>\n<li>Splei\u00dflade ist geeignet f\u00fcr 24 Splei\u00dfe<\/li>\n<\/ul>\n<h4><noscript><img decoding=\"async\" class=\"aligncenter wp-image-7723 size-medium\" src=\"https:\/\/premiumline-cabling.com\/wp-content\/uploads\/2021\/08\/hybrid-2_2-300x166.jpg\" alt width=\"300\" height=\"166\" srcset=\"https:\/\/premiumline-cabling.com\/wp-content\/uploads\/2021\/08\/hybrid-2_2-300x166.jpg 300w, https:\/\/premiumline-cabling.com\/wp-content\/uploads\/2021\/08\/hybrid-2_2-768x426.jpg 768w, https:\/\/premiumline-cabling.com\/wp-content\/uploads\/2021\/08\/hybrid-2_2-430x240.jpg 430w, https:\/\/premiumline-cabling.com\/wp-content\/uploads\/2021\/08\/hybrid-2_2.jpg 779w\" sizes=\"(max-width: 300px) 100vw, 300px\"><\/noscript><img decoding=\"async\" class=\"aligncenter wp-image-7723 size-medium lazyload\" src=\"data:image\/svg+xml,%3Csvg%20xmlns%3D%22http%3A%2F%2Fwww.w3.org%2F2000%2Fsvg%22%20viewBox%3D%220%200%20300%20166%22%3E%3C%2Fsvg%3E\" alt width=\"300\" height=\"166\" srcset=\"data:image\/svg+xml,%3Csvg%20xmlns%3D%22http%3A%2F%2Fwww.w3.org%2F2000%2Fsvg%22%20viewBox%3D%220%200%20300%20166%22%3E%3C%2Fsvg%3E 300w\" sizes=\"(max-width: 300px) 100vw, 300px\" data-srcset=\"https:\/\/premiumline-cabling.com\/wp-content\/uploads\/2021\/08\/hybrid-2_2-300x166.jpg 300w, https:\/\/premiumline-cabling.com\/wp-content\/uploads\/2021\/08\/hybrid-2_2-768x426.jpg 768w, https:\/\/premiumline-cabling.com\/wp-content\/uploads\/2021\/08\/hybrid-2_2-430x240.jpg 430w, https:\/\/premiumline-cabling.com\/wp-content\/uploads\/2021\/08\/hybrid-2_2.jpg 779w\" data-src=\"https:\/\/premiumline-cabling.com\/wp-content\/uploads\/2021\/08\/hybrid-2_2-300x166.jpg\"><\/h4>\n<h4>KENNWERTE:<\/h4>\n<table>\n<tbody>\n<tr>\n<td width=\"187\">Material:<\/td>\n<td width=\"434\">\n<p>Rangierfeld: Stahl<\/p>\n<p>Splei\u00dfbox: ABS<\/p><\/td>\n<\/tr>\n<tr>\n<td width=\"187\">Oberfl\u00e4che:<\/td>\n<td width=\"434\">Pulverbeschichtet<\/td>\n<\/tr>\n<tr>\n<td width=\"187\">Farbe:<\/td>\n<td width=\"434\">RAL 9005<\/td>\n<\/tr>\n<tr>\n<td width=\"187\">Abmessungen (BxHxT):<\/td>\n<td width=\"434\">482.6 x 44 x 313 mm<\/td>\n<\/tr>\n<tr>\n<td width=\"187\">max. Best\u00fcckung:<\/td>\n<td width=\"434\">pro Interfaceplatte: 12x RJ45 oder 12 x LC duplex<\/td>\n<\/tr>\n<\/tbody>\n<\/table>\n<h4>INHALT:<\/h4>\n<table>\n<tbody>\n<tr>\n<td width=\"234\">Artikel<\/td>\n<td width=\"85\">Menge<\/td>\n<td width=\"302\">Bemerkung<\/td>\n<\/tr>\n<tr>\n<td width=\"234\">Splei\u00dfbox<\/td>\n<td width=\"85\">1<\/td>\n<td width=\"302\">Plastik,&nbsp; Farbe: orange<\/td>\n<\/tr>\n<tr>\n<td width=\"234\">Splei\u00dfschutzh\u00fclsen 60*2.5mm<\/td>\n<td width=\"85\">12<\/td>\n<td width=\"302\">Einzelfaser<\/td>\n<\/tr>\n<tr>\n<td width=\"234\">Nylon Kabelbinder&nbsp; 5*150mm<\/td>\n<td width=\"85\">12<\/td>\n<td width=\"302\">Farbe: wei\u00df<\/td>\n<\/tr>\n<tr>\n<td width=\"234\">Klettkabelbinder 10*100mm<\/td>\n<td width=\"85\">6<\/td>\n<td width=\"302\">Farbe: schwarz<\/td>\n<\/tr>\n<tr>\n<td width=\"234\">Schrauben&nbsp; M3<\/td>\n<td width=\"85\">2<\/td>\n<td width=\"302\">Material: rostfreier Stahl<\/td>\n<\/tr>\n<tr>\n<td width=\"234\">Erdungskabel&nbsp; 0.5mm<sup>2 <\/sup>* 250mm<\/td>\n<td width=\"85\">2<\/td>\n<td width=\"302\">Farbe: gr\u00fcn\/gelb<\/td>\n<\/tr>\n<\/tbody>\n<\/table>\n<h4>BESTELLINFORMATION:<\/h4>\n<p>Art.Nr..&nbsp; &nbsp; &nbsp; &nbsp; &nbsp; &nbsp; &nbsp; &nbsp; &nbsp; &nbsp; &nbsp; &nbsp; 248170242<\/p>\n<p>Beschreibung&nbsp; &nbsp;&nbsp;&nbsp;&nbsp;&nbsp;&nbsp;&nbsp;&nbsp;&nbsp;&nbsp;&nbsp; Premium Line 1U 19\u201d Kupfer &amp; Glasfaser Hybrid Rangierfeld 24 Port Mit Abdeckung, leer, schwarz<\/p>\n<p>Verpackung&nbsp; &nbsp; &nbsp; &nbsp; &nbsp; &nbsp; &nbsp; &nbsp; 1 Stk.\/Box, &nbsp;5 Stk.\/Karton<\/p>\n<p>Boxgr\u00f6\u00dfe:&nbsp; &nbsp; &nbsp; &nbsp; &nbsp; &nbsp; &nbsp; &nbsp; &nbsp; 520*50*370 mm &nbsp;Kartongr\u00f6\u00dfe:&nbsp; 540*290*390mm<\/p>\n<p><strong><em>&nbsp;<\/em><\/strong><\/p>\n","protected":false},"featured_media":12722,"template":"","product_category":[163,106],"class_list":["post-7719","product","type-product","status-publish","has-post-thumbnail","hentry","product_category-datenzentren","product_category-local-area-network"],"yoast_head":"<!-- This site is optimized with the Yoast SEO plugin v27.2 - https:\/\/yoast.com\/product\/yoast-seo-wordpress\/ -->\n<title>Premium-Line 1U Hybrid Kupfer- und Glasfaser Rangierfeld<\/title>\n<meta name=\"description\" content=\"Das Premium-Line Hybrid Rangierfeld wurde speziell designed f\u00fcr die flexible Verkabelung in Datenzentren. Es ist im Standard 19&quot;-Format gebaut und 24 Ports.\" \/>\n<meta name=\"robots\" content=\"index, follow, max-snippet:-1, max-image-preview:large, max-video-preview:-1\" \/>\n<link rel=\"canonical\" href=\"https:\/\/premiumline-cabling.com\/de\/product\/1u-24-hybrid-mit-abdeckung\/\" \/>\n<meta property=\"og:locale\" content=\"de_DE\" \/>\n<meta property=\"og:type\" content=\"article\" \/>\n<meta property=\"og:title\" content=\"Premium-Line 1U Hybrid Kupfer- und Glasfaser Rangierfeld\" \/>\n<meta property=\"og:description\" content=\"Das Premium-Line Hybrid Rangierfeld wurde speziell designed f\u00fcr die flexible Verkabelung in Datenzentren. Es ist im Standard 19&quot;-Format gebaut und 24 Ports.\" \/>\n<meta property=\"og:url\" content=\"https:\/\/premiumline-cabling.com\/de\/product\/1u-24-hybrid-mit-abdeckung\/\" \/>\n<meta property=\"og:site_name\" content=\"Premium-Line\" \/>\n<meta property=\"og:image\" content=\"https:\/\/premiumline-cabling.com\/wp-content\/uploads\/2021\/08\/hybrid-2_3.jpg\" \/>\n\t<meta property=\"og:image:width\" content=\"764\" \/>\n\t<meta property=\"og:image:height\" content=\"766\" \/>\n\t<meta property=\"og:image:type\" content=\"image\/jpeg\" \/>\n<meta name=\"twitter:card\" content=\"summary_large_image\" \/>\n<meta name=\"twitter:label1\" content=\"Gesch\u00e4tzte Lesezeit\" \/>\n\t<meta name=\"twitter:data1\" content=\"2\u00a0Minuten\" \/>\n<script type=\"application\/ld+json\" class=\"yoast-schema-graph\">{\"@context\":\"https:\/\/schema.org\",\"@graph\":[{\"@type\":\"WebPage\",\"@id\":\"https:\/\/premiumline-cabling.com\/de\/product\/1u-24-hybrid-mit-abdeckung\/\",\"url\":\"https:\/\/premiumline-cabling.com\/de\/product\/1u-24-hybrid-mit-abdeckung\/\",\"name\":\"Premium-Line 1U Hybrid Kupfer- und Glasfaser Rangierfeld\",\"isPartOf\":{\"@id\":\"https:\/\/premiumline-cabling.com\/#website\"},\"primaryImageOfPage\":{\"@id\":\"https:\/\/premiumline-cabling.com\/de\/product\/1u-24-hybrid-mit-abdeckung\/#primaryimage\"},\"image\":{\"@id\":\"https:\/\/premiumline-cabling.com\/de\/product\/1u-24-hybrid-mit-abdeckung\/#primaryimage\"},\"thumbnailUrl\":\"https:\/\/premiumline-cabling.com\/wp-content\/uploads\/2021\/08\/hybrid-2_3.jpg\",\"datePublished\":\"2021-08-25T08:33:47+00:00\",\"description\":\"Das Premium-Line Hybrid Rangierfeld wurde speziell designed f\u00fcr die flexible Verkabelung in Datenzentren. Es ist im Standard 19\\\"-Format gebaut und 24 Ports.\",\"breadcrumb\":{\"@id\":\"https:\/\/premiumline-cabling.com\/de\/product\/1u-24-hybrid-mit-abdeckung\/#breadcrumb\"},\"inLanguage\":\"de\",\"potentialAction\":[{\"@type\":\"ReadAction\",\"target\":[\"https:\/\/premiumline-cabling.com\/de\/product\/1u-24-hybrid-mit-abdeckung\/\"]}]},{\"@type\":\"ImageObject\",\"inLanguage\":\"de\",\"@id\":\"https:\/\/premiumline-cabling.com\/de\/product\/1u-24-hybrid-mit-abdeckung\/#primaryimage\",\"url\":\"https:\/\/premiumline-cabling.com\/wp-content\/uploads\/2021\/08\/hybrid-2_3.jpg\",\"contentUrl\":\"https:\/\/premiumline-cabling.com\/wp-content\/uploads\/2021\/08\/hybrid-2_3.jpg\",\"width\":764,\"height\":766},{\"@type\":\"BreadcrumbList\",\"@id\":\"https:\/\/premiumline-cabling.com\/de\/product\/1u-24-hybrid-mit-abdeckung\/#breadcrumb\",\"itemListElement\":[{\"@type\":\"ListItem\",\"position\":1,\"name\":\"\u0413\u043b\u0430\u0432\u043d\u0430\u044f \u0441\u0442\u0440\u0430\u043d\u0438\u0446\u0430\",\"item\":\"https:\/\/premiumline-cabling.com\/de\/\"},{\"@type\":\"ListItem\",\"position\":2,\"name\":\"1U 24 Hybrid Mit Abdeckung\"}]},{\"@type\":\"WebSite\",\"@id\":\"https:\/\/premiumline-cabling.com\/#website\",\"url\":\"https:\/\/premiumline-cabling.com\/\",\"name\":\"Premium-Line\",\"description\":\"Structured Cabling System\",\"publisher\":{\"@id\":\"https:\/\/premiumline-cabling.com\/#organization\"},\"potentialAction\":[{\"@type\":\"SearchAction\",\"target\":{\"@type\":\"EntryPoint\",\"urlTemplate\":\"https:\/\/premiumline-cabling.com\/?s={search_term_string}\"},\"query-input\":{\"@type\":\"PropertyValueSpecification\",\"valueRequired\":true,\"valueName\":\"search_term_string\"}}],\"inLanguage\":\"de\"},{\"@type\":\"Organization\",\"@id\":\"https:\/\/premiumline-cabling.com\/#organization\",\"name\":\"Premium-Line\",\"url\":\"https:\/\/premiumline-cabling.com\/\",\"logo\":{\"@type\":\"ImageObject\",\"inLanguage\":\"de\",\"@id\":\"https:\/\/premiumline-cabling.com\/#\/schema\/logo\/image\/\",\"url\":\"https:\/\/premiumline-cabling.com\/wp-content\/uploads\/2019\/04\/cropped-img_logo_site_Premium-Line.png\",\"contentUrl\":\"https:\/\/premiumline-cabling.com\/wp-content\/uploads\/2019\/04\/cropped-img_logo_site_Premium-Line.png\",\"width\":190,\"height\":62,\"caption\":\"Premium-Line\"},\"image\":{\"@id\":\"https:\/\/premiumline-cabling.com\/#\/schema\/logo\/image\/\"}}]}<\/script>\n<!-- \/ Yoast SEO plugin. -->","yoast_head_json":{"title":"Premium-Line 1U Hybrid Kupfer- und Glasfaser Rangierfeld","description":"Das Premium-Line Hybrid Rangierfeld wurde speziell designed f\u00fcr die flexible Verkabelung in Datenzentren. Es ist im Standard 19\"-Format gebaut und 24 Ports.","robots":{"index":"index","follow":"follow","max-snippet":"max-snippet:-1","max-image-preview":"max-image-preview:large","max-video-preview":"max-video-preview:-1"},"canonical":"https:\/\/premiumline-cabling.com\/de\/product\/1u-24-hybrid-mit-abdeckung\/","og_locale":"de_DE","og_type":"article","og_title":"Premium-Line 1U Hybrid Kupfer- und Glasfaser Rangierfeld","og_description":"Das Premium-Line Hybrid Rangierfeld wurde speziell designed f\u00fcr die flexible Verkabelung in Datenzentren. Es ist im Standard 19\"-Format gebaut und 24 Ports.","og_url":"https:\/\/premiumline-cabling.com\/de\/product\/1u-24-hybrid-mit-abdeckung\/","og_site_name":"Premium-Line","og_image":[{"width":764,"height":766,"url":"https:\/\/premiumline-cabling.com\/wp-content\/uploads\/2021\/08\/hybrid-2_3.jpg","type":"image\/jpeg"}],"twitter_card":"summary_large_image","twitter_misc":{"Gesch\u00e4tzte Lesezeit":"2\u00a0Minuten"},"schema":{"@context":"https:\/\/schema.org","@graph":[{"@type":"WebPage","@id":"https:\/\/premiumline-cabling.com\/de\/product\/1u-24-hybrid-mit-abdeckung\/","url":"https:\/\/premiumline-cabling.com\/de\/product\/1u-24-hybrid-mit-abdeckung\/","name":"Premium-Line 1U Hybrid Kupfer- und Glasfaser Rangierfeld","isPartOf":{"@id":"https:\/\/premiumline-cabling.com\/#website"},"primaryImageOfPage":{"@id":"https:\/\/premiumline-cabling.com\/de\/product\/1u-24-hybrid-mit-abdeckung\/#primaryimage"},"image":{"@id":"https:\/\/premiumline-cabling.com\/de\/product\/1u-24-hybrid-mit-abdeckung\/#primaryimage"},"thumbnailUrl":"https:\/\/premiumline-cabling.com\/wp-content\/uploads\/2021\/08\/hybrid-2_3.jpg","datePublished":"2021-08-25T08:33:47+00:00","description":"Das Premium-Line Hybrid Rangierfeld wurde speziell designed f\u00fcr die flexible Verkabelung in Datenzentren. Es ist im Standard 19\"-Format gebaut und 24 Ports.","breadcrumb":{"@id":"https:\/\/premiumline-cabling.com\/de\/product\/1u-24-hybrid-mit-abdeckung\/#breadcrumb"},"inLanguage":"de","potentialAction":[{"@type":"ReadAction","target":["https:\/\/premiumline-cabling.com\/de\/product\/1u-24-hybrid-mit-abdeckung\/"]}]},{"@type":"ImageObject","inLanguage":"de","@id":"https:\/\/premiumline-cabling.com\/de\/product\/1u-24-hybrid-mit-abdeckung\/#primaryimage","url":"https:\/\/premiumline-cabling.com\/wp-content\/uploads\/2021\/08\/hybrid-2_3.jpg","contentUrl":"https:\/\/premiumline-cabling.com\/wp-content\/uploads\/2021\/08\/hybrid-2_3.jpg","width":764,"height":766},{"@type":"BreadcrumbList","@id":"https:\/\/premiumline-cabling.com\/de\/product\/1u-24-hybrid-mit-abdeckung\/#breadcrumb","itemListElement":[{"@type":"ListItem","position":1,"name":"\u0413\u043b\u0430\u0432\u043d\u0430\u044f \u0441\u0442\u0440\u0430\u043d\u0438\u0446\u0430","item":"https:\/\/premiumline-cabling.com\/de\/"},{"@type":"ListItem","position":2,"name":"1U 24 Hybrid Mit Abdeckung"}]},{"@type":"WebSite","@id":"https:\/\/premiumline-cabling.com\/#website","url":"https:\/\/premiumline-cabling.com\/","name":"Premium-Line","description":"Structured Cabling System","publisher":{"@id":"https:\/\/premiumline-cabling.com\/#organization"},"potentialAction":[{"@type":"SearchAction","target":{"@type":"EntryPoint","urlTemplate":"https:\/\/premiumline-cabling.com\/?s={search_term_string}"},"query-input":{"@type":"PropertyValueSpecification","valueRequired":true,"valueName":"search_term_string"}}],"inLanguage":"de"},{"@type":"Organization","@id":"https:\/\/premiumline-cabling.com\/#organization","name":"Premium-Line","url":"https:\/\/premiumline-cabling.com\/","logo":{"@type":"ImageObject","inLanguage":"de","@id":"https:\/\/premiumline-cabling.com\/#\/schema\/logo\/image\/","url":"https:\/\/premiumline-cabling.com\/wp-content\/uploads\/2019\/04\/cropped-img_logo_site_Premium-Line.png","contentUrl":"https:\/\/premiumline-cabling.com\/wp-content\/uploads\/2019\/04\/cropped-img_logo_site_Premium-Line.png","width":190,"height":62,"caption":"Premium-Line"},"image":{"@id":"https:\/\/premiumline-cabling.com\/#\/schema\/logo\/image\/"}}]}},"_links":{"self":[{"href":"https:\/\/premiumline-cabling.com\/de\/wp-json\/wp\/v2\/product\/7719","targetHints":{"allow":["GET"]}}],"collection":[{"href":"https:\/\/premiumline-cabling.com\/de\/wp-json\/wp\/v2\/product"}],"about":[{"href":"https:\/\/premiumline-cabling.com\/de\/wp-json\/wp\/v2\/types\/product"}],"wp:featuredmedia":[{"embeddable":true,"href":"https:\/\/premiumline-cabling.com\/de\/wp-json\/wp\/v2\/media\/12722"}],"wp:attachment":[{"href":"https:\/\/premiumline-cabling.com\/de\/wp-json\/wp\/v2\/media?parent=7719"}],"wp:term":[{"taxonomy":"product_category","embeddable":true,"href":"https:\/\/premiumline-cabling.com\/de\/wp-json\/wp\/v2\/product_category?post=7719"}],"curies":[{"name":"wp","href":"https:\/\/api.w.org\/{rel}","templated":true}]}}