{"id":6152,"date":"2020-09-22T13:59:32","date_gmt":"2020-09-22T12:59:32","guid":{"rendered":"https:\/\/www.premiumline-cabling.com\/product\/cat-6a-kj-grounding\/"},"modified":"2020-10-13T13:33:09","modified_gmt":"2020-10-13T12:33:09","slug":"cat-6a-kj-grounding","status":"publish","type":"product","link":"https:\/\/premiumline-cabling.com\/de\/product\/cat-6a-kj-grounding\/","title":{"rendered":"Cat. 6A KJ mit Erdung"},"content":{"rendered":"<h2 id=\"ui-id-1\" class=\"t3ddy-accordion-header ui-accordion-header ui-state-default ui-accordion-icons ui-state-focus ui-corner-all\" tabindex=\"0\" role=\"tab\" aria-controls=\"c1345\" aria-selected=\"false\" aria-expanded=\"false\">Category 6A 180\u00b0 Keystone Jack, Druckguss, geschirmt, Erdung<\/h2>\n<p><noscript><img decoding=\"async\" class=\"alignright wp-image-6134 size-medium\" src=\"https:\/\/premiumline-cabling.com\/wp-content\/uploads\/2020\/09\/KJ_Cat6A_grounding_pin1-300x250.jpg\" alt width=\"300\" height=\"250\" srcset=\"https:\/\/premiumline-cabling.com\/wp-content\/uploads\/2020\/09\/KJ_Cat6A_grounding_pin1-300x250.jpg 300w, https:\/\/premiumline-cabling.com\/wp-content\/uploads\/2020\/09\/KJ_Cat6A_grounding_pin1.jpg 654w\" sizes=\"(max-width: 300px) 100vw, 300px\"><\/noscript><img decoding=\"async\" class=\"alignright wp-image-6134 size-medium lazyload\" src=\"data:image\/svg+xml,%3Csvg%20xmlns%3D%22http%3A%2F%2Fwww.w3.org%2F2000%2Fsvg%22%20viewBox%3D%220%200%20300%20250%22%3E%3C%2Fsvg%3E\" alt width=\"300\" height=\"250\" srcset=\"data:image\/svg+xml,%3Csvg%20xmlns%3D%22http%3A%2F%2Fwww.w3.org%2F2000%2Fsvg%22%20viewBox%3D%220%200%20300%20250%22%3E%3C%2Fsvg%3E 300w\" sizes=\"(max-width: 300px) 100vw, 300px\" data-srcset=\"https:\/\/premiumline-cabling.com\/wp-content\/uploads\/2020\/09\/KJ_Cat6A_grounding_pin1-300x250.jpg 300w, https:\/\/premiumline-cabling.com\/wp-content\/uploads\/2020\/09\/KJ_Cat6A_grounding_pin1.jpg 654w\" data-src=\"https:\/\/premiumline-cabling.com\/wp-content\/uploads\/2020\/09\/KJ_Cat6A_grounding_pin1-300x250.jpg\"><\/p>\n<h3>EIGENSCHAFTEN:<\/h3>\n<ul>\n<li>Konform zu ANSI\/TIA 568.2-D, ISO\/IEC 11801-1, EN 50173-1 Class Ea Spezifikationen<\/li>\n<li>Druckguss-Design f\u00fcr optimalen EMI Schutz (Electromagnetic Interference)<\/li>\n<li>Schmales Design ideal f\u00fcr Anwendungen mit sehr wenig Platz<\/li>\n<li>Garantiert echte ISO\/IEC 11801 and EN 50173 Short Link Performance<\/li>\n<li>Zuverl\u00e4ssige End-to-End-L\u00f6sung f\u00fcr Anwendungen mit hohem Datenverkehr<\/li>\n<li>Separate Erdungsfahne<\/li>\n<li>RoHS konform<\/li>\n<\/ul>\n<p>&nbsp;<\/p>\n<h3>APPLICATIONS:<\/h3>\n<ul>\n<li>10GBASE-T Ethernet<\/li>\n<li>1000BASE-TX Gigabit Ethernet<\/li>\n<li>1000BASE-T Gigabit Ethernet<\/li>\n<li>100BASE-TX Fast Ethernet.<\/li>\n<li>10BASE-T Ethernet<\/li>\n<li>Sprach, Video und andere Anwendungen.<\/li>\n<\/ul>\n<p><noscript><img decoding=\"async\" class=\"aligncenter wp-image-6138 size-medium\" src=\"https:\/\/premiumline-cabling.com\/wp-content\/uploads\/2020\/09\/KJ_Cat6A_grounding_pin2-300x203.jpg\" alt width=\"300\" height=\"203\" srcset=\"https:\/\/premiumline-cabling.com\/wp-content\/uploads\/2020\/09\/KJ_Cat6A_grounding_pin2-300x203.jpg 300w, https:\/\/premiumline-cabling.com\/wp-content\/uploads\/2020\/09\/KJ_Cat6A_grounding_pin2-1024x694.jpg 1024w, https:\/\/premiumline-cabling.com\/wp-content\/uploads\/2020\/09\/KJ_Cat6A_grounding_pin2-768x520.jpg 768w, https:\/\/premiumline-cabling.com\/wp-content\/uploads\/2020\/09\/KJ_Cat6A_grounding_pin2.jpg 1271w\" sizes=\"(max-width: 300px) 100vw, 300px\"><\/noscript><img decoding=\"async\" class=\"aligncenter wp-image-6138 size-medium lazyload\" src=\"data:image\/svg+xml,%3Csvg%20xmlns%3D%22http%3A%2F%2Fwww.w3.org%2F2000%2Fsvg%22%20viewBox%3D%220%200%20300%20203%22%3E%3C%2Fsvg%3E\" alt width=\"300\" height=\"203\" srcset=\"data:image\/svg+xml,%3Csvg%20xmlns%3D%22http%3A%2F%2Fwww.w3.org%2F2000%2Fsvg%22%20viewBox%3D%220%200%20300%20203%22%3E%3C%2Fsvg%3E 300w\" sizes=\"(max-width: 300px) 100vw, 300px\" data-srcset=\"https:\/\/premiumline-cabling.com\/wp-content\/uploads\/2020\/09\/KJ_Cat6A_grounding_pin2-300x203.jpg 300w, https:\/\/premiumline-cabling.com\/wp-content\/uploads\/2020\/09\/KJ_Cat6A_grounding_pin2-1024x694.jpg 1024w, https:\/\/premiumline-cabling.com\/wp-content\/uploads\/2020\/09\/KJ_Cat6A_grounding_pin2-768x520.jpg 768w, https:\/\/premiumline-cabling.com\/wp-content\/uploads\/2020\/09\/KJ_Cat6A_grounding_pin2.jpg 1271w\" data-src=\"https:\/\/premiumline-cabling.com\/wp-content\/uploads\/2020\/09\/KJ_Cat6A_grounding_pin2-300x203.jpg\"><\/p>\n<h3>KENNDATEN:<\/h3>\n<table width=\"690\">\n<tbody>\n<tr>\n<td width=\"249\">\n<p>Spannungsfestigkeit<\/p>\n<p>Stromleistung<\/p>\n<p>Isolationswiderstand<\/p>\n<p>Kontaktwiderstand<\/p>\n<p>Temperaturbereich<\/p>\n<p>Feuchtigkeit<\/p>\n<p>Zul\u00e4ssige Kabel<\/p>\n<p>Material<\/p>\n<p>Buchsen Kontakte<\/p>\n<p>Nutzungsdauer Kontakte<\/p>\n<p>IDC Kontakte<\/p>\n<p>Nutzungsdauer IDC Kontakte<\/p><\/td>\n<td width=\"426\">\n<p>1000V RMS f\u00fcr 1min<\/p>\n<p>1.5Amp max.<\/p>\n<p>10M\u03a9 min.<\/p>\n<p>2m\u03a9 pro Kontakt<\/p>\n<p>-10\u2103 bis +60\u2103<\/p>\n<p>10%~90%; nicht kondensierend<\/p>\n<p>22AWG ~ 26AWG<\/p>\n<p>Geh\u00e4use: Zink Druckguss und PC<\/p>\n<p>Phosphor Bronze, 50\u03bc vergoldet, vernickelt<\/p>\n<p>Min. 750 Steckzyklen<\/p>\n<p>100\u03bc vernickelt \u00fcber Phosphor Bronze<\/p>\n<p>Min. 250 Re-terminations<\/p><\/td>\n<\/tr>\n<\/tbody>\n<\/table>\n<h3><noscript><img decoding=\"async\" class=\"aligncenter wp-image-6137 size-full\" src=\"https:\/\/premiumline-cabling.com\/wp-content\/uploads\/2020\/09\/KJ_Cat6A_grounding_pin3.jpg\" alt width=\"762\" height=\"455\" srcset=\"https:\/\/premiumline-cabling.com\/wp-content\/uploads\/2020\/09\/KJ_Cat6A_grounding_pin3.jpg 762w, https:\/\/premiumline-cabling.com\/wp-content\/uploads\/2020\/09\/KJ_Cat6A_grounding_pin3-300x179.jpg 300w\" sizes=\"(max-width: 762px) 100vw, 762px\"><\/noscript><img decoding=\"async\" class=\"aligncenter wp-image-6137 size-full lazyload\" src=\"data:image\/svg+xml,%3Csvg%20xmlns%3D%22http%3A%2F%2Fwww.w3.org%2F2000%2Fsvg%22%20viewBox%3D%220%200%20762%20455%22%3E%3C%2Fsvg%3E\" alt width=\"762\" height=\"455\" srcset=\"data:image\/svg+xml,%3Csvg%20xmlns%3D%22http%3A%2F%2Fwww.w3.org%2F2000%2Fsvg%22%20viewBox%3D%220%200%20762%20455%22%3E%3C%2Fsvg%3E 762w\" sizes=\"(max-width: 762px) 100vw, 762px\" data-srcset=\"https:\/\/premiumline-cabling.com\/wp-content\/uploads\/2020\/09\/KJ_Cat6A_grounding_pin3.jpg 762w, https:\/\/premiumline-cabling.com\/wp-content\/uploads\/2020\/09\/KJ_Cat6A_grounding_pin3-300x179.jpg 300w\" data-src=\"https:\/\/premiumline-cabling.com\/wp-content\/uploads\/2020\/09\/KJ_Cat6A_grounding_pin3.jpg\"><\/h3>\n<p><iframe title=\"Cat.6A 180 \u00b0 Shielded Die-casting Keystone Jack Slim Type with grounding pin\" width=\"500\" height=\"281\" src=\"https:\/\/www.youtube.com\/embed\/74Ae2d3NZVo?feature=oembed\" frameborder=\"0\" allow=\"accelerometer; autoplay; clipboard-write; encrypted-media; gyroscope; picture-in-picture; web-share\" referrerpolicy=\"strict-origin-when-cross-origin\" allowfullscreen><\/iframe><\/p>\n<h3>BESTELLINFORMATION:<\/h3>\n<table style=\"width: 765px;\" width=\"737\">\n<tbody>\n<tr>\n<td style=\"width: 118px;\" width=\"104\">Art. Nr.:<\/td>\n<td style=\"width: 647px;\" width=\"633\">109824012<\/td>\n<\/tr>\n<tr>\n<td style=\"width: 118px;\" width=\"104\">Beschreibung:<\/td>\n<td style=\"width: 647px;\" width=\"633\">Cat.6A 180\u00b0 geschirmtes Druckguss Keystone Modul, Erdung, schmal<\/td>\n<\/tr>\n<tr>\n<td style=\"width: 118px;\" width=\"104\">Verpackung:<\/td>\n<td style=\"width: 647px;\" width=\"633\">1Stk.\/ PE Packung, 40Stk.\/ Schachtel, 400Stk.\/ Karton<br>\nKarton Gr\u00f6\u00dfe 53.8*35.2*27 cm Gewicht N.W. 10.8 KG G.W. 12.5KG<\/td>\n<\/tr>\n<\/tbody>\n<\/table>\n<h3><\/h3>\n","protected":false},"featured_media":6145,"template":"","product_category":[73],"class_list":["post-6152","product","type-product","status-publish","has-post-thumbnail","hentry","product_category-shielded-keystone-jack-de"],"yoast_head":"<!-- This site is optimized with the Yoast SEO plugin v27.2 - https:\/\/yoast.com\/product\/yoast-seo-wordpress\/ -->\n<title>Cat. 6A KJ mit Erdung - Premium-Line<\/title>\n<meta name=\"robots\" content=\"index, follow, max-snippet:-1, max-image-preview:large, max-video-preview:-1\" \/>\n<link rel=\"canonical\" href=\"https:\/\/premiumline-cabling.com\/de\/product\/cat-6a-kj-grounding\/\" \/>\n<meta property=\"og:locale\" content=\"de_DE\" \/>\n<meta property=\"og:type\" content=\"article\" \/>\n<meta property=\"og:title\" content=\"Cat. 6A KJ mit Erdung - Premium-Line\" \/>\n<meta property=\"og:description\" content=\"Category 6A 180\u00b0 Keystone Jack, Druckguss, geschirmt, Erdung EIGENSCHAFTEN: Konform zu ANSI\/TIA 568.2-D, ISO\/IEC 11801-1, EN 50173-1 Class Ea Spezifikationen Druckguss-Design f\u00fcr optimalen EMI Schutz (Electromagnetic Interference) Schmales Design ideal...\" \/>\n<meta property=\"og:url\" content=\"https:\/\/premiumline-cabling.com\/de\/product\/cat-6a-kj-grounding\/\" \/>\n<meta property=\"og:site_name\" content=\"Premium-Line\" \/>\n<meta property=\"article:modified_time\" content=\"2020-10-13T12:33:09+00:00\" \/>\n<meta property=\"og:image\" content=\"https:\/\/premiumline-cabling.com\/wp-content\/uploads\/2020\/09\/KJ_Cat6A_grounding_pin1_m.jpg\" \/>\n\t<meta property=\"og:image:width\" content=\"810\" \/>\n\t<meta property=\"og:image:height\" content=\"762\" \/>\n\t<meta property=\"og:image:type\" content=\"image\/jpeg\" \/>\n<meta name=\"twitter:card\" content=\"summary_large_image\" \/>\n<meta name=\"twitter:label1\" content=\"Gesch\u00e4tzte Lesezeit\" \/>\n\t<meta name=\"twitter:data1\" content=\"1\u00a0Minute\" \/>\n<script type=\"application\/ld+json\" class=\"yoast-schema-graph\">{\"@context\":\"https:\/\/schema.org\",\"@graph\":[{\"@type\":\"WebPage\",\"@id\":\"https:\/\/premiumline-cabling.com\/de\/product\/cat-6a-kj-grounding\/\",\"url\":\"https:\/\/premiumline-cabling.com\/de\/product\/cat-6a-kj-grounding\/\",\"name\":\"Cat. 6A KJ mit Erdung - Premium-Line\",\"isPartOf\":{\"@id\":\"https:\/\/premiumline-cabling.com\/#website\"},\"primaryImageOfPage\":{\"@id\":\"https:\/\/premiumline-cabling.com\/de\/product\/cat-6a-kj-grounding\/#primaryimage\"},\"image\":{\"@id\":\"https:\/\/premiumline-cabling.com\/de\/product\/cat-6a-kj-grounding\/#primaryimage\"},\"thumbnailUrl\":\"https:\/\/premiumline-cabling.com\/wp-content\/uploads\/2020\/09\/KJ_Cat6A_grounding_pin1_m.jpg\",\"datePublished\":\"2020-09-22T12:59:32+00:00\",\"dateModified\":\"2020-10-13T12:33:09+00:00\",\"breadcrumb\":{\"@id\":\"https:\/\/premiumline-cabling.com\/de\/product\/cat-6a-kj-grounding\/#breadcrumb\"},\"inLanguage\":\"de\",\"potentialAction\":[{\"@type\":\"ReadAction\",\"target\":[\"https:\/\/premiumline-cabling.com\/de\/product\/cat-6a-kj-grounding\/\"]}]},{\"@type\":\"ImageObject\",\"inLanguage\":\"de\",\"@id\":\"https:\/\/premiumline-cabling.com\/de\/product\/cat-6a-kj-grounding\/#primaryimage\",\"url\":\"https:\/\/premiumline-cabling.com\/wp-content\/uploads\/2020\/09\/KJ_Cat6A_grounding_pin1_m.jpg\",\"contentUrl\":\"https:\/\/premiumline-cabling.com\/wp-content\/uploads\/2020\/09\/KJ_Cat6A_grounding_pin1_m.jpg\",\"width\":810,\"height\":762},{\"@type\":\"BreadcrumbList\",\"@id\":\"https:\/\/premiumline-cabling.com\/de\/product\/cat-6a-kj-grounding\/#breadcrumb\",\"itemListElement\":[{\"@type\":\"ListItem\",\"position\":1,\"name\":\"\u0413\u043b\u0430\u0432\u043d\u0430\u044f \u0441\u0442\u0440\u0430\u043d\u0438\u0446\u0430\",\"item\":\"https:\/\/premiumline-cabling.com\/de\/\"},{\"@type\":\"ListItem\",\"position\":2,\"name\":\"Cat. 6A KJ mit Erdung\"}]},{\"@type\":\"WebSite\",\"@id\":\"https:\/\/premiumline-cabling.com\/#website\",\"url\":\"https:\/\/premiumline-cabling.com\/\",\"name\":\"Premium-Line\",\"description\":\"Structured Cabling System\",\"publisher\":{\"@id\":\"https:\/\/premiumline-cabling.com\/#organization\"},\"potentialAction\":[{\"@type\":\"SearchAction\",\"target\":{\"@type\":\"EntryPoint\",\"urlTemplate\":\"https:\/\/premiumline-cabling.com\/?s={search_term_string}\"},\"query-input\":{\"@type\":\"PropertyValueSpecification\",\"valueRequired\":true,\"valueName\":\"search_term_string\"}}],\"inLanguage\":\"de\"},{\"@type\":\"Organization\",\"@id\":\"https:\/\/premiumline-cabling.com\/#organization\",\"name\":\"Premium-Line\",\"url\":\"https:\/\/premiumline-cabling.com\/\",\"logo\":{\"@type\":\"ImageObject\",\"inLanguage\":\"de\",\"@id\":\"https:\/\/premiumline-cabling.com\/#\/schema\/logo\/image\/\",\"url\":\"https:\/\/premiumline-cabling.com\/wp-content\/uploads\/2019\/04\/cropped-img_logo_site_Premium-Line.png\",\"contentUrl\":\"https:\/\/premiumline-cabling.com\/wp-content\/uploads\/2019\/04\/cropped-img_logo_site_Premium-Line.png\",\"width\":190,\"height\":62,\"caption\":\"Premium-Line\"},\"image\":{\"@id\":\"https:\/\/premiumline-cabling.com\/#\/schema\/logo\/image\/\"}}]}<\/script>\n<!-- \/ Yoast SEO plugin. -->","yoast_head_json":{"title":"Cat. 6A KJ mit Erdung - Premium-Line","robots":{"index":"index","follow":"follow","max-snippet":"max-snippet:-1","max-image-preview":"max-image-preview:large","max-video-preview":"max-video-preview:-1"},"canonical":"https:\/\/premiumline-cabling.com\/de\/product\/cat-6a-kj-grounding\/","og_locale":"de_DE","og_type":"article","og_title":"Cat. 6A KJ mit Erdung - Premium-Line","og_description":"Category 6A 180\u00b0 Keystone Jack, Druckguss, geschirmt, Erdung EIGENSCHAFTEN: Konform zu ANSI\/TIA 568.2-D, ISO\/IEC 11801-1, EN 50173-1 Class Ea Spezifikationen Druckguss-Design f\u00fcr optimalen EMI Schutz (Electromagnetic Interference) Schmales Design ideal...","og_url":"https:\/\/premiumline-cabling.com\/de\/product\/cat-6a-kj-grounding\/","og_site_name":"Premium-Line","article_modified_time":"2020-10-13T12:33:09+00:00","og_image":[{"width":810,"height":762,"url":"https:\/\/premiumline-cabling.com\/wp-content\/uploads\/2020\/09\/KJ_Cat6A_grounding_pin1_m.jpg","type":"image\/jpeg"}],"twitter_card":"summary_large_image","twitter_misc":{"Gesch\u00e4tzte Lesezeit":"1\u00a0Minute"},"schema":{"@context":"https:\/\/schema.org","@graph":[{"@type":"WebPage","@id":"https:\/\/premiumline-cabling.com\/de\/product\/cat-6a-kj-grounding\/","url":"https:\/\/premiumline-cabling.com\/de\/product\/cat-6a-kj-grounding\/","name":"Cat. 6A KJ mit Erdung - Premium-Line","isPartOf":{"@id":"https:\/\/premiumline-cabling.com\/#website"},"primaryImageOfPage":{"@id":"https:\/\/premiumline-cabling.com\/de\/product\/cat-6a-kj-grounding\/#primaryimage"},"image":{"@id":"https:\/\/premiumline-cabling.com\/de\/product\/cat-6a-kj-grounding\/#primaryimage"},"thumbnailUrl":"https:\/\/premiumline-cabling.com\/wp-content\/uploads\/2020\/09\/KJ_Cat6A_grounding_pin1_m.jpg","datePublished":"2020-09-22T12:59:32+00:00","dateModified":"2020-10-13T12:33:09+00:00","breadcrumb":{"@id":"https:\/\/premiumline-cabling.com\/de\/product\/cat-6a-kj-grounding\/#breadcrumb"},"inLanguage":"de","potentialAction":[{"@type":"ReadAction","target":["https:\/\/premiumline-cabling.com\/de\/product\/cat-6a-kj-grounding\/"]}]},{"@type":"ImageObject","inLanguage":"de","@id":"https:\/\/premiumline-cabling.com\/de\/product\/cat-6a-kj-grounding\/#primaryimage","url":"https:\/\/premiumline-cabling.com\/wp-content\/uploads\/2020\/09\/KJ_Cat6A_grounding_pin1_m.jpg","contentUrl":"https:\/\/premiumline-cabling.com\/wp-content\/uploads\/2020\/09\/KJ_Cat6A_grounding_pin1_m.jpg","width":810,"height":762},{"@type":"BreadcrumbList","@id":"https:\/\/premiumline-cabling.com\/de\/product\/cat-6a-kj-grounding\/#breadcrumb","itemListElement":[{"@type":"ListItem","position":1,"name":"\u0413\u043b\u0430\u0432\u043d\u0430\u044f \u0441\u0442\u0440\u0430\u043d\u0438\u0446\u0430","item":"https:\/\/premiumline-cabling.com\/de\/"},{"@type":"ListItem","position":2,"name":"Cat. 6A KJ mit Erdung"}]},{"@type":"WebSite","@id":"https:\/\/premiumline-cabling.com\/#website","url":"https:\/\/premiumline-cabling.com\/","name":"Premium-Line","description":"Structured Cabling System","publisher":{"@id":"https:\/\/premiumline-cabling.com\/#organization"},"potentialAction":[{"@type":"SearchAction","target":{"@type":"EntryPoint","urlTemplate":"https:\/\/premiumline-cabling.com\/?s={search_term_string}"},"query-input":{"@type":"PropertyValueSpecification","valueRequired":true,"valueName":"search_term_string"}}],"inLanguage":"de"},{"@type":"Organization","@id":"https:\/\/premiumline-cabling.com\/#organization","name":"Premium-Line","url":"https:\/\/premiumline-cabling.com\/","logo":{"@type":"ImageObject","inLanguage":"de","@id":"https:\/\/premiumline-cabling.com\/#\/schema\/logo\/image\/","url":"https:\/\/premiumline-cabling.com\/wp-content\/uploads\/2019\/04\/cropped-img_logo_site_Premium-Line.png","contentUrl":"https:\/\/premiumline-cabling.com\/wp-content\/uploads\/2019\/04\/cropped-img_logo_site_Premium-Line.png","width":190,"height":62,"caption":"Premium-Line"},"image":{"@id":"https:\/\/premiumline-cabling.com\/#\/schema\/logo\/image\/"}}]}},"_links":{"self":[{"href":"https:\/\/premiumline-cabling.com\/de\/wp-json\/wp\/v2\/product\/6152","targetHints":{"allow":["GET"]}}],"collection":[{"href":"https:\/\/premiumline-cabling.com\/de\/wp-json\/wp\/v2\/product"}],"about":[{"href":"https:\/\/premiumline-cabling.com\/de\/wp-json\/wp\/v2\/types\/product"}],"wp:featuredmedia":[{"embeddable":true,"href":"https:\/\/premiumline-cabling.com\/de\/wp-json\/wp\/v2\/media\/6145"}],"wp:attachment":[{"href":"https:\/\/premiumline-cabling.com\/de\/wp-json\/wp\/v2\/media?parent=6152"}],"wp:term":[{"taxonomy":"product_category","embeddable":true,"href":"https:\/\/premiumline-cabling.com\/de\/wp-json\/wp\/v2\/product_category?post=6152"}],"curies":[{"name":"wp","href":"https:\/\/api.w.org\/{rel}","templated":true}]}}