{"id":4114,"date":"2019-02-13T12:49:26","date_gmt":"2019-02-13T09:49:26","guid":{"rendered":"https:\/\/www.premiumline-cabling.com\/product\/junction-box\/"},"modified":"2019-12-26T13:28:02","modified_gmt":"2019-12-26T10:28:02","slug":"junction-box","status":"publish","type":"product","link":"https:\/\/premiumline-cabling.com\/de\/product\/junction-box\/","title":{"rendered":"Verbindungsbox"},"content":{"rendered":"<h2>Verbindungsbox<\/h2>\n<div id=\"attachment_976\" style=\"width: 310px\" class=\"wp-caption alignright\"><noscript><img decoding=\"async\" aria-describedby=\"caption-attachment-976\" class=\"size-full wp-image-976\" src=\"https:\/\/premiumline-cabling.com\/wp-content\/uploads\/2019\/02\/img-PL_junction-box.jpg\" alt width=\"300\" height=\"220\"><\/noscript><img decoding=\"async\" aria-describedby=\"caption-attachment-976\" class=\"size-full wp-image-976 lazyload\" src=\"data:image\/svg+xml,%3Csvg%20xmlns%3D%22http%3A%2F%2Fwww.w3.org%2F2000%2Fsvg%22%20viewBox%3D%220%200%20300%20220%22%3E%3C%2Fsvg%3E\" alt width=\"300\" height=\"220\" data-src=\"https:\/\/premiumline-cabling.com\/wp-content\/uploads\/2019\/02\/img-PL_junction-box.jpg\"><p id=\"caption-attachment-976\" class=\"wp-caption-text\">192620000<\/p><\/div>\n<p>Die durchf\u00fchrende Verbindung der Anschlussdose wird durch die Punch-Down-Funktion der IDC-Anschl\u00fcsse erreicht. Somit ist eine einfach Handhabung gew\u00e4hrleistet.<\/p>\n<p>&nbsp;<\/p>\n<h3>EIGENSCHAFTEN:<\/h3>\n<ul>\n<li>verbindet Category 6A\/6\/5e Verlegekabel ohne Verlust der Cat.6A\/6\/5e Performance<\/li>\n<li>Konform mit ANSI\/TIA\/EIA-568-C.2 Anforderungen, ISO 11801, EN 50173-1<\/li>\n<li>PCB-Design f\u00fcr maximale Zuverl\u00e4ssigkeit<\/li>\n<li>Dual Type IDC Terminierung<\/li>\n<li>RoHS konform<\/li>\n<\/ul>\n<p><strong>Junction Box<\/strong><\/p>\n<table style=\"height: 120px;\" width=\"100%\">\n<thead>\n<tr style=\"height: 24px;\">\n<td style=\"height: 24px;\"><strong>Art.Nr.<\/strong><\/td>\n<td style=\"height: 24px; text-align: left;\"><strong>Beschreibung<\/strong><\/td>\n<\/tr>\n<\/thead>\n<tbody>\n<tr style=\"height: 24px;\">\n<td style=\"height: 24px;\">192510001<\/td>\n<td style=\"height: 24px; text-align: left;\">Category 5e Verbindungsbox, ungeschirmt<\/td>\n<\/tr>\n<tr style=\"height: 24px;\">\n<td style=\"height: 24px;\">192520000<\/td>\n<td style=\"height: 24px; text-align: left;\">Category 5e Verbindungsbox, geschirmt<\/td>\n<\/tr>\n<tr style=\"height: 24px;\">\n<td style=\"height: 24px;\">192610001<\/td>\n<td style=\"height: 24px; text-align: left;\">Category 6 Verbindungsbox, ungeschirmt<\/td>\n<\/tr>\n<tr style=\"height: 24px;\">\n<td style=\"height: 24px;\">192620000<\/td>\n<td style=\"height: 24px; text-align: left;\">Category 6 Verbindungsbox, geschirmt<\/td>\n<\/tr>\n<tr>\n<td>19292000<\/td>\n<td style=\"text-align: left;\">Category 6A Verbindungsbox, geschirmt<\/td>\n<\/tr>\n<\/tbody>\n<\/table>\n<p>&nbsp;<\/p>\n","protected":false},"featured_media":0,"template":"","product_category":[103],"class_list":["post-4114","product","type-product","status-publish","hentry","product_category-tools-accessories-de"],"yoast_head":"<!-- This site is optimized with the Yoast SEO plugin v27.4 - https:\/\/yoast.com\/product\/yoast-seo-wordpress\/ -->\n<title>Premium-Line Junction Box<\/title>\n<meta name=\"description\" content=\"Junction Box offers punch down IDC termination types which provides a feed-through connection. The Junction Box provides an easy way to connect two patch cables.\" \/>\n<meta name=\"robots\" content=\"index, follow, max-snippet:-1, max-image-preview:large, max-video-preview:-1\" \/>\n<link rel=\"canonical\" href=\"https:\/\/premiumline-cabling.com\/de\/product\/junction-box\/\" \/>\n<meta property=\"og:locale\" content=\"de_DE\" \/>\n<meta property=\"og:type\" content=\"article\" \/>\n<meta property=\"og:title\" content=\"Premium-Line Junction Box\" \/>\n<meta property=\"og:description\" content=\"Junction Box offers punch down IDC termination types which provides a feed-through connection. The Junction Box provides an easy way to connect two patch cables.\" \/>\n<meta property=\"og:url\" content=\"https:\/\/premiumline-cabling.com\/de\/product\/junction-box\/\" \/>\n<meta property=\"og:site_name\" content=\"Premium-Line\" \/>\n<meta property=\"article:modified_time\" content=\"2019-12-26T10:28:02+00:00\" \/>\n<meta property=\"og:image\" content=\"https:\/\/premiumline-cabling.com\/wp-content\/uploads\/2019\/02\/img-PL_junction-box.jpg\" \/>\n<meta name=\"twitter:card\" content=\"summary_large_image\" \/>\n<script type=\"application\/ld+json\" class=\"yoast-schema-graph\">{\"@context\":\"https:\\\/\\\/schema.org\",\"@graph\":[{\"@type\":\"WebPage\",\"@id\":\"https:\\\/\\\/premiumline-cabling.com\\\/de\\\/product\\\/junction-box\\\/\",\"url\":\"https:\\\/\\\/premiumline-cabling.com\\\/de\\\/product\\\/junction-box\\\/\",\"name\":\"Premium-Line Junction Box\",\"isPartOf\":{\"@id\":\"https:\\\/\\\/premiumline-cabling.com\\\/#website\"},\"primaryImageOfPage\":{\"@id\":\"https:\\\/\\\/premiumline-cabling.com\\\/de\\\/product\\\/junction-box\\\/#primaryimage\"},\"image\":{\"@id\":\"https:\\\/\\\/premiumline-cabling.com\\\/de\\\/product\\\/junction-box\\\/#primaryimage\"},\"thumbnailUrl\":\"https:\\\/\\\/premiumline-cabling.com\\\/wp-content\\\/uploads\\\/2019\\\/02\\\/img-PL_junction-box.jpg\",\"datePublished\":\"2019-02-13T09:49:26+00:00\",\"dateModified\":\"2019-12-26T10:28:02+00:00\",\"description\":\"Junction Box offers punch down IDC termination types which provides a feed-through connection. The Junction Box provides an easy way to connect two patch cables.\",\"breadcrumb\":{\"@id\":\"https:\\\/\\\/premiumline-cabling.com\\\/de\\\/product\\\/junction-box\\\/#breadcrumb\"},\"inLanguage\":\"de\",\"potentialAction\":[{\"@type\":\"ReadAction\",\"target\":[\"https:\\\/\\\/premiumline-cabling.com\\\/de\\\/product\\\/junction-box\\\/\"]}]},{\"@type\":\"ImageObject\",\"inLanguage\":\"de\",\"@id\":\"https:\\\/\\\/premiumline-cabling.com\\\/de\\\/product\\\/junction-box\\\/#primaryimage\",\"url\":\"https:\\\/\\\/premiumline-cabling.com\\\/wp-content\\\/uploads\\\/2019\\\/02\\\/img-PL_junction-box.jpg\",\"contentUrl\":\"https:\\\/\\\/premiumline-cabling.com\\\/wp-content\\\/uploads\\\/2019\\\/02\\\/img-PL_junction-box.jpg\"},{\"@type\":\"BreadcrumbList\",\"@id\":\"https:\\\/\\\/premiumline-cabling.com\\\/de\\\/product\\\/junction-box\\\/#breadcrumb\",\"itemListElement\":[{\"@type\":\"ListItem\",\"position\":1,\"name\":\"\u0413\u043b\u0430\u0432\u043d\u0430\u044f \u0441\u0442\u0440\u0430\u043d\u0438\u0446\u0430\",\"item\":\"https:\\\/\\\/premiumline-cabling.com\\\/de\\\/\"},{\"@type\":\"ListItem\",\"position\":2,\"name\":\"Verbindungsbox\"}]},{\"@type\":\"WebSite\",\"@id\":\"https:\\\/\\\/premiumline-cabling.com\\\/#website\",\"url\":\"https:\\\/\\\/premiumline-cabling.com\\\/\",\"name\":\"Premium-Line\",\"description\":\"Structured Cabling System\",\"publisher\":{\"@id\":\"https:\\\/\\\/premiumline-cabling.com\\\/#organization\"},\"potentialAction\":[{\"@type\":\"SearchAction\",\"target\":{\"@type\":\"EntryPoint\",\"urlTemplate\":\"https:\\\/\\\/premiumline-cabling.com\\\/?s={search_term_string}\"},\"query-input\":{\"@type\":\"PropertyValueSpecification\",\"valueRequired\":true,\"valueName\":\"search_term_string\"}}],\"inLanguage\":\"de\"},{\"@type\":\"Organization\",\"@id\":\"https:\\\/\\\/premiumline-cabling.com\\\/#organization\",\"name\":\"Premium-Line\",\"url\":\"https:\\\/\\\/premiumline-cabling.com\\\/\",\"logo\":{\"@type\":\"ImageObject\",\"inLanguage\":\"de\",\"@id\":\"https:\\\/\\\/premiumline-cabling.com\\\/#\\\/schema\\\/logo\\\/image\\\/\",\"url\":\"https:\\\/\\\/premiumline-cabling.com\\\/wp-content\\\/uploads\\\/2019\\\/04\\\/cropped-img_logo_site_Premium-Line.png\",\"contentUrl\":\"https:\\\/\\\/premiumline-cabling.com\\\/wp-content\\\/uploads\\\/2019\\\/04\\\/cropped-img_logo_site_Premium-Line.png\",\"width\":190,\"height\":62,\"caption\":\"Premium-Line\"},\"image\":{\"@id\":\"https:\\\/\\\/premiumline-cabling.com\\\/#\\\/schema\\\/logo\\\/image\\\/\"}}]}<\/script>\n<!-- \/ Yoast SEO plugin. -->","yoast_head_json":{"title":"Premium-Line Junction Box","description":"Junction Box offers punch down IDC termination types which provides a feed-through connection. The Junction Box provides an easy way to connect two patch cables.","robots":{"index":"index","follow":"follow","max-snippet":"max-snippet:-1","max-image-preview":"max-image-preview:large","max-video-preview":"max-video-preview:-1"},"canonical":"https:\/\/premiumline-cabling.com\/de\/product\/junction-box\/","og_locale":"de_DE","og_type":"article","og_title":"Premium-Line Junction Box","og_description":"Junction Box offers punch down IDC termination types which provides a feed-through connection. The Junction Box provides an easy way to connect two patch cables.","og_url":"https:\/\/premiumline-cabling.com\/de\/product\/junction-box\/","og_site_name":"Premium-Line","article_modified_time":"2019-12-26T10:28:02+00:00","og_image":[{"url":"https:\/\/premiumline-cabling.com\/wp-content\/uploads\/2019\/02\/img-PL_junction-box.jpg","type":"","width":"","height":""}],"twitter_card":"summary_large_image","schema":{"@context":"https:\/\/schema.org","@graph":[{"@type":"WebPage","@id":"https:\/\/premiumline-cabling.com\/de\/product\/junction-box\/","url":"https:\/\/premiumline-cabling.com\/de\/product\/junction-box\/","name":"Premium-Line Junction Box","isPartOf":{"@id":"https:\/\/premiumline-cabling.com\/#website"},"primaryImageOfPage":{"@id":"https:\/\/premiumline-cabling.com\/de\/product\/junction-box\/#primaryimage"},"image":{"@id":"https:\/\/premiumline-cabling.com\/de\/product\/junction-box\/#primaryimage"},"thumbnailUrl":"https:\/\/premiumline-cabling.com\/wp-content\/uploads\/2019\/02\/img-PL_junction-box.jpg","datePublished":"2019-02-13T09:49:26+00:00","dateModified":"2019-12-26T10:28:02+00:00","description":"Junction Box offers punch down IDC termination types which provides a feed-through connection. The Junction Box provides an easy way to connect two patch cables.","breadcrumb":{"@id":"https:\/\/premiumline-cabling.com\/de\/product\/junction-box\/#breadcrumb"},"inLanguage":"de","potentialAction":[{"@type":"ReadAction","target":["https:\/\/premiumline-cabling.com\/de\/product\/junction-box\/"]}]},{"@type":"ImageObject","inLanguage":"de","@id":"https:\/\/premiumline-cabling.com\/de\/product\/junction-box\/#primaryimage","url":"https:\/\/premiumline-cabling.com\/wp-content\/uploads\/2019\/02\/img-PL_junction-box.jpg","contentUrl":"https:\/\/premiumline-cabling.com\/wp-content\/uploads\/2019\/02\/img-PL_junction-box.jpg"},{"@type":"BreadcrumbList","@id":"https:\/\/premiumline-cabling.com\/de\/product\/junction-box\/#breadcrumb","itemListElement":[{"@type":"ListItem","position":1,"name":"\u0413\u043b\u0430\u0432\u043d\u0430\u044f \u0441\u0442\u0440\u0430\u043d\u0438\u0446\u0430","item":"https:\/\/premiumline-cabling.com\/de\/"},{"@type":"ListItem","position":2,"name":"Verbindungsbox"}]},{"@type":"WebSite","@id":"https:\/\/premiumline-cabling.com\/#website","url":"https:\/\/premiumline-cabling.com\/","name":"Premium-Line","description":"Structured Cabling System","publisher":{"@id":"https:\/\/premiumline-cabling.com\/#organization"},"potentialAction":[{"@type":"SearchAction","target":{"@type":"EntryPoint","urlTemplate":"https:\/\/premiumline-cabling.com\/?s={search_term_string}"},"query-input":{"@type":"PropertyValueSpecification","valueRequired":true,"valueName":"search_term_string"}}],"inLanguage":"de"},{"@type":"Organization","@id":"https:\/\/premiumline-cabling.com\/#organization","name":"Premium-Line","url":"https:\/\/premiumline-cabling.com\/","logo":{"@type":"ImageObject","inLanguage":"de","@id":"https:\/\/premiumline-cabling.com\/#\/schema\/logo\/image\/","url":"https:\/\/premiumline-cabling.com\/wp-content\/uploads\/2019\/04\/cropped-img_logo_site_Premium-Line.png","contentUrl":"https:\/\/premiumline-cabling.com\/wp-content\/uploads\/2019\/04\/cropped-img_logo_site_Premium-Line.png","width":190,"height":62,"caption":"Premium-Line"},"image":{"@id":"https:\/\/premiumline-cabling.com\/#\/schema\/logo\/image\/"}}]}},"_links":{"self":[{"href":"https:\/\/premiumline-cabling.com\/de\/wp-json\/wp\/v2\/product\/4114","targetHints":{"allow":["GET"]}}],"collection":[{"href":"https:\/\/premiumline-cabling.com\/de\/wp-json\/wp\/v2\/product"}],"about":[{"href":"https:\/\/premiumline-cabling.com\/de\/wp-json\/wp\/v2\/types\/product"}],"wp:attachment":[{"href":"https:\/\/premiumline-cabling.com\/de\/wp-json\/wp\/v2\/media?parent=4114"}],"wp:term":[{"taxonomy":"product_category","embeddable":true,"href":"https:\/\/premiumline-cabling.com\/de\/wp-json\/wp\/v2\/product_category?post=4114"}],"curies":[{"name":"wp","href":"https:\/\/api.w.org\/{rel}","templated":true}]}}