{"id":3891,"date":"2019-11-29T17:04:01","date_gmt":"2019-11-29T14:04:01","guid":{"rendered":"https:\/\/www.premiumline-cabling.com\/product\/pp-cat-5e-1u-unshielded-48p\/"},"modified":"2019-12-02T18:41:39","modified_gmt":"2019-12-02T15:41:39","slug":"pp-cat-5e-1u-unshielded-48p","status":"publish","type":"product","link":"https:\/\/premiumline-cabling.com\/de\/product\/pp-cat-5e-1u-unshielded-48p\/","title":{"rendered":"Cat. 5e ungeschirmt 48port"},"content":{"rendered":"<h2>Category 5e 1U 180\u00b0 48-Port Patchpanel, ungeschirmt<\/h2>\n<p><noscript><img decoding=\"async\" class=\"alignright wp-image-3835 size-medium\" src=\"https:\/\/premiumline-cabling.com\/wp-content\/uploads\/2019\/11\/PP_5e_u_180_1U_48_f-300x41.jpg\" alt width=\"300\" height=\"41\" srcset=\"https:\/\/premiumline-cabling.com\/wp-content\/uploads\/2019\/11\/PP_5e_u_180_1U_48_f-300x41.jpg 300w, https:\/\/premiumline-cabling.com\/wp-content\/uploads\/2019\/11\/PP_5e_u_180_1U_48_f.jpg 659w\" sizes=\"(max-width: 300px) 100vw, 300px\"><\/noscript><img decoding=\"async\" class=\"alignright wp-image-3835 size-medium lazyload\" src=\"data:image\/svg+xml,%3Csvg%20xmlns%3D%22http%3A%2F%2Fwww.w3.org%2F2000%2Fsvg%22%20viewBox%3D%220%200%20300%2041%22%3E%3C%2Fsvg%3E\" alt width=\"300\" height=\"41\" srcset=\"data:image\/svg+xml,%3Csvg%20xmlns%3D%22http%3A%2F%2Fwww.w3.org%2F2000%2Fsvg%22%20viewBox%3D%220%200%20300%2041%22%3E%3C%2Fsvg%3E 300w\" sizes=\"(max-width: 300px) 100vw, 300px\" data-srcset=\"https:\/\/premiumline-cabling.com\/wp-content\/uploads\/2019\/11\/PP_5e_u_180_1U_48_f-300x41.jpg 300w, https:\/\/premiumline-cabling.com\/wp-content\/uploads\/2019\/11\/PP_5e_u_180_1U_48_f.jpg 659w\" data-src=\"https:\/\/premiumline-cabling.com\/wp-content\/uploads\/2019\/11\/PP_5e_u_180_1U_48_f-300x41.jpg\"><\/p>\n<p>Das Premium-Line Cat 5e 19-Zoll-Patchpanel mit hoher Packungsdichte &#8211; 48 Anschl\u00fcssen in 1 HE- kann die Kapazit\u00e4t in Ihrem Rack durch eine signifikante Raumersparnis erheblich erweitern.<br>\nF\u00fcr alle Cross-Connect-Racks und HC-Netzwerk-Racks im Rechenzentrum oder TR ist dies die ideale L\u00f6sung, um eine flexible Bereitstellung und m\u00f6glich Erweiterung f\u00fcr den Endkunden zu gew\u00e4hrleisten. Das Panel ist eine ideale, budgetsparende und wettbewerbsf\u00e4hige L\u00f6sung und entspricht der EU-ROHS-Richtlinie.<\/p>\n<h3>EIGENSCHAFTEN:<\/h3>\n<ul>\n<li>Entspricht den ANSI\/TIA-568-C.2 Category 5e, ISO\/IEC 11801 und EN 50173-1 Spezifikationen<\/li>\n<li>IDC Anschl\u00fcsse geeignet f\u00fcr 22-26 AWG Litzen- und Steifleiterkabel<\/li>\n<li>Unterst\u00fctzt T568 A&amp;B Verdrahtung, einfache Installation<\/li>\n<li>Terminierung erfolgt durch 110 oder Krone Anlegewerkzeuge<\/li>\n<li>Abmessungen und Montage sind EIA-310-D konform<\/li>\n<li>Panel Material: SECC\/1.5mm Dicke, Farbe: schwarz<\/li>\n<li>48 Ports in 1U Design, ideal f\u00fcr enge Platzverh\u00e4ltnisse<\/li>\n<li>Verriegelungsnasen nach unten<\/li>\n<li>RoHS konform<\/li>\n<\/ul>\n<h3>KENNWERTE:<\/h3>\n<h4>IDC-Anschl\u00fcsse<\/h4>\n<table>\n<tbody>\n<tr>\n<td width=\"132\"><\/td>\n<td width=\"302\">Material \/ Eigenschaft<\/td>\n<\/tr>\n<tr>\n<td width=\"132\">Lebensdauer<\/td>\n<td width=\"302\">min. 250 Terminierungen<\/td>\n<\/tr>\n<tr>\n<td width=\"132\">Kontaktmaterial<\/td>\n<td width=\"302\">Phosphor\/Bronze<\/td>\n<\/tr>\n<tr>\n<td width=\"132\">IDC-Kontakte<\/td>\n<td width=\"302\">verzinnt \u00fcber Nickel<\/td>\n<\/tr>\n<tr>\n<td width=\"132\">IDC-Geh\u00e4use<\/td>\n<td width=\"302\">PC<\/td>\n<\/tr>\n<\/tbody>\n<\/table>\n<h4>RJ45-Jack-Anschlu\u00df<\/h4>\n<table>\n<tbody>\n<tr>\n<td width=\"132\"><\/td>\n<td width=\"302\">Material \/ Eigenschaft<\/td>\n<\/tr>\n<tr>\n<td width=\"132\">Lebensdauer<\/td>\n<td width=\"302\">min. 750 Steckzyklen<\/td>\n<\/tr>\n<tr>\n<td width=\"132\">Kontaktmaterial<\/td>\n<td width=\"302\">Phosphor\/Bronze<\/td>\n<\/tr>\n<tr>\n<td width=\"132\">Jack Kontakte<\/td>\n<td width=\"302\">50u Zoll vergoldet \u00fcber Nickelkontakt<\/td>\n<\/tr>\n<tr>\n<td width=\"132\">Jack Geh\u00e4use<\/td>\n<td width=\"302\">glasfaserverst\u00e4rktes Polyester<\/td>\n<\/tr>\n<\/tbody>\n<\/table>\n<h3>ANWENDUNGEN:<\/h3>\n<ul>\n<li>1000BASE-T Gigabit Ethernet<\/li>\n<li>100BASE-TX Fast Ethernet<\/li>\n<li>10BASE-T Ethernet<\/li>\n<li>Sprache, Video und andere Anwendungen<\/li>\n<\/ul>\n<h3>BESTELLINFORMATION:<\/h3>\n<table>\n<tbody>\n<tr>\n<td width=\"130\">Art.Nr.<\/td>\n<td width=\"438\">175144812<\/td>\n<\/tr>\n<tr>\n<td width=\"130\">Beschreibung<\/td>\n<td width=\"438\">Premium Line Cat.5e Patchpanel, 180\u00b0, 1U, ungeschirmt, 48 Port, dual Type IDC, &nbsp;Kabelmanagementb\u00fcgel, schwarz<\/td>\n<\/tr>\n<tr>\n<td width=\"130\">Verpackung<\/td>\n<td width=\"438\">\n<p>1Stk 1U-Patchpanel + 2Stk 0.5U Kabelmanagementb\u00fcgel, &nbsp;&nbsp;10 Stk\/Karton<\/p>\n<p>Kartongr\u00f6\u00dfe:&nbsp; 51.5 x 24 x 35 cm&nbsp; &nbsp;&nbsp;&nbsp;Gewicht:&nbsp; brutto 11.4kg&nbsp;&nbsp;&nbsp; netto 10.4kg<\/p><\/td>\n<\/tr>\n<\/tbody>\n<\/table>\n<p>&nbsp;<\/p>\n","protected":false},"featured_media":3836,"template":"","product_category":[176],"class_list":["post-3891","product","type-product","status-publish","has-post-thumbnail","hentry","product_category-patchfeld-ungeschirmt"],"yoast_head":"<!-- This site is optimized with the Yoast SEO plugin v27.2 - https:\/\/yoast.com\/product\/yoast-seo-wordpress\/ -->\n<title>Premium-Line Category 5e 1U 180\u00b0 48-Port Patchpanel, ungeschirmt<\/title>\n<meta name=\"description\" content=\"Entspricht den ANSI\/TIA-568.2-D Cat. 5e, ISO\/IEC 11801 und EN 50173-1 Spezifikationen. IDC Anschl\u00fcsse geeignet f\u00fcr 22-26 AWG Litzen- und Steifleiterkabel\" \/>\n<meta name=\"robots\" content=\"index, follow, max-snippet:-1, max-image-preview:large, max-video-preview:-1\" \/>\n<link rel=\"canonical\" href=\"https:\/\/premiumline-cabling.com\/de\/product\/pp-cat-5e-1u-unshielded-48p\/\" \/>\n<meta property=\"og:locale\" content=\"de_DE\" \/>\n<meta property=\"og:type\" content=\"article\" \/>\n<meta property=\"og:title\" content=\"Premium-Line Category 5e 1U 180\u00b0 48-Port Patchpanel, ungeschirmt\" \/>\n<meta property=\"og:description\" content=\"Entspricht den ANSI\/TIA-568.2-D Cat. 5e, ISO\/IEC 11801 und EN 50173-1 Spezifikationen. IDC Anschl\u00fcsse geeignet f\u00fcr 22-26 AWG Litzen- und Steifleiterkabel\" \/>\n<meta property=\"og:url\" content=\"https:\/\/premiumline-cabling.com\/de\/product\/pp-cat-5e-1u-unshielded-48p\/\" \/>\n<meta property=\"og:site_name\" content=\"Premium-Line\" \/>\n<meta property=\"article:modified_time\" content=\"2019-12-02T15:41:39+00:00\" \/>\n<meta property=\"og:image\" content=\"https:\/\/premiumline-cabling.com\/wp-content\/uploads\/2019\/11\/PP_5e_u_180_1U_48.jpg\" \/>\n\t<meta property=\"og:image:width\" content=\"646\" \/>\n\t<meta property=\"og:image:height\" content=\"632\" \/>\n\t<meta property=\"og:image:type\" content=\"image\/jpeg\" \/>\n<meta name=\"twitter:card\" content=\"summary_large_image\" \/>\n<meta name=\"twitter:label1\" content=\"Gesch\u00e4tzte Lesezeit\" \/>\n\t<meta name=\"twitter:data1\" content=\"1\u00a0Minute\" \/>\n<script type=\"application\/ld+json\" class=\"yoast-schema-graph\">{\"@context\":\"https:\/\/schema.org\",\"@graph\":[{\"@type\":\"WebPage\",\"@id\":\"https:\/\/premiumline-cabling.com\/de\/product\/pp-cat-5e-1u-unshielded-48p\/\",\"url\":\"https:\/\/premiumline-cabling.com\/de\/product\/pp-cat-5e-1u-unshielded-48p\/\",\"name\":\"Premium-Line Category 5e 1U 180\u00b0 48-Port Patchpanel, ungeschirmt\",\"isPartOf\":{\"@id\":\"https:\/\/premiumline-cabling.com\/#website\"},\"primaryImageOfPage\":{\"@id\":\"https:\/\/premiumline-cabling.com\/de\/product\/pp-cat-5e-1u-unshielded-48p\/#primaryimage\"},\"image\":{\"@id\":\"https:\/\/premiumline-cabling.com\/de\/product\/pp-cat-5e-1u-unshielded-48p\/#primaryimage\"},\"thumbnailUrl\":\"https:\/\/premiumline-cabling.com\/wp-content\/uploads\/2019\/11\/PP_5e_u_180_1U_48.jpg\",\"datePublished\":\"2019-11-29T14:04:01+00:00\",\"dateModified\":\"2019-12-02T15:41:39+00:00\",\"description\":\"Entspricht den ANSI\/TIA-568.2-D Cat. 5e, ISO\/IEC 11801 und EN 50173-1 Spezifikationen. IDC Anschl\u00fcsse geeignet f\u00fcr 22-26 AWG Litzen- und Steifleiterkabel\",\"breadcrumb\":{\"@id\":\"https:\/\/premiumline-cabling.com\/de\/product\/pp-cat-5e-1u-unshielded-48p\/#breadcrumb\"},\"inLanguage\":\"de\",\"potentialAction\":[{\"@type\":\"ReadAction\",\"target\":[\"https:\/\/premiumline-cabling.com\/de\/product\/pp-cat-5e-1u-unshielded-48p\/\"]}]},{\"@type\":\"ImageObject\",\"inLanguage\":\"de\",\"@id\":\"https:\/\/premiumline-cabling.com\/de\/product\/pp-cat-5e-1u-unshielded-48p\/#primaryimage\",\"url\":\"https:\/\/premiumline-cabling.com\/wp-content\/uploads\/2019\/11\/PP_5e_u_180_1U_48.jpg\",\"contentUrl\":\"https:\/\/premiumline-cabling.com\/wp-content\/uploads\/2019\/11\/PP_5e_u_180_1U_48.jpg\",\"width\":646,\"height\":632},{\"@type\":\"BreadcrumbList\",\"@id\":\"https:\/\/premiumline-cabling.com\/de\/product\/pp-cat-5e-1u-unshielded-48p\/#breadcrumb\",\"itemListElement\":[{\"@type\":\"ListItem\",\"position\":1,\"name\":\"\u0413\u043b\u0430\u0432\u043d\u0430\u044f \u0441\u0442\u0440\u0430\u043d\u0438\u0446\u0430\",\"item\":\"https:\/\/premiumline-cabling.com\/de\/\"},{\"@type\":\"ListItem\",\"position\":2,\"name\":\"Cat. 5e ungeschirmt 48port\"}]},{\"@type\":\"WebSite\",\"@id\":\"https:\/\/premiumline-cabling.com\/#website\",\"url\":\"https:\/\/premiumline-cabling.com\/\",\"name\":\"Premium-Line\",\"description\":\"Structured Cabling System\",\"publisher\":{\"@id\":\"https:\/\/premiumline-cabling.com\/#organization\"},\"potentialAction\":[{\"@type\":\"SearchAction\",\"target\":{\"@type\":\"EntryPoint\",\"urlTemplate\":\"https:\/\/premiumline-cabling.com\/?s={search_term_string}\"},\"query-input\":{\"@type\":\"PropertyValueSpecification\",\"valueRequired\":true,\"valueName\":\"search_term_string\"}}],\"inLanguage\":\"de\"},{\"@type\":\"Organization\",\"@id\":\"https:\/\/premiumline-cabling.com\/#organization\",\"name\":\"Premium-Line\",\"url\":\"https:\/\/premiumline-cabling.com\/\",\"logo\":{\"@type\":\"ImageObject\",\"inLanguage\":\"de\",\"@id\":\"https:\/\/premiumline-cabling.com\/#\/schema\/logo\/image\/\",\"url\":\"https:\/\/premiumline-cabling.com\/wp-content\/uploads\/2019\/04\/cropped-img_logo_site_Premium-Line.png\",\"contentUrl\":\"https:\/\/premiumline-cabling.com\/wp-content\/uploads\/2019\/04\/cropped-img_logo_site_Premium-Line.png\",\"width\":190,\"height\":62,\"caption\":\"Premium-Line\"},\"image\":{\"@id\":\"https:\/\/premiumline-cabling.com\/#\/schema\/logo\/image\/\"}}]}<\/script>\n<!-- \/ Yoast SEO plugin. -->","yoast_head_json":{"title":"Premium-Line Category 5e 1U 180\u00b0 48-Port Patchpanel, ungeschirmt","description":"Entspricht den ANSI\/TIA-568.2-D Cat. 5e, ISO\/IEC 11801 und EN 50173-1 Spezifikationen. IDC Anschl\u00fcsse geeignet f\u00fcr 22-26 AWG Litzen- und Steifleiterkabel","robots":{"index":"index","follow":"follow","max-snippet":"max-snippet:-1","max-image-preview":"max-image-preview:large","max-video-preview":"max-video-preview:-1"},"canonical":"https:\/\/premiumline-cabling.com\/de\/product\/pp-cat-5e-1u-unshielded-48p\/","og_locale":"de_DE","og_type":"article","og_title":"Premium-Line Category 5e 1U 180\u00b0 48-Port Patchpanel, ungeschirmt","og_description":"Entspricht den ANSI\/TIA-568.2-D Cat. 5e, ISO\/IEC 11801 und EN 50173-1 Spezifikationen. IDC Anschl\u00fcsse geeignet f\u00fcr 22-26 AWG Litzen- und Steifleiterkabel","og_url":"https:\/\/premiumline-cabling.com\/de\/product\/pp-cat-5e-1u-unshielded-48p\/","og_site_name":"Premium-Line","article_modified_time":"2019-12-02T15:41:39+00:00","og_image":[{"width":646,"height":632,"url":"https:\/\/premiumline-cabling.com\/wp-content\/uploads\/2019\/11\/PP_5e_u_180_1U_48.jpg","type":"image\/jpeg"}],"twitter_card":"summary_large_image","twitter_misc":{"Gesch\u00e4tzte Lesezeit":"1\u00a0Minute"},"schema":{"@context":"https:\/\/schema.org","@graph":[{"@type":"WebPage","@id":"https:\/\/premiumline-cabling.com\/de\/product\/pp-cat-5e-1u-unshielded-48p\/","url":"https:\/\/premiumline-cabling.com\/de\/product\/pp-cat-5e-1u-unshielded-48p\/","name":"Premium-Line Category 5e 1U 180\u00b0 48-Port Patchpanel, ungeschirmt","isPartOf":{"@id":"https:\/\/premiumline-cabling.com\/#website"},"primaryImageOfPage":{"@id":"https:\/\/premiumline-cabling.com\/de\/product\/pp-cat-5e-1u-unshielded-48p\/#primaryimage"},"image":{"@id":"https:\/\/premiumline-cabling.com\/de\/product\/pp-cat-5e-1u-unshielded-48p\/#primaryimage"},"thumbnailUrl":"https:\/\/premiumline-cabling.com\/wp-content\/uploads\/2019\/11\/PP_5e_u_180_1U_48.jpg","datePublished":"2019-11-29T14:04:01+00:00","dateModified":"2019-12-02T15:41:39+00:00","description":"Entspricht den ANSI\/TIA-568.2-D Cat. 5e, ISO\/IEC 11801 und EN 50173-1 Spezifikationen. IDC Anschl\u00fcsse geeignet f\u00fcr 22-26 AWG Litzen- und Steifleiterkabel","breadcrumb":{"@id":"https:\/\/premiumline-cabling.com\/de\/product\/pp-cat-5e-1u-unshielded-48p\/#breadcrumb"},"inLanguage":"de","potentialAction":[{"@type":"ReadAction","target":["https:\/\/premiumline-cabling.com\/de\/product\/pp-cat-5e-1u-unshielded-48p\/"]}]},{"@type":"ImageObject","inLanguage":"de","@id":"https:\/\/premiumline-cabling.com\/de\/product\/pp-cat-5e-1u-unshielded-48p\/#primaryimage","url":"https:\/\/premiumline-cabling.com\/wp-content\/uploads\/2019\/11\/PP_5e_u_180_1U_48.jpg","contentUrl":"https:\/\/premiumline-cabling.com\/wp-content\/uploads\/2019\/11\/PP_5e_u_180_1U_48.jpg","width":646,"height":632},{"@type":"BreadcrumbList","@id":"https:\/\/premiumline-cabling.com\/de\/product\/pp-cat-5e-1u-unshielded-48p\/#breadcrumb","itemListElement":[{"@type":"ListItem","position":1,"name":"\u0413\u043b\u0430\u0432\u043d\u0430\u044f \u0441\u0442\u0440\u0430\u043d\u0438\u0446\u0430","item":"https:\/\/premiumline-cabling.com\/de\/"},{"@type":"ListItem","position":2,"name":"Cat. 5e ungeschirmt 48port"}]},{"@type":"WebSite","@id":"https:\/\/premiumline-cabling.com\/#website","url":"https:\/\/premiumline-cabling.com\/","name":"Premium-Line","description":"Structured Cabling System","publisher":{"@id":"https:\/\/premiumline-cabling.com\/#organization"},"potentialAction":[{"@type":"SearchAction","target":{"@type":"EntryPoint","urlTemplate":"https:\/\/premiumline-cabling.com\/?s={search_term_string}"},"query-input":{"@type":"PropertyValueSpecification","valueRequired":true,"valueName":"search_term_string"}}],"inLanguage":"de"},{"@type":"Organization","@id":"https:\/\/premiumline-cabling.com\/#organization","name":"Premium-Line","url":"https:\/\/premiumline-cabling.com\/","logo":{"@type":"ImageObject","inLanguage":"de","@id":"https:\/\/premiumline-cabling.com\/#\/schema\/logo\/image\/","url":"https:\/\/premiumline-cabling.com\/wp-content\/uploads\/2019\/04\/cropped-img_logo_site_Premium-Line.png","contentUrl":"https:\/\/premiumline-cabling.com\/wp-content\/uploads\/2019\/04\/cropped-img_logo_site_Premium-Line.png","width":190,"height":62,"caption":"Premium-Line"},"image":{"@id":"https:\/\/premiumline-cabling.com\/#\/schema\/logo\/image\/"}}]}},"_links":{"self":[{"href":"https:\/\/premiumline-cabling.com\/de\/wp-json\/wp\/v2\/product\/3891","targetHints":{"allow":["GET"]}}],"collection":[{"href":"https:\/\/premiumline-cabling.com\/de\/wp-json\/wp\/v2\/product"}],"about":[{"href":"https:\/\/premiumline-cabling.com\/de\/wp-json\/wp\/v2\/types\/product"}],"wp:featuredmedia":[{"embeddable":true,"href":"https:\/\/premiumline-cabling.com\/de\/wp-json\/wp\/v2\/media\/3836"}],"wp:attachment":[{"href":"https:\/\/premiumline-cabling.com\/de\/wp-json\/wp\/v2\/media?parent=3891"}],"wp:term":[{"taxonomy":"product_category","embeddable":true,"href":"https:\/\/premiumline-cabling.com\/de\/wp-json\/wp\/v2\/product_category?post=3891"}],"curies":[{"name":"wp","href":"https:\/\/api.w.org\/{rel}","templated":true}]}}