{"id":3880,"date":"2019-11-28T15:35:20","date_gmt":"2019-11-28T14:35:20","guid":{"rendered":"https:\/\/www.premiumline-cabling.com\/product\/pp-cat-6-0-5u-unshielded\/"},"modified":"2023-12-14T13:30:42","modified_gmt":"2023-12-14T12:30:42","slug":"pp-cat-6-0-5u-unshielded","status":"publish","type":"product","link":"https:\/\/premiumline-cabling.com\/de\/product\/pp-cat-6-0-5u-unshielded\/","title":{"rendered":"Cat. 6 0.5U ungeschirmt"},"content":{"rendered":"<h2>Category 6 0.5U UTP Patch Panel with One Cable Management Bar, 24 Ports<\/h2>\n<h3><noscript><img decoding=\"async\" class=\"alignright wp-image-3787 size-medium\" src=\"https:\/\/premiumline-cabling.com\/wp-content\/uploads\/2019\/11\/PP_6_u_180_0_5U_f-300x48.jpg\" alt width=\"300\" height=\"48\" srcset=\"https:\/\/premiumline-cabling.com\/wp-content\/uploads\/2019\/11\/PP_6_u_180_0_5U_f-300x48.jpg 300w, https:\/\/premiumline-cabling.com\/wp-content\/uploads\/2019\/11\/PP_6_u_180_0_5U_f-768x124.jpg 768w, https:\/\/premiumline-cabling.com\/wp-content\/uploads\/2019\/11\/PP_6_u_180_0_5U_f.jpg 774w\" sizes=\"(max-width: 300px) 100vw, 300px\"><\/noscript><img decoding=\"async\" class=\"alignright wp-image-3787 size-medium lazyload\" src=\"data:image\/svg+xml,%3Csvg%20xmlns%3D%22http%3A%2F%2Fwww.w3.org%2F2000%2Fsvg%22%20viewBox%3D%220%200%20300%2048%22%3E%3C%2Fsvg%3E\" alt width=\"300\" height=\"48\" srcset=\"data:image\/svg+xml,%3Csvg%20xmlns%3D%22http%3A%2F%2Fwww.w3.org%2F2000%2Fsvg%22%20viewBox%3D%220%200%20300%2048%22%3E%3C%2Fsvg%3E 300w\" sizes=\"(max-width: 300px) 100vw, 300px\" data-srcset=\"https:\/\/premiumline-cabling.com\/wp-content\/uploads\/2019\/11\/PP_6_u_180_0_5U_f-300x48.jpg 300w, https:\/\/premiumline-cabling.com\/wp-content\/uploads\/2019\/11\/PP_6_u_180_0_5U_f-768x124.jpg 768w, https:\/\/premiumline-cabling.com\/wp-content\/uploads\/2019\/11\/PP_6_u_180_0_5U_f.jpg 774w\" data-src=\"https:\/\/premiumline-cabling.com\/wp-content\/uploads\/2019\/11\/PP_6_u_180_0_5U_f-300x48.jpg\">EIGENSCHAFTEN:<\/h3>\n<ul>\n<li>Entspricht den TIA\/EIA-568-C.2 Category 6, ISO\/IEC 11801 und EN 50173-1 Spezifikationen<\/li>\n<li>IDC Anschl\u00fcsse geeignet f\u00fcr 22-26 AWG Litzen- und Steifleiterkabel<\/li>\n<li>Unterst\u00fctzt T568 A&amp;B Verdrahtung, einfache Installation<\/li>\n<li>Terminierung erfolgt durch 110 oder Krone Anlegewerkzeuge<\/li>\n<li>Abmessungen und Montage sind EIA-310-D konform<\/li>\n<li>Panel Material: SECC\/1.5mm Dicke<\/li>\n<li>H\u00f6he: 0.5U, ideal f\u00fcr enge Platzverh\u00e4ltnisse<\/li>\n<li>Optional: 0.5U Click-on-Managementb\u00fcgel<\/li>\n<li>Farbe: schwarz<\/li>\n<li>RoHS konform<\/li>\n<\/ul>\n<h3>KENNWERTE:<\/h3>\n<p><strong>IDC-Anschl\u00fcsse<\/strong><\/p>\n<table>\n<tbody>\n<tr>\n<td width=\"132\"><\/td>\n<td width=\"302\">Material \/ Eigenschaft<\/td>\n<\/tr>\n<tr>\n<td width=\"132\">Lebensdauer<\/td>\n<td width=\"302\">min. 250 Terminierungen<\/td>\n<\/tr>\n<tr>\n<td width=\"132\">Kontaktmaterial<\/td>\n<td width=\"302\">Phosphor\/Bronze<\/td>\n<\/tr>\n<tr>\n<td width=\"132\">IDC-Kontakte<\/td>\n<td width=\"302\">verzinnt \u00fcber Nickel<\/td>\n<\/tr>\n<tr>\n<td width=\"132\">IDC-Geh\u00e4use<\/td>\n<td width=\"302\">PC<\/td>\n<\/tr>\n<\/tbody>\n<\/table>\n<p>&nbsp;<\/p>\n<p><strong>RJ45-Jack-Anschlu\u00df<\/strong><\/p>\n<table>\n<tbody>\n<tr>\n<td width=\"132\"><\/td>\n<td width=\"302\">Material \/ Eigenschaft<\/td>\n<\/tr>\n<tr>\n<td width=\"132\">Kontaktmaterial<\/td>\n<td width=\"302\">Phosphor\/Bronze<\/td>\n<\/tr>\n<tr>\n<td width=\"132\">Lebensdauer<\/td>\n<td width=\"302\">min. 750 Steckzyklen<\/td>\n<\/tr>\n<tr>\n<td width=\"132\">Jack Kontakte<\/td>\n<td width=\"302\">50u Zoll vergoldet \u00fcber Nickelkontakt<\/td>\n<\/tr>\n<tr>\n<td width=\"132\">Jack Geh\u00e4use<\/td>\n<td width=\"302\">glasfaserverst\u00e4rktes Polyester<\/td>\n<\/tr>\n<\/tbody>\n<\/table>\n<p><strong><em>ANWENDUNGEN:<\/em><\/strong><\/p>\n<ul>\n<li>1000BASE-TX Gigabit Ethernet<\/li>\n<li>1000BASE-T Gigabit Ethernet<\/li>\n<li>100BASE-TX Fast Ethernet<\/li>\n<li>10BASE-T Ethernet<\/li>\n<li>Sprache, Video und andere Anwendungen<\/li>\n<\/ul>\n<h3>BESTELLINFORMATION:<\/h3>\n<table>\n<tbody>\n<tr>\n<td width=\"130\">Art.Nr.<\/td>\n<td width=\"438\">1761&#215;2412<\/td>\n<\/tr>\n<tr>\n<td width=\"130\">Beschreibung<\/td>\n<td width=\"438\">Premium Line Cat.6 24 Port Patchpanel, 180\u00b0, 0.5U, ungeschirmt, Dual Type IDC<\/td>\n<\/tr>\n<tr>\n<td width=\"130\">x &nbsp;Konfiguration<\/td>\n<td width=\"438\">8: mit Kabelmanagementb\u00fcgel\n<p>9: ohne Kabelmanagementb\u00fcgel<\/p><\/td>\n<\/tr>\n<\/tbody>\n<\/table>\n<p>&nbsp;<\/p>\n","protected":false},"featured_media":10724,"template":"","product_category":[171,176],"class_list":["post-3880","product","type-product","status-publish","has-post-thumbnail","hentry","product_category-patchpanel","product_category-patchfeld-ungeschirmt"],"yoast_head":"<!-- This site is optimized with the Yoast SEO plugin v27.2 - https:\/\/yoast.com\/product\/yoast-seo-wordpress\/ -->\n<title>Premium-Line Category 6 24-Port Patchpanel, ungeschirmt 0.5U<\/title>\n<meta name=\"description\" content=\"Entspricht den TIA\/EIA-568-C.2 Category 6, ISO\/IEC 11801 und EN 50173-1 Spezifikationen. IDC Anschl\u00fcsse geeignet f\u00fcr 22-26 AWG Litzen- und Steifleiterkabel\" \/>\n<meta name=\"robots\" content=\"index, follow, max-snippet:-1, max-image-preview:large, max-video-preview:-1\" \/>\n<link rel=\"canonical\" href=\"https:\/\/premiumline-cabling.com\/de\/product\/pp-cat-6-0-5u-unshielded\/\" \/>\n<meta property=\"og:locale\" content=\"de_DE\" \/>\n<meta property=\"og:type\" content=\"article\" \/>\n<meta property=\"og:title\" content=\"Premium-Line Category 6 24-Port Patchpanel, ungeschirmt 0.5U\" \/>\n<meta property=\"og:description\" content=\"Entspricht den TIA\/EIA-568-C.2 Category 6, ISO\/IEC 11801 und EN 50173-1 Spezifikationen. IDC Anschl\u00fcsse geeignet f\u00fcr 22-26 AWG Litzen- und Steifleiterkabel\" \/>\n<meta property=\"og:url\" content=\"https:\/\/premiumline-cabling.com\/de\/product\/pp-cat-6-0-5u-unshielded\/\" \/>\n<meta property=\"og:site_name\" content=\"Premium-Line\" \/>\n<meta property=\"article:modified_time\" content=\"2023-12-14T12:30:42+00:00\" \/>\n<meta property=\"og:image\" content=\"https:\/\/premiumline-cabling.com\/wp-content\/uploads\/2019\/11\/PP_6_u_180_0_5U.jpg\" \/>\n\t<meta property=\"og:image:width\" content=\"610\" \/>\n\t<meta property=\"og:image:height\" content=\"588\" \/>\n\t<meta property=\"og:image:type\" content=\"image\/jpeg\" \/>\n<meta name=\"twitter:card\" content=\"summary_large_image\" \/>\n<meta name=\"twitter:label1\" content=\"Gesch\u00e4tzte Lesezeit\" \/>\n\t<meta name=\"twitter:data1\" content=\"2\u00a0Minuten\" \/>\n<script type=\"application\/ld+json\" class=\"yoast-schema-graph\">{\"@context\":\"https:\/\/schema.org\",\"@graph\":[{\"@type\":\"WebPage\",\"@id\":\"https:\/\/premiumline-cabling.com\/de\/product\/pp-cat-6-0-5u-unshielded\/\",\"url\":\"https:\/\/premiumline-cabling.com\/de\/product\/pp-cat-6-0-5u-unshielded\/\",\"name\":\"Premium-Line Category 6 24-Port Patchpanel, ungeschirmt 0.5U\",\"isPartOf\":{\"@id\":\"https:\/\/premiumline-cabling.com\/#website\"},\"primaryImageOfPage\":{\"@id\":\"https:\/\/premiumline-cabling.com\/de\/product\/pp-cat-6-0-5u-unshielded\/#primaryimage\"},\"image\":{\"@id\":\"https:\/\/premiumline-cabling.com\/de\/product\/pp-cat-6-0-5u-unshielded\/#primaryimage\"},\"thumbnailUrl\":\"https:\/\/premiumline-cabling.com\/wp-content\/uploads\/2019\/11\/PP_6_u_180_0_5U.jpg\",\"datePublished\":\"2019-11-28T14:35:20+00:00\",\"dateModified\":\"2023-12-14T12:30:42+00:00\",\"description\":\"Entspricht den TIA\/EIA-568-C.2 Category 6, ISO\/IEC 11801 und EN 50173-1 Spezifikationen. IDC Anschl\u00fcsse geeignet f\u00fcr 22-26 AWG Litzen- und Steifleiterkabel\",\"breadcrumb\":{\"@id\":\"https:\/\/premiumline-cabling.com\/de\/product\/pp-cat-6-0-5u-unshielded\/#breadcrumb\"},\"inLanguage\":\"de\",\"potentialAction\":[{\"@type\":\"ReadAction\",\"target\":[\"https:\/\/premiumline-cabling.com\/de\/product\/pp-cat-6-0-5u-unshielded\/\"]}]},{\"@type\":\"ImageObject\",\"inLanguage\":\"de\",\"@id\":\"https:\/\/premiumline-cabling.com\/de\/product\/pp-cat-6-0-5u-unshielded\/#primaryimage\",\"url\":\"https:\/\/premiumline-cabling.com\/wp-content\/uploads\/2019\/11\/PP_6_u_180_0_5U.jpg\",\"contentUrl\":\"https:\/\/premiumline-cabling.com\/wp-content\/uploads\/2019\/11\/PP_6_u_180_0_5U.jpg\",\"width\":610,\"height\":588},{\"@type\":\"BreadcrumbList\",\"@id\":\"https:\/\/premiumline-cabling.com\/de\/product\/pp-cat-6-0-5u-unshielded\/#breadcrumb\",\"itemListElement\":[{\"@type\":\"ListItem\",\"position\":1,\"name\":\"\u0413\u043b\u0430\u0432\u043d\u0430\u044f \u0441\u0442\u0440\u0430\u043d\u0438\u0446\u0430\",\"item\":\"https:\/\/premiumline-cabling.com\/de\/\"},{\"@type\":\"ListItem\",\"position\":2,\"name\":\"Cat. 6 0.5U ungeschirmt\"}]},{\"@type\":\"WebSite\",\"@id\":\"https:\/\/premiumline-cabling.com\/#website\",\"url\":\"https:\/\/premiumline-cabling.com\/\",\"name\":\"Premium-Line\",\"description\":\"Structured Cabling System\",\"publisher\":{\"@id\":\"https:\/\/premiumline-cabling.com\/#organization\"},\"potentialAction\":[{\"@type\":\"SearchAction\",\"target\":{\"@type\":\"EntryPoint\",\"urlTemplate\":\"https:\/\/premiumline-cabling.com\/?s={search_term_string}\"},\"query-input\":{\"@type\":\"PropertyValueSpecification\",\"valueRequired\":true,\"valueName\":\"search_term_string\"}}],\"inLanguage\":\"de\"},{\"@type\":\"Organization\",\"@id\":\"https:\/\/premiumline-cabling.com\/#organization\",\"name\":\"Premium-Line\",\"url\":\"https:\/\/premiumline-cabling.com\/\",\"logo\":{\"@type\":\"ImageObject\",\"inLanguage\":\"de\",\"@id\":\"https:\/\/premiumline-cabling.com\/#\/schema\/logo\/image\/\",\"url\":\"https:\/\/premiumline-cabling.com\/wp-content\/uploads\/2019\/04\/cropped-img_logo_site_Premium-Line.png\",\"contentUrl\":\"https:\/\/premiumline-cabling.com\/wp-content\/uploads\/2019\/04\/cropped-img_logo_site_Premium-Line.png\",\"width\":190,\"height\":62,\"caption\":\"Premium-Line\"},\"image\":{\"@id\":\"https:\/\/premiumline-cabling.com\/#\/schema\/logo\/image\/\"}}]}<\/script>\n<!-- \/ Yoast SEO plugin. -->","yoast_head_json":{"title":"Premium-Line Category 6 24-Port Patchpanel, ungeschirmt 0.5U","description":"Entspricht den TIA\/EIA-568-C.2 Category 6, ISO\/IEC 11801 und EN 50173-1 Spezifikationen. IDC Anschl\u00fcsse geeignet f\u00fcr 22-26 AWG Litzen- und Steifleiterkabel","robots":{"index":"index","follow":"follow","max-snippet":"max-snippet:-1","max-image-preview":"max-image-preview:large","max-video-preview":"max-video-preview:-1"},"canonical":"https:\/\/premiumline-cabling.com\/de\/product\/pp-cat-6-0-5u-unshielded\/","og_locale":"de_DE","og_type":"article","og_title":"Premium-Line Category 6 24-Port Patchpanel, ungeschirmt 0.5U","og_description":"Entspricht den TIA\/EIA-568-C.2 Category 6, ISO\/IEC 11801 und EN 50173-1 Spezifikationen. IDC Anschl\u00fcsse geeignet f\u00fcr 22-26 AWG Litzen- und Steifleiterkabel","og_url":"https:\/\/premiumline-cabling.com\/de\/product\/pp-cat-6-0-5u-unshielded\/","og_site_name":"Premium-Line","article_modified_time":"2023-12-14T12:30:42+00:00","og_image":[{"width":610,"height":588,"url":"https:\/\/premiumline-cabling.com\/wp-content\/uploads\/2019\/11\/PP_6_u_180_0_5U.jpg","type":"image\/jpeg"}],"twitter_card":"summary_large_image","twitter_misc":{"Gesch\u00e4tzte Lesezeit":"2\u00a0Minuten"},"schema":{"@context":"https:\/\/schema.org","@graph":[{"@type":"WebPage","@id":"https:\/\/premiumline-cabling.com\/de\/product\/pp-cat-6-0-5u-unshielded\/","url":"https:\/\/premiumline-cabling.com\/de\/product\/pp-cat-6-0-5u-unshielded\/","name":"Premium-Line Category 6 24-Port Patchpanel, ungeschirmt 0.5U","isPartOf":{"@id":"https:\/\/premiumline-cabling.com\/#website"},"primaryImageOfPage":{"@id":"https:\/\/premiumline-cabling.com\/de\/product\/pp-cat-6-0-5u-unshielded\/#primaryimage"},"image":{"@id":"https:\/\/premiumline-cabling.com\/de\/product\/pp-cat-6-0-5u-unshielded\/#primaryimage"},"thumbnailUrl":"https:\/\/premiumline-cabling.com\/wp-content\/uploads\/2019\/11\/PP_6_u_180_0_5U.jpg","datePublished":"2019-11-28T14:35:20+00:00","dateModified":"2023-12-14T12:30:42+00:00","description":"Entspricht den TIA\/EIA-568-C.2 Category 6, ISO\/IEC 11801 und EN 50173-1 Spezifikationen. IDC Anschl\u00fcsse geeignet f\u00fcr 22-26 AWG Litzen- und Steifleiterkabel","breadcrumb":{"@id":"https:\/\/premiumline-cabling.com\/de\/product\/pp-cat-6-0-5u-unshielded\/#breadcrumb"},"inLanguage":"de","potentialAction":[{"@type":"ReadAction","target":["https:\/\/premiumline-cabling.com\/de\/product\/pp-cat-6-0-5u-unshielded\/"]}]},{"@type":"ImageObject","inLanguage":"de","@id":"https:\/\/premiumline-cabling.com\/de\/product\/pp-cat-6-0-5u-unshielded\/#primaryimage","url":"https:\/\/premiumline-cabling.com\/wp-content\/uploads\/2019\/11\/PP_6_u_180_0_5U.jpg","contentUrl":"https:\/\/premiumline-cabling.com\/wp-content\/uploads\/2019\/11\/PP_6_u_180_0_5U.jpg","width":610,"height":588},{"@type":"BreadcrumbList","@id":"https:\/\/premiumline-cabling.com\/de\/product\/pp-cat-6-0-5u-unshielded\/#breadcrumb","itemListElement":[{"@type":"ListItem","position":1,"name":"\u0413\u043b\u0430\u0432\u043d\u0430\u044f \u0441\u0442\u0440\u0430\u043d\u0438\u0446\u0430","item":"https:\/\/premiumline-cabling.com\/de\/"},{"@type":"ListItem","position":2,"name":"Cat. 6 0.5U ungeschirmt"}]},{"@type":"WebSite","@id":"https:\/\/premiumline-cabling.com\/#website","url":"https:\/\/premiumline-cabling.com\/","name":"Premium-Line","description":"Structured Cabling System","publisher":{"@id":"https:\/\/premiumline-cabling.com\/#organization"},"potentialAction":[{"@type":"SearchAction","target":{"@type":"EntryPoint","urlTemplate":"https:\/\/premiumline-cabling.com\/?s={search_term_string}"},"query-input":{"@type":"PropertyValueSpecification","valueRequired":true,"valueName":"search_term_string"}}],"inLanguage":"de"},{"@type":"Organization","@id":"https:\/\/premiumline-cabling.com\/#organization","name":"Premium-Line","url":"https:\/\/premiumline-cabling.com\/","logo":{"@type":"ImageObject","inLanguage":"de","@id":"https:\/\/premiumline-cabling.com\/#\/schema\/logo\/image\/","url":"https:\/\/premiumline-cabling.com\/wp-content\/uploads\/2019\/04\/cropped-img_logo_site_Premium-Line.png","contentUrl":"https:\/\/premiumline-cabling.com\/wp-content\/uploads\/2019\/04\/cropped-img_logo_site_Premium-Line.png","width":190,"height":62,"caption":"Premium-Line"},"image":{"@id":"https:\/\/premiumline-cabling.com\/#\/schema\/logo\/image\/"}}]}},"_links":{"self":[{"href":"https:\/\/premiumline-cabling.com\/de\/wp-json\/wp\/v2\/product\/3880","targetHints":{"allow":["GET"]}}],"collection":[{"href":"https:\/\/premiumline-cabling.com\/de\/wp-json\/wp\/v2\/product"}],"about":[{"href":"https:\/\/premiumline-cabling.com\/de\/wp-json\/wp\/v2\/types\/product"}],"wp:featuredmedia":[{"embeddable":true,"href":"https:\/\/premiumline-cabling.com\/de\/wp-json\/wp\/v2\/media\/10724"}],"wp:attachment":[{"href":"https:\/\/premiumline-cabling.com\/de\/wp-json\/wp\/v2\/media?parent=3880"}],"wp:term":[{"taxonomy":"product_category","embeddable":true,"href":"https:\/\/premiumline-cabling.com\/de\/wp-json\/wp\/v2\/product_category?post=3880"}],"curies":[{"name":"wp","href":"https:\/\/api.w.org\/{rel}","templated":true}]}}