{"id":3856,"date":"2019-02-10T15:24:10","date_gmt":"2019-02-10T14:24:10","guid":{"rendered":"https:\/\/www.premiumline-cabling.com\/product\/category-5e-keystone-jack\/"},"modified":"2019-12-02T10:22:37","modified_gmt":"2019-12-02T07:22:37","slug":"category-5e-keystone-jack","status":"publish","type":"product","link":"https:\/\/premiumline-cabling.com\/de\/product\/category-5e-keystone-jack\/","title":{"rendered":"Cat. 5e 180\u00b0 KJ geschirmt"},"content":{"rendered":"<h2 id=\"ui-id-1\" class=\"t3ddy-accordion-header ui-accordion-header ui-state-default ui-accordion-icons ui-state-hover ui-state-focus ui-corner-all\" tabindex=\"0\" role=\"tab\" aria-controls=\"c1390\" aria-selected=\"false\" aria-expanded=\"false\">Category 5e 180 \u00b0 Keystone Jack, Druckguss, geschirmt werkzeuglos<\/h2>\n<div id=\"attachment_829\" style=\"width: 228px\" class=\"wp-caption alignright\"><noscript><img decoding=\"async\" aria-describedby=\"caption-attachment-829\" class=\"size-full wp-image-829\" src=\"https:\/\/premiumline-cabling.com\/wp-content\/uploads\/2019\/02\/img_PL_180-Shielded-Die-Casting-Keystone-Jack.jpg\" alt width=\"218\" height=\"384\" srcset=\"https:\/\/premiumline-cabling.com\/wp-content\/uploads\/2019\/02\/img_PL_180-Shielded-Die-Casting-Keystone-Jack.jpg 218w, https:\/\/premiumline-cabling.com\/wp-content\/uploads\/2019\/02\/img_PL_180-Shielded-Die-Casting-Keystone-Jack-170x300.jpg 170w\" sizes=\"(max-width: 218px) 100vw, 218px\"><\/noscript><img decoding=\"async\" aria-describedby=\"caption-attachment-829\" class=\"size-full wp-image-829 lazyload\" src=\"data:image\/svg+xml,%3Csvg%20xmlns%3D%22http%3A%2F%2Fwww.w3.org%2F2000%2Fsvg%22%20viewBox%3D%220%200%20218%20384%22%3E%3C%2Fsvg%3E\" alt width=\"218\" height=\"384\" srcset=\"data:image\/svg+xml,%3Csvg%20xmlns%3D%22http%3A%2F%2Fwww.w3.org%2F2000%2Fsvg%22%20viewBox%3D%220%200%20218%20384%22%3E%3C%2Fsvg%3E 218w\" sizes=\"(max-width: 218px) 100vw, 218px\" data-srcset=\"https:\/\/premiumline-cabling.com\/wp-content\/uploads\/2019\/02\/img_PL_180-Shielded-Die-Casting-Keystone-Jack.jpg 218w, https:\/\/premiumline-cabling.com\/wp-content\/uploads\/2019\/02\/img_PL_180-Shielded-Die-Casting-Keystone-Jack-170x300.jpg 170w\" data-src=\"https:\/\/premiumline-cabling.com\/wp-content\/uploads\/2019\/02\/img_PL_180-Shielded-Die-Casting-Keystone-Jack.jpg\"><p id=\"caption-attachment-829\" class=\"wp-caption-text\">105524010<\/p><\/div>\n<h3>EIGENSCHAFTEN:<\/h3>\n<ul>\n<li>entspricht den TIA\/EIA-568-C.2, ISO\/IEC 11801 und den EN 50173-1 Spezifikationen<\/li>\n<li>Druckgussgeh\u00e4use sch\u00fctzt vor EMI-Einfl\u00fcssen<\/li>\n<li>Unterst\u00fctzt T568 A&amp;B Verdrahtung, einfache Installation<\/li>\n<li>Geeignet f\u00fcr 22-26 AWG Steifleiterkabel<\/li>\n<li>Das werkzeuglose Design erm\u00f6glicht eine schnelle Verdrahtung der vier Adernpaare<\/li>\n<li>Kompaktes Design f\u00fcr High-Density-Anwendungen<\/li>\n<li>RoHS konform<\/li>\n<\/ul>\n<h3>ANWENDUNG:<\/h3>\n<ul>\n<li>1000BASE-T Gigabit Ethernet<\/li>\n<li>100BASE-TX Fast Ethernet<\/li>\n<li>10BASE-T Ethernet<\/li>\n<li>Sprache, Video und andere Anwendungen<\/li>\n<\/ul>\n<h3>KENNWERTE:<\/h3>\n<table width=\"685\">\n<tbody>\n<tr>\n<td width=\"216\">\n<p>Durchschlagsfestigkeit<\/p>\n<p>Stromst\u00e4rke<\/p>\n<p>Isolationswiderstand<\/p>\n<p>Kontaktwiderstand<\/p>\n<p>Temperaturbereich<\/p>\n<p>Feuchtigkeit<\/p>\n<p>Anschlussleitung<\/p>\n<p>Material<\/p>\n<p>&nbsp;<\/p>\n<p>RJ45-Steckerkontakte<\/p>\n<p>&nbsp;<\/p>\n<p>IDC Kontakte<\/p>\n<p>&nbsp;<\/p>\n<p>&nbsp;<\/p><\/td>\n<td width=\"469\">\n<p>1000V RMS f\u00fcr 1 Minute<\/p>\n<p>max. 1.5Amp<\/p>\n<p>min. 10M\u03a9<\/p>\n<p>2m\u03a9 pro Kontakt<\/p>\n<p>-10\u2103 bis +60\u2103<\/p>\n<p>10%~90%; nicht kondensierend<\/p>\n<p>22AWG ~ 26AWG Isolierdraht<\/p>\n<p>Innenteil: PC, UL94 V-0<\/p>\n<p>Geh\u00e4use: Zink Druckguss<\/p>\n<p>Phosphor-Bronze, 50\u03bc vergoldet \u00fcber Nickelkontakt im Steckbereich<\/p>\n<p>Lebensdauer: mindestens 750 Steckzyklen<\/p>\n<p>100\u03bc vernickelt \u00fcber Phosphor\/Bronze-Legierung<\/p>\n<p>Lebensdauer: mindestens 250 Terminierungen<\/p><\/td>\n<\/tr>\n<\/tbody>\n<\/table>\n<h3>BESTELLINFORMATION:<\/h3>\n<p>Art.Nr.&nbsp; &nbsp; &nbsp; &nbsp; &nbsp; &nbsp; &nbsp; &nbsp; &nbsp; 105524010<\/p>\n<p>Beschreibung&nbsp; &nbsp; &nbsp;&nbsp;Premium Line Cat.5e &nbsp;180\u00b0 geschirmt, Druckguss Keystone Jack<\/p>\n<p>Verpackung&nbsp; &nbsp; &nbsp; &nbsp; &nbsp;1Stk.\/PE-Sack, &nbsp;50 Stk.\/Box, &nbsp;500 Stk.\/Karton<\/p>\n","protected":false},"featured_media":8543,"template":"","product_category":[73],"class_list":["post-3856","product","type-product","status-publish","has-post-thumbnail","hentry","product_category-shielded-keystone-jack-de"],"yoast_head":"<!-- This site is optimized with the Yoast SEO plugin v27.4 - https:\/\/yoast.com\/product\/yoast-seo-wordpress\/ -->\n<title>Premium-Line Cat.5e 180 \u00b0 Keystone Jack, Druckguss, geschirmt<\/title>\n<meta name=\"description\" content=\"entspricht den TIA\/EIA-568-C.2, ISO\/IEC 11801 und den EN 50173-1 SpezifikationenDruckgussgeh\u00e4use sch\u00fctzt vor EMI-Einfl\u00fcssen\" \/>\n<meta name=\"robots\" content=\"index, follow, max-snippet:-1, max-image-preview:large, max-video-preview:-1\" \/>\n<link rel=\"canonical\" href=\"https:\/\/premiumline-cabling.com\/de\/product\/category-5e-keystone-jack\/\" \/>\n<meta property=\"og:locale\" content=\"de_DE\" \/>\n<meta property=\"og:type\" content=\"article\" \/>\n<meta property=\"og:title\" content=\"Premium-Line Cat.5e 180 \u00b0 Keystone Jack, Druckguss, geschirmt\" \/>\n<meta property=\"og:description\" content=\"entspricht den TIA\/EIA-568-C.2, ISO\/IEC 11801 und den EN 50173-1 SpezifikationenDruckgussgeh\u00e4use sch\u00fctzt vor EMI-Einfl\u00fcssen\" \/>\n<meta property=\"og:url\" content=\"https:\/\/premiumline-cabling.com\/de\/product\/category-5e-keystone-jack\/\" \/>\n<meta property=\"og:site_name\" content=\"Premium-Line\" \/>\n<meta property=\"article:modified_time\" content=\"2019-12-02T07:22:37+00:00\" \/>\n<meta property=\"og:image\" content=\"https:\/\/premiumline-cabling.com\/wp-content\/uploads\/2019\/02\/img_PL_180-Shielded-Die-Casting-Keystone-Jack1.jpg\" \/>\n\t<meta property=\"og:image:width\" content=\"283\" \/>\n\t<meta property=\"og:image:height\" content=\"220\" \/>\n\t<meta property=\"og:image:type\" content=\"image\/jpeg\" \/>\n<meta name=\"twitter:card\" content=\"summary_large_image\" \/>\n<meta name=\"twitter:label1\" content=\"Gesch\u00e4tzte Lesezeit\" \/>\n\t<meta name=\"twitter:data1\" content=\"1\u00a0Minute\" \/>\n<script type=\"application\/ld+json\" class=\"yoast-schema-graph\">{\"@context\":\"https:\\\/\\\/schema.org\",\"@graph\":[{\"@type\":\"WebPage\",\"@id\":\"https:\\\/\\\/premiumline-cabling.com\\\/de\\\/product\\\/category-5e-keystone-jack\\\/\",\"url\":\"https:\\\/\\\/premiumline-cabling.com\\\/de\\\/product\\\/category-5e-keystone-jack\\\/\",\"name\":\"Premium-Line Cat.5e 180 \u00b0 Keystone Jack, Druckguss, geschirmt\",\"isPartOf\":{\"@id\":\"https:\\\/\\\/premiumline-cabling.com\\\/#website\"},\"primaryImageOfPage\":{\"@id\":\"https:\\\/\\\/premiumline-cabling.com\\\/de\\\/product\\\/category-5e-keystone-jack\\\/#primaryimage\"},\"image\":{\"@id\":\"https:\\\/\\\/premiumline-cabling.com\\\/de\\\/product\\\/category-5e-keystone-jack\\\/#primaryimage\"},\"thumbnailUrl\":\"https:\\\/\\\/premiumline-cabling.com\\\/wp-content\\\/uploads\\\/2019\\\/02\\\/img_PL_180-Shielded-Die-Casting-Keystone-Jack1.jpg\",\"datePublished\":\"2019-02-10T14:24:10+00:00\",\"dateModified\":\"2019-12-02T07:22:37+00:00\",\"description\":\"entspricht den TIA\\\/EIA-568-C.2, ISO\\\/IEC 11801 und den EN 50173-1 SpezifikationenDruckgussgeh\u00e4use sch\u00fctzt vor EMI-Einfl\u00fcssen\",\"breadcrumb\":{\"@id\":\"https:\\\/\\\/premiumline-cabling.com\\\/de\\\/product\\\/category-5e-keystone-jack\\\/#breadcrumb\"},\"inLanguage\":\"de\",\"potentialAction\":[{\"@type\":\"ReadAction\",\"target\":[\"https:\\\/\\\/premiumline-cabling.com\\\/de\\\/product\\\/category-5e-keystone-jack\\\/\"]}]},{\"@type\":\"ImageObject\",\"inLanguage\":\"de\",\"@id\":\"https:\\\/\\\/premiumline-cabling.com\\\/de\\\/product\\\/category-5e-keystone-jack\\\/#primaryimage\",\"url\":\"https:\\\/\\\/premiumline-cabling.com\\\/wp-content\\\/uploads\\\/2019\\\/02\\\/img_PL_180-Shielded-Die-Casting-Keystone-Jack1.jpg\",\"contentUrl\":\"https:\\\/\\\/premiumline-cabling.com\\\/wp-content\\\/uploads\\\/2019\\\/02\\\/img_PL_180-Shielded-Die-Casting-Keystone-Jack1.jpg\",\"width\":283,\"height\":220},{\"@type\":\"BreadcrumbList\",\"@id\":\"https:\\\/\\\/premiumline-cabling.com\\\/de\\\/product\\\/category-5e-keystone-jack\\\/#breadcrumb\",\"itemListElement\":[{\"@type\":\"ListItem\",\"position\":1,\"name\":\"\u0413\u043b\u0430\u0432\u043d\u0430\u044f \u0441\u0442\u0440\u0430\u043d\u0438\u0446\u0430\",\"item\":\"https:\\\/\\\/premiumline-cabling.com\\\/de\\\/\"},{\"@type\":\"ListItem\",\"position\":2,\"name\":\"Cat. 5e 180\u00b0 KJ geschirmt\"}]},{\"@type\":\"WebSite\",\"@id\":\"https:\\\/\\\/premiumline-cabling.com\\\/#website\",\"url\":\"https:\\\/\\\/premiumline-cabling.com\\\/\",\"name\":\"Premium-Line\",\"description\":\"Structured Cabling System\",\"publisher\":{\"@id\":\"https:\\\/\\\/premiumline-cabling.com\\\/#organization\"},\"potentialAction\":[{\"@type\":\"SearchAction\",\"target\":{\"@type\":\"EntryPoint\",\"urlTemplate\":\"https:\\\/\\\/premiumline-cabling.com\\\/?s={search_term_string}\"},\"query-input\":{\"@type\":\"PropertyValueSpecification\",\"valueRequired\":true,\"valueName\":\"search_term_string\"}}],\"inLanguage\":\"de\"},{\"@type\":\"Organization\",\"@id\":\"https:\\\/\\\/premiumline-cabling.com\\\/#organization\",\"name\":\"Premium-Line\",\"url\":\"https:\\\/\\\/premiumline-cabling.com\\\/\",\"logo\":{\"@type\":\"ImageObject\",\"inLanguage\":\"de\",\"@id\":\"https:\\\/\\\/premiumline-cabling.com\\\/#\\\/schema\\\/logo\\\/image\\\/\",\"url\":\"https:\\\/\\\/premiumline-cabling.com\\\/wp-content\\\/uploads\\\/2019\\\/04\\\/cropped-img_logo_site_Premium-Line.png\",\"contentUrl\":\"https:\\\/\\\/premiumline-cabling.com\\\/wp-content\\\/uploads\\\/2019\\\/04\\\/cropped-img_logo_site_Premium-Line.png\",\"width\":190,\"height\":62,\"caption\":\"Premium-Line\"},\"image\":{\"@id\":\"https:\\\/\\\/premiumline-cabling.com\\\/#\\\/schema\\\/logo\\\/image\\\/\"}}]}<\/script>\n<!-- \/ Yoast SEO plugin. -->","yoast_head_json":{"title":"Premium-Line Cat.5e 180 \u00b0 Keystone Jack, Druckguss, geschirmt","description":"entspricht den TIA\/EIA-568-C.2, ISO\/IEC 11801 und den EN 50173-1 SpezifikationenDruckgussgeh\u00e4use sch\u00fctzt vor EMI-Einfl\u00fcssen","robots":{"index":"index","follow":"follow","max-snippet":"max-snippet:-1","max-image-preview":"max-image-preview:large","max-video-preview":"max-video-preview:-1"},"canonical":"https:\/\/premiumline-cabling.com\/de\/product\/category-5e-keystone-jack\/","og_locale":"de_DE","og_type":"article","og_title":"Premium-Line Cat.5e 180 \u00b0 Keystone Jack, Druckguss, geschirmt","og_description":"entspricht den TIA\/EIA-568-C.2, ISO\/IEC 11801 und den EN 50173-1 SpezifikationenDruckgussgeh\u00e4use sch\u00fctzt vor EMI-Einfl\u00fcssen","og_url":"https:\/\/premiumline-cabling.com\/de\/product\/category-5e-keystone-jack\/","og_site_name":"Premium-Line","article_modified_time":"2019-12-02T07:22:37+00:00","og_image":[{"width":283,"height":220,"url":"https:\/\/premiumline-cabling.com\/wp-content\/uploads\/2019\/02\/img_PL_180-Shielded-Die-Casting-Keystone-Jack1.jpg","type":"image\/jpeg"}],"twitter_card":"summary_large_image","twitter_misc":{"Gesch\u00e4tzte Lesezeit":"1\u00a0Minute"},"schema":{"@context":"https:\/\/schema.org","@graph":[{"@type":"WebPage","@id":"https:\/\/premiumline-cabling.com\/de\/product\/category-5e-keystone-jack\/","url":"https:\/\/premiumline-cabling.com\/de\/product\/category-5e-keystone-jack\/","name":"Premium-Line Cat.5e 180 \u00b0 Keystone Jack, Druckguss, geschirmt","isPartOf":{"@id":"https:\/\/premiumline-cabling.com\/#website"},"primaryImageOfPage":{"@id":"https:\/\/premiumline-cabling.com\/de\/product\/category-5e-keystone-jack\/#primaryimage"},"image":{"@id":"https:\/\/premiumline-cabling.com\/de\/product\/category-5e-keystone-jack\/#primaryimage"},"thumbnailUrl":"https:\/\/premiumline-cabling.com\/wp-content\/uploads\/2019\/02\/img_PL_180-Shielded-Die-Casting-Keystone-Jack1.jpg","datePublished":"2019-02-10T14:24:10+00:00","dateModified":"2019-12-02T07:22:37+00:00","description":"entspricht den TIA\/EIA-568-C.2, ISO\/IEC 11801 und den EN 50173-1 SpezifikationenDruckgussgeh\u00e4use sch\u00fctzt vor EMI-Einfl\u00fcssen","breadcrumb":{"@id":"https:\/\/premiumline-cabling.com\/de\/product\/category-5e-keystone-jack\/#breadcrumb"},"inLanguage":"de","potentialAction":[{"@type":"ReadAction","target":["https:\/\/premiumline-cabling.com\/de\/product\/category-5e-keystone-jack\/"]}]},{"@type":"ImageObject","inLanguage":"de","@id":"https:\/\/premiumline-cabling.com\/de\/product\/category-5e-keystone-jack\/#primaryimage","url":"https:\/\/premiumline-cabling.com\/wp-content\/uploads\/2019\/02\/img_PL_180-Shielded-Die-Casting-Keystone-Jack1.jpg","contentUrl":"https:\/\/premiumline-cabling.com\/wp-content\/uploads\/2019\/02\/img_PL_180-Shielded-Die-Casting-Keystone-Jack1.jpg","width":283,"height":220},{"@type":"BreadcrumbList","@id":"https:\/\/premiumline-cabling.com\/de\/product\/category-5e-keystone-jack\/#breadcrumb","itemListElement":[{"@type":"ListItem","position":1,"name":"\u0413\u043b\u0430\u0432\u043d\u0430\u044f \u0441\u0442\u0440\u0430\u043d\u0438\u0446\u0430","item":"https:\/\/premiumline-cabling.com\/de\/"},{"@type":"ListItem","position":2,"name":"Cat. 5e 180\u00b0 KJ geschirmt"}]},{"@type":"WebSite","@id":"https:\/\/premiumline-cabling.com\/#website","url":"https:\/\/premiumline-cabling.com\/","name":"Premium-Line","description":"Structured Cabling System","publisher":{"@id":"https:\/\/premiumline-cabling.com\/#organization"},"potentialAction":[{"@type":"SearchAction","target":{"@type":"EntryPoint","urlTemplate":"https:\/\/premiumline-cabling.com\/?s={search_term_string}"},"query-input":{"@type":"PropertyValueSpecification","valueRequired":true,"valueName":"search_term_string"}}],"inLanguage":"de"},{"@type":"Organization","@id":"https:\/\/premiumline-cabling.com\/#organization","name":"Premium-Line","url":"https:\/\/premiumline-cabling.com\/","logo":{"@type":"ImageObject","inLanguage":"de","@id":"https:\/\/premiumline-cabling.com\/#\/schema\/logo\/image\/","url":"https:\/\/premiumline-cabling.com\/wp-content\/uploads\/2019\/04\/cropped-img_logo_site_Premium-Line.png","contentUrl":"https:\/\/premiumline-cabling.com\/wp-content\/uploads\/2019\/04\/cropped-img_logo_site_Premium-Line.png","width":190,"height":62,"caption":"Premium-Line"},"image":{"@id":"https:\/\/premiumline-cabling.com\/#\/schema\/logo\/image\/"}}]}},"_links":{"self":[{"href":"https:\/\/premiumline-cabling.com\/de\/wp-json\/wp\/v2\/product\/3856","targetHints":{"allow":["GET"]}}],"collection":[{"href":"https:\/\/premiumline-cabling.com\/de\/wp-json\/wp\/v2\/product"}],"about":[{"href":"https:\/\/premiumline-cabling.com\/de\/wp-json\/wp\/v2\/types\/product"}],"wp:featuredmedia":[{"embeddable":true,"href":"https:\/\/premiumline-cabling.com\/de\/wp-json\/wp\/v2\/media\/8543"}],"wp:attachment":[{"href":"https:\/\/premiumline-cabling.com\/de\/wp-json\/wp\/v2\/media?parent=3856"}],"wp:term":[{"taxonomy":"product_category","embeddable":true,"href":"https:\/\/premiumline-cabling.com\/de\/wp-json\/wp\/v2\/product_category?post=3856"}],"curies":[{"name":"wp","href":"https:\/\/api.w.org\/{rel}","templated":true}]}}