{"id":3782,"date":"2019-11-28T12:24:57","date_gmt":"2019-11-28T11:24:57","guid":{"rendered":"https:\/\/www.premiumline-cabling.com\/?post_type=product&#038;p=3782"},"modified":"2024-07-30T07:24:23","modified_gmt":"2024-07-30T06:24:23","slug":"cat-6-0-5u-shielded","status":"publish","type":"product","link":"https:\/\/premiumline-cabling.com\/de\/product\/cat-6-0-5u-shielded\/","title":{"rendered":"Cat. 6 0.5U geschirmt"},"content":{"rendered":"<h2>Category 6 24-Port Patchpanel, geschirmt 0.5U<\/h2>\n<p><noscript><img decoding=\"async\" class=\"size-medium wp-image-21696 alignright\" src=\"https:\/\/premiumline-cabling.com\/wp-content\/uploads\/2019\/02\/176272412--300x169.png\" alt width=\"300\" height=\"169\" srcset=\"https:\/\/premiumline-cabling.com\/wp-content\/uploads\/2019\/02\/176272412--300x169.png 300w, https:\/\/premiumline-cabling.com\/wp-content\/uploads\/2019\/02\/176272412--1024x576.png 1024w, https:\/\/premiumline-cabling.com\/wp-content\/uploads\/2019\/02\/176272412--768x432.png 768w, https:\/\/premiumline-cabling.com\/wp-content\/uploads\/2019\/02\/176272412--1536x864.png 1536w, https:\/\/premiumline-cabling.com\/wp-content\/uploads\/2019\/02\/176272412--2048x1152.png 2048w, https:\/\/premiumline-cabling.com\/wp-content\/uploads\/2019\/02\/176272412--382x214.png 382w\" sizes=\"(max-width: 300px) 100vw, 300px\"><\/noscript><img decoding=\"async\" class=\"size-medium wp-image-21696 alignright lazyload\" src=\"data:image\/svg+xml,%3Csvg%20xmlns%3D%22http%3A%2F%2Fwww.w3.org%2F2000%2Fsvg%22%20viewBox%3D%220%200%20300%20169%22%3E%3C%2Fsvg%3E\" alt width=\"300\" height=\"169\" srcset=\"data:image\/svg+xml,%3Csvg%20xmlns%3D%22http%3A%2F%2Fwww.w3.org%2F2000%2Fsvg%22%20viewBox%3D%220%200%20300%20169%22%3E%3C%2Fsvg%3E 300w\" sizes=\"(max-width: 300px) 100vw, 300px\" data-srcset=\"https:\/\/premiumline-cabling.com\/wp-content\/uploads\/2019\/02\/176272412--300x169.png 300w, https:\/\/premiumline-cabling.com\/wp-content\/uploads\/2019\/02\/176272412--1024x576.png 1024w, https:\/\/premiumline-cabling.com\/wp-content\/uploads\/2019\/02\/176272412--768x432.png 768w, https:\/\/premiumline-cabling.com\/wp-content\/uploads\/2019\/02\/176272412--1536x864.png 1536w, https:\/\/premiumline-cabling.com\/wp-content\/uploads\/2019\/02\/176272412--2048x1152.png 2048w, https:\/\/premiumline-cabling.com\/wp-content\/uploads\/2019\/02\/176272412--382x214.png 382w\" data-src=\"https:\/\/premiumline-cabling.com\/wp-content\/uploads\/2019\/02\/176272412--300x169.png\"><\/p>\n<p>&nbsp;<\/p>\n<p>Unser Geschirmtes Patchpanel der Premium-Line-Kategorie 6 entspricht den Spezifikationen ANSI \/ TIA-568-C.2, ISO \/ IEC 11801 und EN 50173-1 Klasse E und ist EU-ROHS-konform.<br>\nDie Konstruktion hat eine Standardgr\u00f6\u00dfe von 1 HE und passt f\u00fcr alle 19-Zoll-Racks. Der Hauptmetallrahmen und die hintere Abdeckung bestehen aus SECC-Stahl mit einer Materialdicke von mehr als 1,0 mm. Der Dual Type IDC mit zwei Anschl\u00fcssen eignet sich f\u00fcr Kabel mit 22 bis 256 AWG, die sich leicht mit 110- oder Krone-Werkzeugen anschlie\u00dfen lassen. Das Panel ist in schwarz oder hellgrau RAL7035 erh\u00e4ltlich.<\/p>\n<h3>EIGENSCHAFTEN:<\/h3>\n<ul>\n<li>Konform zu TIA\/EIA-568-C.2, ISO\/IEC 11801 und EN 50173-1 Category 6 Spezifikationen<\/li>\n<li>IDC Anschl\u00fcsse geeignet f\u00fcr 22-26 AWG Litzen- und Steifleiterkabel<\/li>\n<li>Unterst\u00fctzt T568 A&amp;B Verdrahtung, einfache Installation<\/li>\n<li>Terminierung erfolgt durch 110 oder Krone Anlegewerkzeuge<\/li>\n<li>24 Ports mit nur 0.5 H, optimiert f\u00fcr enge Platzverh\u00e4ltnisse im Schrank<\/li>\n<li>Verriegelungsnasen nach oben<\/li>\n<li>Farbe: Schwarz oder RAL 7035 (hellgrau)<\/li>\n<li>Material Panel: SECC<\/li>\n<li>Material PCB: FR4\/1.6mm Dicke<\/li>\n<li>IDC-Anschlu\u00df Geh\u00e4use: Polykarbonat \/ UL 94V-0<\/li>\n<\/ul>\n<p>Kontakte: Phosphor\/Bronze \u00fcber Nickel<\/p>\n<p>Lebensdauer: min. 250 Terminierungen<\/p>\n<ul>\n<li>PCB Jack Geh\u00e4use: Polyester UL94-0<\/li>\n<\/ul>\n<p>Kontaktmaterial: Phosphor\/Bronze, 50u Zoll vergoldet \u00fcber Nickel<\/p>\n<p>Lebensdauer: min. 750 Steckzyklen<\/p>\n<ul>\n<li>Inklusive Erdungskabel, Kabelbinder und Schrauben (4 Stk. M6x12)<\/li>\n<li>RoHS konform<\/li>\n<\/ul>\n<h3>ANWENDUNGEN:<\/h3>\n<ul>\n<li>1000BASE-TX Gigabit Ethernet<\/li>\n<li>1000BASE-T Gigabit Ethernet<\/li>\n<li>100BASE-TX Fast Ethernet<\/li>\n<li>10BASE-T Ethernet<\/li>\n<li>Sprache, Video und andere Anwendungen<\/li>\n<\/ul>\n<h3>BESTELLINFORMATION:<\/h3>\n<table>\n<tbody>\n<tr>\n<td width=\"111\">Art.Nr.<\/td>\n<td width=\"457\">17627241x<\/td>\n<\/tr>\n<tr>\n<td width=\"111\">Beschreibung<\/td>\n<td width=\"457\">Premium Line Cat.6 24 Port Patchpanel, 0.5U, geschirmt, Dual Type IDC, inkl. Erdungskabel, Kabelbinder und Befestigungsschrauben<\/td>\n<\/tr>\n<tr>\n<td width=\"111\">x &nbsp;Farbe<\/td>\n<td width=\"457\">2: Schwarz&nbsp;&nbsp;&nbsp; 9: RAL 7035 (hellgrau)<\/td>\n<\/tr>\n<tr>\n<td width=\"111\">Verpackung<\/td>\n<td width=\"457\">1 Stk.\/Box, 10 Stk.\/Karton\n<p>Kartongr\u00f6\u00dfe &nbsp;50.5 X 27.9 x 27 cm;&nbsp; Gewicht: brutto. 15 kg, netto 11 kg<\/p><\/td>\n<\/tr>\n<\/tbody>\n<\/table>\n<p>&nbsp;<\/p>\n","protected":false},"featured_media":21696,"template":"","product_category":[171,175],"class_list":["post-3782","product","type-product","status-publish","has-post-thumbnail","hentry","product_category-patchpanel","product_category-patchfeld-geschirmt"],"yoast_head":"<!-- This site is optimized with the Yoast SEO plugin v27.2 - https:\/\/yoast.com\/product\/yoast-seo-wordpress\/ -->\n<title>Premium-Line Cat.6 24-Port Patchpanel, geschirmt 0.5U, IDC<\/title>\n<meta name=\"description\" content=\"Unser Geschirmtes Patchpanel der Premium-Line-Kategorie 6 entspricht den Spezifikationen ANSI \/ TIA-568-C.2, ISO \/ IEC 11801 und EN 50173-1\" \/>\n<meta name=\"robots\" content=\"index, follow, max-snippet:-1, max-image-preview:large, max-video-preview:-1\" \/>\n<link rel=\"canonical\" href=\"https:\/\/premiumline-cabling.com\/de\/product\/cat-6-0-5u-shielded\/\" \/>\n<meta property=\"og:locale\" content=\"de_DE\" \/>\n<meta property=\"og:type\" content=\"article\" \/>\n<meta property=\"og:title\" content=\"Premium-Line Cat.6 24-Port Patchpanel, geschirmt 0.5U, IDC\" \/>\n<meta property=\"og:description\" content=\"Unser Geschirmtes Patchpanel der Premium-Line-Kategorie 6 entspricht den Spezifikationen ANSI \/ TIA-568-C.2, ISO \/ IEC 11801 und EN 50173-1\" \/>\n<meta property=\"og:url\" content=\"https:\/\/premiumline-cabling.com\/de\/product\/cat-6-0-5u-shielded\/\" \/>\n<meta property=\"og:site_name\" content=\"Premium-Line\" \/>\n<meta property=\"article:modified_time\" content=\"2024-07-30T06:24:23+00:00\" \/>\n<meta property=\"og:image\" content=\"https:\/\/premiumline-cabling.com\/wp-content\/uploads\/2019\/02\/176272412--1024x576.png\" \/>\n\t<meta property=\"og:image:width\" content=\"1024\" \/>\n\t<meta property=\"og:image:height\" content=\"576\" \/>\n\t<meta property=\"og:image:type\" content=\"image\/png\" \/>\n<meta name=\"twitter:card\" content=\"summary_large_image\" \/>\n<meta name=\"twitter:label1\" content=\"Gesch\u00e4tzte Lesezeit\" \/>\n\t<meta name=\"twitter:data1\" content=\"2\u00a0Minuten\" \/>\n<script type=\"application\/ld+json\" class=\"yoast-schema-graph\">{\"@context\":\"https:\/\/schema.org\",\"@graph\":[{\"@type\":\"WebPage\",\"@id\":\"https:\/\/premiumline-cabling.com\/de\/product\/cat-6-0-5u-shielded\/\",\"url\":\"https:\/\/premiumline-cabling.com\/de\/product\/cat-6-0-5u-shielded\/\",\"name\":\"Premium-Line Cat.6 24-Port Patchpanel, geschirmt 0.5U, IDC\",\"isPartOf\":{\"@id\":\"https:\/\/premiumline-cabling.com\/#website\"},\"primaryImageOfPage\":{\"@id\":\"https:\/\/premiumline-cabling.com\/de\/product\/cat-6-0-5u-shielded\/#primaryimage\"},\"image\":{\"@id\":\"https:\/\/premiumline-cabling.com\/de\/product\/cat-6-0-5u-shielded\/#primaryimage\"},\"thumbnailUrl\":\"https:\/\/premiumline-cabling.com\/wp-content\/uploads\/2019\/02\/176272412-.png\",\"datePublished\":\"2019-11-28T11:24:57+00:00\",\"dateModified\":\"2024-07-30T06:24:23+00:00\",\"description\":\"Unser Geschirmtes Patchpanel der Premium-Line-Kategorie 6 entspricht den Spezifikationen ANSI \/ TIA-568-C.2, ISO \/ IEC 11801 und EN 50173-1\",\"breadcrumb\":{\"@id\":\"https:\/\/premiumline-cabling.com\/de\/product\/cat-6-0-5u-shielded\/#breadcrumb\"},\"inLanguage\":\"de\",\"potentialAction\":[{\"@type\":\"ReadAction\",\"target\":[\"https:\/\/premiumline-cabling.com\/de\/product\/cat-6-0-5u-shielded\/\"]}]},{\"@type\":\"ImageObject\",\"inLanguage\":\"de\",\"@id\":\"https:\/\/premiumline-cabling.com\/de\/product\/cat-6-0-5u-shielded\/#primaryimage\",\"url\":\"https:\/\/premiumline-cabling.com\/wp-content\/uploads\/2019\/02\/176272412-.png\",\"contentUrl\":\"https:\/\/premiumline-cabling.com\/wp-content\/uploads\/2019\/02\/176272412-.png\",\"width\":4608,\"height\":2592},{\"@type\":\"BreadcrumbList\",\"@id\":\"https:\/\/premiumline-cabling.com\/de\/product\/cat-6-0-5u-shielded\/#breadcrumb\",\"itemListElement\":[{\"@type\":\"ListItem\",\"position\":1,\"name\":\"\u0413\u043b\u0430\u0432\u043d\u0430\u044f \u0441\u0442\u0440\u0430\u043d\u0438\u0446\u0430\",\"item\":\"https:\/\/premiumline-cabling.com\/de\/\"},{\"@type\":\"ListItem\",\"position\":2,\"name\":\"Cat. 6 0.5U geschirmt\"}]},{\"@type\":\"WebSite\",\"@id\":\"https:\/\/premiumline-cabling.com\/#website\",\"url\":\"https:\/\/premiumline-cabling.com\/\",\"name\":\"Premium-Line\",\"description\":\"Structured Cabling System\",\"publisher\":{\"@id\":\"https:\/\/premiumline-cabling.com\/#organization\"},\"potentialAction\":[{\"@type\":\"SearchAction\",\"target\":{\"@type\":\"EntryPoint\",\"urlTemplate\":\"https:\/\/premiumline-cabling.com\/?s={search_term_string}\"},\"query-input\":{\"@type\":\"PropertyValueSpecification\",\"valueRequired\":true,\"valueName\":\"search_term_string\"}}],\"inLanguage\":\"de\"},{\"@type\":\"Organization\",\"@id\":\"https:\/\/premiumline-cabling.com\/#organization\",\"name\":\"Premium-Line\",\"url\":\"https:\/\/premiumline-cabling.com\/\",\"logo\":{\"@type\":\"ImageObject\",\"inLanguage\":\"de\",\"@id\":\"https:\/\/premiumline-cabling.com\/#\/schema\/logo\/image\/\",\"url\":\"https:\/\/premiumline-cabling.com\/wp-content\/uploads\/2019\/04\/cropped-img_logo_site_Premium-Line.png\",\"contentUrl\":\"https:\/\/premiumline-cabling.com\/wp-content\/uploads\/2019\/04\/cropped-img_logo_site_Premium-Line.png\",\"width\":190,\"height\":62,\"caption\":\"Premium-Line\"},\"image\":{\"@id\":\"https:\/\/premiumline-cabling.com\/#\/schema\/logo\/image\/\"}}]}<\/script>\n<!-- \/ Yoast SEO plugin. -->","yoast_head_json":{"title":"Premium-Line Cat.6 24-Port Patchpanel, geschirmt 0.5U, IDC","description":"Unser Geschirmtes Patchpanel der Premium-Line-Kategorie 6 entspricht den Spezifikationen ANSI \/ TIA-568-C.2, ISO \/ IEC 11801 und EN 50173-1","robots":{"index":"index","follow":"follow","max-snippet":"max-snippet:-1","max-image-preview":"max-image-preview:large","max-video-preview":"max-video-preview:-1"},"canonical":"https:\/\/premiumline-cabling.com\/de\/product\/cat-6-0-5u-shielded\/","og_locale":"de_DE","og_type":"article","og_title":"Premium-Line Cat.6 24-Port Patchpanel, geschirmt 0.5U, IDC","og_description":"Unser Geschirmtes Patchpanel der Premium-Line-Kategorie 6 entspricht den Spezifikationen ANSI \/ TIA-568-C.2, ISO \/ IEC 11801 und EN 50173-1","og_url":"https:\/\/premiumline-cabling.com\/de\/product\/cat-6-0-5u-shielded\/","og_site_name":"Premium-Line","article_modified_time":"2024-07-30T06:24:23+00:00","og_image":[{"width":1024,"height":576,"url":"https:\/\/premiumline-cabling.com\/wp-content\/uploads\/2019\/02\/176272412--1024x576.png","type":"image\/png"}],"twitter_card":"summary_large_image","twitter_misc":{"Gesch\u00e4tzte Lesezeit":"2\u00a0Minuten"},"schema":{"@context":"https:\/\/schema.org","@graph":[{"@type":"WebPage","@id":"https:\/\/premiumline-cabling.com\/de\/product\/cat-6-0-5u-shielded\/","url":"https:\/\/premiumline-cabling.com\/de\/product\/cat-6-0-5u-shielded\/","name":"Premium-Line Cat.6 24-Port Patchpanel, geschirmt 0.5U, IDC","isPartOf":{"@id":"https:\/\/premiumline-cabling.com\/#website"},"primaryImageOfPage":{"@id":"https:\/\/premiumline-cabling.com\/de\/product\/cat-6-0-5u-shielded\/#primaryimage"},"image":{"@id":"https:\/\/premiumline-cabling.com\/de\/product\/cat-6-0-5u-shielded\/#primaryimage"},"thumbnailUrl":"https:\/\/premiumline-cabling.com\/wp-content\/uploads\/2019\/02\/176272412-.png","datePublished":"2019-11-28T11:24:57+00:00","dateModified":"2024-07-30T06:24:23+00:00","description":"Unser Geschirmtes Patchpanel der Premium-Line-Kategorie 6 entspricht den Spezifikationen ANSI \/ TIA-568-C.2, ISO \/ IEC 11801 und EN 50173-1","breadcrumb":{"@id":"https:\/\/premiumline-cabling.com\/de\/product\/cat-6-0-5u-shielded\/#breadcrumb"},"inLanguage":"de","potentialAction":[{"@type":"ReadAction","target":["https:\/\/premiumline-cabling.com\/de\/product\/cat-6-0-5u-shielded\/"]}]},{"@type":"ImageObject","inLanguage":"de","@id":"https:\/\/premiumline-cabling.com\/de\/product\/cat-6-0-5u-shielded\/#primaryimage","url":"https:\/\/premiumline-cabling.com\/wp-content\/uploads\/2019\/02\/176272412-.png","contentUrl":"https:\/\/premiumline-cabling.com\/wp-content\/uploads\/2019\/02\/176272412-.png","width":4608,"height":2592},{"@type":"BreadcrumbList","@id":"https:\/\/premiumline-cabling.com\/de\/product\/cat-6-0-5u-shielded\/#breadcrumb","itemListElement":[{"@type":"ListItem","position":1,"name":"\u0413\u043b\u0430\u0432\u043d\u0430\u044f \u0441\u0442\u0440\u0430\u043d\u0438\u0446\u0430","item":"https:\/\/premiumline-cabling.com\/de\/"},{"@type":"ListItem","position":2,"name":"Cat. 6 0.5U geschirmt"}]},{"@type":"WebSite","@id":"https:\/\/premiumline-cabling.com\/#website","url":"https:\/\/premiumline-cabling.com\/","name":"Premium-Line","description":"Structured Cabling System","publisher":{"@id":"https:\/\/premiumline-cabling.com\/#organization"},"potentialAction":[{"@type":"SearchAction","target":{"@type":"EntryPoint","urlTemplate":"https:\/\/premiumline-cabling.com\/?s={search_term_string}"},"query-input":{"@type":"PropertyValueSpecification","valueRequired":true,"valueName":"search_term_string"}}],"inLanguage":"de"},{"@type":"Organization","@id":"https:\/\/premiumline-cabling.com\/#organization","name":"Premium-Line","url":"https:\/\/premiumline-cabling.com\/","logo":{"@type":"ImageObject","inLanguage":"de","@id":"https:\/\/premiumline-cabling.com\/#\/schema\/logo\/image\/","url":"https:\/\/premiumline-cabling.com\/wp-content\/uploads\/2019\/04\/cropped-img_logo_site_Premium-Line.png","contentUrl":"https:\/\/premiumline-cabling.com\/wp-content\/uploads\/2019\/04\/cropped-img_logo_site_Premium-Line.png","width":190,"height":62,"caption":"Premium-Line"},"image":{"@id":"https:\/\/premiumline-cabling.com\/#\/schema\/logo\/image\/"}}]}},"_links":{"self":[{"href":"https:\/\/premiumline-cabling.com\/de\/wp-json\/wp\/v2\/product\/3782","targetHints":{"allow":["GET"]}}],"collection":[{"href":"https:\/\/premiumline-cabling.com\/de\/wp-json\/wp\/v2\/product"}],"about":[{"href":"https:\/\/premiumline-cabling.com\/de\/wp-json\/wp\/v2\/types\/product"}],"wp:featuredmedia":[{"embeddable":true,"href":"https:\/\/premiumline-cabling.com\/de\/wp-json\/wp\/v2\/media\/21696"}],"wp:attachment":[{"href":"https:\/\/premiumline-cabling.com\/de\/wp-json\/wp\/v2\/media?parent=3782"}],"wp:term":[{"taxonomy":"product_category","embeddable":true,"href":"https:\/\/premiumline-cabling.com\/de\/wp-json\/wp\/v2\/product_category?post=3782"}],"curies":[{"name":"wp","href":"https:\/\/api.w.org\/{rel}","templated":true}]}}