{"id":3711,"date":"2019-11-11T18:43:39","date_gmt":"2019-11-11T17:43:39","guid":{"rendered":"https:\/\/www.premiumline-cabling.com\/?post_type=product&#038;p=3711"},"modified":"2025-09-04T09:01:04","modified_gmt":"2025-09-04T08:01:04","slug":"cat-6-180-unshielded-shutter-kj","status":"publish","type":"product","link":"https:\/\/premiumline-cabling.com\/de\/product\/cat-6-180-unshielded-shutter-kj\/","title":{"rendered":"Cat. 6 KJ mit Staubschutzklappe"},"content":{"rendered":"<h2>Premium-Line Category 6 180\u00b0 Ungeschirmt, Slim Keystone Jack mit Staubschutzklappe<\/h2>\n<h4><noscript><img decoding=\"async\" class=\"alignright wp-image-3712 size-medium\" src=\"https:\/\/premiumline-cabling.com\/wp-content\/uploads\/2019\/11\/KJ-6_u_180_s-300x285.jpg\" alt width=\"300\" height=\"285\" srcset=\"https:\/\/premiumline-cabling.com\/wp-content\/uploads\/2019\/11\/KJ-6_u_180_s-300x285.jpg 300w, https:\/\/premiumline-cabling.com\/wp-content\/uploads\/2019\/11\/KJ-6_u_180_s.jpg 392w\" sizes=\"(max-width: 300px) 100vw, 300px\"><\/noscript><img decoding=\"async\" class=\"alignright wp-image-3712 size-medium lazyload\" src=\"data:image\/svg+xml,%3Csvg%20xmlns%3D%22http%3A%2F%2Fwww.w3.org%2F2000%2Fsvg%22%20viewBox%3D%220%200%20300%20285%22%3E%3C%2Fsvg%3E\" alt width=\"300\" height=\"285\" srcset=\"data:image\/svg+xml,%3Csvg%20xmlns%3D%22http%3A%2F%2Fwww.w3.org%2F2000%2Fsvg%22%20viewBox%3D%220%200%20300%20285%22%3E%3C%2Fsvg%3E 300w\" sizes=\"(max-width: 300px) 100vw, 300px\" data-srcset=\"https:\/\/premiumline-cabling.com\/wp-content\/uploads\/2019\/11\/KJ-6_u_180_s-300x285.jpg 300w, https:\/\/premiumline-cabling.com\/wp-content\/uploads\/2019\/11\/KJ-6_u_180_s.jpg 392w\" data-src=\"https:\/\/premiumline-cabling.com\/wp-content\/uploads\/2019\/11\/KJ-6_u_180_s-300x285.jpg\">EIGENSCHAFTEN:<\/h4>\n<ul>\n<li>entspricht den TIA\/EIA-568-C.2, ISO 11801 und den EN 50173-1 Spezifikationen<\/li>\n<li>kompaktes Design f\u00fcr High-Density-Anwendungen: bis zu 24 Jacks k\u00f6nnen in ein leeres 24-Port Patchpanel eingebaut werden (z.B. Art.Nr. 1782424021, 178242402)<\/li>\n<li>Staubschutzklappe verhindert das Eindringen von Verschmutzungen<\/li>\n<li>Unterst\u00fctzt T568 A&amp;B Verdrahtung, einfache Installation<\/li>\n<li>Dual IDC Anschl\u00fcsse k\u00f6nnen f\u00fcr 22-26 AWG Steifleiterkabel verwendet werden<\/li>\n<li>Terminierung erfolgt durch 110 oder Krone Anlegewerkzeuge<\/li>\n<li>RoHS konform<\/li>\n<\/ul>\n<h4>ANWENDUNG:<\/h4>\n<ul>\n<li>1000BASE-TX Gigabit Ethernet<\/li>\n<li>1000BASE-T Gigabit Ethernet<\/li>\n<li>100BASE-TX Fast Ethernet<\/li>\n<li>10BASE-T Ethernet<\/li>\n<li>Sprache, Video und andere Anwendungen<\/li>\n<\/ul>\n<h4>KENNWERTE:<\/h4>\n<table width=\"685\">\n<tbody>\n<tr>\n<td width=\"216\">Durchschlagsfestigkeit\n<p>Stromst\u00e4rke<\/p>\n<p>Isolationswiderstand<\/p>\n<p>Kontaktwiderstand<\/p>\n<p>Temperaturbereich<\/p>\n<p>Feuchtigkeit<\/p>\n<p>Brandklasse<\/p>\n<p>Anschlussleitung<\/p>\n<p>RJ45-Kontakte in PCB<\/p>\n<p>&nbsp;<\/p>\n<p>IDC Kontakte<\/p>\n<p>&nbsp;<\/p>\n<p>&nbsp;<\/p><\/td>\n<td width=\"469\">1000V RMS f\u00fcr 1 Minute\n<p>max. 1.5Amp<\/p>\n<p>min. 10M\u03a9<\/p>\n<p>2m\u03a9 pro Kontakt<\/p>\n<p>-10\u2103 bis +60\u2103<\/p>\n<p>10%~90%; nicht kondensierend<\/p>\n<p>PC, UL94 V-0<\/p>\n<p>22AWG ~ 26AWG Isolierdraht<\/p>\n<p>Phosphor-Bronze, 50\u03bc vergoldet \u00fcber Nickelkontakt im Steckbereich<\/p>\n<p>Lebensdauer: mindestens 750 Steckzyklen<\/p>\n<p>100\u03bc vernickelt \u00fcber Phosphor\/Bronze-Legierung<\/p>\n<p>Lebensdauer: mindestens 250 Terminierungen<\/p>\n<p>&nbsp;<\/p><\/td>\n<\/tr>\n<\/tbody>\n<\/table>\n<h4>&nbsp;BESTELLINFORMATION:<\/h4>\n<table>\n<tbody>\n<tr>\n<td width=\"130\">Art.Nr.<\/td>\n<td width=\"438\">106721010<\/td>\n<\/tr>\n<tr>\n<td width=\"130\">Beschreibung<\/td>\n<td width=\"438\">Premium Line Cat.6 &nbsp;180\u00b0 ungeschirmt, Slim Keystone Jack, dual type IDC, mit Staubschutzklappe, wei\u00df<\/td>\n<\/tr>\n<tr>\n<td width=\"130\">Verpackung<\/td>\n<td width=\"438\">1Stk.\/PE-Sack, 50 Stk.\/Box, 500 Stk.\/Karton<\/td>\n<\/tr>\n<\/tbody>\n<\/table>\n<p>&nbsp;<\/p>\n","protected":false},"featured_media":10660,"template":"","product_category":[172],"class_list":["post-3711","product","type-product","status-publish","has-post-thumbnail","hentry","product_category-unshielded-keystone-jack-de"],"yoast_head":"<!-- This site is optimized with the Yoast SEO plugin v27.2 - https:\/\/yoast.com\/product\/yoast-seo-wordpress\/ -->\n<title>Premium-Line Category 6 180\u00b0 Ungeschirmt KJ mit Staubschutzklappe<\/title>\n<meta name=\"description\" content=\"Entspricht den TIA\/EIA-568-C.2, ISO 11801 und den EN 50173-1 Spezifikationen. \uf06c Terminierung erfolgt durch 110 oder Krone Anlegewerkzeuge\" \/>\n<meta name=\"robots\" content=\"index, follow, max-snippet:-1, max-image-preview:large, max-video-preview:-1\" \/>\n<link rel=\"canonical\" href=\"https:\/\/premiumline-cabling.com\/de\/product\/cat-6-180-unshielded-shutter-kj\/\" \/>\n<meta property=\"og:locale\" content=\"de_DE\" \/>\n<meta property=\"og:type\" content=\"article\" \/>\n<meta property=\"og:title\" content=\"Premium-Line Category 6 180\u00b0 Ungeschirmt KJ mit Staubschutzklappe\" \/>\n<meta property=\"og:description\" content=\"Entspricht den TIA\/EIA-568-C.2, ISO 11801 und den EN 50173-1 Spezifikationen. \uf06c Terminierung erfolgt durch 110 oder Krone Anlegewerkzeuge\" \/>\n<meta property=\"og:url\" content=\"https:\/\/premiumline-cabling.com\/de\/product\/cat-6-180-unshielded-shutter-kj\/\" \/>\n<meta property=\"og:site_name\" content=\"Premium-Line\" \/>\n<meta property=\"article:modified_time\" content=\"2025-09-04T08:01:04+00:00\" \/>\n<meta property=\"og:image\" content=\"https:\/\/premiumline-cabling.com\/wp-content\/uploads\/2019\/11\/KJ-6_u_180_s.jpg\" \/>\n\t<meta property=\"og:image:width\" content=\"392\" \/>\n\t<meta property=\"og:image:height\" content=\"372\" \/>\n\t<meta property=\"og:image:type\" content=\"image\/jpeg\" \/>\n<meta name=\"twitter:card\" content=\"summary_large_image\" \/>\n<meta name=\"twitter:label1\" content=\"Gesch\u00e4tzte Lesezeit\" \/>\n\t<meta name=\"twitter:data1\" content=\"2\u00a0Minuten\" \/>\n<script type=\"application\/ld+json\" class=\"yoast-schema-graph\">{\"@context\":\"https:\/\/schema.org\",\"@graph\":[{\"@type\":\"WebPage\",\"@id\":\"https:\/\/premiumline-cabling.com\/de\/product\/cat-6-180-unshielded-shutter-kj\/\",\"url\":\"https:\/\/premiumline-cabling.com\/de\/product\/cat-6-180-unshielded-shutter-kj\/\",\"name\":\"Premium-Line Category 6 180\u00b0 Ungeschirmt KJ mit Staubschutzklappe\",\"isPartOf\":{\"@id\":\"https:\/\/premiumline-cabling.com\/#website\"},\"primaryImageOfPage\":{\"@id\":\"https:\/\/premiumline-cabling.com\/de\/product\/cat-6-180-unshielded-shutter-kj\/#primaryimage\"},\"image\":{\"@id\":\"https:\/\/premiumline-cabling.com\/de\/product\/cat-6-180-unshielded-shutter-kj\/#primaryimage\"},\"thumbnailUrl\":\"https:\/\/premiumline-cabling.com\/wp-content\/uploads\/2019\/11\/KJ-6_u_180_s.jpg\",\"datePublished\":\"2019-11-11T17:43:39+00:00\",\"dateModified\":\"2025-09-04T08:01:04+00:00\",\"description\":\"Entspricht den TIA\/EIA-568-C.2, ISO 11801 und den EN 50173-1 Spezifikationen. \uf06c Terminierung erfolgt durch 110 oder Krone Anlegewerkzeuge\",\"breadcrumb\":{\"@id\":\"https:\/\/premiumline-cabling.com\/de\/product\/cat-6-180-unshielded-shutter-kj\/#breadcrumb\"},\"inLanguage\":\"de\",\"potentialAction\":[{\"@type\":\"ReadAction\",\"target\":[\"https:\/\/premiumline-cabling.com\/de\/product\/cat-6-180-unshielded-shutter-kj\/\"]}]},{\"@type\":\"ImageObject\",\"inLanguage\":\"de\",\"@id\":\"https:\/\/premiumline-cabling.com\/de\/product\/cat-6-180-unshielded-shutter-kj\/#primaryimage\",\"url\":\"https:\/\/premiumline-cabling.com\/wp-content\/uploads\/2019\/11\/KJ-6_u_180_s.jpg\",\"contentUrl\":\"https:\/\/premiumline-cabling.com\/wp-content\/uploads\/2019\/11\/KJ-6_u_180_s.jpg\",\"width\":392,\"height\":372},{\"@type\":\"BreadcrumbList\",\"@id\":\"https:\/\/premiumline-cabling.com\/de\/product\/cat-6-180-unshielded-shutter-kj\/#breadcrumb\",\"itemListElement\":[{\"@type\":\"ListItem\",\"position\":1,\"name\":\"\u0413\u043b\u0430\u0432\u043d\u0430\u044f \u0441\u0442\u0440\u0430\u043d\u0438\u0446\u0430\",\"item\":\"https:\/\/premiumline-cabling.com\/de\/\"},{\"@type\":\"ListItem\",\"position\":2,\"name\":\"Cat. 6 KJ mit Staubschutzklappe\"}]},{\"@type\":\"WebSite\",\"@id\":\"https:\/\/premiumline-cabling.com\/#website\",\"url\":\"https:\/\/premiumline-cabling.com\/\",\"name\":\"Premium-Line\",\"description\":\"Structured Cabling System\",\"publisher\":{\"@id\":\"https:\/\/premiumline-cabling.com\/#organization\"},\"potentialAction\":[{\"@type\":\"SearchAction\",\"target\":{\"@type\":\"EntryPoint\",\"urlTemplate\":\"https:\/\/premiumline-cabling.com\/?s={search_term_string}\"},\"query-input\":{\"@type\":\"PropertyValueSpecification\",\"valueRequired\":true,\"valueName\":\"search_term_string\"}}],\"inLanguage\":\"de\"},{\"@type\":\"Organization\",\"@id\":\"https:\/\/premiumline-cabling.com\/#organization\",\"name\":\"Premium-Line\",\"url\":\"https:\/\/premiumline-cabling.com\/\",\"logo\":{\"@type\":\"ImageObject\",\"inLanguage\":\"de\",\"@id\":\"https:\/\/premiumline-cabling.com\/#\/schema\/logo\/image\/\",\"url\":\"https:\/\/premiumline-cabling.com\/wp-content\/uploads\/2019\/04\/cropped-img_logo_site_Premium-Line.png\",\"contentUrl\":\"https:\/\/premiumline-cabling.com\/wp-content\/uploads\/2019\/04\/cropped-img_logo_site_Premium-Line.png\",\"width\":190,\"height\":62,\"caption\":\"Premium-Line\"},\"image\":{\"@id\":\"https:\/\/premiumline-cabling.com\/#\/schema\/logo\/image\/\"}}]}<\/script>\n<!-- \/ Yoast SEO plugin. -->","yoast_head_json":{"title":"Premium-Line Category 6 180\u00b0 Ungeschirmt KJ mit Staubschutzklappe","description":"Entspricht den TIA\/EIA-568-C.2, ISO 11801 und den EN 50173-1 Spezifikationen. \uf06c Terminierung erfolgt durch 110 oder Krone Anlegewerkzeuge","robots":{"index":"index","follow":"follow","max-snippet":"max-snippet:-1","max-image-preview":"max-image-preview:large","max-video-preview":"max-video-preview:-1"},"canonical":"https:\/\/premiumline-cabling.com\/de\/product\/cat-6-180-unshielded-shutter-kj\/","og_locale":"de_DE","og_type":"article","og_title":"Premium-Line Category 6 180\u00b0 Ungeschirmt KJ mit Staubschutzklappe","og_description":"Entspricht den TIA\/EIA-568-C.2, ISO 11801 und den EN 50173-1 Spezifikationen. \uf06c Terminierung erfolgt durch 110 oder Krone Anlegewerkzeuge","og_url":"https:\/\/premiumline-cabling.com\/de\/product\/cat-6-180-unshielded-shutter-kj\/","og_site_name":"Premium-Line","article_modified_time":"2025-09-04T08:01:04+00:00","og_image":[{"width":392,"height":372,"url":"https:\/\/premiumline-cabling.com\/wp-content\/uploads\/2019\/11\/KJ-6_u_180_s.jpg","type":"image\/jpeg"}],"twitter_card":"summary_large_image","twitter_misc":{"Gesch\u00e4tzte Lesezeit":"2\u00a0Minuten"},"schema":{"@context":"https:\/\/schema.org","@graph":[{"@type":"WebPage","@id":"https:\/\/premiumline-cabling.com\/de\/product\/cat-6-180-unshielded-shutter-kj\/","url":"https:\/\/premiumline-cabling.com\/de\/product\/cat-6-180-unshielded-shutter-kj\/","name":"Premium-Line Category 6 180\u00b0 Ungeschirmt KJ mit Staubschutzklappe","isPartOf":{"@id":"https:\/\/premiumline-cabling.com\/#website"},"primaryImageOfPage":{"@id":"https:\/\/premiumline-cabling.com\/de\/product\/cat-6-180-unshielded-shutter-kj\/#primaryimage"},"image":{"@id":"https:\/\/premiumline-cabling.com\/de\/product\/cat-6-180-unshielded-shutter-kj\/#primaryimage"},"thumbnailUrl":"https:\/\/premiumline-cabling.com\/wp-content\/uploads\/2019\/11\/KJ-6_u_180_s.jpg","datePublished":"2019-11-11T17:43:39+00:00","dateModified":"2025-09-04T08:01:04+00:00","description":"Entspricht den TIA\/EIA-568-C.2, ISO 11801 und den EN 50173-1 Spezifikationen. \uf06c Terminierung erfolgt durch 110 oder Krone Anlegewerkzeuge","breadcrumb":{"@id":"https:\/\/premiumline-cabling.com\/de\/product\/cat-6-180-unshielded-shutter-kj\/#breadcrumb"},"inLanguage":"de","potentialAction":[{"@type":"ReadAction","target":["https:\/\/premiumline-cabling.com\/de\/product\/cat-6-180-unshielded-shutter-kj\/"]}]},{"@type":"ImageObject","inLanguage":"de","@id":"https:\/\/premiumline-cabling.com\/de\/product\/cat-6-180-unshielded-shutter-kj\/#primaryimage","url":"https:\/\/premiumline-cabling.com\/wp-content\/uploads\/2019\/11\/KJ-6_u_180_s.jpg","contentUrl":"https:\/\/premiumline-cabling.com\/wp-content\/uploads\/2019\/11\/KJ-6_u_180_s.jpg","width":392,"height":372},{"@type":"BreadcrumbList","@id":"https:\/\/premiumline-cabling.com\/de\/product\/cat-6-180-unshielded-shutter-kj\/#breadcrumb","itemListElement":[{"@type":"ListItem","position":1,"name":"\u0413\u043b\u0430\u0432\u043d\u0430\u044f \u0441\u0442\u0440\u0430\u043d\u0438\u0446\u0430","item":"https:\/\/premiumline-cabling.com\/de\/"},{"@type":"ListItem","position":2,"name":"Cat. 6 KJ mit Staubschutzklappe"}]},{"@type":"WebSite","@id":"https:\/\/premiumline-cabling.com\/#website","url":"https:\/\/premiumline-cabling.com\/","name":"Premium-Line","description":"Structured Cabling System","publisher":{"@id":"https:\/\/premiumline-cabling.com\/#organization"},"potentialAction":[{"@type":"SearchAction","target":{"@type":"EntryPoint","urlTemplate":"https:\/\/premiumline-cabling.com\/?s={search_term_string}"},"query-input":{"@type":"PropertyValueSpecification","valueRequired":true,"valueName":"search_term_string"}}],"inLanguage":"de"},{"@type":"Organization","@id":"https:\/\/premiumline-cabling.com\/#organization","name":"Premium-Line","url":"https:\/\/premiumline-cabling.com\/","logo":{"@type":"ImageObject","inLanguage":"de","@id":"https:\/\/premiumline-cabling.com\/#\/schema\/logo\/image\/","url":"https:\/\/premiumline-cabling.com\/wp-content\/uploads\/2019\/04\/cropped-img_logo_site_Premium-Line.png","contentUrl":"https:\/\/premiumline-cabling.com\/wp-content\/uploads\/2019\/04\/cropped-img_logo_site_Premium-Line.png","width":190,"height":62,"caption":"Premium-Line"},"image":{"@id":"https:\/\/premiumline-cabling.com\/#\/schema\/logo\/image\/"}}]}},"_links":{"self":[{"href":"https:\/\/premiumline-cabling.com\/de\/wp-json\/wp\/v2\/product\/3711","targetHints":{"allow":["GET"]}}],"collection":[{"href":"https:\/\/premiumline-cabling.com\/de\/wp-json\/wp\/v2\/product"}],"about":[{"href":"https:\/\/premiumline-cabling.com\/de\/wp-json\/wp\/v2\/types\/product"}],"wp:featuredmedia":[{"embeddable":true,"href":"https:\/\/premiumline-cabling.com\/de\/wp-json\/wp\/v2\/media\/10660"}],"wp:attachment":[{"href":"https:\/\/premiumline-cabling.com\/de\/wp-json\/wp\/v2\/media?parent=3711"}],"wp:term":[{"taxonomy":"product_category","embeddable":true,"href":"https:\/\/premiumline-cabling.com\/de\/wp-json\/wp\/v2\/product_category?post=3711"}],"curies":[{"name":"wp","href":"https:\/\/api.w.org\/{rel}","templated":true}]}}