{"id":3679,"date":"2019-02-10T14:49:51","date_gmt":"2019-02-10T13:49:51","guid":{"rendered":"https:\/\/www.premiumline-cabling.com\/product\/shielded-keystone-jack-category-6\/"},"modified":"2019-11-01T18:18:52","modified_gmt":"2019-11-01T15:18:52","slug":"shielded-keystone-jack-category-6","status":"publish","type":"product","link":"https:\/\/premiumline-cabling.com\/de\/product\/shielded-keystone-jack-category-6\/","title":{"rendered":"Cat. 6 90\u00b0 KJ Geschirmt"},"content":{"rendered":"<div id=\"attachment_817\" style=\"width: 310px\" class=\"wp-caption alignright\"><a href=\"https:\/\/premiumline-cabling.com\/wp-content\/uploads\/2019\/02\/img_PL_SMT_Cat6-90D_KJ_8389ad0657.jpg\"><noscript><img decoding=\"async\" aria-describedby=\"caption-attachment-817\" class=\"wp-image-817 size-medium\" src=\"https:\/\/premiumline-cabling.com\/wp-content\/uploads\/2019\/02\/img_PL_SMT_Cat6-90D_KJ_8389ad0657-300x259.jpg\" alt width=\"300\" height=\"259\" srcset=\"https:\/\/premiumline-cabling.com\/wp-content\/uploads\/2019\/02\/img_PL_SMT_Cat6-90D_KJ_8389ad0657-300x259.jpg 300w, https:\/\/premiumline-cabling.com\/wp-content\/uploads\/2019\/02\/img_PL_SMT_Cat6-90D_KJ_8389ad0657.jpg 694w\" sizes=\"(max-width: 300px) 100vw, 300px\"><\/noscript><img decoding=\"async\" aria-describedby=\"caption-attachment-817\" class=\"wp-image-817 size-medium lazyload\" src=\"data:image\/svg+xml,%3Csvg%20xmlns%3D%22http%3A%2F%2Fwww.w3.org%2F2000%2Fsvg%22%20viewBox%3D%220%200%20300%20259%22%3E%3C%2Fsvg%3E\" alt width=\"300\" height=\"259\" srcset=\"data:image\/svg+xml,%3Csvg%20xmlns%3D%22http%3A%2F%2Fwww.w3.org%2F2000%2Fsvg%22%20viewBox%3D%220%200%20300%20259%22%3E%3C%2Fsvg%3E 300w\" sizes=\"(max-width: 300px) 100vw, 300px\" data-srcset=\"https:\/\/premiumline-cabling.com\/wp-content\/uploads\/2019\/02\/img_PL_SMT_Cat6-90D_KJ_8389ad0657-300x259.jpg 300w, https:\/\/premiumline-cabling.com\/wp-content\/uploads\/2019\/02\/img_PL_SMT_Cat6-90D_KJ_8389ad0657.jpg 694w\" data-src=\"https:\/\/premiumline-cabling.com\/wp-content\/uploads\/2019\/02\/img_PL_SMT_Cat6-90D_KJ_8389ad0657-300x259.jpg\"><\/a><p id=\"caption-attachment-817\" class=\"wp-caption-text\">106211010<\/p><\/div>\n<h3>Cat.6 90 \u00b0 Keystone Jack, geschirmt<\/h3>\n<h4 id=\"ui-id-1\" class=\"t3ddy-accordion-header ui-accordion-header ui-state-default ui-accordion-icons ui-state-focus ui-corner-all\" tabindex=\"0\" role=\"tab\" aria-controls=\"c1361\" aria-selected=\"false\" aria-expanded=\"false\">EIGENSCHAFTEN:<\/h4>\n<ul>\n<li>Die Performance entspricht den TIA\/EIA-568-C.2-1, ISO 11801 und den EN 50173-1 Categorie 6 Spezifikationen<\/li>\n<li>Das vollgeschirmte Design sch\u00fctzt optimal vor Einfl\u00fcssen von EMI<\/li>\n<li>Unterst\u00fctzt T568 A&amp;B Verdrahtung, einfache Installation<\/li>\n<li>Dual IDC Anschl\u00fcsse k\u00f6nnen f\u00fcr 22-26 AWG Steifleiterkabel verwendet werden<\/li>\n<li>Terminierung erfolgt durch 110 oder Krone Anlegewerkzeuge<\/li>\n<li>ETL verifiziert<\/li>\n<li>RoHS konform<\/li>\n<\/ul>\n<p>&nbsp;<\/p>\n<p><a href=\"https:\/\/premiumline-cabling.com\/wp-content\/uploads\/2019\/02\/img_PL_keystone_jack_6611c4a365.jpg\"><noscript><img decoding=\"async\" class=\"wp-image-818 size-medium alignnone\" src=\"https:\/\/premiumline-cabling.com\/wp-content\/uploads\/2019\/02\/img_PL_keystone_jack_6611c4a365-300x241.jpg\" alt width=\"300\" height=\"241\" srcset=\"https:\/\/premiumline-cabling.com\/wp-content\/uploads\/2019\/02\/img_PL_keystone_jack_6611c4a365-300x241.jpg 300w, https:\/\/premiumline-cabling.com\/wp-content\/uploads\/2019\/02\/img_PL_keystone_jack_6611c4a365.jpg 748w\" sizes=\"(max-width: 300px) 100vw, 300px\"><\/noscript><img decoding=\"async\" class=\"wp-image-818 size-medium alignnone lazyload\" src=\"data:image\/svg+xml,%3Csvg%20xmlns%3D%22http%3A%2F%2Fwww.w3.org%2F2000%2Fsvg%22%20viewBox%3D%220%200%20300%20241%22%3E%3C%2Fsvg%3E\" alt width=\"300\" height=\"241\" srcset=\"data:image\/svg+xml,%3Csvg%20xmlns%3D%22http%3A%2F%2Fwww.w3.org%2F2000%2Fsvg%22%20viewBox%3D%220%200%20300%20241%22%3E%3C%2Fsvg%3E 300w\" sizes=\"(max-width: 300px) 100vw, 300px\" data-srcset=\"https:\/\/premiumline-cabling.com\/wp-content\/uploads\/2019\/02\/img_PL_keystone_jack_6611c4a365-300x241.jpg 300w, https:\/\/premiumline-cabling.com\/wp-content\/uploads\/2019\/02\/img_PL_keystone_jack_6611c4a365.jpg 748w\" data-src=\"https:\/\/premiumline-cabling.com\/wp-content\/uploads\/2019\/02\/img_PL_keystone_jack_6611c4a365-300x241.jpg\"><\/a><\/p>\n<h4>ANWENDUNG:<\/h4>\n<ul>\n<li>1000BASE-TX Gigabit Ethernet<\/li>\n<li>1000BASE-T Gigabit Ethernet<\/li>\n<li>100BASE-TX Fast Ethernet<\/li>\n<li>10BASE-T Ethernet<\/li>\n<li>Sprache, Video und andere Anwendungen<\/li>\n<\/ul>\n<h4>KENNWERTE:<\/h4>\n<table width=\"685\">\n<tbody>\n<tr>\n<td width=\"216\">\n<p>Durchschlagsfestigkeit<\/p>\n<p>Stromst\u00e4rke<\/p>\n<p>Isolationswiderstand<\/p>\n<p>Kontaktwiderstand<\/p>\n<p>Temperaturbereich<\/p>\n<p>Feuchtigkeit<\/p>\n<p>Brandklasse<\/p>\n<p>Anschlussleitung<\/p>\n<p>Steckerkontakte<\/p>\n<p>&nbsp;<\/p>\n<p>IDC Kontakte<\/p>\n<p>&nbsp;<\/p>\n<p>Schirmblech<\/p><\/td>\n<td width=\"436\">\n<p>1000V RMS f\u00fcr 1 Minute<\/p>\n<p>max. 1.5Amp<\/p>\n<p>min. 10M\u03a9<\/p>\n<p>2m\u03a9 pro Kontakt<\/p>\n<p>-10\u2103 bis +60\u2103<\/p>\n<p>10%~90%; nicht kondensierend<\/p>\n<p>UL94 V-0<\/p>\n<p>22AWG ~ 26AWG Isolierdraht<\/p>\n<p>Phosphor-Bronze, 50\u03bc vergoldet \u00fcber Nickelkontakt im Steckbereich<\/p>\n<p>Lebensdauer: mindestens 750 Steckzyklen<\/p>\n<p>100\u03bc vernickelt \u00fcber Phosphor\/Bronze-Legierung<\/p>\n<p>Lebensdauer: mindestens 250 Terminierungen<\/p>\n<p>50~60\u03bc vernickelt \u00fcber Phosphor\/Bronze-Legierung<\/p><\/td>\n<\/tr>\n<\/tbody>\n<\/table>\n<h4>BESTELLINFORMATION:<\/h4>\n<p>Art.Nr.&nbsp;&nbsp;&nbsp;&nbsp;&nbsp;&nbsp;&nbsp;&nbsp;&nbsp;&nbsp;&nbsp;&nbsp; &nbsp;&nbsp;&nbsp;106211010<\/p>\n<p>Beschreibung&nbsp; &nbsp;&nbsp;&nbsp; Premium Line Cat.6 &nbsp;90\u00b0 geschirmt, Keystone Jack, dual type IDC<\/p>\n<p>Verpackung&nbsp;&nbsp;&nbsp; &nbsp;&nbsp;1Stk.\/PE-Sack, 40 Stk.\/Box, 400 Stk.\/Karton<\/p>\n","protected":false},"featured_media":10608,"template":"","product_category":[73],"class_list":["post-3679","product","type-product","status-publish","has-post-thumbnail","hentry","product_category-shielded-keystone-jack-de"],"yoast_head":"<!-- This site is optimized with the Yoast SEO plugin v27.3 - https:\/\/yoast.com\/product\/yoast-seo-wordpress\/ -->\n<title>Premium-Line 90\u00b0 Keystone Jack, geschirmt Category 6<\/title>\n<meta name=\"description\" content=\"Die Performance entspricht den TIA\/EIA-568-C.2-1, ISO 11801 und den EN 50173-1 Categorie 6 Spezifikationen. Design sch\u00fctzt optimal vor Einfl\u00fcssen von EMI\" \/>\n<meta name=\"robots\" content=\"index, follow, max-snippet:-1, max-image-preview:large, max-video-preview:-1\" \/>\n<link rel=\"canonical\" href=\"https:\/\/premiumline-cabling.com\/de\/product\/shielded-keystone-jack-category-6\/\" \/>\n<meta property=\"og:locale\" content=\"de_DE\" \/>\n<meta property=\"og:type\" content=\"article\" \/>\n<meta property=\"og:title\" content=\"Premium-Line 90\u00b0 Keystone Jack, geschirmt Category 6\" \/>\n<meta property=\"og:description\" content=\"Die Performance entspricht den TIA\/EIA-568-C.2-1, ISO 11801 und den EN 50173-1 Categorie 6 Spezifikationen. Design sch\u00fctzt optimal vor Einfl\u00fcssen von EMI\" \/>\n<meta property=\"og:url\" content=\"https:\/\/premiumline-cabling.com\/de\/product\/shielded-keystone-jack-category-6\/\" \/>\n<meta property=\"og:site_name\" content=\"Premium-Line\" \/>\n<meta property=\"article:modified_time\" content=\"2019-11-01T15:18:52+00:00\" \/>\n<meta property=\"og:image\" content=\"https:\/\/premiumline-cabling.com\/wp-content\/uploads\/2019\/10\/KJ-6_s_90.jpg\" \/>\n\t<meta property=\"og:image:width\" content=\"411\" \/>\n\t<meta property=\"og:image:height\" content=\"354\" \/>\n\t<meta property=\"og:image:type\" content=\"image\/jpeg\" \/>\n<meta name=\"twitter:card\" content=\"summary_large_image\" \/>\n<meta name=\"twitter:label1\" content=\"Gesch\u00e4tzte Lesezeit\" \/>\n\t<meta name=\"twitter:data1\" content=\"1\u00a0Minute\" \/>\n<script type=\"application\/ld+json\" class=\"yoast-schema-graph\">{\"@context\":\"https:\\\/\\\/schema.org\",\"@graph\":[{\"@type\":\"WebPage\",\"@id\":\"https:\\\/\\\/premiumline-cabling.com\\\/de\\\/product\\\/shielded-keystone-jack-category-6\\\/\",\"url\":\"https:\\\/\\\/premiumline-cabling.com\\\/de\\\/product\\\/shielded-keystone-jack-category-6\\\/\",\"name\":\"Premium-Line 90\u00b0 Keystone Jack, geschirmt Category 6\",\"isPartOf\":{\"@id\":\"https:\\\/\\\/premiumline-cabling.com\\\/#website\"},\"primaryImageOfPage\":{\"@id\":\"https:\\\/\\\/premiumline-cabling.com\\\/de\\\/product\\\/shielded-keystone-jack-category-6\\\/#primaryimage\"},\"image\":{\"@id\":\"https:\\\/\\\/premiumline-cabling.com\\\/de\\\/product\\\/shielded-keystone-jack-category-6\\\/#primaryimage\"},\"thumbnailUrl\":\"https:\\\/\\\/premiumline-cabling.com\\\/wp-content\\\/uploads\\\/2019\\\/10\\\/KJ-6_s_90.jpg\",\"datePublished\":\"2019-02-10T13:49:51+00:00\",\"dateModified\":\"2019-11-01T15:18:52+00:00\",\"description\":\"Die Performance entspricht den TIA\\\/EIA-568-C.2-1, ISO 11801 und den EN 50173-1 Categorie 6 Spezifikationen. Design sch\u00fctzt optimal vor Einfl\u00fcssen von EMI\",\"breadcrumb\":{\"@id\":\"https:\\\/\\\/premiumline-cabling.com\\\/de\\\/product\\\/shielded-keystone-jack-category-6\\\/#breadcrumb\"},\"inLanguage\":\"de\",\"potentialAction\":[{\"@type\":\"ReadAction\",\"target\":[\"https:\\\/\\\/premiumline-cabling.com\\\/de\\\/product\\\/shielded-keystone-jack-category-6\\\/\"]}]},{\"@type\":\"ImageObject\",\"inLanguage\":\"de\",\"@id\":\"https:\\\/\\\/premiumline-cabling.com\\\/de\\\/product\\\/shielded-keystone-jack-category-6\\\/#primaryimage\",\"url\":\"https:\\\/\\\/premiumline-cabling.com\\\/wp-content\\\/uploads\\\/2019\\\/10\\\/KJ-6_s_90.jpg\",\"contentUrl\":\"https:\\\/\\\/premiumline-cabling.com\\\/wp-content\\\/uploads\\\/2019\\\/10\\\/KJ-6_s_90.jpg\",\"width\":411,\"height\":354},{\"@type\":\"BreadcrumbList\",\"@id\":\"https:\\\/\\\/premiumline-cabling.com\\\/de\\\/product\\\/shielded-keystone-jack-category-6\\\/#breadcrumb\",\"itemListElement\":[{\"@type\":\"ListItem\",\"position\":1,\"name\":\"\u0413\u043b\u0430\u0432\u043d\u0430\u044f \u0441\u0442\u0440\u0430\u043d\u0438\u0446\u0430\",\"item\":\"https:\\\/\\\/premiumline-cabling.com\\\/de\\\/\"},{\"@type\":\"ListItem\",\"position\":2,\"name\":\"Cat. 6 90\u00b0 KJ Geschirmt\"}]},{\"@type\":\"WebSite\",\"@id\":\"https:\\\/\\\/premiumline-cabling.com\\\/#website\",\"url\":\"https:\\\/\\\/premiumline-cabling.com\\\/\",\"name\":\"Premium-Line\",\"description\":\"Structured Cabling System\",\"publisher\":{\"@id\":\"https:\\\/\\\/premiumline-cabling.com\\\/#organization\"},\"potentialAction\":[{\"@type\":\"SearchAction\",\"target\":{\"@type\":\"EntryPoint\",\"urlTemplate\":\"https:\\\/\\\/premiumline-cabling.com\\\/?s={search_term_string}\"},\"query-input\":{\"@type\":\"PropertyValueSpecification\",\"valueRequired\":true,\"valueName\":\"search_term_string\"}}],\"inLanguage\":\"de\"},{\"@type\":\"Organization\",\"@id\":\"https:\\\/\\\/premiumline-cabling.com\\\/#organization\",\"name\":\"Premium-Line\",\"url\":\"https:\\\/\\\/premiumline-cabling.com\\\/\",\"logo\":{\"@type\":\"ImageObject\",\"inLanguage\":\"de\",\"@id\":\"https:\\\/\\\/premiumline-cabling.com\\\/#\\\/schema\\\/logo\\\/image\\\/\",\"url\":\"https:\\\/\\\/premiumline-cabling.com\\\/wp-content\\\/uploads\\\/2019\\\/04\\\/cropped-img_logo_site_Premium-Line.png\",\"contentUrl\":\"https:\\\/\\\/premiumline-cabling.com\\\/wp-content\\\/uploads\\\/2019\\\/04\\\/cropped-img_logo_site_Premium-Line.png\",\"width\":190,\"height\":62,\"caption\":\"Premium-Line\"},\"image\":{\"@id\":\"https:\\\/\\\/premiumline-cabling.com\\\/#\\\/schema\\\/logo\\\/image\\\/\"}}]}<\/script>\n<!-- \/ Yoast SEO plugin. -->","yoast_head_json":{"title":"Premium-Line 90\u00b0 Keystone Jack, geschirmt Category 6","description":"Die Performance entspricht den TIA\/EIA-568-C.2-1, ISO 11801 und den EN 50173-1 Categorie 6 Spezifikationen. Design sch\u00fctzt optimal vor Einfl\u00fcssen von EMI","robots":{"index":"index","follow":"follow","max-snippet":"max-snippet:-1","max-image-preview":"max-image-preview:large","max-video-preview":"max-video-preview:-1"},"canonical":"https:\/\/premiumline-cabling.com\/de\/product\/shielded-keystone-jack-category-6\/","og_locale":"de_DE","og_type":"article","og_title":"Premium-Line 90\u00b0 Keystone Jack, geschirmt Category 6","og_description":"Die Performance entspricht den TIA\/EIA-568-C.2-1, ISO 11801 und den EN 50173-1 Categorie 6 Spezifikationen. Design sch\u00fctzt optimal vor Einfl\u00fcssen von EMI","og_url":"https:\/\/premiumline-cabling.com\/de\/product\/shielded-keystone-jack-category-6\/","og_site_name":"Premium-Line","article_modified_time":"2019-11-01T15:18:52+00:00","og_image":[{"width":411,"height":354,"url":"https:\/\/premiumline-cabling.com\/wp-content\/uploads\/2019\/10\/KJ-6_s_90.jpg","type":"image\/jpeg"}],"twitter_card":"summary_large_image","twitter_misc":{"Gesch\u00e4tzte Lesezeit":"1\u00a0Minute"},"schema":{"@context":"https:\/\/schema.org","@graph":[{"@type":"WebPage","@id":"https:\/\/premiumline-cabling.com\/de\/product\/shielded-keystone-jack-category-6\/","url":"https:\/\/premiumline-cabling.com\/de\/product\/shielded-keystone-jack-category-6\/","name":"Premium-Line 90\u00b0 Keystone Jack, geschirmt Category 6","isPartOf":{"@id":"https:\/\/premiumline-cabling.com\/#website"},"primaryImageOfPage":{"@id":"https:\/\/premiumline-cabling.com\/de\/product\/shielded-keystone-jack-category-6\/#primaryimage"},"image":{"@id":"https:\/\/premiumline-cabling.com\/de\/product\/shielded-keystone-jack-category-6\/#primaryimage"},"thumbnailUrl":"https:\/\/premiumline-cabling.com\/wp-content\/uploads\/2019\/10\/KJ-6_s_90.jpg","datePublished":"2019-02-10T13:49:51+00:00","dateModified":"2019-11-01T15:18:52+00:00","description":"Die Performance entspricht den TIA\/EIA-568-C.2-1, ISO 11801 und den EN 50173-1 Categorie 6 Spezifikationen. Design sch\u00fctzt optimal vor Einfl\u00fcssen von EMI","breadcrumb":{"@id":"https:\/\/premiumline-cabling.com\/de\/product\/shielded-keystone-jack-category-6\/#breadcrumb"},"inLanguage":"de","potentialAction":[{"@type":"ReadAction","target":["https:\/\/premiumline-cabling.com\/de\/product\/shielded-keystone-jack-category-6\/"]}]},{"@type":"ImageObject","inLanguage":"de","@id":"https:\/\/premiumline-cabling.com\/de\/product\/shielded-keystone-jack-category-6\/#primaryimage","url":"https:\/\/premiumline-cabling.com\/wp-content\/uploads\/2019\/10\/KJ-6_s_90.jpg","contentUrl":"https:\/\/premiumline-cabling.com\/wp-content\/uploads\/2019\/10\/KJ-6_s_90.jpg","width":411,"height":354},{"@type":"BreadcrumbList","@id":"https:\/\/premiumline-cabling.com\/de\/product\/shielded-keystone-jack-category-6\/#breadcrumb","itemListElement":[{"@type":"ListItem","position":1,"name":"\u0413\u043b\u0430\u0432\u043d\u0430\u044f \u0441\u0442\u0440\u0430\u043d\u0438\u0446\u0430","item":"https:\/\/premiumline-cabling.com\/de\/"},{"@type":"ListItem","position":2,"name":"Cat. 6 90\u00b0 KJ Geschirmt"}]},{"@type":"WebSite","@id":"https:\/\/premiumline-cabling.com\/#website","url":"https:\/\/premiumline-cabling.com\/","name":"Premium-Line","description":"Structured Cabling System","publisher":{"@id":"https:\/\/premiumline-cabling.com\/#organization"},"potentialAction":[{"@type":"SearchAction","target":{"@type":"EntryPoint","urlTemplate":"https:\/\/premiumline-cabling.com\/?s={search_term_string}"},"query-input":{"@type":"PropertyValueSpecification","valueRequired":true,"valueName":"search_term_string"}}],"inLanguage":"de"},{"@type":"Organization","@id":"https:\/\/premiumline-cabling.com\/#organization","name":"Premium-Line","url":"https:\/\/premiumline-cabling.com\/","logo":{"@type":"ImageObject","inLanguage":"de","@id":"https:\/\/premiumline-cabling.com\/#\/schema\/logo\/image\/","url":"https:\/\/premiumline-cabling.com\/wp-content\/uploads\/2019\/04\/cropped-img_logo_site_Premium-Line.png","contentUrl":"https:\/\/premiumline-cabling.com\/wp-content\/uploads\/2019\/04\/cropped-img_logo_site_Premium-Line.png","width":190,"height":62,"caption":"Premium-Line"},"image":{"@id":"https:\/\/premiumline-cabling.com\/#\/schema\/logo\/image\/"}}]}},"_links":{"self":[{"href":"https:\/\/premiumline-cabling.com\/de\/wp-json\/wp\/v2\/product\/3679","targetHints":{"allow":["GET"]}}],"collection":[{"href":"https:\/\/premiumline-cabling.com\/de\/wp-json\/wp\/v2\/product"}],"about":[{"href":"https:\/\/premiumline-cabling.com\/de\/wp-json\/wp\/v2\/types\/product"}],"wp:featuredmedia":[{"embeddable":true,"href":"https:\/\/premiumline-cabling.com\/de\/wp-json\/wp\/v2\/media\/10608"}],"wp:attachment":[{"href":"https:\/\/premiumline-cabling.com\/de\/wp-json\/wp\/v2\/media?parent=3679"}],"wp:term":[{"taxonomy":"product_category","embeddable":true,"href":"https:\/\/premiumline-cabling.com\/de\/wp-json\/wp\/v2\/product_category?post=3679"}],"curies":[{"name":"wp","href":"https:\/\/api.w.org\/{rel}","templated":true}]}}