{"id":3660,"date":"2019-10-30T17:18:25","date_gmt":"2019-10-30T16:18:25","guid":{"rendered":"https:\/\/www.premiumline-cabling.com\/?post_type=product&#038;p=3660"},"modified":"2020-04-29T09:02:34","modified_gmt":"2020-04-29T08:02:34","slug":"product-cat-6a-90-shielded-kj","status":"publish","type":"product","link":"https:\/\/premiumline-cabling.com\/de\/product\/product-cat-6a-90-shielded-kj\/","title":{"rendered":"Cat. 6A 90\u00b0 KJ Geschirmt"},"content":{"rendered":"<p><noscript><img decoding=\"async\" class=\"alignright wp-image-3662 size-medium\" src=\"https:\/\/premiumline-cabling.com\/wp-content\/uploads\/2019\/10\/KJ-6a_s_90-300x279.jpg\" alt width=\"300\" height=\"279\" srcset=\"https:\/\/premiumline-cabling.com\/wp-content\/uploads\/2019\/10\/KJ-6a_s_90-300x279.jpg 300w, https:\/\/premiumline-cabling.com\/wp-content\/uploads\/2019\/10\/KJ-6a_s_90-768x714.jpg 768w, https:\/\/premiumline-cabling.com\/wp-content\/uploads\/2019\/10\/KJ-6a_s_90.jpg 857w\" sizes=\"(max-width: 300px) 100vw, 300px\"><\/noscript><img decoding=\"async\" class=\"alignright wp-image-3662 size-medium lazyload\" src=\"data:image\/svg+xml,%3Csvg%20xmlns%3D%22http%3A%2F%2Fwww.w3.org%2F2000%2Fsvg%22%20viewBox%3D%220%200%20300%20279%22%3E%3C%2Fsvg%3E\" alt width=\"300\" height=\"279\" srcset=\"data:image\/svg+xml,%3Csvg%20xmlns%3D%22http%3A%2F%2Fwww.w3.org%2F2000%2Fsvg%22%20viewBox%3D%220%200%20300%20279%22%3E%3C%2Fsvg%3E 300w\" sizes=\"(max-width: 300px) 100vw, 300px\" data-srcset=\"https:\/\/premiumline-cabling.com\/wp-content\/uploads\/2019\/10\/KJ-6a_s_90-300x279.jpg 300w, https:\/\/premiumline-cabling.com\/wp-content\/uploads\/2019\/10\/KJ-6a_s_90-768x714.jpg 768w, https:\/\/premiumline-cabling.com\/wp-content\/uploads\/2019\/10\/KJ-6a_s_90.jpg 857w\" data-src=\"https:\/\/premiumline-cabling.com\/wp-content\/uploads\/2019\/10\/KJ-6a_s_90-300x279.jpg\"><\/p>\n<h3 id=\"ui-id-1\" class=\"t3ddy-accordion-header ui-accordion-header ui-state-default ui-accordion-icons ui-state-focus ui-corner-all\" tabindex=\"0\" role=\"tab\" aria-controls=\"c1345\" aria-selected=\"false\" aria-expanded=\"false\">Category 6A 90 \u00b0 Keystone Jack, Druckguss, geschirmt, Slim Type<\/h3>\n<h4>EIGENSCHAFTEN:<\/h4>\n<ul>\n<li>Konform zu ANSI\/TIA-568.2-D:2018, ISO\/IEC 11801 und EN 50173-1 Class E<sub>A<\/sub> Spezifikationen<\/li>\n<li>Druckguss-Design f\u00fcr optimalen EMI-Schutz<\/li>\n<li>slim size ist ideal f\u00fcr Anwendungen, wo Platz ben\u00f6tigt wird<\/li>\n<li>Consolidation Cord geeignet, zuverl\u00e4ssig f\u00fcr End-to-End L\u00f6sungen und High-Traffic-Anwendungen<\/li>\n<li>Aufzuschalten mit 110-Werkzeug<br>\n<h4><noscript><img decoding=\"async\" class=\"alignright wp-image-3661 size-medium\" src=\"https:\/\/premiumline-cabling.com\/wp-content\/uploads\/2019\/10\/KJ-6a_s_90_2-226x300.jpg\" alt width=\"226\" height=\"300\" srcset=\"https:\/\/premiumline-cabling.com\/wp-content\/uploads\/2019\/10\/KJ-6a_s_90_2-226x300.jpg 226w, https:\/\/premiumline-cabling.com\/wp-content\/uploads\/2019\/10\/KJ-6a_s_90_2.jpg 664w\" sizes=\"(max-width: 226px) 100vw, 226px\"><\/noscript><img decoding=\"async\" class=\"alignright wp-image-3661 size-medium lazyload\" src=\"data:image\/svg+xml,%3Csvg%20xmlns%3D%22http%3A%2F%2Fwww.w3.org%2F2000%2Fsvg%22%20viewBox%3D%220%200%20226%20300%22%3E%3C%2Fsvg%3E\" alt width=\"226\" height=\"300\" srcset=\"data:image\/svg+xml,%3Csvg%20xmlns%3D%22http%3A%2F%2Fwww.w3.org%2F2000%2Fsvg%22%20viewBox%3D%220%200%20226%20300%22%3E%3C%2Fsvg%3E 226w\" sizes=\"(max-width: 226px) 100vw, 226px\" data-srcset=\"https:\/\/premiumline-cabling.com\/wp-content\/uploads\/2019\/10\/KJ-6a_s_90_2-226x300.jpg 226w, https:\/\/premiumline-cabling.com\/wp-content\/uploads\/2019\/10\/KJ-6a_s_90_2.jpg 664w\" data-src=\"https:\/\/premiumline-cabling.com\/wp-content\/uploads\/2019\/10\/KJ-6a_s_90_2-226x300.jpg\"><\/h4>\n<\/li>\n<li>pro Karton ist eine Schere inkludiert f\u00fcr den sauberen Schnitt und Kurzschlu\u00dffreiheit<\/li>\n<li>RoHS konform<\/li>\n<\/ul>\n<h4>ANWENDUNG:<\/h4>\n<ul>\n<li>10GBASE-T Ethernet<\/li>\n<li>1000BASE-TX Gigabit Ethernet<\/li>\n<li>1000BASE-T Gigabit Ethernet<\/li>\n<li>100BASE-TX Fast Ethernet<\/li>\n<li>10BASE-T Ethernet<\/li>\n<li>Sprache, Video und andere Anwendungen<\/li>\n<\/ul>\n<h4>KENNDATEN:<\/h4>\n<table width=\"690\">\n<tbody>\n<tr>\n<td width=\"249\">\n<p>Durchschlagfestigkeit<\/p>\n<p>Stromst\u00e4rke<\/p>\n<p>Isolationswiderstand<\/p>\n<p>Kontaktwiderstand<\/p>\n<p>Temperaturbereich<\/p>\n<p>Feuchtigkeit<\/p>\n<p>zul\u00e4ssige Leiter<\/p>\n<p>Material<\/p>\n<p>&nbsp;<\/p>\n<p>Steckerkontakte<\/p>\n<p>&nbsp;<\/p>\n<p>&nbsp;<\/p>\n<p>IDC Kontakte<\/p><\/td>\n<td width=\"426\">\n<p>1000V RMS f\u00fcr 1 Minute<\/p>\n<p>max. 1.5 Amp<\/p>\n<p>min. 10M\u03a9<\/p>\n<p>2m\u03a9 pro Kontakt<\/p>\n<p>-10\u00b0C bis +60\u00b0C<\/p>\n<p>10%~90%; nicht kondensierend<\/p>\n<p>23AWG ~ 26AWG Isolierdraht<\/p>\n<p>Innenteil: PC<\/p>\n<p>Au\u00dfenteil: Zink Druckguss<\/p>\n<p>Phosphor-Bronze, 50\u03bc Zoll vergoldet \u00fcber Nickelkontakt im Steckbereich<\/p>\n<p>Lebensdauer: mindestens 750 Steckzyklen<\/p>\n<p>100\u03bc Zoll vernickelt \u00fcber Phosphor-Bronze<\/p>\n<p>Lebensdauer: mindestens 250 Terminierungen<\/p><\/td>\n<\/tr>\n<\/tbody>\n<\/table>\n<h4>BESTELLINFORMATION:<\/h4>\n<p>Art.Nr.&nbsp; &nbsp; &nbsp; &nbsp; &nbsp; &nbsp; &nbsp; &nbsp; &nbsp; &nbsp; &nbsp; &nbsp; &nbsp; 109813010<\/p>\n<p>Beschreibung&nbsp; &nbsp;&nbsp;&nbsp;&nbsp;&nbsp;&nbsp;&nbsp;&nbsp;&nbsp;&nbsp;&nbsp; Premium Line Cat.6<sub>A<\/sub> 90\u00b0 geschirmt, Druckguss Keystone Jack, slim type<\/p>\n<p>Verpackung&nbsp; &nbsp; &nbsp; &nbsp; &nbsp; &nbsp; &nbsp; &nbsp; &nbsp;1 Stk.\/PE Sack, 40 Stk.\/Box, 400 Stk.\/Karton<\/p>\n<h3 class=\"title style-scope ytd-video-primary-info-renderer\">Tipps zur Installation:<\/h3>\n<p><iframe title=\"Premium-Line Category 6A 90\u00b0 Shielded Die-casting Keystone Jack, Slim Type: installation tips\" width=\"500\" height=\"281\" src=\"https:\/\/www.youtube.com\/embed\/lu4pccm6G_o?feature=oembed\" frameborder=\"0\" allow=\"accelerometer; autoplay; clipboard-write; encrypted-media; gyroscope; picture-in-picture; web-share\" referrerpolicy=\"strict-origin-when-cross-origin\" allowfullscreen><\/iframe><\/p>\n<p>&nbsp;<\/p>\n","protected":false},"featured_media":10628,"template":"","product_category":[73],"class_list":["post-3660","product","type-product","status-publish","has-post-thumbnail","hentry","product_category-shielded-keystone-jack-de"],"yoast_head":"<!-- This site is optimized with the Yoast SEO plugin v27.2 - https:\/\/yoast.com\/product\/yoast-seo-wordpress\/ -->\n<title>Premium-Line Keystone Cat.6A 90 \u00b0 Keystone Jack, Druckguss, geschirmt<\/title>\n<meta name=\"description\" content=\"Konform zu TIA\/EIA-568C.2, ISO\/IEC 11801, ISO\/IEC 60603-7-51 und EN 50173-1 Class EA SpezifikationenDruckguss-Design f\u00fcr optimalen EMI-Schutz\" \/>\n<meta name=\"robots\" content=\"index, follow, max-snippet:-1, max-image-preview:large, max-video-preview:-1\" \/>\n<link rel=\"canonical\" href=\"https:\/\/premiumline-cabling.com\/de\/product\/product-cat-6a-90-shielded-kj\/\" \/>\n<meta property=\"og:locale\" content=\"de_DE\" \/>\n<meta property=\"og:type\" content=\"article\" \/>\n<meta property=\"og:title\" content=\"Premium-Line Keystone Cat.6A 90 \u00b0 Keystone Jack, Druckguss, geschirmt\" \/>\n<meta property=\"og:description\" content=\"Konform zu TIA\/EIA-568C.2, ISO\/IEC 11801, ISO\/IEC 60603-7-51 und EN 50173-1 Class EA SpezifikationenDruckguss-Design f\u00fcr optimalen EMI-Schutz\" \/>\n<meta property=\"og:url\" content=\"https:\/\/premiumline-cabling.com\/de\/product\/product-cat-6a-90-shielded-kj\/\" \/>\n<meta property=\"og:site_name\" content=\"Premium-Line\" \/>\n<meta property=\"article:modified_time\" content=\"2020-04-29T08:02:34+00:00\" \/>\n<meta property=\"og:image\" content=\"https:\/\/premiumline-cabling.com\/wp-content\/uploads\/2019\/10\/KJ-6a_s_90.jpg\" \/>\n\t<meta property=\"og:image:width\" content=\"857\" \/>\n\t<meta property=\"og:image:height\" content=\"797\" \/>\n\t<meta property=\"og:image:type\" content=\"image\/jpeg\" \/>\n<meta name=\"twitter:card\" content=\"summary_large_image\" \/>\n<meta name=\"twitter:label1\" content=\"Gesch\u00e4tzte Lesezeit\" \/>\n\t<meta name=\"twitter:data1\" content=\"1\u00a0Minute\" \/>\n<script type=\"application\/ld+json\" class=\"yoast-schema-graph\">{\"@context\":\"https:\/\/schema.org\",\"@graph\":[{\"@type\":\"WebPage\",\"@id\":\"https:\/\/premiumline-cabling.com\/de\/product\/product-cat-6a-90-shielded-kj\/\",\"url\":\"https:\/\/premiumline-cabling.com\/de\/product\/product-cat-6a-90-shielded-kj\/\",\"name\":\"Premium-Line Keystone Cat.6A 90 \u00b0 Keystone Jack, Druckguss, geschirmt\",\"isPartOf\":{\"@id\":\"https:\/\/premiumline-cabling.com\/#website\"},\"primaryImageOfPage\":{\"@id\":\"https:\/\/premiumline-cabling.com\/de\/product\/product-cat-6a-90-shielded-kj\/#primaryimage\"},\"image\":{\"@id\":\"https:\/\/premiumline-cabling.com\/de\/product\/product-cat-6a-90-shielded-kj\/#primaryimage\"},\"thumbnailUrl\":\"https:\/\/premiumline-cabling.com\/wp-content\/uploads\/2019\/10\/KJ-6a_s_90.jpg\",\"datePublished\":\"2019-10-30T16:18:25+00:00\",\"dateModified\":\"2020-04-29T08:02:34+00:00\",\"description\":\"Konform zu TIA\/EIA-568C.2, ISO\/IEC 11801, ISO\/IEC 60603-7-51 und EN 50173-1 Class EA SpezifikationenDruckguss-Design f\u00fcr optimalen EMI-Schutz\",\"breadcrumb\":{\"@id\":\"https:\/\/premiumline-cabling.com\/de\/product\/product-cat-6a-90-shielded-kj\/#breadcrumb\"},\"inLanguage\":\"de\",\"potentialAction\":[{\"@type\":\"ReadAction\",\"target\":[\"https:\/\/premiumline-cabling.com\/de\/product\/product-cat-6a-90-shielded-kj\/\"]}]},{\"@type\":\"ImageObject\",\"inLanguage\":\"de\",\"@id\":\"https:\/\/premiumline-cabling.com\/de\/product\/product-cat-6a-90-shielded-kj\/#primaryimage\",\"url\":\"https:\/\/premiumline-cabling.com\/wp-content\/uploads\/2019\/10\/KJ-6a_s_90.jpg\",\"contentUrl\":\"https:\/\/premiumline-cabling.com\/wp-content\/uploads\/2019\/10\/KJ-6a_s_90.jpg\",\"width\":857,\"height\":797},{\"@type\":\"BreadcrumbList\",\"@id\":\"https:\/\/premiumline-cabling.com\/de\/product\/product-cat-6a-90-shielded-kj\/#breadcrumb\",\"itemListElement\":[{\"@type\":\"ListItem\",\"position\":1,\"name\":\"\u0413\u043b\u0430\u0432\u043d\u0430\u044f \u0441\u0442\u0440\u0430\u043d\u0438\u0446\u0430\",\"item\":\"https:\/\/premiumline-cabling.com\/de\/\"},{\"@type\":\"ListItem\",\"position\":2,\"name\":\"Cat. 6A 90\u00b0 KJ Geschirmt\"}]},{\"@type\":\"WebSite\",\"@id\":\"https:\/\/premiumline-cabling.com\/#website\",\"url\":\"https:\/\/premiumline-cabling.com\/\",\"name\":\"Premium-Line\",\"description\":\"Structured Cabling System\",\"publisher\":{\"@id\":\"https:\/\/premiumline-cabling.com\/#organization\"},\"potentialAction\":[{\"@type\":\"SearchAction\",\"target\":{\"@type\":\"EntryPoint\",\"urlTemplate\":\"https:\/\/premiumline-cabling.com\/?s={search_term_string}\"},\"query-input\":{\"@type\":\"PropertyValueSpecification\",\"valueRequired\":true,\"valueName\":\"search_term_string\"}}],\"inLanguage\":\"de\"},{\"@type\":\"Organization\",\"@id\":\"https:\/\/premiumline-cabling.com\/#organization\",\"name\":\"Premium-Line\",\"url\":\"https:\/\/premiumline-cabling.com\/\",\"logo\":{\"@type\":\"ImageObject\",\"inLanguage\":\"de\",\"@id\":\"https:\/\/premiumline-cabling.com\/#\/schema\/logo\/image\/\",\"url\":\"https:\/\/premiumline-cabling.com\/wp-content\/uploads\/2019\/04\/cropped-img_logo_site_Premium-Line.png\",\"contentUrl\":\"https:\/\/premiumline-cabling.com\/wp-content\/uploads\/2019\/04\/cropped-img_logo_site_Premium-Line.png\",\"width\":190,\"height\":62,\"caption\":\"Premium-Line\"},\"image\":{\"@id\":\"https:\/\/premiumline-cabling.com\/#\/schema\/logo\/image\/\"}}]}<\/script>\n<!-- \/ Yoast SEO plugin. -->","yoast_head_json":{"title":"Premium-Line Keystone Cat.6A 90 \u00b0 Keystone Jack, Druckguss, geschirmt","description":"Konform zu TIA\/EIA-568C.2, ISO\/IEC 11801, ISO\/IEC 60603-7-51 und EN 50173-1 Class EA SpezifikationenDruckguss-Design f\u00fcr optimalen EMI-Schutz","robots":{"index":"index","follow":"follow","max-snippet":"max-snippet:-1","max-image-preview":"max-image-preview:large","max-video-preview":"max-video-preview:-1"},"canonical":"https:\/\/premiumline-cabling.com\/de\/product\/product-cat-6a-90-shielded-kj\/","og_locale":"de_DE","og_type":"article","og_title":"Premium-Line Keystone Cat.6A 90 \u00b0 Keystone Jack, Druckguss, geschirmt","og_description":"Konform zu TIA\/EIA-568C.2, ISO\/IEC 11801, ISO\/IEC 60603-7-51 und EN 50173-1 Class EA SpezifikationenDruckguss-Design f\u00fcr optimalen EMI-Schutz","og_url":"https:\/\/premiumline-cabling.com\/de\/product\/product-cat-6a-90-shielded-kj\/","og_site_name":"Premium-Line","article_modified_time":"2020-04-29T08:02:34+00:00","og_image":[{"width":857,"height":797,"url":"https:\/\/premiumline-cabling.com\/wp-content\/uploads\/2019\/10\/KJ-6a_s_90.jpg","type":"image\/jpeg"}],"twitter_card":"summary_large_image","twitter_misc":{"Gesch\u00e4tzte Lesezeit":"1\u00a0Minute"},"schema":{"@context":"https:\/\/schema.org","@graph":[{"@type":"WebPage","@id":"https:\/\/premiumline-cabling.com\/de\/product\/product-cat-6a-90-shielded-kj\/","url":"https:\/\/premiumline-cabling.com\/de\/product\/product-cat-6a-90-shielded-kj\/","name":"Premium-Line Keystone Cat.6A 90 \u00b0 Keystone Jack, Druckguss, geschirmt","isPartOf":{"@id":"https:\/\/premiumline-cabling.com\/#website"},"primaryImageOfPage":{"@id":"https:\/\/premiumline-cabling.com\/de\/product\/product-cat-6a-90-shielded-kj\/#primaryimage"},"image":{"@id":"https:\/\/premiumline-cabling.com\/de\/product\/product-cat-6a-90-shielded-kj\/#primaryimage"},"thumbnailUrl":"https:\/\/premiumline-cabling.com\/wp-content\/uploads\/2019\/10\/KJ-6a_s_90.jpg","datePublished":"2019-10-30T16:18:25+00:00","dateModified":"2020-04-29T08:02:34+00:00","description":"Konform zu TIA\/EIA-568C.2, ISO\/IEC 11801, ISO\/IEC 60603-7-51 und EN 50173-1 Class EA SpezifikationenDruckguss-Design f\u00fcr optimalen EMI-Schutz","breadcrumb":{"@id":"https:\/\/premiumline-cabling.com\/de\/product\/product-cat-6a-90-shielded-kj\/#breadcrumb"},"inLanguage":"de","potentialAction":[{"@type":"ReadAction","target":["https:\/\/premiumline-cabling.com\/de\/product\/product-cat-6a-90-shielded-kj\/"]}]},{"@type":"ImageObject","inLanguage":"de","@id":"https:\/\/premiumline-cabling.com\/de\/product\/product-cat-6a-90-shielded-kj\/#primaryimage","url":"https:\/\/premiumline-cabling.com\/wp-content\/uploads\/2019\/10\/KJ-6a_s_90.jpg","contentUrl":"https:\/\/premiumline-cabling.com\/wp-content\/uploads\/2019\/10\/KJ-6a_s_90.jpg","width":857,"height":797},{"@type":"BreadcrumbList","@id":"https:\/\/premiumline-cabling.com\/de\/product\/product-cat-6a-90-shielded-kj\/#breadcrumb","itemListElement":[{"@type":"ListItem","position":1,"name":"\u0413\u043b\u0430\u0432\u043d\u0430\u044f \u0441\u0442\u0440\u0430\u043d\u0438\u0446\u0430","item":"https:\/\/premiumline-cabling.com\/de\/"},{"@type":"ListItem","position":2,"name":"Cat. 6A 90\u00b0 KJ Geschirmt"}]},{"@type":"WebSite","@id":"https:\/\/premiumline-cabling.com\/#website","url":"https:\/\/premiumline-cabling.com\/","name":"Premium-Line","description":"Structured Cabling System","publisher":{"@id":"https:\/\/premiumline-cabling.com\/#organization"},"potentialAction":[{"@type":"SearchAction","target":{"@type":"EntryPoint","urlTemplate":"https:\/\/premiumline-cabling.com\/?s={search_term_string}"},"query-input":{"@type":"PropertyValueSpecification","valueRequired":true,"valueName":"search_term_string"}}],"inLanguage":"de"},{"@type":"Organization","@id":"https:\/\/premiumline-cabling.com\/#organization","name":"Premium-Line","url":"https:\/\/premiumline-cabling.com\/","logo":{"@type":"ImageObject","inLanguage":"de","@id":"https:\/\/premiumline-cabling.com\/#\/schema\/logo\/image\/","url":"https:\/\/premiumline-cabling.com\/wp-content\/uploads\/2019\/04\/cropped-img_logo_site_Premium-Line.png","contentUrl":"https:\/\/premiumline-cabling.com\/wp-content\/uploads\/2019\/04\/cropped-img_logo_site_Premium-Line.png","width":190,"height":62,"caption":"Premium-Line"},"image":{"@id":"https:\/\/premiumline-cabling.com\/#\/schema\/logo\/image\/"}}]}},"_links":{"self":[{"href":"https:\/\/premiumline-cabling.com\/de\/wp-json\/wp\/v2\/product\/3660","targetHints":{"allow":["GET"]}}],"collection":[{"href":"https:\/\/premiumline-cabling.com\/de\/wp-json\/wp\/v2\/product"}],"about":[{"href":"https:\/\/premiumline-cabling.com\/de\/wp-json\/wp\/v2\/types\/product"}],"wp:featuredmedia":[{"embeddable":true,"href":"https:\/\/premiumline-cabling.com\/de\/wp-json\/wp\/v2\/media\/10628"}],"wp:attachment":[{"href":"https:\/\/premiumline-cabling.com\/de\/wp-json\/wp\/v2\/media?parent=3660"}],"wp:term":[{"taxonomy":"product_category","embeddable":true,"href":"https:\/\/premiumline-cabling.com\/de\/wp-json\/wp\/v2\/product_category?post=3660"}],"curies":[{"name":"wp","href":"https:\/\/api.w.org\/{rel}","templated":true}]}}