{"id":3212,"date":"2019-02-03T22:34:33","date_gmt":"2019-02-03T21:34:33","guid":{"rendered":"https:\/\/www.premiumline-cabling.com\/product\/cable-management\/"},"modified":"2022-05-30T13:35:16","modified_gmt":"2022-05-30T12:35:16","slug":"cable-management","status":"publish","type":"product","link":"https:\/\/premiumline-cabling.com\/de\/product\/cable-management\/","title":{"rendered":"Kabelmanagement"},"content":{"rendered":"<p>Premium Line bietet eine gro\u00dfe Anzahl an Schrankzubeh\u00f6rteilen, die mit vielen verschiedenen Schrankherstellern am Markt kompatibel sind.<\/p>\n<h2>Kanalausf\u00fchrung<\/h2>\n<h3>EIGENSCHAFTEN:<\/h3>\n<p><noscript><img decoding=\"async\" class=\"wp-image-678 size-medium alignright\" src=\"https:\/\/premiumline-cabling.com\/wp-content\/uploads\/2019\/02\/img_PL_cable-management-195010102_01-300x166.jpg\" alt width=\"300\" height=\"166\"><\/noscript><img decoding=\"async\" class=\"wp-image-678 size-medium alignright lazyload\" src=\"data:image\/svg+xml,%3Csvg%20xmlns%3D%22http%3A%2F%2Fwww.w3.org%2F2000%2Fsvg%22%20viewBox%3D%220%200%20300%20166%22%3E%3C%2Fsvg%3E\" alt width=\"300\" height=\"166\" data-src=\"https:\/\/premiumline-cabling.com\/wp-content\/uploads\/2019\/02\/img_PL_cable-management-195010102_01-300x166.jpg\"><\/p>\n<ul>\n<li>Auf Standard 19\u201d-Racks und Schr\u00e4nke montierbar<\/li>\n<li>Entspricht den EIA\/TIA Vorgaben f\u00fcr Biegeradien<\/li>\n<li>Verhindert Kabelgewirr<\/li>\n<li>Leicht im Gewicht, leichte Installation<\/li>\n<li>Das Panel hat 12 F\u00fchrungsringe<\/li>\n<li>Material (Platte, B\u00fcgel und Deckel): kaltgewalzter Stahl, Dicke: 1.5mm<\/li>\n<li>Zwei \u00d6ffnungsl\u00f6cher an der R\u00fcckseite zur Kabeldurchf\u00fchrung<\/li>\n<li>Inklusive 4x Befestigungsschrauben (M5x12mm, schwarz)<\/li>\n<li>RoHS konform<\/li>\n<\/ul>\n<h3>BESTELLINFORMATION:<\/h3>\n<p>Art.Nr.&nbsp; &nbsp; &nbsp; &nbsp; &nbsp; &nbsp; &nbsp; &nbsp; &nbsp;195010&#215;02<\/p>\n<p>Beschreibung&nbsp; &nbsp;&nbsp;&nbsp;Premium Line 19\u201d Kabelmanagement, Kanalausf\u00fchrung, schwarz<\/p>\n<p>x&nbsp; H\u00f6he&nbsp; &nbsp; &nbsp; &nbsp; &nbsp; &nbsp; &nbsp; &nbsp; 1: 1U&nbsp;&nbsp;&nbsp; 2: 2U<\/p>\n<p>Verpackung (1U)&nbsp; 1Stk\/Box, 40Stk\/Karton<\/p>\n<p>Verpackung (2U)&nbsp; 1Stk\/Box, 20Stk\/Karton<\/p>\n<p>&nbsp;<\/p>\n<h2>Kunststoffhalter-Ausf\u00fchrung, 1U<\/h2>\n<h3>EIGENSCHAFTEN:<noscript><img decoding=\"async\" class=\"wp-image-677 size-medium alignright\" src=\"https:\/\/premiumline-cabling.com\/wp-content\/uploads\/2019\/02\/img_PL_cable-management-195070102_01-300x153.jpg\" alt width=\"300\" height=\"153\"><\/noscript><img decoding=\"async\" class=\"wp-image-677 size-medium alignright lazyload\" src=\"data:image\/svg+xml,%3Csvg%20xmlns%3D%22http%3A%2F%2Fwww.w3.org%2F2000%2Fsvg%22%20viewBox%3D%220%200%20300%20153%22%3E%3C%2Fsvg%3E\" alt width=\"300\" height=\"153\" data-src=\"https:\/\/premiumline-cabling.com\/wp-content\/uploads\/2019\/02\/img_PL_cable-management-195070102_01-300x153.jpg\"><\/h3>\n<ul>\n<li>Auf Standard 19\u201d-Racks und Schr\u00e4nken montierbar<\/li>\n<li>Entspricht den EIA\/TIA Vorgaben f\u00fcr Biegeradien<\/li>\n<li>Verhindert Kabelgewirr<\/li>\n<li>Einfache Installation, leichtes Gewicht<\/li>\n<li>4x Befestigungsschrauben (M5x12, schwarz)<\/li>\n<li>RoHS konform<\/li>\n<\/ul>\n<h3>BESTELLINFORMATION:<\/h3>\n<p>Art.Nr.&nbsp; &nbsp; &nbsp; &nbsp; &nbsp; &nbsp; &nbsp; &nbsp; 195020102<br>\nBeschreibung&nbsp; &nbsp; Premium Line 19\u201d Kabelmanagement, 1U, Metalplatte mit Kunststoffhalter,<br>\nschwarz<br>\nVerpackung&nbsp; &nbsp; &nbsp;1 Stk\/Box, 50Stk\/Karton<br>\nKartongr\u00f6\u00dfe&nbsp; &nbsp; 52x49x47cm; Gewicht brutto 21.3 kg, netto 20.4 kg<\/p>\n","protected":false},"featured_media":8279,"template":"","product_category":[162],"class_list":["post-3212","product","type-product","status-publish","has-post-thumbnail","hentry","product_category-cabinets-de"],"yoast_head":"<!-- This site is optimized with the Yoast SEO plugin v27.2 - https:\/\/yoast.com\/product\/yoast-seo-wordpress\/ -->\n<title>Premium-Line Cable Management<\/title>\n<meta name=\"description\" content=\"Premium-Line Cable Management Duct Type is 19\u201d standard rack and cabinet mountable. Read more!\" \/>\n<meta name=\"robots\" content=\"index, follow, max-snippet:-1, max-image-preview:large, max-video-preview:-1\" \/>\n<link rel=\"canonical\" href=\"https:\/\/premiumline-cabling.com\/de\/product\/cable-management\/\" \/>\n<meta property=\"og:locale\" content=\"de_DE\" \/>\n<meta property=\"og:type\" content=\"article\" \/>\n<meta property=\"og:title\" content=\"Premium-Line Cable Management\" \/>\n<meta property=\"og:description\" content=\"Premium-Line Cable Management Duct Type is 19\u201d standard rack and cabinet mountable. Read more!\" \/>\n<meta property=\"og:url\" content=\"https:\/\/premiumline-cabling.com\/de\/product\/cable-management\/\" \/>\n<meta property=\"og:site_name\" content=\"Premium-Line\" \/>\n<meta property=\"article:modified_time\" content=\"2022-05-30T12:35:16+00:00\" \/>\n<meta property=\"og:image\" content=\"https:\/\/premiumline-cabling.com\/wp-content\/uploads\/2019\/02\/img_PL_cable-management-195010102_01_1.jpg\" \/>\n\t<meta property=\"og:image:width\" content=\"283\" \/>\n\t<meta property=\"og:image:height\" content=\"220\" \/>\n\t<meta property=\"og:image:type\" content=\"image\/jpeg\" \/>\n<meta name=\"twitter:card\" content=\"summary_large_image\" \/>\n<meta name=\"twitter:label1\" content=\"Gesch\u00e4tzte Lesezeit\" \/>\n\t<meta name=\"twitter:data1\" content=\"2\u00a0Minuten\" \/>\n<script type=\"application\/ld+json\" class=\"yoast-schema-graph\">{\"@context\":\"https:\/\/schema.org\",\"@graph\":[{\"@type\":\"WebPage\",\"@id\":\"https:\/\/premiumline-cabling.com\/de\/product\/cable-management\/\",\"url\":\"https:\/\/premiumline-cabling.com\/de\/product\/cable-management\/\",\"name\":\"Premium-Line Cable Management\",\"isPartOf\":{\"@id\":\"https:\/\/premiumline-cabling.com\/#website\"},\"primaryImageOfPage\":{\"@id\":\"https:\/\/premiumline-cabling.com\/de\/product\/cable-management\/#primaryimage\"},\"image\":{\"@id\":\"https:\/\/premiumline-cabling.com\/de\/product\/cable-management\/#primaryimage\"},\"thumbnailUrl\":\"https:\/\/premiumline-cabling.com\/wp-content\/uploads\/2019\/02\/img_PL_cable-management-195010102_01_1.jpg\",\"datePublished\":\"2019-02-03T21:34:33+00:00\",\"dateModified\":\"2022-05-30T12:35:16+00:00\",\"description\":\"Premium-Line Cable Management Duct Type is 19\u201d standard rack and cabinet mountable. Read more!\",\"breadcrumb\":{\"@id\":\"https:\/\/premiumline-cabling.com\/de\/product\/cable-management\/#breadcrumb\"},\"inLanguage\":\"de\",\"potentialAction\":[{\"@type\":\"ReadAction\",\"target\":[\"https:\/\/premiumline-cabling.com\/de\/product\/cable-management\/\"]}]},{\"@type\":\"ImageObject\",\"inLanguage\":\"de\",\"@id\":\"https:\/\/premiumline-cabling.com\/de\/product\/cable-management\/#primaryimage\",\"url\":\"https:\/\/premiumline-cabling.com\/wp-content\/uploads\/2019\/02\/img_PL_cable-management-195010102_01_1.jpg\",\"contentUrl\":\"https:\/\/premiumline-cabling.com\/wp-content\/uploads\/2019\/02\/img_PL_cable-management-195010102_01_1.jpg\",\"width\":283,\"height\":220},{\"@type\":\"BreadcrumbList\",\"@id\":\"https:\/\/premiumline-cabling.com\/de\/product\/cable-management\/#breadcrumb\",\"itemListElement\":[{\"@type\":\"ListItem\",\"position\":1,\"name\":\"\u0413\u043b\u0430\u0432\u043d\u0430\u044f \u0441\u0442\u0440\u0430\u043d\u0438\u0446\u0430\",\"item\":\"https:\/\/premiumline-cabling.com\/de\/\"},{\"@type\":\"ListItem\",\"position\":2,\"name\":\"Kabelmanagement\"}]},{\"@type\":\"WebSite\",\"@id\":\"https:\/\/premiumline-cabling.com\/#website\",\"url\":\"https:\/\/premiumline-cabling.com\/\",\"name\":\"Premium-Line\",\"description\":\"Structured Cabling System\",\"publisher\":{\"@id\":\"https:\/\/premiumline-cabling.com\/#organization\"},\"potentialAction\":[{\"@type\":\"SearchAction\",\"target\":{\"@type\":\"EntryPoint\",\"urlTemplate\":\"https:\/\/premiumline-cabling.com\/?s={search_term_string}\"},\"query-input\":{\"@type\":\"PropertyValueSpecification\",\"valueRequired\":true,\"valueName\":\"search_term_string\"}}],\"inLanguage\":\"de\"},{\"@type\":\"Organization\",\"@id\":\"https:\/\/premiumline-cabling.com\/#organization\",\"name\":\"Premium-Line\",\"url\":\"https:\/\/premiumline-cabling.com\/\",\"logo\":{\"@type\":\"ImageObject\",\"inLanguage\":\"de\",\"@id\":\"https:\/\/premiumline-cabling.com\/#\/schema\/logo\/image\/\",\"url\":\"https:\/\/premiumline-cabling.com\/wp-content\/uploads\/2019\/04\/cropped-img_logo_site_Premium-Line.png\",\"contentUrl\":\"https:\/\/premiumline-cabling.com\/wp-content\/uploads\/2019\/04\/cropped-img_logo_site_Premium-Line.png\",\"width\":190,\"height\":62,\"caption\":\"Premium-Line\"},\"image\":{\"@id\":\"https:\/\/premiumline-cabling.com\/#\/schema\/logo\/image\/\"}}]}<\/script>\n<!-- \/ Yoast SEO plugin. -->","yoast_head_json":{"title":"Premium-Line Cable Management","description":"Premium-Line Cable Management Duct Type is 19\u201d standard rack and cabinet mountable. Read more!","robots":{"index":"index","follow":"follow","max-snippet":"max-snippet:-1","max-image-preview":"max-image-preview:large","max-video-preview":"max-video-preview:-1"},"canonical":"https:\/\/premiumline-cabling.com\/de\/product\/cable-management\/","og_locale":"de_DE","og_type":"article","og_title":"Premium-Line Cable Management","og_description":"Premium-Line Cable Management Duct Type is 19\u201d standard rack and cabinet mountable. Read more!","og_url":"https:\/\/premiumline-cabling.com\/de\/product\/cable-management\/","og_site_name":"Premium-Line","article_modified_time":"2022-05-30T12:35:16+00:00","og_image":[{"width":283,"height":220,"url":"https:\/\/premiumline-cabling.com\/wp-content\/uploads\/2019\/02\/img_PL_cable-management-195010102_01_1.jpg","type":"image\/jpeg"}],"twitter_card":"summary_large_image","twitter_misc":{"Gesch\u00e4tzte Lesezeit":"2\u00a0Minuten"},"schema":{"@context":"https:\/\/schema.org","@graph":[{"@type":"WebPage","@id":"https:\/\/premiumline-cabling.com\/de\/product\/cable-management\/","url":"https:\/\/premiumline-cabling.com\/de\/product\/cable-management\/","name":"Premium-Line Cable Management","isPartOf":{"@id":"https:\/\/premiumline-cabling.com\/#website"},"primaryImageOfPage":{"@id":"https:\/\/premiumline-cabling.com\/de\/product\/cable-management\/#primaryimage"},"image":{"@id":"https:\/\/premiumline-cabling.com\/de\/product\/cable-management\/#primaryimage"},"thumbnailUrl":"https:\/\/premiumline-cabling.com\/wp-content\/uploads\/2019\/02\/img_PL_cable-management-195010102_01_1.jpg","datePublished":"2019-02-03T21:34:33+00:00","dateModified":"2022-05-30T12:35:16+00:00","description":"Premium-Line Cable Management Duct Type is 19\u201d standard rack and cabinet mountable. Read more!","breadcrumb":{"@id":"https:\/\/premiumline-cabling.com\/de\/product\/cable-management\/#breadcrumb"},"inLanguage":"de","potentialAction":[{"@type":"ReadAction","target":["https:\/\/premiumline-cabling.com\/de\/product\/cable-management\/"]}]},{"@type":"ImageObject","inLanguage":"de","@id":"https:\/\/premiumline-cabling.com\/de\/product\/cable-management\/#primaryimage","url":"https:\/\/premiumline-cabling.com\/wp-content\/uploads\/2019\/02\/img_PL_cable-management-195010102_01_1.jpg","contentUrl":"https:\/\/premiumline-cabling.com\/wp-content\/uploads\/2019\/02\/img_PL_cable-management-195010102_01_1.jpg","width":283,"height":220},{"@type":"BreadcrumbList","@id":"https:\/\/premiumline-cabling.com\/de\/product\/cable-management\/#breadcrumb","itemListElement":[{"@type":"ListItem","position":1,"name":"\u0413\u043b\u0430\u0432\u043d\u0430\u044f \u0441\u0442\u0440\u0430\u043d\u0438\u0446\u0430","item":"https:\/\/premiumline-cabling.com\/de\/"},{"@type":"ListItem","position":2,"name":"Kabelmanagement"}]},{"@type":"WebSite","@id":"https:\/\/premiumline-cabling.com\/#website","url":"https:\/\/premiumline-cabling.com\/","name":"Premium-Line","description":"Structured Cabling System","publisher":{"@id":"https:\/\/premiumline-cabling.com\/#organization"},"potentialAction":[{"@type":"SearchAction","target":{"@type":"EntryPoint","urlTemplate":"https:\/\/premiumline-cabling.com\/?s={search_term_string}"},"query-input":{"@type":"PropertyValueSpecification","valueRequired":true,"valueName":"search_term_string"}}],"inLanguage":"de"},{"@type":"Organization","@id":"https:\/\/premiumline-cabling.com\/#organization","name":"Premium-Line","url":"https:\/\/premiumline-cabling.com\/","logo":{"@type":"ImageObject","inLanguage":"de","@id":"https:\/\/premiumline-cabling.com\/#\/schema\/logo\/image\/","url":"https:\/\/premiumline-cabling.com\/wp-content\/uploads\/2019\/04\/cropped-img_logo_site_Premium-Line.png","contentUrl":"https:\/\/premiumline-cabling.com\/wp-content\/uploads\/2019\/04\/cropped-img_logo_site_Premium-Line.png","width":190,"height":62,"caption":"Premium-Line"},"image":{"@id":"https:\/\/premiumline-cabling.com\/#\/schema\/logo\/image\/"}}]}},"_links":{"self":[{"href":"https:\/\/premiumline-cabling.com\/de\/wp-json\/wp\/v2\/product\/3212","targetHints":{"allow":["GET"]}}],"collection":[{"href":"https:\/\/premiumline-cabling.com\/de\/wp-json\/wp\/v2\/product"}],"about":[{"href":"https:\/\/premiumline-cabling.com\/de\/wp-json\/wp\/v2\/types\/product"}],"wp:featuredmedia":[{"embeddable":true,"href":"https:\/\/premiumline-cabling.com\/de\/wp-json\/wp\/v2\/media\/8279"}],"wp:attachment":[{"href":"https:\/\/premiumline-cabling.com\/de\/wp-json\/wp\/v2\/media?parent=3212"}],"wp:term":[{"taxonomy":"product_category","embeddable":true,"href":"https:\/\/premiumline-cabling.com\/de\/wp-json\/wp\/v2\/product_category?post=3212"}],"curies":[{"name":"wp","href":"https:\/\/api.w.org\/{rel}","templated":true}]}}